{"id":10464,"date":"2025-02-27T07:42:05","date_gmt":"2025-02-27T07:42:05","guid":{"rendered":"https:\/\/www.mazam.eu\/?page_id=10464"},"modified":"2025-02-27T15:04:39","modified_gmt":"2025-02-27T15:04:39","slug":"mootorratta-kinnitusrihm-35mm","status":"publish","type":"page","link":"https:\/\/www.mazam.eu\/ru\/tooted\/mootorratta-kinnitusrihm-35mm\/","title":{"rendered":"mootorratta kinnitusrihm 35mm"},"content":{"rendered":"<div class='epvc-post-count'><span class='epvc-eye'><\/span>  <span class=\"epvc-count\"> 91<\/span><span class='epvc-label'> \u043f\u0440\u043e\u0441\u043c\u043e\u0442\u0440<\/span><\/div><p><span style=\"color: #ffffff;\">mootorratta kinnitusrihm 35mm<\/span><br \/>\n<strong>Kasutus &#8211; Mootorrataste turvaliseks kinni hoidmiseks transpordi ajal veoautos v\u00f5i treileril.<br \/>\n\u041c\u0430\u0442\u0435\u0440\u0438\u0430\u043b - \u0432\u044b\u0441\u043e\u043a\u043e\u043a\u0430\u0447\u0435\u0441\u0442\u0432\u0435\u043d\u043d\u044b\u0439 \u043f\u043e\u043b\u0438\u044d\u0441\u0442\u0435\u0440. \u042d\u0442\u043e\u0442 \u043c\u0430\u0442\u0435\u0440\u0438\u0430\u043b \u043f\u043e\u043b\u0443\u0432\u043e\u0434\u043e\u0441\u0442\u043e\u0439\u043a\u0438\u0439, \u0432\u043f\u0438\u0442\u044b\u0432\u0430\u0435\u0442 \u043e\u0447\u0435\u043d\u044c \u043c\u0430\u043b\u043e \u0432\u043e\u0434\u044b, \u0447\u0442\u043e\u0431\u044b \u043f\u0440\u0435\u0434\u043e\u0442\u0432\u0440\u0430\u0442\u0438\u0442\u044c \u043f\u043e\u044f\u0432\u043b\u0435\u043d\u0438\u0435 \u043f\u043b\u0435\u0441\u0435\u043d\u0438.<br \/>\n\u0414\u043e\u0441\u0442\u0430\u0442\u043e\u0447\u043d\u043e \u043f\u0440\u043e\u0447\u043d\u044b\u0439, \u043d\u043e \u0434\u043e\u0441\u0442\u0430\u0442\u043e\u0447\u043d\u043e \u043c\u044f\u0433\u043a\u0438\u0439, \u0447\u0442\u043e\u0431\u044b \u0438\u0437 \u043d\u0435\u0433\u043e \u043c\u043e\u0436\u043d\u043e \u0431\u044b\u043b\u043e \u0438\u0437\u0433\u043e\u0442\u043e\u0432\u0438\u0442\u044c (\u0441\u0448\u0438\u0442\u044c) \u0441\u0442\u044f\u0436\u043d\u044b\u0435 \u0440\u0435\u043c\u043d\u0438.<br \/>\n<span style=\"color: #0000ff;\">Metallist &#8220;hammastega&#8221; pannal ja 8mm karabiinidega 2-osaline kinnitusrihm 35mm lindiga.<\/span><br \/>\nRihma kinnitades tuleb kinnitusrihma lint metallpandla \u201chammastest\u201d alt \u00fclesse l\u00e4bi panna.<br \/>\n<span style=\"color: #333333;\">\u0414\u043e\u043f\u0443\u0441\u0442\u0438\u043c\u0430\u044f \u0442\u0435\u043c\u043f\u0435\u0440\u0430\u0442\u0443\u0440\u0430 \u043e\u0442 -40\u00b0C \u0434\u043e +100\u00b0C<br \/>\n\u0421\u0442\u0430\u043d\u0434\u0430\u0440\u0442: EN 12195-2<\/span><br \/>\n\u041f\u0440\u043e\u0434\u0443\u043a\u0442 \u0438\u043c\u0435\u0435\u0442 \u0441\u0435\u0440\u0442\u0438\u0444\u0438\u043a\u0430\u0442.<br \/>\n<\/strong><em><strong>\u2014<br \/>\n\u041d\u0430\u0436\u043c\u0438\u0442\u0435 \u043d\u0430 \u0438\u0437\u043e\u0431\u0440\u0430\u0436\u0435\u043d\u0438\u0435, \u0447\u0442\u043e\u0431\u044b \u0443\u0432\u0438\u0434\u0435\u0442\u044c \u0442\u043e\u0432\u0430\u0440 \u0432 \u0443\u0432\u0435\u043b\u0438\u0447\u0435\u043d\u043d\u043e\u043c \u0440\u0430\u0437\u043c\u0435\u0440\u0435.<\/strong><\/em><\/p>\n<figure id=\"attachment_10465\" aria-describedby=\"caption-attachment-10465\" style=\"width: 200px\" class=\"wp-caption alignnone\"><a href=\"https:\/\/www.mazam.eu\/wp-content\/uploads\/2025\/02\/mootorratta-kinnitusrihm-35mm-\u0421\u0442\u044f\u0436\u043d\u043e\u0439-\u0440\u0435\u043c\u0435\u043d\u044c-\u0434\u043b\u044f-\u043c\u043e\u0442\u043e\u0446\u0438\u043a\u043b\u0430-lashing-strap-for-motorcycl-suur.jpg\" target=\"_blank\" rel=\"noopener\"><img loading=\"lazy\" decoding=\"async\" class=\"wp-image-10465 size-full\" src=\"https:\/\/www.mazam.eu\/wp-content\/uploads\/2025\/02\/mootorratta-kinnitusrihm-35mm-\u0421\u0442\u044f\u0436\u043d\u043e\u0439-\u0440\u0435\u043c\u0435\u043d\u044c-\u0434\u043b\u044f-\u043c\u043e\u0442\u043e\u0446\u0438\u043a\u043b\u0430-lashing-strap-for-motorcycl-avatar.jpg\" alt=\"mootorratta kinnitusrihm 35mm\" width=\"200\" height=\"150\" data-id=\"10465\" \/><\/a><figcaption id=\"caption-attachment-10465\" class=\"wp-caption-text\">mootorratta kinnitusrihm 35mm<\/figcaption><\/figure>\n<p><span style=\"text-decoration: underline; color: #ff6600;\"><strong>\u0414\u0430\u043d\u043d\u044b\u0435:<br \/>\n<\/strong><\/span><\/p>\n<table width=\"522\">\n<tbody>\n<tr>\n<td style=\"text-align: center;\" width=\"288\"><strong>\u0420\u0430\u0431\u043e\u0447\u0430\u044f \u043d\u0430\u0433\u0440\u0443\u0437\u043a\u0430<\/strong><\/td>\n<td style=\"text-align: center;\" width=\"234\">600\u043a\u0433<\/td>\n<\/tr>\n<tr>\n<td style=\"text-align: center;\" width=\"288\"><strong>\u0428\u0438\u0440\u0438\u043d\u0430 \u0440\u0435\u043c\u043d\u044f<\/strong><\/td>\n<td style=\"text-align: center;\" width=\"234\">35\u043c\u043c<\/td>\n<\/tr>\n<tr>\n<td style=\"text-align: center;\" width=\"288\"><strong>\u0414\u043b\u0438\u043d\u0430 \u0447\u0430\u0441\u0442\u0438 \u043f\u043b\u043e\u0441\u043a\u043e\u0433\u0443\u0431\u0446\u0435\u0432 + \u0434\u043b\u0438\u043d\u0430 \u0440\u0430\u0431\u043e\u0447\u0435\u0439 \u0447\u0430\u0441\u0442\u0438<\/strong><\/td>\n<td style=\"text-align: center;\" width=\"234\">0,5m + 1,5m<\/td>\n<\/tr>\n<tr>\n<td style=\"text-align: center;\" width=\"288\"><strong>\u041c\u0430\u0442\u0435\u0440\u0438\u0430\u043b \u0440\u0435\u043c\u043d\u044f<\/strong><\/td>\n<td style=\"text-align: center;\" width=\"234\">\u043f\u043e\u043b\u0438\u044d\u0441\u0442\u0435\u0440<\/td>\n<\/tr>\n<tr>\n<td style=\"text-align: center;\" width=\"288\"><strong>\u0426\u0432\u0435\u0442<\/strong><\/td>\n<td style=\"text-align: center;\" width=\"234\">\u043e\u0440\u0430\u043d\u0436\u0435\u0432\u044b\u0439<\/td>\n<\/tr>\n<tr>\n<td style=\"text-align: center;\" width=\"288\"><strong>\u0412\u0435\u0441<\/strong><\/td>\n<td style=\"text-align: center;\" width=\"234\">1,5\u043a\u0433<\/td>\n<\/tr>\n<\/tbody>\n<\/table>\n<p><span style=\"color: #0000ff;\"><strong>P\u00e4ringut esitades kirjutage soovitud koormarihmade kogus ka.<br \/>\n<\/strong><\/span><span style=\"color: #ffffff;\"><span style=\"color: #0000ff;\"><strong><span style=\"color: #0000ff;\">\u041f\u043e \u0436\u0435\u043b\u0430\u043d\u0438\u044e \u043a\u043b\u0438\u0435\u043d\u0442\u0430 \u043c\u044b \u043c\u043e\u0436\u0435\u043c \u0438\u0437\u0433\u043e\u0442\u043e\u0432\u0438\u0442\u044c \u0441\u0442\u044f\u0436\u043d\u043e\u0439 \u0440\u0435\u043c\u0435\u043d\u044c \u0438\u043c\u0435\u043d\u043d\u043e \u0442\u043e\u0439 \u0434\u043b\u0438\u043d\u044b, \u043a\u043e\u0442\u043e\u0440\u0430\u044f \u043d\u0435\u043e\u0431\u0445\u043e\u0434\u0438\u043c\u0430.\u00a0<\/span><em><br \/>\n<span style=\"color: #333333;\">\u2014<\/span><br \/>\n<\/em><span style=\"color: #333333;\"><em>\u0415\u0441\u043b\u0438 \u0442\u0440\u0435\u0431\u0443\u0435\u0442\u0441\u044f \u0442\u043e\u043b\u044c\u043a\u043e \u043c\u0430\u0442\u0435\u0440\u0438\u0430\u043b \u0440\u0435\u043c\u0435\u043d\u044f, \u0442\u043e \u043f\u0440\u0438 \u043e\u0444\u043e\u0440\u043c\u043b\u0435\u043d\u0438\u0438 \u0437\u0430\u043f\u0440\u043e\u0441\u0430 \u0443\u043a\u0430\u0436\u0438\u0442\u0435 \u0434\u043b\u0438\u043d\u0443 \u0440\u0435\u043c\u0435\u043d\u044f.<\/em><\/span><\/strong><\/span><br \/>\n\u043d\u0430\u0442\u044f\u0436\u0438\u0442\u0435\u043b\u044c \u0433\u0440\u0443\u0437\u043e\u0432\u044b\u0435 \u0440\u0435\u043c\u043d\u0438 \u0433\u0440\u0443\u0437\u043e\u0432\u044b\u0435 \u0440\u0435\u043c\u043d\u0438 \u0433\u0440\u0443\u0437\u043e\u0432\u044b\u0435 \u0440\u0435\u043c\u043d\u0438 \u0433\u0440\u0443\u0437\u043e\u0432\u044b\u0435 \u0440\u0435\u043c\u043d\u0438 \u0433\u0440\u0443\u0437\u043e\u0432\u044b\u0435 \u0440\u0435\u043c\u043d\u0438 \u0433\u0440\u0443\u0437\u043e\u0432\u044b\u0435 \u0440\u0435\u043c\u043d\u0438 \u0433\u0440\u0443\u0437\u043e\u0432\u044b\u0435 \u0440\u0435\u043c\u043d\u0438 \u0433\u0440\u0443\u0437\u043e\u0432\u044b\u0435 \u0440\u0435\u043c\u043d\u0438 \u043a\u0440\u0435\u043f\u043b\u0435\u043d\u0438\u044f \u0440\u0435\u043c\u043d\u0438 \u043a\u0440\u0435\u043f\u043b\u0435\u043d\u0438\u044f \u0438\u043d\u0441\u0442\u0440\u0443\u043c\u0435\u043d\u0442\u044b \u0433\u0440\u0443\u0437\u043e\u0432\u044b\u0435 \u0440\u0435\u043c\u043d\u0438 \u043f\u0440\u043e\u0438\u0437\u0432\u043e\u0434\u0441\u0442\u0432\u043e \u0433\u0440\u0443\u0437\u043e\u0432\u044b\u0435 \u0440\u0435\u043c\u043d\u0438<br \/>\n\u0433\u0440\u0443\u0437\u043e\u0432\u044b\u0435 \u0440\u0435\u043c\u043d\u0438 \u0446\u0435\u043d\u0430 \u0433\u0440\u0443\u0437\u043e\u0432\u044b\u0435 \u0440\u0435\u043c\u043d\u0438 \u043f\u0440\u043e\u0438\u0437\u0432\u043e\u0434\u0441\u0442\u0432\u043e \u0433\u0440\u0443\u0437\u043e\u0432\u044b\u0435 \u0440\u0435\u043c\u043d\u0438 \u043f\u0440\u043e\u0434\u0430\u0436\u0430 \u0433\u0440\u0443\u0437\u043e\u0432\u044b\u0435 \u0440\u0435\u043c\u043d\u0438 \u0430\u0432\u0442\u043e\u0430\u043a\u0441\u0435\u0441\u0441\u0443\u0430\u0440\u044b \u0430\u0432\u0442\u043e\u0437\u0430\u043f\u0447\u0430\u0441\u0442\u0438 \u0430\u0432\u0442\u043e\u0437\u0430\u043f\u0447\u0430\u0441\u0442\u0438 \u0434\u0435\u0448\u0435\u0432\u044b\u0435 \u0433\u0440\u0443\u0437\u043e\u0432\u044b\u0435 \u0440\u0435\u043c\u043d\u0438 \u0434\u0435\u0448\u0435\u0432\u044b\u0435 \u0433\u0440\u0443\u0437\u043e\u0432\u044b\u0435 \u0440\u0435\u043c\u043d\u0438 \u0433\u0440\u0443\u0437\u043e\u0432\u044b\u0435 \u0440\u0435\u043c\u043d\u0438 \u043e\u043f\u0442\u043e\u043c \u0433\u0440\u0443\u0437\u043e\u0432\u043e\u0439 \u0440\u0435\u043c\u0435\u043d\u044c \u0433\u0440\u0443\u0437\u043e\u0432\u044b\u0435 \u0440\u0435\u043c\u043d\u0438 \u043a\u043e\u043e\u0440\u043c\u0430-\u0440\u0435\u043c\u0435\u043d\u044c \u043d\u0430\u0442\u044f\u0436\u0438\u0442\u0435\u043b\u044c \u0433\u0440\u0443\u0437\u043e\u0432\u043e\u0439 \u0440\u0435\u043c\u0435\u043d\u044c \u043a\u043e\u043c\u043f\u043b\u0435\u043a\u0442 \u0433\u0440\u0443\u0437\u043e\u0432\u043e\u0439 \u0440\u0435\u043c\u0435\u043d\u044c \u0433\u0440\u0443\u0437\u043e\u0432\u044b\u0435 \u0440\u0435\u043c\u043d\u0438 \u0433\u0440\u0443\u0437\u043e\u0432\u043e\u0435 \u043e\u0431\u043e\u0440\u0443\u0434\u043e\u0432\u0430\u043d\u0438\u0435 krovini\u0173 tvirtinimo dir\u017eai, kravu nostiprin\u0161anas siksna \u0440\u0435\u043c\u0435\u043d\u044c \u043a\u0440\u0435\u043f\u043b\u0435\u043d\u0438\u044f \u0433\u0440\u0443\u0437\u0430 \u0433\u0440\u0443\u0437\u043e\u0432\u044b\u0435 \u043a\u0440\u0435\u043f\u043b\u0435\u043d\u0438\u044f kuormansidontavy\u00f6 taakkaliina sp\u00e4nnband jekke stropp<br \/>\n\u2014<br \/>\n\u0413\u0440\u0443\u0437\u043e\u0432\u044b\u0435 \u0440\u0435\u043c\u043d\u0438 \u0434\u043b\u044f \u0433\u0440\u0443\u0437\u043e\u0432\u0438\u043a\u043e\u0432 \u041d\u0430\u0442\u044f\u0436\u0438\u0442\u0435\u043b\u044c \u0433\u0440\u0443\u0437\u043e\u0432\u044b\u0445 \u0440\u0435\u043c\u043d\u0435\u0439 \u041b\u0435\u043d\u0442\u0430 \u0434\u043b\u044f \u043a\u0440\u0435\u043f\u043b\u0435\u043d\u0438\u044f \u0433\u0440\u0443\u0437\u043e\u0432\u044b\u0445 \u0440\u0435\u043c\u043d\u0435\u0439 \u0413\u0440\u0443\u0437\u043e\u0432\u043e\u0439 \u0440\u0435\u043c\u0435\u043d\u044c 10\u043c<br \/>\n\u0418\u0441\u043f\u043e\u043b\u044c\u0437\u043e\u0432\u0430\u043d\u0438\u0435 \u0430\u043d\u043a\u0435\u0440\u043d\u043e\u0433\u043e \u0440\u0435\u043c\u043d\u044f \u041f\u0440\u043e\u0434\u0430\u0436\u0430 \u0430\u043d\u043a\u0435\u0440\u043d\u044b\u0445 \u0440\u0435\u043c\u043d\u0435\u0439 \u041a\u0440\u0435\u043f\u043b\u0435\u043d\u0438\u0435 \u0430\u043d\u043a\u0435\u0440\u043d\u043e\u0433\u043e \u0440\u0435\u043c\u043d\u044f<br \/>\n<\/span><\/p>","protected":false},"excerpt":{"rendered":"<p>91 vaatamistmootorratta kinnitusrihm 35mm Kasutus &#8211; Mootorrataste turvaliseks kinni hoidmiseks transpordi ajal veoautos v\u00f5i treileril. Materjal on kvaliteetne pol\u00fcester. See materjal on poolveekindel, imades v\u00e4ga v\u00e4he vett, et v\u00e4ltida hallitust. Piisavalt tugev, kuid parajalt pehme, et temast saaks koormarihmasid toota (\u00f5mmelda). Metallist &#8220;hammastega&#8221; pannal ja 8mm karabiinidega 2-osaline kinnitusrihm 35mm lindiga. Rihma kinnitades tuleb kinnitusrihma&#8230;<\/p>","protected":false},"author":1,"featured_media":0,"parent":5,"menu_order":0,"comment_status":"closed","ping_status":"closed","template":"","meta":{"_uf_show_specific_survey":0,"_uf_disable_surveys":false,"iawp_total_views":29,"footnotes":""},"class_list":["post-10464","page","type-page","status-publish","hentry"],"yoast_head":"<!-- This site is optimized with the Yoast SEO plugin v27.5 - https:\/\/yoast.com\/product\/yoast-seo-wordpress\/ -->\n<title>Mootorratta kinnitusrihm 35mm - Mazam O\u00dc<\/title>\n<meta name=\"description\" content=\"Mootorratta kinnitusrihm 35mm - Mootorrataste turvaliseks kinni hoidmiseks transpordi ajal veoautos v\u00f5i treileril. Materjal on..\" \/>\n<meta name=\"robots\" content=\"index, follow, max-snippet:-1, max-image-preview:large, max-video-preview:-1\" \/>\n<link rel=\"canonical\" href=\"https:\/\/www.mazam.eu\/ru\/produkty\/mootorratta-kinnitusrihm-35mm\/\" \/>\n<meta property=\"og:locale\" content=\"ru_RU\" \/>\n<meta property=\"og:type\" content=\"article\" \/>\n<meta property=\"og:title\" content=\"Mootorratta kinnitusrihm 35mm - Mazam O\u00dc\" \/>\n<meta property=\"og:description\" content=\"Mootorratta kinnitusrihm 35mm - Mootorrataste turvaliseks kinni hoidmiseks transpordi ajal veoautos v\u00f5i treileril. Materjal on..\" \/>\n<meta property=\"og:url\" content=\"https:\/\/www.mazam.eu\/ru\/produkty\/mootorratta-kinnitusrihm-35mm\/\" \/>\n<meta property=\"og:site_name\" content=\"Mazam O&Uuml; | T&otilde;ste- ja koormakinnitusvahendite tootmine ja m&uuml;&uuml;k (2014 - 2026) - linttropp &bull; koormarihm &bull; ringt&otilde;stev&ouml;&ouml; &bull; terastross &bull; kett-tropp &bull; vints &bull; t&otilde;stemagnet jpm.\" \/>\n<meta property=\"article:modified_time\" content=\"2025-02-27T15:04:39+00:00\" \/>\n<meta name=\"twitter:card\" content=\"summary_large_image\" \/>\n<meta name=\"twitter:label1\" content=\"\u041f\u0440\u0438\u043c\u0435\u0440\u043d\u043e\u0435 \u0432\u0440\u0435\u043c\u044f \u0434\u043b\u044f \u0447\u0442\u0435\u043d\u0438\u044f\" \/>\n\t<meta name=\"twitter:data1\" content=\"2 \u043c\u0438\u043d\u0443\u0442\u044b\" \/>\n<script type=\"application\/ld+json\" class=\"yoast-schema-graph\">{\"@context\":\"https:\\\/\\\/schema.org\",\"@graph\":[{\"@type\":\"WebPage\",\"@id\":\"https:\\\/\\\/www.mazam.eu\\\/tooted\\\/mootorratta-kinnitusrihm-35mm\\\/\",\"url\":\"https:\\\/\\\/www.mazam.eu\\\/tooted\\\/mootorratta-kinnitusrihm-35mm\\\/\",\"name\":\"Mootorratta kinnitusrihm 35mm - Mazam O\u00dc\",\"isPartOf\":{\"@id\":\"https:\\\/\\\/www.mazam.eu\\\/#website\"},\"datePublished\":\"2025-02-27T07:42:05+00:00\",\"dateModified\":\"2025-02-27T15:04:39+00:00\",\"description\":\"Mootorratta kinnitusrihm 35mm - Mootorrataste turvaliseks kinni hoidmiseks transpordi ajal veoautos v\u00f5i treileril. Materjal on..\",\"breadcrumb\":{\"@id\":\"https:\\\/\\\/www.mazam.eu\\\/tooted\\\/mootorratta-kinnitusrihm-35mm\\\/#breadcrumb\"},\"inLanguage\":\"ru-RU\",\"potentialAction\":[{\"@type\":\"ReadAction\",\"target\":[\"https:\\\/\\\/www.mazam.eu\\\/tooted\\\/mootorratta-kinnitusrihm-35mm\\\/\"]}]},{\"@type\":\"BreadcrumbList\",\"@id\":\"https:\\\/\\\/www.mazam.eu\\\/tooted\\\/mootorratta-kinnitusrihm-35mm\\\/#breadcrumb\",\"itemListElement\":[{\"@type\":\"ListItem\",\"position\":1,\"name\":\"Home\",\"item\":\"https:\\\/\\\/www.mazam.eu\\\/\"},{\"@type\":\"ListItem\",\"position\":2,\"name\":\"Tooted\",\"item\":\"https:\\\/\\\/www.mazam.eu\\\/tooted\\\/\"},{\"@type\":\"ListItem\",\"position\":3,\"name\":\"mootorratta kinnitusrihm 35mm\"}]},{\"@type\":\"WebSite\",\"@id\":\"https:\\\/\\\/www.mazam.eu\\\/#website\",\"url\":\"https:\\\/\\\/www.mazam.eu\\\/\",\"name\":\"Mazam O&Uuml; | T&otilde;ste- ja koormakinnitusvahendite tootmine ja m&uuml;&uuml;k (2014 - 2026) - linttropp &bull; koormarihm &bull; ringt&otilde;stev&ouml;&ouml; &bull; terastross &bull; kett-tropp &bull; vints &bull; t&otilde;stemagnet jpm.\",\"description\":\"T&otilde;ste- ja kinnituslahendused | Lifting- and lashing solutions\",\"publisher\":{\"@id\":\"https:\\\/\\\/www.mazam.eu\\\/#organization\"},\"potentialAction\":[{\"@type\":\"SearchAction\",\"target\":{\"@type\":\"EntryPoint\",\"urlTemplate\":\"https:\\\/\\\/www.mazam.eu\\\/?s={search_term_string}\"},\"query-input\":{\"@type\":\"PropertyValueSpecification\",\"valueRequired\":true,\"valueName\":\"search_term_string\"}}],\"inLanguage\":\"ru-RU\"},{\"@type\":\"Organization\",\"@id\":\"https:\\\/\\\/www.mazam.eu\\\/#organization\",\"name\":\"Mazam O\u00dc\",\"url\":\"https:\\\/\\\/www.mazam.eu\\\/\",\"logo\":{\"@type\":\"ImageObject\",\"inLanguage\":\"ru-RU\",\"@id\":\"https:\\\/\\\/www.mazam.eu\\\/#\\\/schema\\\/logo\\\/image\\\/\",\"url\":\"https:\\\/\\\/www.mazam.eu\\\/wp-content\\\/uploads\\\/2015\\\/10\\\/mazam-logo-linttropp-koormarihm-t\u00f5stev\u00f6\u00f6.png\",\"contentUrl\":\"https:\\\/\\\/www.mazam.eu\\\/wp-content\\\/uploads\\\/2015\\\/10\\\/mazam-logo-linttropp-koormarihm-t\u00f5stev\u00f6\u00f6.png\",\"width\":190,\"height\":70,\"caption\":\"Mazam O\u00dc\"},\"image\":{\"@id\":\"https:\\\/\\\/www.mazam.eu\\\/#\\\/schema\\\/logo\\\/image\\\/\"}}]}<\/script>\n<!-- \/ Yoast SEO plugin. -->","yoast_head_json":{"title":"Mootorratta kinnitusrihm 35mm - Mazam O\u00dc","description":"Mootorratta kinnitusrihm 35mm - Mootorrataste turvaliseks kinni hoidmiseks transpordi ajal veoautos v\u00f5i treileril. Materjal on..","robots":{"index":"index","follow":"follow","max-snippet":"max-snippet:-1","max-image-preview":"max-image-preview:large","max-video-preview":"max-video-preview:-1"},"canonical":"https:\/\/www.mazam.eu\/ru\/produkty\/mootorratta-kinnitusrihm-35mm\/","og_locale":"ru_RU","og_type":"article","og_title":"Mootorratta kinnitusrihm 35mm - Mazam O\u00dc","og_description":"Mootorratta kinnitusrihm 35mm - Mootorrataste turvaliseks kinni hoidmiseks transpordi ajal veoautos v\u00f5i treileril. Materjal on..","og_url":"https:\/\/www.mazam.eu\/ru\/produkty\/mootorratta-kinnitusrihm-35mm\/","og_site_name":"Mazam O&Uuml; | T&otilde;ste- ja koormakinnitusvahendite tootmine ja m&uuml;&uuml;k (2014 - 2026) - linttropp &bull; koormarihm &bull; ringt&otilde;stev&ouml;&ouml; &bull; terastross &bull; kett-tropp &bull; vints &bull; t&otilde;stemagnet jpm.","article_modified_time":"2025-02-27T15:04:39+00:00","twitter_card":"summary_large_image","twitter_misc":{"\u041f\u0440\u0438\u043c\u0435\u0440\u043d\u043e\u0435 \u0432\u0440\u0435\u043c\u044f \u0434\u043b\u044f \u0447\u0442\u0435\u043d\u0438\u044f":"2 \u043c\u0438\u043d\u0443\u0442\u044b"},"schema":{"@context":"https:\/\/schema.org","@graph":[{"@type":"WebPage","@id":"https:\/\/www.mazam.eu\/tooted\/mootorratta-kinnitusrihm-35mm\/","url":"https:\/\/www.mazam.eu\/tooted\/mootorratta-kinnitusrihm-35mm\/","name":"Mootorratta kinnitusrihm 35mm - Mazam O\u00dc","isPartOf":{"@id":"https:\/\/www.mazam.eu\/#website"},"datePublished":"2025-02-27T07:42:05+00:00","dateModified":"2025-02-27T15:04:39+00:00","description":"Mootorratta kinnitusrihm 35mm - Mootorrataste turvaliseks kinni hoidmiseks transpordi ajal veoautos v\u00f5i treileril. Materjal on..","breadcrumb":{"@id":"https:\/\/www.mazam.eu\/tooted\/mootorratta-kinnitusrihm-35mm\/#breadcrumb"},"inLanguage":"ru-RU","potentialAction":[{"@type":"ReadAction","target":["https:\/\/www.mazam.eu\/tooted\/mootorratta-kinnitusrihm-35mm\/"]}]},{"@type":"BreadcrumbList","@id":"https:\/\/www.mazam.eu\/tooted\/mootorratta-kinnitusrihm-35mm\/#breadcrumb","itemListElement":[{"@type":"ListItem","position":1,"name":"Home","item":"https:\/\/www.mazam.eu\/"},{"@type":"ListItem","position":2,"name":"Tooted","item":"https:\/\/www.mazam.eu\/tooted\/"},{"@type":"ListItem","position":3,"name":"mootorratta kinnitusrihm 35mm"}]},{"@type":"WebSite","@id":"https:\/\/www.mazam.eu\/#website","url":"https:\/\/www.mazam.eu\/","name":"Mazam O\u00dc | \u041f\u0440\u043e\u0438\u0437\u0432\u043e\u0434\u0441\u0442\u0432\u043e \u0438 \u043f\u0440\u043e\u0434\u0430\u0436\u0430 \u043f\u043e\u0434\u044a\u0435\u043c\u043d\u043e-\u0442\u0440\u0430\u043d\u0441\u043f\u043e\u0440\u0442\u043d\u043e\u0433\u043e \u043e\u0431\u043e\u0440\u0443\u0434\u043e\u0432\u0430\u043d\u0438\u044f (2014 - 2026) - \u043b\u0438\u043d\u0442\u0440\u0443\u043f\u0430 - \u0433\u0440\u0443\u0437\u043e\u0432\u043e\u0439 \u0440\u0435\u043c\u0435\u043d\u044c - \u0442\u0430\u043b\u0435\u0432\u044b\u0439 \u0440\u0435\u043c\u0435\u043d\u044c - \u0441\u0442\u0430\u043b\u044c\u043d\u043e\u0439 \u043a\u0430\u043d\u0430\u0442 - \u0446\u0435\u043f\u043d\u043e\u0439 \u0442\u0430\u043b\u0440\u0435\u043f - \u043b\u0435\u0431\u0435\u0434\u043a\u0430 - \u043f\u043e\u0434\u044a\u0435\u043c\u043d\u044b\u0439 \u043c\u0430\u0433\u043d\u0438\u0442 \u0438 \u0442.\u0434.","description":"\u0420\u0435\u0448\u0435\u043d\u0438\u044f \u0434\u043b\u044f \u043f\u043e\u0434\u044a\u0435\u043c\u0430 \u0438 \u043a\u0440\u0435\u043f\u043b\u0435\u043d\u0438\u044f | \u0420\u0435\u0448\u0435\u043d\u0438\u044f \u0434\u043b\u044f \u043f\u043e\u0434\u044a\u0435\u043c\u0430 \u0438 \u043a\u0440\u0435\u043f\u043b\u0435\u043d\u0438\u044f","publisher":{"@id":"https:\/\/www.mazam.eu\/#organization"},"potentialAction":[{"@type":"SearchAction","target":{"@type":"EntryPoint","urlTemplate":"https:\/\/www.mazam.eu\/?s={search_term_string}"},"query-input":{"@type":"PropertyValueSpecification","valueRequired":true,"valueName":"search_term_string"}}],"inLanguage":"ru-RU"},{"@type":"Organization","@id":"https:\/\/www.mazam.eu\/#organization","name":"Mazam O\u00dc","url":"https:\/\/www.mazam.eu\/","logo":{"@type":"ImageObject","inLanguage":"ru-RU","@id":"https:\/\/www.mazam.eu\/#\/schema\/logo\/image\/","url":"https:\/\/www.mazam.eu\/wp-content\/uploads\/2015\/10\/mazam-logo-linttropp-koormarihm-t\u00f5stev\u00f6\u00f6.png","contentUrl":"https:\/\/www.mazam.eu\/wp-content\/uploads\/2015\/10\/mazam-logo-linttropp-koormarihm-t\u00f5stev\u00f6\u00f6.png","width":190,"height":70,"caption":"Mazam O\u00dc"},"image":{"@id":"https:\/\/www.mazam.eu\/#\/schema\/logo\/image\/"}}]}},"_links":{"self":[{"href":"https:\/\/www.mazam.eu\/ru\/wp-json\/wp\/v2\/pages\/10464","targetHints":{"allow":["GET"]}}],"collection":[{"href":"https:\/\/www.mazam.eu\/ru\/wp-json\/wp\/v2\/pages"}],"about":[{"href":"https:\/\/www.mazam.eu\/ru\/wp-json\/wp\/v2\/types\/page"}],"author":[{"embeddable":true,"href":"https:\/\/www.mazam.eu\/ru\/wp-json\/wp\/v2\/users\/1"}],"replies":[{"embeddable":true,"href":"https:\/\/www.mazam.eu\/ru\/wp-json\/wp\/v2\/comments?post=10464"}],"version-history":[{"count":2,"href":"https:\/\/www.mazam.eu\/ru\/wp-json\/wp\/v2\/pages\/10464\/revisions"}],"predecessor-version":[{"id":10494,"href":"https:\/\/www.mazam.eu\/ru\/wp-json\/wp\/v2\/pages\/10464\/revisions\/10494"}],"up":[{"embeddable":true,"href":"https:\/\/www.mazam.eu\/ru\/wp-json\/wp\/v2\/pages\/5"}],"wp:attachment":[{"href":"https:\/\/www.mazam.eu\/ru\/wp-json\/wp\/v2\/media?parent=10464"}],"curies":[{"name":"wp","href":"https:\/\/api.w.org\/{rel}","templated":true}]}}