{"id":143,"date":"2015-09-23T15:17:49","date_gmt":"2015-09-23T15:17:49","guid":{"rendered":"http:\/\/www.mazam.eu\/?page_id=143"},"modified":"2026-02-04T14:45:49","modified_gmt":"2026-02-04T14:45:49","slug":"partnery","status":"publish","type":"page","link":"https:\/\/www.mazam.eu\/ru\/partnerid\/","title":{"rendered":"\u041f\u0410\u0420\u0422\u041d\u0415\u0420\u042b"},"content":{"rendered":"<div class='epvc-post-count'><span class='epvc-eye'><\/span>  <span class=\"epvc-count\"> 26&nbsp;012<\/span><span class='epvc-label'> \u043f\u0440\u043e\u0441\u043c\u043e\u0442\u0440<\/span><\/div><p><span style=\"color: #ffffff;\">\u043f\u0430\u0440\u0442\u043d\u0435\u0440\u044b<\/span><\/p>\n<figure id=\"attachment_8333\" aria-describedby=\"caption-attachment-8333\" style=\"width: 500px\" class=\"wp-caption alignnone\"><a href=\"https:\/\/venipak.com\/ee\/tooted-ja-teenused\/ariklientidele\/\" target=\"_blank\" rel=\"noopener\"><img loading=\"lazy\" decoding=\"async\" class=\"wp-image-8333 size-full\" src=\"https:\/\/www.mazam.eu\/wp-content\/uploads\/2024\/12\/venipak-logo.jpg\" alt=\"\u0422\u0440\u0430\u043d\u0441\u043f\u043e\u0440\u0442\" width=\"500\" height=\"107\" data-id=\"8333\" srcset=\"https:\/\/www.mazam.eu\/wp-content\/uploads\/2024\/12\/venipak-logo.jpg 500w, https:\/\/www.mazam.eu\/wp-content\/uploads\/2024\/12\/venipak-logo-300x64.jpg 300w\" sizes=\"auto, (max-width: 500px) 100vw, 500px\" \/><\/a><figcaption id=\"caption-attachment-8333\" class=\"wp-caption-text\">\u0422\u0440\u0430\u043d\u0441\u043f\u043e\u0440\u0442<\/figcaption><\/figure>\n<figure id=\"attachment_2342\" aria-describedby=\"caption-attachment-2342\" style=\"width: 250px\" class=\"wp-caption alignnone\"><a href=\"https:\/\/www.dpd.com\/ee\" target=\"_blank\" rel=\"noopener noreferrer\"><img loading=\"lazy\" decoding=\"async\" class=\"wp-image-2342\" src=\"http:\/\/www.mazam.eu\/wp-content\/uploads\/2015\/09\/DPD-logo-300x134.png\" alt=\"\u0422\u0440\u0430\u043d\u0441\u043f\u043e\u0440\u0442\" width=\"250\" height=\"112\" data-id=\"2342\" \/><\/a><figcaption id=\"caption-attachment-2342\" class=\"wp-caption-text\">\u0422\u0440\u0430\u043d\u0441\u043f\u043e\u0440\u0442<\/figcaption><\/figure>\n<figure id=\"attachment_2785\" aria-describedby=\"caption-attachment-2785\" style=\"width: 324px\" class=\"wp-caption alignnone\"><a href=\"https:\/\/www.dsv.com\/et-ee\/\" target=\"_blank\" rel=\"noopener noreferrer\"><img loading=\"lazy\" decoding=\"async\" class=\"wp-image-2785 size-full\" src=\"https:\/\/www.mazam.eu\/wp-content\/uploads\/2018\/05\/DSV-logo.png\" alt=\"\u0422\u0440\u0430\u043d\u0441\u043f\u043e\u0440\u0442\" width=\"324\" height=\"50\" data-id=\"2785\" srcset=\"https:\/\/www.mazam.eu\/wp-content\/uploads\/2018\/05\/DSV-logo.png 324w, https:\/\/www.mazam.eu\/wp-content\/uploads\/2018\/05\/DSV-logo-300x46.png 300w\" sizes=\"auto, (max-width: 324px) 100vw, 324px\" \/><\/a><figcaption id=\"caption-attachment-2785\" class=\"wp-caption-text\">\u0422\u0440\u0430\u043d\u0441\u043f\u043e\u0440\u0442<\/figcaption><\/figure>\n<figure id=\"attachment_823\" aria-describedby=\"caption-attachment-823\" style=\"width: 359px\" class=\"wp-caption alignnone\"><a href=\"http:\/\/www.e-katedraal.ee\/\" target=\"_blank\" rel=\"noopener noreferrer\"><img loading=\"lazy\" decoding=\"async\" class=\"wp-image-823 size-full\" src=\"http:\/\/www.mazam.eu\/wp-content\/uploads\/2015\/09\/E-katedraal-logo.png\" alt=\"\u041b\u043e\u0433\u043e\u0442\u0438\u043f \u041a\u0430\u0444\u0435\u0434\u0440\u0430\u043b\u044c\u043d\u043e\u0433\u043e \u0441\u043e\u0431\u043e\u0440\u0430\" width=\"359\" height=\"154\" data-id=\"823\" srcset=\"https:\/\/www.mazam.eu\/wp-content\/uploads\/2015\/09\/E-katedraal-logo.png 359w, https:\/\/www.mazam.eu\/wp-content\/uploads\/2015\/09\/E-katedraal-logo-300x129.png 300w\" sizes=\"auto, (max-width: 359px) 100vw, 359px\" \/><\/a><figcaption id=\"caption-attachment-823\" class=\"wp-caption-text\">\u041a\u0443\u0440\u0441\u044b \u043f\u043e\u0434\u044a\u0435\u043c\u0430<\/figcaption><\/figure>\n<figure id=\"attachment_8330\" aria-describedby=\"caption-attachment-8330\" style=\"width: 300px\" class=\"wp-caption alignnone\"><a href=\"https:\/\/themis.ee\/#volamenetlus\" target=\"_blank\" rel=\"noopener\"><img loading=\"lazy\" decoding=\"async\" class=\"wp-image-8330 size-full\" src=\"https:\/\/www.mazam.eu\/wp-content\/uploads\/2024\/12\/themis-oigusburoo-logo.jpg\" alt=\"\u0421 \u0434\u043e\u043b\u0436\u043d\u0438\u043a\u0430\u043c\u0438 \u0437\u0430\u043d\u0438\u043c\u0430\u0435\u0442\u0441\u044f \u044e\u0440\u0438\u0434\u0438\u0447\u0435\u0441\u043a\u043e\u0435 \u0431\u044e\u0440\u043e Themis\" width=\"300\" height=\"97\" data-id=\"8330\" \/><\/a><figcaption id=\"caption-attachment-8330\" class=\"wp-caption-text\">\u0421 \u0434\u043e\u043b\u0436\u043d\u0438\u043a\u0430\u043c\u0438 \u0437\u0430\u043d\u0438\u043c\u0430\u0435\u0442\u0441\u044f \u044e\u0440\u0438\u0434\u0438\u0447\u0435\u0441\u043a\u043e\u0435 \u0431\u044e\u0440\u043e Themis<\/figcaption><\/figure>\n<figure id=\"attachment_6230\" aria-describedby=\"caption-attachment-6230\" style=\"width: 481px\" class=\"wp-caption alignnone\"><a href=\"https:\/\/www.talurit.com\/\" target=\"_blank\" rel=\"noopener\"><img loading=\"lazy\" decoding=\"async\" class=\"wp-image-6230 size-full\" src=\"https:\/\/www.mazam.eu\/wp-content\/uploads\/2021\/05\/Talurit-logo.png\" alt=\"\u0410\u043a\u0441\u0435\u0441\u0441\u0443\u0430\u0440\u044b \u0442\u0440\u043e\u0441\u0430\" width=\"481\" height=\"90\" data-id=\"6230\" srcset=\"https:\/\/www.mazam.eu\/wp-content\/uploads\/2021\/05\/Talurit-logo.png 481w, https:\/\/www.mazam.eu\/wp-content\/uploads\/2021\/05\/Talurit-logo-300x56.png 300w\" sizes=\"auto, (max-width: 481px) 100vw, 481px\" \/><\/a><figcaption id=\"caption-attachment-6230\" class=\"wp-caption-text\">\u0410\u043a\u0441\u0435\u0441\u0441\u0443\u0430\u0440\u044b \u0442\u0440\u043e\u0441\u0430<\/figcaption><\/figure>","protected":false},"excerpt":{"rendered":"<p>26&nbsp;012 vaatamistpartnerid<\/p>","protected":false},"author":1,"featured_media":0,"parent":0,"menu_order":0,"comment_status":"closed","ping_status":"closed","template":"","meta":{"_uf_show_specific_survey":0,"_uf_disable_surveys":false,"iawp_total_views":361,"footnotes":""},"class_list":["post-143","page","type-page","status-publish","hentry"],"yoast_head":"<!-- This site is optimized with the Yoast SEO plugin v27.4 - https:\/\/yoast.com\/product\/yoast-seo-wordpress\/ -->\n<title>PARTNERID - Mazam O\u00dc - tootmine ja m\u00fc\u00fck<\/title>\n<meta name=\"description\" content=\"Mazam O\u00dc partnerid: Venipak, DPD, DSV, DB Schenker, Coats Eesti, Katedraal jne..\" \/>\n<meta name=\"robots\" content=\"index, follow, max-snippet:-1, max-image-preview:large, max-video-preview:-1\" \/>\n<link rel=\"canonical\" href=\"https:\/\/www.mazam.eu\/ru\/partnery\/\" \/>\n<meta property=\"og:locale\" content=\"ru_RU\" \/>\n<meta property=\"og:type\" content=\"article\" \/>\n<meta property=\"og:title\" content=\"PARTNERID - Mazam O\u00dc - tootmine ja m\u00fc\u00fck\" \/>\n<meta property=\"og:description\" content=\"Mazam O\u00dc partnerid: Venipak, DPD, DSV, DB Schenker, Coats Eesti, Katedraal jne..\" \/>\n<meta property=\"og:url\" content=\"https:\/\/www.mazam.eu\/ru\/partnery\/\" \/>\n<meta property=\"og:site_name\" content=\"Mazam O&Uuml; | T&otilde;ste- ja koormakinnitusvahendite tootmine ja m&uuml;&uuml;k (2014 - 2026) - linttropp &bull; koormarihm &bull; ringt&otilde;stev&ouml;&ouml; &bull; terastross &bull; kett-tropp &bull; vints &bull; t&otilde;stemagnet jpm.\" \/>\n<meta property=\"article:modified_time\" content=\"2026-02-04T14:45:49+00:00\" \/>\n<meta property=\"og:image\" content=\"https:\/\/www.mazam.eu\/wp-content\/uploads\/2024\/12\/venipak-logo.jpg\" \/>\n\t<meta property=\"og:image:width\" content=\"500\" \/>\n\t<meta property=\"og:image:height\" content=\"107\" \/>\n\t<meta property=\"og:image:type\" content=\"image\/jpeg\" \/>\n<meta name=\"twitter:card\" content=\"summary_large_image\" \/>\n<meta name=\"twitter:label1\" content=\"\u041f\u0440\u0438\u043c\u0435\u0440\u043d\u043e\u0435 \u0432\u0440\u0435\u043c\u044f \u0434\u043b\u044f \u0447\u0442\u0435\u043d\u0438\u044f\" \/>\n\t<meta name=\"twitter:data1\" content=\"2 \u043c\u0438\u043d\u0443\u0442\u044b\" \/>\n<script type=\"application\/ld+json\" class=\"yoast-schema-graph\">{\"@context\":\"https:\\\/\\\/schema.org\",\"@graph\":[{\"@type\":\"WebPage\",\"@id\":\"https:\\\/\\\/www.mazam.eu\\\/partnerid\\\/\",\"url\":\"https:\\\/\\\/www.mazam.eu\\\/partnerid\\\/\",\"name\":\"PARTNERID - Mazam O\u00dc - tootmine ja m\u00fc\u00fck\",\"isPartOf\":{\"@id\":\"https:\\\/\\\/www.mazam.eu\\\/#website\"},\"primaryImageOfPage\":{\"@id\":\"https:\\\/\\\/www.mazam.eu\\\/partnerid\\\/#primaryimage\"},\"image\":{\"@id\":\"https:\\\/\\\/www.mazam.eu\\\/partnerid\\\/#primaryimage\"},\"thumbnailUrl\":\"https:\\\/\\\/www.mazam.eu\\\/wp-content\\\/uploads\\\/2024\\\/12\\\/venipak-logo.jpg\",\"datePublished\":\"2015-09-23T15:17:49+00:00\",\"dateModified\":\"2026-02-04T14:45:49+00:00\",\"description\":\"Mazam O\u00dc partnerid: Venipak, DPD, DSV, DB Schenker, Coats Eesti, Katedraal jne..\",\"breadcrumb\":{\"@id\":\"https:\\\/\\\/www.mazam.eu\\\/partnerid\\\/#breadcrumb\"},\"inLanguage\":\"ru-RU\",\"potentialAction\":[{\"@type\":\"ReadAction\",\"target\":[\"https:\\\/\\\/www.mazam.eu\\\/partnerid\\\/\"]}]},{\"@type\":\"ImageObject\",\"inLanguage\":\"ru-RU\",\"@id\":\"https:\\\/\\\/www.mazam.eu\\\/partnerid\\\/#primaryimage\",\"url\":\"https:\\\/\\\/www.mazam.eu\\\/wp-content\\\/uploads\\\/2024\\\/12\\\/venipak-logo.jpg\",\"contentUrl\":\"https:\\\/\\\/www.mazam.eu\\\/wp-content\\\/uploads\\\/2024\\\/12\\\/venipak-logo.jpg\"},{\"@type\":\"BreadcrumbList\",\"@id\":\"https:\\\/\\\/www.mazam.eu\\\/partnerid\\\/#breadcrumb\",\"itemListElement\":[{\"@type\":\"ListItem\",\"position\":1,\"name\":\"Home\",\"item\":\"https:\\\/\\\/www.mazam.eu\\\/\"},{\"@type\":\"ListItem\",\"position\":2,\"name\":\"Partnerid\"}]},{\"@type\":\"WebSite\",\"@id\":\"https:\\\/\\\/www.mazam.eu\\\/#website\",\"url\":\"https:\\\/\\\/www.mazam.eu\\\/\",\"name\":\"Mazam O&Uuml; | T&otilde;ste- ja koormakinnitusvahendite tootmine ja m&uuml;&uuml;k (2014 - 2026) - linttropp &bull; koormarihm &bull; ringt&otilde;stev&ouml;&ouml; &bull; terastross &bull; kett-tropp &bull; vints &bull; t&otilde;stemagnet jpm.\",\"description\":\"T&otilde;ste- ja kinnituslahendused | Lifting- and lashing solutions\",\"publisher\":{\"@id\":\"https:\\\/\\\/www.mazam.eu\\\/#organization\"},\"potentialAction\":[{\"@type\":\"SearchAction\",\"target\":{\"@type\":\"EntryPoint\",\"urlTemplate\":\"https:\\\/\\\/www.mazam.eu\\\/?s={search_term_string}\"},\"query-input\":{\"@type\":\"PropertyValueSpecification\",\"valueRequired\":true,\"valueName\":\"search_term_string\"}}],\"inLanguage\":\"ru-RU\"},{\"@type\":\"Organization\",\"@id\":\"https:\\\/\\\/www.mazam.eu\\\/#organization\",\"name\":\"Mazam O\u00dc\",\"url\":\"https:\\\/\\\/www.mazam.eu\\\/\",\"logo\":{\"@type\":\"ImageObject\",\"inLanguage\":\"ru-RU\",\"@id\":\"https:\\\/\\\/www.mazam.eu\\\/#\\\/schema\\\/logo\\\/image\\\/\",\"url\":\"https:\\\/\\\/www.mazam.eu\\\/wp-content\\\/uploads\\\/2015\\\/10\\\/mazam-logo-linttropp-koormarihm-t\u00f5stev\u00f6\u00f6.png\",\"contentUrl\":\"https:\\\/\\\/www.mazam.eu\\\/wp-content\\\/uploads\\\/2015\\\/10\\\/mazam-logo-linttropp-koormarihm-t\u00f5stev\u00f6\u00f6.png\",\"width\":190,\"height\":70,\"caption\":\"Mazam O\u00dc\"},\"image\":{\"@id\":\"https:\\\/\\\/www.mazam.eu\\\/#\\\/schema\\\/logo\\\/image\\\/\"}}]}<\/script>\n<!-- \/ Yoast SEO plugin. -->","yoast_head_json":{"title":"\u041f\u0410\u0420\u0422\u041d\u0415\u0420\u042b - Mazam O\u00dc - \u043f\u0440\u043e\u0438\u0437\u0432\u043e\u0434\u0441\u0442\u0432\u043e \u0438 \u043f\u0440\u043e\u0434\u0430\u0436\u0430","description":"\u041f\u0430\u0440\u0442\u043d\u0435\u0440\u0430\u043c\u0438 Mazam O\u00dc \u044f\u0432\u043b\u044f\u044e\u0442\u0441\u044f Venipak, DPD, DSV, DB Schenker, Coats Estonia, Cathedral \u0438 \u0434\u0440\u0443\u0433\u0438\u0435.","robots":{"index":"index","follow":"follow","max-snippet":"max-snippet:-1","max-image-preview":"max-image-preview:large","max-video-preview":"max-video-preview:-1"},"canonical":"https:\/\/www.mazam.eu\/ru\/partnery\/","og_locale":"ru_RU","og_type":"article","og_title":"PARTNERID - Mazam O\u00dc - tootmine ja m\u00fc\u00fck","og_description":"Mazam O\u00dc partnerid: Venipak, DPD, DSV, DB Schenker, Coats Eesti, Katedraal jne..","og_url":"https:\/\/www.mazam.eu\/ru\/partnery\/","og_site_name":"Mazam O&Uuml; | T&otilde;ste- ja koormakinnitusvahendite tootmine ja m&uuml;&uuml;k (2014 - 2026) - linttropp &bull; koormarihm &bull; ringt&otilde;stev&ouml;&ouml; &bull; terastross &bull; kett-tropp &bull; vints &bull; t&otilde;stemagnet jpm.","article_modified_time":"2026-02-04T14:45:49+00:00","og_image":[{"width":500,"height":107,"url":"https:\/\/www.mazam.eu\/wp-content\/uploads\/2024\/12\/venipak-logo.jpg","type":"image\/jpeg"}],"twitter_card":"summary_large_image","twitter_misc":{"\u041f\u0440\u0438\u043c\u0435\u0440\u043d\u043e\u0435 \u0432\u0440\u0435\u043c\u044f \u0434\u043b\u044f \u0447\u0442\u0435\u043d\u0438\u044f":"2 \u043c\u0438\u043d\u0443\u0442\u044b"},"schema":{"@context":"https:\/\/schema.org","@graph":[{"@type":"WebPage","@id":"https:\/\/www.mazam.eu\/partnerid\/","url":"https:\/\/www.mazam.eu\/partnerid\/","name":"\u041f\u0410\u0420\u0422\u041d\u0415\u0420\u042b - Mazam O\u00dc - \u043f\u0440\u043e\u0438\u0437\u0432\u043e\u0434\u0441\u0442\u0432\u043e \u0438 \u043f\u0440\u043e\u0434\u0430\u0436\u0430","isPartOf":{"@id":"https:\/\/www.mazam.eu\/#website"},"primaryImageOfPage":{"@id":"https:\/\/www.mazam.eu\/partnerid\/#primaryimage"},"image":{"@id":"https:\/\/www.mazam.eu\/partnerid\/#primaryimage"},"thumbnailUrl":"https:\/\/www.mazam.eu\/wp-content\/uploads\/2024\/12\/venipak-logo.jpg","datePublished":"2015-09-23T15:17:49+00:00","dateModified":"2026-02-04T14:45:49+00:00","description":"\u041f\u0430\u0440\u0442\u043d\u0435\u0440\u0430\u043c\u0438 Mazam O\u00dc \u044f\u0432\u043b\u044f\u044e\u0442\u0441\u044f Venipak, DPD, DSV, DB Schenker, Coats Estonia, Cathedral \u0438 \u0434\u0440\u0443\u0433\u0438\u0435.","breadcrumb":{"@id":"https:\/\/www.mazam.eu\/partnerid\/#breadcrumb"},"inLanguage":"ru-RU","potentialAction":[{"@type":"ReadAction","target":["https:\/\/www.mazam.eu\/partnerid\/"]}]},{"@type":"ImageObject","inLanguage":"ru-RU","@id":"https:\/\/www.mazam.eu\/partnerid\/#primaryimage","url":"https:\/\/www.mazam.eu\/wp-content\/uploads\/2024\/12\/venipak-logo.jpg","contentUrl":"https:\/\/www.mazam.eu\/wp-content\/uploads\/2024\/12\/venipak-logo.jpg"},{"@type":"BreadcrumbList","@id":"https:\/\/www.mazam.eu\/partnerid\/#breadcrumb","itemListElement":[{"@type":"ListItem","position":1,"name":"Home","item":"https:\/\/www.mazam.eu\/"},{"@type":"ListItem","position":2,"name":"Partnerid"}]},{"@type":"WebSite","@id":"https:\/\/www.mazam.eu\/#website","url":"https:\/\/www.mazam.eu\/","name":"Mazam O\u00dc | \u041f\u0440\u043e\u0438\u0437\u0432\u043e\u0434\u0441\u0442\u0432\u043e \u0438 \u043f\u0440\u043e\u0434\u0430\u0436\u0430 \u043f\u043e\u0434\u044a\u0435\u043c\u043d\u043e-\u0442\u0440\u0430\u043d\u0441\u043f\u043e\u0440\u0442\u043d\u043e\u0433\u043e \u043e\u0431\u043e\u0440\u0443\u0434\u043e\u0432\u0430\u043d\u0438\u044f (2014 - 2026) - \u043b\u0438\u043d\u0442\u0440\u0443\u043f\u0430 - \u0433\u0440\u0443\u0437\u043e\u0432\u043e\u0439 \u0440\u0435\u043c\u0435\u043d\u044c - \u0442\u0430\u043b\u0435\u0432\u044b\u0439 \u0440\u0435\u043c\u0435\u043d\u044c - \u0441\u0442\u0430\u043b\u044c\u043d\u043e\u0439 \u043a\u0430\u043d\u0430\u0442 - \u0446\u0435\u043f\u043d\u043e\u0439 \u0442\u0430\u043b\u0440\u0435\u043f - \u043b\u0435\u0431\u0435\u0434\u043a\u0430 - \u043f\u043e\u0434\u044a\u0435\u043c\u043d\u044b\u0439 \u043c\u0430\u0433\u043d\u0438\u0442 \u0438 \u0442.\u0434.","description":"\u0420\u0435\u0448\u0435\u043d\u0438\u044f \u0434\u043b\u044f \u043f\u043e\u0434\u044a\u0435\u043c\u0430 \u0438 \u043a\u0440\u0435\u043f\u043b\u0435\u043d\u0438\u044f | \u0420\u0435\u0448\u0435\u043d\u0438\u044f \u0434\u043b\u044f \u043f\u043e\u0434\u044a\u0435\u043c\u0430 \u0438 \u043a\u0440\u0435\u043f\u043b\u0435\u043d\u0438\u044f","publisher":{"@id":"https:\/\/www.mazam.eu\/#organization"},"potentialAction":[{"@type":"SearchAction","target":{"@type":"EntryPoint","urlTemplate":"https:\/\/www.mazam.eu\/?s={search_term_string}"},"query-input":{"@type":"PropertyValueSpecification","valueRequired":true,"valueName":"search_term_string"}}],"inLanguage":"ru-RU"},{"@type":"Organization","@id":"https:\/\/www.mazam.eu\/#organization","name":"Mazam O\u00dc","url":"https:\/\/www.mazam.eu\/","logo":{"@type":"ImageObject","inLanguage":"ru-RU","@id":"https:\/\/www.mazam.eu\/#\/schema\/logo\/image\/","url":"https:\/\/www.mazam.eu\/wp-content\/uploads\/2015\/10\/mazam-logo-linttropp-koormarihm-t\u00f5stev\u00f6\u00f6.png","contentUrl":"https:\/\/www.mazam.eu\/wp-content\/uploads\/2015\/10\/mazam-logo-linttropp-koormarihm-t\u00f5stev\u00f6\u00f6.png","width":190,"height":70,"caption":"Mazam O\u00dc"},"image":{"@id":"https:\/\/www.mazam.eu\/#\/schema\/logo\/image\/"}}]}},"_links":{"self":[{"href":"https:\/\/www.mazam.eu\/ru\/wp-json\/wp\/v2\/pages\/143","targetHints":{"allow":["GET"]}}],"collection":[{"href":"https:\/\/www.mazam.eu\/ru\/wp-json\/wp\/v2\/pages"}],"about":[{"href":"https:\/\/www.mazam.eu\/ru\/wp-json\/wp\/v2\/types\/page"}],"author":[{"embeddable":true,"href":"https:\/\/www.mazam.eu\/ru\/wp-json\/wp\/v2\/users\/1"}],"replies":[{"embeddable":true,"href":"https:\/\/www.mazam.eu\/ru\/wp-json\/wp\/v2\/comments?post=143"}],"version-history":[{"count":33,"href":"https:\/\/www.mazam.eu\/ru\/wp-json\/wp\/v2\/pages\/143\/revisions"}],"predecessor-version":[{"id":12483,"href":"https:\/\/www.mazam.eu\/ru\/wp-json\/wp\/v2\/pages\/143\/revisions\/12483"}],"wp:attachment":[{"href":"https:\/\/www.mazam.eu\/ru\/wp-json\/wp\/v2\/media?parent=143"}],"curies":[{"name":"wp","href":"https:\/\/api.w.org\/{rel}","templated":true}]}}