{"id":1512,"date":"2017-04-29T18:56:37","date_gmt":"2017-04-29T18:56:37","guid":{"rendered":"http:\/\/www.mazam.eu\/?page_id=1512"},"modified":"2025-05-05T08:59:11","modified_gmt":"2025-05-05T08:59:11","slug":"%d1%81%d0%ba%d0%be%d0%b1%d1%8f%d0%bd%d1%8b%d0%b5-%d0%b8%d0%b7%d0%b4%d0%b5%d0%bb%d0%b8%d1%8f-%d0%b2%d0%b0%d0%bd%d0%b4%d0%b0%d0%bb%d1%8c%d0%bd%d0%b0%d1%8f-%d0%bf%d0%b5%d1%82%d0%bb%d1%8f-%d0%ba%d1%80","status":"publish","type":"page","link":"https:\/\/www.mazam.eu\/ru\/tooted\/rauakaup-vandipinguti-konks-silmus\/","title":{"rendered":"\u0417\u0430\u0441\u0442\u0435\u0436\u043a\u0430 \u0441 \u043a\u0440\u044e\u0447\u043a\u043e\u043c \u0438 \u043f\u0435\u0442\u043b\u0435\u0439 \u0434\u043b\u044f \u0441\u043a\u043e\u0431\u044f\u043d\u044b\u0445 \u0438\u0437\u0434\u0435\u043b\u0438\u0439 vandipinguti"},"content":{"rendered":"<div class='epvc-post-count'><span class='epvc-eye'><\/span>  <span class=\"epvc-count\"> 3 288<\/span><span class='epvc-label'> \u043f\u0440\u043e\u0441\u043c\u043e\u0442\u0440<\/span><\/div><figure id=\"attachment_1513\" aria-describedby=\"caption-attachment-1513\" style=\"width: 357px\" class=\"wp-caption alignnone\"><a href=\"http:\/\/www.mazam.eu\/wp-content\/uploads\/2017\/04\/rauakaup-vandipinguti-konks-silmus-m\u00f5\u00f5dud.png\"><img loading=\"lazy\" decoding=\"async\" class=\"wp-image-1513 size-full\" src=\"http:\/\/www.mazam.eu\/wp-content\/uploads\/2017\/04\/rauakaup-vandipinguti-konks-silmus-m\u00f5\u00f5dud.png\" alt=\"\u0417\u0430\u0441\u0442\u0435\u0436\u043a\u0430 \u0441 \u043a\u0440\u044e\u0447\u043a\u043e\u043c \u0438 \u043f\u0435\u0442\u043b\u0435\u0439 \u0434\u043b\u044f \u0441\u043a\u043e\u0431\u044f\u043d\u044b\u0445 \u0438\u0437\u0434\u0435\u043b\u0438\u0439 vandipinguti\" width=\"357\" height=\"100\" data-id=\"1513\" srcset=\"https:\/\/www.mazam.eu\/wp-content\/uploads\/2017\/04\/rauakaup-vandipinguti-konks-silmus-m\u00f5\u00f5dud.png 357w, https:\/\/www.mazam.eu\/wp-content\/uploads\/2017\/04\/rauakaup-vandipinguti-konks-silmus-m\u00f5\u00f5dud-300x84.png 300w\" sizes=\"auto, (max-width: 357px) 100vw, 357px\" \/><\/a><figcaption id=\"caption-attachment-1513\" class=\"wp-caption-text\">\u0417\u0430\u0441\u0442\u0435\u0436\u043a\u0430 \u0441 \u043a\u0440\u044e\u0447\u043a\u043e\u043c \u0438 \u043f\u0435\u0442\u043b\u0435\u0439 \u0434\u043b\u044f \u0441\u043a\u043e\u0431\u044f\u043d\u044b\u0445 \u0438\u0437\u0434\u0435\u043b\u0438\u0439 vandipinguti<\/figcaption><\/figure>\n<table width=\"482\">\n<tbody>\n<tr style=\"height: 24px;\">\n<td style=\"height: 72px; text-align: center;\" rowspan=\"2\" width=\"63\"><strong>\u0420\u0435\u0437\u044c\u0431\u0430<\/strong><\/td>\n<td style=\"height: 24px; text-align: center;\" colspan=\"7\" width=\"419\"><strong>\u0420\u0430\u0437\u043c\u0435\u0440\u044b<\/strong><\/td>\n<\/tr>\n<tr style=\"height: 48px;\">\n<td style=\"height: 48px; text-align: center;\" width=\"56\"><strong>L, \u043c\u043c<\/strong><\/td>\n<td style=\"height: 48px; text-align: center;\" width=\"63\"><strong>D, \u043c\u043c<\/strong><\/td>\n<td style=\"height: 48px; text-align: center;\" width=\"56\"><strong>\u0433, \u043c\u043c<\/strong><\/td>\n<td style=\"height: 48px; text-align: center;\" width=\"56\"><strong>L2, \u043c\u043c<\/strong><\/td>\n<td style=\"height: 48px; text-align: center;\" width=\"56\"><strong>\u03a6, \u043c\u043c<\/strong><\/td>\n<td style=\"height: 48px; text-align: center;\" width=\"69\"><strong>\u041d\u043c\u0438\u043d, \u043c\u043c<\/strong><\/td>\n<td style=\"height: 48px; text-align: center;\" width=\"63\"><strong>L1, \u043c\u043c<\/strong><\/td>\n<\/tr>\n<tr style=\"height: 24px;\">\n<td style=\"height: 24px; text-align: center;\" width=\"63\">M5<\/td>\n<td style=\"height: 24px; text-align: center;\" width=\"56\">70<\/td>\n<td style=\"height: 24px; text-align: center;\" width=\"63\">16,5<\/td>\n<td style=\"height: 24px; text-align: center;\" width=\"56\">8<\/td>\n<td style=\"height: 24px; text-align: center;\" width=\"56\">58 \u00b1 3<\/td>\n<td style=\"height: 24px; text-align: center;\" width=\"56\">6,9<\/td>\n<td style=\"height: 24px; text-align: center;\" width=\"69\">32<\/td>\n<td style=\"height: 24px; text-align: center;\" width=\"63\">57 \u00b1 3<\/td>\n<\/tr>\n<tr style=\"height: 24px;\">\n<td style=\"height: 24px; text-align: center;\" width=\"63\">M6<\/td>\n<td style=\"height: 24px; text-align: center;\" width=\"56\">110<\/td>\n<td style=\"height: 24px; text-align: center;\" width=\"63\">20<\/td>\n<td style=\"height: 24px; text-align: center;\" width=\"56\">9<\/td>\n<td style=\"height: 24px; text-align: center;\" width=\"56\">81 \u00b1 3<\/td>\n<td style=\"height: 24px; text-align: center;\" width=\"56\">8,5<\/td>\n<td style=\"height: 24px; text-align: center;\" width=\"69\">52<\/td>\n<td style=\"height: 24px; text-align: center;\" width=\"63\">80 \u00b1 3<\/td>\n<\/tr>\n<tr style=\"height: 24px;\">\n<td style=\"height: 24px; text-align: center;\" width=\"63\">M8<\/td>\n<td style=\"height: 24px; text-align: center;\" width=\"56\">110<\/td>\n<td style=\"height: 24px; text-align: center;\" width=\"63\">23<\/td>\n<td style=\"height: 24px; text-align: center;\" width=\"56\">10<\/td>\n<td style=\"height: 24px; text-align: center;\" width=\"56\">85 \u00b1 3<\/td>\n<td style=\"height: 24px; text-align: center;\" width=\"56\">10,5<\/td>\n<td style=\"height: 24px; text-align: center;\" width=\"69\">54<\/td>\n<td style=\"height: 24px; text-align: center;\" width=\"63\">86 \u00b1 3<\/td>\n<\/tr>\n<tr style=\"height: 48px;\">\n<td style=\"height: 48px; text-align: center;\" width=\"63\">M10<\/td>\n<td style=\"height: 48px; text-align: center;\" width=\"56\">124<\/td>\n<td style=\"height: 48px; text-align: center;\" width=\"63\">31,5<\/td>\n<td style=\"height: 48px; text-align: center;\" width=\"56\">14<\/td>\n<td style=\"height: 48px; text-align: center;\" width=\"56\">107 \u00b1 3<\/td>\n<td style=\"height: 48px; text-align: center;\" width=\"56\">13,5<\/td>\n<td style=\"height: 48px; text-align: center;\" width=\"69\">63<\/td>\n<td style=\"height: 48px; text-align: center;\" width=\"63\">106 \u00b1 3<\/td>\n<\/tr>\n<tr style=\"height: 48px;\">\n<td style=\"height: 48px; text-align: center;\" width=\"63\">M12<\/td>\n<td style=\"height: 48px; text-align: center;\" width=\"56\">124<\/td>\n<td style=\"height: 48px; text-align: center;\" width=\"63\">35<\/td>\n<td style=\"height: 48px; text-align: center;\" width=\"56\">16<\/td>\n<td style=\"height: 48px; text-align: center;\" width=\"56\">111 \u00b1 3<\/td>\n<td style=\"height: 48px; text-align: center;\" width=\"56\">16<\/td>\n<td style=\"height: 48px; text-align: center;\" width=\"69\">65<\/td>\n<td style=\"height: 48px; text-align: center;\" width=\"63\">115 \u00b1 3<\/td>\n<\/tr>\n<tr style=\"height: 48px;\">\n<td style=\"height: 48px; text-align: center;\" width=\"63\">M14<\/td>\n<td style=\"height: 48px; text-align: center;\" width=\"56\">139<\/td>\n<td style=\"height: 48px; text-align: center;\" width=\"63\">41<\/td>\n<td style=\"height: 48px; text-align: center;\" width=\"56\">18<\/td>\n<td style=\"height: 48px; text-align: center;\" width=\"56\">125 \u00b1 4<\/td>\n<td style=\"height: 48px; text-align: center;\" width=\"56\">18,5<\/td>\n<td style=\"height: 48px; text-align: center;\" width=\"69\">70<\/td>\n<td style=\"height: 48px; text-align: center;\" width=\"63\">124 \u00b1 4<\/td>\n<\/tr>\n<tr style=\"height: 48px;\">\n<td style=\"height: 48px; text-align: center;\" width=\"63\">M16<\/td>\n<td style=\"height: 48px; text-align: center;\" width=\"56\">170<\/td>\n<td style=\"height: 48px; text-align: center;\" width=\"63\">47,5<\/td>\n<td style=\"height: 48px; text-align: center;\" width=\"56\">22<\/td>\n<td style=\"height: 48px; text-align: center;\" width=\"56\">150 \u00b1 4<\/td>\n<td style=\"height: 48px; text-align: center;\" width=\"56\">20<\/td>\n<td style=\"height: 48px; text-align: center;\" width=\"69\">83<\/td>\n<td style=\"height: 48px; text-align: center;\" width=\"63\">144 \u00b1 4<\/td>\n<\/tr>\n<tr style=\"height: 48px;\">\n<td style=\"height: 48px; text-align: center;\" width=\"63\">M18<\/td>\n<td style=\"height: 48px; text-align: center;\" width=\"56\">194<\/td>\n<td style=\"height: 48px; text-align: center;\" width=\"63\">51,5<\/td>\n<td style=\"height: 48px; text-align: center;\" width=\"56\">25<\/td>\n<td style=\"height: 48px; text-align: center;\" width=\"56\">163 \u00b1 4<\/td>\n<td style=\"height: 48px; text-align: center;\" width=\"56\">21,5<\/td>\n<td style=\"height: 48px; text-align: center;\" width=\"69\">93<\/td>\n<td style=\"height: 48px; text-align: center;\" width=\"63\">166 \u00b1 4<\/td>\n<\/tr>\n<tr style=\"height: 48px;\">\n<td style=\"height: 48px; text-align: center;\" width=\"63\">M20<\/td>\n<td style=\"height: 48px; text-align: center;\" width=\"56\">200<\/td>\n<td style=\"height: 48px; text-align: center;\" width=\"63\">53<\/td>\n<td style=\"height: 48px; text-align: center;\" width=\"56\">24<\/td>\n<td style=\"height: 48px; text-align: center;\" width=\"56\">172 \u00b1 5<\/td>\n<td style=\"height: 48px; text-align: center;\" width=\"56\">21,5<\/td>\n<td style=\"height: 48px; text-align: center;\" width=\"69\">100<\/td>\n<td style=\"height: 48px; text-align: center;\" width=\"63\">171 \u00b1 5<\/td>\n<\/tr>\n<tr style=\"height: 48px;\">\n<td style=\"height: 48px; text-align: center;\" width=\"63\">M22<\/td>\n<td style=\"height: 48px; text-align: center;\" width=\"56\">215<\/td>\n<td style=\"height: 48px; text-align: center;\" width=\"63\">60<\/td>\n<td style=\"height: 48px; text-align: center;\" width=\"56\">28<\/td>\n<td style=\"height: 48px; text-align: center;\" width=\"56\">194 \u00b1 5<\/td>\n<td style=\"height: 48px; text-align: center;\" width=\"56\">25<\/td>\n<td style=\"height: 48px; text-align: center;\" width=\"69\">113<\/td>\n<td style=\"height: 48px; text-align: center;\" width=\"63\">200 \u00b1 5<\/td>\n<\/tr>\n<tr style=\"height: 48px;\">\n<td style=\"height: 48px; text-align: center;\" width=\"63\">M24<\/td>\n<td style=\"height: 48px; text-align: center;\" width=\"56\">254<\/td>\n<td style=\"height: 48px; text-align: center;\" width=\"63\">65<\/td>\n<td style=\"height: 48px; text-align: center;\" width=\"56\">28<\/td>\n<td style=\"height: 48px; text-align: center;\" width=\"56\">217 \u00b1 5<\/td>\n<td style=\"height: 48px; text-align: center;\" width=\"56\">26<\/td>\n<td style=\"height: 48px; text-align: center;\" width=\"69\">130<\/td>\n<td style=\"height: 48px; text-align: center;\" width=\"63\">220 \u00b1 5<\/td>\n<\/tr>\n<tr style=\"height: 48px;\">\n<td style=\"height: 48px; text-align: center;\" width=\"63\">M27<\/td>\n<td style=\"height: 48px; text-align: center;\" width=\"56\">254<\/td>\n<td style=\"height: 48px; text-align: center;\" width=\"63\">71,5<\/td>\n<td style=\"height: 48px; text-align: center;\" width=\"56\">31<\/td>\n<td style=\"height: 48px; text-align: center;\" width=\"56\">227 \u00b1 5<\/td>\n<td style=\"height: 48px; text-align: center;\" width=\"56\">31,5<\/td>\n<td style=\"height: 48px; text-align: center;\" width=\"69\">130<\/td>\n<td style=\"height: 48px; text-align: center;\" width=\"63\">244 \u00b1 5<\/td>\n<\/tr>\n<tr style=\"height: 48px;\">\n<td style=\"height: 48px; text-align: center;\" width=\"63\">M30<\/td>\n<td style=\"height: 48px; text-align: center;\" width=\"56\">254<\/td>\n<td style=\"height: 48px; text-align: center;\" width=\"63\">71<\/td>\n<td style=\"height: 48px; text-align: center;\" width=\"56\">31,5<\/td>\n<td style=\"height: 48px; text-align: center;\" width=\"56\">227 \u00b1 5<\/td>\n<td style=\"height: 48px; text-align: center;\" width=\"56\">31,5<\/td>\n<td style=\"height: 48px; text-align: center;\" width=\"69\">130<\/td>\n<td style=\"height: 48px; text-align: center;\" width=\"63\">242 \u00b1 5<\/td>\n<\/tr>\n<tr style=\"height: 48px;\">\n<td style=\"height: 48px; text-align: center;\" width=\"63\">M36<\/td>\n<td style=\"height: 48px; text-align: center;\" width=\"56\">292<\/td>\n<td style=\"height: 48px; text-align: center;\" width=\"63\">92,5<\/td>\n<td style=\"height: 48px; text-align: center;\" width=\"56\">37<\/td>\n<td style=\"height: 48px; text-align: center;\" width=\"56\">280 \u00b1 5<\/td>\n<td style=\"height: 48px; text-align: center;\" width=\"56\">46<\/td>\n<td style=\"height: 48px; text-align: center;\" width=\"69\">155<\/td>\n<td style=\"height: 48px; text-align: center;\" width=\"63\">274 \u00b1 5<\/td>\n<\/tr>\n<\/tbody>\n<\/table>\n<p><span style=\"color: #ffffff;\">\u0417\u0430\u0441\u0442\u0435\u0436\u043a\u0430 \u0441 \u043a\u0440\u044e\u0447\u043a\u043e\u043c \u0438 \u043f\u0435\u0442\u043b\u0435\u0439 \u0434\u043b\u044f \u0441\u043a\u043e\u0431\u044f\u043d\u044b\u0445 \u0438\u0437\u0434\u0435\u043b\u0438\u0439 vandipinguti<\/span><\/p>","protected":false},"excerpt":{"rendered":"<p>3&nbsp;288 vaatamist Keere M\u00f5\u00f5dud L, mm D, mm d, mm L2, mm \u03a6, mm Nmin, mm L1, mm M5 70 16,5 8 58 \u00b1 3 6,9 32 57 \u00b1 3 M6 110 20 9 81 \u00b1 3 8,5 52 80 \u00b1 3 M8 110 23 10 85 \u00b1 3 10,5 54 86 \u00b1 3 M10&#8230;<\/p>","protected":false},"author":1,"featured_media":0,"parent":5,"menu_order":0,"comment_status":"closed","ping_status":"closed","template":"","meta":{"_uf_show_specific_survey":0,"_uf_disable_surveys":false,"iawp_total_views":13,"footnotes":""},"class_list":["post-1512","page","type-page","status-publish","hentry"],"yoast_head":"<!-- This site is optimized with the Yoast SEO plugin v27.5 - https:\/\/yoast.com\/product\/yoast-seo-wordpress\/ -->\n<title>RAUAKAUP VANDIPINGUTI konks-silmus - Mazam O\u00dc - tootmine ja m\u00fc\u00fck<\/title>\n<meta name=\"description\" content=\"Rauakaup vandipinguti konks-silmus\" \/>\n<meta name=\"robots\" content=\"index, follow, max-snippet:-1, max-image-preview:large, max-video-preview:-1\" \/>\n<link rel=\"canonical\" href=\"https:\/\/www.mazam.eu\/ru\/produkty\/\u0441\u043a\u043e\u0431\u044f\u043d\u044b\u0435-\u0438\u0437\u0434\u0435\u043b\u0438\u044f-\u0432\u0430\u043d\u0434\u0430\u043b\u044c\u043d\u0430\u044f-\u043f\u0435\u0442\u043b\u044f-\u043a\u0440\/\" \/>\n<meta property=\"og:locale\" content=\"ru_RU\" \/>\n<meta property=\"og:type\" content=\"article\" \/>\n<meta property=\"og:title\" content=\"RAUAKAUP VANDIPINGUTI konks-silmus - Mazam O\u00dc - tootmine ja m\u00fc\u00fck\" \/>\n<meta property=\"og:description\" content=\"Rauakaup vandipinguti konks-silmus\" \/>\n<meta property=\"og:url\" content=\"https:\/\/www.mazam.eu\/ru\/produkty\/\u0441\u043a\u043e\u0431\u044f\u043d\u044b\u0435-\u0438\u0437\u0434\u0435\u043b\u0438\u044f-\u0432\u0430\u043d\u0434\u0430\u043b\u044c\u043d\u0430\u044f-\u043f\u0435\u0442\u043b\u044f-\u043a\u0440\/\" \/>\n<meta property=\"og:site_name\" content=\"Mazam O&Uuml; | T&otilde;ste- ja koormakinnitusvahendite tootmine ja m&uuml;&uuml;k (2014 - 2026) - linttropp &bull; koormarihm &bull; ringt&otilde;stev&ouml;&ouml; &bull; terastross &bull; kett-tropp &bull; vints &bull; t&otilde;stemagnet jpm.\" \/>\n<meta property=\"article:modified_time\" content=\"2025-05-05T08:59:11+00:00\" \/>\n<meta name=\"twitter:card\" content=\"summary_large_image\" \/>\n<meta name=\"twitter:label1\" content=\"\u041f\u0440\u0438\u043c\u0435\u0440\u043d\u043e\u0435 \u0432\u0440\u0435\u043c\u044f \u0434\u043b\u044f \u0447\u0442\u0435\u043d\u0438\u044f\" \/>\n\t<meta name=\"twitter:data1\" content=\"2 \u043c\u0438\u043d\u0443\u0442\u044b\" \/>\n<script type=\"application\/ld+json\" class=\"yoast-schema-graph\">{\"@context\":\"https:\\\/\\\/schema.org\",\"@graph\":[{\"@type\":\"WebPage\",\"@id\":\"https:\\\/\\\/www.mazam.eu\\\/tooted\\\/rauakaup-vandipinguti-konks-silmus\\\/\",\"url\":\"https:\\\/\\\/www.mazam.eu\\\/tooted\\\/rauakaup-vandipinguti-konks-silmus\\\/\",\"name\":\"RAUAKAUP VANDIPINGUTI konks-silmus - Mazam O\u00dc - tootmine ja m\u00fc\u00fck\",\"isPartOf\":{\"@id\":\"https:\\\/\\\/www.mazam.eu\\\/#website\"},\"datePublished\":\"2017-04-29T18:56:37+00:00\",\"dateModified\":\"2025-05-05T08:59:11+00:00\",\"description\":\"Rauakaup vandipinguti konks-silmus\",\"breadcrumb\":{\"@id\":\"https:\\\/\\\/www.mazam.eu\\\/tooted\\\/rauakaup-vandipinguti-konks-silmus\\\/#breadcrumb\"},\"inLanguage\":\"ru-RU\",\"potentialAction\":[{\"@type\":\"ReadAction\",\"target\":[\"https:\\\/\\\/www.mazam.eu\\\/tooted\\\/rauakaup-vandipinguti-konks-silmus\\\/\"]}]},{\"@type\":\"BreadcrumbList\",\"@id\":\"https:\\\/\\\/www.mazam.eu\\\/tooted\\\/rauakaup-vandipinguti-konks-silmus\\\/#breadcrumb\",\"itemListElement\":[{\"@type\":\"ListItem\",\"position\":1,\"name\":\"Home\",\"item\":\"https:\\\/\\\/www.mazam.eu\\\/\"},{\"@type\":\"ListItem\",\"position\":2,\"name\":\"Tooted\",\"item\":\"https:\\\/\\\/www.mazam.eu\\\/tooted\\\/\"},{\"@type\":\"ListItem\",\"position\":3,\"name\":\"Rauakaup vandipinguti konks-silmus\"}]},{\"@type\":\"WebSite\",\"@id\":\"https:\\\/\\\/www.mazam.eu\\\/#website\",\"url\":\"https:\\\/\\\/www.mazam.eu\\\/\",\"name\":\"Mazam O&Uuml; | T&otilde;ste- ja koormakinnitusvahendite tootmine ja m&uuml;&uuml;k (2014 - 2026) - linttropp &bull; koormarihm &bull; ringt&otilde;stev&ouml;&ouml; &bull; terastross &bull; kett-tropp &bull; vints &bull; t&otilde;stemagnet jpm.\",\"description\":\"T&otilde;ste- ja kinnituslahendused | Lifting- and lashing solutions\",\"publisher\":{\"@id\":\"https:\\\/\\\/www.mazam.eu\\\/#organization\"},\"potentialAction\":[{\"@type\":\"SearchAction\",\"target\":{\"@type\":\"EntryPoint\",\"urlTemplate\":\"https:\\\/\\\/www.mazam.eu\\\/?s={search_term_string}\"},\"query-input\":{\"@type\":\"PropertyValueSpecification\",\"valueRequired\":true,\"valueName\":\"search_term_string\"}}],\"inLanguage\":\"ru-RU\"},{\"@type\":\"Organization\",\"@id\":\"https:\\\/\\\/www.mazam.eu\\\/#organization\",\"name\":\"Mazam O\u00dc\",\"url\":\"https:\\\/\\\/www.mazam.eu\\\/\",\"logo\":{\"@type\":\"ImageObject\",\"inLanguage\":\"ru-RU\",\"@id\":\"https:\\\/\\\/www.mazam.eu\\\/#\\\/schema\\\/logo\\\/image\\\/\",\"url\":\"https:\\\/\\\/www.mazam.eu\\\/wp-content\\\/uploads\\\/2015\\\/10\\\/mazam-logo-linttropp-koormarihm-t\u00f5stev\u00f6\u00f6.png\",\"contentUrl\":\"https:\\\/\\\/www.mazam.eu\\\/wp-content\\\/uploads\\\/2015\\\/10\\\/mazam-logo-linttropp-koormarihm-t\u00f5stev\u00f6\u00f6.png\",\"width\":190,\"height\":70,\"caption\":\"Mazam O\u00dc\"},\"image\":{\"@id\":\"https:\\\/\\\/www.mazam.eu\\\/#\\\/schema\\\/logo\\\/image\\\/\"}}]}<\/script>\n<!-- \/ Yoast SEO plugin. -->","yoast_head_json":{"title":"\u041c\u0435\u0431\u0435\u043b\u044c\u043d\u0430\u044f \u0444\u0443\u0440\u043d\u0438\u0442\u0443\u0440\u0430 VANDIPINGOOL \u043a\u0440\u044e\u0447\u043e\u043a-\u043f\u0435\u0442\u043b\u044f - Mazam O\u00dc - \u043f\u0440\u043e\u0438\u0437\u0432\u043e\u0434\u0441\u0442\u0432\u043e \u0438 \u043f\u0440\u043e\u0434\u0430\u0436\u0430","description":"\u0417\u0430\u0441\u0442\u0435\u0436\u043a\u0430 \u0441 \u043a\u0440\u044e\u0447\u043a\u043e\u043c \u0438 \u043f\u0435\u0442\u043b\u0435\u0439 \u0434\u043b\u044f \u0441\u043a\u043e\u0431\u044f\u043d\u044b\u0445 \u0438\u0437\u0434\u0435\u043b\u0438\u0439 vandipinguti","robots":{"index":"index","follow":"follow","max-snippet":"max-snippet:-1","max-image-preview":"max-image-preview:large","max-video-preview":"max-video-preview:-1"},"canonical":"https:\/\/www.mazam.eu\/ru\/produkty\/\u0441\u043a\u043e\u0431\u044f\u043d\u044b\u0435-\u0438\u0437\u0434\u0435\u043b\u0438\u044f-\u0432\u0430\u043d\u0434\u0430\u043b\u044c\u043d\u0430\u044f-\u043f\u0435\u0442\u043b\u044f-\u043a\u0440\/","og_locale":"ru_RU","og_type":"article","og_title":"RAUAKAUP VANDIPINGUTI konks-silmus - Mazam O\u00dc - tootmine ja m\u00fc\u00fck","og_description":"Rauakaup vandipinguti konks-silmus","og_url":"https:\/\/www.mazam.eu\/ru\/produkty\/\u0441\u043a\u043e\u0431\u044f\u043d\u044b\u0435-\u0438\u0437\u0434\u0435\u043b\u0438\u044f-\u0432\u0430\u043d\u0434\u0430\u043b\u044c\u043d\u0430\u044f-\u043f\u0435\u0442\u043b\u044f-\u043a\u0440\/","og_site_name":"Mazam O&Uuml; | T&otilde;ste- ja koormakinnitusvahendite tootmine ja m&uuml;&uuml;k (2014 - 2026) - linttropp &bull; koormarihm &bull; ringt&otilde;stev&ouml;&ouml; &bull; terastross &bull; kett-tropp &bull; vints &bull; t&otilde;stemagnet jpm.","article_modified_time":"2025-05-05T08:59:11+00:00","twitter_card":"summary_large_image","twitter_misc":{"\u041f\u0440\u0438\u043c\u0435\u0440\u043d\u043e\u0435 \u0432\u0440\u0435\u043c\u044f \u0434\u043b\u044f \u0447\u0442\u0435\u043d\u0438\u044f":"2 \u043c\u0438\u043d\u0443\u0442\u044b"},"schema":{"@context":"https:\/\/schema.org","@graph":[{"@type":"WebPage","@id":"https:\/\/www.mazam.eu\/tooted\/rauakaup-vandipinguti-konks-silmus\/","url":"https:\/\/www.mazam.eu\/tooted\/rauakaup-vandipinguti-konks-silmus\/","name":"\u041c\u0435\u0431\u0435\u043b\u044c\u043d\u0430\u044f \u0444\u0443\u0440\u043d\u0438\u0442\u0443\u0440\u0430 VANDIPINGOOL \u043a\u0440\u044e\u0447\u043e\u043a-\u043f\u0435\u0442\u043b\u044f - Mazam O\u00dc - \u043f\u0440\u043e\u0438\u0437\u0432\u043e\u0434\u0441\u0442\u0432\u043e \u0438 \u043f\u0440\u043e\u0434\u0430\u0436\u0430","isPartOf":{"@id":"https:\/\/www.mazam.eu\/#website"},"datePublished":"2017-04-29T18:56:37+00:00","dateModified":"2025-05-05T08:59:11+00:00","description":"\u0417\u0430\u0441\u0442\u0435\u0436\u043a\u0430 \u0441 \u043a\u0440\u044e\u0447\u043a\u043e\u043c \u0438 \u043f\u0435\u0442\u043b\u0435\u0439 \u0434\u043b\u044f \u0441\u043a\u043e\u0431\u044f\u043d\u044b\u0445 \u0438\u0437\u0434\u0435\u043b\u0438\u0439 vandipinguti","breadcrumb":{"@id":"https:\/\/www.mazam.eu\/tooted\/rauakaup-vandipinguti-konks-silmus\/#breadcrumb"},"inLanguage":"ru-RU","potentialAction":[{"@type":"ReadAction","target":["https:\/\/www.mazam.eu\/tooted\/rauakaup-vandipinguti-konks-silmus\/"]}]},{"@type":"BreadcrumbList","@id":"https:\/\/www.mazam.eu\/tooted\/rauakaup-vandipinguti-konks-silmus\/#breadcrumb","itemListElement":[{"@type":"ListItem","position":1,"name":"Home","item":"https:\/\/www.mazam.eu\/"},{"@type":"ListItem","position":2,"name":"Tooted","item":"https:\/\/www.mazam.eu\/tooted\/"},{"@type":"ListItem","position":3,"name":"Rauakaup vandipinguti konks-silmus"}]},{"@type":"WebSite","@id":"https:\/\/www.mazam.eu\/#website","url":"https:\/\/www.mazam.eu\/","name":"Mazam O\u00dc | \u041f\u0440\u043e\u0438\u0437\u0432\u043e\u0434\u0441\u0442\u0432\u043e \u0438 \u043f\u0440\u043e\u0434\u0430\u0436\u0430 \u043f\u043e\u0434\u044a\u0435\u043c\u043d\u043e-\u0442\u0440\u0430\u043d\u0441\u043f\u043e\u0440\u0442\u043d\u043e\u0433\u043e \u043e\u0431\u043e\u0440\u0443\u0434\u043e\u0432\u0430\u043d\u0438\u044f (2014 - 2026) - \u043b\u0438\u043d\u0442\u0440\u0443\u043f\u0430 - \u0433\u0440\u0443\u0437\u043e\u0432\u043e\u0439 \u0440\u0435\u043c\u0435\u043d\u044c - \u0442\u0430\u043b\u0435\u0432\u044b\u0439 \u0440\u0435\u043c\u0435\u043d\u044c - \u0441\u0442\u0430\u043b\u044c\u043d\u043e\u0439 \u043a\u0430\u043d\u0430\u0442 - \u0446\u0435\u043f\u043d\u043e\u0439 \u0442\u0430\u043b\u0440\u0435\u043f - \u043b\u0435\u0431\u0435\u0434\u043a\u0430 - \u043f\u043e\u0434\u044a\u0435\u043c\u043d\u044b\u0439 \u043c\u0430\u0433\u043d\u0438\u0442 \u0438 \u0442.\u0434.","description":"\u0420\u0435\u0448\u0435\u043d\u0438\u044f \u0434\u043b\u044f \u043f\u043e\u0434\u044a\u0435\u043c\u0430 \u0438 \u043a\u0440\u0435\u043f\u043b\u0435\u043d\u0438\u044f | \u0420\u0435\u0448\u0435\u043d\u0438\u044f \u0434\u043b\u044f \u043f\u043e\u0434\u044a\u0435\u043c\u0430 \u0438 \u043a\u0440\u0435\u043f\u043b\u0435\u043d\u0438\u044f","publisher":{"@id":"https:\/\/www.mazam.eu\/#organization"},"potentialAction":[{"@type":"SearchAction","target":{"@type":"EntryPoint","urlTemplate":"https:\/\/www.mazam.eu\/?s={search_term_string}"},"query-input":{"@type":"PropertyValueSpecification","valueRequired":true,"valueName":"search_term_string"}}],"inLanguage":"ru-RU"},{"@type":"Organization","@id":"https:\/\/www.mazam.eu\/#organization","name":"Mazam O\u00dc","url":"https:\/\/www.mazam.eu\/","logo":{"@type":"ImageObject","inLanguage":"ru-RU","@id":"https:\/\/www.mazam.eu\/#\/schema\/logo\/image\/","url":"https:\/\/www.mazam.eu\/wp-content\/uploads\/2015\/10\/mazam-logo-linttropp-koormarihm-t\u00f5stev\u00f6\u00f6.png","contentUrl":"https:\/\/www.mazam.eu\/wp-content\/uploads\/2015\/10\/mazam-logo-linttropp-koormarihm-t\u00f5stev\u00f6\u00f6.png","width":190,"height":70,"caption":"Mazam O\u00dc"},"image":{"@id":"https:\/\/www.mazam.eu\/#\/schema\/logo\/image\/"}}]}},"_links":{"self":[{"href":"https:\/\/www.mazam.eu\/ru\/wp-json\/wp\/v2\/pages\/1512","targetHints":{"allow":["GET"]}}],"collection":[{"href":"https:\/\/www.mazam.eu\/ru\/wp-json\/wp\/v2\/pages"}],"about":[{"href":"https:\/\/www.mazam.eu\/ru\/wp-json\/wp\/v2\/types\/page"}],"author":[{"embeddable":true,"href":"https:\/\/www.mazam.eu\/ru\/wp-json\/wp\/v2\/users\/1"}],"replies":[{"embeddable":true,"href":"https:\/\/www.mazam.eu\/ru\/wp-json\/wp\/v2\/comments?post=1512"}],"version-history":[{"count":4,"href":"https:\/\/www.mazam.eu\/ru\/wp-json\/wp\/v2\/pages\/1512\/revisions"}],"predecessor-version":[{"id":1955,"href":"https:\/\/www.mazam.eu\/ru\/wp-json\/wp\/v2\/pages\/1512\/revisions\/1955"}],"up":[{"embeddable":true,"href":"https:\/\/www.mazam.eu\/ru\/wp-json\/wp\/v2\/pages\/5"}],"wp:attachment":[{"href":"https:\/\/www.mazam.eu\/ru\/wp-json\/wp\/v2\/media?parent=1512"}],"curies":[{"name":"wp","href":"https:\/\/api.w.org\/{rel}","templated":true}]}}