{"id":1629,"date":"2017-04-30T22:08:44","date_gmt":"2017-04-30T22:08:44","guid":{"rendered":"http:\/\/www.mazam.eu\/?page_id=1629"},"modified":"2025-05-05T09:06:43","modified_gmt":"2025-05-05T09:06:43","slug":"solmkett","status":"publish","type":"page","link":"https:\/\/www.mazam.eu\/ru\/tooted\/solmkett\/","title":{"rendered":"\u0421\u0441\u044b\u043b\u043a\u0430 \u043d\u0430"},"content":{"rendered":"<div class='epvc-post-count'><span class='epvc-eye'><\/span>  <span class=\"epvc-count\"> 3&nbsp;146<\/span><span class='epvc-label'> vaatamist<\/span><\/div><figure id=\"attachment_1630\" aria-describedby=\"caption-attachment-1630\" style=\"width: 392px\" class=\"wp-caption alignnone\"><a href=\"http:\/\/www.mazam.eu\/wp-content\/uploads\/2017\/04\/rauakaup-s\u00f5lmkett-kett-m\u00f5\u00f5dud.png\"><img loading=\"lazy\" decoding=\"async\" class=\"wp-image-1630 size-full\" src=\"https:\/\/www.mazam.eu\/wp-content\/uploads\/2017\/04\/rauakaup-s\u00f5lmkett-kett-m\u00f5\u00f5dud.png\" alt=\"S\u00f5lmkett (elektritsingitud)\" width=\"392\" height=\"102\" data-id=\"1630\" srcset=\"https:\/\/www.mazam.eu\/wp-content\/uploads\/2017\/04\/rauakaup-s\u00f5lmkett-kett-m\u00f5\u00f5dud.png 392w, https:\/\/www.mazam.eu\/wp-content\/uploads\/2017\/04\/rauakaup-s\u00f5lmkett-kett-m\u00f5\u00f5dud-300x78.png 300w\" sizes=\"auto, (max-width: 392px) 100vw, 392px\" \/><\/a><figcaption id=\"caption-attachment-1630\" class=\"wp-caption-text\">S\u00f5lmkett (elektritsingitud)<\/figcaption><\/figure>\n<table width=\"719\">\n<tbody>\n<tr>\n<td style=\"text-align: center;\" rowspan=\"2\" width=\"114\"><strong>Suurus (d)<\/strong><\/td>\n<td style=\"text-align: center;\" width=\"56\"><strong>p<\/strong><\/td>\n<td style=\"text-align: center;\" width=\"54\"><strong>Le<\/strong><\/td>\n<td style=\"text-align: center;\" width=\"75\"><strong>T\u00f6\u00f6koormus<\/strong><\/td>\n<\/tr>\n<tr>\n<td style=\"text-align: center;\"><strong>[mm]<\/strong><\/td>\n<td style=\"text-align: center;\"><strong>[mm]<\/strong><\/td>\n<td style=\"text-align: center;\"><strong>[kg]<\/strong><\/td>\n<\/tr>\n<tr>\n<td style=\"text-align: center;\">1,4 mm<\/td>\n<td style=\"text-align: center;\">21<\/td>\n<td style=\"text-align: center;\">6.5<\/td>\n<td style=\"text-align: center;\">\u00a0\u00a0\u00a0\u00a0\u00a0\u00a0\u00a0\u00a0 15<\/td>\n<\/tr>\n<tr>\n<td style=\"text-align: center;\">1,6 mm<\/td>\n<td style=\"text-align: center;\">23<\/td>\n<td style=\"text-align: center;\">7<\/td>\n<td style=\"text-align: center;\">\u00a0\u00a0\u00a0\u00a0\u00a0\u00a0\u00a0\u00a0 20<\/td>\n<\/tr>\n<tr>\n<td style=\"text-align: center;\">1,8 mm<\/td>\n<td style=\"text-align: center;\">27<\/td>\n<td style=\"text-align: center;\">8<\/td>\n<td style=\"text-align: center;\">\u00a0\u00a0\u00a0\u00a0\u00a0\u00a0\u00a0\u00a0 30<\/td>\n<\/tr>\n<tr>\n<td style=\"text-align: center;\">2,0 mm<\/td>\n<td style=\"text-align: center;\">28<\/td>\n<td style=\"text-align: center;\">9<\/td>\n<td style=\"text-align: center;\">\u00a0\u00a0\u00a0\u00a0\u00a0\u00a0\u00a0\u00a0 40<\/td>\n<\/tr>\n<tr>\n<td style=\"text-align: center;\">2,2 mm<\/td>\n<td style=\"text-align: center;\">31<\/td>\n<td style=\"text-align: center;\">10<\/td>\n<td style=\"text-align: center;\">\u00a0\u00a0\u00a0\u00a0\u00a0\u00a0\u00a0\u00a0 50<\/td>\n<\/tr>\n<tr>\n<td style=\"text-align: center;\">2,5 mm<\/td>\n<td style=\"text-align: center;\">35<\/td>\n<td style=\"text-align: center;\">11<\/td>\n<td style=\"text-align: center;\">\u00a0\u00a0\u00a0\u00a0\u00a0\u00a0\u00a0\u00a0 70<\/td>\n<\/tr>\n<tr>\n<td style=\"text-align: center;\">2,8 mm<\/td>\n<td style=\"text-align: center;\">39<\/td>\n<td style=\"text-align: center;\">12.5<\/td>\n<td style=\"text-align: center;\">\u00a0\u00a0\u00a0\u00a0\u00a0\u00a0\u00a0\u00a0 90<\/td>\n<\/tr>\n<tr>\n<td style=\"text-align: center;\">3,0 mm<\/td>\n<td style=\"text-align: center;\">41<\/td>\n<td style=\"text-align: center;\">14<\/td>\n<td style=\"text-align: center;\">\u00a0\u00a0\u00a0\u00a0\u00a0\u00a0 120<\/td>\n<\/tr>\n<tr>\n<td style=\"text-align: center;\">3,4 mm<\/td>\n<td style=\"text-align: center;\">44<\/td>\n<td style=\"text-align: center;\">15.5<\/td>\n<td style=\"text-align: center;\">\u00a0\u00a0\u00a0\u00a0\u00a0\u00a0 140<\/td>\n<\/tr>\n<tr>\n<td style=\"text-align: center;\">3,8 mm<\/td>\n<td style=\"text-align: center;\">46<\/td>\n<td style=\"text-align: center;\">17<\/td>\n<td style=\"text-align: center;\">\u00a0\u00a0\u00a0\u00a0\u00a0\u00a0 160<\/td>\n<\/tr>\n<tr>\n<td style=\"text-align: center;\">4,2 mm<\/td>\n<td style=\"text-align: center;\">52<\/td>\n<td style=\"text-align: center;\">19<\/td>\n<td style=\"text-align: center;\">\u00a0\u00a0\u00a0\u00a0\u00a0\u00a0 170<\/td>\n<\/tr>\n<tr>\n<td style=\"text-align: center;\">4,6 mm<\/td>\n<td style=\"text-align: center;\">51<\/td>\n<td style=\"text-align: center;\">20.5<\/td>\n<td style=\"text-align: center;\">\u00a0\u00a0\u00a0\u00a0\u00a0\u00a0 180<\/td>\n<\/tr>\n<tr>\n<td style=\"text-align: center;\">5,0 mm<\/td>\n<td style=\"text-align: center;\">61<\/td>\n<td style=\"text-align: center;\">22.5<\/td>\n<td style=\"text-align: center;\">\u00a0\u00a0\u00a0\u00a0\u00a0\u00a0 190<\/td>\n<\/tr>\n<\/tbody>\n<\/table>\n","protected":false},"excerpt":{"rendered":"<p>3&nbsp;146 vaatamist Suurus (d) p Le T\u00f6\u00f6koormus [mm] [mm] [kg] 1,4 mm 21 6.5 \u00a0\u00a0\u00a0\u00a0\u00a0\u00a0\u00a0\u00a0 15 1,6 mm 23 7 \u00a0\u00a0\u00a0\u00a0\u00a0\u00a0\u00a0\u00a0 20 1,8 mm 27 8 \u00a0\u00a0\u00a0\u00a0\u00a0\u00a0\u00a0\u00a0 30 2,0 mm 28 9 \u00a0\u00a0\u00a0\u00a0\u00a0\u00a0\u00a0\u00a0 40 2,2 mm 31 10 \u00a0\u00a0\u00a0\u00a0\u00a0\u00a0\u00a0\u00a0 50 2,5 mm 35 11 \u00a0\u00a0\u00a0\u00a0\u00a0\u00a0\u00a0\u00a0 70 2,8 mm 39 12.5 \u00a0\u00a0\u00a0\u00a0\u00a0\u00a0\u00a0\u00a0 90 3,0 mm 41&#8230;<\/p>\n","protected":false},"author":1,"featured_media":0,"parent":5,"menu_order":0,"comment_status":"closed","ping_status":"closed","template":"","meta":{"_uf_show_specific_survey":0,"_uf_disable_surveys":false,"iawp_total_views":16,"footnotes":""},"class_list":["post-1629","page","type-page","status-publish","hentry"],"yoast_head":"<!-- This site is optimized with the Yoast SEO plugin v27.5 - https:\/\/yoast.com\/product\/yoast-seo-wordpress\/ -->\n<title>S\u00f5lmkett (elektritsingitud) - Mazam O\u00dc - tootmine ja m\u00fc\u00fck<\/title>\n<meta name=\"description\" content=\"S\u00f5lmkett (elektritsingitud) - lihtsamateks toiminguteks.\" \/>\n<meta name=\"robots\" content=\"index, follow, max-snippet:-1, max-image-preview:large, max-video-preview:-1\" \/>\n<link rel=\"canonical\" href=\"https:\/\/www.mazam.eu\/ru\/produkty\/solmkett\/\" \/>\n<meta property=\"og:locale\" content=\"ru_RU\" \/>\n<meta property=\"og:type\" content=\"article\" \/>\n<meta property=\"og:title\" content=\"S\u00f5lmkett (elektritsingitud) - Mazam O\u00dc - tootmine ja m\u00fc\u00fck\" \/>\n<meta property=\"og:description\" content=\"S\u00f5lmkett (elektritsingitud) - lihtsamateks toiminguteks.\" \/>\n<meta property=\"og:url\" content=\"https:\/\/www.mazam.eu\/ru\/produkty\/solmkett\/\" \/>\n<meta property=\"og:site_name\" content=\"Mazam O&Uuml; | T&otilde;ste- ja koormakinnitusvahendite tootmine ja m&uuml;&uuml;k (2014 - 2026) - linttropp &bull; koormarihm &bull; ringt&otilde;stev&ouml;&ouml; &bull; terastross &bull; kett-tropp &bull; vints &bull; t&otilde;stemagnet jpm.\" \/>\n<meta property=\"article:modified_time\" content=\"2025-05-05T09:06:43+00:00\" \/>\n<meta name=\"twitter:card\" content=\"summary_large_image\" \/>\n<meta name=\"twitter:label1\" content=\"\u041f\u0440\u0438\u043c\u0435\u0440\u043d\u043e\u0435 \u0432\u0440\u0435\u043c\u044f \u0434\u043b\u044f \u0447\u0442\u0435\u043d\u0438\u044f\" \/>\n\t<meta name=\"twitter:data1\" content=\"1 \u043c\u0438\u043d\u0443\u0442\u0430\" \/>\n<script type=\"application\/ld+json\" class=\"yoast-schema-graph\">{\"@context\":\"https:\\\/\\\/schema.org\",\"@graph\":[{\"@type\":\"WebPage\",\"@id\":\"https:\\\/\\\/www.mazam.eu\\\/tooted\\\/solmkett\\\/\",\"url\":\"https:\\\/\\\/www.mazam.eu\\\/tooted\\\/solmkett\\\/\",\"name\":\"S\u00f5lmkett (elektritsingitud) - Mazam O\u00dc - tootmine ja m\u00fc\u00fck\",\"isPartOf\":{\"@id\":\"https:\\\/\\\/www.mazam.eu\\\/#website\"},\"datePublished\":\"2017-04-30T22:08:44+00:00\",\"dateModified\":\"2025-05-05T09:06:43+00:00\",\"description\":\"S\u00f5lmkett (elektritsingitud) - lihtsamateks toiminguteks.\",\"breadcrumb\":{\"@id\":\"https:\\\/\\\/www.mazam.eu\\\/tooted\\\/solmkett\\\/#breadcrumb\"},\"inLanguage\":\"ru-RU\",\"potentialAction\":[{\"@type\":\"ReadAction\",\"target\":[\"https:\\\/\\\/www.mazam.eu\\\/tooted\\\/solmkett\\\/\"]}]},{\"@type\":\"BreadcrumbList\",\"@id\":\"https:\\\/\\\/www.mazam.eu\\\/tooted\\\/solmkett\\\/#breadcrumb\",\"itemListElement\":[{\"@type\":\"ListItem\",\"position\":1,\"name\":\"Home\",\"item\":\"https:\\\/\\\/www.mazam.eu\\\/\"},{\"@type\":\"ListItem\",\"position\":2,\"name\":\"Tooted\",\"item\":\"https:\\\/\\\/www.mazam.eu\\\/tooted\\\/\"},{\"@type\":\"ListItem\",\"position\":3,\"name\":\"S\u00f5lmkett\"}]},{\"@type\":\"WebSite\",\"@id\":\"https:\\\/\\\/www.mazam.eu\\\/#website\",\"url\":\"https:\\\/\\\/www.mazam.eu\\\/\",\"name\":\"Mazam O&Uuml; | T&otilde;ste- ja koormakinnitusvahendite tootmine ja m&uuml;&uuml;k (2014 - 2026) - linttropp &bull; koormarihm &bull; ringt&otilde;stev&ouml;&ouml; &bull; terastross &bull; kett-tropp &bull; vints &bull; t&otilde;stemagnet jpm.\",\"description\":\"T&otilde;ste- ja kinnituslahendused | Lifting- and lashing solutions\",\"publisher\":{\"@id\":\"https:\\\/\\\/www.mazam.eu\\\/#organization\"},\"potentialAction\":[{\"@type\":\"SearchAction\",\"target\":{\"@type\":\"EntryPoint\",\"urlTemplate\":\"https:\\\/\\\/www.mazam.eu\\\/?s={search_term_string}\"},\"query-input\":{\"@type\":\"PropertyValueSpecification\",\"valueRequired\":true,\"valueName\":\"search_term_string\"}}],\"inLanguage\":\"ru-RU\"},{\"@type\":\"Organization\",\"@id\":\"https:\\\/\\\/www.mazam.eu\\\/#organization\",\"name\":\"Mazam O\u00dc\",\"url\":\"https:\\\/\\\/www.mazam.eu\\\/\",\"logo\":{\"@type\":\"ImageObject\",\"inLanguage\":\"ru-RU\",\"@id\":\"https:\\\/\\\/www.mazam.eu\\\/#\\\/schema\\\/logo\\\/image\\\/\",\"url\":\"https:\\\/\\\/www.mazam.eu\\\/wp-content\\\/uploads\\\/2015\\\/10\\\/mazam-logo-linttropp-koormarihm-t\u00f5stev\u00f6\u00f6.png\",\"contentUrl\":\"https:\\\/\\\/www.mazam.eu\\\/wp-content\\\/uploads\\\/2015\\\/10\\\/mazam-logo-linttropp-koormarihm-t\u00f5stev\u00f6\u00f6.png\",\"width\":190,\"height\":70,\"caption\":\"Mazam O\u00dc\"},\"image\":{\"@id\":\"https:\\\/\\\/www.mazam.eu\\\/#\\\/schema\\\/logo\\\/image\\\/\"}}]}<\/script>\n<!-- \/ Yoast SEO plugin. -->","yoast_head_json":{"title":"\u042d\u043b\u0435\u043a\u0442\u0440\u043e\u043e\u0446\u0438\u043d\u043a\u043e\u0432\u0430\u043d\u043d\u0430\u044f \u0437\u0432\u0435\u043d\u044c\u0435\u0432\u0430\u044f \u0446\u0435\u043f\u044c - Mazam O\u00dc - \u041f\u0440\u043e\u0438\u0437\u0432\u043e\u0434\u0441\u0442\u0432\u043e \u0438 \u043f\u0440\u043e\u0434\u0430\u0436\u0430","description":"\u0423\u0437\u043b\u043e\u0432\u0430\u0442\u0430\u044f \u0446\u0435\u043f\u044c (\u0433\u0430\u043b\u044c\u0432\u0430\u043d\u0438\u0437\u0438\u0440\u043e\u0432\u0430\u043d\u043d\u0430\u044f) - \u0434\u043b\u044f \u0431\u043e\u043b\u0435\u0435 \u043f\u0440\u043e\u0441\u0442\u044b\u0445 \u043e\u043f\u0435\u0440\u0430\u0446\u0438\u0439.","robots":{"index":"index","follow":"follow","max-snippet":"max-snippet:-1","max-image-preview":"max-image-preview:large","max-video-preview":"max-video-preview:-1"},"canonical":"https:\/\/www.mazam.eu\/ru\/produkty\/solmkett\/","og_locale":"ru_RU","og_type":"article","og_title":"S\u00f5lmkett (elektritsingitud) - Mazam O\u00dc - tootmine ja m\u00fc\u00fck","og_description":"S\u00f5lmkett (elektritsingitud) - lihtsamateks toiminguteks.","og_url":"https:\/\/www.mazam.eu\/ru\/produkty\/solmkett\/","og_site_name":"Mazam O&Uuml; | T&otilde;ste- ja koormakinnitusvahendite tootmine ja m&uuml;&uuml;k (2014 - 2026) - linttropp &bull; koormarihm &bull; ringt&otilde;stev&ouml;&ouml; &bull; terastross &bull; kett-tropp &bull; vints &bull; t&otilde;stemagnet jpm.","article_modified_time":"2025-05-05T09:06:43+00:00","twitter_card":"summary_large_image","twitter_misc":{"\u041f\u0440\u0438\u043c\u0435\u0440\u043d\u043e\u0435 \u0432\u0440\u0435\u043c\u044f \u0434\u043b\u044f \u0447\u0442\u0435\u043d\u0438\u044f":"1 \u043c\u0438\u043d\u0443\u0442\u0430"},"schema":{"@context":"https:\/\/schema.org","@graph":[{"@type":"WebPage","@id":"https:\/\/www.mazam.eu\/tooted\/solmkett\/","url":"https:\/\/www.mazam.eu\/tooted\/solmkett\/","name":"\u042d\u043b\u0435\u043a\u0442\u0440\u043e\u043e\u0446\u0438\u043d\u043a\u043e\u0432\u0430\u043d\u043d\u0430\u044f \u0437\u0432\u0435\u043d\u044c\u0435\u0432\u0430\u044f \u0446\u0435\u043f\u044c - Mazam O\u00dc - \u041f\u0440\u043e\u0438\u0437\u0432\u043e\u0434\u0441\u0442\u0432\u043e \u0438 \u043f\u0440\u043e\u0434\u0430\u0436\u0430","isPartOf":{"@id":"https:\/\/www.mazam.eu\/#website"},"datePublished":"2017-04-30T22:08:44+00:00","dateModified":"2025-05-05T09:06:43+00:00","description":"\u0423\u0437\u043b\u043e\u0432\u0430\u0442\u0430\u044f \u0446\u0435\u043f\u044c (\u0433\u0430\u043b\u044c\u0432\u0430\u043d\u0438\u0437\u0438\u0440\u043e\u0432\u0430\u043d\u043d\u0430\u044f) - \u0434\u043b\u044f \u0431\u043e\u043b\u0435\u0435 \u043f\u0440\u043e\u0441\u0442\u044b\u0445 \u043e\u043f\u0435\u0440\u0430\u0446\u0438\u0439.","breadcrumb":{"@id":"https:\/\/www.mazam.eu\/tooted\/solmkett\/#breadcrumb"},"inLanguage":"ru-RU","potentialAction":[{"@type":"ReadAction","target":["https:\/\/www.mazam.eu\/tooted\/solmkett\/"]}]},{"@type":"BreadcrumbList","@id":"https:\/\/www.mazam.eu\/tooted\/solmkett\/#breadcrumb","itemListElement":[{"@type":"ListItem","position":1,"name":"Home","item":"https:\/\/www.mazam.eu\/"},{"@type":"ListItem","position":2,"name":"Tooted","item":"https:\/\/www.mazam.eu\/tooted\/"},{"@type":"ListItem","position":3,"name":"S\u00f5lmkett"}]},{"@type":"WebSite","@id":"https:\/\/www.mazam.eu\/#website","url":"https:\/\/www.mazam.eu\/","name":"Mazam O\u00dc | \u041f\u0440\u043e\u0438\u0437\u0432\u043e\u0434\u0441\u0442\u0432\u043e \u0438 \u043f\u0440\u043e\u0434\u0430\u0436\u0430 \u043f\u043e\u0434\u044a\u0435\u043c\u043d\u043e-\u0442\u0440\u0430\u043d\u0441\u043f\u043e\u0440\u0442\u043d\u043e\u0433\u043e \u043e\u0431\u043e\u0440\u0443\u0434\u043e\u0432\u0430\u043d\u0438\u044f (2014 - 2026) - \u043b\u0438\u043d\u0442\u0440\u0443\u043f\u0430 - \u0433\u0440\u0443\u0437\u043e\u0432\u043e\u0439 \u0440\u0435\u043c\u0435\u043d\u044c - \u0442\u0430\u043b\u0435\u0432\u044b\u0439 \u0440\u0435\u043c\u0435\u043d\u044c - \u0441\u0442\u0430\u043b\u044c\u043d\u043e\u0439 \u043a\u0430\u043d\u0430\u0442 - \u0446\u0435\u043f\u043d\u043e\u0439 \u0442\u0430\u043b\u0440\u0435\u043f - \u043b\u0435\u0431\u0435\u0434\u043a\u0430 - \u043f\u043e\u0434\u044a\u0435\u043c\u043d\u044b\u0439 \u043c\u0430\u0433\u043d\u0438\u0442 \u0438 \u0442.\u0434.","description":"\u0420\u0435\u0448\u0435\u043d\u0438\u044f \u0434\u043b\u044f \u043f\u043e\u0434\u044a\u0435\u043c\u0430 \u0438 \u043a\u0440\u0435\u043f\u043b\u0435\u043d\u0438\u044f | \u0420\u0435\u0448\u0435\u043d\u0438\u044f \u0434\u043b\u044f \u043f\u043e\u0434\u044a\u0435\u043c\u0430 \u0438 \u043a\u0440\u0435\u043f\u043b\u0435\u043d\u0438\u044f","publisher":{"@id":"https:\/\/www.mazam.eu\/#organization"},"potentialAction":[{"@type":"SearchAction","target":{"@type":"EntryPoint","urlTemplate":"https:\/\/www.mazam.eu\/?s={search_term_string}"},"query-input":{"@type":"PropertyValueSpecification","valueRequired":true,"valueName":"search_term_string"}}],"inLanguage":"ru-RU"},{"@type":"Organization","@id":"https:\/\/www.mazam.eu\/#organization","name":"Mazam O\u00dc","url":"https:\/\/www.mazam.eu\/","logo":{"@type":"ImageObject","inLanguage":"ru-RU","@id":"https:\/\/www.mazam.eu\/#\/schema\/logo\/image\/","url":"https:\/\/www.mazam.eu\/wp-content\/uploads\/2015\/10\/mazam-logo-linttropp-koormarihm-t\u00f5stev\u00f6\u00f6.png","contentUrl":"https:\/\/www.mazam.eu\/wp-content\/uploads\/2015\/10\/mazam-logo-linttropp-koormarihm-t\u00f5stev\u00f6\u00f6.png","width":190,"height":70,"caption":"Mazam O\u00dc"},"image":{"@id":"https:\/\/www.mazam.eu\/#\/schema\/logo\/image\/"}}]}},"_links":{"self":[{"href":"https:\/\/www.mazam.eu\/ru\/wp-json\/wp\/v2\/pages\/1629","targetHints":{"allow":["GET"]}}],"collection":[{"href":"https:\/\/www.mazam.eu\/ru\/wp-json\/wp\/v2\/pages"}],"about":[{"href":"https:\/\/www.mazam.eu\/ru\/wp-json\/wp\/v2\/types\/page"}],"author":[{"embeddable":true,"href":"https:\/\/www.mazam.eu\/ru\/wp-json\/wp\/v2\/users\/1"}],"replies":[{"embeddable":true,"href":"https:\/\/www.mazam.eu\/ru\/wp-json\/wp\/v2\/comments?post=1629"}],"version-history":[{"count":4,"href":"https:\/\/www.mazam.eu\/ru\/wp-json\/wp\/v2\/pages\/1629\/revisions"}],"predecessor-version":[{"id":8218,"href":"https:\/\/www.mazam.eu\/ru\/wp-json\/wp\/v2\/pages\/1629\/revisions\/8218"}],"up":[{"embeddable":true,"href":"https:\/\/www.mazam.eu\/ru\/wp-json\/wp\/v2\/pages\/5"}],"wp:attachment":[{"href":"https:\/\/www.mazam.eu\/ru\/wp-json\/wp\/v2\/media?parent=1629"}],"curies":[{"name":"wp","href":"https:\/\/api.w.org\/{rel}","templated":true}]}}