{"id":167,"date":"2015-09-30T09:28:54","date_gmt":"2015-09-30T09:28:54","guid":{"rendered":"http:\/\/www.mazam.eu\/?page_id=167"},"modified":"2025-02-24T10:34:28","modified_gmt":"2025-02-24T10:34:28","slug":"testirovaniye","status":"publish","type":"page","link":"https:\/\/www.mazam.eu\/ru\/katsetamine\/","title":{"rendered":"\u0422\u0415\u0421\u0422\u0418\u0420\u041e\u0412\u0410\u041d\u0418\u0415"},"content":{"rendered":"<div class='epvc-post-count'><span class='epvc-eye'><\/span>  <span class=\"epvc-count\"> 11&nbsp;047<\/span><span class='epvc-label'> \u043f\u0440\u043e\u0441\u043c\u043e\u0442\u0440<\/span><\/div><p><span style=\"color: #ffffff;\">\u0442\u0435\u0441\u0442\u0438\u0440\u043e\u0432\u0430\u043d\u0438\u0435<\/span><strong><br \/>\n\u0418\u0441\u043f\u044b\u0442\u0430\u043d\u0438\u044f \u043f\u0440\u043e\u0434\u0443\u043a\u0446\u0438\u0438 \u0432 \u0438\u0441\u043f\u044b\u0442\u0430\u0442\u0435\u043b\u044c\u043d\u043e\u0439 \u043b\u0430\u0431\u043e\u0440\u0430\u0442\u043e\u0440\u0438\u0438 \u0422\u0430\u043b\u043b\u0438\u043d\u043d\u0441\u043a\u043e\u0433\u043e \u0442\u0435\u0445\u043d\u043e\u043b\u043e\u0433\u0438\u0447\u0435\u0441\u043a\u043e\u0433\u043e \u0443\u043d\u0438\u0432\u0435\u0440\u0441\u0438\u0442\u0435\u0442\u0430 (TUT) \u043f\u043e \u043c\u0435\u0445\u0430\u043d\u0438\u043a\u0435 \u0438 \u043c\u0435\u0442\u0440\u043e\u043b\u043e\u0433\u0438\u0438.<br \/>\n<\/strong>\u0412 \u043b\u0430\u0431\u043e\u0440\u0430\u0442\u043e\u0440\u0438\u0438 \u043c\u0435\u0445\u0430\u043d\u0438\u0447\u0435\u0441\u043a\u0438\u0445 \u0438\u0441\u043f\u044b\u0442\u0430\u043d\u0438\u0439 \u0441 \u043f\u043e\u043c\u043e\u0449\u044c\u044e \u0441\u0435\u0440\u0432\u043e\u0433\u0438\u0434\u0440\u0430\u0432\u043b\u0438\u0447\u0435\u0441\u043a\u043e\u0439 \u0438\u0441\u043f\u044b\u0442\u0430\u0442\u0435\u043b\u044c\u043d\u043e\u0439 \u0441\u0438\u0441\u0442\u0435\u043c\u044b \u043c\u043e\u0436\u043d\u043e \u043f\u0440\u043e\u0432\u043e\u0434\u0438\u0442\u044c \u0433\u0438\u0431\u043a\u0438\u0435 \u0438\u0441\u043f\u044b\u0442\u0430\u043d\u0438\u044f.<br \/>\n\u0438\u0441\u043f\u044b\u0442\u0430\u043d\u0438\u044f \u043c\u0435\u0445\u0430\u043d\u0438\u0447\u0435\u0441\u043a\u0438\u0445 \u0438\u0437\u0434\u0435\u043b\u0438\u0439. \u0418\u0441\u043f\u044b\u0442\u0430\u043d\u0438\u044f \u043c\u043e\u0433\u0443\u0442 \u0431\u044b\u0442\u044c \u043a\u0430\u043a \u043a\u0432\u0430\u0437\u0438\u0441\u0442\u0430\u0442\u0438\u0447\u0435\u0441\u043a\u0438\u043c\u0438 (\u043c\u0435\u0434\u043b\u0435\u043d\u043d\u0430\u044f \u043d\u0430\u0433\u0440\u0443\u0437\u043a\u0430), \u0442\u0430\u043a \u0438 \u0434\u0438\u043d\u0430\u043c\u0438\u0447\u0435\u0441\u043a\u0438\u043c\u0438 (\u0443\u0441\u0442\u0430\u043b\u043e\u0441\u0442\u043d\u044b\u0435 \u0438\u0441\u043f\u044b\u0442\u0430\u043d\u0438\u044f).<br \/>\n\u2014<br \/>\n\u041f\u0440\u043e\u0434\u0443\u043a\u0442\u044b, \u043a\u043e\u0442\u043e\u0440\u044b\u0435 \u043c\u043e\u0436\u043d\u043e \u043f\u0440\u043e\u0442\u0435\u0441\u0442\u0438\u0440\u043e\u0432\u0430\u0442\u044c:<\/p>\n<div class=\"article\">\n<ul>\n<li>\u0421\u0442\u0440\u043e\u043f\u044b \u0442\u0435\u043a\u0441\u0442\u0438\u043b\u044c\u043d\u044b\u0435 \u043f\u0435\u0442\u043b\u0435\u0432\u044b\u0435<\/li>\n<li>\u0421\u0442\u044f\u0436\u043d\u044b\u0435 \u0440\u0435\u043c\u043d\u0438 \u0434\u043b\u044f \u043a\u0440\u0435\u043f\u043b\u0435\u043d\u0438\u044f \u0433\u0440\u0443\u0437\u0430<\/li>\n<li>\u0421\u0442\u0440\u043e\u043f\u044b \u0442\u0435\u043a\u0441\u0442\u0438\u043b\u044c\u043d\u044b\u0435 \u043a\u043e\u043b\u044c\u0446\u0435\u0432\u044b\u0435<\/li>\n<\/ul>\n<p>\u041e\u0441\u043d\u043e\u0432\u043d\u044b\u043c \u043e\u0433\u0440\u0430\u043d\u0438\u0447\u0435\u043d\u0438\u0435\u043c \u044f\u0432\u043b\u044f\u044e\u0442\u0441\u044f \u0432\u043e\u0437\u043c\u043e\u0436\u043d\u043e\u0441\u0442\u0438 \u043a\u0440\u0435\u043f\u043b\u0435\u043d\u0438\u044f \u0438\u0437\u0434\u0435\u043b\u0438\u044f \u043a \u0438\u0441\u043f\u044b\u0442\u0430\u0442\u0435\u043b\u044c\u043d\u043e\u0439 \u043c\u0430\u0448\u0438\u043d\u0435. \u0418\u0441\u043f\u044b\u0442\u0430\u0442\u0435\u043b\u044c\u043d\u0430\u044f \u043c\u0430\u0448\u0438\u043d\u0430 \u043e\u0441\u043d\u0430\u0449\u0435\u043d\u0430 \u043d\u0430\u043f\u0440\u0430\u0432\u043b\u0435\u043d\u043d\u044b\u043c \u0432\u043d\u0438\u0437 \u0440\u0430\u0431\u043e\u0447\u0438\u043c \u0441\u0442\u043e\u043b\u043e\u043c \u0440\u0430\u0437\u043c\u0435\u0440\u043e\u043c 800 x 870 \u043c\u043c.<br \/>\n\u0418\u0437\u0434\u0435\u043b\u0438\u0435 \u043c\u043e\u0436\u043d\u043e \u043f\u0440\u0438\u043a\u0440\u0435\u043f\u0438\u0442\u044c \u043a \u0441\u0442\u043e\u043b\u0435\u0448\u043d\u0438\u0446\u0435 \u043a\u0430\u043a \u043d\u0430\u043f\u0440\u044f\u043c\u0443\u044e, \u0442\u0430\u043a \u0438 \u0432\u043c\u0435\u0441\u0442\u0435 \u0441 \u0440\u0435\u043c\u043d\u044f\u043c\u0438 \u0431\u0435\u0437\u043e\u043f\u0430\u0441\u043d\u043e\u0441\u0442\u0438, \u0438\u0441\u043f\u043e\u043b\u044c\u0437\u0443\u044f \u0422-\u043e\u0431\u0440\u0430\u0437\u043d\u0443\u044e \u0437\u043e\u043d\u0443 \u0441\u0442\u043e\u043b\u0435\u0448\u043d\u0438\u0446\u044b.<\/p>\n<p>\u0418\u0441\u0442\u043e\u0447\u043d\u0438\u043a: <span style=\"color: #3366ff;\"><a style=\"color: #3366ff;\" href=\"https:\/\/taltech.ee\/ehituse-ja-arhitektuuri-instituut-tugevuse-labor\" target=\"_blank\" rel=\"noopener\">\u0422\u0430\u043b\u043b\u0438\u043d\u043d\u0441\u043a\u0438\u0439 \u0442\u0435\u0445\u043d\u043e\u043b\u043e\u0433\u0438\u0447\u0435\u0441\u043a\u0438\u0439 \u0443\u043d\u0438\u0432\u0435\u0440\u0441\u0438\u0442\u0435\u0442 (\u0422\u0430\u043b\u0442\u0435\u0445)<\/a><\/span><\/p>\n<table>\n<tbody>\n<tr>\n<td><img loading=\"lazy\" decoding=\"async\" class=\"alignnone wp-image-1660 size-full\" src=\"http:\/\/www.mazam.eu\/wp-content\/uploads\/2015\/09\/linttropp-linttropi-katsetamine-TT\u00dc-laboris-1.jpg\" alt=\"\" width=\"400\" height=\"600\" data-id=\"1660\" srcset=\"https:\/\/www.mazam.eu\/wp-content\/uploads\/2015\/09\/linttropp-linttropi-katsetamine-TT\u00dc-laboris-1.jpg 400w, https:\/\/www.mazam.eu\/wp-content\/uploads\/2015\/09\/linttropp-linttropi-katsetamine-TT\u00dc-laboris-1-200x300.jpg 200w\" sizes=\"auto, (max-width: 400px) 100vw, 400px\" \/><\/td>\n<td><img loading=\"lazy\" decoding=\"async\" class=\"alignnone wp-image-1659 size-full\" src=\"http:\/\/www.mazam.eu\/wp-content\/uploads\/2015\/09\/koormarihm-koormarihma-katsetamine-TT\u00dc-laboris-2.jpg\" alt=\"\" width=\"400\" height=\"600\" data-id=\"1659\" srcset=\"https:\/\/www.mazam.eu\/wp-content\/uploads\/2015\/09\/koormarihm-koormarihma-katsetamine-TT\u00dc-laboris-2.jpg 400w, https:\/\/www.mazam.eu\/wp-content\/uploads\/2015\/09\/koormarihm-koormarihma-katsetamine-TT\u00dc-laboris-2-200x300.jpg 200w\" sizes=\"auto, (max-width: 400px) 100vw, 400px\" \/><\/td>\n<\/tr>\n<\/tbody>\n<\/table>\n<\/div>","protected":false},"excerpt":{"rendered":"<p>11&nbsp;047 vaatamistkatsetamine Toodete katsetamine Tallinna Tehnika \u00dclikooli (TT\u00dc) mehaanika ja metroloogia katselaboris. Mehaanika katselaboris kasutades servo-h\u00fcdraulilist katsetus\u00fcsteemi, on v\u00f5imalik paindlikult teostada mehaanilist tootekatsetamist. Katsetada saab nii kvaasi-staatiliselt (aeglane koormamine) kui ka d\u00fcnaamiliselt (v\u00e4simuskatsetamine). &#8212; Tooted, mida v\u00f5imalik katsetada: Linttropid Koormarihmad Ringt\u00f5stev\u00f6\u00f6d P\u00f5hiliseks piiranguks on toote kinnitamisv\u00f5imalused katsemasina k\u00fclge. Katsemasin on varustatud allasetusega t\u00f6\u00f6lauaga m\u00f5\u00f5tmetega 800&#8230;<\/p>","protected":false},"author":1,"featured_media":0,"parent":0,"menu_order":0,"comment_status":"closed","ping_status":"closed","template":"","meta":{"_uf_show_specific_survey":0,"_uf_disable_surveys":false,"iawp_total_views":360,"footnotes":""},"class_list":["post-167","page","type-page","status-publish","hentry"],"yoast_head":"<!-- This site is optimized with the Yoast SEO plugin v27.4 - https:\/\/yoast.com\/product\/yoast-seo-wordpress\/ -->\n<title>Katsetamine<\/title>\n<meta name=\"description\" content=\"Toodete katsetamine Tallinna Tehnika \u00dclikooli (TT\u00dc) mehaanika ja metroloogia katselaboris. Katsetame tooteid: lint-tropid, koormarihmad..\" \/>\n<meta name=\"robots\" content=\"index, follow, max-snippet:-1, max-image-preview:large, max-video-preview:-1\" \/>\n<link rel=\"canonical\" href=\"https:\/\/www.mazam.eu\/ru\/testirovaniye\/\" \/>\n<meta property=\"og:locale\" content=\"ru_RU\" \/>\n<meta property=\"og:type\" content=\"article\" \/>\n<meta property=\"og:title\" content=\"Katsetamine\" \/>\n<meta property=\"og:description\" content=\"Toodete katsetamine Tallinna Tehnika \u00dclikooli (TT\u00dc) mehaanika ja metroloogia katselaboris. Katsetame tooteid: lint-tropid, koormarihmad..\" \/>\n<meta property=\"og:url\" content=\"https:\/\/www.mazam.eu\/ru\/testirovaniye\/\" \/>\n<meta property=\"og:site_name\" content=\"Mazam O&Uuml; | T&otilde;ste- ja koormakinnitusvahendite tootmine ja m&uuml;&uuml;k (2014 - 2026) - linttropp &bull; koormarihm &bull; ringt&otilde;stev&ouml;&ouml; &bull; terastross &bull; kett-tropp &bull; vints &bull; t&otilde;stemagnet jpm.\" \/>\n<meta property=\"article:modified_time\" content=\"2025-02-24T10:34:28+00:00\" \/>\n<meta name=\"twitter:card\" content=\"summary_large_image\" \/>\n<meta name=\"twitter:label1\" content=\"\u041f\u0440\u0438\u043c\u0435\u0440\u043d\u043e\u0435 \u0432\u0440\u0435\u043c\u044f \u0434\u043b\u044f \u0447\u0442\u0435\u043d\u0438\u044f\" \/>\n\t<meta name=\"twitter:data1\" content=\"1 \u043c\u0438\u043d\u0443\u0442\u0430\" \/>\n<script type=\"application\/ld+json\" class=\"yoast-schema-graph\">{\"@context\":\"https:\\\/\\\/schema.org\",\"@graph\":[{\"@type\":\"WebPage\",\"@id\":\"https:\\\/\\\/www.mazam.eu\\\/katsetamine\\\/\",\"url\":\"https:\\\/\\\/www.mazam.eu\\\/katsetamine\\\/\",\"name\":\"Katsetamine\",\"isPartOf\":{\"@id\":\"https:\\\/\\\/www.mazam.eu\\\/#website\"},\"datePublished\":\"2015-09-30T09:28:54+00:00\",\"dateModified\":\"2025-02-24T10:34:28+00:00\",\"description\":\"Toodete katsetamine Tallinna Tehnika \u00dclikooli (TT\u00dc) mehaanika ja metroloogia katselaboris. Katsetame tooteid: lint-tropid, koormarihmad..\",\"breadcrumb\":{\"@id\":\"https:\\\/\\\/www.mazam.eu\\\/katsetamine\\\/#breadcrumb\"},\"inLanguage\":\"ru-RU\",\"potentialAction\":[{\"@type\":\"ReadAction\",\"target\":[\"https:\\\/\\\/www.mazam.eu\\\/katsetamine\\\/\"]}]},{\"@type\":\"BreadcrumbList\",\"@id\":\"https:\\\/\\\/www.mazam.eu\\\/katsetamine\\\/#breadcrumb\",\"itemListElement\":[{\"@type\":\"ListItem\",\"position\":1,\"name\":\"Home\",\"item\":\"https:\\\/\\\/www.mazam.eu\\\/\"},{\"@type\":\"ListItem\",\"position\":2,\"name\":\"Katsetamine\"}]},{\"@type\":\"WebSite\",\"@id\":\"https:\\\/\\\/www.mazam.eu\\\/#website\",\"url\":\"https:\\\/\\\/www.mazam.eu\\\/\",\"name\":\"Mazam O&Uuml; | T&otilde;ste- ja koormakinnitusvahendite tootmine ja m&uuml;&uuml;k (2014 - 2026) - linttropp &bull; koormarihm &bull; ringt&otilde;stev&ouml;&ouml; &bull; terastross &bull; kett-tropp &bull; vints &bull; t&otilde;stemagnet jpm.\",\"description\":\"T&otilde;ste- ja kinnituslahendused | Lifting- and lashing solutions\",\"publisher\":{\"@id\":\"https:\\\/\\\/www.mazam.eu\\\/#organization\"},\"potentialAction\":[{\"@type\":\"SearchAction\",\"target\":{\"@type\":\"EntryPoint\",\"urlTemplate\":\"https:\\\/\\\/www.mazam.eu\\\/?s={search_term_string}\"},\"query-input\":{\"@type\":\"PropertyValueSpecification\",\"valueRequired\":true,\"valueName\":\"search_term_string\"}}],\"inLanguage\":\"ru-RU\"},{\"@type\":\"Organization\",\"@id\":\"https:\\\/\\\/www.mazam.eu\\\/#organization\",\"name\":\"Mazam O\u00dc\",\"url\":\"https:\\\/\\\/www.mazam.eu\\\/\",\"logo\":{\"@type\":\"ImageObject\",\"inLanguage\":\"ru-RU\",\"@id\":\"https:\\\/\\\/www.mazam.eu\\\/#\\\/schema\\\/logo\\\/image\\\/\",\"url\":\"https:\\\/\\\/www.mazam.eu\\\/wp-content\\\/uploads\\\/2015\\\/10\\\/mazam-logo-linttropp-koormarihm-t\u00f5stev\u00f6\u00f6.png\",\"contentUrl\":\"https:\\\/\\\/www.mazam.eu\\\/wp-content\\\/uploads\\\/2015\\\/10\\\/mazam-logo-linttropp-koormarihm-t\u00f5stev\u00f6\u00f6.png\",\"width\":190,\"height\":70,\"caption\":\"Mazam O\u00dc\"},\"image\":{\"@id\":\"https:\\\/\\\/www.mazam.eu\\\/#\\\/schema\\\/logo\\\/image\\\/\"}}]}<\/script>\n<!-- \/ Yoast SEO plugin. -->","yoast_head_json":{"title":"\u0422\u0415\u0421\u0422\u0418\u0420\u041e\u0412\u0410\u041d\u0418\u0415","description":"\u0418\u0441\u043f\u044b\u0442\u0430\u043d\u0438\u044f \u043f\u0440\u043e\u0434\u0443\u043a\u0446\u0438\u0438 \u0432 \u0418\u0441\u043f\u044b\u0442\u0430\u0442\u0435\u043b\u044c\u043d\u043e\u0439 \u043b\u0430\u0431\u043e\u0440\u0430\u0442\u043e\u0440\u0438\u0438 \u043c\u0435\u0445\u0430\u043d\u0438\u043a\u0438 \u0438 \u043c\u0435\u0442\u0440\u043e\u043b\u043e\u0433\u0438\u0438 \u0422\u0430\u043b\u043b\u0438\u043d\u043d\u0441\u043a\u043e\u0433\u043e \u0442\u0435\u0445\u043d\u043e\u043b\u043e\u0433\u0438\u0447\u0435\u0441\u043a\u043e\u0433\u043e \u0443\u043d\u0438\u0432\u0435\u0440\u0441\u0438\u0442\u0435\u0442\u0430 (\u0422\u0423\u0422). \u041c\u044b \u0438\u0441\u043f\u044b\u0442\u044b\u0432\u0430\u0435\u043c \u043f\u0440\u043e\u0434\u0443\u043a\u0446\u0438\u044e: \u0442\u0440\u043e\u0441\u044b \u0434\u043b\u044f \u0440\u0435\u043c\u043d\u0435\u0439, \u0433\u0440\u0443\u0437\u043e\u0432\u044b\u0435 \u0440\u0435\u043c\u043d\u0438...","robots":{"index":"index","follow":"follow","max-snippet":"max-snippet:-1","max-image-preview":"max-image-preview:large","max-video-preview":"max-video-preview:-1"},"canonical":"https:\/\/www.mazam.eu\/ru\/testirovaniye\/","og_locale":"ru_RU","og_type":"article","og_title":"Katsetamine","og_description":"Toodete katsetamine Tallinna Tehnika \u00dclikooli (TT\u00dc) mehaanika ja metroloogia katselaboris. Katsetame tooteid: lint-tropid, koormarihmad..","og_url":"https:\/\/www.mazam.eu\/ru\/testirovaniye\/","og_site_name":"Mazam O&Uuml; | T&otilde;ste- ja koormakinnitusvahendite tootmine ja m&uuml;&uuml;k (2014 - 2026) - linttropp &bull; koormarihm &bull; ringt&otilde;stev&ouml;&ouml; &bull; terastross &bull; kett-tropp &bull; vints &bull; t&otilde;stemagnet jpm.","article_modified_time":"2025-02-24T10:34:28+00:00","twitter_card":"summary_large_image","twitter_misc":{"\u041f\u0440\u0438\u043c\u0435\u0440\u043d\u043e\u0435 \u0432\u0440\u0435\u043c\u044f \u0434\u043b\u044f \u0447\u0442\u0435\u043d\u0438\u044f":"1 \u043c\u0438\u043d\u0443\u0442\u0430"},"schema":{"@context":"https:\/\/schema.org","@graph":[{"@type":"WebPage","@id":"https:\/\/www.mazam.eu\/katsetamine\/","url":"https:\/\/www.mazam.eu\/katsetamine\/","name":"\u0422\u0415\u0421\u0422\u0418\u0420\u041e\u0412\u0410\u041d\u0418\u0415","isPartOf":{"@id":"https:\/\/www.mazam.eu\/#website"},"datePublished":"2015-09-30T09:28:54+00:00","dateModified":"2025-02-24T10:34:28+00:00","description":"\u0418\u0441\u043f\u044b\u0442\u0430\u043d\u0438\u044f \u043f\u0440\u043e\u0434\u0443\u043a\u0446\u0438\u0438 \u0432 \u0418\u0441\u043f\u044b\u0442\u0430\u0442\u0435\u043b\u044c\u043d\u043e\u0439 \u043b\u0430\u0431\u043e\u0440\u0430\u0442\u043e\u0440\u0438\u0438 \u043c\u0435\u0445\u0430\u043d\u0438\u043a\u0438 \u0438 \u043c\u0435\u0442\u0440\u043e\u043b\u043e\u0433\u0438\u0438 \u0422\u0430\u043b\u043b\u0438\u043d\u043d\u0441\u043a\u043e\u0433\u043e \u0442\u0435\u0445\u043d\u043e\u043b\u043e\u0433\u0438\u0447\u0435\u0441\u043a\u043e\u0433\u043e \u0443\u043d\u0438\u0432\u0435\u0440\u0441\u0438\u0442\u0435\u0442\u0430 (\u0422\u0423\u0422). \u041c\u044b \u0438\u0441\u043f\u044b\u0442\u044b\u0432\u0430\u0435\u043c \u043f\u0440\u043e\u0434\u0443\u043a\u0446\u0438\u044e: \u0442\u0440\u043e\u0441\u044b \u0434\u043b\u044f \u0440\u0435\u043c\u043d\u0435\u0439, \u0433\u0440\u0443\u0437\u043e\u0432\u044b\u0435 \u0440\u0435\u043c\u043d\u0438...","breadcrumb":{"@id":"https:\/\/www.mazam.eu\/katsetamine\/#breadcrumb"},"inLanguage":"ru-RU","potentialAction":[{"@type":"ReadAction","target":["https:\/\/www.mazam.eu\/katsetamine\/"]}]},{"@type":"BreadcrumbList","@id":"https:\/\/www.mazam.eu\/katsetamine\/#breadcrumb","itemListElement":[{"@type":"ListItem","position":1,"name":"Home","item":"https:\/\/www.mazam.eu\/"},{"@type":"ListItem","position":2,"name":"Katsetamine"}]},{"@type":"WebSite","@id":"https:\/\/www.mazam.eu\/#website","url":"https:\/\/www.mazam.eu\/","name":"Mazam O\u00dc | \u041f\u0440\u043e\u0438\u0437\u0432\u043e\u0434\u0441\u0442\u0432\u043e \u0438 \u043f\u0440\u043e\u0434\u0430\u0436\u0430 \u043f\u043e\u0434\u044a\u0435\u043c\u043d\u043e-\u0442\u0440\u0430\u043d\u0441\u043f\u043e\u0440\u0442\u043d\u043e\u0433\u043e \u043e\u0431\u043e\u0440\u0443\u0434\u043e\u0432\u0430\u043d\u0438\u044f (2014 - 2026) - \u043b\u0438\u043d\u0442\u0440\u0443\u043f\u0430 - \u0433\u0440\u0443\u0437\u043e\u0432\u043e\u0439 \u0440\u0435\u043c\u0435\u043d\u044c - \u0442\u0430\u043b\u0435\u0432\u044b\u0439 \u0440\u0435\u043c\u0435\u043d\u044c - \u0441\u0442\u0430\u043b\u044c\u043d\u043e\u0439 \u043a\u0430\u043d\u0430\u0442 - \u0446\u0435\u043f\u043d\u043e\u0439 \u0442\u0430\u043b\u0440\u0435\u043f - \u043b\u0435\u0431\u0435\u0434\u043a\u0430 - \u043f\u043e\u0434\u044a\u0435\u043c\u043d\u044b\u0439 \u043c\u0430\u0433\u043d\u0438\u0442 \u0438 \u0442.\u0434.","description":"\u0420\u0435\u0448\u0435\u043d\u0438\u044f \u0434\u043b\u044f \u043f\u043e\u0434\u044a\u0435\u043c\u0430 \u0438 \u043a\u0440\u0435\u043f\u043b\u0435\u043d\u0438\u044f | \u0420\u0435\u0448\u0435\u043d\u0438\u044f \u0434\u043b\u044f \u043f\u043e\u0434\u044a\u0435\u043c\u0430 \u0438 \u043a\u0440\u0435\u043f\u043b\u0435\u043d\u0438\u044f","publisher":{"@id":"https:\/\/www.mazam.eu\/#organization"},"potentialAction":[{"@type":"SearchAction","target":{"@type":"EntryPoint","urlTemplate":"https:\/\/www.mazam.eu\/?s={search_term_string}"},"query-input":{"@type":"PropertyValueSpecification","valueRequired":true,"valueName":"search_term_string"}}],"inLanguage":"ru-RU"},{"@type":"Organization","@id":"https:\/\/www.mazam.eu\/#organization","name":"Mazam O\u00dc","url":"https:\/\/www.mazam.eu\/","logo":{"@type":"ImageObject","inLanguage":"ru-RU","@id":"https:\/\/www.mazam.eu\/#\/schema\/logo\/image\/","url":"https:\/\/www.mazam.eu\/wp-content\/uploads\/2015\/10\/mazam-logo-linttropp-koormarihm-t\u00f5stev\u00f6\u00f6.png","contentUrl":"https:\/\/www.mazam.eu\/wp-content\/uploads\/2015\/10\/mazam-logo-linttropp-koormarihm-t\u00f5stev\u00f6\u00f6.png","width":190,"height":70,"caption":"Mazam O\u00dc"},"image":{"@id":"https:\/\/www.mazam.eu\/#\/schema\/logo\/image\/"}}]}},"_links":{"self":[{"href":"https:\/\/www.mazam.eu\/ru\/wp-json\/wp\/v2\/pages\/167","targetHints":{"allow":["GET"]}}],"collection":[{"href":"https:\/\/www.mazam.eu\/ru\/wp-json\/wp\/v2\/pages"}],"about":[{"href":"https:\/\/www.mazam.eu\/ru\/wp-json\/wp\/v2\/types\/page"}],"author":[{"embeddable":true,"href":"https:\/\/www.mazam.eu\/ru\/wp-json\/wp\/v2\/users\/1"}],"replies":[{"embeddable":true,"href":"https:\/\/www.mazam.eu\/ru\/wp-json\/wp\/v2\/comments?post=167"}],"version-history":[{"count":19,"href":"https:\/\/www.mazam.eu\/ru\/wp-json\/wp\/v2\/pages\/167\/revisions"}],"predecessor-version":[{"id":10290,"href":"https:\/\/www.mazam.eu\/ru\/wp-json\/wp\/v2\/pages\/167\/revisions\/10290"}],"wp:attachment":[{"href":"https:\/\/www.mazam.eu\/ru\/wp-json\/wp\/v2\/media?parent=167"}],"curies":[{"name":"wp","href":"https:\/\/api.w.org\/{rel}","templated":true}]}}