{"id":17,"date":"2015-08-17T08:54:33","date_gmt":"2015-08-17T08:54:33","guid":{"rendered":"http:\/\/mazam.jfoto.ee\/?page_id=17"},"modified":"2025-10-28T11:26:31","modified_gmt":"2025-10-28T11:26:31","slug":"17-2","status":"publish","type":"page","link":"https:\/\/www.mazam.eu\/ru\/","title":{"rendered":"\u041f\u0440\u043e\u0438\u0437\u0432\u043e\u0434\u0441\u0442\u0432\u043e \u0438 \u043f\u0440\u043e\u0434\u0430\u0436\u0430 \u043f\u043e\u0434\u044a\u0435\u043c\u043d\u043e\u0433\u043e \u0438 \u0433\u0440\u0443\u0437\u043e\u0432\u043e\u0433\u043e \u043e\u0431\u043e\u0440\u0443\u0434\u043e\u0432\u0430\u043d\u0438\u044f."},"content":{"rendered":"<div class='epvc-post-count'><span class='epvc-eye'><\/span>  <span class=\"epvc-count\"> 216&nbsp;206<\/span><span class='epvc-label'> \u043f\u0440\u043e\u0441\u043c\u043e\u0442\u0440<\/span><\/div><h5><span style=\"color: #ffffff;\"><strong>\u043f\u0440\u043e\u0438\u0437\u0432\u043e\u0434\u0441\u0442\u0432\u043e \u0438 \u043f\u0440\u043e\u0434\u0430\u0436\u0430 \u043f\u043e\u0434\u044a\u0435\u043c\u043d\u043e\u0433\u043e \u0438 \u0433\u0440\u0443\u0437\u043e\u0437\u0430\u0445\u0432\u0430\u0442\u043d\u043e\u0433\u043e \u043e\u0431\u043e\u0440\u0443\u0434\u043e\u0432\u0430\u043d\u0438\u044f<\/strong><\/span><br \/>\n<div tabindex=\"0\" class=\"cycloneslider cycloneslider-template-standard cycloneslider-width-responsive\" id=\"cycloneslider-slaider-peamine-1\" style=\"max-width:800px\" > <div class=\"cycloneslider-slides cycle-slideshow\" data-cycle-allow-wrap=\"true\" data-cycle-dynamic-height=\"off\" data-cycle-auto-height=\"800:350\" data-cycle-auto-height-easing=\"null\" data-cycle-auto-height-speed=\"250\" data-cycle-delay=\"0\" data-cycle-easing=\"\" data-cycle-fx=\"fade\" data-cycle-hide-non-active=\"true\" data-cycle-log=\"false\" data-cycle-next=\"#cycloneslider-slaider-peamine-1 .cycloneslider-next\" data-cycle-pager=\"#cycloneslider-slaider-peamine-1 .cycloneslider-pager\" data-cycle-pause-on-hover=\"true\" data-cycle-prev=\"#cycloneslider-slaider-peamine-1 .cycloneslider-prev\" data-cycle-slides=\"&gt; div\" data-cycle-speed=\"1000\" data-cycle-swipe=\"1\" data-cycle-tile-count=\"7\" data-cycle-tile-delay=\"100\" data-cycle-tile-vertical=\"true\" data-cycle-timeout=\"2900\" > <div class=\"cycloneslider-slide cycloneslider-slide-image\" > <img decoding=\"async\" src=\"https:\/\/www.mazam.eu\/wp-content\/uploads\/2017\/02\/koormarihma-\u00f5mblemine-koormarihma-tootmine-koormarihmad-koormarihm-800x350.jpg\" alt=\"\" title=\"\" \/> <div class=\"cycloneslider-caption\"> <div class=\"cycloneslider-caption-title\">Koormarihmade tootmine<\/div> <div class=\"cycloneslider-caption-description\"><\/div> <\/div> <\/div> <div class=\"cycloneslider-slide cycloneslider-slide-image\" > <img decoding=\"async\" src=\"https:\/\/www.mazam.eu\/wp-content\/uploads\/2017\/02\/ringt\u00f5stev\u00f6\u00f6-\u00f5mblemine-ringt\u00f5stev\u00f6\u00f6-tootmine-ringt\u00f5stev\u00f6\u00f6d-800x350.jpg\" alt=\"\" title=\"\" \/> <div class=\"cycloneslider-caption\"> <div class=\"cycloneslider-caption-title\">Ringt\u00f5stev\u00f6\u00f6de tootmine<\/div> <div class=\"cycloneslider-caption-description\"><\/div> <\/div> <\/div> <div class=\"cycloneslider-slide cycloneslider-slide-image\" > <img decoding=\"async\" src=\"https:\/\/www.mazam.eu\/wp-content\/uploads\/2015\/09\/linttropid-ehitusele-lifting-slings-for-construction-800x350.jpg\" alt=\"\" title=\"\" \/> <div class=\"cycloneslider-caption\"> <div class=\"cycloneslider-caption-title\">Linttropid ehitusele<\/div> <div class=\"cycloneslider-caption-description\"><\/div> <\/div> <\/div> <div class=\"cycloneslider-slide cycloneslider-slide-image\" > <img decoding=\"async\" src=\"https:\/\/www.mazam.eu\/wp-content\/uploads\/2016\/02\/terastross-teras-tross-terastrossid-tross-800x350.jpg\" alt=\"\" title=\"\" \/> <div class=\"cycloneslider-caption\"> <div class=\"cycloneslider-caption-title\">Terastrossid kraanadele, terastrossid vintsidele..<\/div> <div class=\"cycloneslider-caption-description\"><\/div> <\/div> <\/div> <div class=\"cycloneslider-slide cycloneslider-slide-image\" > <img decoding=\"async\" src=\"https:\/\/www.mazam.eu\/wp-content\/uploads\/2015\/09\/linttropid-paatide-ja-jahtide-t\u00f5stmiseks-lifting-slings-for-boats-and-yachts--800x350.jpg\" alt=\"\" title=\"\" \/> <div class=\"cycloneslider-caption\"> <div class=\"cycloneslider-caption-title\">Linttropid paatide- ja jahtide t\u00f5stmiseks<\/div> <div class=\"cycloneslider-caption-description\"><\/div> <\/div> <\/div> <div class=\"cycloneslider-slide cycloneslider-slide-image\" > <img decoding=\"async\" src=\"https:\/\/www.mazam.eu\/wp-content\/uploads\/2015\/09\/merek\u00f6is-rope-for-sea-800x350.jpg\" alt=\"\" title=\"\" \/> <div class=\"cycloneslider-caption\"> <div class=\"cycloneslider-caption-title\">Merek\u00f6ied<\/div> <div class=\"cycloneslider-caption-description\"><\/div> <\/div> <\/div> <div class=\"cycloneslider-slide cycloneslider-slide-image\" > <img decoding=\"async\" src=\"https:\/\/www.mazam.eu\/wp-content\/uploads\/2015\/09\/k\u00e4sivints-hand-winch-800x350.jpg\" alt=\"\" title=\"\" \/> <div class=\"cycloneslider-caption\"> <div class=\"cycloneslider-caption-title\">Vintsid, ketid, seeklid<\/div> <div class=\"cycloneslider-caption-description\"><\/div> <\/div> <\/div> <\/div> <div class=\"cycloneslider-pager\"><\/div> <a href=\"#\" class=\"cycloneslider-prev\"> <span class=\"arrow\"><\/span> <\/a> <a href=\"#\" class=\"cycloneslider-next\"> <span class=\"arrow\"><\/span> <\/a> <\/div><br \/>\n<span style=\"color: #333333;\"><strong>Mazam \u2014 \u044d\u0441\u0442\u043e\u043d\u0441\u043a\u0430\u044f \u043a\u043e\u043c\u043f\u0430\u043d\u0438\u044f, \u0437\u0430\u043d\u0438\u043c\u0430\u044e\u0449\u0430\u044f\u0441\u044f \u043f\u0440\u043e\u0438\u0437\u0432\u043e\u0434\u0441\u0442\u0432\u043e\u043c \u0438 \u043f\u0440\u043e\u0434\u0430\u0436\u0435\u0439 \u043f\u043e\u0434\u044a\u0435\u043c\u043d\u043e\u0433\u043e \u0438 \u0433\u0440\u0443\u0437\u043e\u043f\u043e\u0434\u044a\u0435\u043c\u043d\u043e\u0433\u043e \u043e\u0431\u043e\u0440\u0443\u0434\u043e\u0432\u0430\u043d\u0438\u044f \u0441 2014 \u0433\u043e\u0434\u0430,<\/strong><\/span><br \/>\n<span style=\"color: #333333;\"><strong>\u041a\u043e\u043c\u043f\u0430\u043d\u0438\u044f \u043f\u0440\u0435\u0434\u043b\u0430\u0433\u0430\u0435\u0442 \u0441\u0432\u043e\u0438\u043c \u043a\u043b\u0438\u0435\u043d\u0442\u0430\u043c \u0432\u044b\u0441\u043e\u043a\u043e\u043a\u0430\u0447\u0435\u0441\u0442\u0432\u0435\u043d\u043d\u043e\u0435 \u0438 \u043f\u0440\u043e\u0444\u0435\u0441\u0441\u0438\u043e\u043d\u0430\u043b\u044c\u043d\u043e\u0435 \u043e\u0431\u0441\u043b\u0443\u0436\u0438\u0432\u0430\u043d\u0438\u0435. \u0410\u0441\u0441\u043e\u0440\u0442\u0438\u043c\u0435\u043d\u0442 \u043d\u0430\u0448\u0435\u0439 \u043f\u0440\u043e\u0434\u0443\u043a\u0446\u0438\u0438 \u0432\u043a\u043b\u044e\u0447\u0430\u0435\u0442 \u0432 \u0441\u0435\u0431\u044f \u0440\u0435\u043c\u043d\u0438 \u0434\u043b\u044f \u043a\u0440\u0435\u043f\u043b\u0435\u043d\u0438\u044f \u0433\u0440\u0443\u0437\u043e\u0432, \u043b\u0435\u043d\u0442\u043e\u0447\u043d\u044b\u0435 \u0441\u0442\u0440\u043e\u043f\u044b \u0438 \u043a\u0440\u0443\u0433\u043b\u044b\u0435 \u0433\u0440\u0443\u0437\u043e\u043f\u043e\u0434\u044a\u0451\u043c\u043d\u044b\u0435 \u0440\u0435\u043c\u043d\u0438 \u0438\u0437 \u043f\u043e\u043b\u0438\u044d\u0444\u0438\u0440\u043d\u043e\u0439 \u043b\u0435\u043d\u0442\u044b \u0440\u0430\u0437\u043b\u0438\u0447\u043d\u043e\u0439 \u0434\u043b\u0438\u043d\u044b, \u043f\u0440\u043e\u0447\u043d\u043e\u0441\u0442\u0438 \u0438 \u0441\u043b\u043e\u0436\u043d\u043e\u0441\u0442\u0438. \u041a\u0440\u043e\u043c\u0435 \u0442\u043e\u0433\u043e, \u043c\u044b \u043f\u0440\u0435\u0434\u043b\u0430\u0433\u0430\u0435\u043c \u0448\u0438\u0440\u043e\u043a\u0438\u0439 \u0430\u0441\u0441\u043e\u0440\u0442\u0438\u043c\u0435\u043d\u0442 \u0434\u0440\u0443\u0433\u0438\u0445 \u0442\u043e\u0432\u0430\u0440\u043e\u0432 \u0434\u043b\u044f \u043f\u043e\u0434\u044a\u0451\u043c\u0430 \u0438 \u043a\u0440\u0435\u043f\u043b\u0435\u043d\u0438\u044f \u0433\u0440\u0443\u0437\u043e\u0432, \u0442\u0430\u043a\u0438\u0445 \u043a\u0430\u043a \u0446\u0435\u043f\u043d\u044b\u0435 \u0441\u0442\u0440\u043e\u043f\u044b, \u043a\u0430\u043d\u0430\u0442\u043d\u044b\u0435 \u0441\u0442\u0440\u043e\u043f\u044b, \u0433\u0440\u0443\u0437\u043e\u0437\u0430\u0445\u0432\u0430\u0442\u043d\u044b\u0435 \u043f\u0440\u0438\u0441\u043f\u043e\u0441\u043e\u0431\u043b\u0435\u043d\u0438\u044f \u0438 \u0442.\u0434. \u0411\u043b\u0430\u0433\u043e\u0434\u0430\u0440\u044f \u043c\u043d\u043e\u0433\u043e\u043b\u0435\u0442\u043d\u0435\u043c\u0443 \u043e\u043f\u044b\u0442\u0443 \u0440\u0430\u0431\u043e\u0442\u044b \u043c\u044b \u0432\u0441\u0435\u0433\u0434\u0430 \u043d\u0430\u0445\u043e\u0434\u0438\u043c \u043e\u043f\u0442\u0438\u043c\u0430\u043b\u044c\u043d\u044b\u0435 \u0440\u0435\u0448\u0435\u043d\u0438\u044f \u0434\u043b\u044f \u0443\u0434\u043e\u0432\u043b\u0435\u0442\u0432\u043e\u0440\u0435\u043d\u0438\u044f \u043f\u043e\u0442\u0440\u0435\u0431\u043d\u043e\u0441\u0442\u0435\u0439 \u0438 \u043f\u043e\u0436\u0435\u043b\u0430\u043d\u0438\u0439 \u043d\u0430\u0448\u0438\u0445 \u043a\u043b\u0438\u0435\u043d\u0442\u043e\u0432. \u041e\u043f\u044b\u0442 \u043d\u0430\u0448\u0438\u0445 \u0441\u043e\u0442\u0440\u0443\u0434\u043d\u0438\u043a\u043e\u0432 (\u043e\u0442\u0434\u0435\u043b\u043e\u0432 \u043f\u0440\u043e\u0434\u0430\u0436 \u0438 \u043f\u0440\u043e\u0438\u0437\u0432\u043e\u0434\u0441\u0442\u0432\u0430) \u0431\u0435\u0440\u0451\u0442 \u043d\u0430\u0447\u0430\u043b\u043e \u0441 1996 \u0433\u043e\u0434\u0430.<\/strong><\/span><strong><span style=\"color: #0000ff;\"><br \/>\n<span style=\"color: #333333;\">\u2014<\/span><br \/>\n<\/span><span style=\"color: #333333;\"><em>\u041d\u0430\u0436\u043c\u0438\u0442\u0435 \u043d\u0430 \u043a\u0430\u0440\u0442\u0438\u043d\u043a\u0443, \u0447\u0442\u043e\u0431\u044b \u0443\u0432\u0438\u0434\u0435\u0442\u044c \u0431\u043e\u043b\u044c\u0448\u0435 \u0438\u043d\u0444\u043e\u0440\u043c\u0430\u0446\u0438\u044f..<\/em><\/span><\/strong><span style=\"font-size: 16px;\">\u200b<\/span><\/h5>\n<table style=\"border-style: hidden;\">\n<tbody>\n<tr>\n<td style=\"text-align: center;\">\n<p><figure id=\"attachment_9415\" aria-describedby=\"caption-attachment-9415\" style=\"width: 200px\" class=\"wp-caption aligncenter\"><a href=\"https:\/\/www.mazam.eu\/ru\/produkty\/stropy-tekstilnyye-petlevyye\/\"><img loading=\"lazy\" decoding=\"async\" class=\"wp-image-9415 size-full\" src=\"https:\/\/www.mazam.eu\/wp-content\/uploads\/2025\/02\/linttropp-lint-tropp-\u0441\u0442\u0440\u043e\u043f-\u0442\u0435\u043a\u0441\u0442\u0438\u043b\u044c\u043d\u044b\u0439-\u043f\u0435\u0442\u043b\u0435\u0432\u043e\u0439-webbing-sling.jpg\" alt=\"\u0421\u0442\u0440\u043e\u043f\u044b \u0442\u0435\u043a\u0441\u0442\u0438\u043b\u044c\u043d\u044b\u0435 \u043f\u0435\u0442\u043b\u0435\u0432\u044b\u0435\" width=\"200\" height=\"150\" data-id=\"9415\" \/><\/a><figcaption id=\"caption-attachment-9415\" class=\"wp-caption-text\">\u0421\u0442\u0440\u043e\u043f\u044b \u0442\u0435\u043a\u0441\u0442\u0438\u043b\u044c\u043d\u044b\u0435 \u043f\u0435\u0442\u043b\u0435\u0432\u044b\u0435<\/figcaption><\/figure><\/td>\n<td style=\"text-align: center;\">\n<p><figure id=\"attachment_10475\" aria-describedby=\"caption-attachment-10475\" style=\"width: 200px\" class=\"wp-caption aligncenter\"><a href=\"https:\/\/www.mazam.eu\/ru\/produkty\/styazhnyye-remni-dlya-krepleniya-gruza\/\"><img loading=\"lazy\" decoding=\"async\" class=\"wp-image-10475 size-full\" src=\"https:\/\/www.mazam.eu\/wp-content\/uploads\/2025\/02\/koormarihmad-koormakinnitusrihmad-\u0421\u0442\u044f\u0436\u043d\u044b\u0435-\u0440\u0435\u043c\u043d\u0438-\u0434\u043b\u044f-\u043a\u0440\u0435\u043f\u043b\u0435\u043d\u0438\u044f-\u0433\u0440\u0443\u0437\u0430-\u0441-\u043a\u0440\u044e\u043a\u0430\u043c\u0438-cargo-latching-straps-tooted.jpg\" alt=\"\u0421\u0442\u044f\u0436\u043d\u044b\u0435 \u0440\u0435\u043c\u043d\u0438 \u0434\u043b\u044f \u043a\u0440\u0435\u043f\u043b\u0435\u043d\u0438\u044f \u0433\u0440\u0443\u0437\u0430\" width=\"200\" height=\"150\" data-id=\"10475\" \/><\/a><figcaption id=\"caption-attachment-10475\" class=\"wp-caption-text\">\u0421\u0442\u044f\u0436\u043d\u044b\u0435 \u0440\u0435\u043c\u043d\u0438 \u0434\u043b\u044f \u043a\u0440\u0435\u043f\u043b\u0435\u043d\u0438\u044f \u0433\u0440\u0443\u0437\u0430<\/figcaption><\/figure><\/td>\n<\/tr>\n<tr>\n<td style=\"text-align: center;\">\n<p><figure id=\"attachment_9839\" aria-describedby=\"caption-attachment-9839\" style=\"width: 200px\" class=\"wp-caption aligncenter\"><a href=\"https:\/\/www.mazam.eu\/ru\/produkty\/stropy-tekstilnyye-koltsevyye\/\"><img loading=\"lazy\" decoding=\"async\" class=\"wp-image-9839 size-full\" src=\"https:\/\/www.mazam.eu\/wp-content\/uploads\/2025\/02\/ringtostevoo-ringvoo-\u0421\u0442\u0440\u043e\u043f-\u0442\u0435\u043a\u0441\u0442\u0438\u043b\u044c\u043d\u044b\u0439-\u043a\u043e\u043b\u044c\u0446\u0435\u0432\u043e\u0439-endless-webbing-sling-avatar.jpg\" alt=\"\u0421\u0442\u0440\u043e\u043f\u044b \u0442\u0435\u043a\u0441\u0442\u0438\u043b\u044c\u043d\u044b\u0435 \u043a\u043e\u043b\u044c\u0446\u0435\u0432\u044b\u0435\" width=\"200\" height=\"150\" data-id=\"9839\" \/><\/a><figcaption id=\"caption-attachment-9839\" class=\"wp-caption-text\">\u0421\u0442\u0440\u043e\u043f\u044b \u0442\u0435\u043a\u0441\u0442\u0438\u043b\u044c\u043d\u044b\u0435 \u043a\u043e\u043b\u044c\u0446\u0435\u0432\u044b\u0435<\/figcaption><\/figure><\/td>\n<td style=\"text-align: center;\">\n<p><figure id=\"attachment_10354\" aria-describedby=\"caption-attachment-10354\" style=\"width: 200px\" class=\"wp-caption aligncenter\"><a href=\"https:\/\/www.mazam.eu\/ru\/produkty\/koltsevyye-styazhnyye-remni-s-pruzhinnym\/\"><img loading=\"lazy\" decoding=\"async\" class=\"wp-image-10354 size-full\" src=\"https:\/\/www.mazam.eu\/wp-content\/uploads\/2025\/02\/pannalsidumisvood-25mm-35mm-\u041a\u043e\u043b\u044c\u0446\u0435\u0432\u044b\u0435-\u0441\u0442\u044f\u0436\u043d\u044b\u0435-\u0440\u0435\u043c\u043d\u0438-\u0441-\u043f\u0440\u0443\u0436\u0438\u043d\u043d\u044b\u043c-\u0437\u0430\u043c\u043a\u043e\u043c-cam-buckle-straps-25mm-35mm-tooted.jpg\" alt=\"\u041a\u043e\u043b\u044c\u0446\u0435\u0432\u044b\u0435 \u0441\u0442\u044f\u0436\u043d\u044b\u0435 \u0440\u0435\u043c\u043d\u0438\" width=\"200\" height=\"150\" data-id=\"10354\" \/><\/a><figcaption id=\"caption-attachment-10354\" class=\"wp-caption-text\">\u041a\u043e\u043b\u044c\u0446\u0435\u0432\u044b\u0435 \u0441\u0442\u044f\u0436\u043d\u044b\u0435 \u0440\u0435\u043c\u043d\u0438<\/figcaption><\/figure><\/td>\n<\/tr>\n<\/tbody>\n<\/table>","protected":false},"excerpt":{"rendered":"<p>216&nbsp;206 vaatamistt\u00f5ste- ja koormakinnitusvahendite tootmine ja m\u00fc\u00fck Mazam O\u00dc on t\u00f5ste- ja koormakinnitusvahendite tootmise- ja m\u00fc\u00fcgiga tegelev Eesti ettev\u00f5te aastast 2014, mis pakub oma klientidele kvaliteetset- ja professionaalset teenust. Meie tootevalikust leiate erineva pikkuse, tugevuse ja keerukusega pol\u00fcesterlindist valmistatud koormakinnitusrihmasid, linttroppe ja ringt\u00f5stev\u00f6\u00f6sid. Lisaks sellele m\u00fc\u00fcme v\u00e4ga palju muid erinevaid t\u00f5ste- ja koormakinnitusega seotud tooteid&#8230;<\/p>","protected":false},"author":1,"featured_media":0,"parent":0,"menu_order":0,"comment_status":"closed","ping_status":"closed","template":"","meta":{"_uf_show_specific_survey":0,"_uf_disable_surveys":false,"iawp_total_views":4510,"footnotes":""},"class_list":["post-17","page","type-page","status-publish","hentry"],"yoast_head":"<!-- This site is optimized with the Yoast SEO plugin v27.4 - https:\/\/yoast.com\/product\/yoast-seo-wordpress\/ -->\n<title>T\u00f5ste- ja koormakinnitusvahendite tootmine ja m\u00fc\u00fck - Mazam O\u00dc<\/title>\n<meta name=\"description\" content=\"Mazam O\u00dc on t\u00f5ste- ja koormakinnitusvahendite tootmise- ja m\u00fc\u00fcgiga tegelev Eesti ettev\u00f5te aastast 2014. Aadress: Peterburi tee 51A Tallinn.\" \/>\n<meta name=\"robots\" content=\"index, follow, max-snippet:-1, max-image-preview:large, max-video-preview:-1\" \/>\n<link rel=\"canonical\" href=\"https:\/\/www.mazam.eu\/ru\/\" \/>\n<meta property=\"og:locale\" content=\"ru_RU\" \/>\n<meta property=\"og:type\" content=\"article\" \/>\n<meta property=\"og:title\" content=\"T\u00f5ste- ja koormakinnitusvahendite tootmine ja m\u00fc\u00fck - Mazam O\u00dc\" \/>\n<meta property=\"og:description\" content=\"Mazam O\u00dc on t\u00f5ste- ja koormakinnitusvahendite tootmise- ja m\u00fc\u00fcgiga tegelev Eesti ettev\u00f5te aastast 2014. Aadress: Peterburi tee 51A Tallinn.\" \/>\n<meta property=\"og:url\" content=\"https:\/\/www.mazam.eu\/ru\/\" \/>\n<meta property=\"og:site_name\" content=\"Mazam O&Uuml; | T&otilde;ste- ja koormakinnitusvahendite tootmine ja m&uuml;&uuml;k (2014 - 2026) - linttropp &bull; koormarihm &bull; ringt&otilde;stev&ouml;&ouml; &bull; terastross &bull; kett-tropp &bull; vints &bull; t&otilde;stemagnet jpm.\" \/>\n<meta property=\"article:modified_time\" content=\"2025-10-28T11:26:31+00:00\" \/>\n<meta name=\"twitter:card\" content=\"summary_large_image\" \/>\n<meta name=\"twitter:label1\" content=\"\u041f\u0440\u0438\u043c\u0435\u0440\u043d\u043e\u0435 \u0432\u0440\u0435\u043c\u044f \u0434\u043b\u044f \u0447\u0442\u0435\u043d\u0438\u044f\" \/>\n\t<meta name=\"twitter:data1\" content=\"2 \u043c\u0438\u043d\u0443\u0442\u044b\" \/>\n<script type=\"application\/ld+json\" class=\"yoast-schema-graph\">{\"@context\":\"https:\\\/\\\/schema.org\",\"@graph\":[{\"@type\":\"WebPage\",\"@id\":\"https:\\\/\\\/www.mazam.eu\\\/\",\"url\":\"https:\\\/\\\/www.mazam.eu\\\/\",\"name\":\"T\u00f5ste- ja koormakinnitusvahendite tootmine ja m\u00fc\u00fck - Mazam O\u00dc\",\"isPartOf\":{\"@id\":\"https:\\\/\\\/www.mazam.eu\\\/#website\"},\"datePublished\":\"2015-08-17T08:54:33+00:00\",\"dateModified\":\"2025-10-28T11:26:31+00:00\",\"description\":\"Mazam O\u00dc on t\u00f5ste- ja koormakinnitusvahendite tootmise- ja m\u00fc\u00fcgiga tegelev Eesti ettev\u00f5te aastast 2014. Aadress: Peterburi tee 51A Tallinn.\",\"breadcrumb\":{\"@id\":\"https:\\\/\\\/www.mazam.eu\\\/#breadcrumb\"},\"inLanguage\":\"ru-RU\",\"potentialAction\":[{\"@type\":\"ReadAction\",\"target\":[\"https:\\\/\\\/www.mazam.eu\\\/\"]}]},{\"@type\":\"BreadcrumbList\",\"@id\":\"https:\\\/\\\/www.mazam.eu\\\/#breadcrumb\",\"itemListElement\":[{\"@type\":\"ListItem\",\"position\":1,\"name\":\"Home\",\"item\":\"https:\\\/\\\/www.mazam.eu\\\/\"},{\"@type\":\"ListItem\",\"position\":2,\"name\":\"T\u00f5ste- ja koormakinnitusvahendite tootmine ja m\u00fc\u00fck\"}]},{\"@type\":\"WebSite\",\"@id\":\"https:\\\/\\\/www.mazam.eu\\\/#website\",\"url\":\"https:\\\/\\\/www.mazam.eu\\\/\",\"name\":\"Mazam O&Uuml; | T&otilde;ste- ja koormakinnitusvahendite tootmine ja m&uuml;&uuml;k (2014 - 2026) - linttropp &bull; koormarihm &bull; ringt&otilde;stev&ouml;&ouml; &bull; terastross &bull; kett-tropp &bull; vints &bull; t&otilde;stemagnet jpm.\",\"description\":\"T&otilde;ste- ja kinnituslahendused | Lifting- and lashing solutions\",\"publisher\":{\"@id\":\"https:\\\/\\\/www.mazam.eu\\\/#organization\"},\"potentialAction\":[{\"@type\":\"SearchAction\",\"target\":{\"@type\":\"EntryPoint\",\"urlTemplate\":\"https:\\\/\\\/www.mazam.eu\\\/?s={search_term_string}\"},\"query-input\":{\"@type\":\"PropertyValueSpecification\",\"valueRequired\":true,\"valueName\":\"search_term_string\"}}],\"inLanguage\":\"ru-RU\"},{\"@type\":\"Organization\",\"@id\":\"https:\\\/\\\/www.mazam.eu\\\/#organization\",\"name\":\"Mazam O\u00dc\",\"url\":\"https:\\\/\\\/www.mazam.eu\\\/\",\"logo\":{\"@type\":\"ImageObject\",\"inLanguage\":\"ru-RU\",\"@id\":\"https:\\\/\\\/www.mazam.eu\\\/#\\\/schema\\\/logo\\\/image\\\/\",\"url\":\"https:\\\/\\\/www.mazam.eu\\\/wp-content\\\/uploads\\\/2015\\\/10\\\/mazam-logo-linttropp-koormarihm-t\u00f5stev\u00f6\u00f6.png\",\"contentUrl\":\"https:\\\/\\\/www.mazam.eu\\\/wp-content\\\/uploads\\\/2015\\\/10\\\/mazam-logo-linttropp-koormarihm-t\u00f5stev\u00f6\u00f6.png\",\"width\":190,\"height\":70,\"caption\":\"Mazam O\u00dc\"},\"image\":{\"@id\":\"https:\\\/\\\/www.mazam.eu\\\/#\\\/schema\\\/logo\\\/image\\\/\"}}]}<\/script>\n<!-- \/ Yoast SEO plugin. -->","yoast_head_json":{"title":"\u041f\u0440\u043e\u0438\u0437\u0432\u043e\u0434\u0441\u0442\u0432\u043e \u0438 \u043f\u0440\u043e\u0434\u0430\u0436\u0430 \u043f\u043e\u0434\u044a\u0435\u043c\u043d\u043e\u0433\u043e \u0438 \u0433\u0440\u0443\u0437\u043e\u0437\u0430\u0445\u0432\u0430\u0442\u043d\u043e\u0433\u043e \u043e\u0431\u043e\u0440\u0443\u0434\u043e\u0432\u0430\u043d\u0438\u044f - Mazam O\u00dc","description":"Mazam O\u00dc - \u044d\u0441\u0442\u043e\u043d\u0441\u043a\u0430\u044f \u043a\u043e\u043c\u043f\u0430\u043d\u0438\u044f, \u0437\u0430\u043d\u0438\u043c\u0430\u044e\u0449\u0430\u044f\u0441\u044f \u043f\u0440\u043e\u0438\u0437\u0432\u043e\u0434\u0441\u0442\u0432\u043e\u043c \u0438 \u043f\u0440\u043e\u0434\u0430\u0436\u0435\u0439 \u043f\u043e\u0434\u044a\u0435\u043c\u043d\u043e\u0433\u043e \u0438 \u0433\u0440\u0443\u0437\u043e\u0437\u0430\u0445\u0432\u0430\u0442\u043d\u043e\u0433\u043e \u043e\u0431\u043e\u0440\u0443\u0434\u043e\u0432\u0430\u043d\u0438\u044f \u0441 2014 \u0433. \u0410\u0434\u0440\u0435\u0441: \u0422\u0430\u043b\u043b\u0438\u043d, \u041f\u0435\u0442\u0435\u0440\u0431\u044e\u0440\u0438 \u0442\u0435\u044d, 51\u0410.","robots":{"index":"index","follow":"follow","max-snippet":"max-snippet:-1","max-image-preview":"max-image-preview:large","max-video-preview":"max-video-preview:-1"},"canonical":"https:\/\/www.mazam.eu\/ru\/","og_locale":"ru_RU","og_type":"article","og_title":"T\u00f5ste- ja koormakinnitusvahendite tootmine ja m\u00fc\u00fck - Mazam O\u00dc","og_description":"Mazam O\u00dc on t\u00f5ste- ja koormakinnitusvahendite tootmise- ja m\u00fc\u00fcgiga tegelev Eesti ettev\u00f5te aastast 2014. Aadress: Peterburi tee 51A Tallinn.","og_url":"https:\/\/www.mazam.eu\/ru\/","og_site_name":"Mazam O&Uuml; | T&otilde;ste- ja koormakinnitusvahendite tootmine ja m&uuml;&uuml;k (2014 - 2026) - linttropp &bull; koormarihm &bull; ringt&otilde;stev&ouml;&ouml; &bull; terastross &bull; kett-tropp &bull; vints &bull; t&otilde;stemagnet jpm.","article_modified_time":"2025-10-28T11:26:31+00:00","twitter_card":"summary_large_image","twitter_misc":{"\u041f\u0440\u0438\u043c\u0435\u0440\u043d\u043e\u0435 \u0432\u0440\u0435\u043c\u044f \u0434\u043b\u044f \u0447\u0442\u0435\u043d\u0438\u044f":"2 \u043c\u0438\u043d\u0443\u0442\u044b"},"schema":{"@context":"https:\/\/schema.org","@graph":[{"@type":"WebPage","@id":"https:\/\/www.mazam.eu\/","url":"https:\/\/www.mazam.eu\/","name":"\u041f\u0440\u043e\u0438\u0437\u0432\u043e\u0434\u0441\u0442\u0432\u043e \u0438 \u043f\u0440\u043e\u0434\u0430\u0436\u0430 \u043f\u043e\u0434\u044a\u0435\u043c\u043d\u043e\u0433\u043e \u0438 \u0433\u0440\u0443\u0437\u043e\u0437\u0430\u0445\u0432\u0430\u0442\u043d\u043e\u0433\u043e \u043e\u0431\u043e\u0440\u0443\u0434\u043e\u0432\u0430\u043d\u0438\u044f - Mazam O\u00dc","isPartOf":{"@id":"https:\/\/www.mazam.eu\/#website"},"datePublished":"2015-08-17T08:54:33+00:00","dateModified":"2025-10-28T11:26:31+00:00","description":"Mazam O\u00dc - \u044d\u0441\u0442\u043e\u043d\u0441\u043a\u0430\u044f \u043a\u043e\u043c\u043f\u0430\u043d\u0438\u044f, \u0437\u0430\u043d\u0438\u043c\u0430\u044e\u0449\u0430\u044f\u0441\u044f \u043f\u0440\u043e\u0438\u0437\u0432\u043e\u0434\u0441\u0442\u0432\u043e\u043c \u0438 \u043f\u0440\u043e\u0434\u0430\u0436\u0435\u0439 \u043f\u043e\u0434\u044a\u0435\u043c\u043d\u043e\u0433\u043e \u0438 \u0433\u0440\u0443\u0437\u043e\u0437\u0430\u0445\u0432\u0430\u0442\u043d\u043e\u0433\u043e \u043e\u0431\u043e\u0440\u0443\u0434\u043e\u0432\u0430\u043d\u0438\u044f \u0441 2014 \u0433. \u0410\u0434\u0440\u0435\u0441: \u0422\u0430\u043b\u043b\u0438\u043d, \u041f\u0435\u0442\u0435\u0440\u0431\u044e\u0440\u0438 \u0442\u0435\u044d, 51\u0410.","breadcrumb":{"@id":"https:\/\/www.mazam.eu\/#breadcrumb"},"inLanguage":"ru-RU","potentialAction":[{"@type":"ReadAction","target":["https:\/\/www.mazam.eu\/"]}]},{"@type":"BreadcrumbList","@id":"https:\/\/www.mazam.eu\/#breadcrumb","itemListElement":[{"@type":"ListItem","position":1,"name":"Home","item":"https:\/\/www.mazam.eu\/"},{"@type":"ListItem","position":2,"name":"T\u00f5ste- ja koormakinnitusvahendite tootmine ja m\u00fc\u00fck"}]},{"@type":"WebSite","@id":"https:\/\/www.mazam.eu\/#website","url":"https:\/\/www.mazam.eu\/","name":"Mazam O\u00dc | \u041f\u0440\u043e\u0438\u0437\u0432\u043e\u0434\u0441\u0442\u0432\u043e \u0438 \u043f\u0440\u043e\u0434\u0430\u0436\u0430 \u043f\u043e\u0434\u044a\u0435\u043c\u043d\u043e-\u0442\u0440\u0430\u043d\u0441\u043f\u043e\u0440\u0442\u043d\u043e\u0433\u043e \u043e\u0431\u043e\u0440\u0443\u0434\u043e\u0432\u0430\u043d\u0438\u044f (2014 - 2026) - \u043b\u0438\u043d\u0442\u0440\u0443\u043f\u0430 - \u0433\u0440\u0443\u0437\u043e\u0432\u043e\u0439 \u0440\u0435\u043c\u0435\u043d\u044c - \u0442\u0430\u043b\u0435\u0432\u044b\u0439 \u0440\u0435\u043c\u0435\u043d\u044c - \u0441\u0442\u0430\u043b\u044c\u043d\u043e\u0439 \u043a\u0430\u043d\u0430\u0442 - \u0446\u0435\u043f\u043d\u043e\u0439 \u0442\u0430\u043b\u0440\u0435\u043f - \u043b\u0435\u0431\u0435\u0434\u043a\u0430 - \u043f\u043e\u0434\u044a\u0435\u043c\u043d\u044b\u0439 \u043c\u0430\u0433\u043d\u0438\u0442 \u0438 \u0442.\u0434.","description":"\u0420\u0435\u0448\u0435\u043d\u0438\u044f \u0434\u043b\u044f \u043f\u043e\u0434\u044a\u0435\u043c\u0430 \u0438 \u043a\u0440\u0435\u043f\u043b\u0435\u043d\u0438\u044f | \u0420\u0435\u0448\u0435\u043d\u0438\u044f \u0434\u043b\u044f \u043f\u043e\u0434\u044a\u0435\u043c\u0430 \u0438 \u043a\u0440\u0435\u043f\u043b\u0435\u043d\u0438\u044f","publisher":{"@id":"https:\/\/www.mazam.eu\/#organization"},"potentialAction":[{"@type":"SearchAction","target":{"@type":"EntryPoint","urlTemplate":"https:\/\/www.mazam.eu\/?s={search_term_string}"},"query-input":{"@type":"PropertyValueSpecification","valueRequired":true,"valueName":"search_term_string"}}],"inLanguage":"ru-RU"},{"@type":"Organization","@id":"https:\/\/www.mazam.eu\/#organization","name":"Mazam O\u00dc","url":"https:\/\/www.mazam.eu\/","logo":{"@type":"ImageObject","inLanguage":"ru-RU","@id":"https:\/\/www.mazam.eu\/#\/schema\/logo\/image\/","url":"https:\/\/www.mazam.eu\/wp-content\/uploads\/2015\/10\/mazam-logo-linttropp-koormarihm-t\u00f5stev\u00f6\u00f6.png","contentUrl":"https:\/\/www.mazam.eu\/wp-content\/uploads\/2015\/10\/mazam-logo-linttropp-koormarihm-t\u00f5stev\u00f6\u00f6.png","width":190,"height":70,"caption":"Mazam O\u00dc"},"image":{"@id":"https:\/\/www.mazam.eu\/#\/schema\/logo\/image\/"}}]}},"_links":{"self":[{"href":"https:\/\/www.mazam.eu\/ru\/wp-json\/wp\/v2\/pages\/17","targetHints":{"allow":["GET"]}}],"collection":[{"href":"https:\/\/www.mazam.eu\/ru\/wp-json\/wp\/v2\/pages"}],"about":[{"href":"https:\/\/www.mazam.eu\/ru\/wp-json\/wp\/v2\/types\/page"}],"author":[{"embeddable":true,"href":"https:\/\/www.mazam.eu\/ru\/wp-json\/wp\/v2\/users\/1"}],"replies":[{"embeddable":true,"href":"https:\/\/www.mazam.eu\/ru\/wp-json\/wp\/v2\/comments?post=17"}],"version-history":[{"count":122,"href":"https:\/\/www.mazam.eu\/ru\/wp-json\/wp\/v2\/pages\/17\/revisions"}],"predecessor-version":[{"id":12326,"href":"https:\/\/www.mazam.eu\/ru\/wp-json\/wp\/v2\/pages\/17\/revisions\/12326"}],"wp:attachment":[{"href":"https:\/\/www.mazam.eu\/ru\/wp-json\/wp\/v2\/media?parent=17"}],"curies":[{"name":"wp","href":"https:\/\/api.w.org\/{rel}","templated":true}]}}