{"id":1732,"date":"2017-05-05T18:24:18","date_gmt":"2017-05-05T18:24:18","guid":{"rendered":"http:\/\/www.mazam.eu\/?page_id=1732"},"modified":"2025-03-18T10:13:09","modified_gmt":"2025-03-18T10:13:09","slug":"krepezhnaya-tsep","status":"publish","type":"page","link":"https:\/\/www.mazam.eu\/ru\/tooted\/koormakett-sulgurkonksudega\/","title":{"rendered":"\u043a\u0440\u0435\u043f\u0435\u0436\u043d\u0430\u044f \u0446\u0435\u043f\u044c \u0441 \u043a\u0440\u044e\u043a\u0430\u043c\u0438"},"content":{"rendered":"<div class='epvc-post-count'><span class='epvc-eye'><\/span>  <span class=\"epvc-count\"> 3&nbsp;009<\/span><span class='epvc-label'> \u043f\u0440\u043e\u0441\u043c\u043e\u0442\u0440<\/span><\/div><p><span style=\"color: #ffffff;\">\u043a\u0440\u0435\u043f\u0435\u0436\u043d\u0430\u044f \u0446\u0435\u043f\u044c \u0441 \u043a\u0440\u044e\u043a\u0430\u043c\u0438<br \/>\n<span style=\"color: #333333;\"><strong>\u0418\u0441\u043f\u043e\u043b\u044c\u0437\u043e\u0432\u0430\u043d\u0438\u0435 - \u0414\u043b\u044f \u043d\u0430\u0434\u0435\u0436\u043d\u043e\u0433\u043e \u0443\u0434\u0435\u0440\u0436\u0430\u043d\u0438\u044f \u0442\u044f\u0436\u0435\u043b\u044b\u0445 \u043f\u0440\u0435\u0434\u043c\u0435\u0442\u043e\u0432 \u0438\u043b\u0438 \u0433\u0440\u0443\u0437\u043e\u0432 \u0432\u043e \u0432\u0440\u0435\u043c\u044f \u0442\u0440\u0430\u043d\u0441\u043f\u043e\u0440\u0442\u0438\u0440\u043e\u0432\u043a\u0438.<br \/>\n\u0418\u0437\u0433\u043e\u0442\u043e\u0432\u043b\u0435\u043d\u0430 \u0438\u0437 \u043f\u043e\u0434\u044a\u0435\u043c\u043d\u043e\u0439 \u0446\u0435\u043f\u0438 \u043a\u043b\u0430\u0441\u0441\u0430 8. \u041a\u0440\u044e\u043a\u0438 \u0441 \u043a\u0440\u0435\u043f\u043b\u0435\u043d\u0438\u0435\u043c \u043d\u0430 \u043e\u0431\u043e\u0438\u0445 \u043a\u043e\u043d\u0446\u0430\u0445 \u0446\u0435\u043f\u0438.<br \/>\n\u0418\u0441\u043f\u043e\u043b\u044c\u0437\u0443\u0435\u0442\u0441\u044f \u0432\u043c\u0435\u0441\u0442\u0435 \u0441 <span style=\"text-decoration: underline;\"><span style=\"color: #0000ff;\"><a style=\"color: #0000ff; text-decoration: underline;\" href=\"https:\/\/www.mazam.eu\/ru\/produkty\/talrep-tsepnoy\/\" target=\"_blank\" rel=\"noopener\">\u0422\u0430\u043b\u0440\u0435\u043f \u0446\u0435\u043f\u043d\u043e\u0439<\/a><\/span><\/span>.<br \/>\n\u0414\u043e\u043f\u0443\u0441\u0442\u0438\u043c\u0430\u044f \u0442\u0435\u043c\u043f\u0435\u0440\u0430\u0442\u0443\u0440\u0430 -40\u00b0C \u0434\u043e +200\u00b0C<br \/>\n\u041f\u0440\u043e\u0434\u0443\u043a\u0442\u044b \u0438\u043c\u0435\u0435\u0442 \u0441\u0435\u0440\u0442\u0438\u0444\u0438\u043a\u0430\u0442\u044b.<br \/>\n\u041a\u043e\u044d\u0444\u0444\u0438\u0446\u0438\u0435\u043d\u0442 \u043f\u043e\u0441\u0442\u0430\u0432\u043a\u0438 2:1<\/strong><\/span><\/span><\/p>\n<figure id=\"attachment_10499\" aria-describedby=\"caption-attachment-10499\" style=\"width: 640px\" class=\"wp-caption alignnone\"><img loading=\"lazy\" decoding=\"async\" class=\"wp-image-10499 size-full\" src=\"https:\/\/www.mazam.eu\/wp-content\/uploads\/2025\/02\/koormakett-sulgurkonksudega-\u041a\u0440\u0435\u043f\u0435\u0436\u043d\u0430\u044f-\u0446\u0435\u043f\u044c-\u0434\u043b\u044f-\u0446\u0435\u043f\u043d\u044b\u0445-\u0441\u0442\u044f\u0436\u0435\u043a-lashing-chain.jpg\" alt=\"\u043a\u0440\u0435\u043f\u0435\u0436\u043d\u0430\u044f \u0446\u0435\u043f\u044c \u0441 \u043a\u0440\u044e\u043a\u0430\u043c\u0438\" width=\"640\" height=\"80\" data-id=\"10499\" srcset=\"https:\/\/www.mazam.eu\/wp-content\/uploads\/2025\/02\/koormakett-sulgurkonksudega-\u041a\u0440\u0435\u043f\u0435\u0436\u043d\u0430\u044f-\u0446\u0435\u043f\u044c-\u0434\u043b\u044f-\u0446\u0435\u043f\u043d\u044b\u0445-\u0441\u0442\u044f\u0436\u0435\u043a-lashing-chain.jpg 640w, https:\/\/www.mazam.eu\/wp-content\/uploads\/2025\/02\/koormakett-sulgurkonksudega-\u041a\u0440\u0435\u043f\u0435\u0436\u043d\u0430\u044f-\u0446\u0435\u043f\u044c-\u0434\u043b\u044f-\u0446\u0435\u043f\u043d\u044b\u0445-\u0441\u0442\u044f\u0436\u0435\u043a-lashing-chain-300x38.jpg 300w\" sizes=\"auto, (max-width: 640px) 100vw, 640px\" \/><figcaption id=\"caption-attachment-10499\" class=\"wp-caption-text\">\u043a\u0440\u0435\u043f\u0435\u0436\u043d\u0430\u044f \u0446\u0435\u043f\u044c \u0441 \u043a\u0440\u044e\u043a\u0430\u043c\u0438<\/figcaption><\/figure>\n<p><span style=\"text-decoration: underline; color: #ff6600;\"><strong>\u0414\u0430\u043d\u043d\u044b\u0435:<br \/>\n<\/strong><\/span><\/p>\n<table width=\"664\">\n<tbody>\n<tr>\n<td style=\"text-align: center;\" width=\"100\"><strong>\u2205 \u0446\u0435\u043f\u0438<\/strong><\/td>\n<td style=\"text-align: center;\" width=\"164\"><strong>\u0420\u0430\u0437\u0440\u044b\u0432\u043d\u0430\u044f \u043d\u0430\u0433\u0440\u0443\u0437\u043a\u0430<\/strong><\/td>\n<td style=\"text-align: center;\" width=\"100\"><strong>\u0414\u043b\u0438\u043d\u0430<\/strong><\/td>\n<td style=\"text-align: center;\" width=\"100\"><strong>\u041c\u0430\u0442\u0435\u0440\u0438\u0430\u043b<\/strong><\/td>\n<td style=\"text-align: center;\" width=\"100\"><strong>\u0426\u0432\u0435\u0442 \u0446\u0435\u043f\u0438<\/strong><\/td>\n<td style=\"text-align: center;\" width=\"100\"><strong>\u0412\u0435\u0441<\/strong><\/td>\n<\/tr>\n<tr>\n<td style=\"text-align: center;\" width=\"100\">6\u043c\u043c<\/td>\n<td style=\"text-align: center;\" width=\"164\">\u00a04500\u043a\u0433<\/td>\n<td style=\"text-align: center;\" width=\"100\">5\u043c<\/td>\n<td style=\"text-align: center;\" width=\"100\">\u0441\u0442\u0430\u043b\u044c<\/td>\n<td style=\"text-align: center;\" width=\"100\">\u0447\u0435\u0440\u043d\u044b\u0439<\/td>\n<td style=\"text-align: center;\" width=\"100\">4,6\u043a\u0433<\/td>\n<\/tr>\n<tr>\n<td style=\"text-align: center;\" width=\"100\">8\u043c\u043c<\/td>\n<td style=\"text-align: center;\" width=\"164\">\u00a08000\u043a\u0433<\/td>\n<td style=\"text-align: center;\" width=\"100\">5\u043c<\/td>\n<td style=\"text-align: center;\" width=\"100\">\u0441\u0442\u0430\u043b\u044c<\/td>\n<td style=\"text-align: center;\" width=\"100\">\u0447\u0435\u0440\u043d\u044b\u0439<\/td>\n<td style=\"text-align: center;\" width=\"100\">8,4\u043a\u0433<\/td>\n<\/tr>\n<tr>\n<td style=\"text-align: center;\" width=\"100\">10\u043c\u043c<\/td>\n<td style=\"text-align: center;\" width=\"164\">12600\u043a\u0433<\/td>\n<td style=\"text-align: center;\" width=\"100\">5\u043c<\/td>\n<td style=\"text-align: center;\" width=\"100\">\u0441\u0442\u0430\u043b\u044c<\/td>\n<td style=\"text-align: center;\" width=\"100\">\u0447\u0435\u0440\u043d\u044b\u0439<\/td>\n<td style=\"text-align: center;\" width=\"100\">12,7\u043a\u0433<\/td>\n<\/tr>\n<tr>\n<td style=\"text-align: center;\" width=\"100\">13\u043c\u043c<\/td>\n<td style=\"text-align: center;\" width=\"164\">\u00a021200\u043a\u0433<\/td>\n<td style=\"text-align: center;\" width=\"100\">5\u043c<\/td>\n<td style=\"text-align: center;\" width=\"100\">\u0441\u0442\u0430\u043b\u044c<\/td>\n<td style=\"text-align: center;\" width=\"100\">\u0447\u0435\u0440\u043d\u044b\u0439<\/td>\n<td style=\"text-align: center;\" width=\"100\">21,9\u043a\u0433<\/td>\n<\/tr>\n<tr>\n<td style=\"text-align: center;\" width=\"100\">16\u043c\u043c<\/td>\n<td style=\"text-align: center;\" width=\"164\">32000\u043a\u0433<\/td>\n<td style=\"text-align: center;\" width=\"100\">5\u043c<\/td>\n<td style=\"text-align: center;\" width=\"100\">\u0441\u0442\u0430\u043b\u044c<\/td>\n<td style=\"text-align: center;\" width=\"100\">\u0447\u0435\u0440\u043d\u044b\u0439<\/td>\n<td style=\"text-align: center;\" width=\"100\">34,6\u043a\u0433<\/td>\n<\/tr>\n<\/tbody>\n<\/table>\n<p><span style=\"color: #ff6600;\"><strong style=\"color: #0000ff;\">\u041f\u0440\u0438 \u043e\u0442\u043f\u0440\u0430\u0432\u043a\u0435 \u0437\u0430\u043f\u0440\u043e\u0441\u0430 \u0443\u043a\u0430\u0436\u0438\u0442\u0435 \u2205, \u0434\u043b\u0438\u043d\u0443 \u0438 \u043a\u043e\u043b\u0438\u0447\u0435\u0441\u0442\u0432\u043e \u0433\u0440\u0443\u0437\u043e\u0432\u043e\u0439 \u0446\u0435\u043f\u0438, \u043a\u043e\u0442\u043e\u0440\u0443\u044e \u0432\u044b \u0445\u043e\u0442\u0438\u0442\u0435 \u0438\u0441\u043f\u043e\u043b\u044c\u0437\u043e\u0432\u0430\u0442\u044c<span style=\"color: #0000ff;\"><a style=\"color: #0000ff;\" href=\"https:\/\/en.wikipedia.org\/wiki\/Load_securing\">.<\/a><\/span><\/strong><\/span><span style=\"text-decoration: underline; color: #ff6600;\"><strong style=\"color: #0000ff;\"><br \/>\n<\/strong><\/span><span style=\"color: #000000;\"><span style=\"color: #0000ff;\"><strong>\u041f\u043e \u0436\u0435\u043b\u0430\u043d\u0438\u044e \u043a\u043b\u0438\u0435\u043d\u0442\u0430 \u043c\u044b \u043c\u043e\u0436\u0435\u043c \u0438\u0437\u0433\u043e\u0442\u043e\u0432\u0438\u0442\u044c \u0433\u0440\u0443\u0437\u043e\u0432\u0443\u044e \u0446\u0435\u043f\u044c \u0442\u0430\u043a\u043e\u0439 \u0434\u043b\u0438\u043d\u044b, \u043a\u0430\u043a\u0430\u044f \u0442\u0440\u0435\u0431\u0443\u0435\u0442\u0441\u044f.<em><br \/>\n<span style=\"color: #333333;\">\u2014<\/span><br \/>\n<\/em><span style=\"color: #333333;\"><em>\u0415\u0441\u043b\u0438 \u0432\u0430\u043c \u043d\u0443\u0436\u043d\u0430 \u0442\u043e\u043b\u044c\u043a\u043e \u0446\u0435\u043f\u043e\u0447\u043a\u0430, \u0443\u043a\u0430\u0436\u0438\u0442\u0435 \u2205 \u0438 \u0434\u043b\u0438\u043d\u0443 \u0446\u0435\u043f\u043e\u0447\u043a\u0438, \u043a\u043e\u0442\u043e\u0440\u0443\u044e \u0432\u044b \u0445\u043e\u0442\u0438\u0442\u0435 \u043f\u043e\u043b\u0443\u0447\u0438\u0442\u044c, \u043a\u043e\u0433\u0434\u0430 \u0431\u0443\u0434\u0435\u0442\u0435 \u0434\u0435\u043b\u0430\u0442\u044c \u0437\u0430\u043f\u0440\u043e\u0441.<\/em><\/span><\/strong><\/span><\/span><\/p>\n<p><span style=\"color: #ffffff;\">\u0433\u0440\u0443\u0437\u043e\u0432\u044b\u0435 \u0446\u0435\u043f\u0438 \u0446\u0435\u043d\u0430 \u0433\u0440\u0443\u0437\u043e\u0432\u044b\u0435 \u0446\u0435\u043f\u0438 \u0433\u0440\u0443\u0437\u043e\u0432\u044b\u0435 \u0446\u0435\u043f\u0438 \u0433\u0440\u0443\u0437\u043e\u0432\u044b\u0435 \u0446\u0435\u043f\u0438 \u0433\u0440\u0443\u0437\u043e\u0432\u044b\u0435 \u0446\u0435\u043f\u0438 \u0433\u0440\u0443\u0437\u043e\u0432\u044b\u0435 \u0446\u0435\u043f\u0438 \u0434\u043b\u044f \u0433\u0440\u0443\u0437\u043e\u0432\u0438\u043a\u043e\u0432 \u0441 \u043a\u0440\u044e\u043a\u0430\u043c\u0438 \u0434\u043b\u044f \u0433\u0440\u0443\u0437\u043e\u0432\u0438\u043a\u043e\u0432 \u0441 \u043a\u0440\u044e\u043a\u0430\u043c\u0438 \u0434\u043b\u044f \u043a\u0440\u0435\u043f\u043b\u0435\u043d\u0438\u044f \u0433\u0440\u0443\u0437\u0430 \u043d\u0430 \u0441\u0443\u0434\u043d\u0435.<\/span><\/p>","protected":false},"excerpt":{"rendered":"<p>3&nbsp;009 vaatamistkoormakett sulgurkonksudega Kasutus \u2013 Raske kauba v\u00f5i lasti turvaliseks kinni hoidmiseks transpordi ajal. Toodetakse klass 8 t\u00f5steketist. Sulgurkonksud ketilekinnitusega m\u00f5lemas keti otsas. Kasutatakse koos ketipingutiga. Lubatud temperatuur -40\u00b0C kuni +200\u00b0C Toodetel on sertifikaat. Varutegur 2:1 Andmed: Keti \u2205 Katkemiskoormus Pikkus Materjal Keti v\u00e4rvus Kaal 6mm \u00a04500kg 5m teras must 4,6kg 8mm \u00a08000kg 5m teras&#8230;<\/p>","protected":false},"author":1,"featured_media":0,"parent":5,"menu_order":0,"comment_status":"closed","ping_status":"closed","template":"","meta":{"_uf_show_specific_survey":0,"_uf_disable_surveys":false,"iawp_total_views":170,"footnotes":""},"class_list":["post-1732","page","type-page","status-publish","hentry"],"yoast_head":"<!-- This site is optimized with the Yoast SEO plugin v27.5 - https:\/\/yoast.com\/product\/yoast-seo-wordpress\/ -->\n<title>KOORMAKETT sulgurkonksudega - Mazam O\u00dc - tootmine ja m\u00fc\u00fck<\/title>\n<meta name=\"description\" content=\"Koormakett\u00a0sulgurkonksudega - Raske kauba v\u00f5i lasti turvaliseks kinni hoidmiseks transpordi ajal. Toodetakse klass 8 t\u00f5steketist. Sulgurko..\" \/>\n<meta name=\"robots\" content=\"index, follow, max-snippet:-1, max-image-preview:large, max-video-preview:-1\" \/>\n<link rel=\"canonical\" href=\"https:\/\/www.mazam.eu\/ru\/produkty\/krepezhnaya-tsep\/\" \/>\n<meta property=\"og:locale\" content=\"ru_RU\" \/>\n<meta property=\"og:type\" content=\"article\" \/>\n<meta property=\"og:title\" content=\"KOORMAKETT sulgurkonksudega - Mazam O\u00dc - tootmine ja m\u00fc\u00fck\" \/>\n<meta property=\"og:description\" content=\"Koormakett\u00a0sulgurkonksudega - Raske kauba v\u00f5i lasti turvaliseks kinni hoidmiseks transpordi ajal. Toodetakse klass 8 t\u00f5steketist. Sulgurko..\" \/>\n<meta property=\"og:url\" content=\"https:\/\/www.mazam.eu\/ru\/produkty\/krepezhnaya-tsep\/\" \/>\n<meta property=\"og:site_name\" content=\"Mazam O&Uuml; | T&otilde;ste- ja koormakinnitusvahendite tootmine ja m&uuml;&uuml;k (2014 - 2026) - linttropp &bull; koormarihm &bull; ringt&otilde;stev&ouml;&ouml; &bull; terastross &bull; kett-tropp &bull; vints &bull; t&otilde;stemagnet jpm.\" \/>\n<meta property=\"article:modified_time\" content=\"2025-03-18T10:13:09+00:00\" \/>\n<meta name=\"twitter:card\" content=\"summary_large_image\" \/>\n<meta name=\"twitter:label1\" content=\"\u041f\u0440\u0438\u043c\u0435\u0440\u043d\u043e\u0435 \u0432\u0440\u0435\u043c\u044f \u0434\u043b\u044f \u0447\u0442\u0435\u043d\u0438\u044f\" \/>\n\t<meta name=\"twitter:data1\" content=\"1 \u043c\u0438\u043d\u0443\u0442\u0430\" \/>\n<script type=\"application\/ld+json\" class=\"yoast-schema-graph\">{\"@context\":\"https:\\\/\\\/schema.org\",\"@graph\":[{\"@type\":\"WebPage\",\"@id\":\"https:\\\/\\\/www.mazam.eu\\\/tooted\\\/koormakett-sulgurkonksudega\\\/\",\"url\":\"https:\\\/\\\/www.mazam.eu\\\/tooted\\\/koormakett-sulgurkonksudega\\\/\",\"name\":\"KOORMAKETT sulgurkonksudega - Mazam O\u00dc - tootmine ja m\u00fc\u00fck\",\"isPartOf\":{\"@id\":\"https:\\\/\\\/www.mazam.eu\\\/#website\"},\"datePublished\":\"2017-05-05T18:24:18+00:00\",\"dateModified\":\"2025-03-18T10:13:09+00:00\",\"description\":\"Koormakett\u00a0sulgurkonksudega - Raske kauba v\u00f5i lasti turvaliseks kinni hoidmiseks transpordi ajal. Toodetakse klass 8 t\u00f5steketist. Sulgurko..\",\"breadcrumb\":{\"@id\":\"https:\\\/\\\/www.mazam.eu\\\/tooted\\\/koormakett-sulgurkonksudega\\\/#breadcrumb\"},\"inLanguage\":\"ru-RU\",\"potentialAction\":[{\"@type\":\"ReadAction\",\"target\":[\"https:\\\/\\\/www.mazam.eu\\\/tooted\\\/koormakett-sulgurkonksudega\\\/\"]}]},{\"@type\":\"BreadcrumbList\",\"@id\":\"https:\\\/\\\/www.mazam.eu\\\/tooted\\\/koormakett-sulgurkonksudega\\\/#breadcrumb\",\"itemListElement\":[{\"@type\":\"ListItem\",\"position\":1,\"name\":\"Home\",\"item\":\"https:\\\/\\\/www.mazam.eu\\\/\"},{\"@type\":\"ListItem\",\"position\":2,\"name\":\"Tooted\",\"item\":\"https:\\\/\\\/www.mazam.eu\\\/tooted\\\/\"},{\"@type\":\"ListItem\",\"position\":3,\"name\":\"Koormakett\u00a0sulgurkonksudega\"}]},{\"@type\":\"WebSite\",\"@id\":\"https:\\\/\\\/www.mazam.eu\\\/#website\",\"url\":\"https:\\\/\\\/www.mazam.eu\\\/\",\"name\":\"Mazam O&Uuml; | T&otilde;ste- ja koormakinnitusvahendite tootmine ja m&uuml;&uuml;k (2014 - 2026) - linttropp &bull; koormarihm &bull; ringt&otilde;stev&ouml;&ouml; &bull; terastross &bull; kett-tropp &bull; vints &bull; t&otilde;stemagnet jpm.\",\"description\":\"T&otilde;ste- ja kinnituslahendused | Lifting- and lashing solutions\",\"publisher\":{\"@id\":\"https:\\\/\\\/www.mazam.eu\\\/#organization\"},\"potentialAction\":[{\"@type\":\"SearchAction\",\"target\":{\"@type\":\"EntryPoint\",\"urlTemplate\":\"https:\\\/\\\/www.mazam.eu\\\/?s={search_term_string}\"},\"query-input\":{\"@type\":\"PropertyValueSpecification\",\"valueRequired\":true,\"valueName\":\"search_term_string\"}}],\"inLanguage\":\"ru-RU\"},{\"@type\":\"Organization\",\"@id\":\"https:\\\/\\\/www.mazam.eu\\\/#organization\",\"name\":\"Mazam O\u00dc\",\"url\":\"https:\\\/\\\/www.mazam.eu\\\/\",\"logo\":{\"@type\":\"ImageObject\",\"inLanguage\":\"ru-RU\",\"@id\":\"https:\\\/\\\/www.mazam.eu\\\/#\\\/schema\\\/logo\\\/image\\\/\",\"url\":\"https:\\\/\\\/www.mazam.eu\\\/wp-content\\\/uploads\\\/2015\\\/10\\\/mazam-logo-linttropp-koormarihm-t\u00f5stev\u00f6\u00f6.png\",\"contentUrl\":\"https:\\\/\\\/www.mazam.eu\\\/wp-content\\\/uploads\\\/2015\\\/10\\\/mazam-logo-linttropp-koormarihm-t\u00f5stev\u00f6\u00f6.png\",\"width\":190,\"height\":70,\"caption\":\"Mazam O\u00dc\"},\"image\":{\"@id\":\"https:\\\/\\\/www.mazam.eu\\\/#\\\/schema\\\/logo\\\/image\\\/\"}}]}<\/script>\n<!-- \/ Yoast SEO plugin. -->","yoast_head_json":{"title":"\u041a\u0440\u0435\u043f\u0435\u0436\u043d\u0430\u044f \u0446\u0435\u043f\u044c - Mazam O\u00dc - \u043f\u0440\u043e\u0438\u0437\u0432\u043e\u0434\u0441\u0442\u0432\u043e \u0438 \u043f\u0440\u043e\u0434\u0430\u0436\u0430","description":"\u041a\u0440\u0435\u043f\u0435\u0436\u043d\u0430\u044f \u0446\u0435\u043f\u044c - \u0414\u043b\u044f \u043d\u0430\u0434\u0435\u0436\u043d\u043e\u0433\u043e \u0443\u0434\u0435\u0440\u0436\u0430\u043d\u0438\u044f \u0442\u044f\u0436\u0435\u043b\u044b\u0445 \u0442\u043e\u0432\u0430\u0440\u043e\u0432 \u0438\u043b\u0438 \u0433\u0440\u0443\u0437\u043e\u0432 \u0432\u043e \u0432\u0440\u0435\u043c\u044f \u0442\u0440\u0430\u043d\u0441\u043f\u043e\u0440\u0442\u0438\u0440\u043e\u0432\u043a\u0438. \u0418\u0437\u0433\u043e\u0442\u043e\u0432\u043b\u0435\u043d\u0430 \u0438\u0437 \u043f\u043e\u0434\u044a\u0435\u043c\u043d\u043e\u0439 \u0446\u0435\u043f\u0438 \u043a\u043b\u0430\u0441\u0441\u0430 8. \u0421...","robots":{"index":"index","follow":"follow","max-snippet":"max-snippet:-1","max-image-preview":"max-image-preview:large","max-video-preview":"max-video-preview:-1"},"canonical":"https:\/\/www.mazam.eu\/ru\/produkty\/krepezhnaya-tsep\/","og_locale":"ru_RU","og_type":"article","og_title":"KOORMAKETT sulgurkonksudega - Mazam O\u00dc - tootmine ja m\u00fc\u00fck","og_description":"Koormakett\u00a0sulgurkonksudega - Raske kauba v\u00f5i lasti turvaliseks kinni hoidmiseks transpordi ajal. Toodetakse klass 8 t\u00f5steketist. Sulgurko..","og_url":"https:\/\/www.mazam.eu\/ru\/produkty\/krepezhnaya-tsep\/","og_site_name":"Mazam O&Uuml; | T&otilde;ste- ja koormakinnitusvahendite tootmine ja m&uuml;&uuml;k (2014 - 2026) - linttropp &bull; koormarihm &bull; ringt&otilde;stev&ouml;&ouml; &bull; terastross &bull; kett-tropp &bull; vints &bull; t&otilde;stemagnet jpm.","article_modified_time":"2025-03-18T10:13:09+00:00","twitter_card":"summary_large_image","twitter_misc":{"\u041f\u0440\u0438\u043c\u0435\u0440\u043d\u043e\u0435 \u0432\u0440\u0435\u043c\u044f \u0434\u043b\u044f \u0447\u0442\u0435\u043d\u0438\u044f":"1 \u043c\u0438\u043d\u0443\u0442\u0430"},"schema":{"@context":"https:\/\/schema.org","@graph":[{"@type":"WebPage","@id":"https:\/\/www.mazam.eu\/tooted\/koormakett-sulgurkonksudega\/","url":"https:\/\/www.mazam.eu\/tooted\/koormakett-sulgurkonksudega\/","name":"\u041a\u0440\u0435\u043f\u0435\u0436\u043d\u0430\u044f \u0446\u0435\u043f\u044c - Mazam O\u00dc - \u043f\u0440\u043e\u0438\u0437\u0432\u043e\u0434\u0441\u0442\u0432\u043e \u0438 \u043f\u0440\u043e\u0434\u0430\u0436\u0430","isPartOf":{"@id":"https:\/\/www.mazam.eu\/#website"},"datePublished":"2017-05-05T18:24:18+00:00","dateModified":"2025-03-18T10:13:09+00:00","description":"\u041a\u0440\u0435\u043f\u0435\u0436\u043d\u0430\u044f \u0446\u0435\u043f\u044c - \u0414\u043b\u044f \u043d\u0430\u0434\u0435\u0436\u043d\u043e\u0433\u043e \u0443\u0434\u0435\u0440\u0436\u0430\u043d\u0438\u044f \u0442\u044f\u0436\u0435\u043b\u044b\u0445 \u0442\u043e\u0432\u0430\u0440\u043e\u0432 \u0438\u043b\u0438 \u0433\u0440\u0443\u0437\u043e\u0432 \u0432\u043e \u0432\u0440\u0435\u043c\u044f \u0442\u0440\u0430\u043d\u0441\u043f\u043e\u0440\u0442\u0438\u0440\u043e\u0432\u043a\u0438. \u0418\u0437\u0433\u043e\u0442\u043e\u0432\u043b\u0435\u043d\u0430 \u0438\u0437 \u043f\u043e\u0434\u044a\u0435\u043c\u043d\u043e\u0439 \u0446\u0435\u043f\u0438 \u043a\u043b\u0430\u0441\u0441\u0430 8. \u0421...","breadcrumb":{"@id":"https:\/\/www.mazam.eu\/tooted\/koormakett-sulgurkonksudega\/#breadcrumb"},"inLanguage":"ru-RU","potentialAction":[{"@type":"ReadAction","target":["https:\/\/www.mazam.eu\/tooted\/koormakett-sulgurkonksudega\/"]}]},{"@type":"BreadcrumbList","@id":"https:\/\/www.mazam.eu\/tooted\/koormakett-sulgurkonksudega\/#breadcrumb","itemListElement":[{"@type":"ListItem","position":1,"name":"Home","item":"https:\/\/www.mazam.eu\/"},{"@type":"ListItem","position":2,"name":"Tooted","item":"https:\/\/www.mazam.eu\/tooted\/"},{"@type":"ListItem","position":3,"name":"Koormakett\u00a0sulgurkonksudega"}]},{"@type":"WebSite","@id":"https:\/\/www.mazam.eu\/#website","url":"https:\/\/www.mazam.eu\/","name":"Mazam O\u00dc | \u041f\u0440\u043e\u0438\u0437\u0432\u043e\u0434\u0441\u0442\u0432\u043e \u0438 \u043f\u0440\u043e\u0434\u0430\u0436\u0430 \u043f\u043e\u0434\u044a\u0435\u043c\u043d\u043e-\u0442\u0440\u0430\u043d\u0441\u043f\u043e\u0440\u0442\u043d\u043e\u0433\u043e \u043e\u0431\u043e\u0440\u0443\u0434\u043e\u0432\u0430\u043d\u0438\u044f (2014 - 2026) - \u043b\u0438\u043d\u0442\u0440\u0443\u043f\u0430 - \u0433\u0440\u0443\u0437\u043e\u0432\u043e\u0439 \u0440\u0435\u043c\u0435\u043d\u044c - \u0442\u0430\u043b\u0435\u0432\u044b\u0439 \u0440\u0435\u043c\u0435\u043d\u044c - \u0441\u0442\u0430\u043b\u044c\u043d\u043e\u0439 \u043a\u0430\u043d\u0430\u0442 - \u0446\u0435\u043f\u043d\u043e\u0439 \u0442\u0430\u043b\u0440\u0435\u043f - \u043b\u0435\u0431\u0435\u0434\u043a\u0430 - \u043f\u043e\u0434\u044a\u0435\u043c\u043d\u044b\u0439 \u043c\u0430\u0433\u043d\u0438\u0442 \u0438 \u0442.\u0434.","description":"\u0420\u0435\u0448\u0435\u043d\u0438\u044f \u0434\u043b\u044f \u043f\u043e\u0434\u044a\u0435\u043c\u0430 \u0438 \u043a\u0440\u0435\u043f\u043b\u0435\u043d\u0438\u044f | \u0420\u0435\u0448\u0435\u043d\u0438\u044f \u0434\u043b\u044f \u043f\u043e\u0434\u044a\u0435\u043c\u0430 \u0438 \u043a\u0440\u0435\u043f\u043b\u0435\u043d\u0438\u044f","publisher":{"@id":"https:\/\/www.mazam.eu\/#organization"},"potentialAction":[{"@type":"SearchAction","target":{"@type":"EntryPoint","urlTemplate":"https:\/\/www.mazam.eu\/?s={search_term_string}"},"query-input":{"@type":"PropertyValueSpecification","valueRequired":true,"valueName":"search_term_string"}}],"inLanguage":"ru-RU"},{"@type":"Organization","@id":"https:\/\/www.mazam.eu\/#organization","name":"Mazam O\u00dc","url":"https:\/\/www.mazam.eu\/","logo":{"@type":"ImageObject","inLanguage":"ru-RU","@id":"https:\/\/www.mazam.eu\/#\/schema\/logo\/image\/","url":"https:\/\/www.mazam.eu\/wp-content\/uploads\/2015\/10\/mazam-logo-linttropp-koormarihm-t\u00f5stev\u00f6\u00f6.png","contentUrl":"https:\/\/www.mazam.eu\/wp-content\/uploads\/2015\/10\/mazam-logo-linttropp-koormarihm-t\u00f5stev\u00f6\u00f6.png","width":190,"height":70,"caption":"Mazam O\u00dc"},"image":{"@id":"https:\/\/www.mazam.eu\/#\/schema\/logo\/image\/"}}]}},"_links":{"self":[{"href":"https:\/\/www.mazam.eu\/ru\/wp-json\/wp\/v2\/pages\/1732","targetHints":{"allow":["GET"]}}],"collection":[{"href":"https:\/\/www.mazam.eu\/ru\/wp-json\/wp\/v2\/pages"}],"about":[{"href":"https:\/\/www.mazam.eu\/ru\/wp-json\/wp\/v2\/types\/page"}],"author":[{"embeddable":true,"href":"https:\/\/www.mazam.eu\/ru\/wp-json\/wp\/v2\/users\/1"}],"replies":[{"embeddable":true,"href":"https:\/\/www.mazam.eu\/ru\/wp-json\/wp\/v2\/comments?post=1732"}],"version-history":[{"count":38,"href":"https:\/\/www.mazam.eu\/ru\/wp-json\/wp\/v2\/pages\/1732\/revisions"}],"predecessor-version":[{"id":11233,"href":"https:\/\/www.mazam.eu\/ru\/wp-json\/wp\/v2\/pages\/1732\/revisions\/11233"}],"up":[{"embeddable":true,"href":"https:\/\/www.mazam.eu\/ru\/wp-json\/wp\/v2\/pages\/5"}],"wp:attachment":[{"href":"https:\/\/www.mazam.eu\/ru\/wp-json\/wp\/v2\/media?parent=1732"}],"curies":[{"name":"wp","href":"https:\/\/api.w.org\/{rel}","templated":true}]}}