{"id":1809,"date":"2017-05-06T08:59:41","date_gmt":"2017-05-06T08:59:41","guid":{"rendered":"http:\/\/www.mazam.eu\/?page_id=1809"},"modified":"2025-07-22T12:37:59","modified_gmt":"2025-07-22T12:37:59","slug":"%d0%b1%d0%bb%d0%be%d0%ba-%d0%bc%d0%be%d0%bd%d1%82%d0%b0%d0%b6%d0%bd%d1%8b%d0%b9-%d1%81%d0%be-%d1%81%d0%ba%d0%be%d0%b1%d0%be%d0%b9","status":"publish","type":"page","link":"https:\/\/www.mazam.eu\/ru\/tooted\/tosteplokk-seekliga\/","title":{"rendered":"\u0411\u043b\u043e\u043a \u043c\u043e\u043d\u0442\u0430\u0436\u043d\u044b\u0439 \u0441\u043e \u0441\u043a\u043e\u0431\u043e\u0439"},"content":{"rendered":"<div class='epvc-post-count'><span class='epvc-eye'><\/span>  <span class=\"epvc-count\"> 3&nbsp;666<\/span><span class='epvc-label'> \u043f\u0440\u043e\u0441\u043c\u043e\u0442\u0440<\/span><\/div><p><span style=\"color: #ffffff;\">\u0411\u043b\u043e\u043a \u043c\u043e\u043d\u0442\u0430\u0436\u043d\u044b\u0439 \u0441\u043e \u0441\u043a\u043e\u0431\u043e\u0439<br \/>\n<span style=\"color: #333333;\"><strong>\u041f\u0440\u0438\u043c\u0435\u043d\u0435\u043d\u0438\u0435 - \u0441\u0442\u0440\u043e\u0438\u0442\u0435\u043b\u044c\u0441\u0442\u0432\u043e, \u043a\u043e\u0440\u0430\u0431\u043b\u0438, \u043b\u0435\u0441\u043e\u0437\u0430\u0433\u043e\u0442\u043e\u0432\u043a\u0430, \u0433\u043e\u0440\u043d\u043e\u0434\u043e\u0431\u044b\u0432\u0430\u044e\u0449\u0430\u044f \u043f\u0440\u043e\u043c\u044b\u0448\u043b\u0435\u043d\u043d\u043e\u0441\u0442\u044c, \u0441\u043f\u0430\u0441\u0430\u0442\u0435\u043b\u044c\u043d\u044b\u0435 \u0440\u0430\u0431\u043e\u0442\u044b, \u0432\u043d\u0435\u0434\u043e\u0440\u043e\u0436\u043d\u0430\u044f \u0442\u0435\u0445\u043d\u0438\u043a\u0430, \u044d\u043b\u0435\u043a\u0442\u0440\u0438\u0447\u0435\u0441\u043a\u0438\u0435 \u043b\u0435\u0431\u0435\u0434\u043a\u0438 \u0438 \u0442.\u0434.<br \/>\n\u0411\u043b\u043e\u043a \u043f\u043e\u043c\u043e\u0436\u0435\u0442 \u0432\u0430\u043c \u0438\u0437\u043c\u0435\u043d\u0438\u0442\u044c \u043d\u0430\u043f\u0440\u0430\u0432\u043b\u0435\u043d\u0438\u0435 \u0434\u0432\u0438\u0436\u0435\u043d\u0438\u044f \u0432\u0435\u0440\u0435\u0432\u043a\u0438 \u0432 \u0437\u0430\u0432\u0438\u0441\u0438\u043c\u043e\u0441\u0442\u0438 \u043e\u0442 \u0432\u0430\u0448\u0438\u0445 \u043f\u043e\u0442\u0440\u0435\u0431\u043d\u043e\u0441\u0442\u0435\u0439: \u0437\u0430 \u0443\u0433\u043e\u043b, \u0432\u043e\u043a\u0440\u0443\u0433 \u0434\u0435\u0440\u0435\u0432\u0430 \u0438\u043b\u0438 \u0447\u0435\u0440\u0435\u0437 \u043f\u0440\u0435\u043f\u044f\u0442\u0441\u0442\u0432\u0438\u0435.<br \/>\n\u0412\u0441\u0435\u0433\u0434\u0430 \u0438\u0441\u043f\u043e\u043b\u044c\u0437\u0443\u0439\u0442\u0435 \u043f\u043e\u0434\u0445\u043e\u0434\u044f\u0449\u0438\u0439 \u0431\u043b\u043e\u043a \u0442\u043e\u0433\u043e \u0436\u0435 \u0440\u0430\u0437\u043c\u0435\u0440\u0430 <span style=\"color: #0000ff;\"><a style=\"color: #0000ff;\" href=\"https:\/\/www.mazam.eu\/ru\/produkty\/stalnoy-tros-6x19fc\/\" target=\"_blank\" rel=\"noopener\"><span style=\"text-decoration: underline;\">\u0441\u0442\u0430\u043b\u044c\u043d\u044b\u043c \u0442\u0440\u043e\u0441\u0430\u043c<\/span><\/a><\/span>.<br \/>\n\u041a\u043e\u0440\u043f\u0443\u0441 \u0431\u043b\u043e\u043a\u0430 \u0438 \u043a\u043e\u043b\u0435\u0441\u043e \u0431\u043b\u043e\u043a\u0430 \u0438\u0437\u0433\u043e\u0442\u043e\u0432\u043b\u0435\u043d\u044b \u0438\u0437 \u0432\u044b\u0441\u043e\u043a\u043e\u043f\u0440\u043e\u0447\u043d\u043e\u0439 \u0441\u0442\u0430\u043b\u0438.<br \/>\n\u0414\u043e\u043f\u0443\u0441\u0442\u0438\u043c\u0430\u044f \u0442\u0435\u043c\u043f\u0435\u0440\u0430\u0442\u0443\u0440\u0430 -20\u00b0C \u0434\u043e +50\u00b0C<br \/>\n\u0421\u043e\u043e\u0442\u0432\u0435\u0442\u0441\u0442\u0432\u0443\u0435\u0442 \u0442\u0440\u0435\u0431\u043e\u0432\u0430\u043d\u0438\u044f\u043c \u0414\u0438\u0440\u0435\u043a\u0442\u0438\u0432\u044b \u043f\u043e \u043c\u0430\u0448\u0438\u043d\u043d\u043e\u043c\u0443 \u043e\u0431\u043e\u0440\u0443\u0434\u043e\u0432\u0430\u043d\u0438\u044e 2006\/42\/EC.<br \/>\n\u041f\u0440\u043e\u0434\u0443\u043a\u0442\u044b \u0438\u043c\u0435\u0435\u0442 \u0441\u0435\u0440\u0442\u0438\u0444\u0438\u043a\u0430\u0442\u044b.<br \/>\n\u0417\u0430\u043f\u0430\u0441 \u043f\u0440\u043e\u0447\u043d\u043e\u0441\u0442\u0438 4:1<br \/>\n\u2014<br \/>\n<em>\u041d\u0430\u0436\u043c\u0438\u0442\u0435 \u043d\u0430 \u0438\u0437\u043e\u0431\u0440\u0430\u0436\u0435\u043d\u0438\u0435, \u0447\u0442\u043e\u0431\u044b \u0443\u0432\u0438\u0434\u0435\u0442\u044c \u0442\u043e\u0432\u0430\u0440 \u0432 \u0443\u0432\u0435\u043b\u0438\u0447\u0435\u043d\u043d\u043e\u043c \u0440\u0430\u0437\u043c\u0435\u0440\u0435.<\/em><br \/>\n<\/strong><\/span><\/span><\/p>\n<figure id=\"attachment_9938\" aria-describedby=\"caption-attachment-9938\" style=\"width: 200px\" class=\"wp-caption alignnone\"><a href=\"https:\/\/www.mazam.eu\/wp-content\/uploads\/2025\/02\/tosteplokk-seekliga-\u0411\u043b\u043e\u043a-\u043c\u043e\u043d\u0442\u0430\u0436\u043d\u044b\u0439-\u0441\u043e-\u0441\u043a\u043e\u0431\u043e\u0439-snatch-block-with-shackle-suur.jpg\" target=\"_blank\" rel=\"noopener\"><img loading=\"lazy\" decoding=\"async\" class=\"wp-image-9938 size-full\" src=\"https:\/\/www.mazam.eu\/wp-content\/uploads\/2025\/02\/tosteplokk-seekliga-\u0411\u043b\u043e\u043a-\u043c\u043e\u043d\u0442\u0430\u0436\u043d\u044b\u0439-\u0441\u043e-\u0441\u043a\u043e\u0431\u043e\u0439-snatch-block-with-shackle-avatar.jpg\" alt=\"\u0411\u043b\u043e\u043a \u043c\u043e\u043d\u0442\u0430\u0436\u043d\u044b\u0439 \u0441\u043e \u0441\u043a\u043e\u0431\u043e\u0439\" width=\"200\" height=\"150\" data-id=\"9938\" \/><\/a><figcaption id=\"caption-attachment-9938\" class=\"wp-caption-text\">\u0411\u043b\u043e\u043a \u043c\u043e\u043d\u0442\u0430\u0436\u043d\u044b\u0439 \u0441\u043e \u0441\u043a\u043e\u0431\u043e\u0439<\/figcaption><\/figure>\n<p><span style=\"color: #ffffff;\"><strong style=\"color: #333333;\"><span style=\"text-decoration: underline;\"><span style=\"color: #ff6600; text-decoration: underline;\">\u0414\u0430\u043d\u043d\u044b\u0435:<\/span><\/span><\/strong><\/span><\/p>\n<table width=\"605\">\n<tbody>\n<tr>\n<td style=\"text-align: center;\" width=\"137\"><strong>\u0420\u0430\u0431\u043e\u0447\u0430\u044f \u043d\u0430\u0433\u0440\u0443\u0437\u043a\u0430<\/strong><\/td>\n<td style=\"text-align: center;\" width=\"235\"><strong>\u041f\u043e\u0434\u0445\u043e\u0434\u044f\u0449\u0430\u044f \u2205 \u0442\u0440\u043e\u0441\u0430<\/strong><\/td>\n<td style=\"text-align: center;\" width=\"141\"><strong>\u2205 \u043a\u043e\u043b\u0435\u0441\u043e<\/strong><\/td>\n<td style=\"text-align: center;\" width=\"92\"><strong>\u0412\u0435\u0441<\/strong><\/td>\n<\/tr>\n<tr>\n<td style=\"text-align: center;\" width=\"137\">2000\u043a\u0433<\/td>\n<td style=\"text-align: center;\" width=\"235\">\u0434\u043e 9\u043c\u043c<\/td>\n<td style=\"text-align: center;\" width=\"141\">75\u043c\u043c<\/td>\n<td style=\"text-align: center;\" width=\"92\">2,3\u043a\u0433<\/td>\n<\/tr>\n<tr>\n<td style=\"text-align: center;\" width=\"137\">4000\u043a\u0433<\/td>\n<td style=\"text-align: center;\" width=\"235\">\u0434\u043e 12\u043c\u043c<\/td>\n<td style=\"text-align: center;\" width=\"141\">115\u043c\u043c<\/td>\n<td style=\"text-align: center;\" width=\"92\">7,8\u043a\u0433<\/td>\n<\/tr>\n<tr>\n<td style=\"text-align: center;\" width=\"137\">8000\u043a\u0433<\/td>\n<td style=\"text-align: center;\" width=\"235\">\u0434\u043e 19\u043c\u043c<\/td>\n<td style=\"text-align: center;\" width=\"141\">152\u043c\u043c<\/td>\n<td style=\"text-align: center;\" width=\"92\">14\u043a\u0433<\/td>\n<\/tr>\n<tr>\n<td style=\"text-align: center;\" width=\"137\">10000\u043a\u0433<\/td>\n<td style=\"text-align: center;\" width=\"235\">\u0434\u043e 19\u043c\u043c<\/td>\n<td style=\"text-align: center;\" width=\"141\">152\u043c\u043c<\/td>\n<td style=\"text-align: center;\" width=\"92\">16\u043a\u0433<\/td>\n<\/tr>\n<tr>\n<td style=\"text-align: center;\" width=\"137\">12000\u043a\u0433<\/td>\n<td style=\"text-align: center;\" width=\"235\">\u0434\u043e 26\u043c\u043c<\/td>\n<td style=\"text-align: center;\" width=\"141\">254\u043c\u043c<\/td>\n<td style=\"text-align: center;\" width=\"92\">40\u043a\u0433<\/td>\n<\/tr>\n<tr>\n<td style=\"text-align: center;\" width=\"137\">15000\u043a\u0433<\/td>\n<td style=\"text-align: center;\" width=\"235\">\u0434\u043e 26\u043c\u043c<\/td>\n<td style=\"text-align: center;\" width=\"141\">254\u043c\u043c<\/td>\n<td style=\"text-align: center;\" width=\"92\">54\u043a\u0433<\/td>\n<\/tr>\n<tr>\n<td style=\"text-align: center;\" width=\"137\">20000\u043a\u0433<\/td>\n<td style=\"text-align: center;\" width=\"235\">\u0434\u043e 29\u043c\u043c<\/td>\n<td style=\"text-align: center;\" width=\"141\">254\u043c\u043c<\/td>\n<td style=\"text-align: center;\" width=\"92\">56\u043a\u0433<\/td>\n<\/tr>\n<tr>\n<td style=\"text-align: center;\">22000\u043a\u0433<\/td>\n<td style=\"text-align: center;\">\u0434\u043e 32\u043c\u043c<\/td>\n<td style=\"text-align: center;\">355\u043c\u043c<\/td>\n<td style=\"text-align: center;\">112\u043a\u0433<\/td>\n<\/tr>\n<tr>\n<td style=\"text-align: center;\" width=\"137\">30000\u043a\u0433<\/td>\n<td style=\"text-align: center;\" width=\"235\">\u0434\u043e 35\u043c\u043c<\/td>\n<td style=\"text-align: center;\" width=\"141\">406\u043c\u043c<\/td>\n<td style=\"text-align: center;\" width=\"92\">164\u043a\u0433<\/td>\n<\/tr>\n<tr>\n<td style=\"text-align: center;\">50000\u043a\u0433<\/td>\n<td style=\"text-align: center;\">\u0434\u043e 42\u043c\u043c<\/td>\n<td style=\"text-align: center;\">609\u043c\u043c<\/td>\n<td style=\"text-align: center;\">340\u043a\u0433<\/td>\n<\/tr>\n<\/tbody>\n<\/table>\n<p><span style=\"color: #0000ff;\"><strong>\u0417\u0430\u043f\u0440\u043e\u0441 <span style=\"color: #ff6600;\"><strong style=\"color: #0000ff;\">\u043e\u0442\u043f\u0440\u0430\u0432\u0438\u0432<\/strong><\/span> \u0443\u043a\u0430\u0436\u0438\u0442\u0435 \u043e\u0431\u044a\u0435\u043c \u0440\u0430\u0431\u043e\u0442\u044b \u0438 \u043a\u043e\u043b\u0438\u0447\u0435\u0441\u0442\u0432\u043e \u0442\u0440\u0435\u0431\u0443\u0435\u043c\u044b\u0445 \u0431\u043b\u043e\u043a\u043e\u0432<a style=\"color: #0000ff;\" href=\"https:\/\/en.wikipedia.org\/wiki\/Block_and_tackle\">.<\/a><\/strong><\/span><\/p>","protected":false},"excerpt":{"rendered":"<p>3&nbsp;666 vaatamistt\u00f5steplokk seekliga Kasutus \u2013 Ehitusel, laevadel, metsalangetamisel, kaevandustes, p\u00e4\u00e4stet\u00f6\u00f6del, offroadi masinatel, elektrilistel vintsidel jne. Plokk aitab muuta trossi suunda vastavalt Teie soovile, kas siis \u00fcmber nurga, \u00fcmber puu v\u00f5i \u00fcle takistuse. Kasutage alati sobivat plokki sama m\u00f5\u00f5tu terastrossiga. Plokkide korpus ja plokiratas on valmistatud suure t\u00f5mbetugevusega terasest. Lubatud temperatuur -20\u00b0C kuni +50\u00b0C Vastab masinadirektiivi&#8230;<\/p>","protected":false},"author":1,"featured_media":0,"parent":5,"menu_order":0,"comment_status":"closed","ping_status":"closed","template":"","meta":{"_uf_show_specific_survey":0,"_uf_disable_surveys":false,"iawp_total_views":262,"footnotes":""},"class_list":["post-1809","page","type-page","status-publish","hentry"],"yoast_head":"<!-- This site is optimized with the Yoast SEO plugin v27.5 - https:\/\/yoast.com\/product\/yoast-seo-wordpress\/ -->\n<title>T\u00d5STEPLOKK SEEKLIGA - Mazam O\u00dc - tootmine ja m\u00fc\u00fck<\/title>\n<meta name=\"description\" content=\"T\u00f5steplokk seekliga - Kasutatakse ehitusel, laevadel, metsalangetamisel, kaevandustes, p\u00e4\u00e4stet\u00f6\u00f6del, offroadi masinatel, elektrilistel..\" \/>\n<meta name=\"robots\" content=\"index, follow, max-snippet:-1, max-image-preview:large, max-video-preview:-1\" \/>\n<link rel=\"canonical\" href=\"https:\/\/www.mazam.eu\/ru\/produkty\/\u0431\u043b\u043e\u043a-\u043c\u043e\u043d\u0442\u0430\u0436\u043d\u044b\u0439-\u0441\u043e-\u0441\u043a\u043e\u0431\u043e\u0439\/\" \/>\n<meta property=\"og:locale\" content=\"ru_RU\" \/>\n<meta property=\"og:type\" content=\"article\" \/>\n<meta property=\"og:title\" content=\"T\u00d5STEPLOKK SEEKLIGA - Mazam O\u00dc - tootmine ja m\u00fc\u00fck\" \/>\n<meta property=\"og:description\" content=\"T\u00f5steplokk seekliga - Kasutatakse ehitusel, laevadel, metsalangetamisel, kaevandustes, p\u00e4\u00e4stet\u00f6\u00f6del, offroadi masinatel, elektrilistel..\" \/>\n<meta property=\"og:url\" content=\"https:\/\/www.mazam.eu\/ru\/produkty\/\u0431\u043b\u043e\u043a-\u043c\u043e\u043d\u0442\u0430\u0436\u043d\u044b\u0439-\u0441\u043e-\u0441\u043a\u043e\u0431\u043e\u0439\/\" \/>\n<meta property=\"og:site_name\" content=\"Mazam O&Uuml; | T&otilde;ste- ja koormakinnitusvahendite tootmine ja m&uuml;&uuml;k (2014 - 2026) - linttropp &bull; koormarihm &bull; ringt&otilde;stev&ouml;&ouml; &bull; terastross &bull; kett-tropp &bull; vints &bull; t&otilde;stemagnet jpm.\" \/>\n<meta property=\"article:modified_time\" content=\"2025-07-22T12:37:59+00:00\" \/>\n<meta name=\"twitter:card\" content=\"summary_large_image\" \/>\n<meta name=\"twitter:label1\" content=\"\u041f\u0440\u0438\u043c\u0435\u0440\u043d\u043e\u0435 \u0432\u0440\u0435\u043c\u044f \u0434\u043b\u044f \u0447\u0442\u0435\u043d\u0438\u044f\" \/>\n\t<meta name=\"twitter:data1\" content=\"1 \u043c\u0438\u043d\u0443\u0442\u0430\" \/>\n<script type=\"application\/ld+json\" class=\"yoast-schema-graph\">{\"@context\":\"https:\\\/\\\/schema.org\",\"@graph\":[{\"@type\":\"WebPage\",\"@id\":\"https:\\\/\\\/www.mazam.eu\\\/tooted\\\/tosteplokk-seekliga\\\/\",\"url\":\"https:\\\/\\\/www.mazam.eu\\\/tooted\\\/tosteplokk-seekliga\\\/\",\"name\":\"T\u00d5STEPLOKK SEEKLIGA - Mazam O\u00dc - tootmine ja m\u00fc\u00fck\",\"isPartOf\":{\"@id\":\"https:\\\/\\\/www.mazam.eu\\\/#website\"},\"datePublished\":\"2017-05-06T08:59:41+00:00\",\"dateModified\":\"2025-07-22T12:37:59+00:00\",\"description\":\"T\u00f5steplokk seekliga - Kasutatakse ehitusel, laevadel, metsalangetamisel, kaevandustes, p\u00e4\u00e4stet\u00f6\u00f6del, offroadi masinatel, elektrilistel..\",\"breadcrumb\":{\"@id\":\"https:\\\/\\\/www.mazam.eu\\\/tooted\\\/tosteplokk-seekliga\\\/#breadcrumb\"},\"inLanguage\":\"ru-RU\",\"potentialAction\":[{\"@type\":\"ReadAction\",\"target\":[\"https:\\\/\\\/www.mazam.eu\\\/tooted\\\/tosteplokk-seekliga\\\/\"]}]},{\"@type\":\"BreadcrumbList\",\"@id\":\"https:\\\/\\\/www.mazam.eu\\\/tooted\\\/tosteplokk-seekliga\\\/#breadcrumb\",\"itemListElement\":[{\"@type\":\"ListItem\",\"position\":1,\"name\":\"Home\",\"item\":\"https:\\\/\\\/www.mazam.eu\\\/\"},{\"@type\":\"ListItem\",\"position\":2,\"name\":\"Tooted\",\"item\":\"https:\\\/\\\/www.mazam.eu\\\/tooted\\\/\"},{\"@type\":\"ListItem\",\"position\":3,\"name\":\"t\u00f5steplokk seekliga\"}]},{\"@type\":\"WebSite\",\"@id\":\"https:\\\/\\\/www.mazam.eu\\\/#website\",\"url\":\"https:\\\/\\\/www.mazam.eu\\\/\",\"name\":\"Mazam O&Uuml; | T&otilde;ste- ja koormakinnitusvahendite tootmine ja m&uuml;&uuml;k (2014 - 2026) - linttropp &bull; koormarihm &bull; ringt&otilde;stev&ouml;&ouml; &bull; terastross &bull; kett-tropp &bull; vints &bull; t&otilde;stemagnet jpm.\",\"description\":\"T&otilde;ste- ja kinnituslahendused | Lifting- and lashing solutions\",\"publisher\":{\"@id\":\"https:\\\/\\\/www.mazam.eu\\\/#organization\"},\"potentialAction\":[{\"@type\":\"SearchAction\",\"target\":{\"@type\":\"EntryPoint\",\"urlTemplate\":\"https:\\\/\\\/www.mazam.eu\\\/?s={search_term_string}\"},\"query-input\":{\"@type\":\"PropertyValueSpecification\",\"valueRequired\":true,\"valueName\":\"search_term_string\"}}],\"inLanguage\":\"ru-RU\"},{\"@type\":\"Organization\",\"@id\":\"https:\\\/\\\/www.mazam.eu\\\/#organization\",\"name\":\"Mazam O\u00dc\",\"url\":\"https:\\\/\\\/www.mazam.eu\\\/\",\"logo\":{\"@type\":\"ImageObject\",\"inLanguage\":\"ru-RU\",\"@id\":\"https:\\\/\\\/www.mazam.eu\\\/#\\\/schema\\\/logo\\\/image\\\/\",\"url\":\"https:\\\/\\\/www.mazam.eu\\\/wp-content\\\/uploads\\\/2015\\\/10\\\/mazam-logo-linttropp-koormarihm-t\u00f5stev\u00f6\u00f6.png\",\"contentUrl\":\"https:\\\/\\\/www.mazam.eu\\\/wp-content\\\/uploads\\\/2015\\\/10\\\/mazam-logo-linttropp-koormarihm-t\u00f5stev\u00f6\u00f6.png\",\"width\":190,\"height\":70,\"caption\":\"Mazam O\u00dc\"},\"image\":{\"@id\":\"https:\\\/\\\/www.mazam.eu\\\/#\\\/schema\\\/logo\\\/image\\\/\"}}]}<\/script>\n<!-- \/ Yoast SEO plugin. -->","yoast_head_json":{"title":"\u0411\u043b\u043e\u043a \u043c\u043e\u043d\u0442\u0430\u0436\u043d\u044b\u0439 \u0441\u043e \u0441\u043a\u043e\u0431\u043e\u0439 - Mazam O\u00dc - \u043f\u0440\u043e\u0438\u0437\u0432\u043e\u0434\u0441\u0442\u0432\u043e \u0438 \u043f\u0440\u043e\u0434\u0430\u0436\u0430","description":"\u0411\u043b\u043e\u043a \u043c\u043e\u043d\u0442\u0430\u0436\u043d\u044b\u0439 \u0441\u043e \u0441\u043a\u043e\u0431\u043e\u0439 - \u0418\u0441\u043f\u043e\u043b\u044c\u0437\u0443\u0435\u0442\u0441\u044f \u0432 \u0441\u0442\u0440\u043e\u0438\u0442\u0435\u043b\u044c\u0441\u0442\u0432\u0435, \u043d\u0430 \u0441\u0443\u0434\u0430\u0445, \u043b\u0435\u0441\u043e\u0437\u0430\u0433\u043e\u0442\u043e\u0432\u043a\u0430\u0445, \u0432 \u0448\u0430\u0445\u0442\u0430\u0445, \u0441\u043f\u0430\u0441\u0430\u0442\u0435\u043b\u044c\u043d\u044b\u0445 \u0440\u0430\u0431\u043e\u0442\u0430\u0445, \u0432\u043d\u0435\u0434\u043e\u0440\u043e\u0436\u043d\u043e\u0439 \u0442\u0435\u0445\u043d\u0438\u043a\u0435, \u044d\u043b\u0435\u043a\u0442\u0440\u0438\u0447\u0435\u0441\u043a\u0438\u0445...","robots":{"index":"index","follow":"follow","max-snippet":"max-snippet:-1","max-image-preview":"max-image-preview:large","max-video-preview":"max-video-preview:-1"},"canonical":"https:\/\/www.mazam.eu\/ru\/produkty\/\u0431\u043b\u043e\u043a-\u043c\u043e\u043d\u0442\u0430\u0436\u043d\u044b\u0439-\u0441\u043e-\u0441\u043a\u043e\u0431\u043e\u0439\/","og_locale":"ru_RU","og_type":"article","og_title":"T\u00d5STEPLOKK SEEKLIGA - Mazam O\u00dc - tootmine ja m\u00fc\u00fck","og_description":"T\u00f5steplokk seekliga - Kasutatakse ehitusel, laevadel, metsalangetamisel, kaevandustes, p\u00e4\u00e4stet\u00f6\u00f6del, offroadi masinatel, elektrilistel..","og_url":"https:\/\/www.mazam.eu\/ru\/produkty\/\u0431\u043b\u043e\u043a-\u043c\u043e\u043d\u0442\u0430\u0436\u043d\u044b\u0439-\u0441\u043e-\u0441\u043a\u043e\u0431\u043e\u0439\/","og_site_name":"Mazam O&Uuml; | T&otilde;ste- ja koormakinnitusvahendite tootmine ja m&uuml;&uuml;k (2014 - 2026) - linttropp &bull; koormarihm &bull; ringt&otilde;stev&ouml;&ouml; &bull; terastross &bull; kett-tropp &bull; vints &bull; t&otilde;stemagnet jpm.","article_modified_time":"2025-07-22T12:37:59+00:00","twitter_card":"summary_large_image","twitter_misc":{"\u041f\u0440\u0438\u043c\u0435\u0440\u043d\u043e\u0435 \u0432\u0440\u0435\u043c\u044f \u0434\u043b\u044f \u0447\u0442\u0435\u043d\u0438\u044f":"1 \u043c\u0438\u043d\u0443\u0442\u0430"},"schema":{"@context":"https:\/\/schema.org","@graph":[{"@type":"WebPage","@id":"https:\/\/www.mazam.eu\/tooted\/tosteplokk-seekliga\/","url":"https:\/\/www.mazam.eu\/tooted\/tosteplokk-seekliga\/","name":"\u0411\u043b\u043e\u043a \u043c\u043e\u043d\u0442\u0430\u0436\u043d\u044b\u0439 \u0441\u043e \u0441\u043a\u043e\u0431\u043e\u0439 - Mazam O\u00dc - \u043f\u0440\u043e\u0438\u0437\u0432\u043e\u0434\u0441\u0442\u0432\u043e \u0438 \u043f\u0440\u043e\u0434\u0430\u0436\u0430","isPartOf":{"@id":"https:\/\/www.mazam.eu\/#website"},"datePublished":"2017-05-06T08:59:41+00:00","dateModified":"2025-07-22T12:37:59+00:00","description":"\u0411\u043b\u043e\u043a \u043c\u043e\u043d\u0442\u0430\u0436\u043d\u044b\u0439 \u0441\u043e \u0441\u043a\u043e\u0431\u043e\u0439 - \u0418\u0441\u043f\u043e\u043b\u044c\u0437\u0443\u0435\u0442\u0441\u044f \u0432 \u0441\u0442\u0440\u043e\u0438\u0442\u0435\u043b\u044c\u0441\u0442\u0432\u0435, \u043d\u0430 \u0441\u0443\u0434\u0430\u0445, \u043b\u0435\u0441\u043e\u0437\u0430\u0433\u043e\u0442\u043e\u0432\u043a\u0430\u0445, \u0432 \u0448\u0430\u0445\u0442\u0430\u0445, \u0441\u043f\u0430\u0441\u0430\u0442\u0435\u043b\u044c\u043d\u044b\u0445 \u0440\u0430\u0431\u043e\u0442\u0430\u0445, \u0432\u043d\u0435\u0434\u043e\u0440\u043e\u0436\u043d\u043e\u0439 \u0442\u0435\u0445\u043d\u0438\u043a\u0435, \u044d\u043b\u0435\u043a\u0442\u0440\u0438\u0447\u0435\u0441\u043a\u0438\u0445...","breadcrumb":{"@id":"https:\/\/www.mazam.eu\/tooted\/tosteplokk-seekliga\/#breadcrumb"},"inLanguage":"ru-RU","potentialAction":[{"@type":"ReadAction","target":["https:\/\/www.mazam.eu\/tooted\/tosteplokk-seekliga\/"]}]},{"@type":"BreadcrumbList","@id":"https:\/\/www.mazam.eu\/tooted\/tosteplokk-seekliga\/#breadcrumb","itemListElement":[{"@type":"ListItem","position":1,"name":"Home","item":"https:\/\/www.mazam.eu\/"},{"@type":"ListItem","position":2,"name":"Tooted","item":"https:\/\/www.mazam.eu\/tooted\/"},{"@type":"ListItem","position":3,"name":"t\u00f5steplokk seekliga"}]},{"@type":"WebSite","@id":"https:\/\/www.mazam.eu\/#website","url":"https:\/\/www.mazam.eu\/","name":"Mazam O\u00dc | \u041f\u0440\u043e\u0438\u0437\u0432\u043e\u0434\u0441\u0442\u0432\u043e \u0438 \u043f\u0440\u043e\u0434\u0430\u0436\u0430 \u043f\u043e\u0434\u044a\u0435\u043c\u043d\u043e-\u0442\u0440\u0430\u043d\u0441\u043f\u043e\u0440\u0442\u043d\u043e\u0433\u043e \u043e\u0431\u043e\u0440\u0443\u0434\u043e\u0432\u0430\u043d\u0438\u044f (2014 - 2026) - \u043b\u0438\u043d\u0442\u0440\u0443\u043f\u0430 - \u0433\u0440\u0443\u0437\u043e\u0432\u043e\u0439 \u0440\u0435\u043c\u0435\u043d\u044c - \u0442\u0430\u043b\u0435\u0432\u044b\u0439 \u0440\u0435\u043c\u0435\u043d\u044c - \u0441\u0442\u0430\u043b\u044c\u043d\u043e\u0439 \u043a\u0430\u043d\u0430\u0442 - \u0446\u0435\u043f\u043d\u043e\u0439 \u0442\u0430\u043b\u0440\u0435\u043f - \u043b\u0435\u0431\u0435\u0434\u043a\u0430 - \u043f\u043e\u0434\u044a\u0435\u043c\u043d\u044b\u0439 \u043c\u0430\u0433\u043d\u0438\u0442 \u0438 \u0442.\u0434.","description":"\u0420\u0435\u0448\u0435\u043d\u0438\u044f \u0434\u043b\u044f \u043f\u043e\u0434\u044a\u0435\u043c\u0430 \u0438 \u043a\u0440\u0435\u043f\u043b\u0435\u043d\u0438\u044f | \u0420\u0435\u0448\u0435\u043d\u0438\u044f \u0434\u043b\u044f \u043f\u043e\u0434\u044a\u0435\u043c\u0430 \u0438 \u043a\u0440\u0435\u043f\u043b\u0435\u043d\u0438\u044f","publisher":{"@id":"https:\/\/www.mazam.eu\/#organization"},"potentialAction":[{"@type":"SearchAction","target":{"@type":"EntryPoint","urlTemplate":"https:\/\/www.mazam.eu\/?s={search_term_string}"},"query-input":{"@type":"PropertyValueSpecification","valueRequired":true,"valueName":"search_term_string"}}],"inLanguage":"ru-RU"},{"@type":"Organization","@id":"https:\/\/www.mazam.eu\/#organization","name":"Mazam O\u00dc","url":"https:\/\/www.mazam.eu\/","logo":{"@type":"ImageObject","inLanguage":"ru-RU","@id":"https:\/\/www.mazam.eu\/#\/schema\/logo\/image\/","url":"https:\/\/www.mazam.eu\/wp-content\/uploads\/2015\/10\/mazam-logo-linttropp-koormarihm-t\u00f5stev\u00f6\u00f6.png","contentUrl":"https:\/\/www.mazam.eu\/wp-content\/uploads\/2015\/10\/mazam-logo-linttropp-koormarihm-t\u00f5stev\u00f6\u00f6.png","width":190,"height":70,"caption":"Mazam O\u00dc"},"image":{"@id":"https:\/\/www.mazam.eu\/#\/schema\/logo\/image\/"}}]}},"_links":{"self":[{"href":"https:\/\/www.mazam.eu\/ru\/wp-json\/wp\/v2\/pages\/1809","targetHints":{"allow":["GET"]}}],"collection":[{"href":"https:\/\/www.mazam.eu\/ru\/wp-json\/wp\/v2\/pages"}],"about":[{"href":"https:\/\/www.mazam.eu\/ru\/wp-json\/wp\/v2\/types\/page"}],"author":[{"embeddable":true,"href":"https:\/\/www.mazam.eu\/ru\/wp-json\/wp\/v2\/users\/1"}],"replies":[{"embeddable":true,"href":"https:\/\/www.mazam.eu\/ru\/wp-json\/wp\/v2\/comments?post=1809"}],"version-history":[{"count":29,"href":"https:\/\/www.mazam.eu\/ru\/wp-json\/wp\/v2\/pages\/1809\/revisions"}],"predecessor-version":[{"id":12178,"href":"https:\/\/www.mazam.eu\/ru\/wp-json\/wp\/v2\/pages\/1809\/revisions\/12178"}],"up":[{"embeddable":true,"href":"https:\/\/www.mazam.eu\/ru\/wp-json\/wp\/v2\/pages\/5"}],"wp:attachment":[{"href":"https:\/\/www.mazam.eu\/ru\/wp-json\/wp\/v2\/media?parent=1809"}],"curies":[{"name":"wp","href":"https:\/\/api.w.org\/{rel}","templated":true}]}}