{"id":1890,"date":"2017-05-06T12:50:47","date_gmt":"2017-05-06T12:50:47","guid":{"rendered":"http:\/\/www.mazam.eu\/?page_id=1890"},"modified":"2025-04-08T06:41:43","modified_gmt":"2025-04-08T06:41:43","slug":"pult-radioupravleniya-400v","status":"publish","type":"page","link":"https:\/\/www.mazam.eu\/ru\/tooted\/raadio-teel-juhitav-juhtpult-400v\/","title":{"rendered":"\u041f\u0443\u043b\u044c\u0442 \u0440\u0430\u0434\u0438\u043e\u0443\u043f\u0440\u0430\u0432\u043b\u0435\u043d\u0438\u044f 400\u0412"},"content":{"rendered":"<div class='epvc-post-count'><span class='epvc-eye'><\/span>  <span class=\"epvc-count\"> 3&nbsp;365<\/span><span class='epvc-label'> \u043f\u0440\u043e\u0441\u043c\u043e\u0442\u0440<\/span><\/div><p><span style=\"color: #ffffff;\">\u041f\u0443\u043b\u044c\u0442 \u0440\u0430\u0434\u0438\u043e\u0443\u043f\u0440\u0430\u0432\u043b\u0435\u043d\u0438\u044f 400\u0412<\/span><strong><br \/>\n\u041f\u0430\u043d\u0435\u043b\u044c \u0443\u043f\u0440\u0430\u0432\u043b\u0435\u043d\u0438\u044f \u0440\u0430\u0431\u043e\u0442\u0430\u0435\u0442 \u0442\u043e\u043b\u044c\u043a\u043e \u043f\u0440\u0438 \u043d\u0430\u043f\u0440\u044f\u0436\u0435\u043d\u0438\u0438 400 \u0412 <span style=\"color: #3366ff;\"><a href=\"https:\/\/www.mazam.eu\/ru\/produkty\/tali-elektricheskiye-telfery\/tal-elektricheskaya-tsepnaya-400v\/\" target=\"_blank\" rel=\"noopener\"><span style=\"color: #0000ff;\"><span style=\"text-decoration: underline;\">\u044d\u043b\u0435\u043a\u0442\u0440\u0438\u0447\u0435\u0441\u043a\u0438\u0435 \u0446\u0435\u043f\u043d\u044b\u0435 \u0437\u0430\u043c\u043a\u0438<\/span><\/span><\/a><\/span> \u0438 <span style=\"color: #3366ff;\"><span style=\"color: #0000ff;\"><a style=\"color: #0000ff;\" href=\"https:\/\/www.mazam.eu\/ru\/produkty\/tal-elektricheskaya-tsepnaya-peredvizhnaya-400b\/\" target=\"_blank\" rel=\"noopener\"><span style=\"text-decoration: underline;\">\u044d\u043b\u0435\u043a\u0442\u0440\u0438\u0447\u0435\u0441\u043a\u0438\u0435 \u0442\u0440\u0430\u043d\u0441\u043f\u043e\u0440\u0442\u043d\u044b\u0435 \u0441\u0440\u0435\u0434\u0441\u0442\u0432\u0430<\/span><\/a><\/span>.<\/span><br \/>\n\u041b\u0435\u0433\u043a\u043e \u0443\u043f\u0440\u0430\u0432\u043b\u044f\u0442\u044c \u044d\u043b\u0435\u043a\u0442\u0440\u0438\u0447\u0435\u0441\u043a\u043e\u0439 \u0446\u0435\u043f\u044c\u044e \u043f\u043e \u0440\u0430\u0434\u0438\u043e.<br \/>\n\u0412\u043c\u0435\u0441\u0442\u043e \u043a\u043d\u043e\u043f\u043e\u0447\u043d\u043e\u0433\u043e \u043f\u0443\u043b\u044c\u0442\u0430 \u0443\u043f\u0440\u0430\u0432\u043b\u0435\u043d\u0438\u044f \u043f\u043e\u0434\u043a\u043b\u044e\u0447\u0430\u0435\u0442\u0441\u044f \u043f\u0435\u0440\u0435\u0434\u0430\u0442\u0447\u0438\u043a, \u0438 \u043c\u043e\u0436\u043d\u043e \u043d\u0430\u0447\u0438\u043d\u0430\u0442\u044c \u043f\u043e\u0434\u044a\u0435\u043c.<br \/>\n\u0422\u043e\u043a \u043f\u0435\u0440\u0435\u0434\u0430\u0442\u0447\u0438\u043a\u0430: 3 \u0412 (2x AA) \/ \u0422\u043e\u043a \u043f\u0440\u0438\u0435\u043c\u043d\u0438\u043a\u0430: 18 \u0412 - 65 \u0412.<br \/>\n\u0420\u0430\u0437\u043c\u0435\u0440\u044b \u043f\u0435\u0440\u0435\u0434\u0430\u0442\u0447\u0438\u043a\u0430 (\u0434\u043b\u0438\u043d\u0430 \/ \u0448\u0438\u0440\u0438\u043d\u0430 \/ \u0432\u044b\u0441\u043e\u0442\u0430): 205 \u043c\u043c x 60 \u043c\u043c x 53 \u043c\u043c<br \/>\n\u0420\u0430\u0437\u043c\u0435\u0440\u044b \u043f\u0440\u0438\u0435\u043c\u043d\u0438\u043a\u0430 (\u0434\u043b\u0438\u043d\u0430 \/ \u0448\u0438\u0440\u0438\u043d\u0430 \/ \u0432\u044b\u0441\u043e\u0442\u0430): 205 \u043c\u043c x 86 \u043c\u043c x 130 \u043c\u043c<br \/>\n\u0414\u0438\u0430\u043f\u0430\u0437\u043e\u043d \u0442\u0435\u043c\u043f\u0435\u0440\u0430\u0442\u0443\u0440 \u043e\u0442 -10\u00b0C \u0434\u043e +40\u00b0C<br \/>\n\u0421\u043e\u043e\u0442\u0432\u0435\u0442\u0441\u0442\u0432\u0443\u0435\u0442 \u0442\u0440\u0435\u0431\u043e\u0432\u0430\u043d\u0438\u044f\u043c \u0414\u0438\u0440\u0435\u043a\u0442\u0438\u0432\u044b \u043f\u043e \u043c\u0430\u0448\u0438\u043d\u043d\u043e\u043c\u0443 \u043e\u0431\u043e\u0440\u0443\u0434\u043e\u0432\u0430\u043d\u0438\u044e 2006\/42\/EC.<br \/>\n\u2014<br \/>\n<em>\u041d\u0430\u0436\u043c\u0438\u0442\u0435 \u043d\u0430 \u0438\u0437\u043e\u0431\u0440\u0430\u0436\u0435\u043d\u0438\u0435, \u0447\u0442\u043e\u0431\u044b \u0443\u0432\u0438\u0434\u0435\u0442\u044c \u0442\u043e\u0432\u0430\u0440 \u0432 \u0443\u0432\u0435\u043b\u0438\u0447\u0435\u043d\u043d\u043e\u043c \u0440\u0430\u0437\u043c\u0435\u0440\u0435.<\/em><\/strong><\/p>\n<figure id=\"attachment_11314\" aria-describedby=\"caption-attachment-11314\" style=\"width: 200px\" class=\"wp-caption alignnone\"><a href=\"https:\/\/www.mazam.eu\/wp-content\/uploads\/2025\/03\/raadio-teel-juhitav-juhtpult-400V-\u0420\u0430\u0434\u0438\u043e\u043f\u0443\u043b\u044c\u0442-\u0434\u0438\u0441\u0442\u0430\u043d\u0446\u0438\u043e\u043d\u043d\u043e\u0433\u043e-\u0443\u043f\u0440\u0430\u0432\u043b\u0435\u043d\u0438\u044f-400\u0412-radio-remote-control-400V-suur.jpg\" target=\"_blank\" rel=\"noopener\"><img loading=\"lazy\" decoding=\"async\" class=\"wp-image-11314 size-full\" src=\"https:\/\/www.mazam.eu\/wp-content\/uploads\/2025\/03\/raadio-teel-juhitav-juhtpult-400V-\u0420\u0430\u0434\u0438\u043e\u043f\u0443\u043b\u044c\u0442-\u0434\u0438\u0441\u0442\u0430\u043d\u0446\u0438\u043e\u043d\u043d\u043e\u0433\u043e-\u0443\u043f\u0440\u0430\u0432\u043b\u0435\u043d\u0438\u044f-400\u0412-radio-remote-control-400V-avatar.jpg\" alt=\"\u041f\u0443\u043b\u044c\u0442 \u0440\u0430\u0434\u0438\u043e\u0443\u043f\u0440\u0430\u0432\u043b\u0435\u043d\u0438\u044f 400\u0412\" width=\"200\" height=\"150\" data-id=\"11314\" \/><\/a><figcaption id=\"caption-attachment-11314\" class=\"wp-caption-text\">\u041f\u0443\u043b\u044c\u0442 \u0440\u0430\u0434\u0438\u043e\u0443\u043f\u0440\u0430\u0432\u043b\u0435\u043d\u0438\u044f 400\u0412<\/figcaption><\/figure>\n<p><span style=\"text-decoration: underline; color: #ff6600;\"><strong>\u0414\u0430\u043d\u043d\u044b\u0435:<br \/>\n<\/strong><\/span><\/p>\n<table width=\"970\">\n<tbody>\n<tr>\n<td style=\"text-align: center;\" width=\"296\"><strong>\u0421\u043a\u043e\u0440\u043e\u0441\u0442\u044c \u043f\u043e\u0434\u044a\u0435\u043c\u0430<\/strong><\/td>\n<td style=\"text-align: center;\" width=\"145\">1 \u0441\u043a\u043e\u0440\u043e\u0441\u0442\u044c \u043f\u043e\u0434\u044a\u0435\u043c\u0430<\/td>\n<td style=\"text-align: center;\" width=\"195\">1 \u0441\u043a\u043e\u0440\u043e\u0441\u0442\u044c \u043f\u043e\u0434\u044a\u0435\u043c\u0430 \u0438 \u043f\u0435\u0440\u0435\u0434\u0432\u0438\u0436\u0435\u043d\u0438\u044f<\/td>\n<td style=\"text-align: center;\" width=\"139\">2 \u0441\u043a\u043e\u0440\u043e\u0441\u0442\u0438 \u043f\u043e\u0434\u044a\u0435\u043c\u0430<\/td>\n<td style=\"text-align: center;\" width=\"195\">2 \u0441\u043a\u043e\u0440\u043e\u0441\u0442\u0438 \u043f\u043e\u0434\u044a\u0435\u043c\u0430 \u0438 \u043f\u0435\u0440\u0435\u043c\u0435\u0449\u0435\u043d\u0438\u044f<\/td>\n<\/tr>\n<tr>\n<td style=\"text-align: center;\" width=\"296\"><strong>\u041a\u043e\u043b\u0438\u0447\u0435\u0441\u0442\u0432\u043e \u043a\u043d\u043e\u043f\u043e\u043a<\/strong><\/td>\n<td style=\"text-align: center;\" width=\"145\">2 \u043a\u043d\u043e\u043f\u043a\u0438<\/td>\n<td style=\"text-align: center;\" width=\"195\">4 \u043a\u043d\u043e\u043f\u043a\u0438<\/td>\n<td style=\"text-align: center;\" width=\"139\">2 \u043a\u043d\u043e\u043f\u043a\u0438<\/td>\n<td style=\"text-align: center;\" width=\"195\">4 \u043a\u043d\u043e\u043f\u043a\u0438<\/td>\n<\/tr>\n<tr>\n<td style=\"text-align: center;\" width=\"296\"><strong>\u041f\u043e\u0434\u044a\u0435\u043c\u043d\u044b\u0435 \u0438 \u043f\u0435\u0440\u0435\u0434\u0432\u0438\u0436\u043d\u044b\u0435 \u043f\u043e\u0437\u0438\u0446\u0438\u0438<\/strong><\/td>\n<td style=\"text-align: center;\" width=\"145\">\u25b2 \u25bc<\/td>\n<td style=\"text-align: center;\" width=\"195\">\u25b2 \u25bc \u25c4 \u25ba<\/td>\n<td style=\"text-align: center;\" width=\"139\">\u25b2 \u25bc<\/td>\n<td style=\"text-align: center;\" width=\"195\">\u25b2 \u25bc \u25c4 \u25ba<\/td>\n<\/tr>\n<tr>\n<td style=\"text-align: center;\" width=\"296\"><strong>\u0420\u0430\u0431\u043e\u0447\u0435\u0435 \u0440\u0430\u0441\u0441\u0442\u043e\u044f\u043d\u0438\u0435 \u043d\u0430 \u043e\u0442\u043a\u0440\u044b\u0442\u043e\u043c \u043f\u0440\u043e\u0441\u0442\u0440\u0430\u043d\u0441\u0442\u0432\u0435<\/strong><\/td>\n<td style=\"text-align: center;\" width=\"145\">100m<\/td>\n<td style=\"text-align: center;\" width=\"195\">100m<\/td>\n<td style=\"text-align: center;\" width=\"139\">100m<\/td>\n<td style=\"text-align: center;\" width=\"195\">100m<\/td>\n<\/tr>\n<tr>\n<td style=\"text-align: center;\" width=\"296\"><strong>IP (\u043a\u043b\u0430\u0441\u0441 \u043f\u044b\u043b\u0435- \u0438 \u0432\u043b\u0430\u0433\u043e\u0437\u0430\u0449\u0438\u0442\u044b)<\/strong><\/td>\n<td style=\"text-align: center;\" width=\"145\">65<\/td>\n<td style=\"text-align: center;\" width=\"195\">65<\/td>\n<td style=\"text-align: center;\" width=\"139\">65<\/td>\n<td style=\"text-align: center;\" width=\"195\">65<\/td>\n<\/tr>\n<tr>\n<td style=\"text-align: center;\" width=\"296\"><strong>\u0412\u0435\u0441: \u043f\u0435\u0440\u0435\u0434\u0430\u0442\u0447\u0438\u043a\/\u043f\u0440\u0438\u0435\u043c\u043d\u0438\u043a<\/strong><\/td>\n<td style=\"text-align: center;\" width=\"145\">0,3 \u043a\u0433 \/ 0,4 \u043a\u0433<\/td>\n<td style=\"text-align: center;\" width=\"195\">0,3 \u043a\u0433 \/ 0,4 \u043a\u0433<\/td>\n<td style=\"text-align: center;\" width=\"139\">0,3 \u043a\u0433 \/ 0,4 \u043a\u0433<\/td>\n<td style=\"text-align: center;\" width=\"195\">0,3 \u043a\u0433 \/ 0,4 \u043a\u0433<\/td>\n<\/tr>\n<\/tbody>\n<\/table>\n<hr \/>\n<p style=\"text-align: center;\"><span style=\"color: #000000;\"><em><strong><span style=\"color: #0000ff;\">\u0422\u0430\u043a\u0436\u0435 \u0432\u043e\u0437\u043c\u043e\u0436\u043d\u043e \u0443\u043f\u0440\u0430\u0432\u043b\u0435\u043d\u0438\u0435 \u0434\u0432\u0443\u043c\u044f \u044d\u043b\u0435\u043a\u0442\u0440\u0438\u0447\u0435\u0441\u043a\u0438\u043c\u0438 \u0446\u0435\u043f\u043d\u044b\u043c\u0438 \u0441\u0442\u043e\u043b\u0430\u043c\u0438 \u0441 \u043e\u0434\u043d\u043e\u0433\u043e \u043f\u0443\u043b\u044c\u0442\u0430.<a style=\"color: #0000ff;\" href=\"https:\/\/en.wikipedia.org\/wiki\/Radio_control\">.<\/a><\/span><\/strong><\/em><br \/>\n<img loading=\"lazy\" decoding=\"async\" class=\"size-full wp-image-7387 aligncenter\" src=\"https:\/\/www.mazam.eu\/wp-content\/uploads\/2022\/10\/raadio-teel-juhitav-juhtpult-400V-kahele-talile.jpg\" alt=\"\" width=\"346\" height=\"346\" data-id=\"7387\" srcset=\"https:\/\/www.mazam.eu\/wp-content\/uploads\/2022\/10\/raadio-teel-juhitav-juhtpult-400V-kahele-talile.jpg 346w, https:\/\/www.mazam.eu\/wp-content\/uploads\/2022\/10\/raadio-teel-juhitav-juhtpult-400V-kahele-talile-300x300.jpg 300w, https:\/\/www.mazam.eu\/wp-content\/uploads\/2022\/10\/raadio-teel-juhitav-juhtpult-400V-kahele-talile-150x150.jpg 150w, https:\/\/www.mazam.eu\/wp-content\/uploads\/2022\/10\/raadio-teel-juhitav-juhtpult-400V-kahele-talile-125x125.jpg 125w\" sizes=\"auto, (max-width: 346px) 100vw, 346px\" \/><br \/>\n<\/span><\/p>","protected":false},"excerpt":{"rendered":"<p>3&nbsp;365 vaatamistraadio teel juhitav juhtpult 400V Juhtpult t\u00f6\u00f6tab ainult 400V elektriliste kett-talide ja elektriliste siirdevankritega. Elektrilise kett-tali raadioteel juhitavaks muutmine on lihtne. Nuppudega juhtpuldi asemele \u00fchendatakse saatja ja t\u00f5stmine v\u00f5ib alata. Saatja vool: 3V (2x AA) \/ Vastuv\u00f5tja vool: 18V &#8211; 65V Saatja m\u00f5\u00f5tmed (pikkus \/ laius \/ k\u00f5rgus): 205mm x 60mm x 53mm Vastuv\u00f5tja&#8230;<\/p>","protected":false},"author":1,"featured_media":0,"parent":5,"menu_order":0,"comment_status":"closed","ping_status":"closed","template":"","meta":{"_uf_show_specific_survey":0,"_uf_disable_surveys":false,"iawp_total_views":52,"footnotes":""},"class_list":["post-1890","page","type-page","status-publish","hentry"],"yoast_head":"<!-- This site is optimized with the Yoast SEO plugin v27.5 - https:\/\/yoast.com\/product\/yoast-seo-wordpress\/ -->\n<title>RAADIO TEEL JUHITAV JUHTPULT 400V - Mazam O\u00dc<\/title>\n<meta name=\"description\" content=\"Raadio teel juhitav juhtpult 400V - Juhtpult t\u00f6\u00f6tab ainult 400V elektriliste kett-talide ja elektriliste siirdevankritega. Elektrilise..\" \/>\n<meta name=\"robots\" content=\"index, follow, max-snippet:-1, max-image-preview:large, max-video-preview:-1\" \/>\n<link rel=\"canonical\" href=\"https:\/\/www.mazam.eu\/ru\/produkty\/pult-radioupravleniya-400v\/\" \/>\n<meta property=\"og:locale\" content=\"ru_RU\" \/>\n<meta property=\"og:type\" content=\"article\" \/>\n<meta property=\"og:title\" content=\"RAADIO TEEL JUHITAV JUHTPULT 400V - Mazam O\u00dc\" \/>\n<meta property=\"og:description\" content=\"Raadio teel juhitav juhtpult 400V - Juhtpult t\u00f6\u00f6tab ainult 400V elektriliste kett-talide ja elektriliste siirdevankritega. Elektrilise..\" \/>\n<meta property=\"og:url\" content=\"https:\/\/www.mazam.eu\/ru\/produkty\/pult-radioupravleniya-400v\/\" \/>\n<meta property=\"og:site_name\" content=\"Mazam O&Uuml; | T&otilde;ste- ja koormakinnitusvahendite tootmine ja m&uuml;&uuml;k (2014 - 2026) - linttropp &bull; koormarihm &bull; ringt&otilde;stev&ouml;&ouml; &bull; terastross &bull; kett-tropp &bull; vints &bull; t&otilde;stemagnet jpm.\" \/>\n<meta property=\"article:modified_time\" content=\"2025-04-08T06:41:43+00:00\" \/>\n<meta property=\"og:image\" content=\"https:\/\/www.mazam.eu\/wp-content\/uploads\/2022\/10\/raadio-teel-juhitav-juhtpult-400V-kahele-talile.jpg\" \/>\n<meta name=\"twitter:card\" content=\"summary_large_image\" \/>\n<meta name=\"twitter:label1\" content=\"\u041f\u0440\u0438\u043c\u0435\u0440\u043d\u043e\u0435 \u0432\u0440\u0435\u043c\u044f \u0434\u043b\u044f \u0447\u0442\u0435\u043d\u0438\u044f\" \/>\n\t<meta name=\"twitter:data1\" content=\"2 \u043c\u0438\u043d\u0443\u0442\u044b\" \/>\n<script type=\"application\/ld+json\" class=\"yoast-schema-graph\">{\"@context\":\"https:\\\/\\\/schema.org\",\"@graph\":[{\"@type\":\"WebPage\",\"@id\":\"https:\\\/\\\/www.mazam.eu\\\/tooted\\\/raadio-teel-juhitav-juhtpult-400v\\\/\",\"url\":\"https:\\\/\\\/www.mazam.eu\\\/tooted\\\/raadio-teel-juhitav-juhtpult-400v\\\/\",\"name\":\"RAADIO TEEL JUHITAV JUHTPULT 400V - Mazam O\u00dc\",\"isPartOf\":{\"@id\":\"https:\\\/\\\/www.mazam.eu\\\/#website\"},\"primaryImageOfPage\":{\"@id\":\"https:\\\/\\\/www.mazam.eu\\\/tooted\\\/raadio-teel-juhitav-juhtpult-400v\\\/#primaryimage\"},\"image\":{\"@id\":\"https:\\\/\\\/www.mazam.eu\\\/tooted\\\/raadio-teel-juhitav-juhtpult-400v\\\/#primaryimage\"},\"thumbnailUrl\":\"https:\\\/\\\/www.mazam.eu\\\/wp-content\\\/uploads\\\/2022\\\/10\\\/raadio-teel-juhitav-juhtpult-400V-kahele-talile.jpg\",\"datePublished\":\"2017-05-06T12:50:47+00:00\",\"dateModified\":\"2025-04-08T06:41:43+00:00\",\"description\":\"Raadio teel juhitav juhtpult 400V - Juhtpult t\u00f6\u00f6tab ainult 400V elektriliste kett-talide ja elektriliste siirdevankritega. Elektrilise..\",\"breadcrumb\":{\"@id\":\"https:\\\/\\\/www.mazam.eu\\\/tooted\\\/raadio-teel-juhitav-juhtpult-400v\\\/#breadcrumb\"},\"inLanguage\":\"ru-RU\",\"potentialAction\":[{\"@type\":\"ReadAction\",\"target\":[\"https:\\\/\\\/www.mazam.eu\\\/tooted\\\/raadio-teel-juhitav-juhtpult-400v\\\/\"]}]},{\"@type\":\"ImageObject\",\"inLanguage\":\"ru-RU\",\"@id\":\"https:\\\/\\\/www.mazam.eu\\\/tooted\\\/raadio-teel-juhitav-juhtpult-400v\\\/#primaryimage\",\"url\":\"https:\\\/\\\/www.mazam.eu\\\/wp-content\\\/uploads\\\/2022\\\/10\\\/raadio-teel-juhitav-juhtpult-400V-kahele-talile.jpg\",\"contentUrl\":\"https:\\\/\\\/www.mazam.eu\\\/wp-content\\\/uploads\\\/2022\\\/10\\\/raadio-teel-juhitav-juhtpult-400V-kahele-talile.jpg\"},{\"@type\":\"BreadcrumbList\",\"@id\":\"https:\\\/\\\/www.mazam.eu\\\/tooted\\\/raadio-teel-juhitav-juhtpult-400v\\\/#breadcrumb\",\"itemListElement\":[{\"@type\":\"ListItem\",\"position\":1,\"name\":\"Home\",\"item\":\"https:\\\/\\\/www.mazam.eu\\\/\"},{\"@type\":\"ListItem\",\"position\":2,\"name\":\"Tooted\",\"item\":\"https:\\\/\\\/www.mazam.eu\\\/tooted\\\/\"},{\"@type\":\"ListItem\",\"position\":3,\"name\":\"Raadio teel juhitav juhtpult 400V\"}]},{\"@type\":\"WebSite\",\"@id\":\"https:\\\/\\\/www.mazam.eu\\\/#website\",\"url\":\"https:\\\/\\\/www.mazam.eu\\\/\",\"name\":\"Mazam O&Uuml; | T&otilde;ste- ja koormakinnitusvahendite tootmine ja m&uuml;&uuml;k (2014 - 2026) - linttropp &bull; koormarihm &bull; ringt&otilde;stev&ouml;&ouml; &bull; terastross &bull; kett-tropp &bull; vints &bull; t&otilde;stemagnet jpm.\",\"description\":\"T&otilde;ste- ja kinnituslahendused | Lifting- and lashing solutions\",\"publisher\":{\"@id\":\"https:\\\/\\\/www.mazam.eu\\\/#organization\"},\"potentialAction\":[{\"@type\":\"SearchAction\",\"target\":{\"@type\":\"EntryPoint\",\"urlTemplate\":\"https:\\\/\\\/www.mazam.eu\\\/?s={search_term_string}\"},\"query-input\":{\"@type\":\"PropertyValueSpecification\",\"valueRequired\":true,\"valueName\":\"search_term_string\"}}],\"inLanguage\":\"ru-RU\"},{\"@type\":\"Organization\",\"@id\":\"https:\\\/\\\/www.mazam.eu\\\/#organization\",\"name\":\"Mazam O\u00dc\",\"url\":\"https:\\\/\\\/www.mazam.eu\\\/\",\"logo\":{\"@type\":\"ImageObject\",\"inLanguage\":\"ru-RU\",\"@id\":\"https:\\\/\\\/www.mazam.eu\\\/#\\\/schema\\\/logo\\\/image\\\/\",\"url\":\"https:\\\/\\\/www.mazam.eu\\\/wp-content\\\/uploads\\\/2015\\\/10\\\/mazam-logo-linttropp-koormarihm-t\u00f5stev\u00f6\u00f6.png\",\"contentUrl\":\"https:\\\/\\\/www.mazam.eu\\\/wp-content\\\/uploads\\\/2015\\\/10\\\/mazam-logo-linttropp-koormarihm-t\u00f5stev\u00f6\u00f6.png\",\"width\":190,\"height\":70,\"caption\":\"Mazam O\u00dc\"},\"image\":{\"@id\":\"https:\\\/\\\/www.mazam.eu\\\/#\\\/schema\\\/logo\\\/image\\\/\"}}]}<\/script>\n<!-- \/ Yoast SEO plugin. -->","yoast_head_json":{"title":"\u041f\u0443\u043b\u044c\u0442 \u0440\u0430\u0434\u0438\u043e\u0443\u043f\u0440\u0430\u0432\u043b\u0435\u043d\u0438\u044f 400\u0412 - Mazam O\u00dc","description":"\u041f\u0443\u043b\u044c\u0442 \u0440\u0430\u0434\u0438\u043e\u0443\u043f\u0440\u0430\u0432\u043b\u0435\u043d\u0438\u044f 400\u0412 - \u041f\u0443\u043b\u044c\u0442 \u0443\u043f\u0440\u0430\u0432\u043b\u0435\u043d\u0438\u044f \u0440\u0430\u0431\u043e\u0442\u0430\u0435\u0442 \u0442\u043e\u043b\u044c\u043a\u043e \u0441 \u044d\u043b\u0435\u043a\u0442\u0440\u0438\u0447\u0435\u0441\u043a\u0438\u043c\u0438 \u0442\u0435\u043b\u0435\u0436\u043a\u0430\u043c\u0438 \u0441 \u0446\u0435\u043f\u043d\u044b\u043c \u043f\u0440\u0438\u0432\u043e\u0434\u043e\u043c 400 \u0412 \u0438 \u044d\u043b\u0435\u043a\u0442\u0440\u0438\u0447\u0435\u0441\u043a\u0438\u043c\u0438 \u043f\u0435\u0440\u0435\u0434\u0430\u0442\u043e\u0447\u043d\u044b\u043c\u0438 \u0442\u0435\u043b\u0435\u0436\u043a\u0430\u043c\u0438. \u042d\u043b\u0435\u043a\u0442\u0440\u0438\u0447\u0435\u0441\u043a\u0438\u0439...","robots":{"index":"index","follow":"follow","max-snippet":"max-snippet:-1","max-image-preview":"max-image-preview:large","max-video-preview":"max-video-preview:-1"},"canonical":"https:\/\/www.mazam.eu\/ru\/produkty\/pult-radioupravleniya-400v\/","og_locale":"ru_RU","og_type":"article","og_title":"RAADIO TEEL JUHITAV JUHTPULT 400V - Mazam O\u00dc","og_description":"Raadio teel juhitav juhtpult 400V - Juhtpult t\u00f6\u00f6tab ainult 400V elektriliste kett-talide ja elektriliste siirdevankritega. Elektrilise..","og_url":"https:\/\/www.mazam.eu\/ru\/produkty\/pult-radioupravleniya-400v\/","og_site_name":"Mazam O&Uuml; | T&otilde;ste- ja koormakinnitusvahendite tootmine ja m&uuml;&uuml;k (2014 - 2026) - linttropp &bull; koormarihm &bull; ringt&otilde;stev&ouml;&ouml; &bull; terastross &bull; kett-tropp &bull; vints &bull; t&otilde;stemagnet jpm.","article_modified_time":"2025-04-08T06:41:43+00:00","og_image":[{"url":"https:\/\/www.mazam.eu\/wp-content\/uploads\/2022\/10\/raadio-teel-juhitav-juhtpult-400V-kahele-talile.jpg","type":"","width":"","height":""}],"twitter_card":"summary_large_image","twitter_misc":{"\u041f\u0440\u0438\u043c\u0435\u0440\u043d\u043e\u0435 \u0432\u0440\u0435\u043c\u044f \u0434\u043b\u044f \u0447\u0442\u0435\u043d\u0438\u044f":"2 \u043c\u0438\u043d\u0443\u0442\u044b"},"schema":{"@context":"https:\/\/schema.org","@graph":[{"@type":"WebPage","@id":"https:\/\/www.mazam.eu\/tooted\/raadio-teel-juhitav-juhtpult-400v\/","url":"https:\/\/www.mazam.eu\/tooted\/raadio-teel-juhitav-juhtpult-400v\/","name":"\u041f\u0443\u043b\u044c\u0442 \u0440\u0430\u0434\u0438\u043e\u0443\u043f\u0440\u0430\u0432\u043b\u0435\u043d\u0438\u044f 400\u0412 - Mazam O\u00dc","isPartOf":{"@id":"https:\/\/www.mazam.eu\/#website"},"primaryImageOfPage":{"@id":"https:\/\/www.mazam.eu\/tooted\/raadio-teel-juhitav-juhtpult-400v\/#primaryimage"},"image":{"@id":"https:\/\/www.mazam.eu\/tooted\/raadio-teel-juhitav-juhtpult-400v\/#primaryimage"},"thumbnailUrl":"https:\/\/www.mazam.eu\/wp-content\/uploads\/2022\/10\/raadio-teel-juhitav-juhtpult-400V-kahele-talile.jpg","datePublished":"2017-05-06T12:50:47+00:00","dateModified":"2025-04-08T06:41:43+00:00","description":"\u041f\u0443\u043b\u044c\u0442 \u0440\u0430\u0434\u0438\u043e\u0443\u043f\u0440\u0430\u0432\u043b\u0435\u043d\u0438\u044f 400\u0412 - \u041f\u0443\u043b\u044c\u0442 \u0443\u043f\u0440\u0430\u0432\u043b\u0435\u043d\u0438\u044f \u0440\u0430\u0431\u043e\u0442\u0430\u0435\u0442 \u0442\u043e\u043b\u044c\u043a\u043e \u0441 \u044d\u043b\u0435\u043a\u0442\u0440\u0438\u0447\u0435\u0441\u043a\u0438\u043c\u0438 \u0442\u0435\u043b\u0435\u0436\u043a\u0430\u043c\u0438 \u0441 \u0446\u0435\u043f\u043d\u044b\u043c \u043f\u0440\u0438\u0432\u043e\u0434\u043e\u043c 400 \u0412 \u0438 \u044d\u043b\u0435\u043a\u0442\u0440\u0438\u0447\u0435\u0441\u043a\u0438\u043c\u0438 \u043f\u0435\u0440\u0435\u0434\u0430\u0442\u043e\u0447\u043d\u044b\u043c\u0438 \u0442\u0435\u043b\u0435\u0436\u043a\u0430\u043c\u0438. \u042d\u043b\u0435\u043a\u0442\u0440\u0438\u0447\u0435\u0441\u043a\u0438\u0439...","breadcrumb":{"@id":"https:\/\/www.mazam.eu\/tooted\/raadio-teel-juhitav-juhtpult-400v\/#breadcrumb"},"inLanguage":"ru-RU","potentialAction":[{"@type":"ReadAction","target":["https:\/\/www.mazam.eu\/tooted\/raadio-teel-juhitav-juhtpult-400v\/"]}]},{"@type":"ImageObject","inLanguage":"ru-RU","@id":"https:\/\/www.mazam.eu\/tooted\/raadio-teel-juhitav-juhtpult-400v\/#primaryimage","url":"https:\/\/www.mazam.eu\/wp-content\/uploads\/2022\/10\/raadio-teel-juhitav-juhtpult-400V-kahele-talile.jpg","contentUrl":"https:\/\/www.mazam.eu\/wp-content\/uploads\/2022\/10\/raadio-teel-juhitav-juhtpult-400V-kahele-talile.jpg"},{"@type":"BreadcrumbList","@id":"https:\/\/www.mazam.eu\/tooted\/raadio-teel-juhitav-juhtpult-400v\/#breadcrumb","itemListElement":[{"@type":"ListItem","position":1,"name":"Home","item":"https:\/\/www.mazam.eu\/"},{"@type":"ListItem","position":2,"name":"Tooted","item":"https:\/\/www.mazam.eu\/tooted\/"},{"@type":"ListItem","position":3,"name":"Raadio teel juhitav juhtpult 400V"}]},{"@type":"WebSite","@id":"https:\/\/www.mazam.eu\/#website","url":"https:\/\/www.mazam.eu\/","name":"Mazam O\u00dc | \u041f\u0440\u043e\u0438\u0437\u0432\u043e\u0434\u0441\u0442\u0432\u043e \u0438 \u043f\u0440\u043e\u0434\u0430\u0436\u0430 \u043f\u043e\u0434\u044a\u0435\u043c\u043d\u043e-\u0442\u0440\u0430\u043d\u0441\u043f\u043e\u0440\u0442\u043d\u043e\u0433\u043e \u043e\u0431\u043e\u0440\u0443\u0434\u043e\u0432\u0430\u043d\u0438\u044f (2014 - 2026) - \u043b\u0438\u043d\u0442\u0440\u0443\u043f\u0430 - \u0433\u0440\u0443\u0437\u043e\u0432\u043e\u0439 \u0440\u0435\u043c\u0435\u043d\u044c - \u0442\u0430\u043b\u0435\u0432\u044b\u0439 \u0440\u0435\u043c\u0435\u043d\u044c - \u0441\u0442\u0430\u043b\u044c\u043d\u043e\u0439 \u043a\u0430\u043d\u0430\u0442 - \u0446\u0435\u043f\u043d\u043e\u0439 \u0442\u0430\u043b\u0440\u0435\u043f - \u043b\u0435\u0431\u0435\u0434\u043a\u0430 - \u043f\u043e\u0434\u044a\u0435\u043c\u043d\u044b\u0439 \u043c\u0430\u0433\u043d\u0438\u0442 \u0438 \u0442.\u0434.","description":"\u0420\u0435\u0448\u0435\u043d\u0438\u044f \u0434\u043b\u044f \u043f\u043e\u0434\u044a\u0435\u043c\u0430 \u0438 \u043a\u0440\u0435\u043f\u043b\u0435\u043d\u0438\u044f | \u0420\u0435\u0448\u0435\u043d\u0438\u044f \u0434\u043b\u044f \u043f\u043e\u0434\u044a\u0435\u043c\u0430 \u0438 \u043a\u0440\u0435\u043f\u043b\u0435\u043d\u0438\u044f","publisher":{"@id":"https:\/\/www.mazam.eu\/#organization"},"potentialAction":[{"@type":"SearchAction","target":{"@type":"EntryPoint","urlTemplate":"https:\/\/www.mazam.eu\/?s={search_term_string}"},"query-input":{"@type":"PropertyValueSpecification","valueRequired":true,"valueName":"search_term_string"}}],"inLanguage":"ru-RU"},{"@type":"Organization","@id":"https:\/\/www.mazam.eu\/#organization","name":"Mazam O\u00dc","url":"https:\/\/www.mazam.eu\/","logo":{"@type":"ImageObject","inLanguage":"ru-RU","@id":"https:\/\/www.mazam.eu\/#\/schema\/logo\/image\/","url":"https:\/\/www.mazam.eu\/wp-content\/uploads\/2015\/10\/mazam-logo-linttropp-koormarihm-t\u00f5stev\u00f6\u00f6.png","contentUrl":"https:\/\/www.mazam.eu\/wp-content\/uploads\/2015\/10\/mazam-logo-linttropp-koormarihm-t\u00f5stev\u00f6\u00f6.png","width":190,"height":70,"caption":"Mazam O\u00dc"},"image":{"@id":"https:\/\/www.mazam.eu\/#\/schema\/logo\/image\/"}}]}},"_links":{"self":[{"href":"https:\/\/www.mazam.eu\/ru\/wp-json\/wp\/v2\/pages\/1890","targetHints":{"allow":["GET"]}}],"collection":[{"href":"https:\/\/www.mazam.eu\/ru\/wp-json\/wp\/v2\/pages"}],"about":[{"href":"https:\/\/www.mazam.eu\/ru\/wp-json\/wp\/v2\/types\/page"}],"author":[{"embeddable":true,"href":"https:\/\/www.mazam.eu\/ru\/wp-json\/wp\/v2\/users\/1"}],"replies":[{"embeddable":true,"href":"https:\/\/www.mazam.eu\/ru\/wp-json\/wp\/v2\/comments?post=1890"}],"version-history":[{"count":62,"href":"https:\/\/www.mazam.eu\/ru\/wp-json\/wp\/v2\/pages\/1890\/revisions"}],"predecessor-version":[{"id":11704,"href":"https:\/\/www.mazam.eu\/ru\/wp-json\/wp\/v2\/pages\/1890\/revisions\/11704"}],"up":[{"embeddable":true,"href":"https:\/\/www.mazam.eu\/ru\/wp-json\/wp\/v2\/pages\/5"}],"wp:attachment":[{"href":"https:\/\/www.mazam.eu\/ru\/wp-json\/wp\/v2\/media?parent=1890"}],"curies":[{"name":"wp","href":"https:\/\/api.w.org\/{rel}","templated":true}]}}