{"id":2062,"date":"2017-05-08T07:27:58","date_gmt":"2017-05-08T07:27:58","guid":{"rendered":"http:\/\/www.mazam.eu\/?page_id=2062"},"modified":"2025-06-04T10:43:13","modified_gmt":"2025-06-04T10:43:13","slug":"%d0%b2%d0%b5%d1%80%d1%82%d0%bb%d1%8e%d0%b3-%d0%b4%d0%bb%d1%8f-%d0%bf%d1%80%d0%be%d1%82%d1%8f%d0%b6%d0%ba%d0%b8-%d0%ba%d0%b0%d0%b1%d0%b5%d0%bb%d1%8f-%d1%82%d1%80%d0%be%d1%81%d0%b0","status":"publish","type":"page","link":"https:\/\/www.mazam.eu\/ru\/tooted\/kaabli-trossi-tombe-pooritsad\/","title":{"rendered":"\u0412\u0435\u0440\u0442\u043b\u044e\u0433 \u0434\u043b\u044f \u043f\u0440\u043e\u0442\u044f\u0436\u043a\u0438 \u043a\u0430\u0431\u0435\u043b\u044f\/\u0442\u0440\u043e\u0441\u0430"},"content":{"rendered":"<div class='epvc-post-count'><span class='epvc-eye'><\/span>  <span class=\"epvc-count\"> 3&nbsp;858<\/span><span class='epvc-label'> \u043f\u0440\u043e\u0441\u043c\u043e\u0442\u0440<\/span><\/div><p><span style=\"color: #ffffff;\">\u0412\u0435\u0440\u0442\u043b\u044e\u0433 \u0434\u043b\u044f \u043f\u0440\u043e\u0442\u044f\u0436\u043a\u0438 \u043a\u0430\u0431\u0435\u043b\u044f\/\u0442\u0440\u043e\u0441\u0430<\/span><strong><br \/>\n\u041d\u0430\u0436\u043c\u0438\u0442\u0435 \u043d\u0430 \u0438\u0437\u043e\u0431\u0440\u0430\u0436\u0435\u043d\u0438\u0435, \u0447\u0442\u043e\u0431\u044b \u0443\u0432\u0438\u0434\u0435\u0442\u044c \u0442\u043e\u0432\u0430\u0440 \u0432 \u0443\u0432\u0435\u043b\u0438\u0447\u0435\u043d\u043d\u043e\u043c \u0440\u0430\u0437\u043c\u0435\u0440\u0435.<\/strong><\/p>\n<figure id=\"attachment_4924\" aria-describedby=\"caption-attachment-4924\" style=\"width: 200px\" class=\"wp-caption alignnone\"><a href=\"https:\/\/www.mazam.eu\/wp-content\/uploads\/2020\/04\/kaabli-p\u00f6\u00f6rits-trossi-t\u00f5mbe-p\u00f6\u00f6rits-p\u00f6\u00f6ritsad-suur.png\" target=\"_blank\" rel=\"noopener noreferrer\"><img loading=\"lazy\" decoding=\"async\" class=\"wp-image-4924 size-full\" src=\"https:\/\/www.mazam.eu\/wp-content\/uploads\/2020\/03\/kaabli-p\u00f6\u00f6rits-trossi-t\u00f5mbe-p\u00f6\u00f6rits-p\u00f6\u00f6ritsad.png\" alt=\"\u0437\u0430\u0442\u044f\u0433\u0438\u0432\u0430\u043d\u0438\u0435 \u0432\u0435\u0440\u0442\u043b\u044e\u0433\u043e\u0432\" width=\"200\" height=\"150\" data-id=\"4924\" \/><\/a><figcaption id=\"caption-attachment-4924\" class=\"wp-caption-text\">\u0412\u0435\u0440\u0442\u043b\u044e\u0433 \u0434\u043b\u044f \u043f\u0440\u043e\u0442\u044f\u0436\u043a\u0438 \u043a\u0430\u0431\u0435\u043b\u044f\/\u0442\u0440\u043e\u0441\u0430<\/figcaption><\/figure>\n<figure id=\"attachment_4927\" aria-describedby=\"caption-attachment-4927\" style=\"width: 599px\" class=\"wp-caption alignnone\"><img loading=\"lazy\" decoding=\"async\" class=\"wp-image-4927 size-full\" src=\"https:\/\/www.mazam.eu\/wp-content\/uploads\/2020\/03\/kaabli-p\u00f6\u00f6rits-trossi-t\u00f5mbe-p\u00f6\u00f6rits-p\u00f6\u00f6ritsad-joonis.png\" alt=\"\u0412\u0435\u0440\u0442\u043b\u044e\u0433 \u0434\u043b\u044f \u043f\u0440\u043e\u0442\u044f\u0436\u043a\u0438 \u043a\u0430\u0431\u0435\u043b\u044f\/\u0442\u0440\u043e\u0441\u0430\" width=\"599\" height=\"250\" data-id=\"4927\" srcset=\"https:\/\/www.mazam.eu\/wp-content\/uploads\/2020\/03\/kaabli-p\u00f6\u00f6rits-trossi-t\u00f5mbe-p\u00f6\u00f6rits-p\u00f6\u00f6ritsad-joonis.png 599w, https:\/\/www.mazam.eu\/wp-content\/uploads\/2020\/03\/kaabli-p\u00f6\u00f6rits-trossi-t\u00f5mbe-p\u00f6\u00f6rits-p\u00f6\u00f6ritsad-joonis-300x125.png 300w\" sizes=\"auto, (max-width: 599px) 100vw, 599px\" \/><figcaption id=\"caption-attachment-4927\" class=\"wp-caption-text\">\u0412\u0435\u0440\u0442\u043b\u044e\u0433 \u0434\u043b\u044f \u043f\u0440\u043e\u0442\u044f\u0436\u043a\u0438 \u043a\u0430\u0431\u0435\u043b\u044f\/\u0442\u0440\u043e\u0441\u0430<\/figcaption><\/figure>\n<p><span style=\"text-decoration: underline; color: #ff6600;\"><strong>\u0414\u0430\u043d\u043d\u044b\u0435 \u0432\u0435\u0440\u0442\u043b\u044e\u0433\u0438 \u0434\u043b\u044f \u043f\u0440\u043e\u0442\u044f\u0436\u043a\u0438 \u043a\u0430\u0431\u0435\u043b\u044f\/\u0442\u0440\u043e\u0441\u0430:<\/strong><\/span><\/p>\n<table style=\"border-collapse: collapse; width: 100%;\">\n<tbody>\n<tr>\n<td style=\"width: 14.2857%; text-align: center;\"><strong>\u0422\u044f\u0433\u043e\u0432\u0430\u044f \u0441\u043f\u043e\u0441\u043e\u0431\u043d\u043e\u0441\u0442\u044c<\/strong><\/td>\n<td style=\"width: 14.2857%; text-align: center;\"><strong>\u0420\u0430\u0437\u043c\u0435\u0440 A<\/strong><\/td>\n<td style=\"width: 14.2857%; text-align: center;\"><strong>\u0420\u0430\u0437\u043c\u0435\u0440 B<\/strong><\/td>\n<td style=\"width: 14.2857%; text-align: center;\"><strong>\u0420\u0430\u0437\u043c\u0435\u0440 C<\/strong><\/td>\n<td style=\"width: 14.2857%; text-align: center;\"><strong>\u0420\u0430\u0437\u043c\u0435\u0440 D<\/strong><\/td>\n<td style=\"width: 14.2857%; text-align: center;\"><strong>\u0420\u0430\u0437\u043c\u0435\u0440 E<\/strong><\/td>\n<td style=\"width: 14.2857%; text-align: center;\"><strong>\u0412\u0435\u0441<\/strong><\/td>\n<\/tr>\n<tr>\n<td style=\"width: 14.2857%; text-align: center;\">1T<\/td>\n<td style=\"width: 14.2857%; text-align: center;\">29\u043c\u043c<\/td>\n<td style=\"width: 14.2857%; text-align: center;\">113\u043c\u043c<\/td>\n<td style=\"width: 14.2857%; text-align: center;\">82\u043c\u043c<\/td>\n<td style=\"width: 14.2857%; text-align: center;\">13\u043c\u043c<\/td>\n<td style=\"width: 14.2857%; text-align: center;\">12\u043c\u043c<\/td>\n<td style=\"width: 14.2857%; text-align: center;\">0,6\u043a\u0433<\/td>\n<\/tr>\n<tr>\n<td style=\"width: 14.2857%; text-align: center;\"><span style=\"color: #ffffff;\">3 T<\/span><\/td>\n<td style=\"width: 14.2857%; text-align: center;\"><span style=\"color: #ffffff;\">42 \u043c\u043c<\/span><\/td>\n<td style=\"width: 14.2857%; text-align: center;\"><span style=\"color: #ffffff;\">165 \u043c\u043c<\/span><\/td>\n<td style=\"width: 14.2857%; text-align: center;\"><span style=\"color: #ffffff;\">125 \u043c\u043c<\/span><\/td>\n<td style=\"width: 14.2857%; text-align: center;\"><span style=\"color: #ffffff;\">18 \u043c\u043c<\/span><\/td>\n<td style=\"width: 14.2857%; text-align: center;\"><span style=\"color: #ffffff;\">16 \u043c\u043c<\/span><\/td>\n<td style=\"width: 14.2857%; text-align: center;\"><span style=\"color: #ffffff;\">1,5 \u043a\u0433<\/span><\/td>\n<\/tr>\n<\/tbody>\n<\/table>\n<p><span style=\"color: #ffffff;\">\u0432\u0435\u0440\u0442\u043b\u044e\u0433\u0438 \u0432\u0435\u0440\u0442\u043b\u044e\u0433\u0438 \u0442\u044f\u043d\u0443\u0449\u0438\u0435 \u0432\u0435\u0440\u0442\u043b\u044e\u0433\u0438 \u0442\u044f\u043d\u0443\u0449\u0438\u0435 \u0432\u0435\u0440\u0442\u043b\u044e\u0433\u0438 \u0442\u0440\u043e\u0441\u043e\u0432\u044b\u0439 \u0442\u0440\u043e\u0441<\/span><\/p>","protected":false},"excerpt":{"rendered":"<p>3&nbsp;858 vaatamistkaabli \/ trossi t\u00f5mbe p\u00f6\u00f6rits Vajuta pildile, et toodet suuremalt n\u00e4ha.. Kaabli \/ trossi t\u00f5mbe p\u00f6\u00f6ritsa andmed: T\u00f5mbev\u00f5ime M\u00f5\u00f5t A M\u00f5\u00f5t B M\u00f5\u00f5t C M\u00f5\u00f5t D M\u00f5\u00f5t E Kaal 1 T 29 mm 113 mm 82 mm 13 mm 12 mm 0,6 kg 3 T 42 mm 165 mm 125 mm 18 mm 16&#8230;<\/p>","protected":false},"author":1,"featured_media":0,"parent":5,"menu_order":0,"comment_status":"closed","ping_status":"closed","template":"","meta":{"_uf_show_specific_survey":0,"_uf_disable_surveys":false,"iawp_total_views":81,"footnotes":""},"class_list":["post-2062","page","type-page","status-publish","hentry"],"yoast_head":"<!-- This site is optimized with the Yoast SEO plugin v27.5 - https:\/\/yoast.com\/product\/yoast-seo-wordpress\/ -->\n<title>KAABLI \/ TROSSI T\u00d5MBE P\u00d6\u00d6RITS - Mazam O\u00dc<\/title>\n<meta name=\"description\" content=\"Kaabli \/ trossi t\u00f5mbe p\u00f6\u00f6rits - et t\u00f5mbamisel tekkivad keerdusid ja pingeid leevendada.\" \/>\n<meta name=\"robots\" content=\"index, follow, max-snippet:-1, max-image-preview:large, max-video-preview:-1\" \/>\n<link rel=\"canonical\" href=\"https:\/\/www.mazam.eu\/ru\/produkty\/\u0432\u0435\u0440\u0442\u043b\u044e\u0433-\u0434\u043b\u044f-\u043f\u0440\u043e\u0442\u044f\u0436\u043a\u0438-\u043a\u0430\u0431\u0435\u043b\u044f-\u0442\u0440\u043e\u0441\u0430\/\" \/>\n<meta property=\"og:locale\" content=\"ru_RU\" \/>\n<meta property=\"og:type\" content=\"article\" \/>\n<meta property=\"og:title\" content=\"KAABLI \/ TROSSI T\u00d5MBE P\u00d6\u00d6RITS - Mazam O\u00dc\" \/>\n<meta property=\"og:description\" content=\"Kaabli \/ trossi t\u00f5mbe p\u00f6\u00f6rits - et t\u00f5mbamisel tekkivad keerdusid ja pingeid leevendada.\" \/>\n<meta property=\"og:url\" content=\"https:\/\/www.mazam.eu\/ru\/produkty\/\u0432\u0435\u0440\u0442\u043b\u044e\u0433-\u0434\u043b\u044f-\u043f\u0440\u043e\u0442\u044f\u0436\u043a\u0438-\u043a\u0430\u0431\u0435\u043b\u044f-\u0442\u0440\u043e\u0441\u0430\/\" \/>\n<meta property=\"og:site_name\" content=\"Mazam O&Uuml; | T&otilde;ste- ja koormakinnitusvahendite tootmine ja m&uuml;&uuml;k (2014 - 2026) - linttropp &bull; koormarihm &bull; ringt&otilde;stev&ouml;&ouml; &bull; terastross &bull; kett-tropp &bull; vints &bull; t&otilde;stemagnet jpm.\" \/>\n<meta property=\"article:modified_time\" content=\"2025-06-04T10:43:13+00:00\" \/>\n<meta name=\"twitter:card\" content=\"summary_large_image\" \/>\n<meta name=\"twitter:label1\" content=\"\u041f\u0440\u0438\u043c\u0435\u0440\u043d\u043e\u0435 \u0432\u0440\u0435\u043c\u044f \u0434\u043b\u044f \u0447\u0442\u0435\u043d\u0438\u044f\" \/>\n\t<meta name=\"twitter:data1\" content=\"1 \u043c\u0438\u043d\u0443\u0442\u0430\" \/>\n<script type=\"application\/ld+json\" class=\"yoast-schema-graph\">{\"@context\":\"https:\\\/\\\/schema.org\",\"@graph\":[{\"@type\":\"WebPage\",\"@id\":\"https:\\\/\\\/www.mazam.eu\\\/tooted\\\/kaabli-trossi-tombe-pooritsad\\\/\",\"url\":\"https:\\\/\\\/www.mazam.eu\\\/tooted\\\/kaabli-trossi-tombe-pooritsad\\\/\",\"name\":\"KAABLI \\\/ TROSSI T\u00d5MBE P\u00d6\u00d6RITS - Mazam O\u00dc\",\"isPartOf\":{\"@id\":\"https:\\\/\\\/www.mazam.eu\\\/#website\"},\"datePublished\":\"2017-05-08T07:27:58+00:00\",\"dateModified\":\"2025-06-04T10:43:13+00:00\",\"description\":\"Kaabli \\\/ trossi t\u00f5mbe p\u00f6\u00f6rits - et t\u00f5mbamisel tekkivad keerdusid ja pingeid leevendada.\",\"breadcrumb\":{\"@id\":\"https:\\\/\\\/www.mazam.eu\\\/tooted\\\/kaabli-trossi-tombe-pooritsad\\\/#breadcrumb\"},\"inLanguage\":\"ru-RU\",\"potentialAction\":[{\"@type\":\"ReadAction\",\"target\":[\"https:\\\/\\\/www.mazam.eu\\\/tooted\\\/kaabli-trossi-tombe-pooritsad\\\/\"]}]},{\"@type\":\"BreadcrumbList\",\"@id\":\"https:\\\/\\\/www.mazam.eu\\\/tooted\\\/kaabli-trossi-tombe-pooritsad\\\/#breadcrumb\",\"itemListElement\":[{\"@type\":\"ListItem\",\"position\":1,\"name\":\"Home\",\"item\":\"https:\\\/\\\/www.mazam.eu\\\/\"},{\"@type\":\"ListItem\",\"position\":2,\"name\":\"Tooted\",\"item\":\"https:\\\/\\\/www.mazam.eu\\\/tooted\\\/\"},{\"@type\":\"ListItem\",\"position\":3,\"name\":\"Kaabli \\\/ trossi t\u00f5mbe p\u00f6\u00f6rits\"}]},{\"@type\":\"WebSite\",\"@id\":\"https:\\\/\\\/www.mazam.eu\\\/#website\",\"url\":\"https:\\\/\\\/www.mazam.eu\\\/\",\"name\":\"Mazam O&Uuml; | T&otilde;ste- ja koormakinnitusvahendite tootmine ja m&uuml;&uuml;k (2014 - 2026) - linttropp &bull; koormarihm &bull; ringt&otilde;stev&ouml;&ouml; &bull; terastross &bull; kett-tropp &bull; vints &bull; t&otilde;stemagnet jpm.\",\"description\":\"T&otilde;ste- ja kinnituslahendused | Lifting- and lashing solutions\",\"publisher\":{\"@id\":\"https:\\\/\\\/www.mazam.eu\\\/#organization\"},\"potentialAction\":[{\"@type\":\"SearchAction\",\"target\":{\"@type\":\"EntryPoint\",\"urlTemplate\":\"https:\\\/\\\/www.mazam.eu\\\/?s={search_term_string}\"},\"query-input\":{\"@type\":\"PropertyValueSpecification\",\"valueRequired\":true,\"valueName\":\"search_term_string\"}}],\"inLanguage\":\"ru-RU\"},{\"@type\":\"Organization\",\"@id\":\"https:\\\/\\\/www.mazam.eu\\\/#organization\",\"name\":\"Mazam O\u00dc\",\"url\":\"https:\\\/\\\/www.mazam.eu\\\/\",\"logo\":{\"@type\":\"ImageObject\",\"inLanguage\":\"ru-RU\",\"@id\":\"https:\\\/\\\/www.mazam.eu\\\/#\\\/schema\\\/logo\\\/image\\\/\",\"url\":\"https:\\\/\\\/www.mazam.eu\\\/wp-content\\\/uploads\\\/2015\\\/10\\\/mazam-logo-linttropp-koormarihm-t\u00f5stev\u00f6\u00f6.png\",\"contentUrl\":\"https:\\\/\\\/www.mazam.eu\\\/wp-content\\\/uploads\\\/2015\\\/10\\\/mazam-logo-linttropp-koormarihm-t\u00f5stev\u00f6\u00f6.png\",\"width\":190,\"height\":70,\"caption\":\"Mazam O\u00dc\"},\"image\":{\"@id\":\"https:\\\/\\\/www.mazam.eu\\\/#\\\/schema\\\/logo\\\/image\\\/\"}}]}<\/script>\n<!-- \/ Yoast SEO plugin. -->","yoast_head_json":{"title":"\u0412\u0435\u0440\u0442\u043b\u044e\u0433 \u0434\u043b\u044f \u043f\u0440\u043e\u0442\u044f\u0436\u043a\u0438 \u043a\u0430\u0431\u0435\u043b\u044f\/\u0442\u0440\u043e\u0441\u0430 - Mazam O\u00dc","description":"\u0412\u0435\u0440\u0442\u043b\u044e\u0433 \u0434\u043b\u044f \u043f\u0440\u043e\u0442\u044f\u0436\u043a\u0438 \u043a\u0430\u0431\u0435\u043b\u044f\/\u0442\u0440\u043e\u0441\u0430 - \u0434\u043b\u044f \u043e\u0441\u043b\u0430\u0431\u043b\u0435\u043d\u0438\u044f \u0441\u043a\u0440\u0443\u0447\u0438\u0432\u0430\u043d\u0438\u044f \u0438 \u043d\u0430\u0442\u044f\u0436\u0435\u043d\u0438\u044f \u043f\u0440\u0438 \u043f\u0440\u043e\u0442\u044f\u0436\u043a\u0435.","robots":{"index":"index","follow":"follow","max-snippet":"max-snippet:-1","max-image-preview":"max-image-preview:large","max-video-preview":"max-video-preview:-1"},"canonical":"https:\/\/www.mazam.eu\/ru\/produkty\/\u0432\u0435\u0440\u0442\u043b\u044e\u0433-\u0434\u043b\u044f-\u043f\u0440\u043e\u0442\u044f\u0436\u043a\u0438-\u043a\u0430\u0431\u0435\u043b\u044f-\u0442\u0440\u043e\u0441\u0430\/","og_locale":"ru_RU","og_type":"article","og_title":"KAABLI \/ TROSSI T\u00d5MBE P\u00d6\u00d6RITS - Mazam O\u00dc","og_description":"Kaabli \/ trossi t\u00f5mbe p\u00f6\u00f6rits - et t\u00f5mbamisel tekkivad keerdusid ja pingeid leevendada.","og_url":"https:\/\/www.mazam.eu\/ru\/produkty\/\u0432\u0435\u0440\u0442\u043b\u044e\u0433-\u0434\u043b\u044f-\u043f\u0440\u043e\u0442\u044f\u0436\u043a\u0438-\u043a\u0430\u0431\u0435\u043b\u044f-\u0442\u0440\u043e\u0441\u0430\/","og_site_name":"Mazam O&Uuml; | T&otilde;ste- ja koormakinnitusvahendite tootmine ja m&uuml;&uuml;k (2014 - 2026) - linttropp &bull; koormarihm &bull; ringt&otilde;stev&ouml;&ouml; &bull; terastross &bull; kett-tropp &bull; vints &bull; t&otilde;stemagnet jpm.","article_modified_time":"2025-06-04T10:43:13+00:00","twitter_card":"summary_large_image","twitter_misc":{"\u041f\u0440\u0438\u043c\u0435\u0440\u043d\u043e\u0435 \u0432\u0440\u0435\u043c\u044f \u0434\u043b\u044f \u0447\u0442\u0435\u043d\u0438\u044f":"1 \u043c\u0438\u043d\u0443\u0442\u0430"},"schema":{"@context":"https:\/\/schema.org","@graph":[{"@type":"WebPage","@id":"https:\/\/www.mazam.eu\/tooted\/kaabli-trossi-tombe-pooritsad\/","url":"https:\/\/www.mazam.eu\/tooted\/kaabli-trossi-tombe-pooritsad\/","name":"\u0412\u0435\u0440\u0442\u043b\u044e\u0433 \u0434\u043b\u044f \u043f\u0440\u043e\u0442\u044f\u0436\u043a\u0438 \u043a\u0430\u0431\u0435\u043b\u044f\/\u0442\u0440\u043e\u0441\u0430 - Mazam O\u00dc","isPartOf":{"@id":"https:\/\/www.mazam.eu\/#website"},"datePublished":"2017-05-08T07:27:58+00:00","dateModified":"2025-06-04T10:43:13+00:00","description":"\u0412\u0435\u0440\u0442\u043b\u044e\u0433 \u0434\u043b\u044f \u043f\u0440\u043e\u0442\u044f\u0436\u043a\u0438 \u043a\u0430\u0431\u0435\u043b\u044f\/\u0442\u0440\u043e\u0441\u0430 - \u0434\u043b\u044f \u043e\u0441\u043b\u0430\u0431\u043b\u0435\u043d\u0438\u044f \u0441\u043a\u0440\u0443\u0447\u0438\u0432\u0430\u043d\u0438\u044f \u0438 \u043d\u0430\u0442\u044f\u0436\u0435\u043d\u0438\u044f \u043f\u0440\u0438 \u043f\u0440\u043e\u0442\u044f\u0436\u043a\u0435.","breadcrumb":{"@id":"https:\/\/www.mazam.eu\/tooted\/kaabli-trossi-tombe-pooritsad\/#breadcrumb"},"inLanguage":"ru-RU","potentialAction":[{"@type":"ReadAction","target":["https:\/\/www.mazam.eu\/tooted\/kaabli-trossi-tombe-pooritsad\/"]}]},{"@type":"BreadcrumbList","@id":"https:\/\/www.mazam.eu\/tooted\/kaabli-trossi-tombe-pooritsad\/#breadcrumb","itemListElement":[{"@type":"ListItem","position":1,"name":"Home","item":"https:\/\/www.mazam.eu\/"},{"@type":"ListItem","position":2,"name":"Tooted","item":"https:\/\/www.mazam.eu\/tooted\/"},{"@type":"ListItem","position":3,"name":"Kaabli \/ trossi t\u00f5mbe p\u00f6\u00f6rits"}]},{"@type":"WebSite","@id":"https:\/\/www.mazam.eu\/#website","url":"https:\/\/www.mazam.eu\/","name":"Mazam O\u00dc | \u041f\u0440\u043e\u0438\u0437\u0432\u043e\u0434\u0441\u0442\u0432\u043e \u0438 \u043f\u0440\u043e\u0434\u0430\u0436\u0430 \u043f\u043e\u0434\u044a\u0435\u043c\u043d\u043e-\u0442\u0440\u0430\u043d\u0441\u043f\u043e\u0440\u0442\u043d\u043e\u0433\u043e \u043e\u0431\u043e\u0440\u0443\u0434\u043e\u0432\u0430\u043d\u0438\u044f (2014 - 2026) - \u043b\u0438\u043d\u0442\u0440\u0443\u043f\u0430 - \u0433\u0440\u0443\u0437\u043e\u0432\u043e\u0439 \u0440\u0435\u043c\u0435\u043d\u044c - \u0442\u0430\u043b\u0435\u0432\u044b\u0439 \u0440\u0435\u043c\u0435\u043d\u044c - \u0441\u0442\u0430\u043b\u044c\u043d\u043e\u0439 \u043a\u0430\u043d\u0430\u0442 - \u0446\u0435\u043f\u043d\u043e\u0439 \u0442\u0430\u043b\u0440\u0435\u043f - \u043b\u0435\u0431\u0435\u0434\u043a\u0430 - \u043f\u043e\u0434\u044a\u0435\u043c\u043d\u044b\u0439 \u043c\u0430\u0433\u043d\u0438\u0442 \u0438 \u0442.\u0434.","description":"\u0420\u0435\u0448\u0435\u043d\u0438\u044f \u0434\u043b\u044f \u043f\u043e\u0434\u044a\u0435\u043c\u0430 \u0438 \u043a\u0440\u0435\u043f\u043b\u0435\u043d\u0438\u044f | \u0420\u0435\u0448\u0435\u043d\u0438\u044f \u0434\u043b\u044f \u043f\u043e\u0434\u044a\u0435\u043c\u0430 \u0438 \u043a\u0440\u0435\u043f\u043b\u0435\u043d\u0438\u044f","publisher":{"@id":"https:\/\/www.mazam.eu\/#organization"},"potentialAction":[{"@type":"SearchAction","target":{"@type":"EntryPoint","urlTemplate":"https:\/\/www.mazam.eu\/?s={search_term_string}"},"query-input":{"@type":"PropertyValueSpecification","valueRequired":true,"valueName":"search_term_string"}}],"inLanguage":"ru-RU"},{"@type":"Organization","@id":"https:\/\/www.mazam.eu\/#organization","name":"Mazam O\u00dc","url":"https:\/\/www.mazam.eu\/","logo":{"@type":"ImageObject","inLanguage":"ru-RU","@id":"https:\/\/www.mazam.eu\/#\/schema\/logo\/image\/","url":"https:\/\/www.mazam.eu\/wp-content\/uploads\/2015\/10\/mazam-logo-linttropp-koormarihm-t\u00f5stev\u00f6\u00f6.png","contentUrl":"https:\/\/www.mazam.eu\/wp-content\/uploads\/2015\/10\/mazam-logo-linttropp-koormarihm-t\u00f5stev\u00f6\u00f6.png","width":190,"height":70,"caption":"Mazam O\u00dc"},"image":{"@id":"https:\/\/www.mazam.eu\/#\/schema\/logo\/image\/"}}]}},"_links":{"self":[{"href":"https:\/\/www.mazam.eu\/ru\/wp-json\/wp\/v2\/pages\/2062","targetHints":{"allow":["GET"]}}],"collection":[{"href":"https:\/\/www.mazam.eu\/ru\/wp-json\/wp\/v2\/pages"}],"about":[{"href":"https:\/\/www.mazam.eu\/ru\/wp-json\/wp\/v2\/types\/page"}],"author":[{"embeddable":true,"href":"https:\/\/www.mazam.eu\/ru\/wp-json\/wp\/v2\/users\/1"}],"replies":[{"embeddable":true,"href":"https:\/\/www.mazam.eu\/ru\/wp-json\/wp\/v2\/comments?post=2062"}],"version-history":[{"count":9,"href":"https:\/\/www.mazam.eu\/ru\/wp-json\/wp\/v2\/pages\/2062\/revisions"}],"predecessor-version":[{"id":8062,"href":"https:\/\/www.mazam.eu\/ru\/wp-json\/wp\/v2\/pages\/2062\/revisions\/8062"}],"up":[{"embeddable":true,"href":"https:\/\/www.mazam.eu\/ru\/wp-json\/wp\/v2\/pages\/5"}],"wp:attachment":[{"href":"https:\/\/www.mazam.eu\/ru\/wp-json\/wp\/v2\/media?parent=2062"}],"curies":[{"name":"wp","href":"https:\/\/api.w.org\/{rel}","templated":true}]}}