{"id":2400,"date":"2017-11-21T18:15:17","date_gmt":"2017-11-21T18:15:17","guid":{"rendered":"http:\/\/www.mazam.eu\/?page_id=2400"},"modified":"2018-02-10T17:13:11","modified_gmt":"2018-02-10T17:13:11","slug":"pneumaatilised-tooriistad","status":"publish","type":"page","link":"https:\/\/www.mazam.eu\/ru\/tooted\/pneumaatilised-tooriistad\/","title":{"rendered":"Pneumaatilised t\u00f6\u00f6riistad"},"content":{"rendered":"<div class='epvc-post-count'><span class='epvc-eye'><\/span>  <span class=\"epvc-count\"> 2&nbsp;057<\/span><span class='epvc-label'> \u043f\u0440\u043e\u0441\u043c\u043e\u0442\u0440<\/span><\/div><p>Pneumaatilised t\u00f6\u00f6riistad<\/p>\n<table>\n<tbody>\n<tr>\n<td>\n<p><figure id=\"attachment_2510\" aria-describedby=\"caption-attachment-2510\" style=\"width: 200px\" class=\"wp-caption aligncenter\"><a href=\"http:\/\/www.mazam.eu\/wp-content\/uploads\/2018\/02\/pneumaatiline-mutrikeeraja-otse.png\" target=\"_blank\" rel=\"noopener\"><img loading=\"lazy\" decoding=\"async\" class=\"wp-image-2510 size-full\" src=\"http:\/\/www.mazam.eu\/wp-content\/uploads\/2018\/02\/pneumaatiline-mutrikeeraja-otse.png\" alt=\"Pneumaatiline mutrikeeraja otse\" width=\"200\" height=\"150\" data-id=\"2510\" \/><\/a><figcaption id=\"caption-attachment-2510\" class=\"wp-caption-text\">Pneumaatiline mutrikeeraja otse<\/figcaption><\/figure><\/td>\n<td>\n<p><figure id=\"attachment_2511\" aria-describedby=\"caption-attachment-2511\" style=\"width: 200px\" class=\"wp-caption aligncenter\"><a href=\"http:\/\/www.mazam.eu\/wp-content\/uploads\/2018\/02\/pneumaatiline-mutrikeeraja-k\u00f5rvalt.png\" target=\"_blank\" rel=\"noopener\"><img loading=\"lazy\" decoding=\"async\" class=\"wp-image-2511 size-full\" src=\"http:\/\/www.mazam.eu\/wp-content\/uploads\/2018\/02\/pneumaatiline-mutrikeeraja-k\u00f5rvalt.png\" alt=\"Pneumaatiline mutrikeeraja k\u00f5rvalt\" width=\"200\" height=\"150\" data-id=\"2511\" \/><\/a><figcaption id=\"caption-attachment-2511\" class=\"wp-caption-text\">Pneumaatiline mutrikeeraja k\u00f5rvalt<\/figcaption><\/figure><\/td>\n<td>\n<p><figure id=\"attachment_2512\" aria-describedby=\"caption-attachment-2512\" style=\"width: 200px\" class=\"wp-caption aligncenter\"><a href=\"http:\/\/www.mazam.eu\/wp-content\/uploads\/2018\/02\/pneumaatiline-mutrikeeraja-veoauto-ja-bussiratastele.png\" target=\"_blank\" rel=\"noopener\"><img loading=\"lazy\" decoding=\"async\" class=\"wp-image-2512 size-full\" src=\"http:\/\/www.mazam.eu\/wp-content\/uploads\/2018\/02\/pneumaatiline-mutrikeeraja-veoauto-ja-bussiratastele.png\" alt=\"Pneumaatiline mutrikeeraja veoauto ja bussiratastele\" width=\"200\" height=\"150\" data-id=\"2512\" \/><\/a><figcaption id=\"caption-attachment-2512\" class=\"wp-caption-text\">Pneumaatiline mutrikeeraja veoauto ja bussiratastele<\/figcaption><\/figure><\/td>\n<\/tr>\n<tr>\n<td>\n<p><figure id=\"attachment_2513\" aria-describedby=\"caption-attachment-2513\" style=\"width: 200px\" class=\"wp-caption aligncenter\"><a href=\"http:\/\/www.mazam.eu\/wp-content\/uploads\/2018\/02\/pneumaatiline-kruvikeeraja.png\" target=\"_blank\" rel=\"noopener\"><img loading=\"lazy\" decoding=\"async\" class=\"wp-image-2513 size-full\" src=\"http:\/\/www.mazam.eu\/wp-content\/uploads\/2018\/02\/pneumaatiline-kruvikeeraja.png\" alt=\"Pneumaatiline kruvikeeraja\" width=\"200\" height=\"120\" data-id=\"2513\" \/><\/a><figcaption id=\"caption-attachment-2513\" class=\"wp-caption-text\">Pneumaatiline kruvikeeraja<\/figcaption><\/figure><\/td>\n<td>\n<p><figure id=\"attachment_2514\" aria-describedby=\"caption-attachment-2514\" style=\"width: 200px\" class=\"wp-caption aligncenter\"><a href=\"http:\/\/www.mazam.eu\/wp-content\/uploads\/2018\/02\/pneumaatiline-suru\u00f5hu-trell.png\" target=\"_blank\" rel=\"noopener\"><img loading=\"lazy\" decoding=\"async\" class=\"wp-image-2514 size-full\" src=\"http:\/\/www.mazam.eu\/wp-content\/uploads\/2018\/02\/pneumaatiline-suru\u00f5hu-trell.png\" alt=\"Pneumaatiline suru\u00f5hu trell\" width=\"200\" height=\"150\" data-id=\"2514\" \/><\/a><figcaption id=\"caption-attachment-2514\" class=\"wp-caption-text\">Pneumaatiline suru\u00f5hu trell<\/figcaption><\/figure><\/td>\n<td>\n<p><figure id=\"attachment_2515\" aria-describedby=\"caption-attachment-2515\" style=\"width: 200px\" class=\"wp-caption aligncenter\"><a href=\"http:\/\/www.mazam.eu\/wp-content\/uploads\/2018\/02\/pneumaatiline-puur.png\" target=\"_blank\" rel=\"noopener\"><img loading=\"lazy\" decoding=\"async\" class=\"wp-image-2515 size-full\" src=\"http:\/\/www.mazam.eu\/wp-content\/uploads\/2018\/02\/pneumaatiline-puur.png\" alt=\"Pneumaatiline puur\" width=\"200\" height=\"150\" data-id=\"2515\" \/><\/a><figcaption id=\"caption-attachment-2515\" class=\"wp-caption-text\">Pneumaatiline puur<\/figcaption><\/figure><\/td>\n<\/tr>\n<tr>\n<td>\n<p><figure id=\"attachment_2516\" aria-describedby=\"caption-attachment-2516\" style=\"width: 200px\" class=\"wp-caption aligncenter\"><a href=\"http:\/\/www.mazam.eu\/wp-content\/uploads\/2018\/02\/pneumaatiline-nurklihvija.png\" target=\"_blank\" rel=\"noopener\"><img loading=\"lazy\" decoding=\"async\" class=\"wp-image-2516 size-full\" src=\"http:\/\/www.mazam.eu\/wp-content\/uploads\/2018\/02\/pneumaatiline-nurklihvija.png\" alt=\"Pneumaatiline nurklihvija\" width=\"200\" height=\"150\" data-id=\"2516\" \/><\/a><figcaption id=\"caption-attachment-2516\" class=\"wp-caption-text\">Pneumaatiline nurklihvija<\/figcaption><\/figure><\/td>\n<td>\n<p><figure id=\"attachment_2517\" aria-describedby=\"caption-attachment-2517\" style=\"width: 200px\" class=\"wp-caption aligncenter\"><a href=\"http:\/\/www.mazam.eu\/wp-content\/uploads\/2018\/02\/pneumaatiline-lintlihvija.png\" target=\"_blank\" rel=\"noopener\"><img loading=\"lazy\" decoding=\"async\" class=\"wp-image-2517 size-full\" src=\"http:\/\/www.mazam.eu\/wp-content\/uploads\/2018\/02\/pneumaatiline-lintlihvija.png\" alt=\"Pneumaatiline lintlihvija\" width=\"200\" height=\"150\" data-id=\"2517\" \/><\/a><figcaption id=\"caption-attachment-2517\" class=\"wp-caption-text\">Pneumaatiline lintlihvija<\/figcaption><\/figure><\/td>\n<td>\n<p><figure id=\"attachment_2518\" aria-describedby=\"caption-attachment-2518\" style=\"width: 200px\" class=\"wp-caption aligncenter\"><a href=\"http:\/\/www.mazam.eu\/wp-content\/uploads\/2018\/02\/pneumaatiline-meisel.png\" target=\"_blank\" rel=\"noopener\"><img loading=\"lazy\" decoding=\"async\" class=\"wp-image-2518 size-full\" src=\"http:\/\/www.mazam.eu\/wp-content\/uploads\/2018\/02\/pneumaatiline-meisel.png\" alt=\"Pneumaatiline meisel\" width=\"200\" height=\"150\" data-id=\"2518\" \/><\/a><figcaption id=\"caption-attachment-2518\" class=\"wp-caption-text\">Pneumaatiline meisel<\/figcaption><\/figure><\/td>\n<\/tr>\n<\/tbody>\n<\/table>\n<p><span style=\"color: #333333;\">Rohkem tooteid ja t\u00e4psemaid andmeid n\u00e4eb kataloogist! Kataloogi n\u00e4gemiseks vajuta<\/span> <a href=\"http:\/\/www.mazam.eu\/wp-content\/uploads\/2017\/11\/CP_IND_2016_EN.pdf\" target=\"_blank\" rel=\"noopener\"><strong><span style=\"color: #3366ff;\">siia<\/span><\/strong><\/a><\/p>","protected":false},"excerpt":{"rendered":"<p>2&nbsp;057 vaatamistPneumaatilised t\u00f6\u00f6riistad Rohkem tooteid ja t\u00e4psemaid andmeid n\u00e4eb kataloogist! Kataloogi n\u00e4gemiseks vajuta siia<\/p>","protected":false},"author":1,"featured_media":0,"parent":5,"menu_order":0,"comment_status":"closed","ping_status":"closed","template":"","meta":{"_uf_show_specific_survey":0,"_uf_disable_surveys":false,"iawp_total_views":16,"footnotes":""},"class_list":["post-2400","page","type-page","status-publish","hentry"],"yoast_head":"<!-- This site is optimized with the Yoast SEO plugin v27.5 - https:\/\/yoast.com\/product\/yoast-seo-wordpress\/ -->\n<title>Pneumaatilised t\u00f6\u00f6riistad - Mazam O&Uuml; | T&otilde;ste- ja koormakinnitusvahendite tootmine ja m&uuml;&uuml;k (2014 - 2026) - linttropp &bull; koormarihm &bull; ringt&otilde;stev&ouml;&ouml; &bull; terastross &bull; kett-tropp &bull; vints &bull; t&otilde;stemagnet jpm.<\/title>\n<meta name=\"robots\" content=\"index, follow, max-snippet:-1, max-image-preview:large, max-video-preview:-1\" \/>\n<link rel=\"canonical\" href=\"https:\/\/www.mazam.eu\/ru\/produkty\/pneumaatilised-tooriistad\/\" \/>\n<meta property=\"og:locale\" content=\"ru_RU\" \/>\n<meta property=\"og:type\" content=\"article\" \/>\n<meta property=\"og:title\" content=\"Pneumaatilised t\u00f6\u00f6riistad - Mazam O&Uuml; | T&otilde;ste- ja koormakinnitusvahendite tootmine ja m&uuml;&uuml;k (2014 - 2026) - linttropp &bull; koormarihm &bull; ringt&otilde;stev&ouml;&ouml; &bull; terastross &bull; kett-tropp &bull; vints &bull; t&otilde;stemagnet jpm.\" \/>\n<meta property=\"og:description\" content=\"2&nbsp;057 vaatamistPneumaatilised t\u00f6\u00f6riistad Rohkem tooteid ja t\u00e4psemaid andmeid n\u00e4eb kataloogist! Kataloogi n\u00e4gemiseks vajuta siia\" \/>\n<meta property=\"og:url\" content=\"https:\/\/www.mazam.eu\/ru\/produkty\/pneumaatilised-tooriistad\/\" \/>\n<meta property=\"og:site_name\" content=\"Mazam O&Uuml; | T&otilde;ste- ja koormakinnitusvahendite tootmine ja m&uuml;&uuml;k (2014 - 2026) - linttropp &bull; koormarihm &bull; ringt&otilde;stev&ouml;&ouml; &bull; terastross &bull; kett-tropp &bull; vints &bull; t&otilde;stemagnet jpm.\" \/>\n<meta property=\"article:modified_time\" content=\"2018-02-10T17:13:11+00:00\" \/>\n<meta property=\"og:image\" content=\"http:\/\/www.mazam.eu\/wp-content\/uploads\/2018\/02\/pneumaatiline-mutrikeeraja-otse.png\" \/>\n<meta name=\"twitter:card\" content=\"summary_large_image\" \/>\n<meta name=\"twitter:label1\" content=\"\u041f\u0440\u0438\u043c\u0435\u0440\u043d\u043e\u0435 \u0432\u0440\u0435\u043c\u044f \u0434\u043b\u044f \u0447\u0442\u0435\u043d\u0438\u044f\" \/>\n\t<meta name=\"twitter:data1\" content=\"1 \u043c\u0438\u043d\u0443\u0442\u0430\" \/>\n<script type=\"application\/ld+json\" class=\"yoast-schema-graph\">{\"@context\":\"https:\\\/\\\/schema.org\",\"@graph\":[{\"@type\":\"WebPage\",\"@id\":\"https:\\\/\\\/www.mazam.eu\\\/tooted\\\/pneumaatilised-tooriistad\\\/\",\"url\":\"https:\\\/\\\/www.mazam.eu\\\/tooted\\\/pneumaatilised-tooriistad\\\/\",\"name\":\"Pneumaatilised t\u00f6\u00f6riistad - Mazam O&Uuml; | T&otilde;ste- ja koormakinnitusvahendite tootmine ja m&uuml;&uuml;k (2014 - 2026) - linttropp &bull; koormarihm &bull; ringt&otilde;stev&ouml;&ouml; &bull; terastross &bull; kett-tropp &bull; vints &bull; t&otilde;stemagnet jpm.\",\"isPartOf\":{\"@id\":\"https:\\\/\\\/www.mazam.eu\\\/#website\"},\"primaryImageOfPage\":{\"@id\":\"https:\\\/\\\/www.mazam.eu\\\/tooted\\\/pneumaatilised-tooriistad\\\/#primaryimage\"},\"image\":{\"@id\":\"https:\\\/\\\/www.mazam.eu\\\/tooted\\\/pneumaatilised-tooriistad\\\/#primaryimage\"},\"thumbnailUrl\":\"http:\\\/\\\/www.mazam.eu\\\/wp-content\\\/uploads\\\/2018\\\/02\\\/pneumaatiline-mutrikeeraja-otse.png\",\"datePublished\":\"2017-11-21T18:15:17+00:00\",\"dateModified\":\"2018-02-10T17:13:11+00:00\",\"breadcrumb\":{\"@id\":\"https:\\\/\\\/www.mazam.eu\\\/tooted\\\/pneumaatilised-tooriistad\\\/#breadcrumb\"},\"inLanguage\":\"ru-RU\",\"potentialAction\":[{\"@type\":\"ReadAction\",\"target\":[\"https:\\\/\\\/www.mazam.eu\\\/tooted\\\/pneumaatilised-tooriistad\\\/\"]}]},{\"@type\":\"ImageObject\",\"inLanguage\":\"ru-RU\",\"@id\":\"https:\\\/\\\/www.mazam.eu\\\/tooted\\\/pneumaatilised-tooriistad\\\/#primaryimage\",\"url\":\"http:\\\/\\\/www.mazam.eu\\\/wp-content\\\/uploads\\\/2018\\\/02\\\/pneumaatiline-mutrikeeraja-otse.png\",\"contentUrl\":\"http:\\\/\\\/www.mazam.eu\\\/wp-content\\\/uploads\\\/2018\\\/02\\\/pneumaatiline-mutrikeeraja-otse.png\"},{\"@type\":\"BreadcrumbList\",\"@id\":\"https:\\\/\\\/www.mazam.eu\\\/tooted\\\/pneumaatilised-tooriistad\\\/#breadcrumb\",\"itemListElement\":[{\"@type\":\"ListItem\",\"position\":1,\"name\":\"Home\",\"item\":\"https:\\\/\\\/www.mazam.eu\\\/\"},{\"@type\":\"ListItem\",\"position\":2,\"name\":\"Tooted\",\"item\":\"https:\\\/\\\/www.mazam.eu\\\/tooted\\\/\"},{\"@type\":\"ListItem\",\"position\":3,\"name\":\"Pneumaatilised t\u00f6\u00f6riistad\"}]},{\"@type\":\"WebSite\",\"@id\":\"https:\\\/\\\/www.mazam.eu\\\/#website\",\"url\":\"https:\\\/\\\/www.mazam.eu\\\/\",\"name\":\"Mazam O&Uuml; | T&otilde;ste- ja koormakinnitusvahendite tootmine ja m&uuml;&uuml;k (2014 - 2026) - linttropp &bull; koormarihm &bull; ringt&otilde;stev&ouml;&ouml; &bull; terastross &bull; kett-tropp &bull; vints &bull; t&otilde;stemagnet jpm.\",\"description\":\"T&otilde;ste- ja kinnituslahendused | Lifting- and lashing solutions\",\"publisher\":{\"@id\":\"https:\\\/\\\/www.mazam.eu\\\/#organization\"},\"potentialAction\":[{\"@type\":\"SearchAction\",\"target\":{\"@type\":\"EntryPoint\",\"urlTemplate\":\"https:\\\/\\\/www.mazam.eu\\\/?s={search_term_string}\"},\"query-input\":{\"@type\":\"PropertyValueSpecification\",\"valueRequired\":true,\"valueName\":\"search_term_string\"}}],\"inLanguage\":\"ru-RU\"},{\"@type\":\"Organization\",\"@id\":\"https:\\\/\\\/www.mazam.eu\\\/#organization\",\"name\":\"Mazam O\u00dc\",\"url\":\"https:\\\/\\\/www.mazam.eu\\\/\",\"logo\":{\"@type\":\"ImageObject\",\"inLanguage\":\"ru-RU\",\"@id\":\"https:\\\/\\\/www.mazam.eu\\\/#\\\/schema\\\/logo\\\/image\\\/\",\"url\":\"https:\\\/\\\/www.mazam.eu\\\/wp-content\\\/uploads\\\/2015\\\/10\\\/mazam-logo-linttropp-koormarihm-t\u00f5stev\u00f6\u00f6.png\",\"contentUrl\":\"https:\\\/\\\/www.mazam.eu\\\/wp-content\\\/uploads\\\/2015\\\/10\\\/mazam-logo-linttropp-koormarihm-t\u00f5stev\u00f6\u00f6.png\",\"width\":190,\"height\":70,\"caption\":\"Mazam O\u00dc\"},\"image\":{\"@id\":\"https:\\\/\\\/www.mazam.eu\\\/#\\\/schema\\\/logo\\\/image\\\/\"}}]}<\/script>\n<!-- \/ Yoast SEO plugin. -->","yoast_head_json":{"title":"Pneumaatilised t\u00f6\u00f6riistad - Mazam O&Uuml; | T&otilde;ste- ja koormakinnitusvahendite tootmine ja m&uuml;&uuml;k (2014 - 2026) - linttropp &bull; koormarihm &bull; ringt&otilde;stev&ouml;&ouml; &bull; terastross &bull; kett-tropp &bull; vints &bull; t&otilde;stemagnet jpm.","robots":{"index":"index","follow":"follow","max-snippet":"max-snippet:-1","max-image-preview":"max-image-preview:large","max-video-preview":"max-video-preview:-1"},"canonical":"https:\/\/www.mazam.eu\/ru\/produkty\/pneumaatilised-tooriistad\/","og_locale":"ru_RU","og_type":"article","og_title":"Pneumaatilised t\u00f6\u00f6riistad - Mazam O&Uuml; | T&otilde;ste- ja koormakinnitusvahendite tootmine ja m&uuml;&uuml;k (2014 - 2026) - linttropp &bull; koormarihm &bull; ringt&otilde;stev&ouml;&ouml; &bull; terastross &bull; kett-tropp &bull; vints &bull; t&otilde;stemagnet jpm.","og_description":"2&nbsp;057 vaatamistPneumaatilised t\u00f6\u00f6riistad Rohkem tooteid ja t\u00e4psemaid andmeid n\u00e4eb kataloogist! Kataloogi n\u00e4gemiseks vajuta siia","og_url":"https:\/\/www.mazam.eu\/ru\/produkty\/pneumaatilised-tooriistad\/","og_site_name":"Mazam O&Uuml; | T&otilde;ste- ja koormakinnitusvahendite tootmine ja m&uuml;&uuml;k (2014 - 2026) - linttropp &bull; koormarihm &bull; ringt&otilde;stev&ouml;&ouml; &bull; terastross &bull; kett-tropp &bull; vints &bull; t&otilde;stemagnet jpm.","article_modified_time":"2018-02-10T17:13:11+00:00","og_image":[{"url":"http:\/\/www.mazam.eu\/wp-content\/uploads\/2018\/02\/pneumaatiline-mutrikeeraja-otse.png","type":"","width":"","height":""}],"twitter_card":"summary_large_image","twitter_misc":{"\u041f\u0440\u0438\u043c\u0435\u0440\u043d\u043e\u0435 \u0432\u0440\u0435\u043c\u044f \u0434\u043b\u044f \u0447\u0442\u0435\u043d\u0438\u044f":"1 \u043c\u0438\u043d\u0443\u0442\u0430"},"schema":{"@context":"https:\/\/schema.org","@graph":[{"@type":"WebPage","@id":"https:\/\/www.mazam.eu\/tooted\/pneumaatilised-tooriistad\/","url":"https:\/\/www.mazam.eu\/tooted\/pneumaatilised-tooriistad\/","name":"Pneumaatilised t\u00f6\u00f6riistad - Mazam O&Uuml; | T&otilde;ste- ja koormakinnitusvahendite tootmine ja m&uuml;&uuml;k (2014 - 2026) - linttropp &bull; koormarihm &bull; ringt&otilde;stev&ouml;&ouml; &bull; terastross &bull; kett-tropp &bull; vints &bull; t&otilde;stemagnet jpm.","isPartOf":{"@id":"https:\/\/www.mazam.eu\/#website"},"primaryImageOfPage":{"@id":"https:\/\/www.mazam.eu\/tooted\/pneumaatilised-tooriistad\/#primaryimage"},"image":{"@id":"https:\/\/www.mazam.eu\/tooted\/pneumaatilised-tooriistad\/#primaryimage"},"thumbnailUrl":"http:\/\/www.mazam.eu\/wp-content\/uploads\/2018\/02\/pneumaatiline-mutrikeeraja-otse.png","datePublished":"2017-11-21T18:15:17+00:00","dateModified":"2018-02-10T17:13:11+00:00","breadcrumb":{"@id":"https:\/\/www.mazam.eu\/tooted\/pneumaatilised-tooriistad\/#breadcrumb"},"inLanguage":"ru-RU","potentialAction":[{"@type":"ReadAction","target":["https:\/\/www.mazam.eu\/tooted\/pneumaatilised-tooriistad\/"]}]},{"@type":"ImageObject","inLanguage":"ru-RU","@id":"https:\/\/www.mazam.eu\/tooted\/pneumaatilised-tooriistad\/#primaryimage","url":"http:\/\/www.mazam.eu\/wp-content\/uploads\/2018\/02\/pneumaatiline-mutrikeeraja-otse.png","contentUrl":"http:\/\/www.mazam.eu\/wp-content\/uploads\/2018\/02\/pneumaatiline-mutrikeeraja-otse.png"},{"@type":"BreadcrumbList","@id":"https:\/\/www.mazam.eu\/tooted\/pneumaatilised-tooriistad\/#breadcrumb","itemListElement":[{"@type":"ListItem","position":1,"name":"Home","item":"https:\/\/www.mazam.eu\/"},{"@type":"ListItem","position":2,"name":"Tooted","item":"https:\/\/www.mazam.eu\/tooted\/"},{"@type":"ListItem","position":3,"name":"Pneumaatilised t\u00f6\u00f6riistad"}]},{"@type":"WebSite","@id":"https:\/\/www.mazam.eu\/#website","url":"https:\/\/www.mazam.eu\/","name":"Mazam O\u00dc | \u041f\u0440\u043e\u0438\u0437\u0432\u043e\u0434\u0441\u0442\u0432\u043e \u0438 \u043f\u0440\u043e\u0434\u0430\u0436\u0430 \u043f\u043e\u0434\u044a\u0435\u043c\u043d\u043e-\u0442\u0440\u0430\u043d\u0441\u043f\u043e\u0440\u0442\u043d\u043e\u0433\u043e \u043e\u0431\u043e\u0440\u0443\u0434\u043e\u0432\u0430\u043d\u0438\u044f (2014 - 2026) - \u043b\u0438\u043d\u0442\u0440\u0443\u043f\u0430 - \u0433\u0440\u0443\u0437\u043e\u0432\u043e\u0439 \u0440\u0435\u043c\u0435\u043d\u044c - \u0442\u0430\u043b\u0435\u0432\u044b\u0439 \u0440\u0435\u043c\u0435\u043d\u044c - \u0441\u0442\u0430\u043b\u044c\u043d\u043e\u0439 \u043a\u0430\u043d\u0430\u0442 - \u0446\u0435\u043f\u043d\u043e\u0439 \u0442\u0430\u043b\u0440\u0435\u043f - \u043b\u0435\u0431\u0435\u0434\u043a\u0430 - \u043f\u043e\u0434\u044a\u0435\u043c\u043d\u044b\u0439 \u043c\u0430\u0433\u043d\u0438\u0442 \u0438 \u0442.\u0434.","description":"\u0420\u0435\u0448\u0435\u043d\u0438\u044f \u0434\u043b\u044f \u043f\u043e\u0434\u044a\u0435\u043c\u0430 \u0438 \u043a\u0440\u0435\u043f\u043b\u0435\u043d\u0438\u044f | \u0420\u0435\u0448\u0435\u043d\u0438\u044f \u0434\u043b\u044f \u043f\u043e\u0434\u044a\u0435\u043c\u0430 \u0438 \u043a\u0440\u0435\u043f\u043b\u0435\u043d\u0438\u044f","publisher":{"@id":"https:\/\/www.mazam.eu\/#organization"},"potentialAction":[{"@type":"SearchAction","target":{"@type":"EntryPoint","urlTemplate":"https:\/\/www.mazam.eu\/?s={search_term_string}"},"query-input":{"@type":"PropertyValueSpecification","valueRequired":true,"valueName":"search_term_string"}}],"inLanguage":"ru-RU"},{"@type":"Organization","@id":"https:\/\/www.mazam.eu\/#organization","name":"Mazam O\u00dc","url":"https:\/\/www.mazam.eu\/","logo":{"@type":"ImageObject","inLanguage":"ru-RU","@id":"https:\/\/www.mazam.eu\/#\/schema\/logo\/image\/","url":"https:\/\/www.mazam.eu\/wp-content\/uploads\/2015\/10\/mazam-logo-linttropp-koormarihm-t\u00f5stev\u00f6\u00f6.png","contentUrl":"https:\/\/www.mazam.eu\/wp-content\/uploads\/2015\/10\/mazam-logo-linttropp-koormarihm-t\u00f5stev\u00f6\u00f6.png","width":190,"height":70,"caption":"Mazam O\u00dc"},"image":{"@id":"https:\/\/www.mazam.eu\/#\/schema\/logo\/image\/"}}]}},"_links":{"self":[{"href":"https:\/\/www.mazam.eu\/ru\/wp-json\/wp\/v2\/pages\/2400","targetHints":{"allow":["GET"]}}],"collection":[{"href":"https:\/\/www.mazam.eu\/ru\/wp-json\/wp\/v2\/pages"}],"about":[{"href":"https:\/\/www.mazam.eu\/ru\/wp-json\/wp\/v2\/types\/page"}],"author":[{"embeddable":true,"href":"https:\/\/www.mazam.eu\/ru\/wp-json\/wp\/v2\/users\/1"}],"replies":[{"embeddable":true,"href":"https:\/\/www.mazam.eu\/ru\/wp-json\/wp\/v2\/comments?post=2400"}],"version-history":[{"count":26,"href":"https:\/\/www.mazam.eu\/ru\/wp-json\/wp\/v2\/pages\/2400\/revisions"}],"predecessor-version":[{"id":2545,"href":"https:\/\/www.mazam.eu\/ru\/wp-json\/wp\/v2\/pages\/2400\/revisions\/2545"}],"up":[{"embeddable":true,"href":"https:\/\/www.mazam.eu\/ru\/wp-json\/wp\/v2\/pages\/5"}],"wp:attachment":[{"href":"https:\/\/www.mazam.eu\/ru\/wp-json\/wp\/v2\/media?parent=2400"}],"curies":[{"name":"wp","href":"https:\/\/api.w.org\/{rel}","templated":true}]}}