{"id":2439,"date":"2017-11-22T08:53:05","date_gmt":"2017-11-22T08:53:05","guid":{"rendered":"http:\/\/www.mazam.eu\/?page_id=2439"},"modified":"2017-11-22T09:00:48","modified_gmt":"2017-11-22T09:00:48","slug":"pneumaatiline-mutrikeeraja","status":"publish","type":"page","link":"https:\/\/www.mazam.eu\/ru\/tooted\/pneumaatilised-tooriistad\/pneumaatiline-mutrikeeraja\/","title":{"rendered":"pneumaatiline mutrikeeraja otse"},"content":{"rendered":"<div class='epvc-post-count'><span class='epvc-eye'><\/span>  <span class=\"epvc-count\"> 3 304<\/span><span class='epvc-label'> \u043f\u0440\u043e\u0441\u043c\u043e\u0442\u0440<\/span><\/div><p><a href=\"http:\/\/www.mazam.eu\/wp-content\/uploads\/2017\/11\/pneumaatiline-mutrikeeraja-otse.png\"><img loading=\"lazy\" decoding=\"async\" class=\"alignnone size-full wp-image-2402\" src=\"http:\/\/www.mazam.eu\/wp-content\/uploads\/2017\/11\/pneumaatiline-mutrikeeraja-otse.png\" alt=\"\" width=\"334\" height=\"200\" data-id=\"2402\" \/><\/a><\/p>\n<table class=\"c-table s-editor s-editor--table\" data-nodename=\"table\">\n<tbody>\n<tr>\n<td>Model<\/td>\n<td>CP0611-D28H<\/td>\n<td><\/td>\n<\/tr>\n<tr>\n<td>Part number<\/td>\n<td>6151590160<\/td>\n<td><\/td>\n<\/tr>\n<tr>\n<td>Actual air consumption<\/td>\n<td>32 l\/s<\/td>\n<td>68 cfm<\/td>\n<\/tr>\n<tr>\n<td>Air inlet thread size<\/td>\n<td>1\/2 &#8220;<\/td>\n<td><\/td>\n<\/tr>\n<tr>\n<td>Blows per minute<\/td>\n<td>1020<\/td>\n<td><\/td>\n<\/tr>\n<tr>\n<td>Bolt size<\/td>\n<td>M36 mm<\/td>\n<td><\/td>\n<\/tr>\n<tr>\n<td>Box dimensions<\/td>\n<td>505x240x145 mm<\/td>\n<td><\/td>\n<\/tr>\n<tr>\n<td>Clutch type<\/td>\n<td>2-jaw clutch<\/td>\n<td><\/td>\n<\/tr>\n<tr>\n<td>Free speed<\/td>\n<td>3500 rpm<\/td>\n<td><\/td>\n<\/tr>\n<tr>\n<td>Free speed air consumption<\/td>\n<td>55 l\/s<\/td>\n<td><\/td>\n<\/tr>\n<tr>\n<td>Handle type<\/td>\n<td>D-Handle<\/td>\n<td><\/td>\n<\/tr>\n<tr>\n<td>Length<\/td>\n<td>360 mm<\/td>\n<td>14.17 &#8220;<\/td>\n<\/tr>\n<tr>\n<td>Maximum Torque (reverse)<\/td>\n<td>3790 Nm<\/td>\n<td>2800 ft.lbs<\/td>\n<\/tr>\n<tr>\n<td>Net weight<\/td>\n<td>10.4 kg<\/td>\n<td>22.9 lb<\/td>\n<\/tr>\n<tr>\n<td>Power\/weight ratio<\/td>\n<td>364.4 Nm\/kg<\/td>\n<td>122.3 ft.lb\/lb<\/td>\n<\/tr>\n<tr>\n<td>Side to center<\/td>\n<td>46 \u043c\u043c<\/td>\n<td>1.81 &#8220;<\/td>\n<\/tr>\n<tr>\n<td>Socket retainer<\/td>\n<td>Hole<\/td>\n<td><\/td>\n<\/tr>\n<tr>\n<td>Sound Power<\/td>\n<td>110 db(A)<\/td>\n<td><\/td>\n<\/tr>\n<tr>\n<td>Sound pressure<\/td>\n<td>99 db(A)<\/td>\n<td><\/td>\n<\/tr>\n<tr>\n<td>Square drive<\/td>\n<td>1 &#8220;<\/td>\n<td><\/td>\n<\/tr>\n<tr>\n<td>Vibration<\/td>\n<td>18 m\/s\u00b2<\/td>\n<td><\/td>\n<\/tr>\n<tr>\n<td>Vibration ISO<\/td>\n<td>ISO-28927-2<\/td>\n<td><\/td>\n<\/tr>\n<tr>\n<td>Vibration uncertainty (K)<\/td>\n<td>4.1 m\/s\u00b2<\/td>\n<td><\/td>\n<\/tr>\n<tr>\n<td>Working Torque Range (fwd)<\/td>\n<td>1220 &#8211; 2440 Nm<\/td>\n<td>900 &#8211; 1,800 ft.lbs<\/td>\n<\/tr>\n<\/tbody>\n<\/table>\n<p>&nbsp;<\/p>","protected":false},"excerpt":{"rendered":"<p>3&nbsp;304 vaatamist Model CP0611-D28H Part number 6151590160 Actual air consumption 32 l\/s 68 cfm Air inlet thread size 1\/2 &#8220; Blows per minute 1020 Bolt size M36 mm Box dimensions 505x240x145 mm Clutch type 2-jaw clutch Free speed 3500 rpm Free speed air consumption 55 l\/s Handle type D-Handle Length 360 mm 14.17 &#8220; Maximum&#8230;<\/p>","protected":false},"author":1,"featured_media":0,"parent":2400,"menu_order":0,"comment_status":"closed","ping_status":"closed","template":"","meta":{"_uf_show_specific_survey":0,"_uf_disable_surveys":false,"iawp_total_views":2,"footnotes":""},"class_list":["post-2439","page","type-page","status-publish","hentry"],"yoast_head":"<!-- This site is optimized with the Yoast SEO plugin v27.5 - https:\/\/yoast.com\/product\/yoast-seo-wordpress\/ -->\n<title>PNEUMAATILINE MUTRIKEERAJA OTSE - Mazam O\u00dc<\/title>\n<meta name=\"description\" content=\"Pneumaatiline mutrikeeraja otse\" \/>\n<meta name=\"robots\" content=\"index, follow, max-snippet:-1, max-image-preview:large, max-video-preview:-1\" \/>\n<link rel=\"canonical\" href=\"https:\/\/www.mazam.eu\/ru\/produkty\/pneumaatilised-tooriistad\/pneumaatiline-mutrikeeraja\/\" \/>\n<meta property=\"og:locale\" content=\"ru_RU\" \/>\n<meta property=\"og:type\" content=\"article\" \/>\n<meta property=\"og:title\" content=\"PNEUMAATILINE MUTRIKEERAJA OTSE - Mazam O\u00dc\" \/>\n<meta property=\"og:description\" content=\"Pneumaatiline mutrikeeraja otse\" \/>\n<meta property=\"og:url\" content=\"https:\/\/www.mazam.eu\/ru\/produkty\/pneumaatilised-tooriistad\/pneumaatiline-mutrikeeraja\/\" \/>\n<meta property=\"og:site_name\" content=\"Mazam O&Uuml; | T&otilde;ste- ja koormakinnitusvahendite tootmine ja m&uuml;&uuml;k (2014 - 2026) - linttropp &bull; koormarihm &bull; ringt&otilde;stev&ouml;&ouml; &bull; terastross &bull; kett-tropp &bull; vints &bull; t&otilde;stemagnet jpm.\" \/>\n<meta property=\"article:modified_time\" content=\"2017-11-22T09:00:48+00:00\" \/>\n<meta property=\"og:image\" content=\"http:\/\/www.mazam.eu\/wp-content\/uploads\/2017\/11\/pneumaatiline-mutrikeeraja-otse.png\" \/>\n<meta name=\"twitter:card\" content=\"summary_large_image\" \/>\n<meta name=\"twitter:label1\" content=\"\u041f\u0440\u0438\u043c\u0435\u0440\u043d\u043e\u0435 \u0432\u0440\u0435\u043c\u044f \u0434\u043b\u044f \u0447\u0442\u0435\u043d\u0438\u044f\" \/>\n\t<meta name=\"twitter:data1\" content=\"1 \u043c\u0438\u043d\u0443\u0442\u0430\" \/>\n<script type=\"application\/ld+json\" class=\"yoast-schema-graph\">{\"@context\":\"https:\\\/\\\/schema.org\",\"@graph\":[{\"@type\":\"WebPage\",\"@id\":\"https:\\\/\\\/www.mazam.eu\\\/tooted\\\/pneumaatilised-tooriistad\\\/pneumaatiline-mutrikeeraja\\\/\",\"url\":\"https:\\\/\\\/www.mazam.eu\\\/tooted\\\/pneumaatilised-tooriistad\\\/pneumaatiline-mutrikeeraja\\\/\",\"name\":\"PNEUMAATILINE MUTRIKEERAJA OTSE - Mazam O\u00dc\",\"isPartOf\":{\"@id\":\"https:\\\/\\\/www.mazam.eu\\\/#website\"},\"primaryImageOfPage\":{\"@id\":\"https:\\\/\\\/www.mazam.eu\\\/tooted\\\/pneumaatilised-tooriistad\\\/pneumaatiline-mutrikeeraja\\\/#primaryimage\"},\"image\":{\"@id\":\"https:\\\/\\\/www.mazam.eu\\\/tooted\\\/pneumaatilised-tooriistad\\\/pneumaatiline-mutrikeeraja\\\/#primaryimage\"},\"thumbnailUrl\":\"http:\\\/\\\/www.mazam.eu\\\/wp-content\\\/uploads\\\/2017\\\/11\\\/pneumaatiline-mutrikeeraja-otse.png\",\"datePublished\":\"2017-11-22T08:53:05+00:00\",\"dateModified\":\"2017-11-22T09:00:48+00:00\",\"description\":\"Pneumaatiline mutrikeeraja otse\",\"breadcrumb\":{\"@id\":\"https:\\\/\\\/www.mazam.eu\\\/tooted\\\/pneumaatilised-tooriistad\\\/pneumaatiline-mutrikeeraja\\\/#breadcrumb\"},\"inLanguage\":\"ru-RU\",\"potentialAction\":[{\"@type\":\"ReadAction\",\"target\":[\"https:\\\/\\\/www.mazam.eu\\\/tooted\\\/pneumaatilised-tooriistad\\\/pneumaatiline-mutrikeeraja\\\/\"]}]},{\"@type\":\"ImageObject\",\"inLanguage\":\"ru-RU\",\"@id\":\"https:\\\/\\\/www.mazam.eu\\\/tooted\\\/pneumaatilised-tooriistad\\\/pneumaatiline-mutrikeeraja\\\/#primaryimage\",\"url\":\"http:\\\/\\\/www.mazam.eu\\\/wp-content\\\/uploads\\\/2017\\\/11\\\/pneumaatiline-mutrikeeraja-otse.png\",\"contentUrl\":\"http:\\\/\\\/www.mazam.eu\\\/wp-content\\\/uploads\\\/2017\\\/11\\\/pneumaatiline-mutrikeeraja-otse.png\"},{\"@type\":\"BreadcrumbList\",\"@id\":\"https:\\\/\\\/www.mazam.eu\\\/tooted\\\/pneumaatilised-tooriistad\\\/pneumaatiline-mutrikeeraja\\\/#breadcrumb\",\"itemListElement\":[{\"@type\":\"ListItem\",\"position\":1,\"name\":\"Home\",\"item\":\"https:\\\/\\\/www.mazam.eu\\\/\"},{\"@type\":\"ListItem\",\"position\":2,\"name\":\"Tooted\",\"item\":\"https:\\\/\\\/www.mazam.eu\\\/tooted\\\/\"},{\"@type\":\"ListItem\",\"position\":3,\"name\":\"Pneumaatilised t\u00f6\u00f6riistad\",\"item\":\"https:\\\/\\\/www.mazam.eu\\\/tooted\\\/pneumaatilised-tooriistad\\\/\"},{\"@type\":\"ListItem\",\"position\":4,\"name\":\"pneumaatiline mutrikeeraja otse\"}]},{\"@type\":\"WebSite\",\"@id\":\"https:\\\/\\\/www.mazam.eu\\\/#website\",\"url\":\"https:\\\/\\\/www.mazam.eu\\\/\",\"name\":\"Mazam O&Uuml; | T&otilde;ste- ja koormakinnitusvahendite tootmine ja m&uuml;&uuml;k (2014 - 2026) - linttropp &bull; koormarihm &bull; ringt&otilde;stev&ouml;&ouml; &bull; terastross &bull; kett-tropp &bull; vints &bull; t&otilde;stemagnet jpm.\",\"description\":\"T&otilde;ste- ja kinnituslahendused | Lifting- and lashing solutions\",\"publisher\":{\"@id\":\"https:\\\/\\\/www.mazam.eu\\\/#organization\"},\"potentialAction\":[{\"@type\":\"SearchAction\",\"target\":{\"@type\":\"EntryPoint\",\"urlTemplate\":\"https:\\\/\\\/www.mazam.eu\\\/?s={search_term_string}\"},\"query-input\":{\"@type\":\"PropertyValueSpecification\",\"valueRequired\":true,\"valueName\":\"search_term_string\"}}],\"inLanguage\":\"ru-RU\"},{\"@type\":\"Organization\",\"@id\":\"https:\\\/\\\/www.mazam.eu\\\/#organization\",\"name\":\"Mazam O\u00dc\",\"url\":\"https:\\\/\\\/www.mazam.eu\\\/\",\"logo\":{\"@type\":\"ImageObject\",\"inLanguage\":\"ru-RU\",\"@id\":\"https:\\\/\\\/www.mazam.eu\\\/#\\\/schema\\\/logo\\\/image\\\/\",\"url\":\"https:\\\/\\\/www.mazam.eu\\\/wp-content\\\/uploads\\\/2015\\\/10\\\/mazam-logo-linttropp-koormarihm-t\u00f5stev\u00f6\u00f6.png\",\"contentUrl\":\"https:\\\/\\\/www.mazam.eu\\\/wp-content\\\/uploads\\\/2015\\\/10\\\/mazam-logo-linttropp-koormarihm-t\u00f5stev\u00f6\u00f6.png\",\"width\":190,\"height\":70,\"caption\":\"Mazam O\u00dc\"},\"image\":{\"@id\":\"https:\\\/\\\/www.mazam.eu\\\/#\\\/schema\\\/logo\\\/image\\\/\"}}]}<\/script>\n<!-- \/ Yoast SEO plugin. -->","yoast_head_json":{"title":"PNEUMAATILINE MUTRIKEERAJA OTSE - Mazam O\u00dc","description":"Pneumaatiline mutrikeeraja otse","robots":{"index":"index","follow":"follow","max-snippet":"max-snippet:-1","max-image-preview":"max-image-preview:large","max-video-preview":"max-video-preview:-1"},"canonical":"https:\/\/www.mazam.eu\/ru\/produkty\/pneumaatilised-tooriistad\/pneumaatiline-mutrikeeraja\/","og_locale":"ru_RU","og_type":"article","og_title":"PNEUMAATILINE MUTRIKEERAJA OTSE - Mazam O\u00dc","og_description":"Pneumaatiline mutrikeeraja otse","og_url":"https:\/\/www.mazam.eu\/ru\/produkty\/pneumaatilised-tooriistad\/pneumaatiline-mutrikeeraja\/","og_site_name":"Mazam O&Uuml; | T&otilde;ste- ja koormakinnitusvahendite tootmine ja m&uuml;&uuml;k (2014 - 2026) - linttropp &bull; koormarihm &bull; ringt&otilde;stev&ouml;&ouml; &bull; terastross &bull; kett-tropp &bull; vints &bull; t&otilde;stemagnet jpm.","article_modified_time":"2017-11-22T09:00:48+00:00","og_image":[{"url":"http:\/\/www.mazam.eu\/wp-content\/uploads\/2017\/11\/pneumaatiline-mutrikeeraja-otse.png","type":"","width":"","height":""}],"twitter_card":"summary_large_image","twitter_misc":{"\u041f\u0440\u0438\u043c\u0435\u0440\u043d\u043e\u0435 \u0432\u0440\u0435\u043c\u044f \u0434\u043b\u044f \u0447\u0442\u0435\u043d\u0438\u044f":"1 \u043c\u0438\u043d\u0443\u0442\u0430"},"schema":{"@context":"https:\/\/schema.org","@graph":[{"@type":"WebPage","@id":"https:\/\/www.mazam.eu\/tooted\/pneumaatilised-tooriistad\/pneumaatiline-mutrikeeraja\/","url":"https:\/\/www.mazam.eu\/tooted\/pneumaatilised-tooriistad\/pneumaatiline-mutrikeeraja\/","name":"PNEUMAATILINE MUTRIKEERAJA OTSE - Mazam O\u00dc","isPartOf":{"@id":"https:\/\/www.mazam.eu\/#website"},"primaryImageOfPage":{"@id":"https:\/\/www.mazam.eu\/tooted\/pneumaatilised-tooriistad\/pneumaatiline-mutrikeeraja\/#primaryimage"},"image":{"@id":"https:\/\/www.mazam.eu\/tooted\/pneumaatilised-tooriistad\/pneumaatiline-mutrikeeraja\/#primaryimage"},"thumbnailUrl":"http:\/\/www.mazam.eu\/wp-content\/uploads\/2017\/11\/pneumaatiline-mutrikeeraja-otse.png","datePublished":"2017-11-22T08:53:05+00:00","dateModified":"2017-11-22T09:00:48+00:00","description":"Pneumaatiline mutrikeeraja otse","breadcrumb":{"@id":"https:\/\/www.mazam.eu\/tooted\/pneumaatilised-tooriistad\/pneumaatiline-mutrikeeraja\/#breadcrumb"},"inLanguage":"ru-RU","potentialAction":[{"@type":"ReadAction","target":["https:\/\/www.mazam.eu\/tooted\/pneumaatilised-tooriistad\/pneumaatiline-mutrikeeraja\/"]}]},{"@type":"ImageObject","inLanguage":"ru-RU","@id":"https:\/\/www.mazam.eu\/tooted\/pneumaatilised-tooriistad\/pneumaatiline-mutrikeeraja\/#primaryimage","url":"http:\/\/www.mazam.eu\/wp-content\/uploads\/2017\/11\/pneumaatiline-mutrikeeraja-otse.png","contentUrl":"http:\/\/www.mazam.eu\/wp-content\/uploads\/2017\/11\/pneumaatiline-mutrikeeraja-otse.png"},{"@type":"BreadcrumbList","@id":"https:\/\/www.mazam.eu\/tooted\/pneumaatilised-tooriistad\/pneumaatiline-mutrikeeraja\/#breadcrumb","itemListElement":[{"@type":"ListItem","position":1,"name":"Home","item":"https:\/\/www.mazam.eu\/"},{"@type":"ListItem","position":2,"name":"Tooted","item":"https:\/\/www.mazam.eu\/tooted\/"},{"@type":"ListItem","position":3,"name":"Pneumaatilised t\u00f6\u00f6riistad","item":"https:\/\/www.mazam.eu\/tooted\/pneumaatilised-tooriistad\/"},{"@type":"ListItem","position":4,"name":"pneumaatiline mutrikeeraja otse"}]},{"@type":"WebSite","@id":"https:\/\/www.mazam.eu\/#website","url":"https:\/\/www.mazam.eu\/","name":"Mazam O\u00dc | \u041f\u0440\u043e\u0438\u0437\u0432\u043e\u0434\u0441\u0442\u0432\u043e \u0438 \u043f\u0440\u043e\u0434\u0430\u0436\u0430 \u043f\u043e\u0434\u044a\u0435\u043c\u043d\u043e-\u0442\u0440\u0430\u043d\u0441\u043f\u043e\u0440\u0442\u043d\u043e\u0433\u043e \u043e\u0431\u043e\u0440\u0443\u0434\u043e\u0432\u0430\u043d\u0438\u044f (2014 - 2026) - \u043b\u0438\u043d\u0442\u0440\u0443\u043f\u0430 - \u0433\u0440\u0443\u0437\u043e\u0432\u043e\u0439 \u0440\u0435\u043c\u0435\u043d\u044c - \u0442\u0430\u043b\u0435\u0432\u044b\u0439 \u0440\u0435\u043c\u0435\u043d\u044c - \u0441\u0442\u0430\u043b\u044c\u043d\u043e\u0439 \u043a\u0430\u043d\u0430\u0442 - \u0446\u0435\u043f\u043d\u043e\u0439 \u0442\u0430\u043b\u0440\u0435\u043f - \u043b\u0435\u0431\u0435\u0434\u043a\u0430 - \u043f\u043e\u0434\u044a\u0435\u043c\u043d\u044b\u0439 \u043c\u0430\u0433\u043d\u0438\u0442 \u0438 \u0442.\u0434.","description":"\u0420\u0435\u0448\u0435\u043d\u0438\u044f \u0434\u043b\u044f \u043f\u043e\u0434\u044a\u0435\u043c\u0430 \u0438 \u043a\u0440\u0435\u043f\u043b\u0435\u043d\u0438\u044f | \u0420\u0435\u0448\u0435\u043d\u0438\u044f \u0434\u043b\u044f \u043f\u043e\u0434\u044a\u0435\u043c\u0430 \u0438 \u043a\u0440\u0435\u043f\u043b\u0435\u043d\u0438\u044f","publisher":{"@id":"https:\/\/www.mazam.eu\/#organization"},"potentialAction":[{"@type":"SearchAction","target":{"@type":"EntryPoint","urlTemplate":"https:\/\/www.mazam.eu\/?s={search_term_string}"},"query-input":{"@type":"PropertyValueSpecification","valueRequired":true,"valueName":"search_term_string"}}],"inLanguage":"ru-RU"},{"@type":"Organization","@id":"https:\/\/www.mazam.eu\/#organization","name":"Mazam O\u00dc","url":"https:\/\/www.mazam.eu\/","logo":{"@type":"ImageObject","inLanguage":"ru-RU","@id":"https:\/\/www.mazam.eu\/#\/schema\/logo\/image\/","url":"https:\/\/www.mazam.eu\/wp-content\/uploads\/2015\/10\/mazam-logo-linttropp-koormarihm-t\u00f5stev\u00f6\u00f6.png","contentUrl":"https:\/\/www.mazam.eu\/wp-content\/uploads\/2015\/10\/mazam-logo-linttropp-koormarihm-t\u00f5stev\u00f6\u00f6.png","width":190,"height":70,"caption":"Mazam O\u00dc"},"image":{"@id":"https:\/\/www.mazam.eu\/#\/schema\/logo\/image\/"}}]}},"_links":{"self":[{"href":"https:\/\/www.mazam.eu\/ru\/wp-json\/wp\/v2\/pages\/2439","targetHints":{"allow":["GET"]}}],"collection":[{"href":"https:\/\/www.mazam.eu\/ru\/wp-json\/wp\/v2\/pages"}],"about":[{"href":"https:\/\/www.mazam.eu\/ru\/wp-json\/wp\/v2\/types\/page"}],"author":[{"embeddable":true,"href":"https:\/\/www.mazam.eu\/ru\/wp-json\/wp\/v2\/users\/1"}],"replies":[{"embeddable":true,"href":"https:\/\/www.mazam.eu\/ru\/wp-json\/wp\/v2\/comments?post=2439"}],"version-history":[{"count":4,"href":"https:\/\/www.mazam.eu\/ru\/wp-json\/wp\/v2\/pages\/2439\/revisions"}],"predecessor-version":[{"id":2444,"href":"https:\/\/www.mazam.eu\/ru\/wp-json\/wp\/v2\/pages\/2439\/revisions\/2444"}],"up":[{"embeddable":true,"href":"https:\/\/www.mazam.eu\/ru\/wp-json\/wp\/v2\/pages\/2400"}],"wp:attachment":[{"href":"https:\/\/www.mazam.eu\/ru\/wp-json\/wp\/v2\/media?parent=2439"}],"curies":[{"name":"wp","href":"https:\/\/api.w.org\/{rel}","templated":true}]}}