{"id":2567,"date":"2018-02-10T17:47:43","date_gmt":"2018-02-10T17:47:43","guid":{"rendered":"http:\/\/www.mazam.eu\/?page_id=2567"},"modified":"2025-02-22T16:42:45","modified_gmt":"2025-02-22T16:42:45","slug":"%d1%82%d0%b5%d0%bb%d0%b5%d0%b6%d0%ba%d0%b8-%d0%b4%d0%bb%d1%8f-%d0%bf%d0%b5%d1%80%d0%b5%d0%bc%d0%b5%d1%89%d0%b5%d0%bd%d0%b8%d1%8f-%d1%82%d0%b0%d0%bb%d0%b5%d0%b9","status":"publish","type":"page","link":"https:\/\/www.mazam.eu\/ru\/tooted\/mehaanilised-siirdevankrid-i-talale\/","title":{"rendered":"\u0422\u0435\u043b\u0435\u0436\u043a\u0438 \u0434\u043b\u044f \u043f\u0435\u0440\u0435\u043c\u0435\u0449\u0435\u043d\u0438\u044f \u0442\u0430\u043b\u0435\u0439"},"content":{"rendered":"<div class='epvc-post-count'><span class='epvc-eye'><\/span>  <span class=\"epvc-count\"> 4&nbsp;080<\/span><span class='epvc-label'> \u043f\u0440\u043e\u0441\u043c\u043e\u0442\u0440<\/span><\/div><p><span style=\"color: #ffffff;\">\u041c\u0435\u0445\u0430\u043d\u0438\u0447\u0435\u0441\u043a\u0438\u0435 \u043f\u0435\u0440\u0435\u0434\u0430\u0442\u043e\u0447\u043d\u044b\u0435 \u043c\u0430\u0448\u0438\u043d\u044b \u0434\u043b\u044f \u0434\u0432\u0443\u0442\u0430\u0432\u0440\u043e\u0432\u044b\u0445 \u0431\u0430\u043b\u043e\u043a<\/span><br \/>\n<strong>\u0418\u0441\u043f\u043e\u043b\u044c\u0437\u043e\u0432\u0430\u043d\u0438\u0435 - <span style=\"color: #0000ff;\"><a style=\"color: #0000ff;\" href=\"https:\/\/www.mazam.eu\/ru\/produkty\/%d1%86%d0%b5%d0%bf%d0%bd%d0%b0%d1%8f-%d0%bf%d0%be%d1%87%d1%82%d0%b0-%d0%b8-%d0%b2%d0%be%d1%80%d1%81%d0%be%d0%b2%d1%8b%d0%b5-%d1%82%d0%ba%d0%b0%d0%bd%d0%b8\/\" target=\"_blank\" rel=\"noopener\"><span style=\"text-decoration: underline;\">\u041c\u0435\u0445\u0430\u043d\u0438\u0447\u0435\u0441\u043a\u0438\u0435 \u0446\u0435\u043f\u043d\u044b\u0435 \u0437\u0430\u043c\u043a\u0438<\/span><\/a><\/span>, <a href=\"https:\/\/www.mazam.eu\/ru\/produkty\/%d1%86%d0%b5%d0%bf%d0%bd%d0%b0%d1%8f-%d0%bf%d0%be%d1%87%d1%82%d0%b0-%d0%b8-%d0%b2%d0%be%d1%80%d1%81%d0%be%d0%b2%d1%8b%d0%b5-%d1%82%d0%ba%d0%b0%d0%bd%d0%b8\/\" target=\"_blank\" rel=\"noopener\"><span style=\"text-decoration: underline; color: #0000ff;\">\u043c\u0435\u0445\u0430\u043d\u0438\u0447\u0435\u0441\u043a\u0438\u0435 \u0440\u044b\u0447\u0430\u0433\u0438<\/span><\/a> \u0438\u043b\u0438 <a href=\"https:\/\/www.mazam.eu\/ru\/produkty\/%d1%82%d0%b0%d0%bb%d0%b8-%d1%8d%d0%bb%d0%b5%d0%ba%d1%82%d1%80%d0%b8%d1%87%d0%b5%d1%81%d0%ba%d0%b8%d0%b5-%d1%86%d0%b5%d0%bf%d0%bd%d1%8b%d0%b5\/\" target=\"_blank\" rel=\"noopener\"><span style=\"color: #0000ff;\"><span style=\"text-decoration: underline;\">\u044d\u043b\u0435\u043a\u0442\u0440\u0438\u0447\u0435\u0441\u043a\u0430\u044f \u0446\u0435\u043f\u044c<\/span><\/span><span style=\"text-decoration: underline;\"><span style=\"color: #0000ff; text-decoration: underline;\">a<\/span><\/span><span style=\"text-decoration: underline;\"><span style=\"color: #0000ff; text-decoration: underline;\">\u043b\u0438\u0434\u0430<\/span><\/span><\/a> \u0434\u043b\u044f \u043f\u0435\u0440\u0435\u043c\u0435\u0449\u0435\u043d\u0438\u044f I-\u043a\u0432\u0430\u0434\u0440\u0430\u0442\u043e\u0432 \u0438\u043b\u0438 H-\u043a\u0432\u0430\u0434\u0440\u0430\u0442\u043e\u0432.<br \/>\n\u0412 \u0442\u043e \u0432\u0440\u0435\u043c\u044f \u043a\u0430\u043a \u043c\u0435\u0445\u0430\u043d\u0438\u0447\u0435\u0441\u043a\u0443\u044e \u043f\u0435\u0440\u0435\u0434\u0430\u0442\u043e\u0447\u043d\u0443\u044e \u043a\u0430\u0440\u0435\u0442\u043a\u0443 \u043c\u043e\u0436\u043d\u043e \u043f\u0435\u0440\u0435\u043c\u0435\u0449\u0430\u0442\u044c, \u043f\u0440\u043e\u0441\u0442\u043e \u0442\u043e\u043b\u043a\u0430\u044f \u043f\u043e\u0434\u0432\u0435\u0448\u0435\u043d\u043d\u044b\u0439 \u043f\u0440\u043e\u0434\u0443\u043a\u0442, \u0446\u0435\u043f\u043d\u0430\u044f \u043f\u0435\u0440\u0435\u0434\u0430\u0442\u043e\u0447\u043d\u0430\u044f \u043a\u0430\u0440\u0435\u0442\u043a\u0430<br \/>\n\u0427\u0442\u043e\u0431\u044b \u0441\u0434\u0432\u0438\u043d\u0443\u0442\u044c \u0435\u0433\u043e \u0441 \u043c\u0435\u0441\u0442\u0430, \u043d\u0443\u0436\u043d\u043e \u043f\u043e\u0442\u044f\u043d\u0443\u0442\u044c \u0446\u0435\u043f\u044c \u0441\u0432\u0435\u0440\u0445\u0443 \u0432\u043d\u0438\u0437, \u0441 \u043e\u0434\u043d\u043e\u0439 \u0438\u043b\u0438 \u0441 \u0434\u0440\u0443\u0433\u043e\u0439 \u0441\u0442\u043e\u0440\u043e\u043d\u044b... \u0432 \u0437\u0430\u0432\u0438\u0441\u0438\u043c\u043e\u0441\u0442\u0438 \u043e\u0442 \u0442\u043e\u0433\u043e, \u043a\u0430\u043a \u0432\u044b \u0445\u043e\u0442\u0438\u0442\u0435,<br \/>\n\u0434\u043b\u044f \u043f\u0440\u0438\u0432\u0435\u0434\u0435\u043d\u0438\u044f \u0442\u0435\u043b\u0435\u0436\u043a\u0438 \u0432 \u0434\u0432\u0438\u0436\u0435\u043d\u0438\u0435. \u041a\u043e\u043b\u0435\u0441\u0430, \u0443\u0441\u0442\u0430\u043d\u043e\u0432\u043b\u0435\u043d\u043d\u044b\u0435 \u043d\u0430 \u043d\u0435\u043f\u043e\u0434\u0432\u0438\u0436\u043d\u044b\u0445 \u0448\u0430\u0440\u0438\u043a\u043e\u043f\u043e\u0434\u0448\u0438\u043f\u043d\u0438\u043a\u0430\u0445, \u043e\u0431\u0435\u0441\u043f\u0435\u0447\u0438\u0432\u0430\u044e\u0442 \u043f\u043b\u0430\u0432\u043d\u043e\u0435 \u0434\u0432\u0438\u0436\u0435\u043d\u0438\u0435.<br \/>\n\u0414\u043e\u043f\u0443\u0441\u0442\u0438\u043c\u0430\u044f \u0442\u0435\u043c\u043f\u0435\u0440\u0430\u0442\u0443\u0440\u0430 -40\u00b0C \u0434\u043e +80\u00b0C<br \/>\n\u0421\u043e\u043e\u0442\u0432\u0435\u0442\u0441\u0442\u0432\u0443\u0435\u0442 \u0442\u0440\u0435\u0431\u043e\u0432\u0430\u043d\u0438\u044f\u043c \u0414\u0438\u0440\u0435\u043a\u0442\u0438\u0432\u044b \u043f\u043e \u043c\u0430\u0448\u0438\u043d\u043d\u043e\u043c\u0443 \u043e\u0431\u043e\u0440\u0443\u0434\u043e\u0432\u0430\u043d\u0438\u044e 2006\/42\/EC.<br \/>\n\u041f\u0440\u043e\u0434\u0443\u043a\u0442\u044b \u0438\u043c\u0435\u0435\u0442 \u0441\u0435\u0440\u0442\u0438\u0444\u0438\u043a\u0430\u0442\u044b.<br \/>\n\u2014<br \/>\n<\/strong><em><strong>\u041d\u0430\u0436\u043c\u0438\u0442\u0435 \u043d\u0430 \u0438\u0437\u043e\u0431\u0440\u0430\u0436\u0435\u043d\u0438\u0435, \u0447\u0442\u043e\u0431\u044b \u0443\u0432\u0438\u0434\u0435\u0442\u044c \u0431\u043e\u043b\u0435\u0435 \u043f\u043e\u0434\u0440\u043e\u0431\u043d\u0443\u044e \u0438\u043d\u0444\u043e\u0440\u043c\u0430\u0446\u0438\u044e \u043e \u0442\u0440\u0430\u043d\u0441\u043f\u043e\u0440\u0442\u0435\u0440\u0430\u0445.<\/strong><\/em><\/p>\n<table style=\"width: 100%; border-collapse: collapse; border-style: hidden;\">\n<tbody>\n<tr>\n<td style=\"width: 50%; text-align: center;\">\n<p><figure id=\"attachment_10153\" aria-describedby=\"caption-attachment-10153\" style=\"width: 200px\" class=\"wp-caption aligncenter\"><a href=\"https:\/\/www.mazam.eu\/ru\/produkty\/%d0%bc%d0%b5%d1%85%d0%b0%d0%bd%d0%b8%d1%87%d0%b5%d1%81%d0%ba%d0%b8%d0%b9-%d1%82%d1%80%d0%b0%d0%bd%d1%81%d0%bf%d0%be%d1%80%d1%82%d0%b5%d1%80-i-talale\/\"><img loading=\"lazy\" decoding=\"async\" class=\"wp-image-10153 size-full\" src=\"https:\/\/www.mazam.eu\/wp-content\/uploads\/2025\/02\/mehaaniline-siirdevanker-I-talale-\u0442\u0435\u043b\u0435\u0436\u043a\u0430-\u0434\u043b\u044f-\u043f\u0435\u0440\u0435\u043c\u0435\u0449\u0435\u043d\u0438\u044f-\u0442\u0430\u043b\u0438-steel-beam-push-trolley-avatar.jpg\" alt=\"\u0422\u0435\u043b\u0435\u0436\u043a\u0430 \u0434\u043b\u044f \u043f\u0435\u0440\u0435\u043c\u0435\u0449\u0435\u043d\u0438\u044f \u0442\u0430\u043b\u0438\" width=\"200\" height=\"150\" data-id=\"10153\" \/><\/a><figcaption id=\"caption-attachment-10153\" class=\"wp-caption-text\">\u0422\u0435\u043b\u0435\u0436\u043a\u0430 \u0434\u043b\u044f \u043f\u0435\u0440\u0435\u043c\u0435\u0449\u0435\u043d\u0438\u044f \u0442\u0430\u043b\u0438<\/figcaption><\/figure><\/td>\n<td style=\"width: 50%; text-align: center;\">\n<p><figure id=\"attachment_10129\" aria-describedby=\"caption-attachment-10129\" style=\"width: 200px\" class=\"wp-caption aligncenter\"><a href=\"https:\/\/www.mazam.eu\/ru\/produkty\/%d0%bc%d0%b5%d1%85%d0%b0%d0%bd%d0%b8%d1%87%d0%b5%d1%81%d0%ba%d0%b8%d0%b9-%d1%82%d1%80%d0%b0%d0%bd%d1%81%d0%bf%d0%be%d1%80%d1%82%d0%b5%d1%80-i-beam-%d1%81-%d1%86%d0%b5%d0%bf%d0%bd%d0%be%d0%b9-%d0%bf\/\"><img loading=\"lazy\" decoding=\"async\" class=\"wp-image-10129 size-full\" src=\"https:\/\/www.mazam.eu\/wp-content\/uploads\/2025\/02\/mehaaniline-siirdevanker-I-talale-ketiga-\u0442\u0435\u043b\u0435\u0436\u043a\u0430-\u0434\u043b\u044f-\u0442\u0430\u043b\u0438-\u0441-\u043c\u0435\u0445\u0430\u043d\u0438\u0437\u043c\u043e\u043c-\u043f\u0435\u0440\u0435\u0434\u0432\u0438\u0436\u0435\u043d\u0438\u044f-geared-trolley-avatar-1.jpg\" alt=\"\u0422\u0435\u043b\u0435\u0436\u043a\u0430 \u0434\u043b\u044f \u043f\u0435\u0440\u0435\u043c\u0435\u0449\u0435\u043d\u0438\u044f \u0442\u0430\u043b\u0438 (\u0441 \u0446\u0435\u043f\u044c\u044e)\" width=\"200\" height=\"150\" data-id=\"10129\" \/><\/a><figcaption id=\"caption-attachment-10129\" class=\"wp-caption-text\">\u0422\u0435\u043b\u0435\u0436\u043a\u0430 \u0434\u043b\u044f \u043f\u0435\u0440\u0435\u043c\u0435\u0449\u0435\u043d\u0438\u044f \u0442\u0430\u043b\u0438 (\u0441 \u0446\u0435\u043f\u044c\u044e)<\/figcaption><\/figure><\/td>\n<\/tr>\n<tr>\n<td style=\"width: 50%; text-align: center;\">\n<p><figure id=\"attachment_10133\" aria-describedby=\"caption-attachment-10133\" style=\"width: 200px\" class=\"wp-caption aligncenter\"><a href=\"https:\/\/www.mazam.eu\/ru\/produkty\/%d0%bc%d0%b5%d1%85%d0%b0%d0%bd%d0%b8%d1%87%d0%b5%d1%81%d0%ba%d0%b8%d0%b9-%d1%82%d1%80%d0%b0%d0%bd%d1%81%d0%bf%d0%be%d1%80%d1%82%d0%b5%d1%80-i-%d0%b1%d0%b0%d0%bb%d0%ba%d0%b0-%d0%b8%d0%b7-%d0%bd%d0%b5\/\"><img loading=\"lazy\" decoding=\"async\" class=\"wp-image-10133 size-full\" src=\"https:\/\/www.mazam.eu\/wp-content\/uploads\/2025\/02\/mehaaniline-siirdevanker-I-talale-roostevaba-\u0442\u0435\u043b\u0435\u0436\u043a\u0430-\u0434\u043b\u044f-\u043f\u0435\u0440\u0435\u043c\u0435\u0449\u0435\u043d\u0438\u044f-\u0442\u0430\u043b\u0438-stainless-steel-push-trolley-avatar-1.jpg\" alt=\"\u0422\u0435\u043b\u0435\u0436\u043a\u0430 \u0434\u043b\u044f \u043f\u0435\u0440\u0435\u043c\u0435\u0449\u0435\u043d\u0438\u044f \u0442\u0430\u043b\u0438 (\u043d\u0435\u0440\u0436\u0430\u0432\u0435\u044e\u0449\u0430\u044f \u0441\u0442\u0430\u043b\u044c)\" width=\"200\" height=\"150\" data-id=\"10133\" \/><\/a><figcaption id=\"caption-attachment-10133\" class=\"wp-caption-text\">\u0422\u0435\u043b\u0435\u0436\u043a\u0430 \u0434\u043b\u044f \u043f\u0435\u0440\u0435\u043c\u0435\u0449\u0435\u043d\u0438\u044f \u0442\u0430\u043b\u0438 (\u043d\u0435\u0440\u0436\u0430\u0432\u0435\u044e\u0449\u0430\u044f \u0441\u0442\u0430\u043b\u044c)<\/figcaption><\/figure><\/td>\n<td style=\"width: 50%; text-align: center;\">\n<p><figure id=\"attachment_10139\" aria-describedby=\"caption-attachment-10139\" style=\"width: 200px\" class=\"wp-caption aligncenter\"><a href=\"https:\/\/www.mazam.eu\/ru\/produkty\/%d0%bc%d0%b5%d1%85%d0%b0%d0%bd%d0%b8%d1%87%d0%b5%d1%81%d0%ba%d0%b8%d0%b9-%d1%82%d1%80%d0%b0%d0%bd%d1%81%d0%bf%d0%be%d1%80%d1%82%d0%b5%d1%80-i-%d0%bb%d1%83%d1%87-%d1%87%d0%b5%d1%80%d0%bd%d1%8b%d0%b9\/\"><img loading=\"lazy\" decoding=\"async\" class=\"wp-image-10139 size-full\" src=\"https:\/\/www.mazam.eu\/wp-content\/uploads\/2025\/02\/mehaaniline-siirdevanker-I-talale-musta-varvi-\u0442\u0435\u043b\u0435\u0436\u043a\u0430-\u0434\u043b\u044f-\u043f\u0435\u0440\u0435\u043c\u0435\u0449\u0435\u043d\u0438\u044f-\u0442\u0430\u043b\u0438-\u0447\u0435\u0440\u043d\u043e\u0433\u043e-\u0446\u0432\u0435\u0442\u0430-steel-beam-push-trolley-black-color-avatar.jpg\" alt=\"\u0422\u0435\u043b\u0435\u0436\u043a\u0430 \u0434\u043b\u044f \u043f\u0435\u0440\u0435\u043c\u0435\u0449\u0435\u043d\u0438\u044f \u0442\u0430\u043b\u0438 (\u0447\u0435\u0440\u043d\u044b\u0439)\" width=\"200\" height=\"150\" data-id=\"10139\" \/><\/a><figcaption id=\"caption-attachment-10139\" class=\"wp-caption-text\">\u0422\u0435\u043b\u0435\u0436\u043a\u0430 \u0434\u043b\u044f \u043f\u0435\u0440\u0435\u043c\u0435\u0449\u0435\u043d\u0438\u044f \u0442\u0430\u043b\u0438 (\u0447\u0435\u0440\u043d\u044b\u0439)<\/figcaption><\/figure><\/td>\n<\/tr>\n<\/tbody>\n<\/table>\n<p>&nbsp;<\/p>\n<p>&nbsp;<\/p>","protected":false},"excerpt":{"rendered":"<p>4&nbsp;080 vaatamistmehaanilised siirdevankrid I-talale Kasutus &#8211; Mehaaniliste kett-talide, mehaaniliste kangtalide v\u00f5i elektriliste kett-talide liigutamiseks I-taladel v\u00f5i H-talade. Kui mehaanilise siirdevankri liigutamiseks tuleb lihtsalt rippuvat toodet kuhugipoole l\u00fckata, siis ketiga siirdevankri liigutamiseks tuleb k\u00e4siketti \u00fclevalt alla t\u00f5mmata, kas siis \u00fchelt poolt v\u00f5i teiselt poolt.. vastavalt kuhu poole soovitakse, et vanker liiguks. P\u00fcsim\u00e4\u00e4ritud kuullaagritele paigaldatud rattad v\u00f5imaldavad&#8230;<\/p>","protected":false},"author":1,"featured_media":0,"parent":5,"menu_order":0,"comment_status":"closed","ping_status":"closed","template":"","meta":{"_uf_show_specific_survey":0,"_uf_disable_surveys":false,"iawp_total_views":299,"footnotes":""},"class_list":["post-2567","page","type-page","status-publish","hentry"],"yoast_head":"<!-- This site is optimized with the Yoast SEO plugin v27.5 - https:\/\/yoast.com\/product\/yoast-seo-wordpress\/ -->\n<title>MEHAANILISED SIIRDEVANKRID I-talale - Mazam O\u00dc<\/title>\n<meta name=\"description\" content=\"Mehaanilised siirdevankrid I-talale - Mehaaniliste kett-talide v\u00f5i elektriliste kett-talide liigutamiseks I-taladel v\u00f5i H-talade. Kui..\" \/>\n<meta name=\"robots\" content=\"index, follow, max-snippet:-1, max-image-preview:large, max-video-preview:-1\" \/>\n<link rel=\"canonical\" href=\"https:\/\/www.mazam.eu\/ru\/produkty\/\u0442\u0435\u043b\u0435\u0436\u043a\u0438-\u0434\u043b\u044f-\u043f\u0435\u0440\u0435\u043c\u0435\u0449\u0435\u043d\u0438\u044f-\u0442\u0430\u043b\u0435\u0439\/\" \/>\n<meta property=\"og:locale\" content=\"ru_RU\" \/>\n<meta property=\"og:type\" content=\"article\" \/>\n<meta property=\"og:title\" content=\"MEHAANILISED SIIRDEVANKRID I-talale - Mazam O\u00dc\" \/>\n<meta property=\"og:description\" content=\"Mehaanilised siirdevankrid I-talale - Mehaaniliste kett-talide v\u00f5i elektriliste kett-talide liigutamiseks I-taladel v\u00f5i H-talade. Kui..\" \/>\n<meta property=\"og:url\" content=\"https:\/\/www.mazam.eu\/ru\/produkty\/\u0442\u0435\u043b\u0435\u0436\u043a\u0438-\u0434\u043b\u044f-\u043f\u0435\u0440\u0435\u043c\u0435\u0449\u0435\u043d\u0438\u044f-\u0442\u0430\u043b\u0435\u0439\/\" \/>\n<meta property=\"og:site_name\" content=\"Mazam O&Uuml; | T&otilde;ste- ja koormakinnitusvahendite tootmine ja m&uuml;&uuml;k (2014 - 2026) - linttropp &bull; koormarihm &bull; ringt&otilde;stev&ouml;&ouml; &bull; terastross &bull; kett-tropp &bull; vints &bull; t&otilde;stemagnet jpm.\" \/>\n<meta property=\"article:modified_time\" content=\"2025-02-22T16:42:45+00:00\" \/>\n<meta name=\"twitter:card\" content=\"summary_large_image\" \/>\n<meta name=\"twitter:label1\" content=\"\u041f\u0440\u0438\u043c\u0435\u0440\u043d\u043e\u0435 \u0432\u0440\u0435\u043c\u044f \u0434\u043b\u044f \u0447\u0442\u0435\u043d\u0438\u044f\" \/>\n\t<meta name=\"twitter:data1\" content=\"2 \u043c\u0438\u043d\u0443\u0442\u044b\" \/>\n<script type=\"application\/ld+json\" class=\"yoast-schema-graph\">{\"@context\":\"https:\\\/\\\/schema.org\",\"@graph\":[{\"@type\":\"WebPage\",\"@id\":\"https:\\\/\\\/www.mazam.eu\\\/tooted\\\/mehaanilised-siirdevankrid-i-talale\\\/\",\"url\":\"https:\\\/\\\/www.mazam.eu\\\/tooted\\\/mehaanilised-siirdevankrid-i-talale\\\/\",\"name\":\"MEHAANILISED SIIRDEVANKRID I-talale - Mazam O\u00dc\",\"isPartOf\":{\"@id\":\"https:\\\/\\\/www.mazam.eu\\\/#website\"},\"datePublished\":\"2018-02-10T17:47:43+00:00\",\"dateModified\":\"2025-02-22T16:42:45+00:00\",\"description\":\"Mehaanilised siirdevankrid I-talale - Mehaaniliste kett-talide v\u00f5i elektriliste kett-talide liigutamiseks I-taladel v\u00f5i H-talade. Kui..\",\"breadcrumb\":{\"@id\":\"https:\\\/\\\/www.mazam.eu\\\/tooted\\\/mehaanilised-siirdevankrid-i-talale\\\/#breadcrumb\"},\"inLanguage\":\"ru-RU\",\"potentialAction\":[{\"@type\":\"ReadAction\",\"target\":[\"https:\\\/\\\/www.mazam.eu\\\/tooted\\\/mehaanilised-siirdevankrid-i-talale\\\/\"]}]},{\"@type\":\"BreadcrumbList\",\"@id\":\"https:\\\/\\\/www.mazam.eu\\\/tooted\\\/mehaanilised-siirdevankrid-i-talale\\\/#breadcrumb\",\"itemListElement\":[{\"@type\":\"ListItem\",\"position\":1,\"name\":\"Home\",\"item\":\"https:\\\/\\\/www.mazam.eu\\\/\"},{\"@type\":\"ListItem\",\"position\":2,\"name\":\"Tooted\",\"item\":\"https:\\\/\\\/www.mazam.eu\\\/tooted\\\/\"},{\"@type\":\"ListItem\",\"position\":3,\"name\":\"Mehaanilised siirdevankrid I-talale\"}]},{\"@type\":\"WebSite\",\"@id\":\"https:\\\/\\\/www.mazam.eu\\\/#website\",\"url\":\"https:\\\/\\\/www.mazam.eu\\\/\",\"name\":\"Mazam O&Uuml; | T&otilde;ste- ja koormakinnitusvahendite tootmine ja m&uuml;&uuml;k (2014 - 2026) - linttropp &bull; koormarihm &bull; ringt&otilde;stev&ouml;&ouml; &bull; terastross &bull; kett-tropp &bull; vints &bull; t&otilde;stemagnet jpm.\",\"description\":\"T&otilde;ste- ja kinnituslahendused | Lifting- and lashing solutions\",\"publisher\":{\"@id\":\"https:\\\/\\\/www.mazam.eu\\\/#organization\"},\"potentialAction\":[{\"@type\":\"SearchAction\",\"target\":{\"@type\":\"EntryPoint\",\"urlTemplate\":\"https:\\\/\\\/www.mazam.eu\\\/?s={search_term_string}\"},\"query-input\":{\"@type\":\"PropertyValueSpecification\",\"valueRequired\":true,\"valueName\":\"search_term_string\"}}],\"inLanguage\":\"ru-RU\"},{\"@type\":\"Organization\",\"@id\":\"https:\\\/\\\/www.mazam.eu\\\/#organization\",\"name\":\"Mazam O\u00dc\",\"url\":\"https:\\\/\\\/www.mazam.eu\\\/\",\"logo\":{\"@type\":\"ImageObject\",\"inLanguage\":\"ru-RU\",\"@id\":\"https:\\\/\\\/www.mazam.eu\\\/#\\\/schema\\\/logo\\\/image\\\/\",\"url\":\"https:\\\/\\\/www.mazam.eu\\\/wp-content\\\/uploads\\\/2015\\\/10\\\/mazam-logo-linttropp-koormarihm-t\u00f5stev\u00f6\u00f6.png\",\"contentUrl\":\"https:\\\/\\\/www.mazam.eu\\\/wp-content\\\/uploads\\\/2015\\\/10\\\/mazam-logo-linttropp-koormarihm-t\u00f5stev\u00f6\u00f6.png\",\"width\":190,\"height\":70,\"caption\":\"Mazam O\u00dc\"},\"image\":{\"@id\":\"https:\\\/\\\/www.mazam.eu\\\/#\\\/schema\\\/logo\\\/image\\\/\"}}]}<\/script>\n<!-- \/ Yoast SEO plugin. -->","yoast_head_json":{"title":"\u0422\u0435\u043b\u0435\u0436\u043a\u0438 \u0434\u043b\u044f \u043f\u0435\u0440\u0435\u043c\u0435\u0449\u0435\u043d\u0438\u044f \u0442\u0430\u043b\u0435\u0439 - Mazam O\u00dc","description":"\u0422\u0435\u043b\u0435\u0436\u043a\u0438 \u0434\u043b\u044f \u043f\u0435\u0440\u0435\u043c\u0435\u0449\u0435\u043d\u0438\u044f \u0442\u0430\u043b\u0435\u0439 - \u0414\u043b\u044f \u043f\u0435\u0440\u0435\u043c\u0435\u0449\u0435\u043d\u0438\u044f \u043c\u0435\u0445\u0430\u043d\u0438\u0447\u0435\u0441\u043a\u0438\u0445 \u0446\u0435\u043f\u043d\u044b\u0445 \u043f\u043e\u0440\u0442\u0430\u043b\u043e\u0432 \u0438\u043b\u0438 \u044d\u043b\u0435\u043a\u0442\u0440\u0438\u0447\u0435\u0441\u043a\u0438\u0445 \u0446\u0435\u043f\u043d\u044b\u0445 \u043f\u043e\u0440\u0442\u0430\u043b\u043e\u0432 \u043f\u043e \u0434\u0432\u0443\u0442\u0430\u0432\u0440\u043e\u0432\u044b\u043c \u0438\u043b\u0438 \u0434\u0432\u0443\u0442\u0430\u0432\u0440\u043e\u0432\u044b\u043c \u0431\u0430\u043b\u043a\u0430\u043c. \u041a\u043e\u0433\u0434\u0430...","robots":{"index":"index","follow":"follow","max-snippet":"max-snippet:-1","max-image-preview":"max-image-preview:large","max-video-preview":"max-video-preview:-1"},"canonical":"https:\/\/www.mazam.eu\/ru\/produkty\/\u0442\u0435\u043b\u0435\u0436\u043a\u0438-\u0434\u043b\u044f-\u043f\u0435\u0440\u0435\u043c\u0435\u0449\u0435\u043d\u0438\u044f-\u0442\u0430\u043b\u0435\u0439\/","og_locale":"ru_RU","og_type":"article","og_title":"MEHAANILISED SIIRDEVANKRID I-talale - Mazam O\u00dc","og_description":"Mehaanilised siirdevankrid I-talale - Mehaaniliste kett-talide v\u00f5i elektriliste kett-talide liigutamiseks I-taladel v\u00f5i H-talade. Kui..","og_url":"https:\/\/www.mazam.eu\/ru\/produkty\/\u0442\u0435\u043b\u0435\u0436\u043a\u0438-\u0434\u043b\u044f-\u043f\u0435\u0440\u0435\u043c\u0435\u0449\u0435\u043d\u0438\u044f-\u0442\u0430\u043b\u0435\u0439\/","og_site_name":"Mazam O&Uuml; | T&otilde;ste- ja koormakinnitusvahendite tootmine ja m&uuml;&uuml;k (2014 - 2026) - linttropp &bull; koormarihm &bull; ringt&otilde;stev&ouml;&ouml; &bull; terastross &bull; kett-tropp &bull; vints &bull; t&otilde;stemagnet jpm.","article_modified_time":"2025-02-22T16:42:45+00:00","twitter_card":"summary_large_image","twitter_misc":{"\u041f\u0440\u0438\u043c\u0435\u0440\u043d\u043e\u0435 \u0432\u0440\u0435\u043c\u044f \u0434\u043b\u044f \u0447\u0442\u0435\u043d\u0438\u044f":"2 \u043c\u0438\u043d\u0443\u0442\u044b"},"schema":{"@context":"https:\/\/schema.org","@graph":[{"@type":"WebPage","@id":"https:\/\/www.mazam.eu\/tooted\/mehaanilised-siirdevankrid-i-talale\/","url":"https:\/\/www.mazam.eu\/tooted\/mehaanilised-siirdevankrid-i-talale\/","name":"\u0422\u0435\u043b\u0435\u0436\u043a\u0438 \u0434\u043b\u044f \u043f\u0435\u0440\u0435\u043c\u0435\u0449\u0435\u043d\u0438\u044f \u0442\u0430\u043b\u0435\u0439 - Mazam O\u00dc","isPartOf":{"@id":"https:\/\/www.mazam.eu\/#website"},"datePublished":"2018-02-10T17:47:43+00:00","dateModified":"2025-02-22T16:42:45+00:00","description":"\u0422\u0435\u043b\u0435\u0436\u043a\u0438 \u0434\u043b\u044f \u043f\u0435\u0440\u0435\u043c\u0435\u0449\u0435\u043d\u0438\u044f \u0442\u0430\u043b\u0435\u0439 - \u0414\u043b\u044f \u043f\u0435\u0440\u0435\u043c\u0435\u0449\u0435\u043d\u0438\u044f \u043c\u0435\u0445\u0430\u043d\u0438\u0447\u0435\u0441\u043a\u0438\u0445 \u0446\u0435\u043f\u043d\u044b\u0445 \u043f\u043e\u0440\u0442\u0430\u043b\u043e\u0432 \u0438\u043b\u0438 \u044d\u043b\u0435\u043a\u0442\u0440\u0438\u0447\u0435\u0441\u043a\u0438\u0445 \u0446\u0435\u043f\u043d\u044b\u0445 \u043f\u043e\u0440\u0442\u0430\u043b\u043e\u0432 \u043f\u043e \u0434\u0432\u0443\u0442\u0430\u0432\u0440\u043e\u0432\u044b\u043c \u0438\u043b\u0438 \u0434\u0432\u0443\u0442\u0430\u0432\u0440\u043e\u0432\u044b\u043c \u0431\u0430\u043b\u043a\u0430\u043c. \u041a\u043e\u0433\u0434\u0430...","breadcrumb":{"@id":"https:\/\/www.mazam.eu\/tooted\/mehaanilised-siirdevankrid-i-talale\/#breadcrumb"},"inLanguage":"ru-RU","potentialAction":[{"@type":"ReadAction","target":["https:\/\/www.mazam.eu\/tooted\/mehaanilised-siirdevankrid-i-talale\/"]}]},{"@type":"BreadcrumbList","@id":"https:\/\/www.mazam.eu\/tooted\/mehaanilised-siirdevankrid-i-talale\/#breadcrumb","itemListElement":[{"@type":"ListItem","position":1,"name":"Home","item":"https:\/\/www.mazam.eu\/"},{"@type":"ListItem","position":2,"name":"Tooted","item":"https:\/\/www.mazam.eu\/tooted\/"},{"@type":"ListItem","position":3,"name":"Mehaanilised siirdevankrid I-talale"}]},{"@type":"WebSite","@id":"https:\/\/www.mazam.eu\/#website","url":"https:\/\/www.mazam.eu\/","name":"Mazam O\u00dc | \u041f\u0440\u043e\u0438\u0437\u0432\u043e\u0434\u0441\u0442\u0432\u043e \u0438 \u043f\u0440\u043e\u0434\u0430\u0436\u0430 \u043f\u043e\u0434\u044a\u0435\u043c\u043d\u043e-\u0442\u0440\u0430\u043d\u0441\u043f\u043e\u0440\u0442\u043d\u043e\u0433\u043e \u043e\u0431\u043e\u0440\u0443\u0434\u043e\u0432\u0430\u043d\u0438\u044f (2014 - 2026) - \u043b\u0438\u043d\u0442\u0440\u0443\u043f\u0430 - \u0433\u0440\u0443\u0437\u043e\u0432\u043e\u0439 \u0440\u0435\u043c\u0435\u043d\u044c - \u0442\u0430\u043b\u0435\u0432\u044b\u0439 \u0440\u0435\u043c\u0435\u043d\u044c - \u0441\u0442\u0430\u043b\u044c\u043d\u043e\u0439 \u043a\u0430\u043d\u0430\u0442 - \u0446\u0435\u043f\u043d\u043e\u0439 \u0442\u0430\u043b\u0440\u0435\u043f - \u043b\u0435\u0431\u0435\u0434\u043a\u0430 - \u043f\u043e\u0434\u044a\u0435\u043c\u043d\u044b\u0439 \u043c\u0430\u0433\u043d\u0438\u0442 \u0438 \u0442.\u0434.","description":"\u0420\u0435\u0448\u0435\u043d\u0438\u044f \u0434\u043b\u044f \u043f\u043e\u0434\u044a\u0435\u043c\u0430 \u0438 \u043a\u0440\u0435\u043f\u043b\u0435\u043d\u0438\u044f | \u0420\u0435\u0448\u0435\u043d\u0438\u044f \u0434\u043b\u044f \u043f\u043e\u0434\u044a\u0435\u043c\u0430 \u0438 \u043a\u0440\u0435\u043f\u043b\u0435\u043d\u0438\u044f","publisher":{"@id":"https:\/\/www.mazam.eu\/#organization"},"potentialAction":[{"@type":"SearchAction","target":{"@type":"EntryPoint","urlTemplate":"https:\/\/www.mazam.eu\/?s={search_term_string}"},"query-input":{"@type":"PropertyValueSpecification","valueRequired":true,"valueName":"search_term_string"}}],"inLanguage":"ru-RU"},{"@type":"Organization","@id":"https:\/\/www.mazam.eu\/#organization","name":"Mazam O\u00dc","url":"https:\/\/www.mazam.eu\/","logo":{"@type":"ImageObject","inLanguage":"ru-RU","@id":"https:\/\/www.mazam.eu\/#\/schema\/logo\/image\/","url":"https:\/\/www.mazam.eu\/wp-content\/uploads\/2015\/10\/mazam-logo-linttropp-koormarihm-t\u00f5stev\u00f6\u00f6.png","contentUrl":"https:\/\/www.mazam.eu\/wp-content\/uploads\/2015\/10\/mazam-logo-linttropp-koormarihm-t\u00f5stev\u00f6\u00f6.png","width":190,"height":70,"caption":"Mazam O\u00dc"},"image":{"@id":"https:\/\/www.mazam.eu\/#\/schema\/logo\/image\/"}}]}},"_links":{"self":[{"href":"https:\/\/www.mazam.eu\/ru\/wp-json\/wp\/v2\/pages\/2567","targetHints":{"allow":["GET"]}}],"collection":[{"href":"https:\/\/www.mazam.eu\/ru\/wp-json\/wp\/v2\/pages"}],"about":[{"href":"https:\/\/www.mazam.eu\/ru\/wp-json\/wp\/v2\/types\/page"}],"author":[{"embeddable":true,"href":"https:\/\/www.mazam.eu\/ru\/wp-json\/wp\/v2\/users\/1"}],"replies":[{"embeddable":true,"href":"https:\/\/www.mazam.eu\/ru\/wp-json\/wp\/v2\/comments?post=2567"}],"version-history":[{"count":51,"href":"https:\/\/www.mazam.eu\/ru\/wp-json\/wp\/v2\/pages\/2567\/revisions"}],"predecessor-version":[{"id":10158,"href":"https:\/\/www.mazam.eu\/ru\/wp-json\/wp\/v2\/pages\/2567\/revisions\/10158"}],"up":[{"embeddable":true,"href":"https:\/\/www.mazam.eu\/ru\/wp-json\/wp\/v2\/pages\/5"}],"wp:attachment":[{"href":"https:\/\/www.mazam.eu\/ru\/wp-json\/wp\/v2\/media?parent=2567"}],"curies":[{"name":"wp","href":"https:\/\/api.w.org\/{rel}","templated":true}]}}