{"id":2603,"date":"2018-03-18T13:23:35","date_gmt":"2018-03-18T13:23:35","guid":{"rendered":"http:\/\/www.mazam.eu\/?page_id=2603"},"modified":"2025-04-14T05:36:49","modified_gmt":"2025-04-14T05:36:49","slug":"%d0%bf%d0%be%d0%b4%d1%8a%d0%b5%d0%bc%d0%bd%d1%8b%d0%b5-%d0%bc%d0%b0%d0%b3%d0%bd%d0%b8%d1%82%d1%8b","status":"publish","type":"page","link":"https:\/\/www.mazam.eu\/ru\/tooted\/tostemagnetid\/","title":{"rendered":"\u041f\u043e\u0434\u044a\u0435\u043c\u043d\u044b\u0435 \u043c\u0430\u0433\u043d\u0438\u0442\u044b"},"content":{"rendered":"<div class='epvc-post-count'><span class='epvc-eye'><\/span>  <span class=\"epvc-count\"> 4&nbsp;731<\/span><span class='epvc-label'> \u043f\u0440\u043e\u0441\u043c\u043e\u0442\u0440<\/span><\/div><p><span style=\"color: #ffffff;\">\u043f\u043e\u0434\u044a\u0451\u043c\u043d\u044b\u0435 \u043c\u0430\u0433\u043d\u0438\u0442\u044b<br \/>\n<\/span><strong><span style=\"color: #0000ff;\">\u041f\u043e\u0434\u044a\u0435\u043c\u043d\u044b\u0439 \u043c\u0430\u0433\u043d\u0438\u0442<\/span> - \u0414\u043b\u044f \u043f\u043e\u0434\u044a\u0435\u043c\u0430 \u0438 \u043f\u0435\u0440\u0435\u043c\u0435\u0449\u0435\u043d\u0438\u044f \u043b\u0438\u0441\u0442\u043e\u0432\u043e\u0433\u043e \u043c\u0435\u0442\u0430\u043b\u043b\u0430, \u043a\u0440\u0443\u0433\u043b\u043e\u0433\u043e \u043c\u0435\u0442\u0430\u043b\u043b\u0430 \u0438 \u043c\u0435\u0442\u0430\u043b\u043b\u0438\u0447\u0435\u0441\u043a\u0438\u0445 \u0431\u043b\u043e\u043a\u043e\u0432.<br \/>\n<span style=\"color: #0000ff;\">\u041c\u0430\u0433\u043d\u0438\u0442 \u0434\u043b\u044f \u043f\u043e\u0434\u044a\u0435\u043c\u0430 \u043b\u044e\u043a\u043e\u0432<\/span> - \u041f\u043e\u0434\u044a\u0435\u043c\u043d\u043e\u0435 \u0443\u0441\u0442\u0440\u043e\u0439\u0441\u0442\u0432\u043e \u0434\u043b\u044f \u043b\u044e\u043a\u043e\u0432, \u043a\u0440\u044b\u0448\u0435\u043a \u043b\u044e\u043a\u043e\u0432, \u043b\u044e\u043a\u043e\u0432 \u0438 \u043a\u0440\u044b\u0448\u0435\u043a \u043a\u043e\u043b\u043e\u0434\u0446\u0435\u0432.<br \/>\n<span style=\"color: #0000ff;\">\u0420\u0443\u0447\u043d\u043e\u0439 \u043c\u0430\u0433\u043d\u0438\u0442<\/span> - \u0414\u043b\u044f \u0431\u044b\u0441\u0442\u0440\u043e\u0433\u043e \u0438 \u043b\u0435\u0433\u043a\u043e\u0433\u043e \u0440\u0443\u0447\u043d\u043e\u0433\u043e \u043f\u043e\u0434\u044a\u0435\u043c\u0430 \u0438 \u043f\u0435\u0440\u0435\u043c\u0435\u0449\u0435\u043d\u0438\u044f \u043b\u0438\u0441\u0442\u043e\u0432\u043e\u0433\u043e \u043c\u0435\u0442\u0430\u043b\u043b\u0430 \u0438\u043b\u0438 \u0438\u0437\u0434\u0435\u043b\u0438\u0439 \u043f\u043b\u0430\u0437\u043c\u0435\u043d\u043d\u043e\u0439 \u0440\u0435\u0437\u043a\u0438.<span style=\"color: #333333;\"><a style=\"color: #333333;\" href=\"https:\/\/en.wikipedia.org\/wiki\/Magnet\">.<\/a><\/span><br \/>\n\u0414\u043e\u043f\u0443\u0441\u0442\u0438\u043c\u0430\u044f \u0442\u0435\u043c\u043f\u0435\u0440\u0430\u0442\u0443\u0440\u0430 -40\u00b0C \u0434\u043e +80\u00b0C<br \/>\n\u041f\u0440\u043e\u0434\u0443\u043a\u0442\u044b \u0438\u043c\u0435\u0435\u0442 \u0441\u0435\u0440\u0442\u0438\u0444\u0438\u043a\u0430\u0442\u044b.<br \/>\n\u2014<\/strong><br \/>\n<strong><em>\u041d\u0430\u0436\u043c\u0438\u0442\u0435 \u043d\u0430 \u0438\u0437\u043e\u0431\u0440\u0430\u0436\u0435\u043d\u0438\u0435, \u0447\u0442\u043e\u0431\u044b \u0443\u0432\u0438\u0434\u0435\u0442\u044c \u0434\u043e\u043f\u043e\u043b\u043d\u0438\u0442\u0435\u043b\u044c\u043d\u0443\u044e \u0438\u043d\u0444\u043e\u0440\u043c\u0430\u0446\u0438\u044e \u043e \u043f\u0440\u043e\u0434\u0443\u043a\u0442\u0435.<br \/>\n<\/em><\/strong><\/p>\n<table style=\"width: 100%; border-collapse: collapse; border-style: hidden;\">\n<tbody>\n<tr>\n<td style=\"width: 33.3333%; text-align: center;\">\n<p><figure id=\"attachment_9765\" aria-describedby=\"caption-attachment-9765\" style=\"width: 200px\" class=\"wp-caption aligncenter\"><a href=\"https:\/\/www.mazam.eu\/ru\/produkty\/%d0%bf%d0%be%d0%b4%d1%8a%d0%b5%d0%bc%d0%bd%d1%8b%d0%b9-%d0%bc%d0%b0%d0%b3%d0%bd%d0%b8%d1%82\/\"><img loading=\"lazy\" decoding=\"async\" class=\"wp-image-9765 size-full\" src=\"https:\/\/www.mazam.eu\/wp-content\/uploads\/2025\/02\/tostemagnet-\u041f\u043e\u0434\u044a\u0435\u043c\u043d\u044b\u0439-\u043c\u0430\u0433\u043d\u0438\u0442-lifting-magnet-avatar.jpg\" alt=\"\u041f\u043e\u0434\u044a\u0435\u043c\u043d\u044b\u0439 \u043c\u0430\u0433\u043d\u0438\u0442\" width=\"200\" height=\"150\" data-id=\"9765\" \/><\/a><figcaption id=\"caption-attachment-9765\" class=\"wp-caption-text\">\u041f\u043e\u0434\u044a\u0435\u043c\u043d\u044b\u0439 \u043c\u0430\u0433\u043d\u0438\u0442<\/figcaption><\/figure><\/td>\n<td style=\"width: 33.3333%; text-align: center;\">\n<p><figure id=\"attachment_9851\" aria-describedby=\"caption-attachment-9851\" style=\"width: 200px\" class=\"wp-caption aligncenter\"><a href=\"https:\/\/www.mazam.eu\/ru\/produkty\/%d0%bc%d0%b0%d0%b3%d0%bd%d0%b8%d1%82-%d0%b4%d0%bb%d1%8f-%d0%bf%d0%be%d0%b4%d1%8a%d0%b5%d0%bc%d0%b0-%d0%bb%d1%8e%d0%ba%d0%be%d0%b2\/\"><img loading=\"lazy\" decoding=\"async\" class=\"wp-image-9851 size-full\" src=\"https:\/\/www.mazam.eu\/wp-content\/uploads\/2025\/02\/kaevuluugi-magnet-luugitostemagnet-\u041c\u0430\u0433\u043d\u0438\u0442-\u0434\u043b\u044f-\u043f\u043e\u0434\u044a\u0435\u043c\u0430-\u043a\u0430\u043d\u0430\u043b\u0438\u0437\u0430\u0446\u0438\u043e\u043d\u043d\u044b\u0445-\u043b\u044e\u043a\u043e\u0432-magnetic-manhole-cover-lifter-avatar.jpg\" alt=\"\u041c\u0430\u0433\u043d\u0438\u0442 \u0434\u043b\u044f \u043f\u043e\u0434\u044a\u0435\u043c\u0430 \u043b\u044e\u043a\u043e\u0432\" width=\"200\" height=\"150\" data-id=\"9851\" \/><\/a><figcaption id=\"caption-attachment-9851\" class=\"wp-caption-text\">\u041c\u0430\u0433\u043d\u0438\u0442 \u0434\u043b\u044f \u043f\u043e\u0434\u044a\u0435\u043c\u0430 \u043b\u044e\u043a\u043e\u0432<\/figcaption><\/figure><\/td>\n<td style=\"width: 33.3333%; text-align: center;\">\n<p><figure id=\"attachment_9863\" aria-describedby=\"caption-attachment-9863\" style=\"width: 200px\" class=\"wp-caption aligncenter\"><a href=\"https:\/\/www.mazam.eu\/ru\/produkty\/%d1%80%d1%83%d1%87%d0%bd%d0%be%d0%b9-%d0%bc%d0%b0%d0%b3%d0%bd%d0%b8%d1%82\/\"><img loading=\"lazy\" decoding=\"async\" class=\"wp-image-9863 size-full\" src=\"https:\/\/www.mazam.eu\/wp-content\/uploads\/2025\/02\/manuaalne-kasitostemagnet-\u0420\u0443\u0447\u043d\u043e\u0439-\u043c\u0430\u0433\u043d\u0438\u0442-hand-lifting-magnet-avatar.jpg\" alt=\"\u0420\u0443\u0447\u043d\u043e\u0439 \u043c\u0430\u0433\u043d\u0438\u0442\" width=\"200\" height=\"150\" data-id=\"9863\" \/><\/a><figcaption id=\"caption-attachment-9863\" class=\"wp-caption-text\">\u0420\u0443\u0447\u043d\u043e\u0439 \u043c\u0430\u0433\u043d\u0438\u0442<\/figcaption><\/figure><\/td>\n<\/tr>\n<\/tbody>\n<\/table>\n<p>&nbsp;<\/p>","protected":false},"excerpt":{"rendered":"<p>4&nbsp;731 vaatamistt\u00f5stemagnetid T\u00f5stemagnet &#8211; Lehtmetalli, \u00fcmarmetalli ja metallplokkide t\u00f5stmiseks ning teisaldamiseks. Kaevuluugi magnet \u2013 Kaevuluukide, sideluukide, restluukide ja umbluukide t\u00f5stevahend. Manuaalne k\u00e4sit\u00f5stemagnet &#8211; Lehtmetalli v\u00f5i plasmal\u00f5igatud toodangu kiireks ja lihtsaks k\u00e4sitsi t\u00f5stmiseks ning teisaldamiseks. Lubatud temperatuur -40\u00b0C kuni +80\u00b0C Toodetel on sertifikaat. &#8212; Vajuta pildile, et n\u00e4ha rohkem infot toote kohta.. &nbsp;<\/p>","protected":false},"author":1,"featured_media":0,"parent":5,"menu_order":0,"comment_status":"closed","ping_status":"closed","template":"","meta":{"_uf_show_specific_survey":0,"_uf_disable_surveys":false,"iawp_total_views":462,"footnotes":""},"class_list":["post-2603","page","type-page","status-publish","hentry"],"yoast_head":"<!-- This site is optimized with the Yoast SEO plugin v27.4 - https:\/\/yoast.com\/product\/yoast-seo-wordpress\/ -->\n<title>T\u00d5STEMAGNETID - Mazam O\u00dc - tootmine ja m\u00fc\u00fck<\/title>\n<meta name=\"description\" content=\"T\u00f5stemagnetid - Lehtmetalli, \u00fcmarmetalli, kaevuluukide ja plasmal\u00f5igatud toodangu kiireks ja lihtsaks t\u00f5stmiseks ning teisaldamiseks.\" \/>\n<meta name=\"robots\" content=\"index, follow, max-snippet:-1, max-image-preview:large, max-video-preview:-1\" \/>\n<link rel=\"canonical\" href=\"https:\/\/www.mazam.eu\/ru\/produkty\/\u043f\u043e\u0434\u044a\u0435\u043c\u043d\u044b\u0435-\u043c\u0430\u0433\u043d\u0438\u0442\u044b\/\" \/>\n<meta property=\"og:locale\" content=\"ru_RU\" \/>\n<meta property=\"og:type\" content=\"article\" \/>\n<meta property=\"og:title\" content=\"T\u00d5STEMAGNETID - Mazam O\u00dc - tootmine ja m\u00fc\u00fck\" \/>\n<meta property=\"og:description\" content=\"T\u00f5stemagnetid - Lehtmetalli, \u00fcmarmetalli, kaevuluukide ja plasmal\u00f5igatud toodangu kiireks ja lihtsaks t\u00f5stmiseks ning teisaldamiseks.\" \/>\n<meta property=\"og:url\" content=\"https:\/\/www.mazam.eu\/ru\/produkty\/\u043f\u043e\u0434\u044a\u0435\u043c\u043d\u044b\u0435-\u043c\u0430\u0433\u043d\u0438\u0442\u044b\/\" \/>\n<meta property=\"og:site_name\" content=\"Mazam O&Uuml; | T&otilde;ste- ja koormakinnitusvahendite tootmine ja m&uuml;&uuml;k (2014 - 2026) - linttropp &bull; koormarihm &bull; ringt&otilde;stev&ouml;&ouml; &bull; terastross &bull; kett-tropp &bull; vints &bull; t&otilde;stemagnet jpm.\" \/>\n<meta property=\"article:modified_time\" content=\"2025-04-14T05:36:49+00:00\" \/>\n<meta name=\"twitter:card\" content=\"summary_large_image\" \/>\n<meta name=\"twitter:label1\" content=\"\u041f\u0440\u0438\u043c\u0435\u0440\u043d\u043e\u0435 \u0432\u0440\u0435\u043c\u044f \u0434\u043b\u044f \u0447\u0442\u0435\u043d\u0438\u044f\" \/>\n\t<meta name=\"twitter:data1\" content=\"1 \u043c\u0438\u043d\u0443\u0442\u0430\" \/>\n<script type=\"application\/ld+json\" class=\"yoast-schema-graph\">{\"@context\":\"https:\\\/\\\/schema.org\",\"@graph\":[{\"@type\":\"WebPage\",\"@id\":\"https:\\\/\\\/www.mazam.eu\\\/ru\\\/tooted\\\/tostemagnetid\\\/\",\"url\":\"https:\\\/\\\/www.mazam.eu\\\/ru\\\/tooted\\\/tostemagnetid\\\/\",\"name\":\"T\u00d5STEMAGNETID - Mazam O\u00dc - tootmine ja m\u00fc\u00fck\",\"isPartOf\":{\"@id\":\"https:\\\/\\\/www.mazam.eu\\\/#website\"},\"datePublished\":\"2018-03-18T13:23:35+00:00\",\"dateModified\":\"2025-04-14T05:36:49+00:00\",\"description\":\"T\u00f5stemagnetid - Lehtmetalli, \u00fcmarmetalli, kaevuluukide ja plasmal\u00f5igatud toodangu kiireks ja lihtsaks t\u00f5stmiseks ning teisaldamiseks.\",\"breadcrumb\":{\"@id\":\"https:\\\/\\\/www.mazam.eu\\\/ru\\\/tooted\\\/tostemagnetid\\\/#breadcrumb\"},\"inLanguage\":\"ru-RU\",\"potentialAction\":[{\"@type\":\"ReadAction\",\"target\":[\"https:\\\/\\\/www.mazam.eu\\\/ru\\\/tooted\\\/tostemagnetid\\\/\"]}]},{\"@type\":\"BreadcrumbList\",\"@id\":\"https:\\\/\\\/www.mazam.eu\\\/ru\\\/tooted\\\/tostemagnetid\\\/#breadcrumb\",\"itemListElement\":[{\"@type\":\"ListItem\",\"position\":1,\"name\":\"Home\",\"item\":\"https:\\\/\\\/www.mazam.eu\\\/\"},{\"@type\":\"ListItem\",\"position\":2,\"name\":\"Tooted\",\"item\":\"https:\\\/\\\/www.mazam.eu\\\/tooted\\\/\"},{\"@type\":\"ListItem\",\"position\":3,\"name\":\"T\u00f5stemagnetid\"}]},{\"@type\":\"WebSite\",\"@id\":\"https:\\\/\\\/www.mazam.eu\\\/#website\",\"url\":\"https:\\\/\\\/www.mazam.eu\\\/\",\"name\":\"Mazam O&Uuml; | T&otilde;ste- ja koormakinnitusvahendite tootmine ja m&uuml;&uuml;k (2014 - 2026) - linttropp &bull; koormarihm &bull; ringt&otilde;stev&ouml;&ouml; &bull; terastross &bull; kett-tropp &bull; vints &bull; t&otilde;stemagnet jpm.\",\"description\":\"T&otilde;ste- ja kinnituslahendused | Lifting- and lashing solutions\",\"publisher\":{\"@id\":\"https:\\\/\\\/www.mazam.eu\\\/#organization\"},\"potentialAction\":[{\"@type\":\"SearchAction\",\"target\":{\"@type\":\"EntryPoint\",\"urlTemplate\":\"https:\\\/\\\/www.mazam.eu\\\/?s={search_term_string}\"},\"query-input\":{\"@type\":\"PropertyValueSpecification\",\"valueRequired\":true,\"valueName\":\"search_term_string\"}}],\"inLanguage\":\"ru-RU\"},{\"@type\":\"Organization\",\"@id\":\"https:\\\/\\\/www.mazam.eu\\\/#organization\",\"name\":\"Mazam O\u00dc\",\"url\":\"https:\\\/\\\/www.mazam.eu\\\/\",\"logo\":{\"@type\":\"ImageObject\",\"inLanguage\":\"ru-RU\",\"@id\":\"https:\\\/\\\/www.mazam.eu\\\/#\\\/schema\\\/logo\\\/image\\\/\",\"url\":\"https:\\\/\\\/www.mazam.eu\\\/wp-content\\\/uploads\\\/2015\\\/10\\\/mazam-logo-linttropp-koormarihm-t\u00f5stev\u00f6\u00f6.png\",\"contentUrl\":\"https:\\\/\\\/www.mazam.eu\\\/wp-content\\\/uploads\\\/2015\\\/10\\\/mazam-logo-linttropp-koormarihm-t\u00f5stev\u00f6\u00f6.png\",\"width\":190,\"height\":70,\"caption\":\"Mazam O\u00dc\"},\"image\":{\"@id\":\"https:\\\/\\\/www.mazam.eu\\\/#\\\/schema\\\/logo\\\/image\\\/\"}}]}<\/script>\n<!-- \/ Yoast SEO plugin. -->","yoast_head_json":{"title":"\u041f\u043e\u0434\u044a\u0435\u043c\u043d\u044b\u0435 \u043c\u0430\u0433\u043d\u0438\u0442\u044b - Mazam O\u00dc - \u041f\u0440\u043e\u0438\u0437\u0432\u043e\u0434\u0441\u0442\u0432\u043e \u0438 \u043f\u0440\u043e\u0434\u0430\u0436\u0430","description":"\u041f\u043e\u0434\u044a\u0435\u043c\u043d\u044b\u0435 \u043c\u0430\u0433\u043d\u0438\u0442\u044b - \u0434\u043b\u044f \u0431\u044b\u0441\u0442\u0440\u043e\u0433\u043e \u0438 \u043b\u0435\u0433\u043a\u043e\u0433\u043e \u043f\u043e\u0434\u044a\u0435\u043c\u0430 \u0438 \u043f\u0435\u0440\u0435\u043c\u0435\u0449\u0435\u043d\u0438\u044f \u043b\u0438\u0441\u0442\u043e\u0432\u043e\u0433\u043e \u043c\u0435\u0442\u0430\u043b\u043b\u0430, \u043a\u0440\u0443\u0433\u043b\u043e\u0433\u043e \u043c\u0435\u0442\u0430\u043b\u043b\u0430, \u0448\u0430\u0445\u0442\u043d\u044b\u0445 \u0441\u0442\u0432\u043e\u043b\u043e\u0432 \u0438 \u0438\u0437\u0434\u0435\u043b\u0438\u0439 \u043f\u043b\u0430\u0437\u043c\u0435\u043d\u043d\u043e\u0439 \u0440\u0435\u0437\u043a\u0438.","robots":{"index":"index","follow":"follow","max-snippet":"max-snippet:-1","max-image-preview":"max-image-preview:large","max-video-preview":"max-video-preview:-1"},"canonical":"https:\/\/www.mazam.eu\/ru\/produkty\/\u043f\u043e\u0434\u044a\u0435\u043c\u043d\u044b\u0435-\u043c\u0430\u0433\u043d\u0438\u0442\u044b\/","og_locale":"ru_RU","og_type":"article","og_title":"T\u00d5STEMAGNETID - Mazam O\u00dc - tootmine ja m\u00fc\u00fck","og_description":"T\u00f5stemagnetid - Lehtmetalli, \u00fcmarmetalli, kaevuluukide ja plasmal\u00f5igatud toodangu kiireks ja lihtsaks t\u00f5stmiseks ning teisaldamiseks.","og_url":"https:\/\/www.mazam.eu\/ru\/produkty\/\u043f\u043e\u0434\u044a\u0435\u043c\u043d\u044b\u0435-\u043c\u0430\u0433\u043d\u0438\u0442\u044b\/","og_site_name":"Mazam O&Uuml; | T&otilde;ste- ja koormakinnitusvahendite tootmine ja m&uuml;&uuml;k (2014 - 2026) - linttropp &bull; koormarihm &bull; ringt&otilde;stev&ouml;&ouml; &bull; terastross &bull; kett-tropp &bull; vints &bull; t&otilde;stemagnet jpm.","article_modified_time":"2025-04-14T05:36:49+00:00","twitter_card":"summary_large_image","twitter_misc":{"\u041f\u0440\u0438\u043c\u0435\u0440\u043d\u043e\u0435 \u0432\u0440\u0435\u043c\u044f \u0434\u043b\u044f \u0447\u0442\u0435\u043d\u0438\u044f":"1 \u043c\u0438\u043d\u0443\u0442\u0430"},"schema":{"@context":"https:\/\/schema.org","@graph":[{"@type":"WebPage","@id":"https:\/\/www.mazam.eu\/ru\/tooted\/tostemagnetid\/","url":"https:\/\/www.mazam.eu\/ru\/tooted\/tostemagnetid\/","name":"\u041f\u043e\u0434\u044a\u0435\u043c\u043d\u044b\u0435 \u043c\u0430\u0433\u043d\u0438\u0442\u044b - Mazam O\u00dc - \u041f\u0440\u043e\u0438\u0437\u0432\u043e\u0434\u0441\u0442\u0432\u043e \u0438 \u043f\u0440\u043e\u0434\u0430\u0436\u0430","isPartOf":{"@id":"https:\/\/www.mazam.eu\/#website"},"datePublished":"2018-03-18T13:23:35+00:00","dateModified":"2025-04-14T05:36:49+00:00","description":"\u041f\u043e\u0434\u044a\u0435\u043c\u043d\u044b\u0435 \u043c\u0430\u0433\u043d\u0438\u0442\u044b - \u0434\u043b\u044f \u0431\u044b\u0441\u0442\u0440\u043e\u0433\u043e \u0438 \u043b\u0435\u0433\u043a\u043e\u0433\u043e \u043f\u043e\u0434\u044a\u0435\u043c\u0430 \u0438 \u043f\u0435\u0440\u0435\u043c\u0435\u0449\u0435\u043d\u0438\u044f \u043b\u0438\u0441\u0442\u043e\u0432\u043e\u0433\u043e \u043c\u0435\u0442\u0430\u043b\u043b\u0430, \u043a\u0440\u0443\u0433\u043b\u043e\u0433\u043e \u043c\u0435\u0442\u0430\u043b\u043b\u0430, \u0448\u0430\u0445\u0442\u043d\u044b\u0445 \u0441\u0442\u0432\u043e\u043b\u043e\u0432 \u0438 \u0438\u0437\u0434\u0435\u043b\u0438\u0439 \u043f\u043b\u0430\u0437\u043c\u0435\u043d\u043d\u043e\u0439 \u0440\u0435\u0437\u043a\u0438.","breadcrumb":{"@id":"https:\/\/www.mazam.eu\/ru\/tooted\/tostemagnetid\/#breadcrumb"},"inLanguage":"ru-RU","potentialAction":[{"@type":"ReadAction","target":["https:\/\/www.mazam.eu\/ru\/tooted\/tostemagnetid\/"]}]},{"@type":"BreadcrumbList","@id":"https:\/\/www.mazam.eu\/ru\/tooted\/tostemagnetid\/#breadcrumb","itemListElement":[{"@type":"ListItem","position":1,"name":"Home","item":"https:\/\/www.mazam.eu\/"},{"@type":"ListItem","position":2,"name":"Tooted","item":"https:\/\/www.mazam.eu\/tooted\/"},{"@type":"ListItem","position":3,"name":"T\u00f5stemagnetid"}]},{"@type":"WebSite","@id":"https:\/\/www.mazam.eu\/#website","url":"https:\/\/www.mazam.eu\/","name":"Mazam O\u00dc | \u041f\u0440\u043e\u0438\u0437\u0432\u043e\u0434\u0441\u0442\u0432\u043e \u0438 \u043f\u0440\u043e\u0434\u0430\u0436\u0430 \u043f\u043e\u0434\u044a\u0435\u043c\u043d\u043e-\u0442\u0440\u0430\u043d\u0441\u043f\u043e\u0440\u0442\u043d\u043e\u0433\u043e \u043e\u0431\u043e\u0440\u0443\u0434\u043e\u0432\u0430\u043d\u0438\u044f (2014 - 2026) - \u043b\u0438\u043d\u0442\u0440\u0443\u043f\u0430 - \u0433\u0440\u0443\u0437\u043e\u0432\u043e\u0439 \u0440\u0435\u043c\u0435\u043d\u044c - \u0442\u0430\u043b\u0435\u0432\u044b\u0439 \u0440\u0435\u043c\u0435\u043d\u044c - \u0441\u0442\u0430\u043b\u044c\u043d\u043e\u0439 \u043a\u0430\u043d\u0430\u0442 - \u0446\u0435\u043f\u043d\u043e\u0439 \u0442\u0430\u043b\u0440\u0435\u043f - \u043b\u0435\u0431\u0435\u0434\u043a\u0430 - \u043f\u043e\u0434\u044a\u0435\u043c\u043d\u044b\u0439 \u043c\u0430\u0433\u043d\u0438\u0442 \u0438 \u0442.\u0434.","description":"\u0420\u0435\u0448\u0435\u043d\u0438\u044f \u0434\u043b\u044f \u043f\u043e\u0434\u044a\u0435\u043c\u0430 \u0438 \u043a\u0440\u0435\u043f\u043b\u0435\u043d\u0438\u044f | \u0420\u0435\u0448\u0435\u043d\u0438\u044f \u0434\u043b\u044f \u043f\u043e\u0434\u044a\u0435\u043c\u0430 \u0438 \u043a\u0440\u0435\u043f\u043b\u0435\u043d\u0438\u044f","publisher":{"@id":"https:\/\/www.mazam.eu\/#organization"},"potentialAction":[{"@type":"SearchAction","target":{"@type":"EntryPoint","urlTemplate":"https:\/\/www.mazam.eu\/?s={search_term_string}"},"query-input":{"@type":"PropertyValueSpecification","valueRequired":true,"valueName":"search_term_string"}}],"inLanguage":"ru-RU"},{"@type":"Organization","@id":"https:\/\/www.mazam.eu\/#organization","name":"Mazam O\u00dc","url":"https:\/\/www.mazam.eu\/","logo":{"@type":"ImageObject","inLanguage":"ru-RU","@id":"https:\/\/www.mazam.eu\/#\/schema\/logo\/image\/","url":"https:\/\/www.mazam.eu\/wp-content\/uploads\/2015\/10\/mazam-logo-linttropp-koormarihm-t\u00f5stev\u00f6\u00f6.png","contentUrl":"https:\/\/www.mazam.eu\/wp-content\/uploads\/2015\/10\/mazam-logo-linttropp-koormarihm-t\u00f5stev\u00f6\u00f6.png","width":190,"height":70,"caption":"Mazam O\u00dc"},"image":{"@id":"https:\/\/www.mazam.eu\/#\/schema\/logo\/image\/"}}]}},"_links":{"self":[{"href":"https:\/\/www.mazam.eu\/ru\/wp-json\/wp\/v2\/pages\/2603","targetHints":{"allow":["GET"]}}],"collection":[{"href":"https:\/\/www.mazam.eu\/ru\/wp-json\/wp\/v2\/pages"}],"about":[{"href":"https:\/\/www.mazam.eu\/ru\/wp-json\/wp\/v2\/types\/page"}],"author":[{"embeddable":true,"href":"https:\/\/www.mazam.eu\/ru\/wp-json\/wp\/v2\/users\/1"}],"replies":[{"embeddable":true,"href":"https:\/\/www.mazam.eu\/ru\/wp-json\/wp\/v2\/comments?post=2603"}],"version-history":[{"count":31,"href":"https:\/\/www.mazam.eu\/ru\/wp-json\/wp\/v2\/pages\/2603\/revisions"}],"predecessor-version":[{"id":11804,"href":"https:\/\/www.mazam.eu\/ru\/wp-json\/wp\/v2\/pages\/2603\/revisions\/11804"}],"up":[{"embeddable":true,"href":"https:\/\/www.mazam.eu\/ru\/wp-json\/wp\/v2\/pages\/5"}],"wp:attachment":[{"href":"https:\/\/www.mazam.eu\/ru\/wp-json\/wp\/v2\/media?parent=2603"}],"curies":[{"name":"wp","href":"https:\/\/api.w.org\/{rel}","templated":true}]}}