{"id":2654,"date":"2018-03-30T13:21:30","date_gmt":"2018-03-30T13:21:30","guid":{"rendered":"http:\/\/www.mazam.eu\/?page_id=2654"},"modified":"2025-09-15T13:38:18","modified_gmt":"2025-09-15T13:38:18","slug":"%d0%ba%d1%80%d1%8e%d0%ba-%d1%87%d0%b0%d0%bb%d0%be%d1%87%d0%bd%d1%8b%d0%b9-%d1%81-%d0%b3%d0%bb%d0%b0%d0%b7%d0%be%d0%bc","status":"publish","type":"page","link":"https:\/\/www.mazam.eu\/ru\/tooted\/sulgurkonks-silmaga-klass-8\/","title":{"rendered":"\u041a\u0440\u044e\u043a \u0447\u0430\u043b\u043e\u0447\u043d\u044b\u0439 \u0441 \u0433\u043b\u0430\u0437\u043e\u043c"},"content":{"rendered":"<div class='epvc-post-count'><span class='epvc-eye'><\/span>  <span class=\"epvc-count\"> 3&nbsp;856<\/span><span class='epvc-label'> \u043f\u0440\u043e\u0441\u043c\u043e\u0442\u0440<\/span><\/div><p><span style=\"color: #ffffff;\">\u041a\u0440\u044e\u043a \u0447\u0430\u043b\u043e\u0447\u043d\u044b\u0439 \u0441 \u0433\u043b\u0430\u0437\u043e\u043c<\/span><br \/>\n<strong>\u041f\u0440\u0438\u043c\u0435\u043d\u0435\u043d\u0438\u0435 - \u0434\u043b\u044f \u043f\u043e\u043b\u0443\u0447\u0435\u043d\u0438\u044f 1, 2, 3 \u0438 4 \u0432\u0435\u0442\u0432\u0438\u0441\u0442\u044b\u0445 \u0446\u0435\u043f\u043e\u0447\u0435\u043a-\u043a\u0430\u043f\u0435\u043b\u044c. \u0422\u0430\u043a\u0436\u0435 \u0438\u0441\u043f\u043e\u043b\u044c\u0437\u0443\u0435\u0442\u0441\u044f \u043d\u0430 \u0433\u043b\u0430\u0437<br \/>\n\u0434\u043b\u044f \u043b\u0435\u0431\u0435\u0434\u043e\u0447\u043d\u044b\u0445 \u0442\u0440\u043e\u0441\u043e\u0432, \u043b\u0435\u0431\u0435\u0434\u043e\u0447\u043d\u044b\u0445 \u043a\u0430\u043d\u0430\u0442\u043e\u0432, \u043a\u0430\u043d\u0430\u0442\u043d\u044b\u0445 \u0442\u0440\u043e\u0441\u043e\u0432 \u0438 \u043b\u0430\u0439\u043d\u0435\u0440\u043d\u044b\u0445 \u043a\u0430\u043d\u0430\u0442\u043e\u0432.<br \/>\n\u041a\u043b\u0430\u0441\u0441 8 (G80\/Grade 80) - G80 \u043e\u0437\u043d\u0430\u0447\u0430\u0435\u0442, \u0447\u0442\u043e \u043c\u0430\u043a\u0441\u0438\u043c\u0430\u043b\u044c\u043d\u0430\u044f \u043d\u0430\u0433\u0440\u0443\u0437\u043a\u0430 \u043d\u0430 \u0437\u0430\u0449\u0435\u043b\u043a\u0438\u0432\u0430\u044e\u0449\u0438\u0439\u0441\u044f \u043a\u0440\u044e\u043a \u0441\u043e\u0441\u0442\u0430\u0432\u043b\u044f\u0435\u0442<br \/>\n\u043f\u0440\u0435\u0434\u0435\u043b \u043f\u0440\u043e\u0447\u043d\u043e\u0441\u0442\u0438 \u0441\u043e\u0441\u0442\u0430\u0432\u043b\u044f\u0435\u0442 800 \u043d\u044c\u044e\u0442\u043e\u043d\u043e\u0432 \u043d\u0430 \u043a\u0432\u0430\u0434\u0440\u0430\u0442\u043d\u044b\u0439 \u043c\u0438\u043b\u043b\u0438\u043c\u0435\u0442\u0440 (\u041d\/\u043c\u043c2).<br \/>\n\u041d\u0430 \u043a\u0440\u044e\u0447\u043a\u0438 \u043d\u0430\u043d\u0435\u0441\u0435\u043d\u043e \u043f\u043e\u0432\u0435\u0440\u0445\u043d\u043e\u0441\u0442\u043d\u043e\u0435 \u043f\u043e\u043a\u0440\u044b\u0442\u0438\u0435.<br \/>\n\u0414\u043e\u043f\u0443\u0441\u0442\u0438\u043c\u0430\u044f \u0442\u0435\u043c\u043f\u0435\u0440\u0430\u0442\u0443\u0440\u0430 -40\u00b0C \u0434\u043e +200\u00b0C<br \/>\n\u0421\u0442\u0430\u043d\u0434\u0430\u0440\u0442: EN 1677<br \/>\n\u041f\u0440\u043e\u0434\u0443\u043a\u0442\u044b \u0438\u043c\u0435\u0435\u0442 \u0441\u0435\u0440\u0442\u0438\u0444\u0438\u043a\u0430\u0442\u044b.<br \/>\n\u0417\u0430\u043f\u0430\u0441 \u043f\u0440\u043e\u0447\u043d\u043e\u0441\u0442\u0438 4:1<br \/>\n\u2014<br \/>\n<em>\u041d\u0430\u0436\u043c\u0438\u0442\u0435 \u043d\u0430 \u0438\u0437\u043e\u0431\u0440\u0430\u0436\u0435\u043d\u0438\u0435, \u0447\u0442\u043e\u0431\u044b \u0443\u0432\u0438\u0434\u0435\u0442\u044c \u0442\u043e\u0432\u0430\u0440 \u0432 \u0443\u0432\u0435\u043b\u0438\u0447\u0435\u043d\u043d\u043e\u043c \u0440\u0430\u0437\u043c\u0435\u0440\u0435.<\/em><br \/>\n<\/strong><\/p>\n<figure id=\"attachment_10908\" aria-describedby=\"caption-attachment-10908\" style=\"width: 325px\" class=\"wp-caption alignnone\"><a href=\"https:\/\/www.mazam.eu\/wp-content\/uploads\/2025\/03\/sulgurkonks-silmaga-klass-8-\u041a\u0440\u044e\u043a-\u0433\u0440\u0443\u0437\u043e\u0432\u043e\u0439-\u0441-\u0437\u0430\u0449\u0435\u043b\u043a\u043e\u0439-\u043a\u043b\u0430\u0441\u0441-\u043f\u0440\u043e\u0447\u043d\u043e\u0441\u0442\u0438-8-eye-lifting-hook-grade-80-suur.jpg\" target=\"_blank\" rel=\"noopener\"><img loading=\"lazy\" decoding=\"async\" class=\"wp-image-10908 size-full\" src=\"https:\/\/www.mazam.eu\/wp-content\/uploads\/2025\/03\/sulgurkonks-silmaga-klass-8-\u041a\u0440\u044e\u043a-\u0433\u0440\u0443\u0437\u043e\u0432\u043e\u0439-\u0441-\u0437\u0430\u0449\u0435\u043b\u043a\u043e\u0439-\u043a\u043b\u0430\u0441\u0441-\u043f\u0440\u043e\u0447\u043d\u043e\u0441\u0442\u0438-8-eye-lifting-hook-grade-80-joonisega.jpg\" alt=\"\u041a\u0440\u044e\u043a \u0447\u0430\u043b\u043e\u0447\u043d\u044b\u0439 \u0441 \u0433\u043b\u0430\u0437\u043e\u043c\" width=\"325\" height=\"184\" data-id=\"10908\" srcset=\"https:\/\/www.mazam.eu\/wp-content\/uploads\/2025\/03\/sulgurkonks-silmaga-klass-8-\u041a\u0440\u044e\u043a-\u0433\u0440\u0443\u0437\u043e\u0432\u043e\u0439-\u0441-\u0437\u0430\u0449\u0435\u043b\u043a\u043e\u0439-\u043a\u043b\u0430\u0441\u0441-\u043f\u0440\u043e\u0447\u043d\u043e\u0441\u0442\u0438-8-eye-lifting-hook-grade-80-joonisega.jpg 325w, https:\/\/www.mazam.eu\/wp-content\/uploads\/2025\/03\/sulgurkonks-silmaga-klass-8-\u041a\u0440\u044e\u043a-\u0433\u0440\u0443\u0437\u043e\u0432\u043e\u0439-\u0441-\u0437\u0430\u0449\u0435\u043b\u043a\u043e\u0439-\u043a\u043b\u0430\u0441\u0441-\u043f\u0440\u043e\u0447\u043d\u043e\u0441\u0442\u0438-8-eye-lifting-hook-grade-80-joonisega-300x170.jpg 300w\" sizes=\"auto, (max-width: 325px) 100vw, 325px\" \/><\/a><figcaption id=\"caption-attachment-10908\" class=\"wp-caption-text\">\u041a\u0440\u044e\u043a \u0447\u0430\u043b\u043e\u0447\u043d\u044b\u0439 \u0441 \u0433\u043b\u0430\u0437\u043e\u043c<\/figcaption><\/figure>\n<p><span style=\"color: #ff6600;\"><strong><span style=\"text-decoration: underline;\">\u0414\u0430\u043d\u043d\u044b\u0435:<br \/>\n<\/span><\/strong><\/span><\/p>\n<table width=\"907\">\n<tbody>\n<tr>\n<td style=\"text-align: center;\" width=\"228\"><strong>\u0420\u0430\u0431\u043e\u0447\u0430\u044f \u043d\u0430\u0433\u0440\u0443\u0437\u043a\u0430<\/strong><\/td>\n<td style=\"text-align: center;\" width=\"97\"><strong>A<\/strong><\/td>\n<td style=\"text-align: center;\" width=\"97\"><strong>B<\/strong><\/td>\n<td style=\"text-align: center;\" width=\"97\"><strong>C<\/strong><\/td>\n<td style=\"text-align: center;\" width=\"97\"><strong>D<\/strong><\/td>\n<td style=\"text-align: center;\" width=\"97\"><strong>E<\/strong><\/td>\n<td style=\"text-align: center;\" width=\"97\"><strong>F<\/strong><\/td>\n<td style=\"text-align: center;\" width=\"97\"><strong>\u0412\u0435\u0441<\/strong><\/td>\n<\/tr>\n<tr>\n<td style=\"text-align: center;\" width=\"228\">1,12t (<em>6 \u043c\u043c \u043f\u043e\u0434\u044a\u0435\u043c\u043d\u0430\u044f \u0446\u0435\u043f\u044c<\/em>)<\/td>\n<td style=\"text-align: center;\" width=\"97\">21\u043c\u043c<\/td>\n<td style=\"text-align: center;\" width=\"97\">9\u043c\u043c<\/td>\n<td style=\"text-align: center;\" width=\"97\">19\u043c\u043c<\/td>\n<td style=\"text-align: center;\" width=\"97\">20\u043c\u043c<\/td>\n<td style=\"text-align: center;\" width=\"97\">68\u043c\u043c<\/td>\n<td style=\"text-align: center;\" width=\"97\">109\u043c\u043c<\/td>\n<td style=\"text-align: center;\" width=\"97\">0,3\u043a\u0433<\/td>\n<\/tr>\n<tr>\n<td style=\"text-align: center;\" width=\"228\">2t (<em>8 \u043c\u043c \u0434\u043b\u044f \u043f\u043e\u0434\u044a\u0435\u043c\u043d\u043e\u0439 \u0446\u0435\u043f\u0438<\/em>)<\/td>\n<td style=\"text-align: center;\" width=\"97\">25\u043c\u043c<\/td>\n<td style=\"text-align: center;\" width=\"97\">11\u043c\u043c<\/td>\n<td style=\"text-align: center;\" width=\"97\">22\u043c\u043c<\/td>\n<td style=\"text-align: center;\" width=\"97\">27\u043c\u043c<\/td>\n<td style=\"text-align: center;\" width=\"97\">84 \u043c\u043c<\/td>\n<td style=\"text-align: center;\" width=\"97\">134\u043c\u043c<\/td>\n<td style=\"text-align: center;\" width=\"97\">0,6\u043a\u0433<\/td>\n<\/tr>\n<tr>\n<td style=\"text-align: center;\" width=\"228\">3,15t (<em>10 \u043c\u043c \u043f\u043e\u0434\u044a\u0435\u043c\u043d\u0430\u044f \u0446\u0435\u043f\u044c<\/em>)<\/td>\n<td style=\"text-align: center;\" width=\"97\">34\u043c\u043c<\/td>\n<td style=\"text-align: center;\" width=\"97\">14\u043c\u043c<\/td>\n<td style=\"text-align: center;\" width=\"97\">28\u043c\u043c<\/td>\n<td style=\"text-align: center;\" width=\"97\">33\u043c\u043c<\/td>\n<td style=\"text-align: center;\" width=\"97\">103 \u043c\u043c<\/td>\n<td style=\"text-align: center;\" width=\"97\">168\u043c\u043c<\/td>\n<td style=\"text-align: center;\" width=\"97\">1,1 \u043a\u0433<\/td>\n<\/tr>\n<tr>\n<td style=\"text-align: center;\" width=\"228\">5,3t (<em>13 \u043c\u043c \u0434\u043b\u044f \u043f\u043e\u0434\u044a\u0435\u043c\u043d\u043e\u0439 \u0446\u0435\u043f\u0438<\/em>)<\/td>\n<td style=\"text-align: center;\" width=\"97\">43 \u043c\u043c<\/td>\n<td style=\"text-align: center;\" width=\"97\">18\u043c\u043c<\/td>\n<td style=\"text-align: center;\" width=\"97\">35\u043c\u043c<\/td>\n<td style=\"text-align: center;\" width=\"97\">40\u043c\u043c<\/td>\n<td style=\"text-align: center;\" width=\"97\">129\u043c\u043c<\/td>\n<td style=\"text-align: center;\" width=\"97\">208\u043c\u043c<\/td>\n<td style=\"text-align: center;\" width=\"97\">1,8\u043a\u0433<\/td>\n<\/tr>\n<tr>\n<td style=\"text-align: center;\" width=\"228\">8t (<em>16 \u043c\u043c \u043f\u043e\u0434\u044a\u0435\u043c\u043d\u0430\u044f \u0446\u0435\u043f\u044c<\/em>)<\/td>\n<td style=\"text-align: center;\" width=\"97\">52\u043c\u043c<\/td>\n<td style=\"text-align: center;\" width=\"97\">22\u043c\u043c<\/td>\n<td style=\"text-align: center;\" width=\"97\">43 \u043c\u043c<\/td>\n<td style=\"text-align: center;\" width=\"97\">48\u043c\u043c<\/td>\n<td style=\"text-align: center;\" width=\"97\">157\u043c\u043c<\/td>\n<td style=\"text-align: center;\" width=\"97\">253 \u043c\u043c<\/td>\n<td style=\"text-align: center;\" width=\"97\">3,2 \u043a\u0433<\/td>\n<\/tr>\n<tr>\n<td style=\"text-align: center;\" width=\"228\">12,5t (<em>20 \u043c\u043c \u0434\u043b\u044f \u043f\u043e\u0434\u044a\u0435\u043c\u043d\u043e\u0439 \u0446\u0435\u043f\u0438<\/em>)<\/td>\n<td style=\"text-align: center;\" width=\"97\">62\u043c\u043c<\/td>\n<td style=\"text-align: center;\" width=\"97\">26\u043c\u043c<\/td>\n<td style=\"text-align: center;\" width=\"97\">52\u043c\u043c<\/td>\n<td style=\"text-align: center;\" width=\"97\">56\u043c\u043c<\/td>\n<td style=\"text-align: center;\" width=\"97\">187\u043c\u043c<\/td>\n<td style=\"text-align: center;\" width=\"97\">300\u043c\u043c<\/td>\n<td style=\"text-align: center;\" width=\"97\">5,3 \u043a\u0433<\/td>\n<\/tr>\n<\/tbody>\n<\/table>\n<p><strong style=\"color: #0000ff;\">\u041f\u0440\u0438 \u043e\u0442\u043f\u0440\u0430\u0432\u043a\u0435 \u0437\u0430\u043f\u0440\u043e\u0441\u0430, \u043f\u043e\u0436\u0430\u043b\u0443\u0439\u0441\u0442\u0430, \u0443\u043a\u0430\u0436\u0438\u0442\u0435 \u043e\u0431\u044a\u0435\u043c \u0440\u0430\u0431\u043e\u0442\u044b \u0438 \u043a\u043e\u043b\u0438\u0447\u0435\u0441\u0442\u0432\u043e \u0442\u0440\u0435\u0431\u0443\u0435\u043c\u044b\u0445 \u043a\u0440\u044e\u0447\u043a\u043e\u0432 \u0438 \u043f\u0435\u0442\u0435\u043b\u044c.<span style=\"color: #0000ff;\"><strong><a style=\"color: #0000ff;\" href=\"https:\/\/en.wikipedia.org\/wiki\/Chain\">.<\/a><\/strong><\/span><\/strong><\/p>","protected":false},"excerpt":{"rendered":"<p>3&nbsp;856 vaatamistsulgurkonks silmaga klass 8 Kasutus \u2013 1, 2, 3 ja 4 haruliste kett-troppide tootmiseks jaoks. Samuti kasutatakse silmaga sulgurkonkse vintsitrossidele, vintsin\u00f6\u00f6ridele, trosstroppidele ja linttroppidele. Klass 8 (G80 \/ Grade 80) \u2013 G80 t\u00e4hendab, et maksimaalne pinge sulgurkonksu l\u00f5pliku tugevuse juures on 800 njuutonit ruutmillimeetri (N\/mm2) kohta. Sulgurkonksud on v\u00e4rvitud pinnakattega. Lubatud temperatuur -40\u00b0C kuni&#8230;<\/p>","protected":false},"author":1,"featured_media":0,"parent":5,"menu_order":0,"comment_status":"closed","ping_status":"closed","template":"","meta":{"_uf_show_specific_survey":0,"_uf_disable_surveys":false,"iawp_total_views":130,"footnotes":""},"class_list":["post-2654","page","type-page","status-publish","hentry"],"yoast_head":"<!-- This site is optimized with the Yoast SEO plugin v27.5 - https:\/\/yoast.com\/product\/yoast-seo-wordpress\/ -->\n<title>SULGURKONKS SILMAGA klass 8 - Mazam O\u00dc<\/title>\n<meta name=\"description\" content=\"Sulgurkonks silmaga klass 8 - 1, 2, 3 ja 4 haruliste kett-troppide tootmiseks jaoks. Samuti kasutatakse silmaga sulgurkonkse vintsitrossi..\" \/>\n<meta name=\"robots\" content=\"index, follow, max-snippet:-1, max-image-preview:large, max-video-preview:-1\" \/>\n<link rel=\"canonical\" href=\"https:\/\/www.mazam.eu\/ru\/produkty\/\u043a\u0440\u044e\u043a-\u0447\u0430\u043b\u043e\u0447\u043d\u044b\u0439-\u0441-\u0433\u043b\u0430\u0437\u043e\u043c\/\" \/>\n<meta property=\"og:locale\" content=\"ru_RU\" \/>\n<meta property=\"og:type\" content=\"article\" \/>\n<meta property=\"og:title\" content=\"SULGURKONKS SILMAGA klass 8 - Mazam O\u00dc\" \/>\n<meta property=\"og:description\" content=\"Sulgurkonks silmaga klass 8 - 1, 2, 3 ja 4 haruliste kett-troppide tootmiseks jaoks. Samuti kasutatakse silmaga sulgurkonkse vintsitrossi..\" \/>\n<meta property=\"og:url\" content=\"https:\/\/www.mazam.eu\/ru\/produkty\/\u043a\u0440\u044e\u043a-\u0447\u0430\u043b\u043e\u0447\u043d\u044b\u0439-\u0441-\u0433\u043b\u0430\u0437\u043e\u043c\/\" \/>\n<meta property=\"og:site_name\" content=\"Mazam O&Uuml; | T&otilde;ste- ja koormakinnitusvahendite tootmine ja m&uuml;&uuml;k (2014 - 2026) - linttropp &bull; koormarihm &bull; ringt&otilde;stev&ouml;&ouml; &bull; terastross &bull; kett-tropp &bull; vints &bull; t&otilde;stemagnet jpm.\" \/>\n<meta property=\"article:modified_time\" content=\"2025-09-15T13:38:18+00:00\" \/>\n<meta name=\"twitter:card\" content=\"summary_large_image\" \/>\n<meta name=\"twitter:label1\" content=\"\u041f\u0440\u0438\u043c\u0435\u0440\u043d\u043e\u0435 \u0432\u0440\u0435\u043c\u044f \u0434\u043b\u044f \u0447\u0442\u0435\u043d\u0438\u044f\" \/>\n\t<meta name=\"twitter:data1\" content=\"1 \u043c\u0438\u043d\u0443\u0442\u0430\" \/>\n<script type=\"application\/ld+json\" class=\"yoast-schema-graph\">{\"@context\":\"https:\\\/\\\/schema.org\",\"@graph\":[{\"@type\":\"WebPage\",\"@id\":\"https:\\\/\\\/www.mazam.eu\\\/tooted\\\/sulgurkonks-silmaga-klass-8\\\/\",\"url\":\"https:\\\/\\\/www.mazam.eu\\\/tooted\\\/sulgurkonks-silmaga-klass-8\\\/\",\"name\":\"SULGURKONKS SILMAGA klass 8 - Mazam O\u00dc\",\"isPartOf\":{\"@id\":\"https:\\\/\\\/www.mazam.eu\\\/#website\"},\"datePublished\":\"2018-03-30T13:21:30+00:00\",\"dateModified\":\"2025-09-15T13:38:18+00:00\",\"description\":\"Sulgurkonks silmaga klass 8 - 1, 2, 3 ja 4 haruliste kett-troppide tootmiseks jaoks. Samuti kasutatakse silmaga sulgurkonkse vintsitrossi..\",\"breadcrumb\":{\"@id\":\"https:\\\/\\\/www.mazam.eu\\\/tooted\\\/sulgurkonks-silmaga-klass-8\\\/#breadcrumb\"},\"inLanguage\":\"ru-RU\",\"potentialAction\":[{\"@type\":\"ReadAction\",\"target\":[\"https:\\\/\\\/www.mazam.eu\\\/tooted\\\/sulgurkonks-silmaga-klass-8\\\/\"]}]},{\"@type\":\"BreadcrumbList\",\"@id\":\"https:\\\/\\\/www.mazam.eu\\\/tooted\\\/sulgurkonks-silmaga-klass-8\\\/#breadcrumb\",\"itemListElement\":[{\"@type\":\"ListItem\",\"position\":1,\"name\":\"Home\",\"item\":\"https:\\\/\\\/www.mazam.eu\\\/\"},{\"@type\":\"ListItem\",\"position\":2,\"name\":\"Tooted\",\"item\":\"https:\\\/\\\/www.mazam.eu\\\/tooted\\\/\"},{\"@type\":\"ListItem\",\"position\":3,\"name\":\"sulgurkonks silmaga klass 8\"}]},{\"@type\":\"WebSite\",\"@id\":\"https:\\\/\\\/www.mazam.eu\\\/#website\",\"url\":\"https:\\\/\\\/www.mazam.eu\\\/\",\"name\":\"Mazam O&Uuml; | T&otilde;ste- ja koormakinnitusvahendite tootmine ja m&uuml;&uuml;k (2014 - 2026) - linttropp &bull; koormarihm &bull; ringt&otilde;stev&ouml;&ouml; &bull; terastross &bull; kett-tropp &bull; vints &bull; t&otilde;stemagnet jpm.\",\"description\":\"T&otilde;ste- ja kinnituslahendused | Lifting- and lashing solutions\",\"publisher\":{\"@id\":\"https:\\\/\\\/www.mazam.eu\\\/#organization\"},\"potentialAction\":[{\"@type\":\"SearchAction\",\"target\":{\"@type\":\"EntryPoint\",\"urlTemplate\":\"https:\\\/\\\/www.mazam.eu\\\/?s={search_term_string}\"},\"query-input\":{\"@type\":\"PropertyValueSpecification\",\"valueRequired\":true,\"valueName\":\"search_term_string\"}}],\"inLanguage\":\"ru-RU\"},{\"@type\":\"Organization\",\"@id\":\"https:\\\/\\\/www.mazam.eu\\\/#organization\",\"name\":\"Mazam O\u00dc\",\"url\":\"https:\\\/\\\/www.mazam.eu\\\/\",\"logo\":{\"@type\":\"ImageObject\",\"inLanguage\":\"ru-RU\",\"@id\":\"https:\\\/\\\/www.mazam.eu\\\/#\\\/schema\\\/logo\\\/image\\\/\",\"url\":\"https:\\\/\\\/www.mazam.eu\\\/wp-content\\\/uploads\\\/2015\\\/10\\\/mazam-logo-linttropp-koormarihm-t\u00f5stev\u00f6\u00f6.png\",\"contentUrl\":\"https:\\\/\\\/www.mazam.eu\\\/wp-content\\\/uploads\\\/2015\\\/10\\\/mazam-logo-linttropp-koormarihm-t\u00f5stev\u00f6\u00f6.png\",\"width\":190,\"height\":70,\"caption\":\"Mazam O\u00dc\"},\"image\":{\"@id\":\"https:\\\/\\\/www.mazam.eu\\\/#\\\/schema\\\/logo\\\/image\\\/\"}}]}<\/script>\n<!-- \/ Yoast SEO plugin. -->","yoast_head_json":{"title":"\u041a\u0440\u044e\u043a \u0447\u0430\u043b\u043e\u0447\u043d\u044b\u0439 \u0441 \u0433\u043b\u0430\u0437\u043e\u043c - Mazam O\u00dc","description":"\u041a\u0440\u044e\u043a \u0447\u0430\u043b\u043e\u0447\u043d\u044b\u0439 \u0441 \u0433\u043b\u0430\u0437\u043e\u043c - \u0434\u043b\u044f \u043f\u0440\u043e\u0438\u0437\u0432\u043e\u0434\u0441\u0442\u0432\u0430 1, 2, 3 \u0438 4 \u0432\u0435\u0442\u0432\u0435\u0439 \u0446\u0435\u043f\u0438-\u043a\u0430\u043f\u043b\u0438. \u0422\u0430\u043a\u0436\u0435 \u0438\u0441\u043f\u043e\u043b\u044c\u0437\u0443\u0435\u0442\u0441\u044f \u043f\u0440\u0438 \u043f\u0440\u043e\u0438\u0437\u0432\u043e\u0434\u0441\u0442\u0432\u0435 \u043a\u0430\u043d\u0430\u0442\u043d\u044b\u0445 \u043b\u0435\u0431\u0435\u0434\u043e\u043a.","robots":{"index":"index","follow":"follow","max-snippet":"max-snippet:-1","max-image-preview":"max-image-preview:large","max-video-preview":"max-video-preview:-1"},"canonical":"https:\/\/www.mazam.eu\/ru\/produkty\/\u043a\u0440\u044e\u043a-\u0447\u0430\u043b\u043e\u0447\u043d\u044b\u0439-\u0441-\u0433\u043b\u0430\u0437\u043e\u043c\/","og_locale":"ru_RU","og_type":"article","og_title":"SULGURKONKS SILMAGA klass 8 - Mazam O\u00dc","og_description":"Sulgurkonks silmaga klass 8 - 1, 2, 3 ja 4 haruliste kett-troppide tootmiseks jaoks. Samuti kasutatakse silmaga sulgurkonkse vintsitrossi..","og_url":"https:\/\/www.mazam.eu\/ru\/produkty\/\u043a\u0440\u044e\u043a-\u0447\u0430\u043b\u043e\u0447\u043d\u044b\u0439-\u0441-\u0433\u043b\u0430\u0437\u043e\u043c\/","og_site_name":"Mazam O&Uuml; | T&otilde;ste- ja koormakinnitusvahendite tootmine ja m&uuml;&uuml;k (2014 - 2026) - linttropp &bull; koormarihm &bull; ringt&otilde;stev&ouml;&ouml; &bull; terastross &bull; kett-tropp &bull; vints &bull; t&otilde;stemagnet jpm.","article_modified_time":"2025-09-15T13:38:18+00:00","twitter_card":"summary_large_image","twitter_misc":{"\u041f\u0440\u0438\u043c\u0435\u0440\u043d\u043e\u0435 \u0432\u0440\u0435\u043c\u044f \u0434\u043b\u044f \u0447\u0442\u0435\u043d\u0438\u044f":"1 \u043c\u0438\u043d\u0443\u0442\u0430"},"schema":{"@context":"https:\/\/schema.org","@graph":[{"@type":"WebPage","@id":"https:\/\/www.mazam.eu\/tooted\/sulgurkonks-silmaga-klass-8\/","url":"https:\/\/www.mazam.eu\/tooted\/sulgurkonks-silmaga-klass-8\/","name":"\u041a\u0440\u044e\u043a \u0447\u0430\u043b\u043e\u0447\u043d\u044b\u0439 \u0441 \u0433\u043b\u0430\u0437\u043e\u043c - Mazam O\u00dc","isPartOf":{"@id":"https:\/\/www.mazam.eu\/#website"},"datePublished":"2018-03-30T13:21:30+00:00","dateModified":"2025-09-15T13:38:18+00:00","description":"\u041a\u0440\u044e\u043a \u0447\u0430\u043b\u043e\u0447\u043d\u044b\u0439 \u0441 \u0433\u043b\u0430\u0437\u043e\u043c - \u0434\u043b\u044f \u043f\u0440\u043e\u0438\u0437\u0432\u043e\u0434\u0441\u0442\u0432\u0430 1, 2, 3 \u0438 4 \u0432\u0435\u0442\u0432\u0435\u0439 \u0446\u0435\u043f\u0438-\u043a\u0430\u043f\u043b\u0438. \u0422\u0430\u043a\u0436\u0435 \u0438\u0441\u043f\u043e\u043b\u044c\u0437\u0443\u0435\u0442\u0441\u044f \u043f\u0440\u0438 \u043f\u0440\u043e\u0438\u0437\u0432\u043e\u0434\u0441\u0442\u0432\u0435 \u043a\u0430\u043d\u0430\u0442\u043d\u044b\u0445 \u043b\u0435\u0431\u0435\u0434\u043e\u043a.","breadcrumb":{"@id":"https:\/\/www.mazam.eu\/tooted\/sulgurkonks-silmaga-klass-8\/#breadcrumb"},"inLanguage":"ru-RU","potentialAction":[{"@type":"ReadAction","target":["https:\/\/www.mazam.eu\/tooted\/sulgurkonks-silmaga-klass-8\/"]}]},{"@type":"BreadcrumbList","@id":"https:\/\/www.mazam.eu\/tooted\/sulgurkonks-silmaga-klass-8\/#breadcrumb","itemListElement":[{"@type":"ListItem","position":1,"name":"Home","item":"https:\/\/www.mazam.eu\/"},{"@type":"ListItem","position":2,"name":"Tooted","item":"https:\/\/www.mazam.eu\/tooted\/"},{"@type":"ListItem","position":3,"name":"sulgurkonks silmaga klass 8"}]},{"@type":"WebSite","@id":"https:\/\/www.mazam.eu\/#website","url":"https:\/\/www.mazam.eu\/","name":"Mazam O\u00dc | \u041f\u0440\u043e\u0438\u0437\u0432\u043e\u0434\u0441\u0442\u0432\u043e \u0438 \u043f\u0440\u043e\u0434\u0430\u0436\u0430 \u043f\u043e\u0434\u044a\u0435\u043c\u043d\u043e-\u0442\u0440\u0430\u043d\u0441\u043f\u043e\u0440\u0442\u043d\u043e\u0433\u043e \u043e\u0431\u043e\u0440\u0443\u0434\u043e\u0432\u0430\u043d\u0438\u044f (2014 - 2026) - \u043b\u0438\u043d\u0442\u0440\u0443\u043f\u0430 - \u0433\u0440\u0443\u0437\u043e\u0432\u043e\u0439 \u0440\u0435\u043c\u0435\u043d\u044c - \u0442\u0430\u043b\u0435\u0432\u044b\u0439 \u0440\u0435\u043c\u0435\u043d\u044c - \u0441\u0442\u0430\u043b\u044c\u043d\u043e\u0439 \u043a\u0430\u043d\u0430\u0442 - \u0446\u0435\u043f\u043d\u043e\u0439 \u0442\u0430\u043b\u0440\u0435\u043f - \u043b\u0435\u0431\u0435\u0434\u043a\u0430 - \u043f\u043e\u0434\u044a\u0435\u043c\u043d\u044b\u0439 \u043c\u0430\u0433\u043d\u0438\u0442 \u0438 \u0442.\u0434.","description":"\u0420\u0435\u0448\u0435\u043d\u0438\u044f \u0434\u043b\u044f \u043f\u043e\u0434\u044a\u0435\u043c\u0430 \u0438 \u043a\u0440\u0435\u043f\u043b\u0435\u043d\u0438\u044f | \u0420\u0435\u0448\u0435\u043d\u0438\u044f \u0434\u043b\u044f \u043f\u043e\u0434\u044a\u0435\u043c\u0430 \u0438 \u043a\u0440\u0435\u043f\u043b\u0435\u043d\u0438\u044f","publisher":{"@id":"https:\/\/www.mazam.eu\/#organization"},"potentialAction":[{"@type":"SearchAction","target":{"@type":"EntryPoint","urlTemplate":"https:\/\/www.mazam.eu\/?s={search_term_string}"},"query-input":{"@type":"PropertyValueSpecification","valueRequired":true,"valueName":"search_term_string"}}],"inLanguage":"ru-RU"},{"@type":"Organization","@id":"https:\/\/www.mazam.eu\/#organization","name":"Mazam O\u00dc","url":"https:\/\/www.mazam.eu\/","logo":{"@type":"ImageObject","inLanguage":"ru-RU","@id":"https:\/\/www.mazam.eu\/#\/schema\/logo\/image\/","url":"https:\/\/www.mazam.eu\/wp-content\/uploads\/2015\/10\/mazam-logo-linttropp-koormarihm-t\u00f5stev\u00f6\u00f6.png","contentUrl":"https:\/\/www.mazam.eu\/wp-content\/uploads\/2015\/10\/mazam-logo-linttropp-koormarihm-t\u00f5stev\u00f6\u00f6.png","width":190,"height":70,"caption":"Mazam O\u00dc"},"image":{"@id":"https:\/\/www.mazam.eu\/#\/schema\/logo\/image\/"}}]}},"_links":{"self":[{"href":"https:\/\/www.mazam.eu\/ru\/wp-json\/wp\/v2\/pages\/2654","targetHints":{"allow":["GET"]}}],"collection":[{"href":"https:\/\/www.mazam.eu\/ru\/wp-json\/wp\/v2\/pages"}],"about":[{"href":"https:\/\/www.mazam.eu\/ru\/wp-json\/wp\/v2\/types\/page"}],"author":[{"embeddable":true,"href":"https:\/\/www.mazam.eu\/ru\/wp-json\/wp\/v2\/users\/1"}],"replies":[{"embeddable":true,"href":"https:\/\/www.mazam.eu\/ru\/wp-json\/wp\/v2\/comments?post=2654"}],"version-history":[{"count":24,"href":"https:\/\/www.mazam.eu\/ru\/wp-json\/wp\/v2\/pages\/2654\/revisions"}],"predecessor-version":[{"id":11460,"href":"https:\/\/www.mazam.eu\/ru\/wp-json\/wp\/v2\/pages\/2654\/revisions\/11460"}],"up":[{"embeddable":true,"href":"https:\/\/www.mazam.eu\/ru\/wp-json\/wp\/v2\/pages\/5"}],"wp:attachment":[{"href":"https:\/\/www.mazam.eu\/ru\/wp-json\/wp\/v2\/media?parent=2654"}],"curies":[{"name":"wp","href":"https:\/\/api.w.org\/{rel}","templated":true}]}}