{"id":2716,"date":"2018-03-31T07:34:09","date_gmt":"2018-03-31T07:34:09","guid":{"rendered":"http:\/\/www.mazam.eu\/?page_id=2716"},"modified":"2025-11-12T11:52:00","modified_gmt":"2025-11-12T11:52:00","slug":"%d1%8d%d0%bb%d0%b5%d0%ba%d1%82%d1%80%d0%b8%d1%87%d0%b5%d1%81%d0%ba%d0%b8%d0%b9-%d1%88%d1%82%d0%b0%d0%b1%d0%b5%d0%bb%d0%b5%d1%80","status":"publish","type":"page","link":"https:\/\/www.mazam.eu\/ru\/tooted\/elektriline-virnastaja-1000kg\/","title":{"rendered":"\u044d\u043b\u0435\u043a\u0442\u0440\u0438\u0447\u0435\u0441\u043a\u0438\u0439 \u0448\u0442\u0430\u0431\u0435\u043b\u0435\u0440"},"content":{"rendered":"<div class='epvc-post-count'><span class='epvc-eye'><\/span>  <span class=\"epvc-count\"> 4&nbsp;987<\/span><span class='epvc-label'> \u043f\u0440\u043e\u0441\u043c\u043e\u0442\u0440<\/span><\/div><p><span style=\"color: #ffffff;\">\u044d\u043b\u0435\u043a\u0442\u0440\u0438\u0447\u0435\u0441\u043a\u0438\u0439 \u0448\u0442\u0430\u0431\u0435\u043b\u0435\u0440<\/span><br \/>\n<strong>\u041f\u0440\u0438\u043c\u0435\u043d\u0435\u043d\u0438\u0435 - \u0430\u0432\u0442\u043e\u043f\u043e\u0433\u0440\u0443\u0437\u0447\u0438\u043a, \u043f\u0440\u0435\u0434\u043d\u0430\u0437\u043d\u0430\u0447\u0435\u043d\u043d\u044b\u0439 \u0432 \u043e\u0441\u043d\u043e\u0432\u043d\u043e\u043c \u0434\u043b\u044f \u043f\u043e\u0434\u044a\u0435\u043c\u0430 \u0438 \u043f\u0435\u0440\u0435\u043c\u0435\u0449\u0435\u043d\u0438\u044f \u0433\u0440\u0443\u0437\u043e\u0432 \u0432 \u043f\u043e\u043c\u0435\u0449\u0435\u043d\u0438\u044f\u0445.<br \/>\n\u0418\u0434\u0435\u0430\u043b\u044c\u043d\u043e \u043f\u043e\u0434\u0445\u043e\u0434\u0438\u0442 \u0434\u043b\u044f \u0448\u0442\u0430\u0431\u0435\u043b\u0438\u0440\u043e\u0432\u0430\u043d\u0438\u044f \u043f\u0430\u043b\u043b\u0435\u0442 \u043d\u0430 \u043f\u0440\u043e\u0438\u0437\u0432\u043e\u0434\u0441\u0442\u0432\u0435, \u0441\u043a\u043b\u0430\u0434\u0430\u0445, \u0432 \u043a\u043e\u043d\u0442\u0435\u0439\u043d\u0435\u0440\u0430\u0445, \u0440\u0430\u0441\u043f\u0440\u0435\u0434\u0435\u043b\u0438\u0442\u0435\u043b\u044c\u043d\u044b\u0445 \u0446\u0435\u043d\u0442\u0440\u0430\u0445 \u0438 \u0442.\u0434.<span style=\"color: #333333;\"><a style=\"color: #333333;\" href=\"https:\/\/en.wikipedia.org\/wiki\/Lifting\">.<\/a><\/span><br \/>\n\u0420\u0430\u0431\u043e\u0442\u0430\u0435\u0442 \u043e\u0442 \u0430\u043a\u043a\u0443\u043c\u0443\u043b\u044f\u0442\u043e\u0440\u043e\u0432 12 \u0412. \u041a\u043e\u043c\u043f\u0430\u043a\u0442\u043d\u044b\u0439 \u0438 \u043b\u0435\u0433\u043a\u0438\u0439.<br \/>\n\u2014<br \/>\n<\/strong><em><strong>\u041d\u0430\u0436\u043c\u0438\u0442\u0435 \u043d\u0430 \u0438\u0437\u043e\u0431\u0440\u0430\u0436\u0435\u043d\u0438\u0435, \u0447\u0442\u043e\u0431\u044b \u0443\u0432\u0438\u0434\u0435\u0442\u044c \u0442\u043e\u0432\u0430\u0440 \u0432 \u0443\u0432\u0435\u043b\u0438\u0447\u0435\u043d\u043d\u043e\u043c \u0440\u0430\u0437\u043c\u0435\u0440\u0435.<\/strong><\/em><\/p>\n<figure id=\"attachment_11600\" aria-describedby=\"caption-attachment-11600\" style=\"width: 200px\" class=\"wp-caption alignnone\"><a href=\"https:\/\/www.mazam.eu\/wp-content\/uploads\/2025\/04\/elektriline-virnastaja-\u042d\u043b\u0435\u043a\u0442\u0440\u0438\u0447\u0435\u0441\u043a\u0438\u0439-\u0448\u0442\u0430\u0431\u0435\u043b\u0435\u0440-\u0434\u043b\u044f-\u043f\u0430\u043b\u043b\u0435\u0442-electric-stacker-suur.jpg\" target=\"_blank\" rel=\"noopener\"><img loading=\"lazy\" decoding=\"async\" class=\"wp-image-11600 size-full\" src=\"https:\/\/www.mazam.eu\/wp-content\/uploads\/2025\/04\/elektriline-virnastaja-\u042d\u043b\u0435\u043a\u0442\u0440\u0438\u0447\u0435\u0441\u043a\u0438\u0439-\u0448\u0442\u0430\u0431\u0435\u043b\u0435\u0440-\u0434\u043b\u044f-\u043f\u0430\u043b\u043b\u0435\u0442-electric-stacker-avatar.jpg\" alt=\"\u044d\u043b\u0435\u043a\u0442\u0440\u0438\u0447\u0435\u0441\u043a\u0438\u0439 \u0448\u0442\u0430\u0431\u0435\u043b\u0435\u0440\" width=\"200\" height=\"150\" data-id=\"11600\" \/><\/a><figcaption id=\"caption-attachment-11600\" class=\"wp-caption-text\">\u044d\u043b\u0435\u043a\u0442\u0440\u0438\u0447\u0435\u0441\u043a\u0438\u0439 \u0448\u0442\u0430\u0431\u0435\u043b\u0435\u0440<\/figcaption><\/figure>\n<p><span style=\"text-decoration: underline; color: #ff6600;\"><strong>\u0414\u0430\u043d\u043d\u044b\u0435:<\/strong><\/span><\/p>\n<table style=\"width: 99.416%; height: 584px;\">\n<tbody>\n<tr style=\"height: 24px;\">\n<td style=\"text-align: center; width: 485px; height: 24px;\"><strong>\u0420\u0430\u0431\u043e\u0447\u0430\u044f \u043d\u0430\u0433\u0440\u0443\u0437\u043a\u0430<\/strong><\/td>\n<td style=\"text-align: center; width: 350px; height: 24px;\">1000\u043a\u0433<\/td>\n<\/tr>\n<tr style=\"height: 24px;\">\n<td style=\"text-align: center; width: 485px; height: 24px;\"><strong>\u0412\u044b\u0441\u043e\u0442\u0430 \u043f\u043e\u0434\u044a\u0435\u043c\u0430 \u043c\u0438\u043d. - \u043c\u0430\u043a\u0441.<\/strong><\/td>\n<td style=\"text-align: center; width: 350px; height: 24px;\">87\u043c\u043c - 3500\u043c\u043c<\/td>\n<\/tr>\n<tr style=\"height: 24px;\">\n<td style=\"text-align: center; width: 485px; height: 24px;\"><strong>\u041c\u0430\u043a\u0441. \u0432\u044b\u0441\u043e\u0442\u0430<\/strong><\/td>\n<td style=\"text-align: center; width: 350px; height: 24px;\">3989\u043c\u043c<\/td>\n<\/tr>\n<tr style=\"height: 24px;\">\n<td style=\"text-align: center; width: 485px; height: 24px;\"><strong>\u041e\u0431\u0449\u0430\u044f \u0448\u0438\u0440\u0438\u043d\u0430<\/strong><\/td>\n<td style=\"text-align: center; width: 350px; height: 24px;\">820\u043c\u043c<\/td>\n<\/tr>\n<tr style=\"height: 24px;\">\n<td style=\"text-align: center; width: 485px; height: 24px;\"><strong>\u041e\u0431\u0449\u0430\u044f \u0434\u043b\u0438\u043d\u0430<\/strong><\/td>\n<td style=\"text-align: center; width: 350px; height: 24px;\">1750\u043c\u043c<\/td>\n<\/tr>\n<tr style=\"height: 24px;\">\n<td style=\"text-align: center; width: 485px; height: 24px;\"><strong>\u0428\u0438\u0440\u0438\u043d\u0430 \u0433\u0440\u0430\u0431\u0435\u043b\u044c\u043d\u044b\u0445 \u043b\u0430\u043f<\/strong><\/td>\n<td style=\"text-align: center; width: 350px; height: 24px;\">570\u043c\u043c<\/td>\n<\/tr>\n<tr style=\"height: 24px;\">\n<td style=\"text-align: center; width: 485px; height: 24px;\"><strong>\u0414\u043b\u0438\u043d\u0430 \u0433\u0432\u043e\u0437\u0434\u0438\u0447\u043d\u043e\u0439 \u043b\u0430\u043f\u044b<\/strong><\/td>\n<td style=\"text-align: center; width: 350px; height: 24px;\">1150\u043c\u043c<\/td>\n<\/tr>\n<tr>\n<td style=\"text-align: center; width: 485px;\"><strong>\u0421\u0432\u043e\u0431\u043e\u0434\u043d\u044b\u0439 \u0434\u043e\u0441\u0442\u0443\u043f<\/strong><\/td>\n<td style=\"text-align: center; width: 350px;\">70\u043c\u043c<\/td>\n<\/tr>\n<tr style=\"height: 24px;\">\n<td style=\"text-align: center; width: 485px; height: 24px;\"><strong>\u0412\u044b\u0441\u043e\u0442\u0430\/\u0448\u0438\u0440\u0438\u043d\u0430 \u043b\u0430\u043f\u044b \u0430\u0440\u0444\u044b<\/strong><\/td>\n<td style=\"text-align: center; width: 350px; height: 24px;\">60\u043c\u043c \/ 180\u043c\u043c<\/td>\n<\/tr>\n<tr style=\"height: 24px;\">\n<td style=\"text-align: center; width: 485px; height: 24px;\"><strong>\u0421\u043a\u043e\u0440\u043e\u0441\u0442\u044c \u043f\u0435\u0440\u0435\u043c\u0435\u0449\u0435\u043d\u0438\u044f \u0431\u0435\u0437 \/ \u0441 \u0433\u0440\u0443\u0437\u043e\u043c\u00a0<\/strong><\/td>\n<td style=\"text-align: center; width: 350px; height: 24px;\">4,3 \/ 4 \u043a\u043c\/\u0447<\/td>\n<\/tr>\n<tr style=\"height: 24px;\">\n<td style=\"text-align: center; width: 485px; height: 24px;\"><strong>\u0421\u043a\u043e\u0440\u043e\u0441\u0442\u044c \u043f\u043e\u0434\u044a\u0435\u043c\u0430 \u0431\u0435\u0437 \/ \u0441 \u0433\u0440\u0443\u0437\u043e\u043c\u00a0<\/strong><\/td>\n<td style=\"text-align: center; width: 350px; height: 24px;\">0,195 \/ 0,119 \u043c\/\u0441<\/td>\n<\/tr>\n<tr style=\"height: 24px;\">\n<td style=\"text-align: center; width: 485px; height: 24px;\"><strong>\u0421\u043d\u0438\u0436\u0435\u043d\u0438\u0435 \u0441\u043a\u043e\u0440\u043e\u0441\u0442\u0438 \u0431\u0435\u0437 \/ \u0441 \u0442\u043e\u0432\u0430\u0440\u043e\u043c <\/strong><\/td>\n<td style=\"text-align: center; width: 350px; height: 24px;\">0,159 \/ 0,166 \u043c\/\u0441<\/td>\n<\/tr>\n<tr style=\"height: 24px;\">\n<td style=\"text-align: center; width: 485px; height: 24px;\"><strong>\u0414\u0432\u0438\u0433\u0430\u0442\u0435\u043b\u044c \u0434\u0432\u0438\u0436\u0435\u043d\u0438\u044f<\/strong><\/td>\n<td style=\"text-align: center; width: 350px; height: 24px;\">0,75\u043a\u0412\u0442<\/td>\n<\/tr>\n<tr style=\"height: 24px;\">\n<td style=\"text-align: center; width: 485px; height: 24px;\"><strong>\u0420\u0430\u0434\u0438\u0443\u0441 \u043f\u043e\u0432\u043e\u0440\u043e\u0442\u0430<\/strong><\/td>\n<td style=\"text-align: center; width: 350px; height: 24px;\">1450\u043c\u043c<\/td>\n<\/tr>\n<tr style=\"height: 24px;\">\n<td style=\"text-align: center; width: 485px; height: 24px;\"><strong>\u041f\u043e\u0434\u044a\u0435\u043c\u043d\u044b\u0439 \u0434\u0432\u0438\u0433\u0430\u0442\u0435\u043b\u044c<\/strong><\/td>\n<td style=\"text-align: center; width: 350px; height: 24px;\">2,2\u043a\u0412\u0442<\/td>\n<\/tr>\n<tr style=\"height: 24px;\">\n<td style=\"text-align: center; width: 485px; height: 24px;\"><strong>\u0410\u043a\u0443<\/strong><\/td>\n<td style=\"text-align: center; width: 350px; height: 24px;\">2 x 12V 80Ah<\/td>\n<\/tr>\n<tr style=\"height: 24px;\">\n<td style=\"text-align: center; width: 485px; height: 24px;\"><strong>\u0421\u043a\u0430\u0447\u0430\u0442\u044c \u0441<\/strong><\/td>\n<td style=\"text-align: center; width: 350px; height: 24px;\">\u0432\u0441\u0442\u0440\u043e\u0435\u043d\u043d\u044b\u0439<\/td>\n<\/tr>\n<tr style=\"height: 24px;\">\n<td style=\"text-align: center; width: 485px; height: 24px;\"><strong>\u041a\u043e\u043b\u0435\u0441\u043e \u0425\u0430\u0440\u0433\u0438<\/strong><\/td>\n<td style=\"text-align: center; width: 350px; height: 24px;\">80\u043c\u043c x 70\u043c\u043c (\u043f\u043e\u043b\u0438\u0443\u0440\u0435\u0442\u0430\u043d)<\/td>\n<\/tr>\n<tr style=\"height: 24px;\">\n<td style=\"text-align: center; width: 485px; height: 24px;\"><strong>\u0420\u0443\u043b\u0435\u0432\u043e\u0435 \u043a\u043e\u043b\u0435\u0441\u043e \u0442\u0435\u043b\u0435\u0436\u043a\u0438<\/strong><\/td>\n<td style=\"text-align: center; width: 350px; height: 24px;\">220\u043c\u043c x 70\u043c\u043c (\u043f\u043e\u043b\u0438\u0443\u0440\u0435\u0442\u0430\u043d)<\/td>\n<\/tr>\n<tr style=\"height: 24px;\">\n<td style=\"text-align: center; width: 485px; height: 24px;\"><strong>\u0422\u043e\u0440\u043c\u043e\u0437<\/strong><\/td>\n<td style=\"text-align: center; width: 350px; height: 24px;\">\u044d\u043b\u0435\u043a\u0442\u0440\u043e\u043c\u0430\u0433\u043d\u0438\u0442\u043d\u044b\u0439<\/td>\n<\/tr>\n<tr style=\"height: 24px;\">\n<td style=\"text-align: center; width: 485px; height: 24px;\"><strong>\u0412\u0435\u0441 \u0441 \u0431\u0430\u0442\u0430\u0440\u0435\u0435\u0439<\/strong><\/td>\n<td style=\"text-align: center; width: 350px; height: 24px;\">570\u043a\u0433<\/td>\n<\/tr>\n<\/tbody>\n<\/table>\n<p>&nbsp;<\/p>","protected":false},"excerpt":{"rendered":"<p>4&nbsp;987 vaatamistelektriline virnastaja Kasutus &#8211; T\u00f5stuk, mis on m\u00f5eldud eelk\u00f5ige t\u00f5ste- ja teisaldust\u00f6\u00f6deks siseruumides. Ideaalne kaubaaluste virnastaja tootmises, ladudes, konteinerites, jaotuskeskustes jne. T\u00f6\u00f6tab 12V akude pealt. Kompaktne ja kerge. &#8212; Vajuta pildile, et toodet suuremalt n\u00e4ha.. Andmed: T\u00f6\u00f6koormus 1000kg T\u00f5stek\u00f5rgus Min. &#8211; Max. 87mm &#8211; 3500mm Max. k\u00f5rgus 3989mm \u00dcldine laius 820mm \u00dcldine pikkus 1750mm&#8230;<\/p>","protected":false},"author":1,"featured_media":0,"parent":5,"menu_order":0,"comment_status":"closed","ping_status":"closed","template":"","meta":{"_uf_show_specific_survey":0,"_uf_disable_surveys":false,"iawp_total_views":179,"footnotes":""},"class_list":["post-2716","page","type-page","status-publish","hentry"],"yoast_head":"<!-- This site is optimized with the Yoast SEO plugin v27.5 - https:\/\/yoast.com\/product\/yoast-seo-wordpress\/ -->\n<title>ELEKTRILINE VIRNASTAJA - Mazam O\u00dc - tootmine ja m\u00fc\u00fck<\/title>\n<meta name=\"description\" content=\"Elektriline virnastaja - T\u00f5stuk, mis on m\u00f5eldud eelk\u00f5ige t\u00f5ste- ja teisaldust\u00f6\u00f6deks siseruumides. Ideaalne kaubaaluste virnastaja..\" \/>\n<meta name=\"robots\" content=\"index, follow, max-snippet:-1, max-image-preview:large, max-video-preview:-1\" \/>\n<link rel=\"canonical\" href=\"https:\/\/www.mazam.eu\/ru\/produkty\/\u044d\u043b\u0435\u043a\u0442\u0440\u0438\u0447\u0435\u0441\u043a\u0438\u0439-\u0448\u0442\u0430\u0431\u0435\u043b\u0435\u0440\/\" \/>\n<meta property=\"og:locale\" content=\"ru_RU\" \/>\n<meta property=\"og:type\" content=\"article\" \/>\n<meta property=\"og:title\" content=\"ELEKTRILINE VIRNASTAJA - Mazam O\u00dc - tootmine ja m\u00fc\u00fck\" \/>\n<meta property=\"og:description\" content=\"Elektriline virnastaja - T\u00f5stuk, mis on m\u00f5eldud eelk\u00f5ige t\u00f5ste- ja teisaldust\u00f6\u00f6deks siseruumides. Ideaalne kaubaaluste virnastaja..\" \/>\n<meta property=\"og:url\" content=\"https:\/\/www.mazam.eu\/ru\/produkty\/\u044d\u043b\u0435\u043a\u0442\u0440\u0438\u0447\u0435\u0441\u043a\u0438\u0439-\u0448\u0442\u0430\u0431\u0435\u043b\u0435\u0440\/\" \/>\n<meta property=\"og:site_name\" content=\"Mazam O&Uuml; | T&otilde;ste- ja koormakinnitusvahendite tootmine ja m&uuml;&uuml;k (2014 - 2026) - linttropp &bull; koormarihm &bull; ringt&otilde;stev&ouml;&ouml; &bull; terastross &bull; kett-tropp &bull; vints &bull; t&otilde;stemagnet jpm.\" \/>\n<meta property=\"article:modified_time\" content=\"2025-11-12T11:52:00+00:00\" \/>\n<meta name=\"twitter:card\" content=\"summary_large_image\" \/>\n<meta name=\"twitter:label1\" content=\"\u041f\u0440\u0438\u043c\u0435\u0440\u043d\u043e\u0435 \u0432\u0440\u0435\u043c\u044f \u0434\u043b\u044f \u0447\u0442\u0435\u043d\u0438\u044f\" \/>\n\t<meta name=\"twitter:data1\" content=\"1 \u043c\u0438\u043d\u0443\u0442\u0430\" \/>\n<script type=\"application\/ld+json\" class=\"yoast-schema-graph\">{\"@context\":\"https:\\\/\\\/schema.org\",\"@graph\":[{\"@type\":\"WebPage\",\"@id\":\"https:\\\/\\\/www.mazam.eu\\\/tooted\\\/elektriline-virnastaja-1000kg\\\/\",\"url\":\"https:\\\/\\\/www.mazam.eu\\\/tooted\\\/elektriline-virnastaja-1000kg\\\/\",\"name\":\"ELEKTRILINE VIRNASTAJA - Mazam O\u00dc - tootmine ja m\u00fc\u00fck\",\"isPartOf\":{\"@id\":\"https:\\\/\\\/www.mazam.eu\\\/#website\"},\"datePublished\":\"2018-03-31T07:34:09+00:00\",\"dateModified\":\"2025-11-12T11:52:00+00:00\",\"description\":\"Elektriline virnastaja - T\u00f5stuk, mis on m\u00f5eldud eelk\u00f5ige t\u00f5ste- ja teisaldust\u00f6\u00f6deks siseruumides. Ideaalne kaubaaluste virnastaja..\",\"breadcrumb\":{\"@id\":\"https:\\\/\\\/www.mazam.eu\\\/tooted\\\/elektriline-virnastaja-1000kg\\\/#breadcrumb\"},\"inLanguage\":\"ru-RU\",\"potentialAction\":[{\"@type\":\"ReadAction\",\"target\":[\"https:\\\/\\\/www.mazam.eu\\\/tooted\\\/elektriline-virnastaja-1000kg\\\/\"]}]},{\"@type\":\"BreadcrumbList\",\"@id\":\"https:\\\/\\\/www.mazam.eu\\\/tooted\\\/elektriline-virnastaja-1000kg\\\/#breadcrumb\",\"itemListElement\":[{\"@type\":\"ListItem\",\"position\":1,\"name\":\"Home\",\"item\":\"https:\\\/\\\/www.mazam.eu\\\/\"},{\"@type\":\"ListItem\",\"position\":2,\"name\":\"Tooted\",\"item\":\"https:\\\/\\\/www.mazam.eu\\\/tooted\\\/\"},{\"@type\":\"ListItem\",\"position\":3,\"name\":\"Elektriline virnastaja 1000kg\"}]},{\"@type\":\"WebSite\",\"@id\":\"https:\\\/\\\/www.mazam.eu\\\/#website\",\"url\":\"https:\\\/\\\/www.mazam.eu\\\/\",\"name\":\"Mazam O&Uuml; | T&otilde;ste- ja koormakinnitusvahendite tootmine ja m&uuml;&uuml;k (2014 - 2026) - linttropp &bull; koormarihm &bull; ringt&otilde;stev&ouml;&ouml; &bull; terastross &bull; kett-tropp &bull; vints &bull; t&otilde;stemagnet jpm.\",\"description\":\"T&otilde;ste- ja kinnituslahendused | Lifting- and lashing solutions\",\"publisher\":{\"@id\":\"https:\\\/\\\/www.mazam.eu\\\/#organization\"},\"potentialAction\":[{\"@type\":\"SearchAction\",\"target\":{\"@type\":\"EntryPoint\",\"urlTemplate\":\"https:\\\/\\\/www.mazam.eu\\\/?s={search_term_string}\"},\"query-input\":{\"@type\":\"PropertyValueSpecification\",\"valueRequired\":true,\"valueName\":\"search_term_string\"}}],\"inLanguage\":\"ru-RU\"},{\"@type\":\"Organization\",\"@id\":\"https:\\\/\\\/www.mazam.eu\\\/#organization\",\"name\":\"Mazam O\u00dc\",\"url\":\"https:\\\/\\\/www.mazam.eu\\\/\",\"logo\":{\"@type\":\"ImageObject\",\"inLanguage\":\"ru-RU\",\"@id\":\"https:\\\/\\\/www.mazam.eu\\\/#\\\/schema\\\/logo\\\/image\\\/\",\"url\":\"https:\\\/\\\/www.mazam.eu\\\/wp-content\\\/uploads\\\/2015\\\/10\\\/mazam-logo-linttropp-koormarihm-t\u00f5stev\u00f6\u00f6.png\",\"contentUrl\":\"https:\\\/\\\/www.mazam.eu\\\/wp-content\\\/uploads\\\/2015\\\/10\\\/mazam-logo-linttropp-koormarihm-t\u00f5stev\u00f6\u00f6.png\",\"width\":190,\"height\":70,\"caption\":\"Mazam O\u00dc\"},\"image\":{\"@id\":\"https:\\\/\\\/www.mazam.eu\\\/#\\\/schema\\\/logo\\\/image\\\/\"}}]}<\/script>\n<!-- \/ Yoast SEO plugin. -->","yoast_head_json":{"title":"\u042d\u043b\u0435\u043a\u0442\u0440\u0438\u0447\u0435\u0441\u043a\u0438\u0439 \u0448\u0442\u0430\u0431\u0435\u043b\u0435\u0440 - Mazam O\u00dc - \u043f\u0440\u043e\u0438\u0437\u0432\u043e\u0434\u0441\u0442\u0432\u043e \u0438 \u043f\u0440\u043e\u0434\u0430\u0436\u0430","description":"\u042d\u043b\u0435\u043a\u0442\u0440\u0438\u0447\u0435\u0441\u043a\u0438\u0439 \u0448\u0442\u0430\u0431\u0435\u043b\u0435\u0440 - \u0448\u0442\u0430\u0431\u0435\u043b\u0435\u0440, \u043f\u0440\u0435\u0434\u043d\u0430\u0437\u043d\u0430\u0447\u0435\u043d\u043d\u044b\u0439 \u0432 \u043f\u0435\u0440\u0432\u0443\u044e \u043e\u0447\u0435\u0440\u0435\u0434\u044c \u0434\u043b\u044f \u043f\u043e\u0434\u044a\u0435\u043c\u0430 \u0438 \u043f\u0435\u0440\u0435\u043c\u0435\u0449\u0435\u043d\u0438\u044f \u0433\u0440\u0443\u0437\u043e\u0432 \u0432\u043d\u0443\u0442\u0440\u0438 \u043f\u043e\u043c\u0435\u0449\u0435\u043d\u0438\u0439. \u0418\u0434\u0435\u0430\u043b\u044c\u043d\u043e \u043f\u043e\u0434\u0445\u043e\u0434\u0438\u0442 \u0434\u043b\u044f \u0448\u0442\u0430\u0431\u0435\u043b\u0438\u0440\u043e\u0432\u0430\u043d\u0438\u044f \u043f\u0430\u043b\u043b\u0435\u0442...","robots":{"index":"index","follow":"follow","max-snippet":"max-snippet:-1","max-image-preview":"max-image-preview:large","max-video-preview":"max-video-preview:-1"},"canonical":"https:\/\/www.mazam.eu\/ru\/produkty\/\u044d\u043b\u0435\u043a\u0442\u0440\u0438\u0447\u0435\u0441\u043a\u0438\u0439-\u0448\u0442\u0430\u0431\u0435\u043b\u0435\u0440\/","og_locale":"ru_RU","og_type":"article","og_title":"ELEKTRILINE VIRNASTAJA - Mazam O\u00dc - tootmine ja m\u00fc\u00fck","og_description":"Elektriline virnastaja - T\u00f5stuk, mis on m\u00f5eldud eelk\u00f5ige t\u00f5ste- ja teisaldust\u00f6\u00f6deks siseruumides. Ideaalne kaubaaluste virnastaja..","og_url":"https:\/\/www.mazam.eu\/ru\/produkty\/\u044d\u043b\u0435\u043a\u0442\u0440\u0438\u0447\u0435\u0441\u043a\u0438\u0439-\u0448\u0442\u0430\u0431\u0435\u043b\u0435\u0440\/","og_site_name":"Mazam O&Uuml; | T&otilde;ste- ja koormakinnitusvahendite tootmine ja m&uuml;&uuml;k (2014 - 2026) - linttropp &bull; koormarihm &bull; ringt&otilde;stev&ouml;&ouml; &bull; terastross &bull; kett-tropp &bull; vints &bull; t&otilde;stemagnet jpm.","article_modified_time":"2025-11-12T11:52:00+00:00","twitter_card":"summary_large_image","twitter_misc":{"\u041f\u0440\u0438\u043c\u0435\u0440\u043d\u043e\u0435 \u0432\u0440\u0435\u043c\u044f \u0434\u043b\u044f \u0447\u0442\u0435\u043d\u0438\u044f":"1 \u043c\u0438\u043d\u0443\u0442\u0430"},"schema":{"@context":"https:\/\/schema.org","@graph":[{"@type":"WebPage","@id":"https:\/\/www.mazam.eu\/tooted\/elektriline-virnastaja-1000kg\/","url":"https:\/\/www.mazam.eu\/tooted\/elektriline-virnastaja-1000kg\/","name":"\u042d\u043b\u0435\u043a\u0442\u0440\u0438\u0447\u0435\u0441\u043a\u0438\u0439 \u0448\u0442\u0430\u0431\u0435\u043b\u0435\u0440 - Mazam O\u00dc - \u043f\u0440\u043e\u0438\u0437\u0432\u043e\u0434\u0441\u0442\u0432\u043e \u0438 \u043f\u0440\u043e\u0434\u0430\u0436\u0430","isPartOf":{"@id":"https:\/\/www.mazam.eu\/#website"},"datePublished":"2018-03-31T07:34:09+00:00","dateModified":"2025-11-12T11:52:00+00:00","description":"\u042d\u043b\u0435\u043a\u0442\u0440\u0438\u0447\u0435\u0441\u043a\u0438\u0439 \u0448\u0442\u0430\u0431\u0435\u043b\u0435\u0440 - \u0448\u0442\u0430\u0431\u0435\u043b\u0435\u0440, \u043f\u0440\u0435\u0434\u043d\u0430\u0437\u043d\u0430\u0447\u0435\u043d\u043d\u044b\u0439 \u0432 \u043f\u0435\u0440\u0432\u0443\u044e \u043e\u0447\u0435\u0440\u0435\u0434\u044c \u0434\u043b\u044f \u043f\u043e\u0434\u044a\u0435\u043c\u0430 \u0438 \u043f\u0435\u0440\u0435\u043c\u0435\u0449\u0435\u043d\u0438\u044f \u0433\u0440\u0443\u0437\u043e\u0432 \u0432\u043d\u0443\u0442\u0440\u0438 \u043f\u043e\u043c\u0435\u0449\u0435\u043d\u0438\u0439. \u0418\u0434\u0435\u0430\u043b\u044c\u043d\u043e \u043f\u043e\u0434\u0445\u043e\u0434\u0438\u0442 \u0434\u043b\u044f \u0448\u0442\u0430\u0431\u0435\u043b\u0438\u0440\u043e\u0432\u0430\u043d\u0438\u044f \u043f\u0430\u043b\u043b\u0435\u0442...","breadcrumb":{"@id":"https:\/\/www.mazam.eu\/tooted\/elektriline-virnastaja-1000kg\/#breadcrumb"},"inLanguage":"ru-RU","potentialAction":[{"@type":"ReadAction","target":["https:\/\/www.mazam.eu\/tooted\/elektriline-virnastaja-1000kg\/"]}]},{"@type":"BreadcrumbList","@id":"https:\/\/www.mazam.eu\/tooted\/elektriline-virnastaja-1000kg\/#breadcrumb","itemListElement":[{"@type":"ListItem","position":1,"name":"Home","item":"https:\/\/www.mazam.eu\/"},{"@type":"ListItem","position":2,"name":"Tooted","item":"https:\/\/www.mazam.eu\/tooted\/"},{"@type":"ListItem","position":3,"name":"Elektriline virnastaja 1000kg"}]},{"@type":"WebSite","@id":"https:\/\/www.mazam.eu\/#website","url":"https:\/\/www.mazam.eu\/","name":"Mazam O\u00dc | \u041f\u0440\u043e\u0438\u0437\u0432\u043e\u0434\u0441\u0442\u0432\u043e \u0438 \u043f\u0440\u043e\u0434\u0430\u0436\u0430 \u043f\u043e\u0434\u044a\u0435\u043c\u043d\u043e-\u0442\u0440\u0430\u043d\u0441\u043f\u043e\u0440\u0442\u043d\u043e\u0433\u043e \u043e\u0431\u043e\u0440\u0443\u0434\u043e\u0432\u0430\u043d\u0438\u044f (2014 - 2026) - \u043b\u0438\u043d\u0442\u0440\u0443\u043f\u0430 - \u0433\u0440\u0443\u0437\u043e\u0432\u043e\u0439 \u0440\u0435\u043c\u0435\u043d\u044c - \u0442\u0430\u043b\u0435\u0432\u044b\u0439 \u0440\u0435\u043c\u0435\u043d\u044c - \u0441\u0442\u0430\u043b\u044c\u043d\u043e\u0439 \u043a\u0430\u043d\u0430\u0442 - \u0446\u0435\u043f\u043d\u043e\u0439 \u0442\u0430\u043b\u0440\u0435\u043f - \u043b\u0435\u0431\u0435\u0434\u043a\u0430 - \u043f\u043e\u0434\u044a\u0435\u043c\u043d\u044b\u0439 \u043c\u0430\u0433\u043d\u0438\u0442 \u0438 \u0442.\u0434.","description":"\u0420\u0435\u0448\u0435\u043d\u0438\u044f \u0434\u043b\u044f \u043f\u043e\u0434\u044a\u0435\u043c\u0430 \u0438 \u043a\u0440\u0435\u043f\u043b\u0435\u043d\u0438\u044f | \u0420\u0435\u0448\u0435\u043d\u0438\u044f \u0434\u043b\u044f \u043f\u043e\u0434\u044a\u0435\u043c\u0430 \u0438 \u043a\u0440\u0435\u043f\u043b\u0435\u043d\u0438\u044f","publisher":{"@id":"https:\/\/www.mazam.eu\/#organization"},"potentialAction":[{"@type":"SearchAction","target":{"@type":"EntryPoint","urlTemplate":"https:\/\/www.mazam.eu\/?s={search_term_string}"},"query-input":{"@type":"PropertyValueSpecification","valueRequired":true,"valueName":"search_term_string"}}],"inLanguage":"ru-RU"},{"@type":"Organization","@id":"https:\/\/www.mazam.eu\/#organization","name":"Mazam O\u00dc","url":"https:\/\/www.mazam.eu\/","logo":{"@type":"ImageObject","inLanguage":"ru-RU","@id":"https:\/\/www.mazam.eu\/#\/schema\/logo\/image\/","url":"https:\/\/www.mazam.eu\/wp-content\/uploads\/2015\/10\/mazam-logo-linttropp-koormarihm-t\u00f5stev\u00f6\u00f6.png","contentUrl":"https:\/\/www.mazam.eu\/wp-content\/uploads\/2015\/10\/mazam-logo-linttropp-koormarihm-t\u00f5stev\u00f6\u00f6.png","width":190,"height":70,"caption":"Mazam O\u00dc"},"image":{"@id":"https:\/\/www.mazam.eu\/#\/schema\/logo\/image\/"}}]}},"_links":{"self":[{"href":"https:\/\/www.mazam.eu\/ru\/wp-json\/wp\/v2\/pages\/2716","targetHints":{"allow":["GET"]}}],"collection":[{"href":"https:\/\/www.mazam.eu\/ru\/wp-json\/wp\/v2\/pages"}],"about":[{"href":"https:\/\/www.mazam.eu\/ru\/wp-json\/wp\/v2\/types\/page"}],"author":[{"embeddable":true,"href":"https:\/\/www.mazam.eu\/ru\/wp-json\/wp\/v2\/users\/1"}],"replies":[{"embeddable":true,"href":"https:\/\/www.mazam.eu\/ru\/wp-json\/wp\/v2\/comments?post=2716"}],"version-history":[{"count":42,"href":"https:\/\/www.mazam.eu\/ru\/wp-json\/wp\/v2\/pages\/2716\/revisions"}],"predecessor-version":[{"id":12350,"href":"https:\/\/www.mazam.eu\/ru\/wp-json\/wp\/v2\/pages\/2716\/revisions\/12350"}],"up":[{"embeddable":true,"href":"https:\/\/www.mazam.eu\/ru\/wp-json\/wp\/v2\/pages\/5"}],"wp:attachment":[{"href":"https:\/\/www.mazam.eu\/ru\/wp-json\/wp\/v2\/media?parent=2716"}],"curies":[{"name":"wp","href":"https:\/\/api.w.org\/{rel}","templated":true}]}}