{"id":2910,"date":"2018-09-28T11:43:08","date_gmt":"2018-09-28T11:43:08","guid":{"rendered":"http:\/\/www.mazam.eu\/?page_id=2910"},"modified":"2025-02-18T21:31:00","modified_gmt":"2025-02-18T21:31:00","slug":"%d0%b7%d0%b0%d1%85%d0%b2%d0%b0%d1%82-%d0%b4%d0%bb%d1%8f-%d0%b4%d0%b5%d1%80%d0%b5%d0%b2%d0%b0","status":"publish","type":"page","link":"https:\/\/www.mazam.eu\/ru\/tooted\/palgihaarats-puidu-haarats\/","title":{"rendered":"\u0417\u0430\u0445\u0432\u0430\u0442 \u0434\u043b\u044f \u0434\u0435\u0440\u0435\u0432\u0430"},"content":{"rendered":"<div class='epvc-post-count'><span class='epvc-eye'><\/span>  <span class=\"epvc-count\"> 4&nbsp;845<\/span><span class='epvc-label'> \u043f\u0440\u043e\u0441\u043c\u043e\u0442\u0440<\/span><\/div><p><span style=\"color: #ffffff;\">\u0417\u0430\u0445\u0432\u0430\u0442 \u0434\u043b\u044f \u0434\u0435\u0440\u0435\u0432\u0430<\/span><br \/>\n<strong>\u041f\u0440\u0438\u043c\u0435\u043d\u0435\u043d\u0438\u0435 - \u0414\u043b\u044f \u043f\u043e\u0434\u044a\u0435\u043c\u0430, \u043f\u043e\u0433\u0440\u0443\u0437\u043a\u0438 \u0438 \u043f\u0435\u0440\u0435\u0432\u043e\u0440\u0430\u0447\u0438\u0432\u0430\u043d\u0438\u044f \u0434\u0435\u0440\u0435\u0432\u044f\u043d\u043d\u044b\u0445 \u0431\u0440\u0435\u0432\u0435\u043d \u0438 \u043f\u0430\u043a\u0435\u0442\u043e\u0432 \u043f\u0440\u0438 \u043b\u0435\u0441\u043e\u0437\u0430\u0433\u043e\u0442\u043e\u0432\u0438\u0442\u0435\u043b\u044c\u043d\u044b\u0445 \u0440\u0430\u0431\u043e\u0442\u0430\u0445.<br \/>\n\u0420\u0443\u0447\u043a\u0438 \u043e\u0431\u0435\u0441\u043f\u0435\u0447\u0438\u0432\u0430\u044e\u0442 \u043d\u0430\u0434\u0435\u0436\u043d\u044b\u0439 \u0437\u0430\u0445\u0432\u0430\u0442 \u0431\u043b\u0430\u0433\u043e\u0434\u0430\u0440\u044f \u043e\u0441\u0442\u0440\u044b\u043c \u043d\u0430\u043a\u043e\u043d\u0435\u0447\u043d\u0438\u043a\u0430\u043c (\u0437\u0443\u0431\u0446\u0430\u043c), \u043a\u043e\u0442\u043e\u0440\u044b\u0435 \u043f\u0440\u043e\u043d\u0438\u043a\u0430\u044e\u0442 \u0432 \u0434\u0440\u0435\u0432\u0435\u0441\u0438\u043d\u0443 \u043f\u043e\u0434 \u0434\u0435\u0439\u0441\u0442\u0432\u0438\u0435\u043c \u0441\u043e\u0431\u0441\u0442\u0432\u0435\u043d\u043d\u043e\u0433\u043e \u0432\u0435\u0441\u0430.<br \/>\n\u0412 \u043a\u043e\u043c\u043f\u043b\u0435\u043a\u0442 \u0442\u0430\u043a\u0436\u0435 \u0432\u0445\u043e\u0434\u0438\u0442 \u043f\u043e\u0434\u044a\u0435\u043c\u043d\u044b\u0439 \u0442\u0440\u043e\u0441 \u0434\u043b\u044f \u043f\u043e\u0434\u0441\u043e\u0435\u0434\u0438\u043d\u0435\u043d\u0438\u044f \u043a\u0440\u044e\u043a\u0430.<\/strong><br \/>\n<strong>\u2014<br \/>\n<\/strong><em><strong>\u041d\u0430\u0436\u043c\u0438\u0442\u0435 \u043d\u0430 \u0438\u0437\u043e\u0431\u0440\u0430\u0436\u0435\u043d\u0438\u0435, \u0447\u0442\u043e\u0431\u044b \u0443\u0432\u0438\u0434\u0435\u0442\u044c \u0442\u043e\u0432\u0430\u0440 \u0432 \u0443\u0432\u0435\u043b\u0438\u0447\u0435\u043d\u043d\u043e\u043c \u0440\u0430\u0437\u043c\u0435\u0440\u0435.<\/strong><\/em><\/p>\n<figure id=\"attachment_9822\" aria-describedby=\"caption-attachment-9822\" style=\"width: 200px\" class=\"wp-caption alignnone\"><a href=\"https:\/\/www.mazam.eu\/wp-content\/uploads\/2025\/02\/palgihaarats-puidu-haarats-\u0417\u0430\u0445\u0432\u0430\u0442-\u0434\u043b\u044f-\u0431\u0440\u0435\u0432\u0435\u043d-log-lifting-tongs-suur.jpg\" target=\"_blank\" rel=\"noopener\"><img loading=\"lazy\" decoding=\"async\" class=\"wp-image-9822 size-full\" src=\"https:\/\/www.mazam.eu\/wp-content\/uploads\/2025\/02\/palgihaarats-puidu-haarats-\u0417\u0430\u0445\u0432\u0430\u0442-\u0434\u043b\u044f-\u0431\u0440\u0435\u0432\u0435\u043d-log-lifting-tongs-avatar.jpg\" alt=\"\u0417\u0430\u0445\u0432\u0430\u0442 \u0434\u043b\u044f \u0434\u0435\u0440\u0435\u0432\u0430\" width=\"200\" height=\"150\" data-id=\"9822\" \/><\/a><figcaption id=\"caption-attachment-9822\" class=\"wp-caption-text\">\u0417\u0430\u0445\u0432\u0430\u0442 \u0434\u043b\u044f \u0434\u0435\u0440\u0435\u0432\u0430<\/figcaption><\/figure>\n<p><span style=\"text-decoration: underline; color: #ff6600;\"><strong>\u0414\u0430\u043d\u043d\u044b\u0435:<br \/>\n<\/strong><\/span><\/p>\n<table width=\"720\">\n<tbody>\n<tr>\n<td style=\"text-align: center;\" width=\"128\"><strong>\u0420\u0430\u0431\u043e\u0447\u0430\u044f \u043d\u0430\u0433\u0440\u0443\u0437\u043a\u0430<\/strong><\/td>\n<td style=\"text-align: center;\" width=\"128\"><strong>\u0417\u0430\u0437\u043e\u0440 \u043c\u0435\u0436\u0434\u0443 \u0447\u0435\u043b\u044e\u0441\u0442\u044f\u043c\u0438<\/strong><\/td>\n<td style=\"text-align: center;\" width=\"208\"><strong>\u0420\u0430\u0437\u043c\u0435\u0440\u044b<\/strong><\/td>\n<td style=\"text-align: center;\" width=\"128\"><strong>\u041f\u043e\u043a\u0440\u044b\u0442\u0438\u0435 \u043f\u043e\u0432\u0435\u0440\u0445\u043d\u043e\u0441\u0442\u0438<\/strong><\/td>\n<td style=\"text-align: center;\" width=\"128\"><strong>\u0412\u0435\u0441<\/strong><\/td>\n<\/tr>\n<tr>\n<td style=\"text-align: center;\" width=\"128\">300\u043a\u0433<\/td>\n<td style=\"text-align: center;\" width=\"128\">0 - 350 \u043c\u043c<\/td>\n<td style=\"text-align: center;\" width=\"208\">500 \u043c\u043c x 200 \u043c\u043c x 70 \u043c\u043c<\/td>\n<td style=\"text-align: center;\" width=\"128\">\u041e\u0446\u0438\u043d\u043a\u043e\u0432\u0430\u043d\u043d\u044b\u0439<\/td>\n<td style=\"text-align: center;\" width=\"128\">2 \u043a\u0433<\/td>\n<\/tr>\n<\/tbody>\n<\/table>\n<hr \/>\n<p style=\"text-align: center;\"><strong><span style=\"color: #333333;\">\u041f\u043e\u0434\u044a\u0435\u043c \u0438 \u043f\u0435\u0440\u0435\u043c\u0435\u0449\u0435\u043d\u0438\u0435 \u0431\u0430\u043b\u043e\u043a...<\/span><\/strong><img loading=\"lazy\" decoding=\"async\" class=\"size-full wp-image-9821 aligncenter\" src=\"https:\/\/www.mazam.eu\/wp-content\/uploads\/2025\/02\/palgihaarats-puidu-haarats-\u0417\u0430\u0445\u0432\u0430\u0442-\u0434\u043b\u044f-\u0431\u0440\u0435\u0432\u0435\u043d-log-lifting-tongs-mees-metsas.jpg\" alt=\"\" width=\"800\" height=\"533\" data-id=\"9821\" srcset=\"https:\/\/www.mazam.eu\/wp-content\/uploads\/2025\/02\/palgihaarats-puidu-haarats-\u0417\u0430\u0445\u0432\u0430\u0442-\u0434\u043b\u044f-\u0431\u0440\u0435\u0432\u0435\u043d-log-lifting-tongs-mees-metsas.jpg 800w, https:\/\/www.mazam.eu\/wp-content\/uploads\/2025\/02\/palgihaarats-puidu-haarats-\u0417\u0430\u0445\u0432\u0430\u0442-\u0434\u043b\u044f-\u0431\u0440\u0435\u0432\u0435\u043d-log-lifting-tongs-mees-metsas-300x200.jpg 300w, https:\/\/www.mazam.eu\/wp-content\/uploads\/2025\/02\/palgihaarats-puidu-haarats-\u0417\u0430\u0445\u0432\u0430\u0442-\u0434\u043b\u044f-\u0431\u0440\u0435\u0432\u0435\u043d-log-lifting-tongs-mees-metsas-768x512.jpg 768w, https:\/\/www.mazam.eu\/wp-content\/uploads\/2025\/02\/palgihaarats-puidu-haarats-\u0417\u0430\u0445\u0432\u0430\u0442-\u0434\u043b\u044f-\u0431\u0440\u0435\u0432\u0435\u043d-log-lifting-tongs-mees-metsas-375x250.jpg 375w, https:\/\/www.mazam.eu\/wp-content\/uploads\/2025\/02\/palgihaarats-puidu-haarats-\u0417\u0430\u0445\u0432\u0430\u0442-\u0434\u043b\u044f-\u0431\u0440\u0435\u0432\u0435\u043d-log-lifting-tongs-mees-metsas-233x156.jpg 233w, https:\/\/www.mazam.eu\/wp-content\/uploads\/2025\/02\/palgihaarats-puidu-haarats-\u0417\u0430\u0445\u0432\u0430\u0442-\u0434\u043b\u044f-\u0431\u0440\u0435\u0432\u0435\u043d-log-lifting-tongs-mees-metsas-380x252.jpg 380w\" sizes=\"auto, (max-width: 800px) 100vw, 800px\" \/><\/p>\n<p><span style=\"color: #ffffff;\">\u0411\u0440\u0435\u0432\u0435\u043d\u0447\u0430\u0442\u044b\u0439 \u0433\u0440\u0435\u0439\u0444\u0435\u0440 \u0411\u0440\u0435\u0432\u0435\u043d\u0447\u0430\u0442\u044b\u0439 \u0433\u0440\u0435\u0439\u0444\u0435\u0440 \u0411\u0440\u0435\u0432\u0435\u043d\u0447\u0430\u0442\u044b\u0439 \u0433\u0440\u0435\u0439\u0444\u0435\u0440 \u0411\u0440\u0435\u0432\u0435\u043d\u0447\u0430\u0442\u044b\u0439 \u0433\u0440\u0435\u0439\u0444\u0435\u0440 \u0411\u0440\u0435\u0432\u0435\u043d\u0447\u0430\u0442\u044b\u0439 \u0433\u0440\u0435\u0439\u0444\u0435\u0440 \u0411\u0440\u0435\u0432\u0435\u043d\u0447\u0430\u0442\u044b\u0439 \u0433\u0440\u0435\u0439\u0444\u0435\u0440 \u0411\u0440\u0435\u0432\u0435\u043d\u0447\u0430\u0442\u044b\u0439 \u0433\u0440\u0435\u0439\u0444\u0435\u0440 \u0411\u0440\u0435\u0432\u0435\u043d\u0447\u0430\u0442\u044b\u0435 \u043f\u043e\u0434\u044a\u0435\u043c\u043d\u044b\u0435 \u0449\u0438\u043f\u0446\u044b \u0411\u0440\u0435\u0432\u0435\u043d\u0447\u0430\u0442\u044b\u0439 \u0437\u0430\u0445\u0432\u0430\u0442\u00a0<\/span><\/p>","protected":false},"excerpt":{"rendered":"<p>4&nbsp;845 vaatamistpalgihaarats Kasutus &#8211; Puidust palkide ja pakkude t\u00f5stmiseks, laadimiseks ja p\u00f6\u00f6ramiseks metsat\u00f6\u00f6del. Haaratsid tagavad kindla haarde t\u00e4nu teravatele otstele (hammastele), mis raskusega ise puusse tungivad. T\u00f5steseekel konksuga \u00fchendamiseks on samuti komplektis. \u2014 Vajuta pildile, et toodet suuremalt n\u00e4ha.. Andmed: T\u00f6\u00f6koormus L\u00f5ugade vahe M\u00f5\u00f5dud Pinnakate Kaal 300kg 0 &#8211; 350mm 500mm x 200mm x 70mm&#8230;<\/p>","protected":false},"author":1,"featured_media":0,"parent":5,"menu_order":0,"comment_status":"closed","ping_status":"closed","template":"","meta":{"_uf_show_specific_survey":0,"_uf_disable_surveys":false,"iawp_total_views":207,"footnotes":""},"class_list":["post-2910","page","type-page","status-publish","hentry"],"yoast_head":"<!-- This site is optimized with the Yoast SEO plugin v27.5 - https:\/\/yoast.com\/product\/yoast-seo-wordpress\/ -->\n<title>PALGIHAARATS, puuhaarats - Mazam O\u00dc - tootmine ja m\u00fc\u00fck<\/title>\n<meta name=\"description\" content=\"PALGIHAARATS - Puidust palkide ja pakkude t\u00f5stmiseks, laadimiseks ja p\u00f6\u00f6ramiseks metsat\u00f6\u00f6del. Haaratsid tagavad kindla haarde t\u00e4nu..\" \/>\n<meta name=\"robots\" content=\"index, follow, max-snippet:-1, max-image-preview:large, max-video-preview:-1\" \/>\n<link rel=\"canonical\" href=\"https:\/\/www.mazam.eu\/ru\/produkty\/\u0437\u0430\u0445\u0432\u0430\u0442-\u0434\u043b\u044f-\u0434\u0435\u0440\u0435\u0432\u0430\/\" \/>\n<meta property=\"og:locale\" content=\"ru_RU\" \/>\n<meta property=\"og:type\" content=\"article\" \/>\n<meta property=\"og:title\" content=\"PALGIHAARATS, puuhaarats - Mazam O\u00dc - tootmine ja m\u00fc\u00fck\" \/>\n<meta property=\"og:description\" content=\"PALGIHAARATS - Puidust palkide ja pakkude t\u00f5stmiseks, laadimiseks ja p\u00f6\u00f6ramiseks metsat\u00f6\u00f6del. Haaratsid tagavad kindla haarde t\u00e4nu..\" \/>\n<meta property=\"og:url\" content=\"https:\/\/www.mazam.eu\/ru\/produkty\/\u0437\u0430\u0445\u0432\u0430\u0442-\u0434\u043b\u044f-\u0434\u0435\u0440\u0435\u0432\u0430\/\" \/>\n<meta property=\"og:site_name\" content=\"Mazam O&Uuml; | T&otilde;ste- ja koormakinnitusvahendite tootmine ja m&uuml;&uuml;k (2014 - 2026) - linttropp &bull; koormarihm &bull; ringt&otilde;stev&ouml;&ouml; &bull; terastross &bull; kett-tropp &bull; vints &bull; t&otilde;stemagnet jpm.\" \/>\n<meta property=\"article:modified_time\" content=\"2025-02-18T21:31:00+00:00\" \/>\n<meta name=\"twitter:card\" content=\"summary_large_image\" \/>\n<meta name=\"twitter:label1\" content=\"\u041f\u0440\u0438\u043c\u0435\u0440\u043d\u043e\u0435 \u0432\u0440\u0435\u043c\u044f \u0434\u043b\u044f \u0447\u0442\u0435\u043d\u0438\u044f\" \/>\n\t<meta name=\"twitter:data1\" content=\"1 \u043c\u0438\u043d\u0443\u0442\u0430\" \/>\n<script type=\"application\/ld+json\" class=\"yoast-schema-graph\">{\"@context\":\"https:\\\/\\\/schema.org\",\"@graph\":[{\"@type\":\"WebPage\",\"@id\":\"https:\\\/\\\/www.mazam.eu\\\/tooted\\\/palgihaarats-puidu-haarats\\\/\",\"url\":\"https:\\\/\\\/www.mazam.eu\\\/tooted\\\/palgihaarats-puidu-haarats\\\/\",\"name\":\"PALGIHAARATS, puuhaarats - Mazam O\u00dc - tootmine ja m\u00fc\u00fck\",\"isPartOf\":{\"@id\":\"https:\\\/\\\/www.mazam.eu\\\/#website\"},\"datePublished\":\"2018-09-28T11:43:08+00:00\",\"dateModified\":\"2025-02-18T21:31:00+00:00\",\"description\":\"PALGIHAARATS - Puidust palkide ja pakkude t\u00f5stmiseks, laadimiseks ja p\u00f6\u00f6ramiseks metsat\u00f6\u00f6del. Haaratsid tagavad kindla haarde t\u00e4nu..\",\"breadcrumb\":{\"@id\":\"https:\\\/\\\/www.mazam.eu\\\/tooted\\\/palgihaarats-puidu-haarats\\\/#breadcrumb\"},\"inLanguage\":\"ru-RU\",\"potentialAction\":[{\"@type\":\"ReadAction\",\"target\":[\"https:\\\/\\\/www.mazam.eu\\\/tooted\\\/palgihaarats-puidu-haarats\\\/\"]}]},{\"@type\":\"BreadcrumbList\",\"@id\":\"https:\\\/\\\/www.mazam.eu\\\/tooted\\\/palgihaarats-puidu-haarats\\\/#breadcrumb\",\"itemListElement\":[{\"@type\":\"ListItem\",\"position\":1,\"name\":\"Home\",\"item\":\"https:\\\/\\\/www.mazam.eu\\\/\"},{\"@type\":\"ListItem\",\"position\":2,\"name\":\"Tooted\",\"item\":\"https:\\\/\\\/www.mazam.eu\\\/tooted\\\/\"},{\"@type\":\"ListItem\",\"position\":3,\"name\":\"Palgihaarats\"}]},{\"@type\":\"WebSite\",\"@id\":\"https:\\\/\\\/www.mazam.eu\\\/#website\",\"url\":\"https:\\\/\\\/www.mazam.eu\\\/\",\"name\":\"Mazam O&Uuml; | T&otilde;ste- ja koormakinnitusvahendite tootmine ja m&uuml;&uuml;k (2014 - 2026) - linttropp &bull; koormarihm &bull; ringt&otilde;stev&ouml;&ouml; &bull; terastross &bull; kett-tropp &bull; vints &bull; t&otilde;stemagnet jpm.\",\"description\":\"T&otilde;ste- ja kinnituslahendused | Lifting- and lashing solutions\",\"publisher\":{\"@id\":\"https:\\\/\\\/www.mazam.eu\\\/#organization\"},\"potentialAction\":[{\"@type\":\"SearchAction\",\"target\":{\"@type\":\"EntryPoint\",\"urlTemplate\":\"https:\\\/\\\/www.mazam.eu\\\/?s={search_term_string}\"},\"query-input\":{\"@type\":\"PropertyValueSpecification\",\"valueRequired\":true,\"valueName\":\"search_term_string\"}}],\"inLanguage\":\"ru-RU\"},{\"@type\":\"Organization\",\"@id\":\"https:\\\/\\\/www.mazam.eu\\\/#organization\",\"name\":\"Mazam O\u00dc\",\"url\":\"https:\\\/\\\/www.mazam.eu\\\/\",\"logo\":{\"@type\":\"ImageObject\",\"inLanguage\":\"ru-RU\",\"@id\":\"https:\\\/\\\/www.mazam.eu\\\/#\\\/schema\\\/logo\\\/image\\\/\",\"url\":\"https:\\\/\\\/www.mazam.eu\\\/wp-content\\\/uploads\\\/2015\\\/10\\\/mazam-logo-linttropp-koormarihm-t\u00f5stev\u00f6\u00f6.png\",\"contentUrl\":\"https:\\\/\\\/www.mazam.eu\\\/wp-content\\\/uploads\\\/2015\\\/10\\\/mazam-logo-linttropp-koormarihm-t\u00f5stev\u00f6\u00f6.png\",\"width\":190,\"height\":70,\"caption\":\"Mazam O\u00dc\"},\"image\":{\"@id\":\"https:\\\/\\\/www.mazam.eu\\\/#\\\/schema\\\/logo\\\/image\\\/\"}}]}<\/script>\n<!-- \/ Yoast SEO plugin. -->","yoast_head_json":{"title":"\u0417\u0430\u0445\u0432\u0430\u0442 \u0434\u043b\u044f \u0434\u0435\u0440\u0435\u0432\u0430 - Mazam O\u00dc - \u043f\u0440\u043e\u0438\u0437\u0432\u043e\u0434\u0441\u0442\u0432\u043e \u0438 \u043f\u0440\u043e\u0434\u0430\u0436\u0430","description":"\u0417\u0430\u0445\u0432\u0430\u0442 \u0434\u043b\u044f \u0434\u0435\u0440\u0435\u0432\u0430 - \u0414\u043b\u044f \u043f\u043e\u0434\u044a\u0435\u043c\u0430, \u043f\u043e\u0433\u0440\u0443\u0437\u043a\u0438 \u0438 \u043f\u043e\u0432\u043e\u0440\u043e\u0442\u0430 \u0434\u0435\u0440\u0435\u0432\u044f\u043d\u043d\u044b\u0445 \u0431\u0440\u0435\u0432\u0435\u043d \u0438 \u043f\u0430\u043a\u0435\u0442\u043e\u0432 \u043f\u0440\u0438 \u043b\u0435\u0441\u043e\u0437\u0430\u0433\u043e\u0442\u043e\u0432\u0438\u0442\u0435\u043b\u044c\u043d\u044b\u0445 \u0440\u0430\u0431\u043e\u0442\u0430\u0445. \u0417\u0430\u0445\u0432\u0430\u0442\u044b \u043e\u0431\u0435\u0441\u043f\u0435\u0447\u0438\u0432\u0430\u044e\u0442 \u043d\u0430\u0434\u0435\u0436\u043d\u044b\u0439 \u0437\u0430\u0445\u0432\u0430\u0442 \u0431\u043b\u0430\u0433\u043e\u0434\u0430\u0440\u044f...","robots":{"index":"index","follow":"follow","max-snippet":"max-snippet:-1","max-image-preview":"max-image-preview:large","max-video-preview":"max-video-preview:-1"},"canonical":"https:\/\/www.mazam.eu\/ru\/produkty\/\u0437\u0430\u0445\u0432\u0430\u0442-\u0434\u043b\u044f-\u0434\u0435\u0440\u0435\u0432\u0430\/","og_locale":"ru_RU","og_type":"article","og_title":"PALGIHAARATS, puuhaarats - Mazam O\u00dc - tootmine ja m\u00fc\u00fck","og_description":"PALGIHAARATS - Puidust palkide ja pakkude t\u00f5stmiseks, laadimiseks ja p\u00f6\u00f6ramiseks metsat\u00f6\u00f6del. Haaratsid tagavad kindla haarde t\u00e4nu..","og_url":"https:\/\/www.mazam.eu\/ru\/produkty\/\u0437\u0430\u0445\u0432\u0430\u0442-\u0434\u043b\u044f-\u0434\u0435\u0440\u0435\u0432\u0430\/","og_site_name":"Mazam O&Uuml; | T&otilde;ste- ja koormakinnitusvahendite tootmine ja m&uuml;&uuml;k (2014 - 2026) - linttropp &bull; koormarihm &bull; ringt&otilde;stev&ouml;&ouml; &bull; terastross &bull; kett-tropp &bull; vints &bull; t&otilde;stemagnet jpm.","article_modified_time":"2025-02-18T21:31:00+00:00","twitter_card":"summary_large_image","twitter_misc":{"\u041f\u0440\u0438\u043c\u0435\u0440\u043d\u043e\u0435 \u0432\u0440\u0435\u043c\u044f \u0434\u043b\u044f \u0447\u0442\u0435\u043d\u0438\u044f":"1 \u043c\u0438\u043d\u0443\u0442\u0430"},"schema":{"@context":"https:\/\/schema.org","@graph":[{"@type":"WebPage","@id":"https:\/\/www.mazam.eu\/tooted\/palgihaarats-puidu-haarats\/","url":"https:\/\/www.mazam.eu\/tooted\/palgihaarats-puidu-haarats\/","name":"\u0417\u0430\u0445\u0432\u0430\u0442 \u0434\u043b\u044f \u0434\u0435\u0440\u0435\u0432\u0430 - Mazam O\u00dc - \u043f\u0440\u043e\u0438\u0437\u0432\u043e\u0434\u0441\u0442\u0432\u043e \u0438 \u043f\u0440\u043e\u0434\u0430\u0436\u0430","isPartOf":{"@id":"https:\/\/www.mazam.eu\/#website"},"datePublished":"2018-09-28T11:43:08+00:00","dateModified":"2025-02-18T21:31:00+00:00","description":"\u0417\u0430\u0445\u0432\u0430\u0442 \u0434\u043b\u044f \u0434\u0435\u0440\u0435\u0432\u0430 - \u0414\u043b\u044f \u043f\u043e\u0434\u044a\u0435\u043c\u0430, \u043f\u043e\u0433\u0440\u0443\u0437\u043a\u0438 \u0438 \u043f\u043e\u0432\u043e\u0440\u043e\u0442\u0430 \u0434\u0435\u0440\u0435\u0432\u044f\u043d\u043d\u044b\u0445 \u0431\u0440\u0435\u0432\u0435\u043d \u0438 \u043f\u0430\u043a\u0435\u0442\u043e\u0432 \u043f\u0440\u0438 \u043b\u0435\u0441\u043e\u0437\u0430\u0433\u043e\u0442\u043e\u0432\u0438\u0442\u0435\u043b\u044c\u043d\u044b\u0445 \u0440\u0430\u0431\u043e\u0442\u0430\u0445. \u0417\u0430\u0445\u0432\u0430\u0442\u044b \u043e\u0431\u0435\u0441\u043f\u0435\u0447\u0438\u0432\u0430\u044e\u0442 \u043d\u0430\u0434\u0435\u0436\u043d\u044b\u0439 \u0437\u0430\u0445\u0432\u0430\u0442 \u0431\u043b\u0430\u0433\u043e\u0434\u0430\u0440\u044f...","breadcrumb":{"@id":"https:\/\/www.mazam.eu\/tooted\/palgihaarats-puidu-haarats\/#breadcrumb"},"inLanguage":"ru-RU","potentialAction":[{"@type":"ReadAction","target":["https:\/\/www.mazam.eu\/tooted\/palgihaarats-puidu-haarats\/"]}]},{"@type":"BreadcrumbList","@id":"https:\/\/www.mazam.eu\/tooted\/palgihaarats-puidu-haarats\/#breadcrumb","itemListElement":[{"@type":"ListItem","position":1,"name":"Home","item":"https:\/\/www.mazam.eu\/"},{"@type":"ListItem","position":2,"name":"Tooted","item":"https:\/\/www.mazam.eu\/tooted\/"},{"@type":"ListItem","position":3,"name":"Palgihaarats"}]},{"@type":"WebSite","@id":"https:\/\/www.mazam.eu\/#website","url":"https:\/\/www.mazam.eu\/","name":"Mazam O\u00dc | \u041f\u0440\u043e\u0438\u0437\u0432\u043e\u0434\u0441\u0442\u0432\u043e \u0438 \u043f\u0440\u043e\u0434\u0430\u0436\u0430 \u043f\u043e\u0434\u044a\u0435\u043c\u043d\u043e-\u0442\u0440\u0430\u043d\u0441\u043f\u043e\u0440\u0442\u043d\u043e\u0433\u043e \u043e\u0431\u043e\u0440\u0443\u0434\u043e\u0432\u0430\u043d\u0438\u044f (2014 - 2026) - \u043b\u0438\u043d\u0442\u0440\u0443\u043f\u0430 - \u0433\u0440\u0443\u0437\u043e\u0432\u043e\u0439 \u0440\u0435\u043c\u0435\u043d\u044c - \u0442\u0430\u043b\u0435\u0432\u044b\u0439 \u0440\u0435\u043c\u0435\u043d\u044c - \u0441\u0442\u0430\u043b\u044c\u043d\u043e\u0439 \u043a\u0430\u043d\u0430\u0442 - \u0446\u0435\u043f\u043d\u043e\u0439 \u0442\u0430\u043b\u0440\u0435\u043f - \u043b\u0435\u0431\u0435\u0434\u043a\u0430 - \u043f\u043e\u0434\u044a\u0435\u043c\u043d\u044b\u0439 \u043c\u0430\u0433\u043d\u0438\u0442 \u0438 \u0442.\u0434.","description":"\u0420\u0435\u0448\u0435\u043d\u0438\u044f \u0434\u043b\u044f \u043f\u043e\u0434\u044a\u0435\u043c\u0430 \u0438 \u043a\u0440\u0435\u043f\u043b\u0435\u043d\u0438\u044f | \u0420\u0435\u0448\u0435\u043d\u0438\u044f \u0434\u043b\u044f \u043f\u043e\u0434\u044a\u0435\u043c\u0430 \u0438 \u043a\u0440\u0435\u043f\u043b\u0435\u043d\u0438\u044f","publisher":{"@id":"https:\/\/www.mazam.eu\/#organization"},"potentialAction":[{"@type":"SearchAction","target":{"@type":"EntryPoint","urlTemplate":"https:\/\/www.mazam.eu\/?s={search_term_string}"},"query-input":{"@type":"PropertyValueSpecification","valueRequired":true,"valueName":"search_term_string"}}],"inLanguage":"ru-RU"},{"@type":"Organization","@id":"https:\/\/www.mazam.eu\/#organization","name":"Mazam O\u00dc","url":"https:\/\/www.mazam.eu\/","logo":{"@type":"ImageObject","inLanguage":"ru-RU","@id":"https:\/\/www.mazam.eu\/#\/schema\/logo\/image\/","url":"https:\/\/www.mazam.eu\/wp-content\/uploads\/2015\/10\/mazam-logo-linttropp-koormarihm-t\u00f5stev\u00f6\u00f6.png","contentUrl":"https:\/\/www.mazam.eu\/wp-content\/uploads\/2015\/10\/mazam-logo-linttropp-koormarihm-t\u00f5stev\u00f6\u00f6.png","width":190,"height":70,"caption":"Mazam O\u00dc"},"image":{"@id":"https:\/\/www.mazam.eu\/#\/schema\/logo\/image\/"}}]}},"_links":{"self":[{"href":"https:\/\/www.mazam.eu\/ru\/wp-json\/wp\/v2\/pages\/2910","targetHints":{"allow":["GET"]}}],"collection":[{"href":"https:\/\/www.mazam.eu\/ru\/wp-json\/wp\/v2\/pages"}],"about":[{"href":"https:\/\/www.mazam.eu\/ru\/wp-json\/wp\/v2\/types\/page"}],"author":[{"embeddable":true,"href":"https:\/\/www.mazam.eu\/ru\/wp-json\/wp\/v2\/users\/1"}],"replies":[{"embeddable":true,"href":"https:\/\/www.mazam.eu\/ru\/wp-json\/wp\/v2\/comments?post=2910"}],"version-history":[{"count":24,"href":"https:\/\/www.mazam.eu\/ru\/wp-json\/wp\/v2\/pages\/2910\/revisions"}],"predecessor-version":[{"id":9833,"href":"https:\/\/www.mazam.eu\/ru\/wp-json\/wp\/v2\/pages\/2910\/revisions\/9833"}],"up":[{"embeddable":true,"href":"https:\/\/www.mazam.eu\/ru\/wp-json\/wp\/v2\/pages\/5"}],"wp:attachment":[{"href":"https:\/\/www.mazam.eu\/ru\/wp-json\/wp\/v2\/media?parent=2910"}],"curies":[{"name":"wp","href":"https:\/\/api.w.org\/{rel}","templated":true}]}}