{"id":3003,"date":"2018-11-12T19:28:31","date_gmt":"2018-11-12T19:28:31","guid":{"rendered":"http:\/\/www.mazam.eu\/?page_id=3003"},"modified":"2026-04-04T17:20:00","modified_gmt":"2026-04-04T17:20:00","slug":"stropy-tekstilnyye-koltsevyye","status":"publish","type":"page","link":"https:\/\/www.mazam.eu\/ru\/tooted\/ringtostevood\/","title":{"rendered":"\u0421\u0442\u0440\u043e\u043f\u044b \u0442\u0435\u043a\u0441\u0442\u0438\u043b\u044c\u043d\u044b\u0435 \u043a\u043e\u043b\u044c\u0446\u0435\u0432\u044b\u0435"},"content":{"rendered":"<div class='epvc-post-count'><span class='epvc-eye'><\/span>  <span class=\"epvc-count\"> 4 174<\/span><span class='epvc-label'> \u043f\u0440\u043e\u0441\u043c\u043e\u0442\u0440<\/span><\/div><p><strong><span style=\"color: #ffffff;\">\u043f\u043e\u0434\u044a\u0451\u043c\u043d\u044b\u0435 \u0440\u0435\u043c\u043d\u0438<br \/>\n<\/span>\u0418\u0441\u043f\u043e\u043b\u044c\u0437\u043e\u0432\u0430\u043d\u0438\u0435 - \u0414\u043b\u044f \u043f\u043e\u0434\u044a\u0435\u043c\u0430 \u0442\u044f\u0436\u0435\u043b\u044b\u0445 \u0433\u0440\u0443\u0437\u043e\u0432 \u043d\u0430 \u043f\u0440\u043e\u0438\u0437\u0432\u043e\u0434\u0441\u0442\u0432\u0435, \u0441\u0442\u0440\u043e\u0438\u0442\u0435\u043b\u044c\u0441\u0442\u0432\u0435, \u0432 \u043f\u043e\u0440\u0442\u0443, \u043b\u0435\u0441\u0443 \u0438 \u0442. \u0434.<br \/>\n\u041c\u0430\u0442\u0435\u0440\u0438\u0430\u043b - \u0432\u044b\u0441\u043e\u043a\u043e\u043a\u0430\u0447\u0435\u0441\u0442\u0432\u0435\u043d\u043d\u044b\u0439 \u043f\u043e\u043b\u0438\u044d\u0441\u0442\u0435\u0440. \u042d\u0442\u043e\u0442 \u043c\u0430\u0442\u0435\u0440\u0438\u0430\u043b \u043f\u043e\u043b\u0443\u0432\u043e\u0434\u043e\u0441\u0442\u043e\u0439\u043a\u0438\u0439, \u0432\u043f\u0438\u0442\u044b\u0432\u0430\u0435\u0442 \u043e\u0447\u0435\u043d\u044c \u043c\u0430\u043b\u043e \u0432\u043e\u0434\u044b, \u0447\u0442\u043e\u0431\u044b \u043f\u0440\u0435\u0434\u043e\u0442\u0432\u0440\u0430\u0442\u0438\u0442\u044c \u043f\u043e\u044f\u0432\u043b\u0435\u043d\u0438\u0435 \u043f\u043b\u0435\u0441\u0435\u043d\u0438.<br \/>\n\u0414\u043e\u0441\u0442\u0430\u0442\u043e\u0447\u043d\u043e \u043f\u0440\u043e\u0447\u043d\u0430\u044f, \u043d\u043e \u043c\u044f\u0433\u043a\u0430\u044f, \u0447\u0442\u043e\u0431\u044b \u0438\u0441\u043f\u043e\u043b\u044c\u0437\u043e\u0432\u0430\u0442\u044c \u0435\u0435 \u0434\u043b\u044f \u043a\u0440\u0443\u0433\u043e\u0432\u043e\u0433\u043e \u0448\u0438\u0442\u044c\u044f (\u0448\u0438\u0442\u044c\u044f).<br \/>\n\u0426\u0432\u0435\u0442\u0430 \u043e\u0431\u043e\u0437\u043d\u0430\u0447\u0430\u044e\u0442 \u043a\u043e\u043d\u043a\u0440\u0435\u0442\u043d\u044b\u0439 \u043e\u0431\u044a\u0435\u043c \u0440\u0430\u0431\u043e\u0442\u044b.<br \/>\n<span style=\"color: #333333;\">\u0414\u043e\u043f\u0443\u0441\u0442\u0438\u043c\u0430\u044f \u0442\u0435\u043c\u043f\u0435\u0440\u0430\u0442\u0443\u0440\u0430 \u043e\u0442 -40\u00b0C \u0434\u043e +100\u00b0C<\/span><br \/>\n\u041f\u0440\u043e\u0434\u0443\u043a\u0442\u044b \u0438\u043c\u0435\u0435\u0442 \u0441\u0435\u0440\u0442\u0438\u0444\u0438\u043a\u0430\u0442\u044b.<br \/>\n\u0417\u0430\u043f\u0430\u0441 \u043f\u0440\u043e\u0447\u043d\u043e\u0441\u0442\u0438 7:1<br \/>\n\u2014<br \/>\n<\/strong><em><strong>\u041d\u0430\u0436\u043c\u0438\u0442\u0435 \u043d\u0430 \u0438\u0437\u043e\u0431\u0440\u0430\u0436\u0435\u043d\u0438\u0435, \u0447\u0442\u043e\u0431\u044b \u0443\u0432\u0438\u0434\u0435\u0442\u044c \u0431\u043e\u043b\u044c\u0448\u0435 \u0438\u043d\u0444\u043e\u0440\u043c\u0430\u0446\u0438\u0438 \u043e \u043a\u0440\u0443\u0433\u043b\u044b\u0445 \u043f\u043e\u0434\u044a\u0435\u043c\u043d\u044b\u0445 \u043b\u0435\u043d\u0442\u0430\u0445.<\/strong><\/em><\/p>\n<table style=\"width: 100%; border-collapse: collapse; border-style: hidden;\">\n<tbody>\n<tr>\n<td style=\"width: 33.3333%; text-align: center;\">\n<p><figure id=\"attachment_9839\" aria-describedby=\"caption-attachment-9839\" style=\"width: 200px\" class=\"wp-caption aligncenter\"><a href=\"https:\/\/www.mazam.eu\/ru\/produkty\/strop-tekstilnyy-koltsevoy\/\"><img loading=\"lazy\" decoding=\"async\" class=\"wp-image-9839 size-full\" src=\"https:\/\/www.mazam.eu\/wp-content\/uploads\/2025\/02\/ringtostevoo-ringvoo-\u0421\u0442\u0440\u043e\u043f-\u0442\u0435\u043a\u0441\u0442\u0438\u043b\u044c\u043d\u044b\u0439-\u043a\u043e\u043b\u044c\u0446\u0435\u0432\u043e\u0439-endless-webbing-sling-avatar.jpg\" alt=\"\u0421\u0442\u0440\u043e\u043f \u0442\u0435\u043a\u0441\u0442\u0438\u043b\u044c\u043d\u044b\u0439 \u043a\u043e\u043b\u044c\u0446\u0435\u0432\u043e\u0439\" width=\"200\" height=\"150\" data-id=\"1341\" \/><\/a><figcaption id=\"caption-attachment-9839\" class=\"wp-caption-text\">\u0421\u0442\u0440\u043e\u043f \u0442\u0435\u043a\u0441\u0442\u0438\u043b\u044c\u043d\u044b\u0439 \u043a\u043e\u043b\u044c\u0446\u0435\u0432\u043e\u0439<\/figcaption><\/figure><\/td>\n<td style=\"width: 33.3333%; text-align: center;\">\n<p><figure id=\"attachment_10379\" aria-describedby=\"caption-attachment-10379\" style=\"width: 200px\" class=\"wp-caption aligncenter\"><a href=\"https:\/\/www.mazam.eu\/ru\/produkty\/strop-kruglopryadnyy-s-filamentom\/\"><img loading=\"lazy\" decoding=\"async\" class=\"wp-image-10379 size-full\" src=\"https:\/\/www.mazam.eu\/wp-content\/uploads\/2025\/02\/kiudfilament-ringtostevoo-\u0421\u0442\u0440\u043e\u043f-\u0442\u0435\u043a\u0441\u0442\u0438\u043b\u044c\u043d\u044b\u0439-\u043a\u0440\u0443\u0433\u043b\u043e\u043f\u0440\u044f\u0434\u043d\u044b\u0439-\u043a\u043e\u043b\u044c\u0446\u0435\u0432\u043e\u0439-round-sling-avatar.jpg\" alt=\"\u0421\u0442\u0440\u043e\u043f \u0442\u0435\u043a\u0441\u0442\u0438\u043b\u044c\u043d\u044b\u0439 \u043a\u0440\u0443\u0433\u043b\u043e\u043f\u0440\u044f\u0434\u043d\u044b\u0439 \u043a\u043e\u043b\u044c\u0446\u0435\u0432\u043e\u0439\" width=\"200\" height=\"150\" data-id=\"10379\" \/><\/a><figcaption id=\"caption-attachment-10379\" class=\"wp-caption-text\">\u0421\u0442\u0440\u043e\u043f \u0442\u0435\u043a\u0441\u0442\u0438\u043b\u044c\u043d\u044b\u0439 \u043a\u0440\u0443\u0433\u043b\u043e\u043f\u0440\u044f\u0434\u043d\u044b\u0439 \u043a\u043e\u043b\u044c\u0446\u0435\u0432\u043e\u0439<\/figcaption><\/figure><\/td>\n<td style=\"width: 33.3333%; text-align: center;\">\n<p><figure id=\"attachment_10376\" aria-describedby=\"caption-attachment-10376\" style=\"width: 200px\" class=\"wp-caption aligncenter\"><a href=\"https:\/\/www.mazam.eu\/ru\/produkty\/strop-kruglopryadnyy-s-filamentom-komp\/\"><img loading=\"lazy\" decoding=\"async\" class=\"wp-image-10376 size-full\" src=\"https:\/\/www.mazam.eu\/wp-content\/uploads\/2025\/02\/kiudfilament-ringtostevoo-kompaktne-\u0421\u0442\u0440\u043e\u043f-\u0442\u0435\u043a\u0441\u0442\u0438\u043b\u044c\u043d\u044b\u0439-\u043a\u0440\u0443\u0433\u043b\u043e\u043f\u0440\u044f\u0434\u043d\u044b\u0439-\u043a\u043e\u043b\u044c\u0446\u0435\u0432\u043e\u0439-\u043a\u043e\u043c\u043f\u0430\u043a\u0442\u043d\u044b\u0439-round-sling-compact-avatar.jpg\" alt=\"\u0421\u0442\u0440\u043e\u043f \u0442\u0435\u043a\u0441\u0442\u0438\u043b\u044c\u043d\u044b\u0439 \u043a\u0440\u0443\u0433\u043b\u043e\u043f\u0440\u044f\u0434\u043d\u044b\u0439 \u043a\u043e\u043b\u044c\u0446\u0435\u0432\u043e\u0439 (\u043a\u043e\u043c\u043f\u0430\u043a\u0442\u043d\u044b\u0439)\" width=\"200\" height=\"150\" data-id=\"10376\" \/><\/a><figcaption id=\"caption-attachment-10376\" class=\"wp-caption-text\">\u0421\u0442\u0440\u043e\u043f \u0442\u0435\u043a\u0441\u0442\u0438\u043b\u044c\u043d\u044b\u0439 \u043a\u0440\u0443\u0433\u043b\u043e\u043f\u0440\u044f\u0434\u043d\u044b\u0439 \u043a\u043e\u043b\u044c\u0446\u0435\u0432\u043e\u0439 (\u043a\u043e\u043c\u043f\u0430\u043a\u0442\u043d\u044b\u0439)<\/figcaption><\/figure><\/td>\n<\/tr>\n<\/tbody>\n<\/table>\n<p>&nbsp;<\/p>","protected":false},"excerpt":{"rendered":"<p>4&nbsp;174 vaatamistringt\u00f5stev\u00f6\u00f6d Kasutus \u2013 Raske lasti v\u00f5i kauba t\u00f5stmiseks tootmises, ehitusel, sadamas, metsas jne. Materjal on kvaliteetne pol\u00fcester. See materjal on poolveekindel, imades v\u00e4ga v\u00e4he vett, et v\u00e4ltida hallitust. Piisavalt tugev, kuid parajalt pehme, et temast saaks ringt\u00f5stev\u00f6\u00f6sid toota (\u00f5mmelda). V\u00e4rvi t\u00e4histavad kindlat t\u00f6\u00f6koormust. Lubatud temperatuur -40\u00b0C kuni +100\u00b0C Toodetel on sertifikaat. Varutegur 7:1 &#8212;&#8230;<\/p>","protected":false},"author":1,"featured_media":0,"parent":5,"menu_order":0,"comment_status":"closed","ping_status":"closed","template":"","meta":{"_uf_show_specific_survey":0,"_uf_disable_surveys":false,"iawp_total_views":529,"footnotes":""},"class_list":["post-3003","page","type-page","status-publish","hentry"],"yoast_head":"<!-- This site is optimized with the Yoast SEO plugin v27.5 - https:\/\/yoast.com\/product\/yoast-seo-wordpress\/ -->\n<title>RINGT\u00d5STEV\u00d6\u00d6D LINDIST JA KIUDFILAMENDIST - Mazam O\u00dc<\/title>\n<meta name=\"description\" content=\"Ringt\u00f5stev\u00f6\u00f6d - Raske lasti v\u00f5i kauba t\u00f5stmiseks tootmises, ehitusel, sadamas, metsas jne. Materjal on kvaliteetne pol\u00fcester. See materjal..\" \/>\n<meta name=\"robots\" content=\"index, follow, max-snippet:-1, max-image-preview:large, max-video-preview:-1\" \/>\n<link rel=\"canonical\" href=\"https:\/\/www.mazam.eu\/ru\/produkty\/stropy-tekstilnyye-koltsevyye\/\" \/>\n<meta property=\"og:locale\" content=\"ru_RU\" \/>\n<meta property=\"og:type\" content=\"article\" \/>\n<meta property=\"og:title\" content=\"RINGT\u00d5STEV\u00d6\u00d6D LINDIST JA KIUDFILAMENDIST - Mazam O\u00dc\" \/>\n<meta property=\"og:description\" content=\"Ringt\u00f5stev\u00f6\u00f6d - Raske lasti v\u00f5i kauba t\u00f5stmiseks tootmises, ehitusel, sadamas, metsas jne. Materjal on kvaliteetne pol\u00fcester. See materjal..\" \/>\n<meta property=\"og:url\" content=\"https:\/\/www.mazam.eu\/ru\/produkty\/stropy-tekstilnyye-koltsevyye\/\" \/>\n<meta property=\"og:site_name\" content=\"Mazam O&Uuml; | T&otilde;ste- ja koormakinnitusvahendite tootmine ja m&uuml;&uuml;k (2014 - 2026) - linttropp &bull; koormarihm &bull; ringt&otilde;stev&ouml;&ouml; &bull; terastross &bull; kett-tropp &bull; vints &bull; t&otilde;stemagnet jpm.\" \/>\n<meta property=\"article:modified_time\" content=\"2026-04-04T17:20:00+00:00\" \/>\n<meta name=\"twitter:card\" content=\"summary_large_image\" \/>\n<meta name=\"twitter:label1\" content=\"\u041f\u0440\u0438\u043c\u0435\u0440\u043d\u043e\u0435 \u0432\u0440\u0435\u043c\u044f \u0434\u043b\u044f \u0447\u0442\u0435\u043d\u0438\u044f\" \/>\n\t<meta name=\"twitter:data1\" content=\"1 \u043c\u0438\u043d\u0443\u0442\u0430\" \/>\n<script type=\"application\/ld+json\" class=\"yoast-schema-graph\">{\"@context\":\"https:\\\/\\\/schema.org\",\"@graph\":[{\"@type\":\"WebPage\",\"@id\":\"https:\\\/\\\/www.mazam.eu\\\/tooted\\\/ringtostevood\\\/\",\"url\":\"https:\\\/\\\/www.mazam.eu\\\/tooted\\\/ringtostevood\\\/\",\"name\":\"RINGT\u00d5STEV\u00d6\u00d6D LINDIST JA KIUDFILAMENDIST - Mazam O\u00dc\",\"isPartOf\":{\"@id\":\"https:\\\/\\\/www.mazam.eu\\\/#website\"},\"datePublished\":\"2018-11-12T19:28:31+00:00\",\"dateModified\":\"2026-04-04T17:20:00+00:00\",\"description\":\"Ringt\u00f5stev\u00f6\u00f6d - Raske lasti v\u00f5i kauba t\u00f5stmiseks tootmises, ehitusel, sadamas, metsas jne. Materjal on kvaliteetne pol\u00fcester. See materjal..\",\"breadcrumb\":{\"@id\":\"https:\\\/\\\/www.mazam.eu\\\/tooted\\\/ringtostevood\\\/#breadcrumb\"},\"inLanguage\":\"ru-RU\",\"potentialAction\":[{\"@type\":\"ReadAction\",\"target\":[\"https:\\\/\\\/www.mazam.eu\\\/tooted\\\/ringtostevood\\\/\"]}]},{\"@type\":\"BreadcrumbList\",\"@id\":\"https:\\\/\\\/www.mazam.eu\\\/tooted\\\/ringtostevood\\\/#breadcrumb\",\"itemListElement\":[{\"@type\":\"ListItem\",\"position\":1,\"name\":\"Home\",\"item\":\"https:\\\/\\\/www.mazam.eu\\\/\"},{\"@type\":\"ListItem\",\"position\":2,\"name\":\"Tooted\",\"item\":\"https:\\\/\\\/www.mazam.eu\\\/tooted\\\/\"},{\"@type\":\"ListItem\",\"position\":3,\"name\":\"Ringt\u00f5stev\u00f6\u00f6d\"}]},{\"@type\":\"WebSite\",\"@id\":\"https:\\\/\\\/www.mazam.eu\\\/#website\",\"url\":\"https:\\\/\\\/www.mazam.eu\\\/\",\"name\":\"Mazam O&Uuml; | T&otilde;ste- ja koormakinnitusvahendite tootmine ja m&uuml;&uuml;k (2014 - 2026) - linttropp &bull; koormarihm &bull; ringt&otilde;stev&ouml;&ouml; &bull; terastross &bull; kett-tropp &bull; vints &bull; t&otilde;stemagnet jpm.\",\"description\":\"T&otilde;ste- ja kinnituslahendused | Lifting- and lashing solutions\",\"publisher\":{\"@id\":\"https:\\\/\\\/www.mazam.eu\\\/#organization\"},\"potentialAction\":[{\"@type\":\"SearchAction\",\"target\":{\"@type\":\"EntryPoint\",\"urlTemplate\":\"https:\\\/\\\/www.mazam.eu\\\/?s={search_term_string}\"},\"query-input\":{\"@type\":\"PropertyValueSpecification\",\"valueRequired\":true,\"valueName\":\"search_term_string\"}}],\"inLanguage\":\"ru-RU\"},{\"@type\":\"Organization\",\"@id\":\"https:\\\/\\\/www.mazam.eu\\\/#organization\",\"name\":\"Mazam O\u00dc\",\"url\":\"https:\\\/\\\/www.mazam.eu\\\/\",\"logo\":{\"@type\":\"ImageObject\",\"inLanguage\":\"ru-RU\",\"@id\":\"https:\\\/\\\/www.mazam.eu\\\/#\\\/schema\\\/logo\\\/image\\\/\",\"url\":\"https:\\\/\\\/www.mazam.eu\\\/wp-content\\\/uploads\\\/2015\\\/10\\\/mazam-logo-linttropp-koormarihm-t\u00f5stev\u00f6\u00f6.png\",\"contentUrl\":\"https:\\\/\\\/www.mazam.eu\\\/wp-content\\\/uploads\\\/2015\\\/10\\\/mazam-logo-linttropp-koormarihm-t\u00f5stev\u00f6\u00f6.png\",\"width\":190,\"height\":70,\"caption\":\"Mazam O\u00dc\"},\"image\":{\"@id\":\"https:\\\/\\\/www.mazam.eu\\\/#\\\/schema\\\/logo\\\/image\\\/\"}}]}<\/script>\n<!-- \/ Yoast SEO plugin. -->","yoast_head_json":{"title":"\u041a\u0440\u0443\u0433\u043e\u0432\u044b\u0435 \u0445\u0443\u0434\u043e\u0436\u0435\u0441\u0442\u0432\u0435\u043d\u043d\u044b\u0435 \u0440\u0430\u0431\u043e\u0442\u044b \u0438\u0437 \u043b\u044c\u043d\u0430 \u0438 \u0432\u043e\u043b\u043e\u043a\u043d\u0430 - Mazam O\u00dc","description":"\u041f\u043e\u0434\u044a\u0435\u043c\u043d\u044b\u0435 \u0440\u0435\u043c\u043d\u0438 - \u0434\u043b\u044f \u043f\u043e\u0434\u044a\u0435\u043c\u0430 \u0442\u044f\u0436\u0435\u043b\u044b\u0445 \u0433\u0440\u0443\u0437\u043e\u0432 \u0438\u043b\u0438 \u0442\u043e\u0432\u0430\u0440\u043e\u0432 \u043d\u0430 \u043f\u0440\u043e\u0438\u0437\u0432\u043e\u0434\u0441\u0442\u0432\u0435, \u0432 \u0441\u0442\u0440\u043e\u0438\u0442\u0435\u043b\u044c\u0441\u0442\u0432\u0435, \u043f\u043e\u0440\u0442\u0430\u0445, \u043b\u0435\u0441\u0430\u0445 \u0438 \u0442.\u0434. \u041c\u0430\u0442\u0435\u0440\u0438\u0430\u043b - \u0432\u044b\u0441\u043e\u043a\u043e\u043a\u0430\u0447\u0435\u0441\u0442\u0432\u0435\u043d\u043d\u044b\u0439 \u043f\u043e\u043b\u0438\u044d\u0441\u0442\u0435\u0440. \u042d\u0442\u043e\u0442 \u043c\u0430\u0442\u0435\u0440\u0438\u0430\u043b...","robots":{"index":"index","follow":"follow","max-snippet":"max-snippet:-1","max-image-preview":"max-image-preview:large","max-video-preview":"max-video-preview:-1"},"canonical":"https:\/\/www.mazam.eu\/ru\/produkty\/stropy-tekstilnyye-koltsevyye\/","og_locale":"ru_RU","og_type":"article","og_title":"RINGT\u00d5STEV\u00d6\u00d6D LINDIST JA KIUDFILAMENDIST - Mazam O\u00dc","og_description":"Ringt\u00f5stev\u00f6\u00f6d - Raske lasti v\u00f5i kauba t\u00f5stmiseks tootmises, ehitusel, sadamas, metsas jne. Materjal on kvaliteetne pol\u00fcester. See materjal..","og_url":"https:\/\/www.mazam.eu\/ru\/produkty\/stropy-tekstilnyye-koltsevyye\/","og_site_name":"Mazam O&Uuml; | T&otilde;ste- ja koormakinnitusvahendite tootmine ja m&uuml;&uuml;k (2014 - 2026) - linttropp &bull; koormarihm &bull; ringt&otilde;stev&ouml;&ouml; &bull; terastross &bull; kett-tropp &bull; vints &bull; t&otilde;stemagnet jpm.","article_modified_time":"2026-04-04T17:20:00+00:00","twitter_card":"summary_large_image","twitter_misc":{"\u041f\u0440\u0438\u043c\u0435\u0440\u043d\u043e\u0435 \u0432\u0440\u0435\u043c\u044f \u0434\u043b\u044f \u0447\u0442\u0435\u043d\u0438\u044f":"1 \u043c\u0438\u043d\u0443\u0442\u0430"},"schema":{"@context":"https:\/\/schema.org","@graph":[{"@type":"WebPage","@id":"https:\/\/www.mazam.eu\/tooted\/ringtostevood\/","url":"https:\/\/www.mazam.eu\/tooted\/ringtostevood\/","name":"\u041a\u0440\u0443\u0433\u043e\u0432\u044b\u0435 \u0445\u0443\u0434\u043e\u0436\u0435\u0441\u0442\u0432\u0435\u043d\u043d\u044b\u0435 \u0440\u0430\u0431\u043e\u0442\u044b \u0438\u0437 \u043b\u044c\u043d\u0430 \u0438 \u0432\u043e\u043b\u043e\u043a\u043d\u0430 - Mazam O\u00dc","isPartOf":{"@id":"https:\/\/www.mazam.eu\/#website"},"datePublished":"2018-11-12T19:28:31+00:00","dateModified":"2026-04-04T17:20:00+00:00","description":"\u041f\u043e\u0434\u044a\u0435\u043c\u043d\u044b\u0435 \u0440\u0435\u043c\u043d\u0438 - \u0434\u043b\u044f \u043f\u043e\u0434\u044a\u0435\u043c\u0430 \u0442\u044f\u0436\u0435\u043b\u044b\u0445 \u0433\u0440\u0443\u0437\u043e\u0432 \u0438\u043b\u0438 \u0442\u043e\u0432\u0430\u0440\u043e\u0432 \u043d\u0430 \u043f\u0440\u043e\u0438\u0437\u0432\u043e\u0434\u0441\u0442\u0432\u0435, \u0432 \u0441\u0442\u0440\u043e\u0438\u0442\u0435\u043b\u044c\u0441\u0442\u0432\u0435, \u043f\u043e\u0440\u0442\u0430\u0445, \u043b\u0435\u0441\u0430\u0445 \u0438 \u0442.\u0434. \u041c\u0430\u0442\u0435\u0440\u0438\u0430\u043b - \u0432\u044b\u0441\u043e\u043a\u043e\u043a\u0430\u0447\u0435\u0441\u0442\u0432\u0435\u043d\u043d\u044b\u0439 \u043f\u043e\u043b\u0438\u044d\u0441\u0442\u0435\u0440. \u042d\u0442\u043e\u0442 \u043c\u0430\u0442\u0435\u0440\u0438\u0430\u043b...","breadcrumb":{"@id":"https:\/\/www.mazam.eu\/tooted\/ringtostevood\/#breadcrumb"},"inLanguage":"ru-RU","potentialAction":[{"@type":"ReadAction","target":["https:\/\/www.mazam.eu\/tooted\/ringtostevood\/"]}]},{"@type":"BreadcrumbList","@id":"https:\/\/www.mazam.eu\/tooted\/ringtostevood\/#breadcrumb","itemListElement":[{"@type":"ListItem","position":1,"name":"Home","item":"https:\/\/www.mazam.eu\/"},{"@type":"ListItem","position":2,"name":"Tooted","item":"https:\/\/www.mazam.eu\/tooted\/"},{"@type":"ListItem","position":3,"name":"Ringt\u00f5stev\u00f6\u00f6d"}]},{"@type":"WebSite","@id":"https:\/\/www.mazam.eu\/#website","url":"https:\/\/www.mazam.eu\/","name":"Mazam O\u00dc | \u041f\u0440\u043e\u0438\u0437\u0432\u043e\u0434\u0441\u0442\u0432\u043e \u0438 \u043f\u0440\u043e\u0434\u0430\u0436\u0430 \u043f\u043e\u0434\u044a\u0435\u043c\u043d\u043e-\u0442\u0440\u0430\u043d\u0441\u043f\u043e\u0440\u0442\u043d\u043e\u0433\u043e \u043e\u0431\u043e\u0440\u0443\u0434\u043e\u0432\u0430\u043d\u0438\u044f (2014 - 2026) - \u043b\u0438\u043d\u0442\u0440\u0443\u043f\u0430 - \u0433\u0440\u0443\u0437\u043e\u0432\u043e\u0439 \u0440\u0435\u043c\u0435\u043d\u044c - \u0442\u0430\u043b\u0435\u0432\u044b\u0439 \u0440\u0435\u043c\u0435\u043d\u044c - \u0441\u0442\u0430\u043b\u044c\u043d\u043e\u0439 \u043a\u0430\u043d\u0430\u0442 - \u0446\u0435\u043f\u043d\u043e\u0439 \u0442\u0430\u043b\u0440\u0435\u043f - \u043b\u0435\u0431\u0435\u0434\u043a\u0430 - \u043f\u043e\u0434\u044a\u0435\u043c\u043d\u044b\u0439 \u043c\u0430\u0433\u043d\u0438\u0442 \u0438 \u0442.\u0434.","description":"\u0420\u0435\u0448\u0435\u043d\u0438\u044f \u0434\u043b\u044f \u043f\u043e\u0434\u044a\u0435\u043c\u0430 \u0438 \u043a\u0440\u0435\u043f\u043b\u0435\u043d\u0438\u044f | \u0420\u0435\u0448\u0435\u043d\u0438\u044f \u0434\u043b\u044f \u043f\u043e\u0434\u044a\u0435\u043c\u0430 \u0438 \u043a\u0440\u0435\u043f\u043b\u0435\u043d\u0438\u044f","publisher":{"@id":"https:\/\/www.mazam.eu\/#organization"},"potentialAction":[{"@type":"SearchAction","target":{"@type":"EntryPoint","urlTemplate":"https:\/\/www.mazam.eu\/?s={search_term_string}"},"query-input":{"@type":"PropertyValueSpecification","valueRequired":true,"valueName":"search_term_string"}}],"inLanguage":"ru-RU"},{"@type":"Organization","@id":"https:\/\/www.mazam.eu\/#organization","name":"Mazam O\u00dc","url":"https:\/\/www.mazam.eu\/","logo":{"@type":"ImageObject","inLanguage":"ru-RU","@id":"https:\/\/www.mazam.eu\/#\/schema\/logo\/image\/","url":"https:\/\/www.mazam.eu\/wp-content\/uploads\/2015\/10\/mazam-logo-linttropp-koormarihm-t\u00f5stev\u00f6\u00f6.png","contentUrl":"https:\/\/www.mazam.eu\/wp-content\/uploads\/2015\/10\/mazam-logo-linttropp-koormarihm-t\u00f5stev\u00f6\u00f6.png","width":190,"height":70,"caption":"Mazam O\u00dc"},"image":{"@id":"https:\/\/www.mazam.eu\/#\/schema\/logo\/image\/"}}]}},"_links":{"self":[{"href":"https:\/\/www.mazam.eu\/ru\/wp-json\/wp\/v2\/pages\/3003","targetHints":{"allow":["GET"]}}],"collection":[{"href":"https:\/\/www.mazam.eu\/ru\/wp-json\/wp\/v2\/pages"}],"about":[{"href":"https:\/\/www.mazam.eu\/ru\/wp-json\/wp\/v2\/types\/page"}],"author":[{"embeddable":true,"href":"https:\/\/www.mazam.eu\/ru\/wp-json\/wp\/v2\/users\/1"}],"replies":[{"embeddable":true,"href":"https:\/\/www.mazam.eu\/ru\/wp-json\/wp\/v2\/comments?post=3003"}],"version-history":[{"count":26,"href":"https:\/\/www.mazam.eu\/ru\/wp-json\/wp\/v2\/pages\/3003\/revisions"}],"predecessor-version":[{"id":12562,"href":"https:\/\/www.mazam.eu\/ru\/wp-json\/wp\/v2\/pages\/3003\/revisions\/12562"}],"up":[{"embeddable":true,"href":"https:\/\/www.mazam.eu\/ru\/wp-json\/wp\/v2\/pages\/5"}],"wp:attachment":[{"href":"https:\/\/www.mazam.eu\/ru\/wp-json\/wp\/v2\/media?parent=3003"}],"curies":[{"name":"wp","href":"https:\/\/api.w.org\/{rel}","templated":true}]}}