{"id":3311,"date":"2019-02-09T20:06:45","date_gmt":"2019-02-09T20:06:45","guid":{"rendered":"http:\/\/www.mazam.eu\/?page_id=3311"},"modified":"2020-03-17T07:42:32","modified_gmt":"2020-03-17T07:42:32","slug":"kummist-ratas-metallkorpusega","status":"publish","type":"page","link":"https:\/\/www.mazam.eu\/ru\/tooted\/nailon-ja-kummist-rattad-metallkorpusega\/kummist-ratas-metallkorpusega\/","title":{"rendered":"Kummist ratas metallkorpusega"},"content":{"rendered":"<div class='epvc-post-count'><span class='epvc-eye'><\/span>  <span class=\"epvc-count\"> 4 599<\/span><span class='epvc-label'> \u043f\u0440\u043e\u0441\u043c\u043e\u0442\u0440<\/span><\/div><figure id=\"attachment_3274\" aria-describedby=\"caption-attachment-3274\" style=\"width: 200px\" class=\"wp-caption alignnone\"><img loading=\"lazy\" decoding=\"async\" class=\"wp-image-3274 size-full\" src=\"http:\/\/www.mazam.eu\/wp-content\/uploads\/2019\/01\/kummist-ratas-p\u00f6\u00f6rlev-metallist-korpusega.png\" alt=\"Kummist ratas metallkorpusega\" width=\"200\" height=\"150\" data-id=\"3274\" \/><figcaption id=\"caption-attachment-3274\" class=\"wp-caption-text\">Kummist ratas metallkorpusega<\/figcaption><\/figure>\n<table>\n<tbody>\n<tr>\n<td style=\"text-align: center;\"><strong>Ratta l\u00e4bim\u00f5\u00f5t ja laius<\/strong><\/td>\n<td style=\"text-align: center;\">160mm x 40mm<\/td>\n<\/tr>\n<tr>\n<td style=\"text-align: center;\"><strong>\u0413\u0440\u0443\u0437\u043e\u043f\u043e\u0434\u044a\u0435\u043c\u043d\u043e\u0441\u0442\u044c<\/strong><\/td>\n<td style=\"text-align: center;\">100 kg<\/td>\n<\/tr>\n<tr>\n<td style=\"text-align: center;\"><strong>Kinnitusviis<\/strong><\/td>\n<td style=\"text-align: center;\">fikseeritud korpus<\/td>\n<\/tr>\n<tr>\n<td style=\"text-align: center;\"><strong>\u041c\u0430\u0442\u0435\u0440\u0438\u0430\u043b<\/strong><\/td>\n<td style=\"text-align: center;\">kumm<\/td>\n<\/tr>\n<tr>\n<td style=\"text-align: center;\"><strong>\u0426\u0432\u0435\u0442<\/strong><\/td>\n<td style=\"text-align: center;\">\u0441\u0435\u0440\u044b\u0439<\/td>\n<\/tr>\n<\/tbody>\n<\/table>\n<p><span style=\"color: #ffffff;\">kummist ratas metallkorpusega<\/span><\/p>","protected":false},"excerpt":{"rendered":"<p>4&nbsp;599 vaatamist Ratta l\u00e4bim\u00f5\u00f5t ja laius 160mm x 40mm Kandev\u00f5ime 100 kg Kinnitusviis fikseeritud korpus Materjal kumm V\u00e4rvus hall kummist ratas metallkorpusega<\/p>","protected":false},"author":1,"featured_media":0,"parent":3291,"menu_order":0,"comment_status":"closed","ping_status":"closed","template":"","meta":{"_uf_show_specific_survey":0,"_uf_disable_surveys":false,"iawp_total_views":8,"footnotes":""},"class_list":["post-3311","page","type-page","status-publish","hentry"],"yoast_head":"<!-- This site is optimized with the Yoast SEO plugin v27.4 - https:\/\/yoast.com\/product\/yoast-seo-wordpress\/ -->\n<title>Kummist ratas metallkorpusega - Mazam O\u00dc - tootmine ja m\u00fc\u00fck<\/title>\n<meta name=\"description\" content=\"Suure kandej\u00f5uga, kerge, tugev ja vastupidav kummist ratas metallkorpusega. Siledatel p\u00f5randatel liiguvad need kummist rattad v\u00e4ga kergesti. Loe edasi..\" \/>\n<meta name=\"robots\" content=\"index, follow, max-snippet:-1, max-image-preview:large, max-video-preview:-1\" \/>\n<link rel=\"canonical\" href=\"https:\/\/www.mazam.eu\/ru\/produkty\/nailon-ja-kummist-rattad-metallkorpusega\/kummist-ratas-metallkorpusega\/\" \/>\n<meta property=\"og:locale\" content=\"ru_RU\" \/>\n<meta property=\"og:type\" content=\"article\" \/>\n<meta property=\"og:title\" content=\"Kummist ratas metallkorpusega - Mazam O\u00dc - tootmine ja m\u00fc\u00fck\" \/>\n<meta property=\"og:description\" content=\"Suure kandej\u00f5uga, kerge, tugev ja vastupidav kummist ratas metallkorpusega. Siledatel p\u00f5randatel liiguvad need kummist rattad v\u00e4ga kergesti. Loe edasi..\" \/>\n<meta property=\"og:url\" content=\"https:\/\/www.mazam.eu\/ru\/produkty\/nailon-ja-kummist-rattad-metallkorpusega\/kummist-ratas-metallkorpusega\/\" \/>\n<meta property=\"og:site_name\" content=\"Mazam O&Uuml; | T&otilde;ste- ja koormakinnitusvahendite tootmine ja m&uuml;&uuml;k (2014 - 2026) - linttropp &bull; koormarihm &bull; ringt&otilde;stev&ouml;&ouml; &bull; terastross &bull; kett-tropp &bull; vints &bull; t&otilde;stemagnet jpm.\" \/>\n<meta property=\"article:modified_time\" content=\"2020-03-17T07:42:32+00:00\" \/>\n<meta name=\"twitter:card\" content=\"summary_large_image\" \/>\n<script type=\"application\/ld+json\" class=\"yoast-schema-graph\">{\"@context\":\"https:\\\/\\\/schema.org\",\"@graph\":[{\"@type\":\"WebPage\",\"@id\":\"https:\\\/\\\/www.mazam.eu\\\/tooted\\\/nailon-ja-kummist-rattad-metallkorpusega\\\/kummist-ratas-metallkorpusega\\\/\",\"url\":\"https:\\\/\\\/www.mazam.eu\\\/tooted\\\/nailon-ja-kummist-rattad-metallkorpusega\\\/kummist-ratas-metallkorpusega\\\/\",\"name\":\"Kummist ratas metallkorpusega - Mazam O\u00dc - tootmine ja m\u00fc\u00fck\",\"isPartOf\":{\"@id\":\"https:\\\/\\\/www.mazam.eu\\\/#website\"},\"datePublished\":\"2019-02-09T20:06:45+00:00\",\"dateModified\":\"2020-03-17T07:42:32+00:00\",\"description\":\"Suure kandej\u00f5uga, kerge, tugev ja vastupidav kummist ratas metallkorpusega. Siledatel p\u00f5randatel liiguvad need kummist rattad v\u00e4ga kergesti. Loe edasi..\",\"breadcrumb\":{\"@id\":\"https:\\\/\\\/www.mazam.eu\\\/tooted\\\/nailon-ja-kummist-rattad-metallkorpusega\\\/kummist-ratas-metallkorpusega\\\/#breadcrumb\"},\"inLanguage\":\"ru-RU\",\"potentialAction\":[{\"@type\":\"ReadAction\",\"target\":[\"https:\\\/\\\/www.mazam.eu\\\/tooted\\\/nailon-ja-kummist-rattad-metallkorpusega\\\/kummist-ratas-metallkorpusega\\\/\"]}]},{\"@type\":\"BreadcrumbList\",\"@id\":\"https:\\\/\\\/www.mazam.eu\\\/tooted\\\/nailon-ja-kummist-rattad-metallkorpusega\\\/kummist-ratas-metallkorpusega\\\/#breadcrumb\",\"itemListElement\":[{\"@type\":\"ListItem\",\"position\":1,\"name\":\"Home\",\"item\":\"https:\\\/\\\/www.mazam.eu\\\/\"},{\"@type\":\"ListItem\",\"position\":2,\"name\":\"Tooted\",\"item\":\"https:\\\/\\\/www.mazam.eu\\\/tooted\\\/\"},{\"@type\":\"ListItem\",\"position\":3,\"name\":\"Nailon ja kummist rattad metallkorpusega\",\"item\":\"https:\\\/\\\/www.mazam.eu\\\/tooted\\\/nailon-ja-kummist-rattad-metallkorpusega\\\/\"},{\"@type\":\"ListItem\",\"position\":4,\"name\":\"Kummist ratas metallkorpusega\"}]},{\"@type\":\"WebSite\",\"@id\":\"https:\\\/\\\/www.mazam.eu\\\/#website\",\"url\":\"https:\\\/\\\/www.mazam.eu\\\/\",\"name\":\"Mazam O&Uuml; | T&otilde;ste- ja koormakinnitusvahendite tootmine ja m&uuml;&uuml;k (2014 - 2026) - linttropp &bull; koormarihm &bull; ringt&otilde;stev&ouml;&ouml; &bull; terastross &bull; kett-tropp &bull; vints &bull; t&otilde;stemagnet jpm.\",\"description\":\"T&otilde;ste- ja kinnituslahendused | Lifting- and lashing solutions\",\"publisher\":{\"@id\":\"https:\\\/\\\/www.mazam.eu\\\/#organization\"},\"potentialAction\":[{\"@type\":\"SearchAction\",\"target\":{\"@type\":\"EntryPoint\",\"urlTemplate\":\"https:\\\/\\\/www.mazam.eu\\\/?s={search_term_string}\"},\"query-input\":{\"@type\":\"PropertyValueSpecification\",\"valueRequired\":true,\"valueName\":\"search_term_string\"}}],\"inLanguage\":\"ru-RU\"},{\"@type\":\"Organization\",\"@id\":\"https:\\\/\\\/www.mazam.eu\\\/#organization\",\"name\":\"Mazam O\u00dc\",\"url\":\"https:\\\/\\\/www.mazam.eu\\\/\",\"logo\":{\"@type\":\"ImageObject\",\"inLanguage\":\"ru-RU\",\"@id\":\"https:\\\/\\\/www.mazam.eu\\\/#\\\/schema\\\/logo\\\/image\\\/\",\"url\":\"https:\\\/\\\/www.mazam.eu\\\/wp-content\\\/uploads\\\/2015\\\/10\\\/mazam-logo-linttropp-koormarihm-t\u00f5stev\u00f6\u00f6.png\",\"contentUrl\":\"https:\\\/\\\/www.mazam.eu\\\/wp-content\\\/uploads\\\/2015\\\/10\\\/mazam-logo-linttropp-koormarihm-t\u00f5stev\u00f6\u00f6.png\",\"width\":190,\"height\":70,\"caption\":\"Mazam O\u00dc\"},\"image\":{\"@id\":\"https:\\\/\\\/www.mazam.eu\\\/#\\\/schema\\\/logo\\\/image\\\/\"}}]}<\/script>\n<!-- \/ Yoast SEO plugin. -->","yoast_head_json":{"title":"Kummist ratas metallkorpusega - Mazam O\u00dc - tootmine ja m\u00fc\u00fck","description":"Suure kandej\u00f5uga, kerge, tugev ja vastupidav kummist ratas metallkorpusega. Siledatel p\u00f5randatel liiguvad need kummist rattad v\u00e4ga kergesti. Loe edasi..","robots":{"index":"index","follow":"follow","max-snippet":"max-snippet:-1","max-image-preview":"max-image-preview:large","max-video-preview":"max-video-preview:-1"},"canonical":"https:\/\/www.mazam.eu\/ru\/produkty\/nailon-ja-kummist-rattad-metallkorpusega\/kummist-ratas-metallkorpusega\/","og_locale":"ru_RU","og_type":"article","og_title":"Kummist ratas metallkorpusega - Mazam O\u00dc - tootmine ja m\u00fc\u00fck","og_description":"Suure kandej\u00f5uga, kerge, tugev ja vastupidav kummist ratas metallkorpusega. Siledatel p\u00f5randatel liiguvad need kummist rattad v\u00e4ga kergesti. Loe edasi..","og_url":"https:\/\/www.mazam.eu\/ru\/produkty\/nailon-ja-kummist-rattad-metallkorpusega\/kummist-ratas-metallkorpusega\/","og_site_name":"Mazam O&Uuml; | T&otilde;ste- ja koormakinnitusvahendite tootmine ja m&uuml;&uuml;k (2014 - 2026) - linttropp &bull; koormarihm &bull; ringt&otilde;stev&ouml;&ouml; &bull; terastross &bull; kett-tropp &bull; vints &bull; t&otilde;stemagnet jpm.","article_modified_time":"2020-03-17T07:42:32+00:00","twitter_card":"summary_large_image","schema":{"@context":"https:\/\/schema.org","@graph":[{"@type":"WebPage","@id":"https:\/\/www.mazam.eu\/tooted\/nailon-ja-kummist-rattad-metallkorpusega\/kummist-ratas-metallkorpusega\/","url":"https:\/\/www.mazam.eu\/tooted\/nailon-ja-kummist-rattad-metallkorpusega\/kummist-ratas-metallkorpusega\/","name":"Kummist ratas metallkorpusega - Mazam O\u00dc - tootmine ja m\u00fc\u00fck","isPartOf":{"@id":"https:\/\/www.mazam.eu\/#website"},"datePublished":"2019-02-09T20:06:45+00:00","dateModified":"2020-03-17T07:42:32+00:00","description":"Suure kandej\u00f5uga, kerge, tugev ja vastupidav kummist ratas metallkorpusega. Siledatel p\u00f5randatel liiguvad need kummist rattad v\u00e4ga kergesti. Loe edasi..","breadcrumb":{"@id":"https:\/\/www.mazam.eu\/tooted\/nailon-ja-kummist-rattad-metallkorpusega\/kummist-ratas-metallkorpusega\/#breadcrumb"},"inLanguage":"ru-RU","potentialAction":[{"@type":"ReadAction","target":["https:\/\/www.mazam.eu\/tooted\/nailon-ja-kummist-rattad-metallkorpusega\/kummist-ratas-metallkorpusega\/"]}]},{"@type":"BreadcrumbList","@id":"https:\/\/www.mazam.eu\/tooted\/nailon-ja-kummist-rattad-metallkorpusega\/kummist-ratas-metallkorpusega\/#breadcrumb","itemListElement":[{"@type":"ListItem","position":1,"name":"Home","item":"https:\/\/www.mazam.eu\/"},{"@type":"ListItem","position":2,"name":"Tooted","item":"https:\/\/www.mazam.eu\/tooted\/"},{"@type":"ListItem","position":3,"name":"Nailon ja kummist rattad metallkorpusega","item":"https:\/\/www.mazam.eu\/tooted\/nailon-ja-kummist-rattad-metallkorpusega\/"},{"@type":"ListItem","position":4,"name":"Kummist ratas metallkorpusega"}]},{"@type":"WebSite","@id":"https:\/\/www.mazam.eu\/#website","url":"https:\/\/www.mazam.eu\/","name":"Mazam O\u00dc | \u041f\u0440\u043e\u0438\u0437\u0432\u043e\u0434\u0441\u0442\u0432\u043e \u0438 \u043f\u0440\u043e\u0434\u0430\u0436\u0430 \u043f\u043e\u0434\u044a\u0435\u043c\u043d\u043e-\u0442\u0440\u0430\u043d\u0441\u043f\u043e\u0440\u0442\u043d\u043e\u0433\u043e \u043e\u0431\u043e\u0440\u0443\u0434\u043e\u0432\u0430\u043d\u0438\u044f (2014 - 2026) - \u043b\u0438\u043d\u0442\u0440\u0443\u043f\u0430 - \u0433\u0440\u0443\u0437\u043e\u0432\u043e\u0439 \u0440\u0435\u043c\u0435\u043d\u044c - \u0442\u0430\u043b\u0435\u0432\u044b\u0439 \u0440\u0435\u043c\u0435\u043d\u044c - \u0441\u0442\u0430\u043b\u044c\u043d\u043e\u0439 \u043a\u0430\u043d\u0430\u0442 - \u0446\u0435\u043f\u043d\u043e\u0439 \u0442\u0430\u043b\u0440\u0435\u043f - \u043b\u0435\u0431\u0435\u0434\u043a\u0430 - \u043f\u043e\u0434\u044a\u0435\u043c\u043d\u044b\u0439 \u043c\u0430\u0433\u043d\u0438\u0442 \u0438 \u0442.\u0434.","description":"\u0420\u0435\u0448\u0435\u043d\u0438\u044f \u0434\u043b\u044f \u043f\u043e\u0434\u044a\u0435\u043c\u0430 \u0438 \u043a\u0440\u0435\u043f\u043b\u0435\u043d\u0438\u044f | \u0420\u0435\u0448\u0435\u043d\u0438\u044f \u0434\u043b\u044f \u043f\u043e\u0434\u044a\u0435\u043c\u0430 \u0438 \u043a\u0440\u0435\u043f\u043b\u0435\u043d\u0438\u044f","publisher":{"@id":"https:\/\/www.mazam.eu\/#organization"},"potentialAction":[{"@type":"SearchAction","target":{"@type":"EntryPoint","urlTemplate":"https:\/\/www.mazam.eu\/?s={search_term_string}"},"query-input":{"@type":"PropertyValueSpecification","valueRequired":true,"valueName":"search_term_string"}}],"inLanguage":"ru-RU"},{"@type":"Organization","@id":"https:\/\/www.mazam.eu\/#organization","name":"Mazam O\u00dc","url":"https:\/\/www.mazam.eu\/","logo":{"@type":"ImageObject","inLanguage":"ru-RU","@id":"https:\/\/www.mazam.eu\/#\/schema\/logo\/image\/","url":"https:\/\/www.mazam.eu\/wp-content\/uploads\/2015\/10\/mazam-logo-linttropp-koormarihm-t\u00f5stev\u00f6\u00f6.png","contentUrl":"https:\/\/www.mazam.eu\/wp-content\/uploads\/2015\/10\/mazam-logo-linttropp-koormarihm-t\u00f5stev\u00f6\u00f6.png","width":190,"height":70,"caption":"Mazam O\u00dc"},"image":{"@id":"https:\/\/www.mazam.eu\/#\/schema\/logo\/image\/"}}]}},"_links":{"self":[{"href":"https:\/\/www.mazam.eu\/ru\/wp-json\/wp\/v2\/pages\/3311","targetHints":{"allow":["GET"]}}],"collection":[{"href":"https:\/\/www.mazam.eu\/ru\/wp-json\/wp\/v2\/pages"}],"about":[{"href":"https:\/\/www.mazam.eu\/ru\/wp-json\/wp\/v2\/types\/page"}],"author":[{"embeddable":true,"href":"https:\/\/www.mazam.eu\/ru\/wp-json\/wp\/v2\/users\/1"}],"replies":[{"embeddable":true,"href":"https:\/\/www.mazam.eu\/ru\/wp-json\/wp\/v2\/comments?post=3311"}],"version-history":[{"count":2,"href":"https:\/\/www.mazam.eu\/ru\/wp-json\/wp\/v2\/pages\/3311\/revisions"}],"predecessor-version":[{"id":4933,"href":"https:\/\/www.mazam.eu\/ru\/wp-json\/wp\/v2\/pages\/3311\/revisions\/4933"}],"up":[{"embeddable":true,"href":"https:\/\/www.mazam.eu\/ru\/wp-json\/wp\/v2\/pages\/3291"}],"wp:attachment":[{"href":"https:\/\/www.mazam.eu\/ru\/wp-json\/wp\/v2\/media?parent=3311"}],"curies":[{"name":"wp","href":"https:\/\/api.w.org\/{rel}","templated":true}]}}