{"id":3482,"date":"2019-03-23T06:19:30","date_gmt":"2019-03-23T06:19:30","guid":{"rendered":"http:\/\/www.mazam.eu\/?page_id=3482"},"modified":"2026-03-21T14:26:11","modified_gmt":"2026-03-21T14:26:11","slug":"rym-bolty-rud-rezbovyye-i-privarnyye","status":"publish","type":"page","link":"https:\/\/www.mazam.eu\/ru\/tooted\/rud-tostesilmad-ja-keevitatavad-aasad\/","title":{"rendered":"\u0420\u044b\u043c-\u0411\u043e\u043b\u0442\u044b RUD \u0440\u0435\u0437\u044c\u0431\u043e\u0432\u044b\u0435 \u0438 \u043f\u0440\u0438\u0432\u0430\u0440\u043d\u044b\u0435"},"content":{"rendered":"<div class='epvc-post-count'><span class='epvc-eye'><\/span>  <span class=\"epvc-count\"> 5 101<\/span><span class='epvc-label'> \u043f\u0440\u043e\u0441\u043c\u043e\u0442\u0440<\/span><\/div><p><span style=\"color: #ffffff;\">\u0420\u044b\u043c-\u0411\u043e\u043b\u0442\u044b RUD \u0440\u0435\u0437\u044c\u0431\u043e\u0432\u044b\u0435 \u0438 \u043f\u0440\u0438\u0432\u0430\u0440\u043d\u044b\u0435<br \/><\/span><span style=\"color: #333333;\"><strong>\u041f\u0440\u0438\u043c\u0435\u043d\u0435\u043d\u0438\u0435 - \u0420\u0430\u0437\u043b\u0438\u0447\u043d\u044b\u0435 \u0440\u0435\u0437\u044c\u0431\u043e\u0432\u044b\u0435 \u043f\u043e\u0434\u044a\u0435\u043c\u043d\u044b\u0435 \u043f\u0440\u043e\u0443\u0448\u0438\u043d\u044b \u0438 \u043f\u043e\u0434\u044a\u0435\u043c\u043d\u044b\u0435 \u0433\u0430\u0439\u043a\u0438 (\u0441 \u0432\u0435\u0440\u0442\u043b\u044e\u0433\u043e\u043c \u0438 \u0431\u0435\u0437), \u043f\u0440\u0438\u0432\u0430\u0440\u0438\u0432\u0430\u0435\u043c\u044b\u0435 \u043f\u043e\u0434\u044a\u0435\u043c\u043d\u044b\u0435 \u043f\u0440\u043e\u0443\u0448\u0438\u043d\u044b \u0438 \u0442.\u0434..<br \/>\u041f\u043e\u0437\u0432\u043e\u043b\u044f\u0435\u0442 \u043f\u043e\u0434\u043d\u0438\u043c\u0430\u0442\u044c \u0431\u0435\u0442\u043e\u043d\u043d\u044b\u0435 \u043b\u0435\u0441\u0442\u043d\u0438\u0446\u044b, \u0431\u0435\u0442\u043e\u043d\u043d\u044b\u0435 \u043f\u0430\u043d\u0435\u043b\u0438 \u0438 \u0434\u0440\u0443\u0433\u0438\u0435 \u0442\u044f\u0436\u0435\u043b\u044b\u0435 \u0438\u0437\u0434\u0435\u043b\u0438\u044f, \u043a\u043e\u0442\u043e\u0440\u044b\u0435 \u043c\u043e\u0433\u0443\u0442 \u0431\u044b\u0442\u044c \u0441\u043e\u0435\u0434\u0438\u043d\u0435\u043d\u044b \u0440\u0435\u0437\u044c\u0431\u043e\u0439 \u0438\u043b\u0438 \u0441\u0432\u0430\u0440\u043a\u043e\u0439. <br \/>\u041f\u0435\u0440\u0435\u0434 \u043f\u043e\u0434\u044a\u0435\u043c\u043e\u043c \u0443\u0431\u0435\u0434\u0438\u0442\u0435\u0441\u044c, \u0447\u0442\u043e \u0440\u0435\u0437\u044c\u0431\u0430 \u043d\u0430 \u043f\u043e\u0434\u044a\u0435\u043c\u043d\u044b\u0445 \u043f\u0440\u043e\u0443\u0448\u0438\u043d\u0430\u0445 \u0447\u0438\u0441\u0442\u0430\u044f.<br \/>\u041e\u0433\u043b\u0430\u0432\u043b\u0435\u043d\u0438\u0435 - \u0441\u0442\u0440\u0430\u043d\u0438\u0446\u0430 4 (\u0444\u0430\u0439\u043b PDF).<br \/>\u041f\u043e\u0434\u044a\u0435\u043c\u043d\u044b\u0435 \u043f\u0440\u043e\u0443\u0448\u0438\u043d\u044b RUD \u0441 \u0431\u043e\u043b\u0442\u043e\u043c, \u0433\u0430\u0439\u043a\u043e\u0439 \u0438 \u043f\u0440\u0438\u0432\u0430\u0440\u043d\u044b\u043c\u0438 \u043f\u043e\u0434\u044a\u0435\u043c\u043d\u044b\u043c\u0438 \u043f\u0440\u043e\u0443\u0448\u0438\u043d\u0430\u043c\u0438 - \u0440\u0430\u0431\u043e\u0447\u0438\u0435 \u043d\u0430\u0433\u0440\u0443\u0437\u043a\u0438, \u0440\u0430\u0437\u043c\u0435\u0440\u044b, \u0447\u0435\u0440\u0442\u0435\u0436\u0438 - \u0441\u043e \u0441\u0442\u0440\u0430\u043d\u0438\u0446\u044b 38 (\u0444\u0430\u0439\u043b PDF).<br \/>\u041f\u0440\u043e\u0434\u0443\u043a\u0442\u044b \u0438\u043c\u0435\u0435\u0442 \u0441\u0435\u0440\u0442\u0438\u0444\u0438\u043a\u0430\u0442\u044b.<\/strong><\/span><span style=\"color: #ffffff;\"><br \/><\/span><\/p>\r\n<table style=\"border-style: hidden;\">\r\n<tbody>\r\n<tr>\r\n<td>\r\n<figure id=\"attachment_3735\" aria-describedby=\"caption-attachment-3735\" style=\"width: 200px\" class=\"wp-caption aligncenter\"><img loading=\"lazy\" decoding=\"async\" class=\"wp-image-3735 size-full\" src=\"https:\/\/www.mazam.eu\/wp-content\/uploads\/2019\/05\/RUD-t\u00f5stesilmad-poldi-ja-mutriga.png\" alt=\"\u0420\u044b\u043c-\u0411\u043e\u043b\u0442\u044b RUD (\u0441 \u0431\u043e\u043b\u0442\u043e\u043c \u0438 \u0433\u0430\u0439\u043a\u043e\u0439)\" width=\"200\" height=\"150\" data-id=\"3735\" \/><figcaption id=\"caption-attachment-3735\" class=\"wp-caption-text\">\u0420\u044b\u043c-\u0411\u043e\u043b\u0442\u044b RUD (\u0441 \u0431\u043e\u043b\u0442\u043e\u043c \u0438 \u0433\u0430\u0439\u043a\u043e\u0439)<\/figcaption><\/figure>\r\n<\/td>\r\n<td>\r\n<figure id=\"attachment_3734\" aria-describedby=\"caption-attachment-3734\" style=\"width: 200px\" class=\"wp-caption aligncenter\"><img loading=\"lazy\" decoding=\"async\" class=\"wp-image-3734 size-full\" src=\"https:\/\/www.mazam.eu\/wp-content\/uploads\/2019\/05\/RUD-keevitatav-t\u00f5stesilm-keevitatavad-t\u00f5stesilmad.png\" alt=\"\u0420\u044b\u043c-\u0411\u043e\u043b\u0442\u044b RUD (\u043f\u0440\u0438\u0432\u0430\u0440\u0438\u0432\u0430\u0435\u043c\u044b\u0435)\" width=\"200\" height=\"150\" data-id=\"3734\" \/><figcaption id=\"caption-attachment-3734\" class=\"wp-caption-text\">\u0420\u044b\u043c-\u0411\u043e\u043b\u0442\u044b RUD (\u043f\u0440\u0438\u0432\u0430\u0440\u0438\u0432\u0430\u0435\u043c\u044b\u0435)<\/figcaption><\/figure>\r\n<\/td>\r\n<\/tr>\r\n<\/tbody>\r\n<\/table>\r\n\r\n<div data-wp-interactive=\"core\/file\" class=\"wp-block-file\"><object data-wp-bind--hidden=\"!state.hasPdfPreview\" hidden class=\"wp-block-file__embed\" style=\"width: 100%; height: 600px;\" data=\"https:\/\/www.mazam.eu\/wp-content\/uploads\/2026\/03\/RUD-tostesilmad-poldiga-RUD-tostesilmad-mutriga-RUD-keevitatavad-tosteaasad-\u0422\u0430\u043a\u0435\u043b\u0430\u0436\u043d\u044b\u0435-\u0442\u043e\u0447\u043a\u0438-RUD-\u0440\u044b\u043c-\u0431\u043e\u043b\u0442\u044b-\u043f\u0440\u0438\u0432\u0430\u0440\u043d\u044b\u0435-\u0438-\u0440\u0435\u0437\u044c\u0431\u043e\u0432\u044b\u0435-\u043f\u0435\u0442\u043b\u0438-2026.pdf\" type=\"application\/pdf\" width=\"300\" height=\"150\" aria-label=\"\u0412\u0441\u0442\u0430\u0432\u043a\u0430 RUD t\u00f5stesilmad poldiga RUD t\u00f5stesilmad mutriga RUD keevitatavad t\u00f5steaasad \u0422\u0430\u043a\u0435\u043b\u0430\u0436\u043d\u044b\u0435 \u0442\u043e\u0447\u043a\u0438 RUD \u0440\u044b\u043c-\u0431\u043e\u043b\u0442\u044b \u043f\u0440\u0438\u0432\u0430\u0440\u043d\u044b\u0435 \u0438 \u0440\u0435\u0437\u044c\u0431\u043e\u0432\u044b\u0435 \u043f\u0435\u0442\u043b\u0438 2026\"><\/object><\/div>","protected":false},"excerpt":{"rendered":"<p>5&nbsp;101 vaatamist RUD t\u00f5stesilmad ja keevitatavad aasadKasutus &#8211; Erinevad keermega t\u00f5stesilmad ja t\u00f5stemutrid (p\u00f6\u00f6ritsaga ja ilma), keevitatavad t\u00f5steaasad jne..V\u00f5imaldab t\u00f5sta betoonist treppe, betoonist paneele ja muid raskeid tooteid, mida saab keermega \u00fchendada v\u00f5i k\u00fclge keevitada. Veenduge enne t\u00f5stmist, et t\u00f5stesilmade keermed on puhtad.Toodete sisukord &#8211; lehek\u00fclg 4 (PDF failis).RUD t\u00f5stesilmad poldiga, mutriga ja keevitatavad t\u00f5steaasad&#8230;<\/p>","protected":false},"author":1,"featured_media":0,"parent":5,"menu_order":0,"comment_status":"closed","ping_status":"closed","template":"","meta":{"_uf_show_specific_survey":0,"_uf_disable_surveys":false,"iawp_total_views":372,"footnotes":""},"class_list":["post-3482","page","type-page","status-publish","hentry"],"yoast_head":"<!-- This site is optimized with the Yoast SEO plugin v27.5 - https:\/\/yoast.com\/product\/yoast-seo-wordpress\/ -->\n<title>RUD t\u00f5stesilmad ja keevitatavad aasad - Mazam O\u00dc<\/title>\n<meta name=\"description\" content=\"Spetsiaalsed keermega t\u00f5stesilmad ja t\u00f5stemutrid (p\u00f6\u00f6ritsaga ja ilma), keevitatavad t\u00f5steaasad jne..\" \/>\n<meta name=\"robots\" content=\"index, follow, max-snippet:-1, max-image-preview:large, max-video-preview:-1\" \/>\n<link rel=\"canonical\" href=\"https:\/\/www.mazam.eu\/ru\/produkty\/rym-bolty-rud-rezbovyye-i-privarnyye\/\" \/>\n<meta property=\"og:locale\" content=\"ru_RU\" \/>\n<meta property=\"og:type\" content=\"article\" \/>\n<meta property=\"og:title\" content=\"RUD t\u00f5stesilmad ja keevitatavad aasad - Mazam O\u00dc\" \/>\n<meta property=\"og:description\" content=\"Spetsiaalsed keermega t\u00f5stesilmad ja t\u00f5stemutrid (p\u00f6\u00f6ritsaga ja ilma), keevitatavad t\u00f5steaasad jne..\" \/>\n<meta property=\"og:url\" content=\"https:\/\/www.mazam.eu\/ru\/produkty\/rym-bolty-rud-rezbovyye-i-privarnyye\/\" \/>\n<meta property=\"og:site_name\" content=\"Mazam O&Uuml; | T&otilde;ste- ja koormakinnitusvahendite tootmine ja m&uuml;&uuml;k (2014 - 2026) - linttropp &bull; koormarihm &bull; ringt&otilde;stev&ouml;&ouml; &bull; terastross &bull; kett-tropp &bull; vints &bull; t&otilde;stemagnet jpm.\" \/>\n<meta property=\"article:modified_time\" content=\"2026-03-21T14:26:11+00:00\" \/>\n<meta name=\"twitter:card\" content=\"summary_large_image\" \/>\n<meta name=\"twitter:label1\" content=\"\u041f\u0440\u0438\u043c\u0435\u0440\u043d\u043e\u0435 \u0432\u0440\u0435\u043c\u044f \u0434\u043b\u044f \u0447\u0442\u0435\u043d\u0438\u044f\" \/>\n\t<meta name=\"twitter:data1\" content=\"1 \u043c\u0438\u043d\u0443\u0442\u0430\" \/>\n<script type=\"application\/ld+json\" class=\"yoast-schema-graph\">{\"@context\":\"https:\\\/\\\/schema.org\",\"@graph\":[{\"@type\":\"WebPage\",\"@id\":\"https:\\\/\\\/www.mazam.eu\\\/tooted\\\/rud-tostesilmad-ja-keevitatavad-aasad\\\/\",\"url\":\"https:\\\/\\\/www.mazam.eu\\\/tooted\\\/rud-tostesilmad-ja-keevitatavad-aasad\\\/\",\"name\":\"RUD t\u00f5stesilmad ja keevitatavad aasad - Mazam O\u00dc\",\"isPartOf\":{\"@id\":\"https:\\\/\\\/www.mazam.eu\\\/#website\"},\"datePublished\":\"2019-03-23T06:19:30+00:00\",\"dateModified\":\"2026-03-21T14:26:11+00:00\",\"description\":\"Spetsiaalsed keermega t\u00f5stesilmad ja t\u00f5stemutrid (p\u00f6\u00f6ritsaga ja ilma), keevitatavad t\u00f5steaasad jne..\",\"breadcrumb\":{\"@id\":\"https:\\\/\\\/www.mazam.eu\\\/tooted\\\/rud-tostesilmad-ja-keevitatavad-aasad\\\/#breadcrumb\"},\"inLanguage\":\"ru-RU\",\"potentialAction\":[{\"@type\":\"ReadAction\",\"target\":[\"https:\\\/\\\/www.mazam.eu\\\/tooted\\\/rud-tostesilmad-ja-keevitatavad-aasad\\\/\"]}]},{\"@type\":\"BreadcrumbList\",\"@id\":\"https:\\\/\\\/www.mazam.eu\\\/tooted\\\/rud-tostesilmad-ja-keevitatavad-aasad\\\/#breadcrumb\",\"itemListElement\":[{\"@type\":\"ListItem\",\"position\":1,\"name\":\"Home\",\"item\":\"https:\\\/\\\/www.mazam.eu\\\/\"},{\"@type\":\"ListItem\",\"position\":2,\"name\":\"Tooted\",\"item\":\"https:\\\/\\\/www.mazam.eu\\\/tooted\\\/\"},{\"@type\":\"ListItem\",\"position\":3,\"name\":\"RUD t\u00f5stesilmad ja keevitatavad aasad\"}]},{\"@type\":\"WebSite\",\"@id\":\"https:\\\/\\\/www.mazam.eu\\\/#website\",\"url\":\"https:\\\/\\\/www.mazam.eu\\\/\",\"name\":\"Mazam O&Uuml; | T&otilde;ste- ja koormakinnitusvahendite tootmine ja m&uuml;&uuml;k (2014 - 2026) - linttropp &bull; koormarihm &bull; ringt&otilde;stev&ouml;&ouml; &bull; terastross &bull; kett-tropp &bull; vints &bull; t&otilde;stemagnet jpm.\",\"description\":\"T&otilde;ste- ja kinnituslahendused | Lifting- and lashing solutions\",\"publisher\":{\"@id\":\"https:\\\/\\\/www.mazam.eu\\\/#organization\"},\"potentialAction\":[{\"@type\":\"SearchAction\",\"target\":{\"@type\":\"EntryPoint\",\"urlTemplate\":\"https:\\\/\\\/www.mazam.eu\\\/?s={search_term_string}\"},\"query-input\":{\"@type\":\"PropertyValueSpecification\",\"valueRequired\":true,\"valueName\":\"search_term_string\"}}],\"inLanguage\":\"ru-RU\"},{\"@type\":\"Organization\",\"@id\":\"https:\\\/\\\/www.mazam.eu\\\/#organization\",\"name\":\"Mazam O\u00dc\",\"url\":\"https:\\\/\\\/www.mazam.eu\\\/\",\"logo\":{\"@type\":\"ImageObject\",\"inLanguage\":\"ru-RU\",\"@id\":\"https:\\\/\\\/www.mazam.eu\\\/#\\\/schema\\\/logo\\\/image\\\/\",\"url\":\"https:\\\/\\\/www.mazam.eu\\\/wp-content\\\/uploads\\\/2015\\\/10\\\/mazam-logo-linttropp-koormarihm-t\u00f5stev\u00f6\u00f6.png\",\"contentUrl\":\"https:\\\/\\\/www.mazam.eu\\\/wp-content\\\/uploads\\\/2015\\\/10\\\/mazam-logo-linttropp-koormarihm-t\u00f5stev\u00f6\u00f6.png\",\"width\":190,\"height\":70,\"caption\":\"Mazam O\u00dc\"},\"image\":{\"@id\":\"https:\\\/\\\/www.mazam.eu\\\/#\\\/schema\\\/logo\\\/image\\\/\"}}]}<\/script>\n<!-- \/ Yoast SEO plugin. -->","yoast_head_json":{"title":"\u041f\u043e\u0434\u044a\u0435\u043c\u043d\u044b\u0435 \u043f\u0440\u043e\u0443\u0448\u0438\u043d\u044b RUD \u0438 \u043f\u0440\u0438\u0432\u0430\u0440\u043d\u044b\u0435 \u043f\u0440\u043e\u0443\u0448\u0438\u043d\u044b - Mazam O\u00dc","description":"\u0421\u043f\u0435\u0446\u0438\u0430\u043b\u044c\u043d\u044b\u0435 \u0440\u0435\u0437\u044c\u0431\u043e\u0432\u044b\u0435 \u043f\u043e\u0434\u044a\u0435\u043c\u043d\u044b\u0435 \u043f\u0440\u043e\u0443\u0448\u0438\u043d\u044b \u0438 \u043f\u043e\u0434\u044a\u0435\u043c\u043d\u044b\u0435 \u0433\u0430\u0439\u043a\u0438 (\u0441 \u0448\u0430\u0440\u043d\u0438\u0440\u043e\u043c \u0438 \u0431\u0435\u0437), \u043f\u0440\u0438\u0432\u0430\u0440\u0438\u0432\u0430\u0435\u043c\u044b\u0435 \u043f\u043e\u0434\u044a\u0435\u043c\u043d\u044b\u0435 \u043f\u0440\u043e\u0443\u0448\u0438\u043d\u044b \u0438 \u0442.\u0434..","robots":{"index":"index","follow":"follow","max-snippet":"max-snippet:-1","max-image-preview":"max-image-preview:large","max-video-preview":"max-video-preview:-1"},"canonical":"https:\/\/www.mazam.eu\/ru\/produkty\/rym-bolty-rud-rezbovyye-i-privarnyye\/","og_locale":"ru_RU","og_type":"article","og_title":"RUD t\u00f5stesilmad ja keevitatavad aasad - Mazam O\u00dc","og_description":"Spetsiaalsed keermega t\u00f5stesilmad ja t\u00f5stemutrid (p\u00f6\u00f6ritsaga ja ilma), keevitatavad t\u00f5steaasad jne..","og_url":"https:\/\/www.mazam.eu\/ru\/produkty\/rym-bolty-rud-rezbovyye-i-privarnyye\/","og_site_name":"Mazam O&Uuml; | T&otilde;ste- ja koormakinnitusvahendite tootmine ja m&uuml;&uuml;k (2014 - 2026) - linttropp &bull; koormarihm &bull; ringt&otilde;stev&ouml;&ouml; &bull; terastross &bull; kett-tropp &bull; vints &bull; t&otilde;stemagnet jpm.","article_modified_time":"2026-03-21T14:26:11+00:00","twitter_card":"summary_large_image","twitter_misc":{"\u041f\u0440\u0438\u043c\u0435\u0440\u043d\u043e\u0435 \u0432\u0440\u0435\u043c\u044f \u0434\u043b\u044f \u0447\u0442\u0435\u043d\u0438\u044f":"1 \u043c\u0438\u043d\u0443\u0442\u0430"},"schema":{"@context":"https:\/\/schema.org","@graph":[{"@type":"WebPage","@id":"https:\/\/www.mazam.eu\/tooted\/rud-tostesilmad-ja-keevitatavad-aasad\/","url":"https:\/\/www.mazam.eu\/tooted\/rud-tostesilmad-ja-keevitatavad-aasad\/","name":"\u041f\u043e\u0434\u044a\u0435\u043c\u043d\u044b\u0435 \u043f\u0440\u043e\u0443\u0448\u0438\u043d\u044b RUD \u0438 \u043f\u0440\u0438\u0432\u0430\u0440\u043d\u044b\u0435 \u043f\u0440\u043e\u0443\u0448\u0438\u043d\u044b - Mazam O\u00dc","isPartOf":{"@id":"https:\/\/www.mazam.eu\/#website"},"datePublished":"2019-03-23T06:19:30+00:00","dateModified":"2026-03-21T14:26:11+00:00","description":"\u0421\u043f\u0435\u0446\u0438\u0430\u043b\u044c\u043d\u044b\u0435 \u0440\u0435\u0437\u044c\u0431\u043e\u0432\u044b\u0435 \u043f\u043e\u0434\u044a\u0435\u043c\u043d\u044b\u0435 \u043f\u0440\u043e\u0443\u0448\u0438\u043d\u044b \u0438 \u043f\u043e\u0434\u044a\u0435\u043c\u043d\u044b\u0435 \u0433\u0430\u0439\u043a\u0438 (\u0441 \u0448\u0430\u0440\u043d\u0438\u0440\u043e\u043c \u0438 \u0431\u0435\u0437), \u043f\u0440\u0438\u0432\u0430\u0440\u0438\u0432\u0430\u0435\u043c\u044b\u0435 \u043f\u043e\u0434\u044a\u0435\u043c\u043d\u044b\u0435 \u043f\u0440\u043e\u0443\u0448\u0438\u043d\u044b \u0438 \u0442.\u0434..","breadcrumb":{"@id":"https:\/\/www.mazam.eu\/tooted\/rud-tostesilmad-ja-keevitatavad-aasad\/#breadcrumb"},"inLanguage":"ru-RU","potentialAction":[{"@type":"ReadAction","target":["https:\/\/www.mazam.eu\/tooted\/rud-tostesilmad-ja-keevitatavad-aasad\/"]}]},{"@type":"BreadcrumbList","@id":"https:\/\/www.mazam.eu\/tooted\/rud-tostesilmad-ja-keevitatavad-aasad\/#breadcrumb","itemListElement":[{"@type":"ListItem","position":1,"name":"Home","item":"https:\/\/www.mazam.eu\/"},{"@type":"ListItem","position":2,"name":"Tooted","item":"https:\/\/www.mazam.eu\/tooted\/"},{"@type":"ListItem","position":3,"name":"RUD t\u00f5stesilmad ja keevitatavad aasad"}]},{"@type":"WebSite","@id":"https:\/\/www.mazam.eu\/#website","url":"https:\/\/www.mazam.eu\/","name":"Mazam O\u00dc | \u041f\u0440\u043e\u0438\u0437\u0432\u043e\u0434\u0441\u0442\u0432\u043e \u0438 \u043f\u0440\u043e\u0434\u0430\u0436\u0430 \u043f\u043e\u0434\u044a\u0435\u043c\u043d\u043e-\u0442\u0440\u0430\u043d\u0441\u043f\u043e\u0440\u0442\u043d\u043e\u0433\u043e \u043e\u0431\u043e\u0440\u0443\u0434\u043e\u0432\u0430\u043d\u0438\u044f (2014 - 2026) - \u043b\u0438\u043d\u0442\u0440\u0443\u043f\u0430 - \u0433\u0440\u0443\u0437\u043e\u0432\u043e\u0439 \u0440\u0435\u043c\u0435\u043d\u044c - \u0442\u0430\u043b\u0435\u0432\u044b\u0439 \u0440\u0435\u043c\u0435\u043d\u044c - \u0441\u0442\u0430\u043b\u044c\u043d\u043e\u0439 \u043a\u0430\u043d\u0430\u0442 - \u0446\u0435\u043f\u043d\u043e\u0439 \u0442\u0430\u043b\u0440\u0435\u043f - \u043b\u0435\u0431\u0435\u0434\u043a\u0430 - \u043f\u043e\u0434\u044a\u0435\u043c\u043d\u044b\u0439 \u043c\u0430\u0433\u043d\u0438\u0442 \u0438 \u0442.\u0434.","description":"\u0420\u0435\u0448\u0435\u043d\u0438\u044f \u0434\u043b\u044f \u043f\u043e\u0434\u044a\u0435\u043c\u0430 \u0438 \u043a\u0440\u0435\u043f\u043b\u0435\u043d\u0438\u044f | \u0420\u0435\u0448\u0435\u043d\u0438\u044f \u0434\u043b\u044f \u043f\u043e\u0434\u044a\u0435\u043c\u0430 \u0438 \u043a\u0440\u0435\u043f\u043b\u0435\u043d\u0438\u044f","publisher":{"@id":"https:\/\/www.mazam.eu\/#organization"},"potentialAction":[{"@type":"SearchAction","target":{"@type":"EntryPoint","urlTemplate":"https:\/\/www.mazam.eu\/?s={search_term_string}"},"query-input":{"@type":"PropertyValueSpecification","valueRequired":true,"valueName":"search_term_string"}}],"inLanguage":"ru-RU"},{"@type":"Organization","@id":"https:\/\/www.mazam.eu\/#organization","name":"Mazam O\u00dc","url":"https:\/\/www.mazam.eu\/","logo":{"@type":"ImageObject","inLanguage":"ru-RU","@id":"https:\/\/www.mazam.eu\/#\/schema\/logo\/image\/","url":"https:\/\/www.mazam.eu\/wp-content\/uploads\/2015\/10\/mazam-logo-linttropp-koormarihm-t\u00f5stev\u00f6\u00f6.png","contentUrl":"https:\/\/www.mazam.eu\/wp-content\/uploads\/2015\/10\/mazam-logo-linttropp-koormarihm-t\u00f5stev\u00f6\u00f6.png","width":190,"height":70,"caption":"Mazam O\u00dc"},"image":{"@id":"https:\/\/www.mazam.eu\/#\/schema\/logo\/image\/"}}]}},"_links":{"self":[{"href":"https:\/\/www.mazam.eu\/ru\/wp-json\/wp\/v2\/pages\/3482","targetHints":{"allow":["GET"]}}],"collection":[{"href":"https:\/\/www.mazam.eu\/ru\/wp-json\/wp\/v2\/pages"}],"about":[{"href":"https:\/\/www.mazam.eu\/ru\/wp-json\/wp\/v2\/types\/page"}],"author":[{"embeddable":true,"href":"https:\/\/www.mazam.eu\/ru\/wp-json\/wp\/v2\/users\/1"}],"replies":[{"embeddable":true,"href":"https:\/\/www.mazam.eu\/ru\/wp-json\/wp\/v2\/comments?post=3482"}],"version-history":[{"count":34,"href":"https:\/\/www.mazam.eu\/ru\/wp-json\/wp\/v2\/pages\/3482\/revisions"}],"predecessor-version":[{"id":12550,"href":"https:\/\/www.mazam.eu\/ru\/wp-json\/wp\/v2\/pages\/3482\/revisions\/12550"}],"up":[{"embeddable":true,"href":"https:\/\/www.mazam.eu\/ru\/wp-json\/wp\/v2\/pages\/5"}],"wp:attachment":[{"href":"https:\/\/www.mazam.eu\/ru\/wp-json\/wp\/v2\/media?parent=3482"}],"curies":[{"name":"wp","href":"https:\/\/api.w.org\/{rel}","templated":true}]}}