{"id":3609,"date":"2019-04-27T05:41:51","date_gmt":"2019-04-27T05:41:51","guid":{"rendered":"http:\/\/www.mazam.eu\/?page_id=3609"},"modified":"2025-02-08T13:05:59","modified_gmt":"2025-02-08T13:05:59","slug":"%d1%82%d0%b0%d0%bb%d1%80%d0%b5%d0%bf%d1%8b","status":"publish","type":"page","link":"https:\/\/www.mazam.eu\/ru\/tooted\/vandipinguti-hamburger-pinguti\/","title":{"rendered":"\u0422\u0430\u043b\u0440\u0435\u043f\u044b"},"content":{"rendered":"<div class='epvc-post-count'><span class='epvc-eye'><\/span>  <span class=\"epvc-count\"> 5&nbsp;186<\/span><span class='epvc-label'> \u043f\u0440\u043e\u0441\u043c\u043e\u0442\u0440<\/span><\/div><p><span style=\"color: #ffffff;\">\u0432\u0430\u043d\u0434\u0438\u043f\u0438\u043d\u0433\u0443\u0442\u0438 \/ \u0433\u0430\u043c\u0431\u0443\u0440\u0433\u0435\u0440 \u043f\u0438\u043d\u0433\u0443\u0442\u0438<\/span><strong><br \/>\n<span style=\"color: #0000ff;\">\u0421\u0443\u043c\u043a\u0430 \u043f\u043e\u0434 \u043f\u0440\u0438\u0441\u044f\u0433\u043e\u0439 \u0441 \u0437\u0430\u043a\u0440\u044b\u0442\u044b\u043c \u043a\u0435\u0439\u0441\u043e\u043c<\/span>: \u0412 \u043e\u0441\u043d\u043e\u0432\u043d\u043e\u043c \u0438\u0441\u043f\u043e\u043b\u044c\u0437\u0443\u0435\u0442\u0441\u044f \u0434\u043b\u044f \u0437\u0430\u0442\u044f\u0433\u0438\u0432\u0430\u043d\u0438\u044f \u0438 \u0444\u0438\u043a\u0441\u0430\u0446\u0438\u0438 \u043a\u0430\u043d\u0430\u0442\u043e\u0432 \u0432 \u0441\u0442\u0440\u043e\u0438\u0442\u0435\u043b\u044c\u0441\u0442\u0432\u0435, \u043d\u0430 \u043a\u043e\u0440\u0430\u0431\u043b\u044f\u0445.<br \/>\n\u0438 \u0432 \u043f\u043e\u0435\u0437\u0434\u0430\u0445. \u0422\u0430\u043a\u0436\u0435 \u0438\u0437\u0432\u0435\u0441\u0442\u043d\u044b \u043a\u0430\u043a \u0432\u0435\u0440\u0435\u0432\u043e\u0447\u043d\u044b\u0435 \u043a\u0430\u0447\u0435\u043b\u0438 \u0438\u043b\u0438 \u0442\u0430\u043b\u0440\u0435\u043f.<br \/>\n<span style=\"color: #0000ff;\">\u0422\u0430\u043b\u0440\u0435\u043f \u0433\u0430\u043c\u0431\u0443\u0440\u0433\u0441\u043a\u0438\u0439<\/span>: \u0412 \u043e\u0441\u043d\u043e\u0432\u043d\u043e\u043c \u0438\u0441\u043f\u043e\u043b\u044c\u0437\u0443\u0435\u0442\u0441\u044f \u0434\u043b\u044f \u0437\u0430\u0442\u044f\u0433\u0438\u0432\u0430\u043d\u0438\u044f \u0438 \u0443\u0434\u0435\u0440\u0436\u0430\u043d\u0438\u044f \u043f\u0435\u0442\u043b\u0435\u0432\u044b\u0445 \u043a\u0430\u043d\u0430\u0442\u043e\u0432 \u0438\u043b\u0438 \u0441\u043e\u0435\u0434\u0438\u043d\u0438\u0442\u0435\u043b\u044c\u043d\u044b\u0445 \u0446\u0435\u043f\u0435\u0439.<br \/>\n\u043d\u0430 \u043f\u043e\u0435\u0437\u0434\u0430\u0445 \u0438\u043b\u0438 \u043a\u043e\u0440\u0430\u0431\u043b\u044f\u0445.<br \/>\n\u0414\u043e\u043f\u0443\u0441\u0442\u0438\u043c\u0430\u044f \u0442\u0435\u043c\u043f\u0435\u0440\u0430\u0442\u0443\u0440\u0430 -20\u00b0C \u0434\u043e +200\u00b0C<br \/>\n\u041f\u0440\u043e\u0434\u0443\u043a\u0442\u044b \u0438\u043c\u0435\u0435\u0442 \u0441\u0435\u0440\u0442\u0438\u0444\u0438\u043a\u0430\u0442\u044b.<br \/>\n\u0417\u0430\u043f\u0430\u0441 \u043f\u0440\u043e\u0447\u043d\u043e\u0441\u0442\u0438 5:1<br \/>\n\u2014<br \/>\n<em>\u041d\u0430\u0436\u043c\u0438\u0442\u0435 \u043d\u0430 \u043a\u0430\u0440\u0442\u0438\u043d\u043a\u0443, \u0447\u0442\u043e\u0431\u044b \u0443\u0432\u0438\u0434\u0435\u0442\u044c \u0431\u043e\u043b\u044c\u0448\u0435 \u0438\u043d\u0444\u043e\u0440\u043c\u0430\u0446\u0438\u0438 \u043e \u043f\u0440\u043e\u0434\u0443\u043a\u0442\u0430\u0445.<\/em><\/strong><\/p>\n<table style=\"border-style: hidden;\">\n<tbody>\n<tr>\n<td>\n<p><figure id=\"attachment_9556\" aria-describedby=\"caption-attachment-9556\" style=\"width: 200px\" class=\"wp-caption aligncenter\"><a href=\"https:\/\/www.mazam.eu\/ru\/produkty\/%d1%82%d0%b0%d0%bb%d1%80%d0%b5%d0%bf-%d0%b2%d0%b8%d0%bb%d0%be%d1%87%d0%bd%d1%8b%d0%b9-%d0%b7%d0%b0%d0%ba%d1%80%d1%8b%d1%82%d1%8b%d0%b9\/\"><img loading=\"lazy\" decoding=\"async\" class=\"wp-image-9556 size-full\" src=\"https:\/\/www.mazam.eu\/wp-content\/uploads\/2025\/02\/vandipinguti-kinnise-korpusega-\u0422\u0430\u043b\u0440\u0435\u043f-\u0432\u0438\u043b\u043e\u0447\u043d\u044b\u0439-\u0437\u0430\u043a\u0440\u044b\u0442\u044b\u0439-turnbuckle-closed-body-avatar.jpg\" alt=\"\u0422\u0430\u043b\u0440\u0435\u043f \u0432\u0438\u043b\u043e\u0447\u043d\u044b\u0439 \u0437\u0430\u043a\u0440\u044b\u0442\u044b\u0439\" width=\"200\" height=\"150\" data-id=\"1939\" \/><\/a><figcaption id=\"caption-attachment-9556\" class=\"wp-caption-text\">\u0422\u0430\u043b\u0440\u0435\u043f \u0432\u0438\u043b\u043e\u0447\u043d\u044b\u0439 \u0437\u0430\u043a\u0440\u044b\u0442\u044b\u0439<\/figcaption><\/figure><\/td>\n<td>\n<p><figure id=\"attachment_3051\" aria-describedby=\"caption-attachment-3051\" style=\"width: 200px\" class=\"wp-caption aligncenter\"><a href=\"https:\/\/www.mazam.eu\/ru\/produkty\/%d1%82%d0%b0%d0%bb%d1%80%d0%b5%d0%bf-%d0%b3%d0%b0%d0%bc%d0%b1%d1%83%d1%80%d0%b3%d1%81%d0%ba%d0%b8%d0%b9\/\"><img loading=\"lazy\" decoding=\"async\" class=\"wp-image-3051 size-full\" src=\"https:\/\/www.mazam.eu\/wp-content\/uploads\/2018\/11\/hamburger-vandipinguti-talrep-turnbuckle.png\" alt=\"\u0422\u0430\u043b\u0440\u0435\u043f \u0433\u0430\u043c\u0431\u0443\u0440\u0433\u0441\u043a\u0438\u0439\" width=\"200\" height=\"150\" data-id=\"3051\" \/><\/a><figcaption id=\"caption-attachment-3051\" class=\"wp-caption-text\">\u0422\u0430\u043b\u0440\u0435\u043f \u0433\u0430\u043c\u0431\u0443\u0440\u0433\u0441\u043a\u0438\u0439<\/figcaption><\/figure><\/td>\n<\/tr>\n<\/tbody>\n<\/table>","protected":false},"excerpt":{"rendered":"<p>5&nbsp;186 vaatamistvandipinguti \/ hamburger pinguti Vandipinguti kinnise korpusega: Peamiselt silmustrosside pingutamiseks ja kinni hoidmiseks ehitusel, laevadel ja rongidel. Nimetatakse ka trossipingutiks v\u00f5i talrepiks. Hamburger pinguti: Peamiselt silmustrosside v\u00f5i sidumiskettide pingutamiseks ja kinni hoidmiseks rongidel v\u00f5i laevadel. Lubatud temperatuur -20\u00b0C kuni +200\u00b0C Toodetel on sertifikaat. Varutegur 5:1 &#8212; Vajuta pildile, et n\u00e4ha rohkem infot toodete kohta..<\/p>","protected":false},"author":1,"featured_media":0,"parent":5,"menu_order":0,"comment_status":"closed","ping_status":"closed","template":"","meta":{"_uf_show_specific_survey":0,"_uf_disable_surveys":false,"iawp_total_views":256,"footnotes":""},"class_list":["post-3609","page","type-page","status-publish","hentry"],"yoast_head":"<!-- This site is optimized with the Yoast SEO plugin v27.5 - https:\/\/yoast.com\/product\/yoast-seo-wordpress\/ -->\n<title>VANDIPINGUTI \/ HAMBURGER PINGUTI - Mazam O\u00dc<\/title>\n<meta name=\"description\" content=\"vandipinguti \/ hamburger pinguti -\" \/>\n<meta name=\"robots\" content=\"index, follow, max-snippet:-1, max-image-preview:large, max-video-preview:-1\" \/>\n<link rel=\"canonical\" href=\"https:\/\/www.mazam.eu\/ru\/produkty\/\u0442\u0430\u043b\u0440\u0435\u043f\u044b\/\" \/>\n<meta property=\"og:locale\" content=\"ru_RU\" \/>\n<meta property=\"og:type\" content=\"article\" \/>\n<meta property=\"og:title\" content=\"VANDIPINGUTI \/ HAMBURGER PINGUTI - Mazam O\u00dc\" \/>\n<meta property=\"og:description\" content=\"vandipinguti \/ hamburger pinguti -\" \/>\n<meta property=\"og:url\" content=\"https:\/\/www.mazam.eu\/ru\/produkty\/\u0442\u0430\u043b\u0440\u0435\u043f\u044b\/\" \/>\n<meta property=\"og:site_name\" content=\"Mazam O&Uuml; | T&otilde;ste- ja koormakinnitusvahendite tootmine ja m&uuml;&uuml;k (2014 - 2026) - linttropp &bull; koormarihm &bull; ringt&otilde;stev&ouml;&ouml; &bull; terastross &bull; kett-tropp &bull; vints &bull; t&otilde;stemagnet jpm.\" \/>\n<meta property=\"article:modified_time\" content=\"2025-02-08T13:05:59+00:00\" \/>\n<meta property=\"og:image\" content=\"https:\/\/www.mazam.eu\/wp-content\/uploads\/2018\/11\/hamburger-vandipinguti-talrep-turnbuckle.png\" \/>\n<meta name=\"twitter:card\" content=\"summary_large_image\" \/>\n<meta name=\"twitter:label1\" content=\"\u041f\u0440\u0438\u043c\u0435\u0440\u043d\u043e\u0435 \u0432\u0440\u0435\u043c\u044f \u0434\u043b\u044f \u0447\u0442\u0435\u043d\u0438\u044f\" \/>\n\t<meta name=\"twitter:data1\" content=\"1 \u043c\u0438\u043d\u0443\u0442\u0430\" \/>\n<script type=\"application\/ld+json\" class=\"yoast-schema-graph\">{\"@context\":\"https:\\\/\\\/schema.org\",\"@graph\":[{\"@type\":\"WebPage\",\"@id\":\"https:\\\/\\\/www.mazam.eu\\\/tooted\\\/vandipinguti-hamburger-pinguti\\\/\",\"url\":\"https:\\\/\\\/www.mazam.eu\\\/tooted\\\/vandipinguti-hamburger-pinguti\\\/\",\"name\":\"VANDIPINGUTI \\\/ HAMBURGER PINGUTI - Mazam O\u00dc\",\"isPartOf\":{\"@id\":\"https:\\\/\\\/www.mazam.eu\\\/#website\"},\"primaryImageOfPage\":{\"@id\":\"https:\\\/\\\/www.mazam.eu\\\/tooted\\\/vandipinguti-hamburger-pinguti\\\/#primaryimage\"},\"image\":{\"@id\":\"https:\\\/\\\/www.mazam.eu\\\/tooted\\\/vandipinguti-hamburger-pinguti\\\/#primaryimage\"},\"thumbnailUrl\":\"https:\\\/\\\/www.mazam.eu\\\/wp-content\\\/uploads\\\/2018\\\/11\\\/hamburger-vandipinguti-talrep-turnbuckle.png\",\"datePublished\":\"2019-04-27T05:41:51+00:00\",\"dateModified\":\"2025-02-08T13:05:59+00:00\",\"description\":\"vandipinguti \\\/ hamburger pinguti -\",\"breadcrumb\":{\"@id\":\"https:\\\/\\\/www.mazam.eu\\\/tooted\\\/vandipinguti-hamburger-pinguti\\\/#breadcrumb\"},\"inLanguage\":\"ru-RU\",\"potentialAction\":[{\"@type\":\"ReadAction\",\"target\":[\"https:\\\/\\\/www.mazam.eu\\\/tooted\\\/vandipinguti-hamburger-pinguti\\\/\"]}]},{\"@type\":\"ImageObject\",\"inLanguage\":\"ru-RU\",\"@id\":\"https:\\\/\\\/www.mazam.eu\\\/tooted\\\/vandipinguti-hamburger-pinguti\\\/#primaryimage\",\"url\":\"https:\\\/\\\/www.mazam.eu\\\/wp-content\\\/uploads\\\/2018\\\/11\\\/hamburger-vandipinguti-talrep-turnbuckle.png\",\"contentUrl\":\"https:\\\/\\\/www.mazam.eu\\\/wp-content\\\/uploads\\\/2018\\\/11\\\/hamburger-vandipinguti-talrep-turnbuckle.png\"},{\"@type\":\"BreadcrumbList\",\"@id\":\"https:\\\/\\\/www.mazam.eu\\\/tooted\\\/vandipinguti-hamburger-pinguti\\\/#breadcrumb\",\"itemListElement\":[{\"@type\":\"ListItem\",\"position\":1,\"name\":\"Home\",\"item\":\"https:\\\/\\\/www.mazam.eu\\\/\"},{\"@type\":\"ListItem\",\"position\":2,\"name\":\"Tooted\",\"item\":\"https:\\\/\\\/www.mazam.eu\\\/tooted\\\/\"},{\"@type\":\"ListItem\",\"position\":3,\"name\":\"Vandipinguti \\\/ hamburger pinguti\"}]},{\"@type\":\"WebSite\",\"@id\":\"https:\\\/\\\/www.mazam.eu\\\/#website\",\"url\":\"https:\\\/\\\/www.mazam.eu\\\/\",\"name\":\"Mazam O&Uuml; | T&otilde;ste- ja koormakinnitusvahendite tootmine ja m&uuml;&uuml;k (2014 - 2026) - linttropp &bull; koormarihm &bull; ringt&otilde;stev&ouml;&ouml; &bull; terastross &bull; kett-tropp &bull; vints &bull; t&otilde;stemagnet jpm.\",\"description\":\"T&otilde;ste- ja kinnituslahendused | Lifting- and lashing solutions\",\"publisher\":{\"@id\":\"https:\\\/\\\/www.mazam.eu\\\/#organization\"},\"potentialAction\":[{\"@type\":\"SearchAction\",\"target\":{\"@type\":\"EntryPoint\",\"urlTemplate\":\"https:\\\/\\\/www.mazam.eu\\\/?s={search_term_string}\"},\"query-input\":{\"@type\":\"PropertyValueSpecification\",\"valueRequired\":true,\"valueName\":\"search_term_string\"}}],\"inLanguage\":\"ru-RU\"},{\"@type\":\"Organization\",\"@id\":\"https:\\\/\\\/www.mazam.eu\\\/#organization\",\"name\":\"Mazam O\u00dc\",\"url\":\"https:\\\/\\\/www.mazam.eu\\\/\",\"logo\":{\"@type\":\"ImageObject\",\"inLanguage\":\"ru-RU\",\"@id\":\"https:\\\/\\\/www.mazam.eu\\\/#\\\/schema\\\/logo\\\/image\\\/\",\"url\":\"https:\\\/\\\/www.mazam.eu\\\/wp-content\\\/uploads\\\/2015\\\/10\\\/mazam-logo-linttropp-koormarihm-t\u00f5stev\u00f6\u00f6.png\",\"contentUrl\":\"https:\\\/\\\/www.mazam.eu\\\/wp-content\\\/uploads\\\/2015\\\/10\\\/mazam-logo-linttropp-koormarihm-t\u00f5stev\u00f6\u00f6.png\",\"width\":190,\"height\":70,\"caption\":\"Mazam O\u00dc\"},\"image\":{\"@id\":\"https:\\\/\\\/www.mazam.eu\\\/#\\\/schema\\\/logo\\\/image\\\/\"}}]}<\/script>\n<!-- \/ Yoast SEO plugin. -->","yoast_head_json":{"title":"\u0422\u0430\u043b\u0440\u0435\u043f\u044b - Mazam O\u00dc","description":"\u0422\u0430\u043b\u0440\u0435\u043f\u044b -","robots":{"index":"index","follow":"follow","max-snippet":"max-snippet:-1","max-image-preview":"max-image-preview:large","max-video-preview":"max-video-preview:-1"},"canonical":"https:\/\/www.mazam.eu\/ru\/produkty\/\u0442\u0430\u043b\u0440\u0435\u043f\u044b\/","og_locale":"ru_RU","og_type":"article","og_title":"VANDIPINGUTI \/ HAMBURGER PINGUTI - Mazam O\u00dc","og_description":"vandipinguti \/ hamburger pinguti -","og_url":"https:\/\/www.mazam.eu\/ru\/produkty\/\u0442\u0430\u043b\u0440\u0435\u043f\u044b\/","og_site_name":"Mazam O&Uuml; | T&otilde;ste- ja koormakinnitusvahendite tootmine ja m&uuml;&uuml;k (2014 - 2026) - linttropp &bull; koormarihm &bull; ringt&otilde;stev&ouml;&ouml; &bull; terastross &bull; kett-tropp &bull; vints &bull; t&otilde;stemagnet jpm.","article_modified_time":"2025-02-08T13:05:59+00:00","og_image":[{"url":"https:\/\/www.mazam.eu\/wp-content\/uploads\/2018\/11\/hamburger-vandipinguti-talrep-turnbuckle.png","type":"","width":"","height":""}],"twitter_card":"summary_large_image","twitter_misc":{"\u041f\u0440\u0438\u043c\u0435\u0440\u043d\u043e\u0435 \u0432\u0440\u0435\u043c\u044f \u0434\u043b\u044f \u0447\u0442\u0435\u043d\u0438\u044f":"1 \u043c\u0438\u043d\u0443\u0442\u0430"},"schema":{"@context":"https:\/\/schema.org","@graph":[{"@type":"WebPage","@id":"https:\/\/www.mazam.eu\/tooted\/vandipinguti-hamburger-pinguti\/","url":"https:\/\/www.mazam.eu\/tooted\/vandipinguti-hamburger-pinguti\/","name":"\u0422\u0430\u043b\u0440\u0435\u043f\u044b - Mazam O\u00dc","isPartOf":{"@id":"https:\/\/www.mazam.eu\/#website"},"primaryImageOfPage":{"@id":"https:\/\/www.mazam.eu\/tooted\/vandipinguti-hamburger-pinguti\/#primaryimage"},"image":{"@id":"https:\/\/www.mazam.eu\/tooted\/vandipinguti-hamburger-pinguti\/#primaryimage"},"thumbnailUrl":"https:\/\/www.mazam.eu\/wp-content\/uploads\/2018\/11\/hamburger-vandipinguti-talrep-turnbuckle.png","datePublished":"2019-04-27T05:41:51+00:00","dateModified":"2025-02-08T13:05:59+00:00","description":"\u0422\u0430\u043b\u0440\u0435\u043f\u044b -","breadcrumb":{"@id":"https:\/\/www.mazam.eu\/tooted\/vandipinguti-hamburger-pinguti\/#breadcrumb"},"inLanguage":"ru-RU","potentialAction":[{"@type":"ReadAction","target":["https:\/\/www.mazam.eu\/tooted\/vandipinguti-hamburger-pinguti\/"]}]},{"@type":"ImageObject","inLanguage":"ru-RU","@id":"https:\/\/www.mazam.eu\/tooted\/vandipinguti-hamburger-pinguti\/#primaryimage","url":"https:\/\/www.mazam.eu\/wp-content\/uploads\/2018\/11\/hamburger-vandipinguti-talrep-turnbuckle.png","contentUrl":"https:\/\/www.mazam.eu\/wp-content\/uploads\/2018\/11\/hamburger-vandipinguti-talrep-turnbuckle.png"},{"@type":"BreadcrumbList","@id":"https:\/\/www.mazam.eu\/tooted\/vandipinguti-hamburger-pinguti\/#breadcrumb","itemListElement":[{"@type":"ListItem","position":1,"name":"Home","item":"https:\/\/www.mazam.eu\/"},{"@type":"ListItem","position":2,"name":"Tooted","item":"https:\/\/www.mazam.eu\/tooted\/"},{"@type":"ListItem","position":3,"name":"Vandipinguti \/ hamburger pinguti"}]},{"@type":"WebSite","@id":"https:\/\/www.mazam.eu\/#website","url":"https:\/\/www.mazam.eu\/","name":"Mazam O\u00dc | \u041f\u0440\u043e\u0438\u0437\u0432\u043e\u0434\u0441\u0442\u0432\u043e \u0438 \u043f\u0440\u043e\u0434\u0430\u0436\u0430 \u043f\u043e\u0434\u044a\u0435\u043c\u043d\u043e-\u0442\u0440\u0430\u043d\u0441\u043f\u043e\u0440\u0442\u043d\u043e\u0433\u043e \u043e\u0431\u043e\u0440\u0443\u0434\u043e\u0432\u0430\u043d\u0438\u044f (2014 - 2026) - \u043b\u0438\u043d\u0442\u0440\u0443\u043f\u0430 - \u0433\u0440\u0443\u0437\u043e\u0432\u043e\u0439 \u0440\u0435\u043c\u0435\u043d\u044c - \u0442\u0430\u043b\u0435\u0432\u044b\u0439 \u0440\u0435\u043c\u0435\u043d\u044c - \u0441\u0442\u0430\u043b\u044c\u043d\u043e\u0439 \u043a\u0430\u043d\u0430\u0442 - \u0446\u0435\u043f\u043d\u043e\u0439 \u0442\u0430\u043b\u0440\u0435\u043f - \u043b\u0435\u0431\u0435\u0434\u043a\u0430 - \u043f\u043e\u0434\u044a\u0435\u043c\u043d\u044b\u0439 \u043c\u0430\u0433\u043d\u0438\u0442 \u0438 \u0442.\u0434.","description":"\u0420\u0435\u0448\u0435\u043d\u0438\u044f \u0434\u043b\u044f \u043f\u043e\u0434\u044a\u0435\u043c\u0430 \u0438 \u043a\u0440\u0435\u043f\u043b\u0435\u043d\u0438\u044f | \u0420\u0435\u0448\u0435\u043d\u0438\u044f \u0434\u043b\u044f \u043f\u043e\u0434\u044a\u0435\u043c\u0430 \u0438 \u043a\u0440\u0435\u043f\u043b\u0435\u043d\u0438\u044f","publisher":{"@id":"https:\/\/www.mazam.eu\/#organization"},"potentialAction":[{"@type":"SearchAction","target":{"@type":"EntryPoint","urlTemplate":"https:\/\/www.mazam.eu\/?s={search_term_string}"},"query-input":{"@type":"PropertyValueSpecification","valueRequired":true,"valueName":"search_term_string"}}],"inLanguage":"ru-RU"},{"@type":"Organization","@id":"https:\/\/www.mazam.eu\/#organization","name":"Mazam O\u00dc","url":"https:\/\/www.mazam.eu\/","logo":{"@type":"ImageObject","inLanguage":"ru-RU","@id":"https:\/\/www.mazam.eu\/#\/schema\/logo\/image\/","url":"https:\/\/www.mazam.eu\/wp-content\/uploads\/2015\/10\/mazam-logo-linttropp-koormarihm-t\u00f5stev\u00f6\u00f6.png","contentUrl":"https:\/\/www.mazam.eu\/wp-content\/uploads\/2015\/10\/mazam-logo-linttropp-koormarihm-t\u00f5stev\u00f6\u00f6.png","width":190,"height":70,"caption":"Mazam O\u00dc"},"image":{"@id":"https:\/\/www.mazam.eu\/#\/schema\/logo\/image\/"}}]}},"_links":{"self":[{"href":"https:\/\/www.mazam.eu\/ru\/wp-json\/wp\/v2\/pages\/3609","targetHints":{"allow":["GET"]}}],"collection":[{"href":"https:\/\/www.mazam.eu\/ru\/wp-json\/wp\/v2\/pages"}],"about":[{"href":"https:\/\/www.mazam.eu\/ru\/wp-json\/wp\/v2\/types\/page"}],"author":[{"embeddable":true,"href":"https:\/\/www.mazam.eu\/ru\/wp-json\/wp\/v2\/users\/1"}],"replies":[{"embeddable":true,"href":"https:\/\/www.mazam.eu\/ru\/wp-json\/wp\/v2\/comments?post=3609"}],"version-history":[{"count":19,"href":"https:\/\/www.mazam.eu\/ru\/wp-json\/wp\/v2\/pages\/3609\/revisions"}],"predecessor-version":[{"id":9614,"href":"https:\/\/www.mazam.eu\/ru\/wp-json\/wp\/v2\/pages\/3609\/revisions\/9614"}],"up":[{"embeddable":true,"href":"https:\/\/www.mazam.eu\/ru\/wp-json\/wp\/v2\/pages\/5"}],"wp:attachment":[{"href":"https:\/\/www.mazam.eu\/ru\/wp-json\/wp\/v2\/media?parent=3609"}],"curies":[{"name":"wp","href":"https:\/\/api.w.org\/{rel}","templated":true}]}}