{"id":3738,"date":"2019-05-07T22:06:49","date_gmt":"2019-05-07T22:06:49","guid":{"rendered":"http:\/\/www.mazam.eu\/?page_id=3738"},"modified":"2025-02-05T11:49:38","modified_gmt":"2025-02-05T11:49:38","slug":"rud-tostesilmad-poldi-ja-mutriga-2","status":"publish","type":"page","link":"https:\/\/www.mazam.eu\/ru\/tooted\/rud-tostesilmad-ja-keevitatavad-aasad\/rud-tostesilmad-poldi-ja-mutriga-2\/","title":{"rendered":"\u0420\u044b\u043c-\u0411\u043e\u043b\u0442\u044b RUD (\u0441 \u0431\u043e\u043b\u0442\u043e\u043c \u0438 \u0433\u0430\u0439\u043a\u043e\u0439)"},"content":{"rendered":"<div class='epvc-post-count'><span class='epvc-eye'><\/span>  <span class=\"epvc-count\"> 3&nbsp;799<\/span><span class='epvc-label'> \u043f\u0440\u043e\u0441\u043c\u043e\u0442\u0440<\/span><\/div><p><span style=\"color: #ffffff;\">\u0420\u044b\u043c-\u0411\u043e\u043b\u0442\u044b RUD (\u0441 \u0431\u043e\u043b\u0442\u043e\u043c \u0438 \u0433\u0430\u0439\u043a\u043e\u0439)<\/span><em><strong><br \/>\n\u041d\u0430\u0436\u043c\u0438\u0442\u0435 \u043d\u0430 \u043a\u0430\u0440\u0442\u0438\u043d\u043a\u0443, \u0447\u0442\u043e\u0431\u044b \u0443\u0432\u0438\u0434\u0435\u0442\u044c \u0431\u043e\u043b\u044c\u0448\u0435 \u0438\u043d\u0444\u043e\u0440\u043c\u0430\u0446\u0438\u0438 \u043e \u043f\u0440\u043e\u0434\u0443\u043a\u0442\u0430\u0445.<\/strong><\/em><\/p>\n<table style=\"border-style: hidden;\">\n<tbody>\n<tr>\n<td>\n<p><figure id=\"attachment_3739\" aria-describedby=\"caption-attachment-3739\" style=\"width: 194px\" class=\"wp-caption aligncenter\"><a href=\"https:\/\/www.rud.com\/en\/products\/sling-lashing-systems\/rud-sling-systems\/lifting-points\/detail\/pp-b-powerpointr-ring-connection-bsw-thread.html\" target=\"_blank\" rel=\"noopener noreferrer\"><img loading=\"lazy\" decoding=\"async\" class=\"wp-image-3739 size-full\" src=\"https:\/\/www.mazam.eu\/wp-content\/uploads\/2019\/05\/RUD-t\u00f5stesilm-polt-PP-VIP.png\" alt=\"RUD t\u00f5stesilm polt PP VIP\" width=\"194\" height=\"174\" data-id=\"3739\" \/><\/a><figcaption id=\"caption-attachment-3739\" class=\"wp-caption-text\">RUD t\u00f5stesilm polt PP-VIP<\/figcaption><\/figure><\/td>\n<td>\n<p><figure id=\"attachment_3740\" aria-describedby=\"caption-attachment-3740\" style=\"width: 170px\" class=\"wp-caption aligncenter\"><a href=\"https:\/\/www.rud.com\/en\/products\/sling-lashing-systems\/rud-sling-systems\/lifting-points\/detail\/vlbg-load-ring-metric-thread.html\" target=\"_blank\" rel=\"noopener noreferrer\"><img loading=\"lazy\" decoding=\"async\" class=\"wp-image-3740\" src=\"http:\/\/www.mazam.eu\/wp-content\/uploads\/2019\/05\/RUD-t\u00f5stesilm-polt-VLBG.png\" alt=\"RUD t\u00f5stesilm polt VLBG\" width=\"170\" height=\"188\" data-id=\"3740\" \/><\/a><figcaption id=\"caption-attachment-3740\" class=\"wp-caption-text\">RUD t\u00f5stesilm polt VLBG<\/figcaption><\/figure><\/td>\n<td>\n<p><figure id=\"attachment_3741\" aria-describedby=\"caption-attachment-3741\" style=\"width: 194px\" class=\"wp-caption aligncenter\"><a href=\"https:\/\/www.rud.com\/en\/products\/sling-lashing-systems\/rud-sling-systems\/lifting-points\/detail\/vwbg-load-ring-metric-thread-with-variable-length.html\" target=\"_blank\" rel=\"noopener noreferrer\"><img loading=\"lazy\" decoding=\"async\" class=\"wp-image-3741 size-full\" src=\"https:\/\/www.mazam.eu\/wp-content\/uploads\/2019\/05\/RUD-t\u00f5stesilm-polt-VWBG-V.png\" alt=\"RUD t\u00f5stesilm polt VWBG V\" width=\"194\" height=\"175\" data-id=\"3741\" \/><\/a><figcaption id=\"caption-attachment-3741\" class=\"wp-caption-text\">RUD t\u00f5stesilm polt VWBG-V<\/figcaption><\/figure><\/td>\n<\/tr>\n<tr>\n<td>\n<p><figure id=\"attachment_3742\" aria-describedby=\"caption-attachment-3742\" style=\"width: 170px\" class=\"wp-caption aligncenter\"><a href=\"https:\/\/www.rud.com\/en\/products\/sling-lashing-systems\/rud-sling-systems\/lifting-points\/detail\/vrs-f\/vrs-starpoint-metric-fine-thread.html\" target=\"_blank\" rel=\"noopener noreferrer\"><img loading=\"lazy\" decoding=\"async\" class=\"wp-image-3742\" src=\"http:\/\/www.mazam.eu\/wp-content\/uploads\/2019\/05\/RUD-t\u00f5stesilm-polt-VRS-F.png\" alt=\"RUD t\u00f5stesilm polt VRS F\" width=\"170\" height=\"189\" data-id=\"3742\" \/><\/a><figcaption id=\"caption-attachment-3742\" class=\"wp-caption-text\">RUD t\u00f5stesilm polt VRS-F<\/figcaption><\/figure><\/td>\n<td>\n<p><figure id=\"attachment_3743\" aria-describedby=\"caption-attachment-3743\" style=\"width: 194px\" class=\"wp-caption aligncenter\"><a href=\"https:\/\/www.rud.com\/en\/products\/sling-lashing-systems\/rud-sling-systems\/lifting-points\/detail\/vrbg-10-and-16-load-ring-for-bolting.html\" target=\"_blank\" rel=\"noopener noreferrer\"><img loading=\"lazy\" decoding=\"async\" class=\"wp-image-3743 size-full\" src=\"https:\/\/www.mazam.eu\/wp-content\/uploads\/2019\/05\/RUD-t\u00f5stesilm-poltidega-WRBG.png\" alt=\"RUD t\u00f5stesilm poltidega WRBG\" width=\"194\" height=\"175\" data-id=\"3743\" \/><\/a><figcaption id=\"caption-attachment-3743\" class=\"wp-caption-text\">RUD t\u00f5stesilm poltidega VRBG<\/figcaption><\/figure><\/td>\n<td>\n<p><figure id=\"attachment_3744\" aria-describedby=\"caption-attachment-3744\" style=\"width: 170px\" class=\"wp-caption aligncenter\"><a href=\"https:\/\/www.rud.com\/en\/products\/sling-lashing-systems\/rud-sling-systems\/lifting-points\/detail\/vrm-starpoint-eye-nut-metric-thread.html\" target=\"_blank\" rel=\"noopener noreferrer\"><img loading=\"lazy\" decoding=\"async\" class=\"wp-image-3744\" src=\"http:\/\/www.mazam.eu\/wp-content\/uploads\/2019\/05\/RUD-t\u00f5stesilm-mutter-VRM.png\" alt=\"RUD t\u00f5stesilm mutter VRM\" width=\"170\" height=\"190\" data-id=\"3744\" \/><\/a><figcaption id=\"caption-attachment-3744\" class=\"wp-caption-text\">RUD t\u00f5stesilm mutter VRM<\/figcaption><\/figure><\/td>\n<\/tr>\n<\/tbody>\n<\/table>\n<p><strong><span style=\"color: #000080;\">Rohkem infot RUD toodete kohta n\u00e4eb siin:<\/span> <a href=\"https:\/\/www.rud.com\/en\/products\/sling-lashing-systems\/rud-sling-systems.html\" target=\"_blank\" rel=\"noopener noreferrer\"><span style=\"color: #3366ff;\">RUD. com<\/span><\/a><\/strong><\/p>","protected":false},"excerpt":{"rendered":"<p>3&nbsp;799 vaatamistRUD t\u00f5stesilmad poldi ja mutriga Vajuta pildile, et n\u00e4ha rohkem infot toodete kohta.. Rohkem infot RUD toodete kohta n\u00e4eb siin: RUD. com<\/p>","protected":false},"author":1,"featured_media":0,"parent":3482,"menu_order":0,"comment_status":"closed","ping_status":"closed","template":"","meta":{"_uf_show_specific_survey":0,"_uf_disable_surveys":false,"iawp_total_views":109,"footnotes":""},"class_list":["post-3738","page","type-page","status-publish","hentry"],"yoast_head":"<!-- This site is optimized with the Yoast SEO plugin v27.5 - https:\/\/yoast.com\/product\/yoast-seo-wordpress\/ -->\n<title>RUD t\u00f5stesilmad poldi ja mutriga - Mazam O&Uuml; | T&otilde;ste- ja koormakinnitusvahendite tootmine ja m&uuml;&uuml;k (2014 - 2026) - linttropp &bull; koormarihm &bull; ringt&otilde;stev&ouml;&ouml; &bull; terastross &bull; kett-tropp &bull; vints &bull; t&otilde;stemagnet jpm.<\/title>\n<meta name=\"description\" content=\"RUD t\u00f5stesilmad poldi ja mutriga - erinevad keermega t\u00f5stesilmad ja t\u00f5stemutrid (p\u00f6\u00f6ritsaga ja ilma), keevitatavad t\u00f5steaasad jne..\" \/>\n<meta name=\"robots\" content=\"index, follow, max-snippet:-1, max-image-preview:large, max-video-preview:-1\" \/>\n<link rel=\"canonical\" href=\"https:\/\/www.mazam.eu\/ru\/produkty\/rym-bolty-rud-rezbovyye-i-privarnyye\/rud-tostesilmad-poldi-ja-mutriga-2\/\" \/>\n<meta property=\"og:locale\" content=\"ru_RU\" \/>\n<meta property=\"og:type\" content=\"article\" \/>\n<meta property=\"og:title\" content=\"RUD t\u00f5stesilmad poldi ja mutriga - Mazam O&Uuml; | T&otilde;ste- ja koormakinnitusvahendite tootmine ja m&uuml;&uuml;k (2014 - 2026) - linttropp &bull; koormarihm &bull; ringt&otilde;stev&ouml;&ouml; &bull; terastross &bull; kett-tropp &bull; vints &bull; t&otilde;stemagnet jpm.\" \/>\n<meta property=\"og:description\" content=\"RUD t\u00f5stesilmad poldi ja mutriga - erinevad keermega t\u00f5stesilmad ja t\u00f5stemutrid (p\u00f6\u00f6ritsaga ja ilma), keevitatavad t\u00f5steaasad jne..\" \/>\n<meta property=\"og:url\" content=\"https:\/\/www.mazam.eu\/ru\/produkty\/rym-bolty-rud-rezbovyye-i-privarnyye\/rud-tostesilmad-poldi-ja-mutriga-2\/\" \/>\n<meta property=\"og:site_name\" content=\"Mazam O&Uuml; | T&otilde;ste- ja koormakinnitusvahendite tootmine ja m&uuml;&uuml;k (2014 - 2026) - linttropp &bull; koormarihm &bull; ringt&otilde;stev&ouml;&ouml; &bull; terastross &bull; kett-tropp &bull; vints &bull; t&otilde;stemagnet jpm.\" \/>\n<meta property=\"article:modified_time\" content=\"2025-02-05T11:49:38+00:00\" \/>\n<meta name=\"twitter:card\" content=\"summary_large_image\" \/>\n<meta name=\"twitter:label1\" content=\"\u041f\u0440\u0438\u043c\u0435\u0440\u043d\u043e\u0435 \u0432\u0440\u0435\u043c\u044f \u0434\u043b\u044f \u0447\u0442\u0435\u043d\u0438\u044f\" \/>\n\t<meta name=\"twitter:data1\" content=\"2 \u043c\u0438\u043d\u0443\u0442\u044b\" \/>\n<script type=\"application\/ld+json\" class=\"yoast-schema-graph\">{\"@context\":\"https:\\\/\\\/schema.org\",\"@graph\":[{\"@type\":\"WebPage\",\"@id\":\"https:\\\/\\\/www.mazam.eu\\\/tooted\\\/rud-tostesilmad-ja-keevitatavad-aasad\\\/rud-tostesilmad-poldi-ja-mutriga-2\\\/\",\"url\":\"https:\\\/\\\/www.mazam.eu\\\/tooted\\\/rud-tostesilmad-ja-keevitatavad-aasad\\\/rud-tostesilmad-poldi-ja-mutriga-2\\\/\",\"name\":\"RUD t\u00f5stesilmad poldi ja mutriga - Mazam O&Uuml; | T&otilde;ste- ja koormakinnitusvahendite tootmine ja m&uuml;&uuml;k (2014 - 2026) - linttropp &bull; koormarihm &bull; ringt&otilde;stev&ouml;&ouml; &bull; terastross &bull; kett-tropp &bull; vints &bull; t&otilde;stemagnet jpm.\",\"isPartOf\":{\"@id\":\"https:\\\/\\\/www.mazam.eu\\\/#website\"},\"datePublished\":\"2019-05-07T22:06:49+00:00\",\"dateModified\":\"2025-02-05T11:49:38+00:00\",\"description\":\"RUD t\u00f5stesilmad poldi ja mutriga - erinevad keermega t\u00f5stesilmad ja t\u00f5stemutrid (p\u00f6\u00f6ritsaga ja ilma), keevitatavad t\u00f5steaasad jne..\",\"breadcrumb\":{\"@id\":\"https:\\\/\\\/www.mazam.eu\\\/tooted\\\/rud-tostesilmad-ja-keevitatavad-aasad\\\/rud-tostesilmad-poldi-ja-mutriga-2\\\/#breadcrumb\"},\"inLanguage\":\"ru-RU\",\"potentialAction\":[{\"@type\":\"ReadAction\",\"target\":[\"https:\\\/\\\/www.mazam.eu\\\/tooted\\\/rud-tostesilmad-ja-keevitatavad-aasad\\\/rud-tostesilmad-poldi-ja-mutriga-2\\\/\"]}]},{\"@type\":\"BreadcrumbList\",\"@id\":\"https:\\\/\\\/www.mazam.eu\\\/tooted\\\/rud-tostesilmad-ja-keevitatavad-aasad\\\/rud-tostesilmad-poldi-ja-mutriga-2\\\/#breadcrumb\",\"itemListElement\":[{\"@type\":\"ListItem\",\"position\":1,\"name\":\"Home\",\"item\":\"https:\\\/\\\/www.mazam.eu\\\/\"},{\"@type\":\"ListItem\",\"position\":2,\"name\":\"Tooted\",\"item\":\"https:\\\/\\\/www.mazam.eu\\\/tooted\\\/\"},{\"@type\":\"ListItem\",\"position\":3,\"name\":\"RUD t\u00f5stesilmad ja keevitatavad aasad\",\"item\":\"https:\\\/\\\/www.mazam.eu\\\/tooted\\\/rud-tostesilmad-ja-keevitatavad-aasad\\\/\"},{\"@type\":\"ListItem\",\"position\":4,\"name\":\"RUD t\u00f5stesilmad poldi ja mutriga\"}]},{\"@type\":\"WebSite\",\"@id\":\"https:\\\/\\\/www.mazam.eu\\\/#website\",\"url\":\"https:\\\/\\\/www.mazam.eu\\\/\",\"name\":\"Mazam O&Uuml; | T&otilde;ste- ja koormakinnitusvahendite tootmine ja m&uuml;&uuml;k (2014 - 2026) - linttropp &bull; koormarihm &bull; ringt&otilde;stev&ouml;&ouml; &bull; terastross &bull; kett-tropp &bull; vints &bull; t&otilde;stemagnet jpm.\",\"description\":\"T&otilde;ste- ja kinnituslahendused | Lifting- and lashing solutions\",\"publisher\":{\"@id\":\"https:\\\/\\\/www.mazam.eu\\\/#organization\"},\"potentialAction\":[{\"@type\":\"SearchAction\",\"target\":{\"@type\":\"EntryPoint\",\"urlTemplate\":\"https:\\\/\\\/www.mazam.eu\\\/?s={search_term_string}\"},\"query-input\":{\"@type\":\"PropertyValueSpecification\",\"valueRequired\":true,\"valueName\":\"search_term_string\"}}],\"inLanguage\":\"ru-RU\"},{\"@type\":\"Organization\",\"@id\":\"https:\\\/\\\/www.mazam.eu\\\/#organization\",\"name\":\"Mazam O\u00dc\",\"url\":\"https:\\\/\\\/www.mazam.eu\\\/\",\"logo\":{\"@type\":\"ImageObject\",\"inLanguage\":\"ru-RU\",\"@id\":\"https:\\\/\\\/www.mazam.eu\\\/#\\\/schema\\\/logo\\\/image\\\/\",\"url\":\"https:\\\/\\\/www.mazam.eu\\\/wp-content\\\/uploads\\\/2015\\\/10\\\/mazam-logo-linttropp-koormarihm-t\u00f5stev\u00f6\u00f6.png\",\"contentUrl\":\"https:\\\/\\\/www.mazam.eu\\\/wp-content\\\/uploads\\\/2015\\\/10\\\/mazam-logo-linttropp-koormarihm-t\u00f5stev\u00f6\u00f6.png\",\"width\":190,\"height\":70,\"caption\":\"Mazam O\u00dc\"},\"image\":{\"@id\":\"https:\\\/\\\/www.mazam.eu\\\/#\\\/schema\\\/logo\\\/image\\\/\"}}]}<\/script>\n<!-- \/ Yoast SEO plugin. -->","yoast_head_json":{"title":"Mazam O\u00dc | \u041f\u0440\u043e\u0438\u0437\u0432\u043e\u0434\u0441\u0442\u0432\u043e \u0438 \u043f\u0440\u043e\u0434\u0430\u0436\u0430 \u043f\u043e\u0434\u044a\u0435\u043c\u043d\u043e-\u0442\u0440\u0430\u043d\u0441\u043f\u043e\u0440\u0442\u043d\u043e\u0433\u043e \u043e\u0431\u043e\u0440\u0443\u0434\u043e\u0432\u0430\u043d\u0438\u044f (2014 - 2026) - \u043b\u0438\u043d\u0442\u0440\u0443\u043f\u0430 - \u0433\u0440\u0443\u0437\u043e\u0432\u043e\u0439 \u0440\u0435\u043c\u0435\u043d\u044c - \u0442\u0430\u043b\u0435\u0432\u044b\u0439 \u0440\u0435\u043c\u0435\u043d\u044c - \u0441\u0442\u0430\u043b\u044c\u043d\u043e\u0439 \u043a\u0430\u043d\u0430\u0442 - \u0446\u0435\u043f\u043d\u043e\u0439 \u0442\u0430\u043b\u0440\u0435\u043f - \u043b\u0435\u0431\u0435\u0434\u043a\u0430 - \u043f\u043e\u0434\u044a\u0435\u043c\u043d\u044b\u0439 \u043c\u0430\u0433\u043d\u0438\u0442 \u0438 \u0442.\u0434.","description":"RUD t\u00f5stesilmad poldi ja mutriga - erinevad keermega t\u00f5stesilmad ja t\u00f5stemutrid (p\u00f6\u00f6ritsaga ja ilma), keevitatavad t\u00f5steaasad jne..","robots":{"index":"index","follow":"follow","max-snippet":"max-snippet:-1","max-image-preview":"max-image-preview:large","max-video-preview":"max-video-preview:-1"},"canonical":"https:\/\/www.mazam.eu\/ru\/produkty\/rym-bolty-rud-rezbovyye-i-privarnyye\/rud-tostesilmad-poldi-ja-mutriga-2\/","og_locale":"ru_RU","og_type":"article","og_title":"RUD t\u00f5stesilmad poldi ja mutriga - Mazam O&Uuml; | T&otilde;ste- ja koormakinnitusvahendite tootmine ja m&uuml;&uuml;k (2014 - 2026) - linttropp &bull; koormarihm &bull; ringt&otilde;stev&ouml;&ouml; &bull; terastross &bull; kett-tropp &bull; vints &bull; t&otilde;stemagnet jpm.","og_description":"RUD t\u00f5stesilmad poldi ja mutriga - erinevad keermega t\u00f5stesilmad ja t\u00f5stemutrid (p\u00f6\u00f6ritsaga ja ilma), keevitatavad t\u00f5steaasad jne..","og_url":"https:\/\/www.mazam.eu\/ru\/produkty\/rym-bolty-rud-rezbovyye-i-privarnyye\/rud-tostesilmad-poldi-ja-mutriga-2\/","og_site_name":"Mazam O&Uuml; | T&otilde;ste- ja koormakinnitusvahendite tootmine ja m&uuml;&uuml;k (2014 - 2026) - linttropp &bull; koormarihm &bull; ringt&otilde;stev&ouml;&ouml; &bull; terastross &bull; kett-tropp &bull; vints &bull; t&otilde;stemagnet jpm.","article_modified_time":"2025-02-05T11:49:38+00:00","twitter_card":"summary_large_image","twitter_misc":{"\u041f\u0440\u0438\u043c\u0435\u0440\u043d\u043e\u0435 \u0432\u0440\u0435\u043c\u044f \u0434\u043b\u044f \u0447\u0442\u0435\u043d\u0438\u044f":"2 \u043c\u0438\u043d\u0443\u0442\u044b"},"schema":{"@context":"https:\/\/schema.org","@graph":[{"@type":"WebPage","@id":"https:\/\/www.mazam.eu\/tooted\/rud-tostesilmad-ja-keevitatavad-aasad\/rud-tostesilmad-poldi-ja-mutriga-2\/","url":"https:\/\/www.mazam.eu\/tooted\/rud-tostesilmad-ja-keevitatavad-aasad\/rud-tostesilmad-poldi-ja-mutriga-2\/","name":"Mazam O\u00dc | \u041f\u0440\u043e\u0438\u0437\u0432\u043e\u0434\u0441\u0442\u0432\u043e \u0438 \u043f\u0440\u043e\u0434\u0430\u0436\u0430 \u043f\u043e\u0434\u044a\u0435\u043c\u043d\u043e-\u0442\u0440\u0430\u043d\u0441\u043f\u043e\u0440\u0442\u043d\u043e\u0433\u043e \u043e\u0431\u043e\u0440\u0443\u0434\u043e\u0432\u0430\u043d\u0438\u044f (2014 - 2026) - \u043b\u0438\u043d\u0442\u0440\u0443\u043f\u0430 - \u0433\u0440\u0443\u0437\u043e\u0432\u043e\u0439 \u0440\u0435\u043c\u0435\u043d\u044c - \u0442\u0430\u043b\u0435\u0432\u044b\u0439 \u0440\u0435\u043c\u0435\u043d\u044c - \u0441\u0442\u0430\u043b\u044c\u043d\u043e\u0439 \u043a\u0430\u043d\u0430\u0442 - \u0446\u0435\u043f\u043d\u043e\u0439 \u0442\u0430\u043b\u0440\u0435\u043f - \u043b\u0435\u0431\u0435\u0434\u043a\u0430 - \u043f\u043e\u0434\u044a\u0435\u043c\u043d\u044b\u0439 \u043c\u0430\u0433\u043d\u0438\u0442 \u0438 \u0442.\u0434.","isPartOf":{"@id":"https:\/\/www.mazam.eu\/#website"},"datePublished":"2019-05-07T22:06:49+00:00","dateModified":"2025-02-05T11:49:38+00:00","description":"RUD t\u00f5stesilmad poldi ja mutriga - erinevad keermega t\u00f5stesilmad ja t\u00f5stemutrid (p\u00f6\u00f6ritsaga ja ilma), keevitatavad t\u00f5steaasad jne..","breadcrumb":{"@id":"https:\/\/www.mazam.eu\/tooted\/rud-tostesilmad-ja-keevitatavad-aasad\/rud-tostesilmad-poldi-ja-mutriga-2\/#breadcrumb"},"inLanguage":"ru-RU","potentialAction":[{"@type":"ReadAction","target":["https:\/\/www.mazam.eu\/tooted\/rud-tostesilmad-ja-keevitatavad-aasad\/rud-tostesilmad-poldi-ja-mutriga-2\/"]}]},{"@type":"BreadcrumbList","@id":"https:\/\/www.mazam.eu\/tooted\/rud-tostesilmad-ja-keevitatavad-aasad\/rud-tostesilmad-poldi-ja-mutriga-2\/#breadcrumb","itemListElement":[{"@type":"ListItem","position":1,"name":"Home","item":"https:\/\/www.mazam.eu\/"},{"@type":"ListItem","position":2,"name":"Tooted","item":"https:\/\/www.mazam.eu\/tooted\/"},{"@type":"ListItem","position":3,"name":"RUD t\u00f5stesilmad ja keevitatavad aasad","item":"https:\/\/www.mazam.eu\/tooted\/rud-tostesilmad-ja-keevitatavad-aasad\/"},{"@type":"ListItem","position":4,"name":"RUD t\u00f5stesilmad poldi ja mutriga"}]},{"@type":"WebSite","@id":"https:\/\/www.mazam.eu\/#website","url":"https:\/\/www.mazam.eu\/","name":"Mazam O\u00dc | \u041f\u0440\u043e\u0438\u0437\u0432\u043e\u0434\u0441\u0442\u0432\u043e \u0438 \u043f\u0440\u043e\u0434\u0430\u0436\u0430 \u043f\u043e\u0434\u044a\u0435\u043c\u043d\u043e-\u0442\u0440\u0430\u043d\u0441\u043f\u043e\u0440\u0442\u043d\u043e\u0433\u043e \u043e\u0431\u043e\u0440\u0443\u0434\u043e\u0432\u0430\u043d\u0438\u044f (2014 - 2026) - \u043b\u0438\u043d\u0442\u0440\u0443\u043f\u0430 - \u0433\u0440\u0443\u0437\u043e\u0432\u043e\u0439 \u0440\u0435\u043c\u0435\u043d\u044c - \u0442\u0430\u043b\u0435\u0432\u044b\u0439 \u0440\u0435\u043c\u0435\u043d\u044c - \u0441\u0442\u0430\u043b\u044c\u043d\u043e\u0439 \u043a\u0430\u043d\u0430\u0442 - \u0446\u0435\u043f\u043d\u043e\u0439 \u0442\u0430\u043b\u0440\u0435\u043f - \u043b\u0435\u0431\u0435\u0434\u043a\u0430 - \u043f\u043e\u0434\u044a\u0435\u043c\u043d\u044b\u0439 \u043c\u0430\u0433\u043d\u0438\u0442 \u0438 \u0442.\u0434.","description":"\u0420\u0435\u0448\u0435\u043d\u0438\u044f \u0434\u043b\u044f \u043f\u043e\u0434\u044a\u0435\u043c\u0430 \u0438 \u043a\u0440\u0435\u043f\u043b\u0435\u043d\u0438\u044f | \u0420\u0435\u0448\u0435\u043d\u0438\u044f \u0434\u043b\u044f \u043f\u043e\u0434\u044a\u0435\u043c\u0430 \u0438 \u043a\u0440\u0435\u043f\u043b\u0435\u043d\u0438\u044f","publisher":{"@id":"https:\/\/www.mazam.eu\/#organization"},"potentialAction":[{"@type":"SearchAction","target":{"@type":"EntryPoint","urlTemplate":"https:\/\/www.mazam.eu\/?s={search_term_string}"},"query-input":{"@type":"PropertyValueSpecification","valueRequired":true,"valueName":"search_term_string"}}],"inLanguage":"ru-RU"},{"@type":"Organization","@id":"https:\/\/www.mazam.eu\/#organization","name":"Mazam O\u00dc","url":"https:\/\/www.mazam.eu\/","logo":{"@type":"ImageObject","inLanguage":"ru-RU","@id":"https:\/\/www.mazam.eu\/#\/schema\/logo\/image\/","url":"https:\/\/www.mazam.eu\/wp-content\/uploads\/2015\/10\/mazam-logo-linttropp-koormarihm-t\u00f5stev\u00f6\u00f6.png","contentUrl":"https:\/\/www.mazam.eu\/wp-content\/uploads\/2015\/10\/mazam-logo-linttropp-koormarihm-t\u00f5stev\u00f6\u00f6.png","width":190,"height":70,"caption":"Mazam O\u00dc"},"image":{"@id":"https:\/\/www.mazam.eu\/#\/schema\/logo\/image\/"}}]}},"_links":{"self":[{"href":"https:\/\/www.mazam.eu\/ru\/wp-json\/wp\/v2\/pages\/3738","targetHints":{"allow":["GET"]}}],"collection":[{"href":"https:\/\/www.mazam.eu\/ru\/wp-json\/wp\/v2\/pages"}],"about":[{"href":"https:\/\/www.mazam.eu\/ru\/wp-json\/wp\/v2\/types\/page"}],"author":[{"embeddable":true,"href":"https:\/\/www.mazam.eu\/ru\/wp-json\/wp\/v2\/users\/1"}],"replies":[{"embeddable":true,"href":"https:\/\/www.mazam.eu\/ru\/wp-json\/wp\/v2\/comments?post=3738"}],"version-history":[{"count":24,"href":"https:\/\/www.mazam.eu\/ru\/wp-json\/wp\/v2\/pages\/3738\/revisions"}],"predecessor-version":[{"id":9534,"href":"https:\/\/www.mazam.eu\/ru\/wp-json\/wp\/v2\/pages\/3738\/revisions\/9534"}],"up":[{"embeddable":true,"href":"https:\/\/www.mazam.eu\/ru\/wp-json\/wp\/v2\/pages\/3482"}],"wp:attachment":[{"href":"https:\/\/www.mazam.eu\/ru\/wp-json\/wp\/v2\/media?parent=3738"}],"curies":[{"name":"wp","href":"https:\/\/api.w.org\/{rel}","templated":true}]}}