{"id":3749,"date":"2019-05-07T22:14:03","date_gmt":"2019-05-07T22:14:03","guid":{"rendered":"http:\/\/www.mazam.eu\/?page_id=3749"},"modified":"2025-03-07T07:47:07","modified_gmt":"2025-03-07T07:47:07","slug":"rud-keevitatavad-tosteaasad","status":"publish","type":"page","link":"https:\/\/www.mazam.eu\/ru\/tooted\/rud-tostesilmad-ja-keevitatavad-aasad\/rud-keevitatavad-tosteaasad\/","title":{"rendered":"\u0420\u044b\u043c-\u0411\u043e\u043b\u0442\u044b RUD (\u043f\u0440\u0438\u0432\u0430\u0440\u0438\u0432\u0430\u0435\u043c\u044b\u0435)"},"content":{"rendered":"<div class='epvc-post-count'><span class='epvc-eye'><\/span>  <span class=\"epvc-count\"> 3&nbsp;933<\/span><span class='epvc-label'> \u043f\u0440\u043e\u0441\u043c\u043e\u0442\u0440<\/span><\/div><p><strong>\u041d\u0430\u0436\u043c\u0438\u0442\u0435 \u043d\u0430 \u0438\u0437\u043e\u0431\u0440\u0430\u0436\u0435\u043d\u0438\u0435, \u0447\u0442\u043e\u0431\u044b \u0443\u0432\u0438\u0434\u0435\u0442\u044c \u0431\u043e\u043b\u044c\u0448\u0435 \u0438\u043d\u0444\u043e\u0440\u043c\u0430\u0446\u0438\u0438.<\/strong><\/p>\n<table style=\"border-style: hidden;\">\n<tbody>\n<tr>\n<td>\n<p><figure id=\"attachment_3750\" aria-describedby=\"caption-attachment-3750\" style=\"width: 194px\" class=\"wp-caption aligncenter\"><a href=\"https:\/\/www.rud.com\/en\/products\/sling-lashing-systems\/rud-sling-systems\/lifting-points\/detail\/aba-lifting-point-for-welding.html\" target=\"_blank\" rel=\"noopener noreferrer\"><img loading=\"lazy\" decoding=\"async\" class=\"wp-image-3750 size-full\" src=\"https:\/\/www.mazam.eu\/wp-content\/uploads\/2019\/05\/RUD-keevitatav-t\u00f5stesilm-ABA.png\" alt=\"RUD keevitatav t\u00f5stesilm ABA\" width=\"194\" height=\"165\" data-id=\"3750\" \/><\/a><figcaption id=\"caption-attachment-3750\" class=\"wp-caption-text\">RUD keevitatav t\u00f5steaas ABA<\/figcaption><\/figure><\/td>\n<td>\n<p><figure id=\"attachment_3751\" aria-describedby=\"caption-attachment-3751\" style=\"width: 140px\" class=\"wp-caption aligncenter\"><a href=\"https:\/\/www.rud.com\/en\/products\/sling-lashing-systems\/rud-sling-systems\/lifting-points\/detail\/vlbs-load-ring-for-welding.html\" target=\"_blank\" rel=\"noopener noreferrer\"><img loading=\"lazy\" decoding=\"async\" class=\"wp-image-3751\" src=\"http:\/\/www.mazam.eu\/wp-content\/uploads\/2019\/05\/RUD-keevitatav-t\u00f5stesilm-VLBS.png\" alt=\"RUD keevitatav t\u00f5stesilm VLBS\" width=\"140\" height=\"169\" data-id=\"3751\" \/><\/a><figcaption id=\"caption-attachment-3751\" class=\"wp-caption-text\">RUD keevitatav t\u00f5steaas VLBS<\/figcaption><\/figure><\/td>\n<td>\n<p><figure id=\"attachment_3754\" aria-describedby=\"caption-attachment-3754\" style=\"width: 194px\" class=\"wp-caption aligncenter\"><a href=\"https:\/\/www.rud.com\/en\/products\/sling-lashing-systems\/rud-sling-systems\/lifting-points\/detail\/vrbs-load-ring-for-welding.html\" target=\"_blank\" rel=\"noopener noreferrer\"><img loading=\"lazy\" decoding=\"async\" class=\"wp-image-3754 size-full\" src=\"https:\/\/www.mazam.eu\/wp-content\/uploads\/2019\/05\/RUD-keevitatav-t\u00f5stesilm-VRBS.png\" alt=\"RUD keevitatav t\u00f5stesilm VRBS\" width=\"194\" height=\"146\" data-id=\"3754\" \/><\/a><figcaption id=\"caption-attachment-3754\" class=\"wp-caption-text\">RUD keevitatav t\u00f5steaas VRBS-FIX<\/figcaption><\/figure><\/td>\n<\/tr>\n<tr>\n<td>\n<p><figure id=\"attachment_3753\" aria-describedby=\"caption-attachment-3753\" style=\"width: 120px\" class=\"wp-caption aligncenter\"><a href=\"https:\/\/www.rud.com\/en\/products\/sling-lashing-systems\/rud-sling-systems\/lifting-points\/detail\/wpph-b-powerpointr-ring-connection.html\" target=\"_blank\" rel=\"noopener noreferrer\"><img loading=\"lazy\" decoding=\"async\" class=\"wp-image-3753\" src=\"http:\/\/www.mazam.eu\/wp-content\/uploads\/2019\/05\/RUD-keevitatav-t\u00f5stesilm-WPPH-165x300.png\" alt=\"RUD keevitatav t\u00f5stesilm WPPH-B\" width=\"120\" height=\"219\" data-id=\"3753\" srcset=\"https:\/\/www.mazam.eu\/wp-content\/uploads\/2019\/05\/RUD-keevitatav-t\u00f5stesilm-WPPH-165x300.png 165w, https:\/\/www.mazam.eu\/wp-content\/uploads\/2019\/05\/RUD-keevitatav-t\u00f5stesilm-WPPH.png 175w\" sizes=\"auto, (max-width: 120px) 100vw, 120px\" \/><\/a><figcaption id=\"caption-attachment-3753\" class=\"wp-caption-text\">RUD keevitatav t\u00f5steaas WPPH-B<\/figcaption><\/figure><\/td>\n<td>\n<p><figure id=\"attachment_3752\" aria-describedby=\"caption-attachment-3752\" style=\"width: 120px\" class=\"wp-caption aligncenter\"><a href=\"https:\/\/www.rud.com\/en\/products\/sling-lashing-systems\/rud-sling-systems\/lifting-points\/detail\/wpp-b-powerpointr-ring-connection.html\" target=\"_blank\" rel=\"noopener noreferrer\"><img loading=\"lazy\" decoding=\"async\" class=\"wp-image-3752\" src=\"http:\/\/www.mazam.eu\/wp-content\/uploads\/2019\/05\/RUD-keevitatav-t\u00f5stesilm-WPP-156x300.png\" alt=\"RUD keevitatav t\u00f5stesilm WPP-B\" width=\"120\" height=\"231\" data-id=\"3752\" srcset=\"https:\/\/www.mazam.eu\/wp-content\/uploads\/2019\/05\/RUD-keevitatav-t\u00f5stesilm-WPP-156x300.png 156w, https:\/\/www.mazam.eu\/wp-content\/uploads\/2019\/05\/RUD-keevitatav-t\u00f5stesilm-WPP.png 194w\" sizes=\"auto, (max-width: 120px) 100vw, 120px\" \/><\/a><figcaption id=\"caption-attachment-3752\" class=\"wp-caption-text\">RUD keevitatav t\u00f5steaas WPP-B<\/figcaption><\/figure><\/td>\n<td style=\"text-align: center;\"><\/td>\n<\/tr>\n<\/tbody>\n<\/table>\n<p><strong><span style=\"color: #000080;\">Rohkem RUD t\u00f5stesilmasid poltidega, mutritega ja keevitatavaid n\u00e4eb siin:<\/span> <a href=\"https:\/\/www.rud.com\/en\/products\/sling-lashing-systems\/rud-sling-systems\/lifting-points.html\" target=\"_blank\" rel=\"noopener noreferrer\"><span style=\"color: #3366ff;\">RUD<\/span><\/a><\/strong><\/p>","protected":false},"excerpt":{"rendered":"<p>3&nbsp;933 vaatamistVajuta pildile, et n\u00e4ha rohkem infot.. Rohkem RUD t\u00f5stesilmasid poltidega, mutritega ja keevitatavaid n\u00e4eb siin: RUD<\/p>","protected":false},"author":1,"featured_media":0,"parent":3482,"menu_order":0,"comment_status":"closed","ping_status":"closed","template":"","meta":{"_uf_show_specific_survey":0,"_uf_disable_surveys":false,"iawp_total_views":152,"footnotes":""},"class_list":["post-3749","page","type-page","status-publish","hentry"],"yoast_head":"<!-- This site is optimized with the Yoast SEO plugin v27.5 - https:\/\/yoast.com\/product\/yoast-seo-wordpress\/ -->\n<title>RUD keevitatavad t\u00f5steaasad - Mazam O\u00dc - tootmine ja m\u00fc\u00fck<\/title>\n<meta name=\"robots\" content=\"index, follow, max-snippet:-1, max-image-preview:large, max-video-preview:-1\" \/>\n<link rel=\"canonical\" href=\"https:\/\/www.mazam.eu\/ru\/produkty\/rym-bolty-rud-rezbovyye-i-privarnyye\/rud-keevitatavad-tosteaasad\/\" \/>\n<meta property=\"og:locale\" content=\"ru_RU\" \/>\n<meta property=\"og:type\" content=\"article\" \/>\n<meta property=\"og:title\" content=\"RUD keevitatavad t\u00f5steaasad - Mazam O\u00dc - tootmine ja m\u00fc\u00fck\" \/>\n<meta property=\"og:description\" content=\"3&nbsp;933 vaatamistVajuta pildile, et n\u00e4ha rohkem infot.. Rohkem RUD t\u00f5stesilmasid poltidega, mutritega ja keevitatavaid n\u00e4eb siin: RUD\" \/>\n<meta property=\"og:url\" content=\"https:\/\/www.mazam.eu\/ru\/produkty\/rym-bolty-rud-rezbovyye-i-privarnyye\/rud-keevitatavad-tosteaasad\/\" \/>\n<meta property=\"og:site_name\" content=\"Mazam O&Uuml; | T&otilde;ste- ja koormakinnitusvahendite tootmine ja m&uuml;&uuml;k (2014 - 2026) - linttropp &bull; koormarihm &bull; ringt&otilde;stev&ouml;&ouml; &bull; terastross &bull; kett-tropp &bull; vints &bull; t&otilde;stemagnet jpm.\" \/>\n<meta property=\"article:modified_time\" content=\"2025-03-07T07:47:07+00:00\" \/>\n<meta name=\"twitter:card\" content=\"summary_large_image\" \/>\n<meta name=\"twitter:label1\" content=\"\u041f\u0440\u0438\u043c\u0435\u0440\u043d\u043e\u0435 \u0432\u0440\u0435\u043c\u044f \u0434\u043b\u044f \u0447\u0442\u0435\u043d\u0438\u044f\" \/>\n\t<meta name=\"twitter:data1\" content=\"2 \u043c\u0438\u043d\u0443\u0442\u044b\" \/>\n<script type=\"application\/ld+json\" class=\"yoast-schema-graph\">{\"@context\":\"https:\\\/\\\/schema.org\",\"@graph\":[{\"@type\":\"WebPage\",\"@id\":\"https:\\\/\\\/www.mazam.eu\\\/tooted\\\/rud-tostesilmad-ja-keevitatavad-aasad\\\/rud-keevitatavad-tosteaasad\\\/\",\"url\":\"https:\\\/\\\/www.mazam.eu\\\/tooted\\\/rud-tostesilmad-ja-keevitatavad-aasad\\\/rud-keevitatavad-tosteaasad\\\/\",\"name\":\"RUD keevitatavad t\u00f5steaasad - Mazam O\u00dc - tootmine ja m\u00fc\u00fck\",\"isPartOf\":{\"@id\":\"https:\\\/\\\/www.mazam.eu\\\/#website\"},\"datePublished\":\"2019-05-07T22:14:03+00:00\",\"dateModified\":\"2025-03-07T07:47:07+00:00\",\"breadcrumb\":{\"@id\":\"https:\\\/\\\/www.mazam.eu\\\/tooted\\\/rud-tostesilmad-ja-keevitatavad-aasad\\\/rud-keevitatavad-tosteaasad\\\/#breadcrumb\"},\"inLanguage\":\"ru-RU\",\"potentialAction\":[{\"@type\":\"ReadAction\",\"target\":[\"https:\\\/\\\/www.mazam.eu\\\/tooted\\\/rud-tostesilmad-ja-keevitatavad-aasad\\\/rud-keevitatavad-tosteaasad\\\/\"]}]},{\"@type\":\"BreadcrumbList\",\"@id\":\"https:\\\/\\\/www.mazam.eu\\\/tooted\\\/rud-tostesilmad-ja-keevitatavad-aasad\\\/rud-keevitatavad-tosteaasad\\\/#breadcrumb\",\"itemListElement\":[{\"@type\":\"ListItem\",\"position\":1,\"name\":\"Home\",\"item\":\"https:\\\/\\\/www.mazam.eu\\\/\"},{\"@type\":\"ListItem\",\"position\":2,\"name\":\"Tooted\",\"item\":\"https:\\\/\\\/www.mazam.eu\\\/tooted\\\/\"},{\"@type\":\"ListItem\",\"position\":3,\"name\":\"RUD t\u00f5stesilmad ja keevitatavad aasad\",\"item\":\"https:\\\/\\\/www.mazam.eu\\\/tooted\\\/rud-tostesilmad-ja-keevitatavad-aasad\\\/\"},{\"@type\":\"ListItem\",\"position\":4,\"name\":\"RUD keevitatavad t\u00f5steaasad\"}]},{\"@type\":\"WebSite\",\"@id\":\"https:\\\/\\\/www.mazam.eu\\\/#website\",\"url\":\"https:\\\/\\\/www.mazam.eu\\\/\",\"name\":\"Mazam O&Uuml; | T&otilde;ste- ja koormakinnitusvahendite tootmine ja m&uuml;&uuml;k (2014 - 2026) - linttropp &bull; koormarihm &bull; ringt&otilde;stev&ouml;&ouml; &bull; terastross &bull; kett-tropp &bull; vints &bull; t&otilde;stemagnet jpm.\",\"description\":\"T&otilde;ste- ja kinnituslahendused | Lifting- and lashing solutions\",\"publisher\":{\"@id\":\"https:\\\/\\\/www.mazam.eu\\\/#organization\"},\"potentialAction\":[{\"@type\":\"SearchAction\",\"target\":{\"@type\":\"EntryPoint\",\"urlTemplate\":\"https:\\\/\\\/www.mazam.eu\\\/?s={search_term_string}\"},\"query-input\":{\"@type\":\"PropertyValueSpecification\",\"valueRequired\":true,\"valueName\":\"search_term_string\"}}],\"inLanguage\":\"ru-RU\"},{\"@type\":\"Organization\",\"@id\":\"https:\\\/\\\/www.mazam.eu\\\/#organization\",\"name\":\"Mazam O\u00dc\",\"url\":\"https:\\\/\\\/www.mazam.eu\\\/\",\"logo\":{\"@type\":\"ImageObject\",\"inLanguage\":\"ru-RU\",\"@id\":\"https:\\\/\\\/www.mazam.eu\\\/#\\\/schema\\\/logo\\\/image\\\/\",\"url\":\"https:\\\/\\\/www.mazam.eu\\\/wp-content\\\/uploads\\\/2015\\\/10\\\/mazam-logo-linttropp-koormarihm-t\u00f5stev\u00f6\u00f6.png\",\"contentUrl\":\"https:\\\/\\\/www.mazam.eu\\\/wp-content\\\/uploads\\\/2015\\\/10\\\/mazam-logo-linttropp-koormarihm-t\u00f5stev\u00f6\u00f6.png\",\"width\":190,\"height\":70,\"caption\":\"Mazam O\u00dc\"},\"image\":{\"@id\":\"https:\\\/\\\/www.mazam.eu\\\/#\\\/schema\\\/logo\\\/image\\\/\"}}]}<\/script>\n<!-- \/ Yoast SEO plugin. -->","yoast_head_json":{"title":"RUD keevitatavad t\u00f5steaasad - Mazam O\u00dc - tootmine ja m\u00fc\u00fck","robots":{"index":"index","follow":"follow","max-snippet":"max-snippet:-1","max-image-preview":"max-image-preview:large","max-video-preview":"max-video-preview:-1"},"canonical":"https:\/\/www.mazam.eu\/ru\/produkty\/rym-bolty-rud-rezbovyye-i-privarnyye\/rud-keevitatavad-tosteaasad\/","og_locale":"ru_RU","og_type":"article","og_title":"RUD keevitatavad t\u00f5steaasad - Mazam O\u00dc - tootmine ja m\u00fc\u00fck","og_description":"3&nbsp;933 vaatamistVajuta pildile, et n\u00e4ha rohkem infot.. Rohkem RUD t\u00f5stesilmasid poltidega, mutritega ja keevitatavaid n\u00e4eb siin: RUD","og_url":"https:\/\/www.mazam.eu\/ru\/produkty\/rym-bolty-rud-rezbovyye-i-privarnyye\/rud-keevitatavad-tosteaasad\/","og_site_name":"Mazam O&Uuml; | T&otilde;ste- ja koormakinnitusvahendite tootmine ja m&uuml;&uuml;k (2014 - 2026) - linttropp &bull; koormarihm &bull; ringt&otilde;stev&ouml;&ouml; &bull; terastross &bull; kett-tropp &bull; vints &bull; t&otilde;stemagnet jpm.","article_modified_time":"2025-03-07T07:47:07+00:00","twitter_card":"summary_large_image","twitter_misc":{"\u041f\u0440\u0438\u043c\u0435\u0440\u043d\u043e\u0435 \u0432\u0440\u0435\u043c\u044f \u0434\u043b\u044f \u0447\u0442\u0435\u043d\u0438\u044f":"2 \u043c\u0438\u043d\u0443\u0442\u044b"},"schema":{"@context":"https:\/\/schema.org","@graph":[{"@type":"WebPage","@id":"https:\/\/www.mazam.eu\/tooted\/rud-tostesilmad-ja-keevitatavad-aasad\/rud-keevitatavad-tosteaasad\/","url":"https:\/\/www.mazam.eu\/tooted\/rud-tostesilmad-ja-keevitatavad-aasad\/rud-keevitatavad-tosteaasad\/","name":"RUD keevitatavad t\u00f5steaasad - Mazam O\u00dc - tootmine ja m\u00fc\u00fck","isPartOf":{"@id":"https:\/\/www.mazam.eu\/#website"},"datePublished":"2019-05-07T22:14:03+00:00","dateModified":"2025-03-07T07:47:07+00:00","breadcrumb":{"@id":"https:\/\/www.mazam.eu\/tooted\/rud-tostesilmad-ja-keevitatavad-aasad\/rud-keevitatavad-tosteaasad\/#breadcrumb"},"inLanguage":"ru-RU","potentialAction":[{"@type":"ReadAction","target":["https:\/\/www.mazam.eu\/tooted\/rud-tostesilmad-ja-keevitatavad-aasad\/rud-keevitatavad-tosteaasad\/"]}]},{"@type":"BreadcrumbList","@id":"https:\/\/www.mazam.eu\/tooted\/rud-tostesilmad-ja-keevitatavad-aasad\/rud-keevitatavad-tosteaasad\/#breadcrumb","itemListElement":[{"@type":"ListItem","position":1,"name":"Home","item":"https:\/\/www.mazam.eu\/"},{"@type":"ListItem","position":2,"name":"Tooted","item":"https:\/\/www.mazam.eu\/tooted\/"},{"@type":"ListItem","position":3,"name":"RUD t\u00f5stesilmad ja keevitatavad aasad","item":"https:\/\/www.mazam.eu\/tooted\/rud-tostesilmad-ja-keevitatavad-aasad\/"},{"@type":"ListItem","position":4,"name":"RUD keevitatavad t\u00f5steaasad"}]},{"@type":"WebSite","@id":"https:\/\/www.mazam.eu\/#website","url":"https:\/\/www.mazam.eu\/","name":"Mazam O\u00dc | \u041f\u0440\u043e\u0438\u0437\u0432\u043e\u0434\u0441\u0442\u0432\u043e \u0438 \u043f\u0440\u043e\u0434\u0430\u0436\u0430 \u043f\u043e\u0434\u044a\u0435\u043c\u043d\u043e-\u0442\u0440\u0430\u043d\u0441\u043f\u043e\u0440\u0442\u043d\u043e\u0433\u043e \u043e\u0431\u043e\u0440\u0443\u0434\u043e\u0432\u0430\u043d\u0438\u044f (2014 - 2026) - \u043b\u0438\u043d\u0442\u0440\u0443\u043f\u0430 - \u0433\u0440\u0443\u0437\u043e\u0432\u043e\u0439 \u0440\u0435\u043c\u0435\u043d\u044c - \u0442\u0430\u043b\u0435\u0432\u044b\u0439 \u0440\u0435\u043c\u0435\u043d\u044c - \u0441\u0442\u0430\u043b\u044c\u043d\u043e\u0439 \u043a\u0430\u043d\u0430\u0442 - \u0446\u0435\u043f\u043d\u043e\u0439 \u0442\u0430\u043b\u0440\u0435\u043f - \u043b\u0435\u0431\u0435\u0434\u043a\u0430 - \u043f\u043e\u0434\u044a\u0435\u043c\u043d\u044b\u0439 \u043c\u0430\u0433\u043d\u0438\u0442 \u0438 \u0442.\u0434.","description":"\u0420\u0435\u0448\u0435\u043d\u0438\u044f \u0434\u043b\u044f \u043f\u043e\u0434\u044a\u0435\u043c\u0430 \u0438 \u043a\u0440\u0435\u043f\u043b\u0435\u043d\u0438\u044f | \u0420\u0435\u0448\u0435\u043d\u0438\u044f \u0434\u043b\u044f \u043f\u043e\u0434\u044a\u0435\u043c\u0430 \u0438 \u043a\u0440\u0435\u043f\u043b\u0435\u043d\u0438\u044f","publisher":{"@id":"https:\/\/www.mazam.eu\/#organization"},"potentialAction":[{"@type":"SearchAction","target":{"@type":"EntryPoint","urlTemplate":"https:\/\/www.mazam.eu\/?s={search_term_string}"},"query-input":{"@type":"PropertyValueSpecification","valueRequired":true,"valueName":"search_term_string"}}],"inLanguage":"ru-RU"},{"@type":"Organization","@id":"https:\/\/www.mazam.eu\/#organization","name":"Mazam O\u00dc","url":"https:\/\/www.mazam.eu\/","logo":{"@type":"ImageObject","inLanguage":"ru-RU","@id":"https:\/\/www.mazam.eu\/#\/schema\/logo\/image\/","url":"https:\/\/www.mazam.eu\/wp-content\/uploads\/2015\/10\/mazam-logo-linttropp-koormarihm-t\u00f5stev\u00f6\u00f6.png","contentUrl":"https:\/\/www.mazam.eu\/wp-content\/uploads\/2015\/10\/mazam-logo-linttropp-koormarihm-t\u00f5stev\u00f6\u00f6.png","width":190,"height":70,"caption":"Mazam O\u00dc"},"image":{"@id":"https:\/\/www.mazam.eu\/#\/schema\/logo\/image\/"}}]}},"_links":{"self":[{"href":"https:\/\/www.mazam.eu\/ru\/wp-json\/wp\/v2\/pages\/3749","targetHints":{"allow":["GET"]}}],"collection":[{"href":"https:\/\/www.mazam.eu\/ru\/wp-json\/wp\/v2\/pages"}],"about":[{"href":"https:\/\/www.mazam.eu\/ru\/wp-json\/wp\/v2\/types\/page"}],"author":[{"embeddable":true,"href":"https:\/\/www.mazam.eu\/ru\/wp-json\/wp\/v2\/users\/1"}],"replies":[{"embeddable":true,"href":"https:\/\/www.mazam.eu\/ru\/wp-json\/wp\/v2\/comments?post=3749"}],"version-history":[{"count":16,"href":"https:\/\/www.mazam.eu\/ru\/wp-json\/wp\/v2\/pages\/3749\/revisions"}],"predecessor-version":[{"id":10826,"href":"https:\/\/www.mazam.eu\/ru\/wp-json\/wp\/v2\/pages\/3749\/revisions\/10826"}],"up":[{"embeddable":true,"href":"https:\/\/www.mazam.eu\/ru\/wp-json\/wp\/v2\/pages\/3482"}],"wp:attachment":[{"href":"https:\/\/www.mazam.eu\/ru\/wp-json\/wp\/v2\/media?parent=3749"}],"curies":[{"name":"wp","href":"https:\/\/api.w.org\/{rel}","templated":true}]}}