{"id":388,"date":"2015-10-12T17:54:17","date_gmt":"2015-10-12T17:54:17","guid":{"rendered":"http:\/\/www.mazam.eu\/?page_id=388"},"modified":"2025-03-18T10:16:14","modified_gmt":"2025-03-18T10:16:14","slug":"krepezhnyye-tsepi-i-talrepy-tsepnyye","status":"publish","type":"page","link":"https:\/\/www.mazam.eu\/ru\/tooted\/koormaketid-ja-ketipingutid\/","title":{"rendered":"\u041a\u0440\u0435\u043f\u0451\u0436\u043d\u044b\u0435 \u0446\u0435\u043f\u0438 \u0438 \u0422\u0430\u043b\u0440\u0435\u043f\u044b \u0446\u0435\u043f\u043d\u044b\u0435"},"content":{"rendered":"<div class='epvc-post-count'><span class='epvc-eye'><\/span>  <span class=\"epvc-count\"> 8&nbsp;744<\/span><span class='epvc-label'> \u043f\u0440\u043e\u0441\u043c\u043e\u0442\u0440<\/span><\/div><p><span style=\"color: #ffffff;\">\u041a\u0440\u0435\u043f\u0451\u0436\u043d\u044b\u0435 \u0446\u0435\u043f\u0438 \u0438 \u0422\u0430\u043b\u0440\u0435\u043f\u044b \u0446\u0435\u043f\u043d\u044b\u0435<\/span><strong><br \/>\n\u041f\u0440\u0438\u043c\u0435\u043d\u0435\u043d\u0438\u0435 - \u0414\u043b\u044f \u043d\u0430\u0434\u0435\u0436\u043d\u043e\u0433\u043e \u0443\u0434\u0435\u0440\u0436\u0430\u043d\u0438\u044f \u0442\u044f\u0436\u0435\u043b\u044b\u0445 \u0433\u0440\u0443\u0437\u043e\u0432, \u0442\u043e\u0432\u0430\u0440\u043e\u0432 \u0438\u043b\u0438 \u043e\u0431\u043e\u0440\u0443\u0434\u043e\u0432\u0430\u043d\u0438\u044f \u0432\u043e \u0432\u0440\u0435\u043c\u044f \u0442\u0440\u0430\u043d\u0441\u043f\u043e\u0440\u0442\u0438\u0440\u043e\u0432\u043a\u0438.<br \/>\n<span style=\"color: #ffffff;\"><span style=\"color: #333333;\">\u0414\u043e\u043f\u0443\u0441\u0442\u0438\u043c\u0430\u044f \u0442\u0435\u043c\u043f\u0435\u0440\u0430\u0442\u0443\u0440\u0430 -40\u00b0C \u0434\u043e +200\u00b0C<\/span><\/span><br \/>\n\u041f\u0440\u043e\u0434\u0443\u043a\u0446\u0438\u044f \u0438\u043c\u0435\u0435\u0442 \u0441\u0435\u0440\u0442\u0438\u0444\u0438\u043a\u0430\u0442<span style=\"color: #333333;\"><a style=\"color: #333333;\" href=\"https:\/\/en.wikipedia.org\/wiki\/High-tensile_chain\">.<\/a><\/span><br \/>\n\u2014<br \/>\n<\/strong><strong><em>\u041d\u0430\u0436\u043c\u0438\u0442\u0435 \u043d\u0430 \u0438\u0437\u043e\u0431\u0440\u0430\u0436\u0435\u043d\u0438\u0435, \u0447\u0442\u043e\u0431\u044b \u0443\u0432\u0438\u0434\u0435\u0442\u044c \u0434\u043e\u043f\u043e\u043b\u043d\u0438\u0442\u0435\u043b\u044c\u043d\u0443\u044e \u0438\u043d\u0444\u043e\u0440\u043c\u0430\u0446\u0438\u044e \u043e \u043f\u0440\u043e\u0434\u0443\u043a\u0442\u0435.<\/em><\/strong><\/p>\n<figure id=\"attachment_10499\" aria-describedby=\"caption-attachment-10499\" style=\"width: 640px\" class=\"wp-caption alignnone\"><a href=\"https:\/\/www.mazam.eu\/ru\/produkty\/krepezhnaya-tsep\/\"><img loading=\"lazy\" decoding=\"async\" class=\"wp-image-10499 size-full\" src=\"https:\/\/www.mazam.eu\/wp-content\/uploads\/2025\/02\/koormakett-sulgurkonksudega-\u041a\u0440\u0435\u043f\u0435\u0436\u043d\u0430\u044f-\u0446\u0435\u043f\u044c-\u0434\u043b\u044f-\u0446\u0435\u043f\u043d\u044b\u0445-\u0441\u0442\u044f\u0436\u0435\u043a-lashing-chain.jpg\" alt=\"\u041a\u0440\u0435\u043f\u0451\u0436\u043d\u044b\u0435 \u0446\u0435\u043f\u0438 \u0441 \u043a\u0440\u044e\u043a\u043c\u0438\" width=\"640\" height=\"80\" data-id=\"10499\" srcset=\"https:\/\/www.mazam.eu\/wp-content\/uploads\/2025\/02\/koormakett-sulgurkonksudega-\u041a\u0440\u0435\u043f\u0435\u0436\u043d\u0430\u044f-\u0446\u0435\u043f\u044c-\u0434\u043b\u044f-\u0446\u0435\u043f\u043d\u044b\u0445-\u0441\u0442\u044f\u0436\u0435\u043a-lashing-chain.jpg 640w, https:\/\/www.mazam.eu\/wp-content\/uploads\/2025\/02\/koormakett-sulgurkonksudega-\u041a\u0440\u0435\u043f\u0435\u0436\u043d\u0430\u044f-\u0446\u0435\u043f\u044c-\u0434\u043b\u044f-\u0446\u0435\u043f\u043d\u044b\u0445-\u0441\u0442\u044f\u0436\u0435\u043a-lashing-chain-300x38.jpg 300w\" sizes=\"auto, (max-width: 640px) 100vw, 640px\" \/><\/a><figcaption id=\"caption-attachment-10499\" class=\"wp-caption-text\">\u041a\u0440\u0435\u043f\u0451\u0436\u043d\u044b\u0435 \u0446\u0435\u043f\u0438 \u0441 \u043a\u0440\u044e\u043a\u043c\u0438<\/figcaption><\/figure>\n<p>&nbsp;<\/p>\n<figure id=\"attachment_10497\" aria-describedby=\"caption-attachment-10497\" style=\"width: 200px\" class=\"wp-caption alignnone\"><a href=\"https:\/\/www.mazam.eu\/ru\/produkty\/talrep-tsepnoy\/\"><img loading=\"lazy\" decoding=\"async\" class=\"wp-image-10497 size-full\" src=\"https:\/\/www.mazam.eu\/wp-content\/uploads\/2025\/02\/ketipinguti-koormaketile-\u0426\u0435\u043f\u043d\u0430\u044f-\u0441\u0442\u044f\u0436\u043a\u0430-\u0433\u0440\u0443\u0437\u0430-load-binder-avatar.jpg\" alt=\"\u0422\u0430\u043b\u0440\u0435\u043f\u044b \u0446\u0435\u043f\u043d\u044b\u0435 \u0434\u043b\u044f \u043a\u0440\u0435\u043f\u0435\u0436\u043d\u044b\u0445 \u0446\u0435\u043f\u0435\u0439\" width=\"200\" height=\"150\" data-id=\"10497\" \/><\/a><figcaption id=\"caption-attachment-10497\" class=\"wp-caption-text\">\u0422\u0430\u043b\u0440\u0435\u043f\u044b \u0446\u0435\u043f\u043d\u044b\u0435 \u0434\u043b\u044f \u043a\u0440\u0435\u043f\u0435\u0436\u043d\u044b\u0445 \u0446\u0435\u043f\u0435\u0439<\/figcaption><\/figure>","protected":false},"excerpt":{"rendered":"<p>8&nbsp;744 vaatamistkoormaketid ja ketipingutid Kasutus \u2013 Raske lasti, kauba v\u00f5i varustuse turvaliseks kinni hoidmiseks transpordi ajal. Lubatud temperatuur -40\u00b0C kuni +200\u00b0C Toodetel on sertifikaat. &#8212; Vajuta pildile, et n\u00e4ha rohkem infot toote kohta.. &nbsp;<\/p>","protected":false},"author":1,"featured_media":0,"parent":5,"menu_order":0,"comment_status":"closed","ping_status":"closed","template":"","meta":{"_uf_show_specific_survey":0,"_uf_disable_surveys":false,"iawp_total_views":404,"footnotes":""},"class_list":["post-388","page","type-page","status-publish","hentry"],"yoast_head":"<!-- This site is optimized with the Yoast SEO plugin v27.5 - https:\/\/yoast.com\/product\/yoast-seo-wordpress\/ -->\n<title>KOORMAKETID ja KETIPINGUTID - Mazam O\u00dc<\/title>\n<meta name=\"description\" content=\"Koormaketid ja ketipingutid - Raske lasti, kauba v\u00f5i varustuse turvaliseks kinni hoidmiseks transpordi ajal.\" \/>\n<meta name=\"robots\" content=\"index, follow, max-snippet:-1, max-image-preview:large, max-video-preview:-1\" \/>\n<link rel=\"canonical\" href=\"https:\/\/www.mazam.eu\/ru\/produkty\/krepezhnyye-tsepi-i-talrepy-tsepnyye\/\" \/>\n<meta property=\"og:locale\" content=\"ru_RU\" \/>\n<meta property=\"og:type\" content=\"article\" \/>\n<meta property=\"og:title\" content=\"KOORMAKETID ja KETIPINGUTID - Mazam O\u00dc\" \/>\n<meta property=\"og:description\" content=\"Koormaketid ja ketipingutid - Raske lasti, kauba v\u00f5i varustuse turvaliseks kinni hoidmiseks transpordi ajal.\" \/>\n<meta property=\"og:url\" content=\"https:\/\/www.mazam.eu\/ru\/produkty\/krepezhnyye-tsepi-i-talrepy-tsepnyye\/\" \/>\n<meta property=\"og:site_name\" content=\"Mazam O&Uuml; | T&otilde;ste- ja koormakinnitusvahendite tootmine ja m&uuml;&uuml;k (2014 - 2026) - linttropp &bull; koormarihm &bull; ringt&otilde;stev&ouml;&ouml; &bull; terastross &bull; kett-tropp &bull; vints &bull; t&otilde;stemagnet jpm.\" \/>\n<meta property=\"article:modified_time\" content=\"2025-03-18T10:16:14+00:00\" \/>\n<meta name=\"twitter:card\" content=\"summary_large_image\" \/>\n<meta name=\"twitter:label1\" content=\"\u041f\u0440\u0438\u043c\u0435\u0440\u043d\u043e\u0435 \u0432\u0440\u0435\u043c\u044f \u0434\u043b\u044f \u0447\u0442\u0435\u043d\u0438\u044f\" \/>\n\t<meta name=\"twitter:data1\" content=\"1 \u043c\u0438\u043d\u0443\u0442\u0430\" \/>\n<script type=\"application\/ld+json\" class=\"yoast-schema-graph\">{\"@context\":\"https:\\\/\\\/schema.org\",\"@graph\":[{\"@type\":\"WebPage\",\"@id\":\"https:\\\/\\\/www.mazam.eu\\\/tooted\\\/koormaketid-ja-ketipingutid\\\/\",\"url\":\"https:\\\/\\\/www.mazam.eu\\\/tooted\\\/koormaketid-ja-ketipingutid\\\/\",\"name\":\"KOORMAKETID ja KETIPINGUTID - Mazam O\u00dc\",\"isPartOf\":{\"@id\":\"https:\\\/\\\/www.mazam.eu\\\/#website\"},\"datePublished\":\"2015-10-12T17:54:17+00:00\",\"dateModified\":\"2025-03-18T10:16:14+00:00\",\"description\":\"Koormaketid ja ketipingutid - Raske lasti, kauba v\u00f5i varustuse turvaliseks kinni hoidmiseks transpordi ajal.\",\"breadcrumb\":{\"@id\":\"https:\\\/\\\/www.mazam.eu\\\/tooted\\\/koormaketid-ja-ketipingutid\\\/#breadcrumb\"},\"inLanguage\":\"ru-RU\",\"potentialAction\":[{\"@type\":\"ReadAction\",\"target\":[\"https:\\\/\\\/www.mazam.eu\\\/tooted\\\/koormaketid-ja-ketipingutid\\\/\"]}]},{\"@type\":\"BreadcrumbList\",\"@id\":\"https:\\\/\\\/www.mazam.eu\\\/tooted\\\/koormaketid-ja-ketipingutid\\\/#breadcrumb\",\"itemListElement\":[{\"@type\":\"ListItem\",\"position\":1,\"name\":\"Home\",\"item\":\"https:\\\/\\\/www.mazam.eu\\\/\"},{\"@type\":\"ListItem\",\"position\":2,\"name\":\"Tooted\",\"item\":\"https:\\\/\\\/www.mazam.eu\\\/tooted\\\/\"},{\"@type\":\"ListItem\",\"position\":3,\"name\":\"koormaketid ja ketipingutid\"}]},{\"@type\":\"WebSite\",\"@id\":\"https:\\\/\\\/www.mazam.eu\\\/#website\",\"url\":\"https:\\\/\\\/www.mazam.eu\\\/\",\"name\":\"Mazam O&Uuml; | T&otilde;ste- ja koormakinnitusvahendite tootmine ja m&uuml;&uuml;k (2014 - 2026) - linttropp &bull; koormarihm &bull; ringt&otilde;stev&ouml;&ouml; &bull; terastross &bull; kett-tropp &bull; vints &bull; t&otilde;stemagnet jpm.\",\"description\":\"T&otilde;ste- ja kinnituslahendused | Lifting- and lashing solutions\",\"publisher\":{\"@id\":\"https:\\\/\\\/www.mazam.eu\\\/#organization\"},\"potentialAction\":[{\"@type\":\"SearchAction\",\"target\":{\"@type\":\"EntryPoint\",\"urlTemplate\":\"https:\\\/\\\/www.mazam.eu\\\/?s={search_term_string}\"},\"query-input\":{\"@type\":\"PropertyValueSpecification\",\"valueRequired\":true,\"valueName\":\"search_term_string\"}}],\"inLanguage\":\"ru-RU\"},{\"@type\":\"Organization\",\"@id\":\"https:\\\/\\\/www.mazam.eu\\\/#organization\",\"name\":\"Mazam O\u00dc\",\"url\":\"https:\\\/\\\/www.mazam.eu\\\/\",\"logo\":{\"@type\":\"ImageObject\",\"inLanguage\":\"ru-RU\",\"@id\":\"https:\\\/\\\/www.mazam.eu\\\/#\\\/schema\\\/logo\\\/image\\\/\",\"url\":\"https:\\\/\\\/www.mazam.eu\\\/wp-content\\\/uploads\\\/2015\\\/10\\\/mazam-logo-linttropp-koormarihm-t\u00f5stev\u00f6\u00f6.png\",\"contentUrl\":\"https:\\\/\\\/www.mazam.eu\\\/wp-content\\\/uploads\\\/2015\\\/10\\\/mazam-logo-linttropp-koormarihm-t\u00f5stev\u00f6\u00f6.png\",\"width\":190,\"height\":70,\"caption\":\"Mazam O\u00dc\"},\"image\":{\"@id\":\"https:\\\/\\\/www.mazam.eu\\\/#\\\/schema\\\/logo\\\/image\\\/\"}}]}<\/script>\n<!-- \/ Yoast SEO plugin. -->","yoast_head_json":{"title":"\u041a\u0440\u0435\u043f\u0435\u0436\u043d\u044b\u0435 \u0446\u0435\u043f\u0438 \u0438 \u0422\u0430\u043b\u0440\u0435\u043f\u044b \u0446\u0435\u043f\u043d\u044b\u0435 - Mazam O\u00dc","description":"\u041a\u0440\u0435\u043f\u0435\u0436\u043d\u044b\u0435 \u0446\u0435\u043f\u0438 \u0438 \u0422\u0430\u043b\u0440\u0435\u043f\u044b \u0446\u0435\u043f\u043d\u044b\u0435 - \u0434\u043b\u044f \u043d\u0430\u0434\u0435\u0436\u043d\u043e\u0439 \u0444\u0438\u043a\u0441\u0430\u0446\u0438\u0438 \u0442\u044f\u0436\u0435\u043b\u044b\u0445 \u0433\u0440\u0443\u0437\u043e\u0432, \u0442\u043e\u0432\u0430\u0440\u043e\u0432 \u0438\u043b\u0438 \u043e\u0431\u043e\u0440\u0443\u0434\u043e\u0432\u0430\u043d\u0438\u044f \u0432\u043e \u0432\u0440\u0435\u043c\u044f \u0442\u0440\u0430\u043d\u0441\u043f\u043e\u0440\u0442\u0438\u0440\u043e\u0432\u043a\u0438.","robots":{"index":"index","follow":"follow","max-snippet":"max-snippet:-1","max-image-preview":"max-image-preview:large","max-video-preview":"max-video-preview:-1"},"canonical":"https:\/\/www.mazam.eu\/ru\/produkty\/krepezhnyye-tsepi-i-talrepy-tsepnyye\/","og_locale":"ru_RU","og_type":"article","og_title":"KOORMAKETID ja KETIPINGUTID - Mazam O\u00dc","og_description":"Koormaketid ja ketipingutid - Raske lasti, kauba v\u00f5i varustuse turvaliseks kinni hoidmiseks transpordi ajal.","og_url":"https:\/\/www.mazam.eu\/ru\/produkty\/krepezhnyye-tsepi-i-talrepy-tsepnyye\/","og_site_name":"Mazam O&Uuml; | T&otilde;ste- ja koormakinnitusvahendite tootmine ja m&uuml;&uuml;k (2014 - 2026) - linttropp &bull; koormarihm &bull; ringt&otilde;stev&ouml;&ouml; &bull; terastross &bull; kett-tropp &bull; vints &bull; t&otilde;stemagnet jpm.","article_modified_time":"2025-03-18T10:16:14+00:00","twitter_card":"summary_large_image","twitter_misc":{"\u041f\u0440\u0438\u043c\u0435\u0440\u043d\u043e\u0435 \u0432\u0440\u0435\u043c\u044f \u0434\u043b\u044f \u0447\u0442\u0435\u043d\u0438\u044f":"1 \u043c\u0438\u043d\u0443\u0442\u0430"},"schema":{"@context":"https:\/\/schema.org","@graph":[{"@type":"WebPage","@id":"https:\/\/www.mazam.eu\/tooted\/koormaketid-ja-ketipingutid\/","url":"https:\/\/www.mazam.eu\/tooted\/koormaketid-ja-ketipingutid\/","name":"\u041a\u0440\u0435\u043f\u0435\u0436\u043d\u044b\u0435 \u0446\u0435\u043f\u0438 \u0438 \u0422\u0430\u043b\u0440\u0435\u043f\u044b \u0446\u0435\u043f\u043d\u044b\u0435 - Mazam O\u00dc","isPartOf":{"@id":"https:\/\/www.mazam.eu\/#website"},"datePublished":"2015-10-12T17:54:17+00:00","dateModified":"2025-03-18T10:16:14+00:00","description":"\u041a\u0440\u0435\u043f\u0435\u0436\u043d\u044b\u0435 \u0446\u0435\u043f\u0438 \u0438 \u0422\u0430\u043b\u0440\u0435\u043f\u044b \u0446\u0435\u043f\u043d\u044b\u0435 - \u0434\u043b\u044f \u043d\u0430\u0434\u0435\u0436\u043d\u043e\u0439 \u0444\u0438\u043a\u0441\u0430\u0446\u0438\u0438 \u0442\u044f\u0436\u0435\u043b\u044b\u0445 \u0433\u0440\u0443\u0437\u043e\u0432, \u0442\u043e\u0432\u0430\u0440\u043e\u0432 \u0438\u043b\u0438 \u043e\u0431\u043e\u0440\u0443\u0434\u043e\u0432\u0430\u043d\u0438\u044f \u0432\u043e \u0432\u0440\u0435\u043c\u044f \u0442\u0440\u0430\u043d\u0441\u043f\u043e\u0440\u0442\u0438\u0440\u043e\u0432\u043a\u0438.","breadcrumb":{"@id":"https:\/\/www.mazam.eu\/tooted\/koormaketid-ja-ketipingutid\/#breadcrumb"},"inLanguage":"ru-RU","potentialAction":[{"@type":"ReadAction","target":["https:\/\/www.mazam.eu\/tooted\/koormaketid-ja-ketipingutid\/"]}]},{"@type":"BreadcrumbList","@id":"https:\/\/www.mazam.eu\/tooted\/koormaketid-ja-ketipingutid\/#breadcrumb","itemListElement":[{"@type":"ListItem","position":1,"name":"Home","item":"https:\/\/www.mazam.eu\/"},{"@type":"ListItem","position":2,"name":"Tooted","item":"https:\/\/www.mazam.eu\/tooted\/"},{"@type":"ListItem","position":3,"name":"koormaketid ja ketipingutid"}]},{"@type":"WebSite","@id":"https:\/\/www.mazam.eu\/#website","url":"https:\/\/www.mazam.eu\/","name":"Mazam O\u00dc | \u041f\u0440\u043e\u0438\u0437\u0432\u043e\u0434\u0441\u0442\u0432\u043e \u0438 \u043f\u0440\u043e\u0434\u0430\u0436\u0430 \u043f\u043e\u0434\u044a\u0435\u043c\u043d\u043e-\u0442\u0440\u0430\u043d\u0441\u043f\u043e\u0440\u0442\u043d\u043e\u0433\u043e \u043e\u0431\u043e\u0440\u0443\u0434\u043e\u0432\u0430\u043d\u0438\u044f (2014 - 2026) - \u043b\u0438\u043d\u0442\u0440\u0443\u043f\u0430 - \u0433\u0440\u0443\u0437\u043e\u0432\u043e\u0439 \u0440\u0435\u043c\u0435\u043d\u044c - \u0442\u0430\u043b\u0435\u0432\u044b\u0439 \u0440\u0435\u043c\u0435\u043d\u044c - \u0441\u0442\u0430\u043b\u044c\u043d\u043e\u0439 \u043a\u0430\u043d\u0430\u0442 - \u0446\u0435\u043f\u043d\u043e\u0439 \u0442\u0430\u043b\u0440\u0435\u043f - \u043b\u0435\u0431\u0435\u0434\u043a\u0430 - \u043f\u043e\u0434\u044a\u0435\u043c\u043d\u044b\u0439 \u043c\u0430\u0433\u043d\u0438\u0442 \u0438 \u0442.\u0434.","description":"\u0420\u0435\u0448\u0435\u043d\u0438\u044f \u0434\u043b\u044f \u043f\u043e\u0434\u044a\u0435\u043c\u0430 \u0438 \u043a\u0440\u0435\u043f\u043b\u0435\u043d\u0438\u044f | \u0420\u0435\u0448\u0435\u043d\u0438\u044f \u0434\u043b\u044f \u043f\u043e\u0434\u044a\u0435\u043c\u0430 \u0438 \u043a\u0440\u0435\u043f\u043b\u0435\u043d\u0438\u044f","publisher":{"@id":"https:\/\/www.mazam.eu\/#organization"},"potentialAction":[{"@type":"SearchAction","target":{"@type":"EntryPoint","urlTemplate":"https:\/\/www.mazam.eu\/?s={search_term_string}"},"query-input":{"@type":"PropertyValueSpecification","valueRequired":true,"valueName":"search_term_string"}}],"inLanguage":"ru-RU"},{"@type":"Organization","@id":"https:\/\/www.mazam.eu\/#organization","name":"Mazam O\u00dc","url":"https:\/\/www.mazam.eu\/","logo":{"@type":"ImageObject","inLanguage":"ru-RU","@id":"https:\/\/www.mazam.eu\/#\/schema\/logo\/image\/","url":"https:\/\/www.mazam.eu\/wp-content\/uploads\/2015\/10\/mazam-logo-linttropp-koormarihm-t\u00f5stev\u00f6\u00f6.png","contentUrl":"https:\/\/www.mazam.eu\/wp-content\/uploads\/2015\/10\/mazam-logo-linttropp-koormarihm-t\u00f5stev\u00f6\u00f6.png","width":190,"height":70,"caption":"Mazam O\u00dc"},"image":{"@id":"https:\/\/www.mazam.eu\/#\/schema\/logo\/image\/"}}]}},"_links":{"self":[{"href":"https:\/\/www.mazam.eu\/ru\/wp-json\/wp\/v2\/pages\/388","targetHints":{"allow":["GET"]}}],"collection":[{"href":"https:\/\/www.mazam.eu\/ru\/wp-json\/wp\/v2\/pages"}],"about":[{"href":"https:\/\/www.mazam.eu\/ru\/wp-json\/wp\/v2\/types\/page"}],"author":[{"embeddable":true,"href":"https:\/\/www.mazam.eu\/ru\/wp-json\/wp\/v2\/users\/1"}],"replies":[{"embeddable":true,"href":"https:\/\/www.mazam.eu\/ru\/wp-json\/wp\/v2\/comments?post=388"}],"version-history":[{"count":58,"href":"https:\/\/www.mazam.eu\/ru\/wp-json\/wp\/v2\/pages\/388\/revisions"}],"predecessor-version":[{"id":11235,"href":"https:\/\/www.mazam.eu\/ru\/wp-json\/wp\/v2\/pages\/388\/revisions\/11235"}],"up":[{"embeddable":true,"href":"https:\/\/www.mazam.eu\/ru\/wp-json\/wp\/v2\/pages\/5"}],"wp:attachment":[{"href":"https:\/\/www.mazam.eu\/ru\/wp-json\/wp\/v2\/media?parent=388"}],"curies":[{"name":"wp","href":"https:\/\/api.w.org\/{rel}","templated":true}]}}