{"id":4062,"date":"2019-07-14T07:13:42","date_gmt":"2019-07-14T07:13:42","guid":{"rendered":"http:\/\/www.mazam.eu\/?page_id=4062"},"modified":"2025-04-14T05:29:32","modified_gmt":"2025-04-14T05:29:32","slug":"ruchnoy-magnit","status":"publish","type":"page","link":"https:\/\/www.mazam.eu\/ru\/tooted\/manuaalne-kasitostemagnet\/","title":{"rendered":"\u0420\u0443\u0447\u043d\u043e\u0439 \u043c\u0430\u0433\u043d\u0438\u0442"},"content":{"rendered":"<div class='epvc-post-count'><span class='epvc-eye'><\/span>  <span class=\"epvc-count\"> 2&nbsp;903<\/span><span class='epvc-label'> \u043f\u0440\u043e\u0441\u043c\u043e\u0442\u0440<\/span><\/div><p><span style=\"color: #ff6600;\"><span style=\"color: #333333;\"><span style=\"color: #ffffff;\">\u0440\u0443\u0447\u043d\u043e\u0439 \u0440\u0443\u0447\u043d\u043e\u0439 \u043f\u043e\u0434\u044a\u0435\u043c\u043d\u0438\u043a \u043c\u0430\u0433\u043d\u0438\u0442<\/span><br \/>\n<strong>- \u0414\u043b\u044f \u0431\u044b\u0441\u0442\u0440\u043e\u0433\u043e \u0438 \u043b\u0435\u0433\u043a\u043e\u0433\u043e \u0440\u0443\u0447\u043d\u043e\u0433\u043e \u043f\u043e\u0434\u044a\u0435\u043c\u0430 \u0438 \u043f\u0435\u0440\u0435\u043c\u0435\u0449\u0435\u043d\u0438\u044f \u043b\u0438\u0441\u0442\u043e\u0432\u043e\u0433\u043e \u043c\u0435\u0442\u0430\u043b\u043b\u0430 \u0438\u043b\u0438 \u0438\u0437\u0434\u0435\u043b\u0438\u0439 \u043f\u043b\u0430\u0437\u043c\u0435\u043d\u043d\u043e\u0439 \u0440\u0435\u0437\u043a\u0438. <\/strong><br \/>\n<strong>\u042d\u0442\u043e \u043f\u043e\u0437\u0432\u043e\u043b\u0438\u0442 \u0438\u0437\u0431\u0435\u0436\u0430\u0442\u044c \u043e\u0441\u0442\u0440\u044b\u0445 \u043c\u0435\u0442\u0430\u043b\u043b\u0438\u0447\u0435\u0441\u043a\u0438\u0445 \u043a\u0440\u0430\u0435\u0432 \u0438 \u0432\u043e\u0437\u043c\u043e\u0436\u043d\u044b\u0445 \u0442\u0440\u0430\u0432\u043c \u0440\u0443\u043a. \u042d\u0442\u043e\u0442 \u043f\u043e\u0434\u044a\u0435\u043c\u043d\u044b\u0439 \u043c\u0435\u0445\u0430\u043d\u0438\u0437\u043c \u0440\u0430\u0441\u0441\u0447\u0438\u0442\u0430\u043d \u043d\u0430 \u043e\u0434\u0438\u043d \u0433\u0440\u0443\u0437 \u0432\u0435\u0441\u043e\u043c 30 \u043a\u0433.<br \/>\n\u0447\u0442\u043e\u0431\u044b \u043f\u043e\u0434\u043d\u0438\u043c\u0430\u0442\u044c \u043c\u0435\u0442\u0430\u043b\u043b\u0438\u0447\u0435\u0441\u043a\u0438\u0435 \u043b\u0438\u0441\u0442\u044b \u0437\u0430 \u043e\u0434\u0438\u043d \u0440\u0430\u0437. <\/strong><strong>\u0414\u043b\u044f \u043e\u0431\u0435\u0441\u043f\u0435\u0447\u0435\u043d\u0438\u044f \u0431\u0435\u0437\u043e\u043f\u0430\u0441\u043d\u043e\u0441\u0442\u0438 \u043f\u0440\u0438 \u0440\u0430\u0431\u043e\u0442\u0435 \u0441 \u0440\u0443\u0447\u043d\u044b\u043c \u043c\u0430\u0433\u043d\u0438\u0442\u043e\u043c \u0432\u0441\u0435\u0433\u0434\u0430 \u0438\u0441\u043f\u043e\u043b\u044c\u0437\u0443\u0439\u0442\u0435 \u0441\u0440\u0435\u0434\u0441\u0442\u0432\u0430 \u0438\u043d\u0434\u0438\u0432\u0438\u0434\u0443\u0430\u043b\u044c\u043d\u043e\u0439 \u0437\u0430\u0449\u0438\u0442\u044b.<br \/>\n\u041a\u043e\u044d\u0444\u0444\u0438\u0446\u0438\u0435\u043d\u0442 \u043f\u043e\u0441\u0442\u0430\u0432\u043a\u0438 3:1<\/strong><\/span><\/span><\/p>\n<p><img loading=\"lazy\" decoding=\"async\" class=\"alignnone wp-image-9858 size-full\" src=\"https:\/\/www.mazam.eu\/wp-content\/uploads\/2025\/02\/manuaalne-kasitostemagnet-\u0420\u0443\u0447\u043d\u043e\u0439-\u043c\u0430\u0433\u043d\u0438\u0442-hand-lifting-magnet-joonisega.jpg\" alt=\"\u0440\u0443\u0447\u043d\u043e\u0439 \u0440\u0443\u0447\u043d\u043e\u0439 \u043f\u043e\u0434\u044a\u0435\u043c\u043d\u0438\u043a \u043c\u0430\u0433\u043d\u0438\u0442\" width=\"468\" height=\"250\" data-id=\"9858\" srcset=\"https:\/\/www.mazam.eu\/wp-content\/uploads\/2025\/02\/manuaalne-kasitostemagnet-\u0420\u0443\u0447\u043d\u043e\u0439-\u043c\u0430\u0433\u043d\u0438\u0442-hand-lifting-magnet-joonisega.jpg 468w, https:\/\/www.mazam.eu\/wp-content\/uploads\/2025\/02\/manuaalne-kasitostemagnet-\u0420\u0443\u0447\u043d\u043e\u0439-\u043c\u0430\u0433\u043d\u0438\u0442-hand-lifting-magnet-joonisega-300x160.jpg 300w\" sizes=\"auto, (max-width: 468px) 100vw, 468px\" \/><\/p>\n<p><span style=\"text-decoration: underline; color: #ff6600;\"><strong>\u0414\u0430\u043d\u043d\u044b\u0435:<br \/>\n<\/strong><\/span><\/p>\n<table width=\"804\">\n<tbody>\n<tr>\n<td style=\"text-align: center;\" rowspan=\"2\" width=\"134\"><strong><br \/>\n\u0420\u0430\u0431\u043e\u0447\u0430\u044f \u043d\u0430\u0433\u0440\u0443\u0437\u043a\u0430<\/strong><\/td>\n<td style=\"text-align: center;\" colspan=\"4\" width=\"536\"><strong>\u0420\u0430\u0437\u043c\u0435\u0440\u044b<\/strong><\/td>\n<td style=\"text-align: center;\" rowspan=\"2\" width=\"134\"><strong><br \/>\n\u0412\u0435\u0441<\/strong><\/td>\n<\/tr>\n<tr>\n<td style=\"text-align: center;\" width=\"134\"><strong>H<\/strong><\/td>\n<td style=\"text-align: center;\" width=\"134\"><strong>A<\/strong><\/td>\n<td style=\"text-align: center;\" width=\"134\"><strong>B<\/strong><\/td>\n<td style=\"text-align: center;\" width=\"134\"><strong>C<\/strong><\/td>\n<\/tr>\n<tr>\n<td style=\"text-align: center;\" width=\"134\">50\u043a\u0433<\/td>\n<td style=\"text-align: center;\" width=\"134\">270\u043c\u043c<\/td>\n<td style=\"text-align: center;\" width=\"134\">100\u043c\u043c<\/td>\n<td style=\"text-align: center;\" width=\"134\">124\u043c\u043c<\/td>\n<td style=\"text-align: center;\" width=\"134\">108\u043c\u043c<\/td>\n<td style=\"text-align: center;\" width=\"134\">2,7\u043a\u0433<\/td>\n<\/tr>\n<\/tbody>\n<\/table>\n<p><strong style=\"color: #ff6600;\"><span style=\"color: #0000ff;\"><strong>\u041f\u0440\u0438 \u043e\u0442\u043f\u0440\u0430\u0432\u043a\u0435 \u0437\u0430\u044f\u0432\u043a\u0438, \u043f\u043e\u0436\u0430\u043b\u0443\u0439\u0441\u0442\u0430, \u0443\u043a\u0430\u0436\u0438\u0442\u0435 \u043a\u043e\u043b\u0438\u0447\u0435\u0441\u0442\u0432\u043e \u043c\u0430\u0433\u043d\u0438\u0442\u043e\u0432 \u0440\u0443\u0447\u043d\u043e\u0439 \u0440\u0430\u0431\u043e\u0442\u044b, \u043a\u043e\u0442\u043e\u0440\u043e\u0435 \u0432\u044b \u0445\u043e\u0442\u0438\u0442\u0435 \u0437\u0430\u043a\u0430\u0437\u0430\u0442\u044c.<span style=\"color: #ff6600;\"><span style=\"color: #ffffff;\"><a style=\"color: #0000ff;\" href=\"https:\/\/en.wikipedia.org\/wiki\/Magnet\">.<\/a><\/span><\/span><\/strong><\/span><\/strong><\/p>\n<hr \/>\n<p><span style=\"color: #ff6600;\"><em><strong>\u042d\u0442\u043e \u0435\u0449\u0435 \u043e\u0434\u0438\u043d \u0441\u043f\u043e\u0441\u043e\u0431, \u0441 \u043f\u043e\u043c\u043e\u0449\u044c\u044e \u043a\u043e\u0442\u043e\u0440\u043e\u0433\u043e \u043d\u0430\u0448\u0438 \u043a\u043b\u0438\u0435\u043d\u0442\u044b \u0438\u0441\u043f\u043e\u043b\u044c\u0437\u0443\u044e\u0442 \u043c\u0435\u0442\u0430\u043b\u043b\u0438\u0447\u0435\u0441\u043a\u0438\u0435 \u043f\u0440\u043e\u0431\u043a\u0438 \u0432 \u043f\u0438\u0449\u0435\u0432\u043e\u0439 \u043f\u0440\u043e\u043c\u044b\u0448\u043b\u0435\u043d\u043d\u043e\u0441\u0442\u0438.<span style=\"color: #ff6600;\"><a style=\"color: #ff6600;\" href=\"https:\/\/www.mazam.eu\/wp-content\/uploads\/2025\/02\/manuaalne-kasitostemagnet-\u0420\u0443\u0447\u043d\u043e\u0439-\u043c\u0430\u0433\u043d\u0438\u0442-hand-lifting-magnet-joonisega.jpg\">.<\/a><\/span><\/strong><\/em><\/span><\/p>\n<p>&nbsp;<\/p>\n<p><img loading=\"lazy\" decoding=\"async\" class=\"alignnone size-full wp-image-7462\" src=\"https:\/\/www.mazam.eu\/wp-content\/uploads\/2022\/12\/Kaasaskantav-hoovaga-tostemagnet-ringvooga.png\" alt=\"\" width=\"563\" height=\"750\" data-id=\"7462\" srcset=\"https:\/\/www.mazam.eu\/wp-content\/uploads\/2022\/12\/Kaasaskantav-hoovaga-tostemagnet-ringvooga.png 563w, https:\/\/www.mazam.eu\/wp-content\/uploads\/2022\/12\/Kaasaskantav-hoovaga-tostemagnet-ringvooga-225x300.png 225w\" sizes=\"auto, (max-width: 563px) 100vw, 563px\" \/><\/p>","protected":false},"excerpt":{"rendered":"<p>2&nbsp;903 vaatamistmanuaalne k\u00e4sit\u00f5stemagnet Kasutus &#8211; Lehtmetalli v\u00f5i plasmal\u00f5igatud toodangu kiireks ja lihtsaks k\u00e4sitsi t\u00f5stmiseks ning teisaldamiseks. Nii v\u00e4ldite metalli teravaid servi ja v\u00f5imalikke vigastusi k\u00e4tele. See t\u00f5stevahend on m\u00f5eldud \u00fche 30kg kaaluva lehtmetalli korraga t\u00f5stmiseks. Ohutuse tagamiseks kandke k\u00e4sit\u00f5stemagnetiga toimetades alati isikukaitsevahendeid. Varutegur 3:1 Andmed: T\u00f6\u00f6koormus M\u00f5\u00f5dud Kaal H A B C 50kg 270mm 100mm&#8230;<\/p>","protected":false},"author":1,"featured_media":0,"parent":5,"menu_order":0,"comment_status":"closed","ping_status":"closed","template":"","meta":{"_uf_show_specific_survey":0,"_uf_disable_surveys":false,"iawp_total_views":62,"footnotes":""},"class_list":["post-4062","page","type-page","status-publish","hentry"],"yoast_head":"<!-- This site is optimized with the Yoast SEO plugin v27.5 - https:\/\/yoast.com\/product\/yoast-seo-wordpress\/ -->\n<title>MANUAALNE K\u00c4SIT\u00d5STEMAGNET - Mazam O\u00dc<\/title>\n<meta name=\"description\" content=\"Manuaalne k\u00e4sit\u00f5stemagnet - Lehtmetalli v\u00f5i plasmal\u00f5igatud toodangu kiireks ja lihtsaks k\u00e4sitsi t\u00f5stmiseks ning teisaldamiseks. Nii..\" \/>\n<meta name=\"robots\" content=\"index, follow, max-snippet:-1, max-image-preview:large, max-video-preview:-1\" \/>\n<link rel=\"canonical\" href=\"https:\/\/www.mazam.eu\/ru\/produkty\/ruchnoy-magnit\/\" \/>\n<meta property=\"og:locale\" content=\"ru_RU\" \/>\n<meta property=\"og:type\" content=\"article\" \/>\n<meta property=\"og:title\" content=\"MANUAALNE K\u00c4SIT\u00d5STEMAGNET - Mazam O\u00dc\" \/>\n<meta property=\"og:description\" content=\"Manuaalne k\u00e4sit\u00f5stemagnet - Lehtmetalli v\u00f5i plasmal\u00f5igatud toodangu kiireks ja lihtsaks k\u00e4sitsi t\u00f5stmiseks ning teisaldamiseks. Nii..\" \/>\n<meta property=\"og:url\" content=\"https:\/\/www.mazam.eu\/ru\/produkty\/ruchnoy-magnit\/\" \/>\n<meta property=\"og:site_name\" content=\"Mazam O&Uuml; | T&otilde;ste- ja koormakinnitusvahendite tootmine ja m&uuml;&uuml;k (2014 - 2026) - linttropp &bull; koormarihm &bull; ringt&otilde;stev&ouml;&ouml; &bull; terastross &bull; kett-tropp &bull; vints &bull; t&otilde;stemagnet jpm.\" \/>\n<meta property=\"article:modified_time\" content=\"2025-04-14T05:29:32+00:00\" \/>\n<meta property=\"og:image\" content=\"https:\/\/www.mazam.eu\/wp-content\/uploads\/2022\/12\/Kaasaskantav-hoovaga-tostemagnet-ringvooga.png\" \/>\n<meta name=\"twitter:card\" content=\"summary_large_image\" \/>\n<meta name=\"twitter:label1\" content=\"\u041f\u0440\u0438\u043c\u0435\u0440\u043d\u043e\u0435 \u0432\u0440\u0435\u043c\u044f \u0434\u043b\u044f \u0447\u0442\u0435\u043d\u0438\u044f\" \/>\n\t<meta name=\"twitter:data1\" content=\"1 \u043c\u0438\u043d\u0443\u0442\u0430\" \/>\n<script type=\"application\/ld+json\" class=\"yoast-schema-graph\">{\"@context\":\"https:\\\/\\\/schema.org\",\"@graph\":[{\"@type\":\"WebPage\",\"@id\":\"https:\\\/\\\/www.mazam.eu\\\/tooted\\\/manuaalne-kasitostemagnet\\\/\",\"url\":\"https:\\\/\\\/www.mazam.eu\\\/tooted\\\/manuaalne-kasitostemagnet\\\/\",\"name\":\"MANUAALNE K\u00c4SIT\u00d5STEMAGNET - Mazam O\u00dc\",\"isPartOf\":{\"@id\":\"https:\\\/\\\/www.mazam.eu\\\/#website\"},\"primaryImageOfPage\":{\"@id\":\"https:\\\/\\\/www.mazam.eu\\\/tooted\\\/manuaalne-kasitostemagnet\\\/#primaryimage\"},\"image\":{\"@id\":\"https:\\\/\\\/www.mazam.eu\\\/tooted\\\/manuaalne-kasitostemagnet\\\/#primaryimage\"},\"thumbnailUrl\":\"https:\\\/\\\/www.mazam.eu\\\/wp-content\\\/uploads\\\/2022\\\/12\\\/Kaasaskantav-hoovaga-tostemagnet-ringvooga.png\",\"datePublished\":\"2019-07-14T07:13:42+00:00\",\"dateModified\":\"2025-04-14T05:29:32+00:00\",\"description\":\"Manuaalne k\u00e4sit\u00f5stemagnet - Lehtmetalli v\u00f5i plasmal\u00f5igatud toodangu kiireks ja lihtsaks k\u00e4sitsi t\u00f5stmiseks ning teisaldamiseks. Nii..\",\"breadcrumb\":{\"@id\":\"https:\\\/\\\/www.mazam.eu\\\/tooted\\\/manuaalne-kasitostemagnet\\\/#breadcrumb\"},\"inLanguage\":\"ru-RU\",\"potentialAction\":[{\"@type\":\"ReadAction\",\"target\":[\"https:\\\/\\\/www.mazam.eu\\\/tooted\\\/manuaalne-kasitostemagnet\\\/\"]}]},{\"@type\":\"ImageObject\",\"inLanguage\":\"ru-RU\",\"@id\":\"https:\\\/\\\/www.mazam.eu\\\/tooted\\\/manuaalne-kasitostemagnet\\\/#primaryimage\",\"url\":\"https:\\\/\\\/www.mazam.eu\\\/wp-content\\\/uploads\\\/2022\\\/12\\\/Kaasaskantav-hoovaga-tostemagnet-ringvooga.png\",\"contentUrl\":\"https:\\\/\\\/www.mazam.eu\\\/wp-content\\\/uploads\\\/2022\\\/12\\\/Kaasaskantav-hoovaga-tostemagnet-ringvooga.png\"},{\"@type\":\"BreadcrumbList\",\"@id\":\"https:\\\/\\\/www.mazam.eu\\\/tooted\\\/manuaalne-kasitostemagnet\\\/#breadcrumb\",\"itemListElement\":[{\"@type\":\"ListItem\",\"position\":1,\"name\":\"Home\",\"item\":\"https:\\\/\\\/www.mazam.eu\\\/\"},{\"@type\":\"ListItem\",\"position\":2,\"name\":\"Tooted\",\"item\":\"https:\\\/\\\/www.mazam.eu\\\/tooted\\\/\"},{\"@type\":\"ListItem\",\"position\":3,\"name\":\"Manuaalne k\u00e4sit\u00f5stemagnet\"}]},{\"@type\":\"WebSite\",\"@id\":\"https:\\\/\\\/www.mazam.eu\\\/#website\",\"url\":\"https:\\\/\\\/www.mazam.eu\\\/\",\"name\":\"Mazam O&Uuml; | T&otilde;ste- ja koormakinnitusvahendite tootmine ja m&uuml;&uuml;k (2014 - 2026) - linttropp &bull; koormarihm &bull; ringt&otilde;stev&ouml;&ouml; &bull; terastross &bull; kett-tropp &bull; vints &bull; t&otilde;stemagnet jpm.\",\"description\":\"T&otilde;ste- ja kinnituslahendused | Lifting- and lashing solutions\",\"publisher\":{\"@id\":\"https:\\\/\\\/www.mazam.eu\\\/#organization\"},\"potentialAction\":[{\"@type\":\"SearchAction\",\"target\":{\"@type\":\"EntryPoint\",\"urlTemplate\":\"https:\\\/\\\/www.mazam.eu\\\/?s={search_term_string}\"},\"query-input\":{\"@type\":\"PropertyValueSpecification\",\"valueRequired\":true,\"valueName\":\"search_term_string\"}}],\"inLanguage\":\"ru-RU\"},{\"@type\":\"Organization\",\"@id\":\"https:\\\/\\\/www.mazam.eu\\\/#organization\",\"name\":\"Mazam O\u00dc\",\"url\":\"https:\\\/\\\/www.mazam.eu\\\/\",\"logo\":{\"@type\":\"ImageObject\",\"inLanguage\":\"ru-RU\",\"@id\":\"https:\\\/\\\/www.mazam.eu\\\/#\\\/schema\\\/logo\\\/image\\\/\",\"url\":\"https:\\\/\\\/www.mazam.eu\\\/wp-content\\\/uploads\\\/2015\\\/10\\\/mazam-logo-linttropp-koormarihm-t\u00f5stev\u00f6\u00f6.png\",\"contentUrl\":\"https:\\\/\\\/www.mazam.eu\\\/wp-content\\\/uploads\\\/2015\\\/10\\\/mazam-logo-linttropp-koormarihm-t\u00f5stev\u00f6\u00f6.png\",\"width\":190,\"height\":70,\"caption\":\"Mazam O\u00dc\"},\"image\":{\"@id\":\"https:\\\/\\\/www.mazam.eu\\\/#\\\/schema\\\/logo\\\/image\\\/\"}}]}<\/script>\n<!-- \/ Yoast SEO plugin. -->","yoast_head_json":{"title":"\u0420\u0443\u0447\u043d\u043e\u0439 \u043c\u0430\u0433\u043d\u0438\u0442 - Mazam O\u00dc","description":"\u0420\u0443\u0447\u043d\u043e\u0439 \u043c\u0430\u0433\u043d\u0438\u0442 - \u0414\u043b\u044f \u0431\u044b\u0441\u0442\u0440\u043e\u0433\u043e \u0438 \u043b\u0435\u0433\u043a\u043e\u0433\u043e \u0440\u0443\u0447\u043d\u043e\u0433\u043e \u043f\u043e\u0434\u044a\u0435\u043c\u0430 \u0438 \u043f\u0435\u0440\u0435\u043c\u0435\u0449\u0435\u043d\u0438\u044f \u0438\u0437\u0434\u0435\u043b\u0438\u0439 \u0438\u0437 \u043b\u0438\u0441\u0442\u043e\u0432\u043e\u0433\u043e \u043c\u0435\u0442\u0430\u043b\u043b\u0430 \u0438\u043b\u0438 \u043f\u043b\u0430\u0437\u043c\u0435\u043d\u043d\u043e\u0439 \u0440\u0435\u0437\u043a\u0438. \u0422\u0430\u043a \u0447\u0442\u043e...","robots":{"index":"index","follow":"follow","max-snippet":"max-snippet:-1","max-image-preview":"max-image-preview:large","max-video-preview":"max-video-preview:-1"},"canonical":"https:\/\/www.mazam.eu\/ru\/produkty\/ruchnoy-magnit\/","og_locale":"ru_RU","og_type":"article","og_title":"MANUAALNE K\u00c4SIT\u00d5STEMAGNET - Mazam O\u00dc","og_description":"Manuaalne k\u00e4sit\u00f5stemagnet - Lehtmetalli v\u00f5i plasmal\u00f5igatud toodangu kiireks ja lihtsaks k\u00e4sitsi t\u00f5stmiseks ning teisaldamiseks. Nii..","og_url":"https:\/\/www.mazam.eu\/ru\/produkty\/ruchnoy-magnit\/","og_site_name":"Mazam O&Uuml; | T&otilde;ste- ja koormakinnitusvahendite tootmine ja m&uuml;&uuml;k (2014 - 2026) - linttropp &bull; koormarihm &bull; ringt&otilde;stev&ouml;&ouml; &bull; terastross &bull; kett-tropp &bull; vints &bull; t&otilde;stemagnet jpm.","article_modified_time":"2025-04-14T05:29:32+00:00","og_image":[{"url":"https:\/\/www.mazam.eu\/wp-content\/uploads\/2022\/12\/Kaasaskantav-hoovaga-tostemagnet-ringvooga.png","type":"","width":"","height":""}],"twitter_card":"summary_large_image","twitter_misc":{"\u041f\u0440\u0438\u043c\u0435\u0440\u043d\u043e\u0435 \u0432\u0440\u0435\u043c\u044f \u0434\u043b\u044f \u0447\u0442\u0435\u043d\u0438\u044f":"1 \u043c\u0438\u043d\u0443\u0442\u0430"},"schema":{"@context":"https:\/\/schema.org","@graph":[{"@type":"WebPage","@id":"https:\/\/www.mazam.eu\/tooted\/manuaalne-kasitostemagnet\/","url":"https:\/\/www.mazam.eu\/tooted\/manuaalne-kasitostemagnet\/","name":"\u0420\u0443\u0447\u043d\u043e\u0439 \u043c\u0430\u0433\u043d\u0438\u0442 - Mazam O\u00dc","isPartOf":{"@id":"https:\/\/www.mazam.eu\/#website"},"primaryImageOfPage":{"@id":"https:\/\/www.mazam.eu\/tooted\/manuaalne-kasitostemagnet\/#primaryimage"},"image":{"@id":"https:\/\/www.mazam.eu\/tooted\/manuaalne-kasitostemagnet\/#primaryimage"},"thumbnailUrl":"https:\/\/www.mazam.eu\/wp-content\/uploads\/2022\/12\/Kaasaskantav-hoovaga-tostemagnet-ringvooga.png","datePublished":"2019-07-14T07:13:42+00:00","dateModified":"2025-04-14T05:29:32+00:00","description":"\u0420\u0443\u0447\u043d\u043e\u0439 \u043c\u0430\u0433\u043d\u0438\u0442 - \u0414\u043b\u044f \u0431\u044b\u0441\u0442\u0440\u043e\u0433\u043e \u0438 \u043b\u0435\u0433\u043a\u043e\u0433\u043e \u0440\u0443\u0447\u043d\u043e\u0433\u043e \u043f\u043e\u0434\u044a\u0435\u043c\u0430 \u0438 \u043f\u0435\u0440\u0435\u043c\u0435\u0449\u0435\u043d\u0438\u044f \u0438\u0437\u0434\u0435\u043b\u0438\u0439 \u0438\u0437 \u043b\u0438\u0441\u0442\u043e\u0432\u043e\u0433\u043e \u043c\u0435\u0442\u0430\u043b\u043b\u0430 \u0438\u043b\u0438 \u043f\u043b\u0430\u0437\u043c\u0435\u043d\u043d\u043e\u0439 \u0440\u0435\u0437\u043a\u0438. \u0422\u0430\u043a \u0447\u0442\u043e...","breadcrumb":{"@id":"https:\/\/www.mazam.eu\/tooted\/manuaalne-kasitostemagnet\/#breadcrumb"},"inLanguage":"ru-RU","potentialAction":[{"@type":"ReadAction","target":["https:\/\/www.mazam.eu\/tooted\/manuaalne-kasitostemagnet\/"]}]},{"@type":"ImageObject","inLanguage":"ru-RU","@id":"https:\/\/www.mazam.eu\/tooted\/manuaalne-kasitostemagnet\/#primaryimage","url":"https:\/\/www.mazam.eu\/wp-content\/uploads\/2022\/12\/Kaasaskantav-hoovaga-tostemagnet-ringvooga.png","contentUrl":"https:\/\/www.mazam.eu\/wp-content\/uploads\/2022\/12\/Kaasaskantav-hoovaga-tostemagnet-ringvooga.png"},{"@type":"BreadcrumbList","@id":"https:\/\/www.mazam.eu\/tooted\/manuaalne-kasitostemagnet\/#breadcrumb","itemListElement":[{"@type":"ListItem","position":1,"name":"Home","item":"https:\/\/www.mazam.eu\/"},{"@type":"ListItem","position":2,"name":"Tooted","item":"https:\/\/www.mazam.eu\/tooted\/"},{"@type":"ListItem","position":3,"name":"Manuaalne k\u00e4sit\u00f5stemagnet"}]},{"@type":"WebSite","@id":"https:\/\/www.mazam.eu\/#website","url":"https:\/\/www.mazam.eu\/","name":"Mazam O\u00dc | \u041f\u0440\u043e\u0438\u0437\u0432\u043e\u0434\u0441\u0442\u0432\u043e \u0438 \u043f\u0440\u043e\u0434\u0430\u0436\u0430 \u043f\u043e\u0434\u044a\u0435\u043c\u043d\u043e-\u0442\u0440\u0430\u043d\u0441\u043f\u043e\u0440\u0442\u043d\u043e\u0433\u043e \u043e\u0431\u043e\u0440\u0443\u0434\u043e\u0432\u0430\u043d\u0438\u044f (2014 - 2026) - \u043b\u0438\u043d\u0442\u0440\u0443\u043f\u0430 - \u0433\u0440\u0443\u0437\u043e\u0432\u043e\u0439 \u0440\u0435\u043c\u0435\u043d\u044c - \u0442\u0430\u043b\u0435\u0432\u044b\u0439 \u0440\u0435\u043c\u0435\u043d\u044c - \u0441\u0442\u0430\u043b\u044c\u043d\u043e\u0439 \u043a\u0430\u043d\u0430\u0442 - \u0446\u0435\u043f\u043d\u043e\u0439 \u0442\u0430\u043b\u0440\u0435\u043f - \u043b\u0435\u0431\u0435\u0434\u043a\u0430 - \u043f\u043e\u0434\u044a\u0435\u043c\u043d\u044b\u0439 \u043c\u0430\u0433\u043d\u0438\u0442 \u0438 \u0442.\u0434.","description":"\u0420\u0435\u0448\u0435\u043d\u0438\u044f \u0434\u043b\u044f \u043f\u043e\u0434\u044a\u0435\u043c\u0430 \u0438 \u043a\u0440\u0435\u043f\u043b\u0435\u043d\u0438\u044f | \u0420\u0435\u0448\u0435\u043d\u0438\u044f \u0434\u043b\u044f \u043f\u043e\u0434\u044a\u0435\u043c\u0430 \u0438 \u043a\u0440\u0435\u043f\u043b\u0435\u043d\u0438\u044f","publisher":{"@id":"https:\/\/www.mazam.eu\/#organization"},"potentialAction":[{"@type":"SearchAction","target":{"@type":"EntryPoint","urlTemplate":"https:\/\/www.mazam.eu\/?s={search_term_string}"},"query-input":{"@type":"PropertyValueSpecification","valueRequired":true,"valueName":"search_term_string"}}],"inLanguage":"ru-RU"},{"@type":"Organization","@id":"https:\/\/www.mazam.eu\/#organization","name":"Mazam O\u00dc","url":"https:\/\/www.mazam.eu\/","logo":{"@type":"ImageObject","inLanguage":"ru-RU","@id":"https:\/\/www.mazam.eu\/#\/schema\/logo\/image\/","url":"https:\/\/www.mazam.eu\/wp-content\/uploads\/2015\/10\/mazam-logo-linttropp-koormarihm-t\u00f5stev\u00f6\u00f6.png","contentUrl":"https:\/\/www.mazam.eu\/wp-content\/uploads\/2015\/10\/mazam-logo-linttropp-koormarihm-t\u00f5stev\u00f6\u00f6.png","width":190,"height":70,"caption":"Mazam O\u00dc"},"image":{"@id":"https:\/\/www.mazam.eu\/#\/schema\/logo\/image\/"}}]}},"_links":{"self":[{"href":"https:\/\/www.mazam.eu\/ru\/wp-json\/wp\/v2\/pages\/4062","targetHints":{"allow":["GET"]}}],"collection":[{"href":"https:\/\/www.mazam.eu\/ru\/wp-json\/wp\/v2\/pages"}],"about":[{"href":"https:\/\/www.mazam.eu\/ru\/wp-json\/wp\/v2\/types\/page"}],"author":[{"embeddable":true,"href":"https:\/\/www.mazam.eu\/ru\/wp-json\/wp\/v2\/users\/1"}],"replies":[{"embeddable":true,"href":"https:\/\/www.mazam.eu\/ru\/wp-json\/wp\/v2\/comments?post=4062"}],"version-history":[{"count":29,"href":"https:\/\/www.mazam.eu\/ru\/wp-json\/wp\/v2\/pages\/4062\/revisions"}],"predecessor-version":[{"id":11802,"href":"https:\/\/www.mazam.eu\/ru\/wp-json\/wp\/v2\/pages\/4062\/revisions\/11802"}],"up":[{"embeddable":true,"href":"https:\/\/www.mazam.eu\/ru\/wp-json\/wp\/v2\/pages\/5"}],"wp:attachment":[{"href":"https:\/\/www.mazam.eu\/ru\/wp-json\/wp\/v2\/media?parent=4062"}],"curies":[{"name":"wp","href":"https:\/\/api.w.org\/{rel}","templated":true}]}}