{"id":4081,"date":"2019-07-16T06:57:10","date_gmt":"2019-07-16T06:57:10","guid":{"rendered":"http:\/\/www.mazam.eu\/?page_id=4081"},"modified":"2025-03-27T09:26:52","modified_gmt":"2025-03-27T09:26:52","slug":"%d1%81%d1%82%d0%b0%d0%bb%d1%8c%d0%bd%d0%be%d0%b9-%d0%ba%d0%b0%d0%bd%d0%b0%d1%82-12-%d0%bc%d0%bc-10-%d0%bc%d0%bc-8-%d0%bc%d0%bc","status":"publish","type":"page","link":"https:\/\/www.mazam.eu\/ru\/tooted\/terastross-12mm-10mm-8mm\/","title":{"rendered":"\u041a\u0430\u043d\u0430\u0442 \u0438\u0437 \u043f\u0440\u043e\u0432\u043e\u043b\u043e\u043a\u0438 12 \u043c\u043c, 10 \u043c\u043c \u0438 8 \u043c\u043c"},"content":{"rendered":"<div class='epvc-post-count'><span class='epvc-eye'><\/span>  <span class=\"epvc-count\"> 5&nbsp;918<\/span><span class='epvc-label'> \u043f\u0440\u043e\u0441\u043c\u043e\u0442\u0440<\/span><\/div><p><span style=\"color: #ffffff;\">\u0431\u0443\u043a\u0441\u0438\u0440\u043e\u0432\u043e\u0447\u043d\u044b\u0439 \u0442\u0440\u043e\u0441<br \/>\n<strong><span style=\"color: #333333;\">\u041f\u0440\u0438 \u0441\u0442\u0440\u043e\u0438\u0442\u0435\u043b\u044c\u0441\u0442\u0432\u0435 \u0432\u0435\u0440\u0435\u0432\u043e\u0447\u043d\u043e\u0439 \u0442\u0440\u0430\u0441\u0441\u044b \u0434\u043b\u044f \u0441\u043f\u0443\u0441\u043a\u0430 \u043c\u044b \u0440\u0435\u043a\u043e\u043c\u0435\u043d\u0434\u0443\u0435\u043c \u0432\u044b\u0431\u0438\u0440\u0430\u0442\u044c \u043a\u0430\u043d\u0430\u0442 \u0434\u0438\u0430\u043c\u0435\u0442\u0440\u043e\u043c 12 \u043c\u043c, \u043f\u043e\u0442\u043e\u043c\u0443 \u0447\u0442\u043e. <span style=\"text-decoration: underline;\"><span style=\"color: #0000ff; text-decoration: underline;\"><a style=\"color: #0000ff; text-decoration: underline;\" href=\"https:\/\/www.mazam.eu\/ru\/produkty\/%d0%b4%d0%b2%d1%83%d1%85%d1%80%d0%be%d0%bb%d0%b8%d0%ba%d0%be%d0%b2%d1%8b%d0%b9-%d0%b1%d0%bb%d0%be%d0%ba-%d0%b4%d0%bb%d1%8f-%d0%ba%d0%b0%d0%bd%d0%b0%d1%82%d0%be%d0%b2-12-%d0%bc%d0%bc\/\" target=\"_blank\" rel=\"noopener\">\u0434\u0432\u0443\u0445\u043a\u043e\u043b\u0435\u0441\u043d\u044b\u0439 \u0431\u043b\u043e\u043a<\/a><\/span><\/span> \u043d\u0430<br \/>\n\u043f\u0440\u0435\u0434\u043d\u0430\u0437\u043d\u0430\u0447\u0435\u043d\u043d\u044b\u0435 \u0434\u043b\u044f \u043a\u0430\u043d\u0430\u0442\u043e\u0432 \u043e\u0434\u0438\u043d\u0430\u043a\u043e\u0432\u043e\u0433\u043e \u0434\u0438\u0430\u043c\u0435\u0442\u0440\u0430. \u0422\u043e\u0433\u0434\u0430 \u0432\u043d\u0443\u0442\u0440\u0435\u043d\u043d\u044f\u044f \u0447\u0430\u0441\u0442\u044c \u0431\u043b\u043e\u0447\u043d\u043e\u0433\u043e \u043a\u043e\u043b\u0435\u0441\u0430 (\u043a\u0440\u0430\u044f \u0438 \u0441\u0435\u0440\u0435\u0434\u0438\u043d\u0430) \u0431\u0443\u0434\u0435\u0442 \u0438\u0437\u043d\u0430\u0448\u0438\u0432\u0430\u0442\u044c\u0441\u044f \u0440\u0430\u0432\u043d\u043e\u043c\u0435\u0440\u043d\u043e.<br \/>\n\u0415\u0441\u043b\u0438 \u0432\u044b \u0438\u0441\u043f\u043e\u043b\u044c\u0437\u0443\u0435\u0442\u0435 10- \u0438\u043b\u0438 8-\u043c\u0438\u043b\u043b\u0438\u043c\u0435\u0442\u0440\u043e\u0432\u044b\u0439 \u043a\u0430\u043d\u0430\u0442, \u0441\u0440\u0435\u0434\u043d\u044f\u044f \u0447\u0430\u0441\u0442\u044c \u0431\u043b\u043e\u043a\u0430 \u0431\u0443\u0434\u0435\u0442 \u0438\u0437\u043d\u0430\u0448\u0438\u0432\u0430\u0442\u044c\u0441\u044f \u0441\u0438\u043b\u044c\u043d\u0435\u0435 \u0432\u0441\u0435\u0433\u043e.<br \/>\n<em>\u041a \u0441\u043e\u0436\u0430\u043b\u0435\u043d\u0438\u044e, \u0437\u0434\u0435\u0441\u044c \u043d\u0435\u0442 \u0431\u043b\u043e\u043a\u0430 \u0434\u043b\u044f \u0432\u0435\u0440\u0435\u0432\u043a\u0438 10 \u043c\u043c \u0438\u043b\u0438 8 \u043c\u043c!<br \/>\n<img loading=\"lazy\" decoding=\"async\" class=\"alignnone size-full wp-image-3968\" src=\"https:\/\/www.mazam.eu\/wp-content\/uploads\/2019\/07\/terastross-teras-tross-terastrossid-trosslaskumise-rada-koduaia-seikluspark-trosstee.png\" alt=\"\" width=\"200\" height=\"149\" data-id=\"3968\" \/><br \/>\n<\/em><\/span><\/strong><\/span><span style=\"text-decoration: underline; color: #ff6600;\"><strong>\u0414\u0430\u043d\u043d\u044b\u0435:<\/strong><\/span><\/p>\n<table width=\"636\">\n<tbody>\n<tr>\n<td style=\"text-align: center;\" width=\"119\"><strong>\u2205 \u0442\u0440\u043e\u0441\u0430<\/strong><\/td>\n<td style=\"text-align: center;\" width=\"132\"><strong>\u0432\u0435\u0441 1 \u043c<\/strong><\/td>\n<td style=\"text-align: center;\" colspan=\"2\" width=\"385\"><strong>\u041c\u0438\u043d\u0438\u043c\u0430\u043b\u044c\u043d\u0430\u044f \u043d\u0430\u0433\u0440\u0443\u0437\u043a\u0430 \u043f\u0440\u0438 \u043e\u0442\u043a\u043b\u044e\u0447\u0435\u043d\u0438\u0438<\/strong><\/td>\n<\/tr>\n<tr>\n<td style=\"text-align: center;\" width=\"119\">12\u043c\u043c<\/td>\n<td style=\"text-align: center;\" width=\"132\">0,53 \u043a\u0433<\/td>\n<td style=\"text-align: center;\" width=\"157\">84,1 \u043a\u041d<\/td>\n<td style=\"text-align: center;\" width=\"228\">8580 \u043a\u0433<\/td>\n<\/tr>\n<tr>\n<td style=\"text-align: center;\">10\u043c\u043c<\/td>\n<td style=\"text-align: center;\">0,35 \u043a\u0433<\/td>\n<td style=\"text-align: center;\">58,4 \u043a\u041d<\/td>\n<td style=\"text-align: center;\">5960 \u043a\u0433<\/td>\n<\/tr>\n<tr>\n<td style=\"text-align: center;\">8\u043c\u043c<\/td>\n<td style=\"text-align: center;\">0,22 \u043a\u0433<\/td>\n<td style=\"text-align: center;\">37,4 \u043a\u041d<\/td>\n<td style=\"text-align: center;\">3810 \u043a\u0433<\/td>\n<\/tr>\n<\/tbody>\n<\/table>\n<p><span style=\"color: #0000ff;\"><strong>\u0412\u044b \u0441\u0430\u043c\u0438 \u0432\u044b\u0431\u0438\u0440\u0430\u0435\u0442\u0435 \u0434\u043b\u0438\u043d\u0443 \u0432\u0435\u0440\u0435\u0432\u043a\u0438! \u0416\u0435\u043b\u0430\u0442\u0435\u043b\u044c\u043d\u043e \u0441 \u043d\u0435\u0431\u043e\u043b\u044c\u0448\u0438\u043c \u0437\u0430\u043f\u0430\u0441\u043e\u043c, \u0447\u0442\u043e\u0431\u044b \u043d\u0435 \u0431\u044b\u043b\u043e \u0434\u0435\u0444\u0438\u0446\u0438\u0442\u0430.<br \/>\n<\/strong><\/span><\/p>\n<hr \/>\n<p style=\"text-align: center;\"><span style=\"color: #ffffff;\"><span style=\"color: #333333;\"><span style=\"color: #ff6600;\"><strong>\u041a\u0430\u043a \u043f\u0440\u0430\u0432\u0438\u043b\u044c\u043d\u043e \u0438\u0437\u043c\u0435\u0440\u0438\u0442\u044c \u0442\u0440\u043e\u0441\u0430 \u0441 \u043f\u043e\u043c\u043e\u0449\u044c\u044e \u0448\u0442\u0430\u043d\u0433\u0435\u043d\u0446\u0438\u0440\u043a\u0443\u043b\u044f?<\/strong><\/span><span style=\"text-decoration: underline; color: #ff6600;\"><strong><br \/>\n<\/strong><\/span><img loading=\"lazy\" decoding=\"async\" class=\"alignnone wp-image-11509 size-full\" src=\"https:\/\/www.mazam.eu\/wp-content\/uploads\/2025\/03\/trossi-profiili-oige-mootmine-Mazam-OU.jpg\" alt=\"\" width=\"419\" height=\"173\" data-id=\"9094\" srcset=\"https:\/\/www.mazam.eu\/wp-content\/uploads\/2025\/03\/trossi-profiili-oige-mootmine-Mazam-OU.jpg 419w, https:\/\/www.mazam.eu\/wp-content\/uploads\/2025\/03\/trossi-profiili-oige-mootmine-Mazam-OU-300x124.jpg 300w\" sizes=\"auto, (max-width: 419px) 100vw, 419px\" \/><\/span><\/span><\/p>","protected":false},"excerpt":{"rendered":"<p>5&nbsp;918 vaatamisttrosslaskumisraja tross Trosslaskumise rada ehitades soovitame trossi diameeter 12mm valida sellep\u00e4rast, et kahe rattaga plokk on m\u00f5eldud sama diameetriga trossile. Siis ploki ratta sisemus (\u00e4\u00e4red ja keskmine osa) kuluvad \u00fchtlaselt. Kui kasutate 10mm v\u00f5i 8mm trossi, siis plokiratta keskmine osa kulub k\u00f5ige rohkem. Plokki 10mm v\u00f5i 8mm trossi jaoks pole kahjuks pakkuda! Andmed: Trossi&#8230;<\/p>","protected":false},"author":1,"featured_media":0,"parent":5,"menu_order":0,"comment_status":"closed","ping_status":"closed","template":"","meta":{"_uf_show_specific_survey":0,"_uf_disable_surveys":false,"iawp_total_views":589,"footnotes":""},"class_list":["post-4081","page","type-page","status-publish","hentry"],"yoast_head":"<!-- This site is optimized with the Yoast SEO plugin v27.5 - https:\/\/yoast.com\/product\/yoast-seo-wordpress\/ -->\n<title>TROSSLASKUMISRAJA TROSS 12mm, 10mm, 8mm - Mazam O\u00dc<\/title>\n<meta name=\"description\" content=\"Trosslaskumisraja tross 12mm, 10mm v\u00f5i 8mm. Trossi profiil 6 x 19 + FC ja 6 x 36 + FC. Sertifikaadi saab ostul kaasa.\" \/>\n<meta name=\"robots\" content=\"index, follow, max-snippet:-1, max-image-preview:large, max-video-preview:-1\" \/>\n<link rel=\"canonical\" href=\"https:\/\/www.mazam.eu\/ru\/produkty\/\u0441\u0442\u0430\u043b\u044c\u043d\u043e\u0439-\u043a\u0430\u043d\u0430\u0442-12-\u043c\u043c-10-\u043c\u043c-8-\u043c\u043c\/\" \/>\n<meta property=\"og:locale\" content=\"ru_RU\" \/>\n<meta property=\"og:type\" content=\"article\" \/>\n<meta property=\"og:title\" content=\"TROSSLASKUMISRAJA TROSS 12mm, 10mm, 8mm - Mazam O\u00dc\" \/>\n<meta property=\"og:description\" content=\"Trosslaskumisraja tross 12mm, 10mm v\u00f5i 8mm. Trossi profiil 6 x 19 + FC ja 6 x 36 + FC. Sertifikaadi saab ostul kaasa.\" \/>\n<meta property=\"og:url\" content=\"https:\/\/www.mazam.eu\/ru\/produkty\/\u0441\u0442\u0430\u043b\u044c\u043d\u043e\u0439-\u043a\u0430\u043d\u0430\u0442-12-\u043c\u043c-10-\u043c\u043c-8-\u043c\u043c\/\" \/>\n<meta property=\"og:site_name\" content=\"Mazam O&Uuml; | T&otilde;ste- ja koormakinnitusvahendite tootmine ja m&uuml;&uuml;k (2014 - 2026) - linttropp &bull; koormarihm &bull; ringt&otilde;stev&ouml;&ouml; &bull; terastross &bull; kett-tropp &bull; vints &bull; t&otilde;stemagnet jpm.\" \/>\n<meta property=\"article:modified_time\" content=\"2025-03-27T09:26:52+00:00\" \/>\n<meta property=\"og:image\" content=\"https:\/\/www.mazam.eu\/wp-content\/uploads\/2019\/07\/terastross-teras-tross-terastrossid-trosslaskumise-rada-koduaia-seikluspark-trosstee.png\" \/>\n<meta name=\"twitter:card\" content=\"summary_large_image\" \/>\n<meta name=\"twitter:label1\" content=\"\u041f\u0440\u0438\u043c\u0435\u0440\u043d\u043e\u0435 \u0432\u0440\u0435\u043c\u044f \u0434\u043b\u044f \u0447\u0442\u0435\u043d\u0438\u044f\" \/>\n\t<meta name=\"twitter:data1\" content=\"1 \u043c\u0438\u043d\u0443\u0442\u0430\" \/>\n<script type=\"application\/ld+json\" class=\"yoast-schema-graph\">{\"@context\":\"https:\\\/\\\/schema.org\",\"@graph\":[{\"@type\":\"WebPage\",\"@id\":\"https:\\\/\\\/www.mazam.eu\\\/tooted\\\/terastross-12mm-10mm-8mm\\\/\",\"url\":\"https:\\\/\\\/www.mazam.eu\\\/tooted\\\/terastross-12mm-10mm-8mm\\\/\",\"name\":\"TROSSLASKUMISRAJA TROSS 12mm, 10mm, 8mm - Mazam O\u00dc\",\"isPartOf\":{\"@id\":\"https:\\\/\\\/www.mazam.eu\\\/#website\"},\"primaryImageOfPage\":{\"@id\":\"https:\\\/\\\/www.mazam.eu\\\/tooted\\\/terastross-12mm-10mm-8mm\\\/#primaryimage\"},\"image\":{\"@id\":\"https:\\\/\\\/www.mazam.eu\\\/tooted\\\/terastross-12mm-10mm-8mm\\\/#primaryimage\"},\"thumbnailUrl\":\"https:\\\/\\\/www.mazam.eu\\\/wp-content\\\/uploads\\\/2019\\\/07\\\/terastross-teras-tross-terastrossid-trosslaskumise-rada-koduaia-seikluspark-trosstee.png\",\"datePublished\":\"2019-07-16T06:57:10+00:00\",\"dateModified\":\"2025-03-27T09:26:52+00:00\",\"description\":\"Trosslaskumisraja tross 12mm, 10mm v\u00f5i 8mm. Trossi profiil 6 x 19 + FC ja 6 x 36 + FC. Sertifikaadi saab ostul kaasa.\",\"breadcrumb\":{\"@id\":\"https:\\\/\\\/www.mazam.eu\\\/tooted\\\/terastross-12mm-10mm-8mm\\\/#breadcrumb\"},\"inLanguage\":\"ru-RU\",\"potentialAction\":[{\"@type\":\"ReadAction\",\"target\":[\"https:\\\/\\\/www.mazam.eu\\\/tooted\\\/terastross-12mm-10mm-8mm\\\/\"]}]},{\"@type\":\"ImageObject\",\"inLanguage\":\"ru-RU\",\"@id\":\"https:\\\/\\\/www.mazam.eu\\\/tooted\\\/terastross-12mm-10mm-8mm\\\/#primaryimage\",\"url\":\"https:\\\/\\\/www.mazam.eu\\\/wp-content\\\/uploads\\\/2019\\\/07\\\/terastross-teras-tross-terastrossid-trosslaskumise-rada-koduaia-seikluspark-trosstee.png\",\"contentUrl\":\"https:\\\/\\\/www.mazam.eu\\\/wp-content\\\/uploads\\\/2019\\\/07\\\/terastross-teras-tross-terastrossid-trosslaskumise-rada-koduaia-seikluspark-trosstee.png\"},{\"@type\":\"BreadcrumbList\",\"@id\":\"https:\\\/\\\/www.mazam.eu\\\/tooted\\\/terastross-12mm-10mm-8mm\\\/#breadcrumb\",\"itemListElement\":[{\"@type\":\"ListItem\",\"position\":1,\"name\":\"Home\",\"item\":\"https:\\\/\\\/www.mazam.eu\\\/\"},{\"@type\":\"ListItem\",\"position\":2,\"name\":\"Tooted\",\"item\":\"https:\\\/\\\/www.mazam.eu\\\/tooted\\\/\"},{\"@type\":\"ListItem\",\"position\":3,\"name\":\"Trosslaskumisraja tross 12mm, 10mm ja 8mm\"}]},{\"@type\":\"WebSite\",\"@id\":\"https:\\\/\\\/www.mazam.eu\\\/#website\",\"url\":\"https:\\\/\\\/www.mazam.eu\\\/\",\"name\":\"Mazam O&Uuml; | T&otilde;ste- ja koormakinnitusvahendite tootmine ja m&uuml;&uuml;k (2014 - 2026) - linttropp &bull; koormarihm &bull; ringt&otilde;stev&ouml;&ouml; &bull; terastross &bull; kett-tropp &bull; vints &bull; t&otilde;stemagnet jpm.\",\"description\":\"T&otilde;ste- ja kinnituslahendused | Lifting- and lashing solutions\",\"publisher\":{\"@id\":\"https:\\\/\\\/www.mazam.eu\\\/#organization\"},\"potentialAction\":[{\"@type\":\"SearchAction\",\"target\":{\"@type\":\"EntryPoint\",\"urlTemplate\":\"https:\\\/\\\/www.mazam.eu\\\/?s={search_term_string}\"},\"query-input\":{\"@type\":\"PropertyValueSpecification\",\"valueRequired\":true,\"valueName\":\"search_term_string\"}}],\"inLanguage\":\"ru-RU\"},{\"@type\":\"Organization\",\"@id\":\"https:\\\/\\\/www.mazam.eu\\\/#organization\",\"name\":\"Mazam O\u00dc\",\"url\":\"https:\\\/\\\/www.mazam.eu\\\/\",\"logo\":{\"@type\":\"ImageObject\",\"inLanguage\":\"ru-RU\",\"@id\":\"https:\\\/\\\/www.mazam.eu\\\/#\\\/schema\\\/logo\\\/image\\\/\",\"url\":\"https:\\\/\\\/www.mazam.eu\\\/wp-content\\\/uploads\\\/2015\\\/10\\\/mazam-logo-linttropp-koormarihm-t\u00f5stev\u00f6\u00f6.png\",\"contentUrl\":\"https:\\\/\\\/www.mazam.eu\\\/wp-content\\\/uploads\\\/2015\\\/10\\\/mazam-logo-linttropp-koormarihm-t\u00f5stev\u00f6\u00f6.png\",\"width\":190,\"height\":70,\"caption\":\"Mazam O\u00dc\"},\"image\":{\"@id\":\"https:\\\/\\\/www.mazam.eu\\\/#\\\/schema\\\/logo\\\/image\\\/\"}}]}<\/script>\n<!-- \/ Yoast SEO plugin. -->","yoast_head_json":{"title":"TROSS BROADBAND TROSS 12 \u043c\u043c, 10 \u043c\u043c, 8 \u043c\u043c - Mazam O\u00dc","description":"\u041a\u0430\u043d\u0430\u0442 \u0434\u043b\u044f \u0442\u0440\u043e\u0441\u0430 12 \u043c\u043c, 10 \u043c\u043c \u0438\u043b\u0438 8 \u043c\u043c. \u041f\u0440\u043e\u0444\u0438\u043b\u044c \u043a\u0430\u043d\u0430\u0442\u0430 6 \u0445 19 + FC \u0438 6 \u0445 36 + FC. \u0421\u0435\u0440\u0442\u0438\u0444\u0438\u043a\u0430\u0442 \u043f\u0440\u0438\u043b\u0430\u0433\u0430\u0435\u0442\u0441\u044f \u043a \u043f\u043e\u043a\u0443\u043f\u043a\u0435.","robots":{"index":"index","follow":"follow","max-snippet":"max-snippet:-1","max-image-preview":"max-image-preview:large","max-video-preview":"max-video-preview:-1"},"canonical":"https:\/\/www.mazam.eu\/ru\/produkty\/\u0441\u0442\u0430\u043b\u044c\u043d\u043e\u0439-\u043a\u0430\u043d\u0430\u0442-12-\u043c\u043c-10-\u043c\u043c-8-\u043c\u043c\/","og_locale":"ru_RU","og_type":"article","og_title":"TROSSLASKUMISRAJA TROSS 12mm, 10mm, 8mm - Mazam O\u00dc","og_description":"Trosslaskumisraja tross 12mm, 10mm v\u00f5i 8mm. Trossi profiil 6 x 19 + FC ja 6 x 36 + FC. Sertifikaadi saab ostul kaasa.","og_url":"https:\/\/www.mazam.eu\/ru\/produkty\/\u0441\u0442\u0430\u043b\u044c\u043d\u043e\u0439-\u043a\u0430\u043d\u0430\u0442-12-\u043c\u043c-10-\u043c\u043c-8-\u043c\u043c\/","og_site_name":"Mazam O&Uuml; | T&otilde;ste- ja koormakinnitusvahendite tootmine ja m&uuml;&uuml;k (2014 - 2026) - linttropp &bull; koormarihm &bull; ringt&otilde;stev&ouml;&ouml; &bull; terastross &bull; kett-tropp &bull; vints &bull; t&otilde;stemagnet jpm.","article_modified_time":"2025-03-27T09:26:52+00:00","og_image":[{"url":"https:\/\/www.mazam.eu\/wp-content\/uploads\/2019\/07\/terastross-teras-tross-terastrossid-trosslaskumise-rada-koduaia-seikluspark-trosstee.png","type":"","width":"","height":""}],"twitter_card":"summary_large_image","twitter_misc":{"\u041f\u0440\u0438\u043c\u0435\u0440\u043d\u043e\u0435 \u0432\u0440\u0435\u043c\u044f \u0434\u043b\u044f \u0447\u0442\u0435\u043d\u0438\u044f":"1 \u043c\u0438\u043d\u0443\u0442\u0430"},"schema":{"@context":"https:\/\/schema.org","@graph":[{"@type":"WebPage","@id":"https:\/\/www.mazam.eu\/tooted\/terastross-12mm-10mm-8mm\/","url":"https:\/\/www.mazam.eu\/tooted\/terastross-12mm-10mm-8mm\/","name":"TROSS BROADBAND TROSS 12 \u043c\u043c, 10 \u043c\u043c, 8 \u043c\u043c - Mazam O\u00dc","isPartOf":{"@id":"https:\/\/www.mazam.eu\/#website"},"primaryImageOfPage":{"@id":"https:\/\/www.mazam.eu\/tooted\/terastross-12mm-10mm-8mm\/#primaryimage"},"image":{"@id":"https:\/\/www.mazam.eu\/tooted\/terastross-12mm-10mm-8mm\/#primaryimage"},"thumbnailUrl":"https:\/\/www.mazam.eu\/wp-content\/uploads\/2019\/07\/terastross-teras-tross-terastrossid-trosslaskumise-rada-koduaia-seikluspark-trosstee.png","datePublished":"2019-07-16T06:57:10+00:00","dateModified":"2025-03-27T09:26:52+00:00","description":"\u041a\u0430\u043d\u0430\u0442 \u0434\u043b\u044f \u0442\u0440\u043e\u0441\u0430 12 \u043c\u043c, 10 \u043c\u043c \u0438\u043b\u0438 8 \u043c\u043c. \u041f\u0440\u043e\u0444\u0438\u043b\u044c \u043a\u0430\u043d\u0430\u0442\u0430 6 \u0445 19 + FC \u0438 6 \u0445 36 + FC. \u0421\u0435\u0440\u0442\u0438\u0444\u0438\u043a\u0430\u0442 \u043f\u0440\u0438\u043b\u0430\u0433\u0430\u0435\u0442\u0441\u044f \u043a \u043f\u043e\u043a\u0443\u043f\u043a\u0435.","breadcrumb":{"@id":"https:\/\/www.mazam.eu\/tooted\/terastross-12mm-10mm-8mm\/#breadcrumb"},"inLanguage":"ru-RU","potentialAction":[{"@type":"ReadAction","target":["https:\/\/www.mazam.eu\/tooted\/terastross-12mm-10mm-8mm\/"]}]},{"@type":"ImageObject","inLanguage":"ru-RU","@id":"https:\/\/www.mazam.eu\/tooted\/terastross-12mm-10mm-8mm\/#primaryimage","url":"https:\/\/www.mazam.eu\/wp-content\/uploads\/2019\/07\/terastross-teras-tross-terastrossid-trosslaskumise-rada-koduaia-seikluspark-trosstee.png","contentUrl":"https:\/\/www.mazam.eu\/wp-content\/uploads\/2019\/07\/terastross-teras-tross-terastrossid-trosslaskumise-rada-koduaia-seikluspark-trosstee.png"},{"@type":"BreadcrumbList","@id":"https:\/\/www.mazam.eu\/tooted\/terastross-12mm-10mm-8mm\/#breadcrumb","itemListElement":[{"@type":"ListItem","position":1,"name":"Home","item":"https:\/\/www.mazam.eu\/"},{"@type":"ListItem","position":2,"name":"Tooted","item":"https:\/\/www.mazam.eu\/tooted\/"},{"@type":"ListItem","position":3,"name":"Trosslaskumisraja tross 12mm, 10mm ja 8mm"}]},{"@type":"WebSite","@id":"https:\/\/www.mazam.eu\/#website","url":"https:\/\/www.mazam.eu\/","name":"Mazam O\u00dc | \u041f\u0440\u043e\u0438\u0437\u0432\u043e\u0434\u0441\u0442\u0432\u043e \u0438 \u043f\u0440\u043e\u0434\u0430\u0436\u0430 \u043f\u043e\u0434\u044a\u0435\u043c\u043d\u043e-\u0442\u0440\u0430\u043d\u0441\u043f\u043e\u0440\u0442\u043d\u043e\u0433\u043e \u043e\u0431\u043e\u0440\u0443\u0434\u043e\u0432\u0430\u043d\u0438\u044f (2014 - 2026) - \u043b\u0438\u043d\u0442\u0440\u0443\u043f\u0430 - \u0433\u0440\u0443\u0437\u043e\u0432\u043e\u0439 \u0440\u0435\u043c\u0435\u043d\u044c - \u0442\u0430\u043b\u0435\u0432\u044b\u0439 \u0440\u0435\u043c\u0435\u043d\u044c - \u0441\u0442\u0430\u043b\u044c\u043d\u043e\u0439 \u043a\u0430\u043d\u0430\u0442 - \u0446\u0435\u043f\u043d\u043e\u0439 \u0442\u0430\u043b\u0440\u0435\u043f - \u043b\u0435\u0431\u0435\u0434\u043a\u0430 - \u043f\u043e\u0434\u044a\u0435\u043c\u043d\u044b\u0439 \u043c\u0430\u0433\u043d\u0438\u0442 \u0438 \u0442.\u0434.","description":"\u0420\u0435\u0448\u0435\u043d\u0438\u044f \u0434\u043b\u044f \u043f\u043e\u0434\u044a\u0435\u043c\u0430 \u0438 \u043a\u0440\u0435\u043f\u043b\u0435\u043d\u0438\u044f | \u0420\u0435\u0448\u0435\u043d\u0438\u044f \u0434\u043b\u044f \u043f\u043e\u0434\u044a\u0435\u043c\u0430 \u0438 \u043a\u0440\u0435\u043f\u043b\u0435\u043d\u0438\u044f","publisher":{"@id":"https:\/\/www.mazam.eu\/#organization"},"potentialAction":[{"@type":"SearchAction","target":{"@type":"EntryPoint","urlTemplate":"https:\/\/www.mazam.eu\/?s={search_term_string}"},"query-input":{"@type":"PropertyValueSpecification","valueRequired":true,"valueName":"search_term_string"}}],"inLanguage":"ru-RU"},{"@type":"Organization","@id":"https:\/\/www.mazam.eu\/#organization","name":"Mazam O\u00dc","url":"https:\/\/www.mazam.eu\/","logo":{"@type":"ImageObject","inLanguage":"ru-RU","@id":"https:\/\/www.mazam.eu\/#\/schema\/logo\/image\/","url":"https:\/\/www.mazam.eu\/wp-content\/uploads\/2015\/10\/mazam-logo-linttropp-koormarihm-t\u00f5stev\u00f6\u00f6.png","contentUrl":"https:\/\/www.mazam.eu\/wp-content\/uploads\/2015\/10\/mazam-logo-linttropp-koormarihm-t\u00f5stev\u00f6\u00f6.png","width":190,"height":70,"caption":"Mazam O\u00dc"},"image":{"@id":"https:\/\/www.mazam.eu\/#\/schema\/logo\/image\/"}}]}},"_links":{"self":[{"href":"https:\/\/www.mazam.eu\/ru\/wp-json\/wp\/v2\/pages\/4081","targetHints":{"allow":["GET"]}}],"collection":[{"href":"https:\/\/www.mazam.eu\/ru\/wp-json\/wp\/v2\/pages"}],"about":[{"href":"https:\/\/www.mazam.eu\/ru\/wp-json\/wp\/v2\/types\/page"}],"author":[{"embeddable":true,"href":"https:\/\/www.mazam.eu\/ru\/wp-json\/wp\/v2\/users\/1"}],"replies":[{"embeddable":true,"href":"https:\/\/www.mazam.eu\/ru\/wp-json\/wp\/v2\/comments?post=4081"}],"version-history":[{"count":27,"href":"https:\/\/www.mazam.eu\/ru\/wp-json\/wp\/v2\/pages\/4081\/revisions"}],"predecessor-version":[{"id":11538,"href":"https:\/\/www.mazam.eu\/ru\/wp-json\/wp\/v2\/pages\/4081\/revisions\/11538"}],"up":[{"embeddable":true,"href":"https:\/\/www.mazam.eu\/ru\/wp-json\/wp\/v2\/pages\/5"}],"wp:attachment":[{"href":"https:\/\/www.mazam.eu\/ru\/wp-json\/wp\/v2\/media?parent=4081"}],"curies":[{"name":"wp","href":"https:\/\/api.w.org\/{rel}","templated":true}]}}