{"id":4181,"date":"2019-08-03T09:21:38","date_gmt":"2019-08-03T09:21:38","guid":{"rendered":"http:\/\/www.mazam.eu\/?page_id=4181"},"modified":"2022-06-27T08:40:31","modified_gmt":"2022-06-27T08:40:31","slug":"%d0%ba%d1%80%d0%be%d0%bd%d1%88%d1%82%d0%b5%d0%b9%d0%bd%d1%8b-%d0%b1%d0%b5%d0%b7%d0%be%d0%bf%d0%b0%d1%81%d0%bd%d0%be%d1%81%d1%82%d0%b8-%d0%b4%d0%bb%d1%8f-%d0%b0%d0%b8%d1%81%d1%82%d0%b0","status":"publish","type":"page","link":"https:\/\/www.mazam.eu\/ru\/tooted\/trosslaskumise-rada-koduaia-seikluspark-trosstee-ahvirada\/turvatraksid-taiskasvanule\/","title":{"rendered":"\u0411\u0435\u0437\u043e\u043f\u0430\u0441\u043d\u044b\u0435 \u0431\u0440\u0435\u043a\u0435\u0442\u044b \u0434\u043b\u044f \u0432\u0437\u0440\u043e\u0441\u043b\u044b\u0445"},"content":{"rendered":"<div class='epvc-post-count'><span class='epvc-eye'><\/span>  <span class=\"epvc-count\"> 3 287<\/span><span class='epvc-label'> \u043f\u0440\u043e\u0441\u043c\u043e\u0442\u0440<\/span><\/div><p><strong>\u041d\u0430\u0436\u043c\u0438\u0442\u0435 \u043d\u0430 \u0438\u0437\u043e\u0431\u0440\u0430\u0436\u0435\u043d\u0438\u0435, \u0447\u0442\u043e\u0431\u044b \u0443\u0432\u0438\u0434\u0435\u0442\u044c \u0442\u043e\u0432\u0430\u0440 \u0432 \u0443\u0432\u0435\u043b\u0438\u0447\u0435\u043d\u043d\u043e\u043c \u0440\u0430\u0437\u043c\u0435\u0440\u0435.<\/strong><\/p>\n<figure id=\"attachment_7267\" aria-describedby=\"caption-attachment-7267\" style=\"width: 200px\" class=\"wp-caption alignnone\"><a href=\"https:\/\/www.mazam.eu\/wp-content\/uploads\/2022\/06\/turvatraksid-taiskasvanule-suur.jpg\" target=\"_blank\" rel=\"noopener\"><img loading=\"lazy\" decoding=\"async\" class=\"wp-image-7267 size-full\" src=\"https:\/\/www.mazam.eu\/wp-content\/uploads\/2022\/06\/turvatraksid-taiskasvanule-avatar.jpg\" alt=\"\u0431\u0435\u0437\u043e\u043f\u0430\u0441\u043d\u044b\u0435 \u0431\u0440\u0435\u043a\u0435\u0442\u044b \u0434\u043b\u044f \u0432\u0437\u0440\u043e\u0441\u043b\u044b\u0445\" width=\"200\" height=\"150\" data-id=\"3977\" \/><\/a><figcaption id=\"caption-attachment-7267\" class=\"wp-caption-text\">\u0431\u0435\u0437\u043e\u043f\u0430\u0441\u043d\u044b\u0435 \u0431\u0440\u0435\u043a\u0435\u0442\u044b \u0434\u043b\u044f \u0432\u0437\u0440\u043e\u0441\u043b\u044b\u0445<\/figcaption><\/figure>\n<p>\u0423\u043d\u0438\u0432\u0435\u0440\u0441\u0430\u043b\u044c\u043d\u044b\u0439 \u0440\u0430\u0437\u043c\u0435\u0440<br \/>\n\u0411\u044b\u0441\u0442\u0440\u044b\u0439 \u043a\u0440\u0435\u043f\u0435\u0436<br \/>\n\u041c\u044f\u0433\u043a\u0438\u0435 \u0441\u0442\u0435\u043b\u044c\u043a\u0438<br \/>\n\u041e\u0434\u043d\u0430 \u043f\u0435\u0442\u043b\u044f \u0434\u043b\u044f \u043f\u043e\u0434\u0432\u0435\u0448\u0438\u0432\u0430\u043d\u0438\u044f \u043e\u0431\u043e\u0440\u0443\u0434\u043e\u0432\u0430\u043d\u0438\u044f<br \/>\n\u0412\u0435\u0441: 402 \u0433<\/p>","protected":false},"excerpt":{"rendered":"<p>3 194 \u043f\u0440\u043e\u0441\u043c\u043e\u0442\u0440\u0430\u041d\u0430\u0436\u043c\u0438\u0442\u0435 \u043d\u0430 \u0438\u0437\u043e\u0431\u0440\u0430\u0436\u0435\u043d\u0438\u0435, \u0447\u0442\u043e\u0431\u044b \u043f\u043e\u0441\u043c\u043e\u0442\u0440\u0435\u0442\u044c \u0431\u043e\u043b\u044c\u0448\u0435... \u0423\u043d\u0438\u0432\u0435\u0440\u0441\u0430\u043b\u044c\u043d\u044b\u0439 \u0440\u0430\u0437\u043c\u0435\u0440 \u0411\u044b\u0441\u0442\u0440\u043e\u0437\u0430\u0441\u0442\u0435\u0433\u0438\u0432\u0430\u044e\u0449\u0438\u0435\u0441\u044f \u043d\u0430\u043a\u043b\u0430\u0434\u043a\u0438 \u0410\u043c\u043e\u0440\u0442\u0438\u0437\u0438\u0440\u0443\u044e\u0449\u0438\u0435 \u043f\u0440\u043e\u0443\u0448\u0438\u043d\u044b \u0434\u043b\u044f \u043d\u043e\u0433 \u041e\u0434\u043d\u0430 \u043f\u0440\u043e\u0443\u0448\u0438\u043d\u0430 \u0434\u043b\u044f \u043f\u043e\u0434\u0432\u0435\u0448\u0438\u0432\u0430\u043d\u0438\u044f \u0441\u043d\u0430\u0440\u044f\u0436\u0435\u043d\u0438\u044f \u0412\u0435\u0441: 402 \u0433.<\/p>","protected":false},"author":1,"featured_media":0,"parent":3940,"menu_order":0,"comment_status":"closed","ping_status":"closed","template":"","meta":{"_uf_show_specific_survey":0,"_uf_disable_surveys":false,"iawp_total_views":57,"footnotes":""},"class_list":["post-4181","page","type-page","status-publish","hentry"],"yoast_head":"<!-- This site is optimized with the Yoast SEO plugin v27.5 - https:\/\/yoast.com\/product\/yoast-seo-wordpress\/ -->\n<title>Turvatraksid t\u00e4iskasvanule - Mazam O&Uuml; | T&otilde;ste- ja koormakinnitusvahendite tootmine ja m&uuml;&uuml;k (2014 - 2026) - linttropp &bull; koormarihm &bull; ringt&otilde;stev&ouml;&ouml; &bull; terastross &bull; kett-tropp &bull; vints &bull; t&otilde;stemagnet jpm.<\/title>\n<meta name=\"robots\" content=\"index, follow, max-snippet:-1, max-image-preview:large, max-video-preview:-1\" \/>\n<link rel=\"canonical\" href=\"https:\/\/www.mazam.eu\/ru\/produkty\/\u0432\u0435\u0440\u0435\u0432\u043e\u0447\u043d\u0430\u044f-\u043b\u044b\u0436\u043d\u0430\u044f-\u0442\u0440\u0430\u0441\u0441\u0430-\u043f\u0430\u0440\u043a-\u043f\u0440\u0438\u043a\u043b\u044e\/\u043a\u0440\u043e\u043d\u0448\u0442\u0435\u0439\u043d\u044b-\u0431\u0435\u0437\u043e\u043f\u0430\u0441\u043d\u043e\u0441\u0442\u0438-\u0434\u043b\u044f-\u0430\u0438\u0441\u0442\u0430\/\" \/>\n<meta property=\"og:locale\" content=\"ru_RU\" \/>\n<meta property=\"og:type\" content=\"article\" \/>\n<meta property=\"og:title\" content=\"Turvatraksid t\u00e4iskasvanule - Mazam O&Uuml; | T&otilde;ste- ja koormakinnitusvahendite tootmine ja m&uuml;&uuml;k (2014 - 2026) - linttropp &bull; koormarihm &bull; ringt&otilde;stev&ouml;&ouml; &bull; terastross &bull; kett-tropp &bull; vints &bull; t&otilde;stemagnet jpm.\" \/>\n<meta property=\"og:description\" content=\"3&nbsp;287 vaatamistVajuta pildile, et toodet suuremalt n\u00e4ha.. Universaalsuurus Kiirkinnituspandlad Pehmendusega jala-aasad \u00dcks aas varustuse riputamiseks Kaal: 402g\" \/>\n<meta property=\"og:url\" content=\"https:\/\/www.mazam.eu\/ru\/produkty\/\u0432\u0435\u0440\u0435\u0432\u043e\u0447\u043d\u0430\u044f-\u043b\u044b\u0436\u043d\u0430\u044f-\u0442\u0440\u0430\u0441\u0441\u0430-\u043f\u0430\u0440\u043a-\u043f\u0440\u0438\u043a\u043b\u044e\/\u043a\u0440\u043e\u043d\u0448\u0442\u0435\u0439\u043d\u044b-\u0431\u0435\u0437\u043e\u043f\u0430\u0441\u043d\u043e\u0441\u0442\u0438-\u0434\u043b\u044f-\u0430\u0438\u0441\u0442\u0430\/\" \/>\n<meta property=\"og:site_name\" content=\"Mazam O&Uuml; | T&otilde;ste- ja koormakinnitusvahendite tootmine ja m&uuml;&uuml;k (2014 - 2026) - linttropp &bull; koormarihm &bull; ringt&otilde;stev&ouml;&ouml; &bull; terastross &bull; kett-tropp &bull; vints &bull; t&otilde;stemagnet jpm.\" \/>\n<meta property=\"article:modified_time\" content=\"2022-06-27T08:40:31+00:00\" \/>\n<meta property=\"og:image\" content=\"https:\/\/www.mazam.eu\/wp-content\/uploads\/2022\/06\/turvatraksid-taiskasvanule-avatar.jpg\" \/>\n<meta name=\"twitter:card\" content=\"summary_large_image\" \/>\n<meta name=\"twitter:label1\" content=\"\u041f\u0440\u0438\u043c\u0435\u0440\u043d\u043e\u0435 \u0432\u0440\u0435\u043c\u044f \u0434\u043b\u044f \u0447\u0442\u0435\u043d\u0438\u044f\" \/>\n\t<meta name=\"twitter:data1\" content=\"1 \u043c\u0438\u043d\u0443\u0442\u0430\" \/>\n<script type=\"application\/ld+json\" class=\"yoast-schema-graph\">{\"@context\":\"https:\\\/\\\/schema.org\",\"@graph\":[{\"@type\":\"WebPage\",\"@id\":\"https:\\\/\\\/www.mazam.eu\\\/tooted\\\/trosslaskumise-rada-koduaia-seikluspark-trosstee-ahvirada\\\/turvatraksid-taiskasvanule\\\/\",\"url\":\"https:\\\/\\\/www.mazam.eu\\\/tooted\\\/trosslaskumise-rada-koduaia-seikluspark-trosstee-ahvirada\\\/turvatraksid-taiskasvanule\\\/\",\"name\":\"Turvatraksid t\u00e4iskasvanule - Mazam O&Uuml; | T&otilde;ste- ja koormakinnitusvahendite tootmine ja m&uuml;&uuml;k (2014 - 2026) - linttropp &bull; koormarihm &bull; ringt&otilde;stev&ouml;&ouml; &bull; terastross &bull; kett-tropp &bull; vints &bull; t&otilde;stemagnet jpm.\",\"isPartOf\":{\"@id\":\"https:\\\/\\\/www.mazam.eu\\\/#website\"},\"primaryImageOfPage\":{\"@id\":\"https:\\\/\\\/www.mazam.eu\\\/tooted\\\/trosslaskumise-rada-koduaia-seikluspark-trosstee-ahvirada\\\/turvatraksid-taiskasvanule\\\/#primaryimage\"},\"image\":{\"@id\":\"https:\\\/\\\/www.mazam.eu\\\/tooted\\\/trosslaskumise-rada-koduaia-seikluspark-trosstee-ahvirada\\\/turvatraksid-taiskasvanule\\\/#primaryimage\"},\"thumbnailUrl\":\"https:\\\/\\\/www.mazam.eu\\\/wp-content\\\/uploads\\\/2022\\\/06\\\/turvatraksid-taiskasvanule-avatar.jpg\",\"datePublished\":\"2019-08-03T09:21:38+00:00\",\"dateModified\":\"2022-06-27T08:40:31+00:00\",\"breadcrumb\":{\"@id\":\"https:\\\/\\\/www.mazam.eu\\\/tooted\\\/trosslaskumise-rada-koduaia-seikluspark-trosstee-ahvirada\\\/turvatraksid-taiskasvanule\\\/#breadcrumb\"},\"inLanguage\":\"ru-RU\",\"potentialAction\":[{\"@type\":\"ReadAction\",\"target\":[\"https:\\\/\\\/www.mazam.eu\\\/tooted\\\/trosslaskumise-rada-koduaia-seikluspark-trosstee-ahvirada\\\/turvatraksid-taiskasvanule\\\/\"]}]},{\"@type\":\"ImageObject\",\"inLanguage\":\"ru-RU\",\"@id\":\"https:\\\/\\\/www.mazam.eu\\\/tooted\\\/trosslaskumise-rada-koduaia-seikluspark-trosstee-ahvirada\\\/turvatraksid-taiskasvanule\\\/#primaryimage\",\"url\":\"https:\\\/\\\/www.mazam.eu\\\/wp-content\\\/uploads\\\/2022\\\/06\\\/turvatraksid-taiskasvanule-avatar.jpg\",\"contentUrl\":\"https:\\\/\\\/www.mazam.eu\\\/wp-content\\\/uploads\\\/2022\\\/06\\\/turvatraksid-taiskasvanule-avatar.jpg\"},{\"@type\":\"BreadcrumbList\",\"@id\":\"https:\\\/\\\/www.mazam.eu\\\/tooted\\\/trosslaskumise-rada-koduaia-seikluspark-trosstee-ahvirada\\\/turvatraksid-taiskasvanule\\\/#breadcrumb\",\"itemListElement\":[{\"@type\":\"ListItem\",\"position\":1,\"name\":\"Home\",\"item\":\"https:\\\/\\\/www.mazam.eu\\\/\"},{\"@type\":\"ListItem\",\"position\":2,\"name\":\"Tooted\",\"item\":\"https:\\\/\\\/www.mazam.eu\\\/tooted\\\/\"},{\"@type\":\"ListItem\",\"position\":3,\"name\":\"TROSSLASKUMISE RADA | Koduaia seikluspark\",\"item\":\"https:\\\/\\\/www.mazam.eu\\\/tooted\\\/trosslaskumise-rada-koduaia-seikluspark-trosstee-ahvirada\\\/\"},{\"@type\":\"ListItem\",\"position\":4,\"name\":\"Turvatraksid t\u00e4iskasvanule\"}]},{\"@type\":\"WebSite\",\"@id\":\"https:\\\/\\\/www.mazam.eu\\\/#website\",\"url\":\"https:\\\/\\\/www.mazam.eu\\\/\",\"name\":\"Mazam O&Uuml; | T&otilde;ste- ja koormakinnitusvahendite tootmine ja m&uuml;&uuml;k (2014 - 2026) - linttropp &bull; koormarihm &bull; ringt&otilde;stev&ouml;&ouml; &bull; terastross &bull; kett-tropp &bull; vints &bull; t&otilde;stemagnet jpm.\",\"description\":\"T&otilde;ste- ja kinnituslahendused | Lifting- and lashing solutions\",\"publisher\":{\"@id\":\"https:\\\/\\\/www.mazam.eu\\\/#organization\"},\"potentialAction\":[{\"@type\":\"SearchAction\",\"target\":{\"@type\":\"EntryPoint\",\"urlTemplate\":\"https:\\\/\\\/www.mazam.eu\\\/?s={search_term_string}\"},\"query-input\":{\"@type\":\"PropertyValueSpecification\",\"valueRequired\":true,\"valueName\":\"search_term_string\"}}],\"inLanguage\":\"ru-RU\"},{\"@type\":\"Organization\",\"@id\":\"https:\\\/\\\/www.mazam.eu\\\/#organization\",\"name\":\"Mazam O\u00dc\",\"url\":\"https:\\\/\\\/www.mazam.eu\\\/\",\"logo\":{\"@type\":\"ImageObject\",\"inLanguage\":\"ru-RU\",\"@id\":\"https:\\\/\\\/www.mazam.eu\\\/#\\\/schema\\\/logo\\\/image\\\/\",\"url\":\"https:\\\/\\\/www.mazam.eu\\\/wp-content\\\/uploads\\\/2015\\\/10\\\/mazam-logo-linttropp-koormarihm-t\u00f5stev\u00f6\u00f6.png\",\"contentUrl\":\"https:\\\/\\\/www.mazam.eu\\\/wp-content\\\/uploads\\\/2015\\\/10\\\/mazam-logo-linttropp-koormarihm-t\u00f5stev\u00f6\u00f6.png\",\"width\":190,\"height\":70,\"caption\":\"Mazam O\u00dc\"},\"image\":{\"@id\":\"https:\\\/\\\/www.mazam.eu\\\/#\\\/schema\\\/logo\\\/image\\\/\"}}]}<\/script>\n<!-- \/ Yoast SEO plugin. -->","yoast_head_json":{"title":"\u0421\u0442\u0440\u0430\u0445\u043e\u0432\u043e\u0447\u043d\u044b\u0435 \u0441\u043a\u043e\u0431\u044b \u0434\u043b\u044f \u0432\u0437\u0440\u043e\u0441\u043b\u044b\u0445 - Mazam O\u00dc | \u041f\u0440\u043e\u0438\u0437\u0432\u043e\u0434\u0441\u0442\u0432\u043e \u0438 \u043f\u0440\u043e\u0434\u0430\u0436\u0430 \u043e\u0431\u043e\u0440\u0443\u0434\u043e\u0432\u0430\u043d\u0438\u044f \u0434\u043b\u044f \u043f\u043e\u0434\u044a\u0435\u043c\u0430 \u0438 \u043a\u0440\u0435\u043f\u043b\u0435\u043d\u0438\u044f \u0433\u0440\u0443\u0437\u043e\u0432 (2014 - 2026) - \u0442\u0430\u043b\u0440\u0435\u043f - \u0433\u0440\u0443\u0437\u043e\u0432\u043e\u0439 \u0440\u0435\u043c\u0435\u043d\u044c - \u0442\u0430\u043a\u0435\u043b\u0430\u0436\u043d\u044b\u0439 \u0440\u0435\u043c\u0435\u043d\u044c - \u0441\u0442\u0430\u043b\u044c\u043d\u043e\u0439 \u043a\u0430\u043d\u0430\u0442 - \u0446\u0435\u043f\u043d\u043e\u0439 \u0442\u0430\u043b\u0440\u0435\u043f - \u043b\u0435\u0431\u0435\u0434\u043a\u0430 - \u043f\u043e\u0434\u044a\u0435\u043c\u043d\u044b\u0439 \u043c\u0430\u0433\u043d\u0438\u0442 \u0438 \u0442.\u0434.","robots":{"index":"index","follow":"follow","max-snippet":"max-snippet:-1","max-image-preview":"max-image-preview:large","max-video-preview":"max-video-preview:-1"},"canonical":"https:\/\/www.mazam.eu\/ru\/produkty\/\u0432\u0435\u0440\u0435\u0432\u043e\u0447\u043d\u0430\u044f-\u043b\u044b\u0436\u043d\u0430\u044f-\u0442\u0440\u0430\u0441\u0441\u0430-\u043f\u0430\u0440\u043a-\u043f\u0440\u0438\u043a\u043b\u044e\/\u043a\u0440\u043e\u043d\u0448\u0442\u0435\u0439\u043d\u044b-\u0431\u0435\u0437\u043e\u043f\u0430\u0441\u043d\u043e\u0441\u0442\u0438-\u0434\u043b\u044f-\u0430\u0438\u0441\u0442\u0430\/","og_locale":"ru_RU","og_type":"article","og_title":"Turvatraksid t\u00e4iskasvanule - Mazam O&Uuml; | T&otilde;ste- ja koormakinnitusvahendite tootmine ja m&uuml;&uuml;k (2014 - 2026) - linttropp &bull; koormarihm &bull; ringt&otilde;stev&ouml;&ouml; &bull; terastross &bull; kett-tropp &bull; vints &bull; t&otilde;stemagnet jpm.","og_description":"3&nbsp;287 vaatamistVajuta pildile, et toodet suuremalt n\u00e4ha.. Universaalsuurus Kiirkinnituspandlad Pehmendusega jala-aasad \u00dcks aas varustuse riputamiseks Kaal: 402g","og_url":"https:\/\/www.mazam.eu\/ru\/produkty\/\u0432\u0435\u0440\u0435\u0432\u043e\u0447\u043d\u0430\u044f-\u043b\u044b\u0436\u043d\u0430\u044f-\u0442\u0440\u0430\u0441\u0441\u0430-\u043f\u0430\u0440\u043a-\u043f\u0440\u0438\u043a\u043b\u044e\/\u043a\u0440\u043e\u043d\u0448\u0442\u0435\u0439\u043d\u044b-\u0431\u0435\u0437\u043e\u043f\u0430\u0441\u043d\u043e\u0441\u0442\u0438-\u0434\u043b\u044f-\u0430\u0438\u0441\u0442\u0430\/","og_site_name":"Mazam O&Uuml; | T&otilde;ste- ja koormakinnitusvahendite tootmine ja m&uuml;&uuml;k (2014 - 2026) - linttropp &bull; koormarihm &bull; ringt&otilde;stev&ouml;&ouml; &bull; terastross &bull; kett-tropp &bull; vints &bull; t&otilde;stemagnet jpm.","article_modified_time":"2022-06-27T08:40:31+00:00","og_image":[{"url":"https:\/\/www.mazam.eu\/wp-content\/uploads\/2022\/06\/turvatraksid-taiskasvanule-avatar.jpg","type":"","width":"","height":""}],"twitter_card":"summary_large_image","twitter_misc":{"\u041f\u0440\u0438\u043c\u0435\u0440\u043d\u043e\u0435 \u0432\u0440\u0435\u043c\u044f \u0434\u043b\u044f \u0447\u0442\u0435\u043d\u0438\u044f":"1 \u043c\u0438\u043d\u0443\u0442\u0430"},"schema":{"@context":"https:\/\/schema.org","@graph":[{"@type":"WebPage","@id":"https:\/\/www.mazam.eu\/tooted\/trosslaskumise-rada-koduaia-seikluspark-trosstee-ahvirada\/turvatraksid-taiskasvanule\/","url":"https:\/\/www.mazam.eu\/tooted\/trosslaskumise-rada-koduaia-seikluspark-trosstee-ahvirada\/turvatraksid-taiskasvanule\/","name":"\u0421\u0442\u0440\u0430\u0445\u043e\u0432\u043e\u0447\u043d\u044b\u0435 \u0441\u043a\u043e\u0431\u044b \u0434\u043b\u044f \u0432\u0437\u0440\u043e\u0441\u043b\u044b\u0445 - Mazam O\u00dc | \u041f\u0440\u043e\u0438\u0437\u0432\u043e\u0434\u0441\u0442\u0432\u043e \u0438 \u043f\u0440\u043e\u0434\u0430\u0436\u0430 \u043e\u0431\u043e\u0440\u0443\u0434\u043e\u0432\u0430\u043d\u0438\u044f \u0434\u043b\u044f \u043f\u043e\u0434\u044a\u0435\u043c\u0430 \u0438 \u043a\u0440\u0435\u043f\u043b\u0435\u043d\u0438\u044f \u0433\u0440\u0443\u0437\u043e\u0432 (2014 - 2026) - \u0442\u0430\u043b\u0440\u0435\u043f - \u0433\u0440\u0443\u0437\u043e\u0432\u043e\u0439 \u0440\u0435\u043c\u0435\u043d\u044c - \u0442\u0430\u043a\u0435\u043b\u0430\u0436\u043d\u044b\u0439 \u0440\u0435\u043c\u0435\u043d\u044c - \u0441\u0442\u0430\u043b\u044c\u043d\u043e\u0439 \u043a\u0430\u043d\u0430\u0442 - \u0446\u0435\u043f\u043d\u043e\u0439 \u0442\u0430\u043b\u0440\u0435\u043f - \u043b\u0435\u0431\u0435\u0434\u043a\u0430 - \u043f\u043e\u0434\u044a\u0435\u043c\u043d\u044b\u0439 \u043c\u0430\u0433\u043d\u0438\u0442 \u0438 \u0442.\u0434.","isPartOf":{"@id":"https:\/\/www.mazam.eu\/#website"},"primaryImageOfPage":{"@id":"https:\/\/www.mazam.eu\/tooted\/trosslaskumise-rada-koduaia-seikluspark-trosstee-ahvirada\/turvatraksid-taiskasvanule\/#primaryimage"},"image":{"@id":"https:\/\/www.mazam.eu\/tooted\/trosslaskumise-rada-koduaia-seikluspark-trosstee-ahvirada\/turvatraksid-taiskasvanule\/#primaryimage"},"thumbnailUrl":"https:\/\/www.mazam.eu\/wp-content\/uploads\/2022\/06\/turvatraksid-taiskasvanule-avatar.jpg","datePublished":"2019-08-03T09:21:38+00:00","dateModified":"2022-06-27T08:40:31+00:00","breadcrumb":{"@id":"https:\/\/www.mazam.eu\/tooted\/trosslaskumise-rada-koduaia-seikluspark-trosstee-ahvirada\/turvatraksid-taiskasvanule\/#breadcrumb"},"inLanguage":"ru-RU","potentialAction":[{"@type":"ReadAction","target":["https:\/\/www.mazam.eu\/tooted\/trosslaskumise-rada-koduaia-seikluspark-trosstee-ahvirada\/turvatraksid-taiskasvanule\/"]}]},{"@type":"ImageObject","inLanguage":"ru-RU","@id":"https:\/\/www.mazam.eu\/tooted\/trosslaskumise-rada-koduaia-seikluspark-trosstee-ahvirada\/turvatraksid-taiskasvanule\/#primaryimage","url":"https:\/\/www.mazam.eu\/wp-content\/uploads\/2022\/06\/turvatraksid-taiskasvanule-avatar.jpg","contentUrl":"https:\/\/www.mazam.eu\/wp-content\/uploads\/2022\/06\/turvatraksid-taiskasvanule-avatar.jpg"},{"@type":"BreadcrumbList","@id":"https:\/\/www.mazam.eu\/tooted\/trosslaskumise-rada-koduaia-seikluspark-trosstee-ahvirada\/turvatraksid-taiskasvanule\/#breadcrumb","itemListElement":[{"@type":"ListItem","position":1,"name":"Home","item":"https:\/\/www.mazam.eu\/"},{"@type":"ListItem","position":2,"name":"Tooted","item":"https:\/\/www.mazam.eu\/tooted\/"},{"@type":"ListItem","position":3,"name":"TROSSLASKUMISE RADA | Koduaia seikluspark","item":"https:\/\/www.mazam.eu\/tooted\/trosslaskumise-rada-koduaia-seikluspark-trosstee-ahvirada\/"},{"@type":"ListItem","position":4,"name":"Turvatraksid t\u00e4iskasvanule"}]},{"@type":"WebSite","@id":"https:\/\/www.mazam.eu\/#website","url":"https:\/\/www.mazam.eu\/","name":"Mazam O\u00dc | \u041f\u0440\u043e\u0438\u0437\u0432\u043e\u0434\u0441\u0442\u0432\u043e \u0438 \u043f\u0440\u043e\u0434\u0430\u0436\u0430 \u043f\u043e\u0434\u044a\u0435\u043c\u043d\u043e-\u0442\u0440\u0430\u043d\u0441\u043f\u043e\u0440\u0442\u043d\u043e\u0433\u043e \u043e\u0431\u043e\u0440\u0443\u0434\u043e\u0432\u0430\u043d\u0438\u044f (2014 - 2026) - \u043b\u0438\u043d\u0442\u0440\u0443\u043f\u0430 - \u0433\u0440\u0443\u0437\u043e\u0432\u043e\u0439 \u0440\u0435\u043c\u0435\u043d\u044c - \u0442\u0430\u043b\u0435\u0432\u044b\u0439 \u0440\u0435\u043c\u0435\u043d\u044c - \u0441\u0442\u0430\u043b\u044c\u043d\u043e\u0439 \u043a\u0430\u043d\u0430\u0442 - \u0446\u0435\u043f\u043d\u043e\u0439 \u0442\u0430\u043b\u0440\u0435\u043f - \u043b\u0435\u0431\u0435\u0434\u043a\u0430 - \u043f\u043e\u0434\u044a\u0435\u043c\u043d\u044b\u0439 \u043c\u0430\u0433\u043d\u0438\u0442 \u0438 \u0442.\u0434.","description":"\u0420\u0435\u0448\u0435\u043d\u0438\u044f \u0434\u043b\u044f \u043f\u043e\u0434\u044a\u0435\u043c\u0430 \u0438 \u043a\u0440\u0435\u043f\u043b\u0435\u043d\u0438\u044f | \u0420\u0435\u0448\u0435\u043d\u0438\u044f \u0434\u043b\u044f \u043f\u043e\u0434\u044a\u0435\u043c\u0430 \u0438 \u043a\u0440\u0435\u043f\u043b\u0435\u043d\u0438\u044f","publisher":{"@id":"https:\/\/www.mazam.eu\/#organization"},"potentialAction":[{"@type":"SearchAction","target":{"@type":"EntryPoint","urlTemplate":"https:\/\/www.mazam.eu\/?s={search_term_string}"},"query-input":{"@type":"PropertyValueSpecification","valueRequired":true,"valueName":"search_term_string"}}],"inLanguage":"ru-RU"},{"@type":"Organization","@id":"https:\/\/www.mazam.eu\/#organization","name":"Mazam O\u00dc","url":"https:\/\/www.mazam.eu\/","logo":{"@type":"ImageObject","inLanguage":"ru-RU","@id":"https:\/\/www.mazam.eu\/#\/schema\/logo\/image\/","url":"https:\/\/www.mazam.eu\/wp-content\/uploads\/2015\/10\/mazam-logo-linttropp-koormarihm-t\u00f5stev\u00f6\u00f6.png","contentUrl":"https:\/\/www.mazam.eu\/wp-content\/uploads\/2015\/10\/mazam-logo-linttropp-koormarihm-t\u00f5stev\u00f6\u00f6.png","width":190,"height":70,"caption":"Mazam O\u00dc"},"image":{"@id":"https:\/\/www.mazam.eu\/#\/schema\/logo\/image\/"}}]}},"_links":{"self":[{"href":"https:\/\/www.mazam.eu\/ru\/wp-json\/wp\/v2\/pages\/4181","targetHints":{"allow":["GET"]}}],"collection":[{"href":"https:\/\/www.mazam.eu\/ru\/wp-json\/wp\/v2\/pages"}],"about":[{"href":"https:\/\/www.mazam.eu\/ru\/wp-json\/wp\/v2\/types\/page"}],"author":[{"embeddable":true,"href":"https:\/\/www.mazam.eu\/ru\/wp-json\/wp\/v2\/users\/1"}],"replies":[{"embeddable":true,"href":"https:\/\/www.mazam.eu\/ru\/wp-json\/wp\/v2\/comments?post=4181"}],"version-history":[{"count":3,"href":"https:\/\/www.mazam.eu\/ru\/wp-json\/wp\/v2\/pages\/4181\/revisions"}],"predecessor-version":[{"id":7271,"href":"https:\/\/www.mazam.eu\/ru\/wp-json\/wp\/v2\/pages\/4181\/revisions\/7271"}],"up":[{"embeddable":true,"href":"https:\/\/www.mazam.eu\/ru\/wp-json\/wp\/v2\/pages\/3940"}],"wp:attachment":[{"href":"https:\/\/www.mazam.eu\/ru\/wp-json\/wp\/v2\/media?parent=4181"}],"curies":[{"name":"wp","href":"https:\/\/api.w.org\/{rel}","templated":true}]}}