{"id":4342,"date":"2019-10-22T14:45:21","date_gmt":"2019-10-22T14:45:21","guid":{"rendered":"https:\/\/www.mazam.eu\/?page_id=4342"},"modified":"2026-04-28T10:58:22","modified_gmt":"2026-04-28T10:58:22","slug":"%d0%bc%d0%be%d1%80%d1%81%d0%ba%d0%b8%d0%b5-%d0%bf%d0%be%d1%81%d1%82%d0%b0%d0%b2%d0%ba%d0%b8-%d0%ba%d0%be%d0%bd%d1%82%d0%b5%d0%b9%d0%bd%d0%b5%d1%80%d0%bd%d1%8b%d0%b5-%d0%bf%d0%be%d1%81%d1%82%d0%b0","status":"publish","type":"page","link":"https:\/\/www.mazam.eu\/ru\/tooted\/meretarvikud-konteineritarvikud\/","title":{"rendered":"\u041c\u043e\u0440\u0441\u043a\u0438\u0435 \u043f\u0440\u0438\u043d\u0430\u0434\u043b\u0435\u0436\u043d\u043e\u0441\u0442\u0438 \u041a\u043e\u043d\u0442\u0435\u0439\u043d\u0435\u0440\u043d\u044b\u0435 \u043f\u0440\u0438\u043d\u0430\u0434\u043b\u0435\u0436\u043d\u043e\u0441\u0442\u0438"},"content":{"rendered":"<div class='epvc-post-count'><span class='epvc-eye'><\/span>  <span class=\"epvc-count\"> 3&nbsp;512<\/span><span class='epvc-label'> \u043f\u0440\u043e\u0441\u043c\u043e\u0442\u0440<\/span><\/div><p><span style=\"color: #ffffff;\">\u043c\u043e\u0440\u0441\u043a\u0438\u0435 \u043f\u043e\u0441\u0442\u0430\u0432\u043a\u0438 \u043a\u043e\u043d\u0442\u0435\u0439\u043d\u0435\u0440\u043d\u044b\u0435 \u043f\u043e\u0441\u0442\u0430\u0432\u043a\u0438<\/span><b><\/b><em><b><br \/>\n\u041d\u0430\u0436\u043c\u0438\u0442\u0435 \u043d\u0430 \u0438\u0437\u043e\u0431\u0440\u0430\u0436\u0435\u043d\u0438\u0435, \u0447\u0442\u043e\u0431\u044b \u0443\u0432\u0438\u0434\u0435\u0442\u044c \u0431\u043e\u043b\u044c\u0448\u0435 \u0438\u043d\u0444\u043e\u0440\u043c\u0430\u0446\u0438\u0438.<\/b><\/em><\/p>\n<table style=\"width: 100%; border-collapse: collapse; border-style: hidden;\">\n<tbody>\n<tr>\n<td style=\"width: 33.3333%; text-align: center;\">\n<p><figure id=\"attachment_4343\" aria-describedby=\"caption-attachment-4343\" style=\"width: 200px\" class=\"wp-caption aligncenter\"><a href=\"https:\/\/www.mazam.eu\/ru\/produkty\/%d1%86%d0%b5%d0%bf%d1%8c-%d1%81-%d0%b3%d1%80%d1%83%d0%b7%d0%be%d0%bc-%d1%86%d0%b5%d0%bf%d1%8c-%d1%81-%d0%b3%d1%80%d1%83%d0%b7%d0%be%d0%bc\/\"><img loading=\"lazy\" decoding=\"async\" class=\"wp-image-4343 size-full\" src=\"https:\/\/www.mazam.eu\/wp-content\/uploads\/2019\/10\/ro-ro-kett-c-konksudega-lashing-chain-with-c-hooks.png\" alt=\"\u0413\u0440\u0443\u0437\u043e\u0432\u0430\u044f \u0446\u0435\u043f\u044c \u0440\u043e-\u0440\u043e\" width=\"200\" height=\"150\" data-id=\"4343\" \/><\/a><figcaption id=\"caption-attachment-4343\" class=\"wp-caption-text\">\u0413\u0440\u0443\u0437\u043e\u0432\u0430\u044f \u0446\u0435\u043f\u044c Ro-Ro \/ \u0441\u0446\u0435\u043f\u043d\u0430\u044f \u0446\u0435\u043f\u044c<\/figcaption><\/figure><\/td>\n<td style=\"width: 33.3333%; text-align: center;\">\n<p><figure id=\"attachment_4400\" aria-describedby=\"caption-attachment-4400\" style=\"width: 200px\" class=\"wp-caption aligncenter\"><a href=\"https:\/\/www.mazam.eu\/ru\/produkty\/%d1%80%d0%be-%d1%80%d0%be-%d0%ba%d0%b0%d0%bd%d0%b3%d0%bf%d0%b8%d0%bd%d0%b3%d1%83%d1%82%d0%b8\/\"><img loading=\"lazy\" decoding=\"async\" class=\"wp-image-4400 size-full\" src=\"https:\/\/www.mazam.eu\/wp-content\/uploads\/2019\/11\/hoob-pinguti-hoobpinguti-tension-lever-with-hook-and-chain.png\" alt=\"\u0420\u043e-\u0440\u043e \u0442\u043a\u0430\u0446\u043a\u0438\u0439 \u0441\u0442\u0430\u043d\u043e\u043a\" width=\"200\" height=\"150\" data-id=\"4400\" \/><\/a><figcaption id=\"caption-attachment-4400\" class=\"wp-caption-text\">\u0420\u043e-\u0440\u043e \u0442\u043a\u0430\u0446\u043a\u0438\u0439 \u0441\u0442\u0430\u043d\u043e\u043a<\/figcaption><\/figure><\/td>\n<td style=\"width: 33.3333%; text-align: center;\">\n<p><figure id=\"attachment_4345\" aria-describedby=\"caption-attachment-4345\" style=\"width: 200px\" class=\"wp-caption aligncenter\"><a href=\"https:\/\/www.mazam.eu\/ru\/produkty\/%d0%bf%d1%80%d0%b8%d0%b2%d0%b0%d1%80%d0%b8%d0%b2%d0%b0%d0%b5%d0%bc%d1%8b%d0%b9-%d0%ba%d1%80%d0%b5%d0%bf%d0%b5%d0%b6%d0%bd%d1%8b%d0%b9-%d0%bd%d0%b0%d0%ba%d0%be%d0%bd%d0%b5%d1%87%d0%bd%d0%b8%d0%ba\/\"><img loading=\"lazy\" decoding=\"async\" class=\"wp-image-4345 size-full\" src=\"https:\/\/www.mazam.eu\/wp-content\/uploads\/2019\/10\/kinnitusaas-keevitatav-d-ring-weldable-d-ring.png\" alt=\"\u041f\u0440\u0438\u0432\u0430\u0440\u0438\u0432\u0430\u0435\u043c\u044b\u0439 \u043a\u0440\u0435\u043f\u0435\u0436\u043d\u044b\u0439 \u043d\u0430\u043a\u043e\u043d\u0435\u0447\u043d\u0438\u043a\" width=\"200\" height=\"150\" data-id=\"4345\" \/><\/a><figcaption id=\"caption-attachment-4345\" class=\"wp-caption-text\">\u041f\u0440\u0438\u0432\u0430\u0440\u0438\u0432\u0430\u0435\u043c\u044b\u0439 \u043a\u0440\u0435\u043f\u0435\u0436\u043d\u044b\u0439 \u043d\u0430\u043a\u043e\u043d\u0435\u0447\u043d\u0438\u043a<\/figcaption><\/figure><\/td>\n<\/tr>\n<tr>\n<td style=\"width: 33.3333%; text-align: center;\">\n<p><figure id=\"attachment_4346\" aria-describedby=\"caption-attachment-4346\" style=\"width: 200px\" class=\"wp-caption aligncenter\"><a href=\"https:\/\/www.mazam.eu\/ru\/produkty\/%d1%83%d0%b3%d0%be%d0%bb%d0%be%d0%ba-%d0%b4%d0%bb%d1%8f-%d0%ba%d0%be%d0%bd%d1%82%d0%b5%d0%b9%d0%bd%d0%b5%d1%80%d0%be%d0%b2-iso-1161-%d1%81-%d0%b2%d0%be%d0%b7%d0%bc%d0%be%d0%b6%d0%bd%d0%be%d1%81%d1%82\/\"><img loading=\"lazy\" decoding=\"async\" class=\"wp-image-4346 size-full\" src=\"https:\/\/www.mazam.eu\/wp-content\/uploads\/2019\/10\/konteineri-nurk-iso-container-fitting-corner-casting.png\" alt=\"\u0423\u0433\u043e\u043b\u043e\u043a \u0434\u043b\u044f \u043a\u043e\u043d\u0442\u0435\u0439\u043d\u0435\u0440\u043e\u0432 ISO 1161 \u0441 \u0432\u043e\u0437\u043c\u043e\u0436\u043d\u043e\u0441\u0442\u044c\u044e \u0441\u0432\u0430\u0440\u043a\u0438\" width=\"200\" height=\"150\" data-id=\"4346\" \/><\/a><figcaption id=\"caption-attachment-4346\" class=\"wp-caption-text\">\u0423\u0433\u043e\u043b\u043e\u043a \u0434\u043b\u044f \u043a\u043e\u043d\u0442\u0435\u0439\u043d\u0435\u0440\u043e\u0432 ISO 1161 \u0441 \u0432\u043e\u0437\u043c\u043e\u0436\u043d\u043e\u0441\u0442\u044c\u044e \u0441\u0432\u0430\u0440\u043a\u0438<\/figcaption><\/figure><\/td>\n<td style=\"width: 33.3333%; text-align: center;\">\n<p><figure id=\"attachment_4347\" aria-describedby=\"caption-attachment-4347\" style=\"width: 200px\" class=\"wp-caption aligncenter\"><a href=\"https:\/\/www.mazam.eu\/ru\/produkty\/%d0%ba%d0%be%d0%bd%d1%82%d0%b5%d0%b9%d0%bd%d0%b5%d1%80%d0%bd%d1%8b%d0%b9-%d1%82%d1%83%d1%80%d0%bd%d0%b8%d0%ba%d0%b5%d1%82\/\"><img loading=\"lazy\" decoding=\"async\" class=\"wp-image-4347 size-full\" src=\"https:\/\/www.mazam.eu\/wp-content\/uploads\/2019\/10\/konteineri-keerdlukk-marine-twistlock-left.png\" alt=\"\u041a\u043e\u043d\u0442\u0435\u0439\u043d\u0435\u0440\u043d\u044b\u0439 \u0442\u0443\u0440\u043d\u0438\u043a\u0435\u0442\" width=\"200\" height=\"150\" data-id=\"4347\" \/><\/a><figcaption id=\"caption-attachment-4347\" class=\"wp-caption-text\">\u041a\u043e\u043d\u0442\u0435\u0439\u043d\u0435\u0440\u043d\u044b\u0439 \u0442\u0443\u0440\u043d\u0438\u043a\u0435\u0442<\/figcaption><\/figure><\/td>\n<td style=\"width: 33.3333%; text-align: center;\">\n<p><figure id=\"attachment_4348\" aria-describedby=\"caption-attachment-4348\" style=\"width: 200px\" class=\"wp-caption aligncenter\"><a href=\"https:\/\/www.mazam.eu\/ru\/produkty\/%d0%bc%d0%be%d1%81%d1%82%d0%be%d0%b2%d0%be%d0%b9-%d0%b7%d0%b0%d0%b6%d0%b8%d0%bc-%d0%b4%d0%bb%d1%8f-%d0%ba%d0%be%d0%bd%d1%82%d0%b5%d0%b9%d0%bd%d0%b5%d1%80%d0%b0\/\"><img loading=\"lazy\" decoding=\"async\" class=\"wp-image-4348 size-full\" src=\"https:\/\/www.mazam.eu\/wp-content\/uploads\/2019\/10\/konteinerisilla-klamber-container-bridge-clamp.png\" alt=\"\u041a\u043e\u043d\u0442\u0435\u0439\u043d\u0435\u0440\u043d\u044b\u0439 \u0437\u0430\u0436\u0438\u043c\" width=\"200\" height=\"150\" data-id=\"4348\" \/><\/a><figcaption id=\"caption-attachment-4348\" class=\"wp-caption-text\">\u041c\u043e\u0441\u0442\u043e\u0432\u043e\u0439 \u0437\u0430\u0436\u0438\u043c \u0434\u043b\u044f \u043a\u043e\u043d\u0442\u0435\u0439\u043d\u0435\u0440\u043e\u0432<\/figcaption><\/figure><\/td>\n<\/tr>\n<\/tbody>\n<\/table>\n<p>&nbsp;<\/p>","protected":false},"excerpt":{"rendered":"<p>3&nbsp;512 vaatamistmeretarvikud konteineritarvikud Vajuta pildile, et n\u00e4ha rohkem infot.. &nbsp;<\/p>","protected":false},"author":1,"featured_media":0,"parent":5,"menu_order":0,"comment_status":"closed","ping_status":"closed","template":"","meta":{"_uf_show_specific_survey":0,"_uf_disable_surveys":false,"iawp_total_views":181,"footnotes":""},"class_list":["post-4342","page","type-page","status-publish","hentry"],"yoast_head":"<!-- This site is optimized with the Yoast SEO plugin v27.5 - https:\/\/yoast.com\/product\/yoast-seo-wordpress\/ -->\n<title>Meretarvikud konteineritarvikud - Mazam O\u00dc - tootmine ja m\u00fc\u00fck<\/title>\n<meta name=\"description\" content=\"Meretarvikud konteineritarvikud\" \/>\n<meta name=\"robots\" content=\"index, follow, max-snippet:-1, max-image-preview:large, max-video-preview:-1\" \/>\n<link rel=\"canonical\" href=\"https:\/\/www.mazam.eu\/ru\/produkty\/\u043c\u043e\u0440\u0441\u043a\u0438\u0435-\u043f\u043e\u0441\u0442\u0430\u0432\u043a\u0438-\u043a\u043e\u043d\u0442\u0435\u0439\u043d\u0435\u0440\u043d\u044b\u0435-\u043f\u043e\u0441\u0442\u0430\/\" \/>\n<meta property=\"og:locale\" content=\"ru_RU\" \/>\n<meta property=\"og:type\" content=\"article\" \/>\n<meta property=\"og:title\" content=\"Meretarvikud konteineritarvikud - Mazam O\u00dc - tootmine ja m\u00fc\u00fck\" \/>\n<meta property=\"og:description\" content=\"Meretarvikud konteineritarvikud\" \/>\n<meta property=\"og:url\" content=\"https:\/\/www.mazam.eu\/ru\/produkty\/\u043c\u043e\u0440\u0441\u043a\u0438\u0435-\u043f\u043e\u0441\u0442\u0430\u0432\u043a\u0438-\u043a\u043e\u043d\u0442\u0435\u0439\u043d\u0435\u0440\u043d\u044b\u0435-\u043f\u043e\u0441\u0442\u0430\/\" \/>\n<meta property=\"og:site_name\" content=\"Mazam O&Uuml; | T&otilde;ste- ja koormakinnitusvahendite tootmine ja m&uuml;&uuml;k (2014 - 2026) - linttropp &bull; koormarihm &bull; ringt&otilde;stev&ouml;&ouml; &bull; terastross &bull; kett-tropp &bull; vints &bull; t&otilde;stemagnet jpm.\" \/>\n<meta property=\"article:modified_time\" content=\"2026-04-28T10:58:22+00:00\" \/>\n<meta property=\"og:image\" content=\"https:\/\/www.mazam.eu\/wp-content\/uploads\/2019\/10\/ro-ro-kett-c-konksudega-lashing-chain-with-c-hooks.png\" \/>\n\t<meta property=\"og:image:width\" content=\"200\" \/>\n\t<meta property=\"og:image:height\" content=\"150\" \/>\n\t<meta property=\"og:image:type\" content=\"image\/png\" \/>\n<meta name=\"twitter:card\" content=\"summary_large_image\" \/>\n<meta name=\"twitter:label1\" content=\"\u041f\u0440\u0438\u043c\u0435\u0440\u043d\u043e\u0435 \u0432\u0440\u0435\u043c\u044f \u0434\u043b\u044f \u0447\u0442\u0435\u043d\u0438\u044f\" \/>\n\t<meta name=\"twitter:data1\" content=\"2 \u043c\u0438\u043d\u0443\u0442\u044b\" \/>\n<script type=\"application\/ld+json\" class=\"yoast-schema-graph\">{\"@context\":\"https:\\\/\\\/schema.org\",\"@graph\":[{\"@type\":\"WebPage\",\"@id\":\"https:\\\/\\\/www.mazam.eu\\\/tooted\\\/meretarvikud-konteineritarvikud\\\/\",\"url\":\"https:\\\/\\\/www.mazam.eu\\\/tooted\\\/meretarvikud-konteineritarvikud\\\/\",\"name\":\"Meretarvikud konteineritarvikud - Mazam O\u00dc - tootmine ja m\u00fc\u00fck\",\"isPartOf\":{\"@id\":\"https:\\\/\\\/www.mazam.eu\\\/#website\"},\"primaryImageOfPage\":{\"@id\":\"https:\\\/\\\/www.mazam.eu\\\/tooted\\\/meretarvikud-konteineritarvikud\\\/#primaryimage\"},\"image\":{\"@id\":\"https:\\\/\\\/www.mazam.eu\\\/tooted\\\/meretarvikud-konteineritarvikud\\\/#primaryimage\"},\"thumbnailUrl\":\"https:\\\/\\\/www.mazam.eu\\\/wp-content\\\/uploads\\\/2019\\\/10\\\/ro-ro-kett-c-konksudega-lashing-chain-with-c-hooks.png\",\"datePublished\":\"2019-10-22T14:45:21+00:00\",\"dateModified\":\"2026-04-28T10:58:22+00:00\",\"description\":\"Meretarvikud konteineritarvikud\",\"breadcrumb\":{\"@id\":\"https:\\\/\\\/www.mazam.eu\\\/tooted\\\/meretarvikud-konteineritarvikud\\\/#breadcrumb\"},\"inLanguage\":\"ru-RU\",\"potentialAction\":[{\"@type\":\"ReadAction\",\"target\":[\"https:\\\/\\\/www.mazam.eu\\\/tooted\\\/meretarvikud-konteineritarvikud\\\/\"]}]},{\"@type\":\"ImageObject\",\"inLanguage\":\"ru-RU\",\"@id\":\"https:\\\/\\\/www.mazam.eu\\\/tooted\\\/meretarvikud-konteineritarvikud\\\/#primaryimage\",\"url\":\"https:\\\/\\\/www.mazam.eu\\\/wp-content\\\/uploads\\\/2019\\\/10\\\/ro-ro-kett-c-konksudega-lashing-chain-with-c-hooks.png\",\"contentUrl\":\"https:\\\/\\\/www.mazam.eu\\\/wp-content\\\/uploads\\\/2019\\\/10\\\/ro-ro-kett-c-konksudega-lashing-chain-with-c-hooks.png\"},{\"@type\":\"BreadcrumbList\",\"@id\":\"https:\\\/\\\/www.mazam.eu\\\/tooted\\\/meretarvikud-konteineritarvikud\\\/#breadcrumb\",\"itemListElement\":[{\"@type\":\"ListItem\",\"position\":1,\"name\":\"Home\",\"item\":\"https:\\\/\\\/www.mazam.eu\\\/\"},{\"@type\":\"ListItem\",\"position\":2,\"name\":\"Tooted\",\"item\":\"https:\\\/\\\/www.mazam.eu\\\/tooted\\\/\"},{\"@type\":\"ListItem\",\"position\":3,\"name\":\"Meretarvikud konteineritarvikud\"}]},{\"@type\":\"WebSite\",\"@id\":\"https:\\\/\\\/www.mazam.eu\\\/#website\",\"url\":\"https:\\\/\\\/www.mazam.eu\\\/\",\"name\":\"Mazam O&Uuml; | T&otilde;ste- ja koormakinnitusvahendite tootmine ja m&uuml;&uuml;k (2014 - 2026) - linttropp &bull; koormarihm &bull; ringt&otilde;stev&ouml;&ouml; &bull; terastross &bull; kett-tropp &bull; vints &bull; t&otilde;stemagnet jpm.\",\"description\":\"T&otilde;ste- ja kinnituslahendused | Lifting- and lashing solutions\",\"publisher\":{\"@id\":\"https:\\\/\\\/www.mazam.eu\\\/#organization\"},\"potentialAction\":[{\"@type\":\"SearchAction\",\"target\":{\"@type\":\"EntryPoint\",\"urlTemplate\":\"https:\\\/\\\/www.mazam.eu\\\/?s={search_term_string}\"},\"query-input\":{\"@type\":\"PropertyValueSpecification\",\"valueRequired\":true,\"valueName\":\"search_term_string\"}}],\"inLanguage\":\"ru-RU\"},{\"@type\":\"Organization\",\"@id\":\"https:\\\/\\\/www.mazam.eu\\\/#organization\",\"name\":\"Mazam O\u00dc\",\"url\":\"https:\\\/\\\/www.mazam.eu\\\/\",\"logo\":{\"@type\":\"ImageObject\",\"inLanguage\":\"ru-RU\",\"@id\":\"https:\\\/\\\/www.mazam.eu\\\/#\\\/schema\\\/logo\\\/image\\\/\",\"url\":\"https:\\\/\\\/www.mazam.eu\\\/wp-content\\\/uploads\\\/2015\\\/10\\\/mazam-logo-linttropp-koormarihm-t\u00f5stev\u00f6\u00f6.png\",\"contentUrl\":\"https:\\\/\\\/www.mazam.eu\\\/wp-content\\\/uploads\\\/2015\\\/10\\\/mazam-logo-linttropp-koormarihm-t\u00f5stev\u00f6\u00f6.png\",\"width\":190,\"height\":70,\"caption\":\"Mazam O\u00dc\"},\"image\":{\"@id\":\"https:\\\/\\\/www.mazam.eu\\\/#\\\/schema\\\/logo\\\/image\\\/\"}}]}<\/script>\n<!-- \/ Yoast SEO plugin. -->","yoast_head_json":{"title":"\u041c\u043e\u0440\u0441\u043a\u0438\u0435 \u043f\u0440\u0438\u043f\u0430\u0441\u044b \u0434\u043b\u044f \u043a\u043e\u043d\u0442\u0435\u0439\u043d\u0435\u0440\u043e\u0432 - Mazam O\u00dc - \u041f\u0440\u043e\u0438\u0437\u0432\u043e\u0434\u0441\u0442\u0432\u043e \u0438 \u043f\u0440\u043e\u0434\u0430\u0436\u0430","description":"\u041c\u043e\u0440\u0441\u043a\u0438\u0435 \u043f\u0440\u0438\u043d\u0430\u0434\u043b\u0435\u0436\u043d\u043e\u0441\u0442\u0438 \u041a\u043e\u043d\u0442\u0435\u0439\u043d\u0435\u0440\u043d\u044b\u0435 \u043f\u0440\u0438\u043d\u0430\u0434\u043b\u0435\u0436\u043d\u043e\u0441\u0442\u0438","robots":{"index":"index","follow":"follow","max-snippet":"max-snippet:-1","max-image-preview":"max-image-preview:large","max-video-preview":"max-video-preview:-1"},"canonical":"https:\/\/www.mazam.eu\/ru\/produkty\/\u043c\u043e\u0440\u0441\u043a\u0438\u0435-\u043f\u043e\u0441\u0442\u0430\u0432\u043a\u0438-\u043a\u043e\u043d\u0442\u0435\u0439\u043d\u0435\u0440\u043d\u044b\u0435-\u043f\u043e\u0441\u0442\u0430\/","og_locale":"ru_RU","og_type":"article","og_title":"Meretarvikud konteineritarvikud - Mazam O\u00dc - tootmine ja m\u00fc\u00fck","og_description":"Meretarvikud konteineritarvikud","og_url":"https:\/\/www.mazam.eu\/ru\/produkty\/\u043c\u043e\u0440\u0441\u043a\u0438\u0435-\u043f\u043e\u0441\u0442\u0430\u0432\u043a\u0438-\u043a\u043e\u043d\u0442\u0435\u0439\u043d\u0435\u0440\u043d\u044b\u0435-\u043f\u043e\u0441\u0442\u0430\/","og_site_name":"Mazam O&Uuml; | T&otilde;ste- ja koormakinnitusvahendite tootmine ja m&uuml;&uuml;k (2014 - 2026) - linttropp &bull; koormarihm &bull; ringt&otilde;stev&ouml;&ouml; &bull; terastross &bull; kett-tropp &bull; vints &bull; t&otilde;stemagnet jpm.","article_modified_time":"2026-04-28T10:58:22+00:00","og_image":[{"width":200,"height":150,"url":"https:\/\/www.mazam.eu\/wp-content\/uploads\/2019\/10\/ro-ro-kett-c-konksudega-lashing-chain-with-c-hooks.png","type":"image\/png"}],"twitter_card":"summary_large_image","twitter_misc":{"\u041f\u0440\u0438\u043c\u0435\u0440\u043d\u043e\u0435 \u0432\u0440\u0435\u043c\u044f \u0434\u043b\u044f \u0447\u0442\u0435\u043d\u0438\u044f":"2 \u043c\u0438\u043d\u0443\u0442\u044b"},"schema":{"@context":"https:\/\/schema.org","@graph":[{"@type":"WebPage","@id":"https:\/\/www.mazam.eu\/tooted\/meretarvikud-konteineritarvikud\/","url":"https:\/\/www.mazam.eu\/tooted\/meretarvikud-konteineritarvikud\/","name":"\u041c\u043e\u0440\u0441\u043a\u0438\u0435 \u043f\u0440\u0438\u043f\u0430\u0441\u044b \u0434\u043b\u044f \u043a\u043e\u043d\u0442\u0435\u0439\u043d\u0435\u0440\u043e\u0432 - Mazam O\u00dc - \u041f\u0440\u043e\u0438\u0437\u0432\u043e\u0434\u0441\u0442\u0432\u043e \u0438 \u043f\u0440\u043e\u0434\u0430\u0436\u0430","isPartOf":{"@id":"https:\/\/www.mazam.eu\/#website"},"primaryImageOfPage":{"@id":"https:\/\/www.mazam.eu\/tooted\/meretarvikud-konteineritarvikud\/#primaryimage"},"image":{"@id":"https:\/\/www.mazam.eu\/tooted\/meretarvikud-konteineritarvikud\/#primaryimage"},"thumbnailUrl":"https:\/\/www.mazam.eu\/wp-content\/uploads\/2019\/10\/ro-ro-kett-c-konksudega-lashing-chain-with-c-hooks.png","datePublished":"2019-10-22T14:45:21+00:00","dateModified":"2026-04-28T10:58:22+00:00","description":"\u041c\u043e\u0440\u0441\u043a\u0438\u0435 \u043f\u0440\u0438\u043d\u0430\u0434\u043b\u0435\u0436\u043d\u043e\u0441\u0442\u0438 \u041a\u043e\u043d\u0442\u0435\u0439\u043d\u0435\u0440\u043d\u044b\u0435 \u043f\u0440\u0438\u043d\u0430\u0434\u043b\u0435\u0436\u043d\u043e\u0441\u0442\u0438","breadcrumb":{"@id":"https:\/\/www.mazam.eu\/tooted\/meretarvikud-konteineritarvikud\/#breadcrumb"},"inLanguage":"ru-RU","potentialAction":[{"@type":"ReadAction","target":["https:\/\/www.mazam.eu\/tooted\/meretarvikud-konteineritarvikud\/"]}]},{"@type":"ImageObject","inLanguage":"ru-RU","@id":"https:\/\/www.mazam.eu\/tooted\/meretarvikud-konteineritarvikud\/#primaryimage","url":"https:\/\/www.mazam.eu\/wp-content\/uploads\/2019\/10\/ro-ro-kett-c-konksudega-lashing-chain-with-c-hooks.png","contentUrl":"https:\/\/www.mazam.eu\/wp-content\/uploads\/2019\/10\/ro-ro-kett-c-konksudega-lashing-chain-with-c-hooks.png"},{"@type":"BreadcrumbList","@id":"https:\/\/www.mazam.eu\/tooted\/meretarvikud-konteineritarvikud\/#breadcrumb","itemListElement":[{"@type":"ListItem","position":1,"name":"Home","item":"https:\/\/www.mazam.eu\/"},{"@type":"ListItem","position":2,"name":"Tooted","item":"https:\/\/www.mazam.eu\/tooted\/"},{"@type":"ListItem","position":3,"name":"Meretarvikud konteineritarvikud"}]},{"@type":"WebSite","@id":"https:\/\/www.mazam.eu\/#website","url":"https:\/\/www.mazam.eu\/","name":"Mazam O\u00dc | \u041f\u0440\u043e\u0438\u0437\u0432\u043e\u0434\u0441\u0442\u0432\u043e \u0438 \u043f\u0440\u043e\u0434\u0430\u0436\u0430 \u043f\u043e\u0434\u044a\u0435\u043c\u043d\u043e-\u0442\u0440\u0430\u043d\u0441\u043f\u043e\u0440\u0442\u043d\u043e\u0433\u043e \u043e\u0431\u043e\u0440\u0443\u0434\u043e\u0432\u0430\u043d\u0438\u044f (2014 - 2026) - \u043b\u0438\u043d\u0442\u0440\u0443\u043f\u0430 - \u0433\u0440\u0443\u0437\u043e\u0432\u043e\u0439 \u0440\u0435\u043c\u0435\u043d\u044c - \u0442\u0430\u043b\u0435\u0432\u044b\u0439 \u0440\u0435\u043c\u0435\u043d\u044c - \u0441\u0442\u0430\u043b\u044c\u043d\u043e\u0439 \u043a\u0430\u043d\u0430\u0442 - \u0446\u0435\u043f\u043d\u043e\u0439 \u0442\u0430\u043b\u0440\u0435\u043f - \u043b\u0435\u0431\u0435\u0434\u043a\u0430 - \u043f\u043e\u0434\u044a\u0435\u043c\u043d\u044b\u0439 \u043c\u0430\u0433\u043d\u0438\u0442 \u0438 \u0442.\u0434.","description":"\u0420\u0435\u0448\u0435\u043d\u0438\u044f \u0434\u043b\u044f \u043f\u043e\u0434\u044a\u0435\u043c\u0430 \u0438 \u043a\u0440\u0435\u043f\u043b\u0435\u043d\u0438\u044f | \u0420\u0435\u0448\u0435\u043d\u0438\u044f \u0434\u043b\u044f \u043f\u043e\u0434\u044a\u0435\u043c\u0430 \u0438 \u043a\u0440\u0435\u043f\u043b\u0435\u043d\u0438\u044f","publisher":{"@id":"https:\/\/www.mazam.eu\/#organization"},"potentialAction":[{"@type":"SearchAction","target":{"@type":"EntryPoint","urlTemplate":"https:\/\/www.mazam.eu\/?s={search_term_string}"},"query-input":{"@type":"PropertyValueSpecification","valueRequired":true,"valueName":"search_term_string"}}],"inLanguage":"ru-RU"},{"@type":"Organization","@id":"https:\/\/www.mazam.eu\/#organization","name":"Mazam O\u00dc","url":"https:\/\/www.mazam.eu\/","logo":{"@type":"ImageObject","inLanguage":"ru-RU","@id":"https:\/\/www.mazam.eu\/#\/schema\/logo\/image\/","url":"https:\/\/www.mazam.eu\/wp-content\/uploads\/2015\/10\/mazam-logo-linttropp-koormarihm-t\u00f5stev\u00f6\u00f6.png","contentUrl":"https:\/\/www.mazam.eu\/wp-content\/uploads\/2015\/10\/mazam-logo-linttropp-koormarihm-t\u00f5stev\u00f6\u00f6.png","width":190,"height":70,"caption":"Mazam O\u00dc"},"image":{"@id":"https:\/\/www.mazam.eu\/#\/schema\/logo\/image\/"}}]}},"_links":{"self":[{"href":"https:\/\/www.mazam.eu\/ru\/wp-json\/wp\/v2\/pages\/4342","targetHints":{"allow":["GET"]}}],"collection":[{"href":"https:\/\/www.mazam.eu\/ru\/wp-json\/wp\/v2\/pages"}],"about":[{"href":"https:\/\/www.mazam.eu\/ru\/wp-json\/wp\/v2\/types\/page"}],"author":[{"embeddable":true,"href":"https:\/\/www.mazam.eu\/ru\/wp-json\/wp\/v2\/users\/1"}],"replies":[{"embeddable":true,"href":"https:\/\/www.mazam.eu\/ru\/wp-json\/wp\/v2\/comments?post=4342"}],"version-history":[{"count":25,"href":"https:\/\/www.mazam.eu\/ru\/wp-json\/wp\/v2\/pages\/4342\/revisions"}],"predecessor-version":[{"id":12585,"href":"https:\/\/www.mazam.eu\/ru\/wp-json\/wp\/v2\/pages\/4342\/revisions\/12585"}],"up":[{"embeddable":true,"href":"https:\/\/www.mazam.eu\/ru\/wp-json\/wp\/v2\/pages\/5"}],"wp:attachment":[{"href":"https:\/\/www.mazam.eu\/ru\/wp-json\/wp\/v2\/media?parent=4342"}],"curies":[{"name":"wp","href":"https:\/\/api.w.org\/{rel}","templated":true}]}}