{"id":4404,"date":"2019-11-03T16:55:35","date_gmt":"2019-11-03T16:55:35","guid":{"rendered":"https:\/\/www.mazam.eu\/?page_id=4404"},"modified":"2026-04-28T10:56:47","modified_gmt":"2026-04-28T10:56:47","slug":"%d0%bf%d1%80%d0%b8%d0%b2%d0%b0%d1%80%d0%b8%d0%b2%d0%b0%d0%b5%d0%bc%d1%8b%d0%b9-%d0%ba%d1%80%d0%b5%d0%bf%d0%b5%d0%b6%d0%bd%d1%8b%d0%b9-%d0%bd%d0%b0%d0%ba%d0%be%d0%bd%d0%b5%d1%87%d0%bd%d0%b8%d0%ba","status":"publish","type":"page","link":"https:\/\/www.mazam.eu\/ru\/tooted\/kinnitusaas-keevitatav\/","title":{"rendered":"\u041f\u0440\u0438\u0432\u0430\u0440\u0438\u0432\u0430\u0435\u043c\u044b\u0439 \u043a\u0440\u0435\u043f\u0435\u0436\u043d\u044b\u0439 \u043d\u0430\u043a\u043e\u043d\u0435\u0447\u043d\u0438\u043a"},"content":{"rendered":"<div class='epvc-post-count'><span class='epvc-eye'><\/span>  <span class=\"epvc-count\"> 3&nbsp;416<\/span><span class='epvc-label'> \u043f\u0440\u043e\u0441\u043c\u043e\u0442\u0440<\/span><\/div><p><span style=\"color: #ffffff;\">\u041f\u0440\u0438\u0432\u0430\u0440\u0438\u0432\u0430\u0435\u043c\u044b\u0439 \u043a\u0440\u0435\u043f\u0435\u0436\u043d\u044b\u0439 \u043d\u0430\u043a\u043e\u043d\u0435\u0447\u043d\u0438\u043a<\/span><br \/>\n<strong>\u041f\u0440\u0438\u043c\u0435\u043d\u0435\u043d\u0438\u0435 - \u0412 \u043e\u0441\u043d\u043e\u0432\u043d\u043e\u043c \u0434\u043b\u044f \u0441\u0432\u0430\u0440\u043a\u0438 \u043f\u0430\u043b\u0443\u0431\u044b \u043a\u043e\u0440\u0430\u0431\u043b\u044f.<br \/>\n\u042d\u0442\u043e \u0434\u0430\u0435\u0442 \u0432\u043e\u0437\u043c\u043e\u0436\u043d\u043e\u0441\u0442\u044c \u0437\u0430\u043a\u0440\u0435\u043f\u0438\u0442\u044c \u0433\u0440\u0443\u0437\u044b \u0438\u043b\u0438 \u0442\u0435\u0445\u043d\u0438\u043a\u0443. <span style=\"text-decoration: underline;\"><span style=\"color: #0000ff;\"><a style=\"color: #0000ff; text-decoration: underline;\" href=\"https:\/\/www.mazam.eu\/ru\/produkty\/styazhnyye-remni-dlya-krepleniya-gruza\/\" target=\"_blank\" rel=\"noopener\">\u0433\u0440\u0443\u0437\u043e\u0432\u044b\u0435 \u0440\u0435\u043c\u043d\u0438<\/a><\/span><\/span>\u0435 \u0438\u043b\u0438 <span style=\"text-decoration: underline;\"><span style=\"color: #0000ff;\"><a style=\"color: #0000ff; text-decoration: underline;\" href=\"https:\/\/www.mazam.eu\/ru\/produkty\/krepezhnaya-tsep\/\" target=\"_blank\" rel=\"noopener\">\u0433\u0440\u0443\u0437\u043e\u0432\u0430\u044f \u0446\u0435\u043f\u044c<\/a><\/span><\/span>\u043f\u043e.<br \/>\n\u0421 \u0444\u043e\u0441\u0444\u0430\u0442\u0438\u0440\u043e\u0432\u0430\u043d\u043d\u044b\u043c \u043f\u043e\u043a\u0440\u044b\u0442\u0438\u0435\u043c.<br \/>\n\u041f\u0440\u043e\u0434\u0443\u043a\u0446\u0438\u044f \u0438\u043c\u0435\u0435\u0442 \u0441\u0435\u0440\u0442\u0438\u0444\u0438\u043a\u0430\u0442 \u043e\u0434\u043e\u0431\u0440\u0435\u043d\u0438\u044f \u0442\u0438\u043f\u0430.<br \/>\n<\/strong><\/p>\n<figure id=\"attachment_9507\" aria-describedby=\"caption-attachment-9507\" style=\"width: 381px\" class=\"wp-caption alignnone\"><img loading=\"lazy\" decoding=\"async\" class=\"wp-image-9507 size-full\" src=\"https:\/\/www.mazam.eu\/wp-content\/uploads\/2025\/02\/kinnitusaas-keevitatav.jpg\" alt=\"\u041f\u0440\u0438\u0432\u0430\u0440\u0438\u0432\u0430\u0435\u043c\u044b\u0439 \u043a\u0440\u0435\u043f\u0435\u0436\u043d\u044b\u0439 \u043d\u0430\u043a\u043e\u043d\u0435\u0447\u043d\u0438\u043a\" width=\"381\" height=\"150\" data-id=\"9507\" srcset=\"https:\/\/www.mazam.eu\/wp-content\/uploads\/2025\/02\/kinnitusaas-keevitatav.jpg 381w, https:\/\/www.mazam.eu\/wp-content\/uploads\/2025\/02\/kinnitusaas-keevitatav-300x118.jpg 300w\" sizes=\"auto, (max-width: 381px) 100vw, 381px\" \/><figcaption id=\"caption-attachment-9507\" class=\"wp-caption-text\">\u041f\u0440\u0438\u0432\u0430\u0440\u0438\u0432\u0430\u0435\u043c\u044b\u0439 \u043a\u0440\u0435\u043f\u0435\u0436\u043d\u044b\u0439 \u043d\u0430\u043a\u043e\u043d\u0435\u0447\u043d\u0438\u043a<\/figcaption><\/figure>\n<p><span style=\"text-decoration: underline; color: #ff6600;\"><strong>\u0414\u0430\u043d\u043d\u044b\u0435:<\/strong><\/span><\/p>\n<table width=\"420\">\n<tbody>\n<tr>\n<td style=\"text-align: center;\" width=\"164\"><strong>\u0420\u0430\u0431\u043e\u0447\u0430\u044f \u043d\u0430\u0433\u0440\u0443\u0437\u043a\u0430<\/strong><\/td>\n<td style=\"text-align: center;\" width=\"64\">15\u0442<\/td>\n<td style=\"text-align: center;\" width=\"64\">20\u0442<\/td>\n<td style=\"text-align: center;\" width=\"64\">36t<\/td>\n<td style=\"text-align: center;\" width=\"64\">50\u0442<\/td>\n<\/tr>\n<tr>\n<td style=\"text-align: center;\" width=\"164\"><strong>\u0420\u0430\u0437\u0440\u044b\u0432\u043d\u0430\u044f \u043d\u0430\u0433\u0440\u0443\u0437\u043a\u0430<\/strong><\/td>\n<td style=\"text-align: center;\" width=\"64\">150\u043a\u041d<\/td>\n<td style=\"text-align: center;\" width=\"64\">200 \u043a\u041d<\/td>\n<td style=\"text-align: center;\" width=\"64\">360 \u043a\u041d<\/td>\n<td style=\"text-align: center;\" width=\"64\">490 \u043a\u041d<\/td>\n<\/tr>\n<tr>\n<td style=\"text-align: center;\" width=\"164\"><strong>A<\/strong><\/td>\n<td style=\"text-align: center;\" width=\"64\">100\u043c\u043c<\/td>\n<td style=\"text-align: center;\" width=\"64\">116\u043c\u043c<\/td>\n<td style=\"text-align: center;\" width=\"64\">123 \u043c\u043c<\/td>\n<td style=\"text-align: center;\" width=\"64\">133\u043c\u043c<\/td>\n<\/tr>\n<tr>\n<td style=\"text-align: center;\" width=\"164\"><strong>B<\/strong><\/td>\n<td style=\"text-align: center;\" width=\"64\">45\u043c\u043c<\/td>\n<td style=\"text-align: center;\" width=\"64\">65\u043c\u043c<\/td>\n<td style=\"text-align: center;\" width=\"64\">120\u043c\u043c<\/td>\n<td style=\"text-align: center;\" width=\"64\">130\u043c\u043c<\/td>\n<\/tr>\n<tr>\n<td style=\"text-align: center;\" width=\"164\"><strong>C<\/strong><\/td>\n<td style=\"text-align: center;\" width=\"64\">84 \u043c\u043c<\/td>\n<td style=\"text-align: center;\" width=\"64\">116\u043c\u043c<\/td>\n<td style=\"text-align: center;\" width=\"64\">200\u043c\u043c<\/td>\n<td style=\"text-align: center;\" width=\"64\">230\u043c\u043c<\/td>\n<\/tr>\n<tr>\n<td style=\"text-align: center;\" width=\"164\"><strong>D<\/strong><\/td>\n<td style=\"text-align: center;\" width=\"64\">15 \u043c\u043c<\/td>\n<td style=\"text-align: center;\" width=\"64\">18\u043c\u043c<\/td>\n<td style=\"text-align: center;\" width=\"64\">23\u043c\u043c<\/td>\n<td style=\"text-align: center;\" width=\"64\">26\u043c\u043c<\/td>\n<\/tr>\n<tr>\n<td style=\"text-align: center;\" width=\"164\"><strong>E<\/strong><\/td>\n<td style=\"text-align: center;\" width=\"64\">40\u043c\u043c<\/td>\n<td style=\"text-align: center;\" width=\"64\">54\u043c\u043c<\/td>\n<td style=\"text-align: center;\" width=\"64\">76\u043c\u043c<\/td>\n<td style=\"text-align: center;\" width=\"64\">88\u043c\u043c<\/td>\n<\/tr>\n<tr>\n<td style=\"text-align: center;\" width=\"164\"><strong>F<\/strong><\/td>\n<td style=\"text-align: center;\" width=\"64\">32\u043c\u043c<\/td>\n<td style=\"text-align: center;\" width=\"64\">36\u043c\u043c<\/td>\n<td style=\"text-align: center;\" width=\"64\">38\u043c\u043c<\/td>\n<td style=\"text-align: center;\" width=\"64\">46\u043c\u043c<\/td>\n<\/tr>\n<tr>\n<td style=\"text-align: center;\" width=\"164\"><strong>\u0412\u0435\u0441<\/strong><\/td>\n<td style=\"text-align: center;\" width=\"64\">0,6\u043a\u0433<\/td>\n<td style=\"text-align: center;\" width=\"64\">1,3\u043a\u0433<\/td>\n<td style=\"text-align: center;\" width=\"64\">2,65 \u043a\u0433<\/td>\n<td style=\"text-align: center;\" width=\"64\">4,2\u043a\u0433<\/td>\n<\/tr>\n<\/tbody>\n<\/table>\n<p>&nbsp;<\/p>","protected":false},"excerpt":{"rendered":"<p>3&nbsp;416 vaatamistkinnitusaas keevitatav Kasutus &#8211; Peamiselt keevitatakse laevatekile. Nii tekitatakse v\u00f5imalus veoste v\u00f5i masinate kinnitamiseks koormarihmade v\u00f5i koormakettide abil. Fosfaaditud pinnakattega. Toodetel on t\u00fc\u00fcbikinnitussertifikaat. Andmed: T\u00f6\u00f6koormus 15t 20t 36t 50t Katkemiskoormus 150kN 200kN 360kN 490kN A 100mm 116mm 123mm 133mm B 45mm 65mm 120mm 130mm C 84mm 116mm 200mm 230mm D 15mm 18mm 23mm 26mm&#8230;<\/p>","protected":false},"author":1,"featured_media":0,"parent":5,"menu_order":0,"comment_status":"closed","ping_status":"closed","template":"","meta":{"_uf_show_specific_survey":0,"_uf_disable_surveys":false,"iawp_total_views":45,"footnotes":""},"class_list":["post-4404","page","type-page","status-publish","hentry"],"yoast_head":"<!-- This site is optimized with the Yoast SEO plugin v27.5 - https:\/\/yoast.com\/product\/yoast-seo-wordpress\/ -->\n<title>KINNITUSAAS KEEVITATAV - Mazam O\u00dc - tootmine ja m\u00fc\u00fck<\/title>\n<meta name=\"description\" content=\"Kinnitusaas keevitatav - Peamiselt keevitatakse laevatekile. Nii tekitatakse v\u00f5imalus veoste v\u00f5i masinate kinnitamiseks koormakettide v\u00f5i..\" \/>\n<meta name=\"robots\" content=\"index, follow, max-snippet:-1, max-image-preview:large, max-video-preview:-1\" \/>\n<link rel=\"canonical\" href=\"https:\/\/www.mazam.eu\/ru\/produkty\/\u043f\u0440\u0438\u0432\u0430\u0440\u0438\u0432\u0430\u0435\u043c\u044b\u0439-\u043a\u0440\u0435\u043f\u0435\u0436\u043d\u044b\u0439-\u043d\u0430\u043a\u043e\u043d\u0435\u0447\u043d\u0438\u043a\/\" \/>\n<meta property=\"og:locale\" content=\"ru_RU\" \/>\n<meta property=\"og:type\" content=\"article\" \/>\n<meta property=\"og:title\" content=\"KINNITUSAAS KEEVITATAV - Mazam O\u00dc - tootmine ja m\u00fc\u00fck\" \/>\n<meta property=\"og:description\" content=\"Kinnitusaas keevitatav - Peamiselt keevitatakse laevatekile. Nii tekitatakse v\u00f5imalus veoste v\u00f5i masinate kinnitamiseks koormakettide v\u00f5i..\" \/>\n<meta property=\"og:url\" content=\"https:\/\/www.mazam.eu\/ru\/produkty\/\u043f\u0440\u0438\u0432\u0430\u0440\u0438\u0432\u0430\u0435\u043c\u044b\u0439-\u043a\u0440\u0435\u043f\u0435\u0436\u043d\u044b\u0439-\u043d\u0430\u043a\u043e\u043d\u0435\u0447\u043d\u0438\u043a\/\" \/>\n<meta property=\"og:site_name\" content=\"Mazam O&Uuml; | T&otilde;ste- ja koormakinnitusvahendite tootmine ja m&uuml;&uuml;k (2014 - 2026) - linttropp &bull; koormarihm &bull; ringt&otilde;stev&ouml;&ouml; &bull; terastross &bull; kett-tropp &bull; vints &bull; t&otilde;stemagnet jpm.\" \/>\n<meta property=\"article:modified_time\" content=\"2026-04-28T10:56:47+00:00\" \/>\n<meta property=\"og:image\" content=\"https:\/\/www.mazam.eu\/wp-content\/uploads\/2025\/02\/kinnitusaas-keevitatav.jpg\" \/>\n\t<meta property=\"og:image:width\" content=\"381\" \/>\n\t<meta property=\"og:image:height\" content=\"150\" \/>\n\t<meta property=\"og:image:type\" content=\"image\/jpeg\" \/>\n<meta name=\"twitter:card\" content=\"summary_large_image\" \/>\n<meta name=\"twitter:label1\" content=\"\u041f\u0440\u0438\u043c\u0435\u0440\u043d\u043e\u0435 \u0432\u0440\u0435\u043c\u044f \u0434\u043b\u044f \u0447\u0442\u0435\u043d\u0438\u044f\" \/>\n\t<meta name=\"twitter:data1\" content=\"1 \u043c\u0438\u043d\u0443\u0442\u0430\" \/>\n<script type=\"application\/ld+json\" class=\"yoast-schema-graph\">{\"@context\":\"https:\\\/\\\/schema.org\",\"@graph\":[{\"@type\":\"WebPage\",\"@id\":\"https:\\\/\\\/www.mazam.eu\\\/tooted\\\/kinnitusaas-keevitatav\\\/\",\"url\":\"https:\\\/\\\/www.mazam.eu\\\/tooted\\\/kinnitusaas-keevitatav\\\/\",\"name\":\"KINNITUSAAS KEEVITATAV - Mazam O\u00dc - tootmine ja m\u00fc\u00fck\",\"isPartOf\":{\"@id\":\"https:\\\/\\\/www.mazam.eu\\\/#website\"},\"primaryImageOfPage\":{\"@id\":\"https:\\\/\\\/www.mazam.eu\\\/tooted\\\/kinnitusaas-keevitatav\\\/#primaryimage\"},\"image\":{\"@id\":\"https:\\\/\\\/www.mazam.eu\\\/tooted\\\/kinnitusaas-keevitatav\\\/#primaryimage\"},\"thumbnailUrl\":\"https:\\\/\\\/www.mazam.eu\\\/wp-content\\\/uploads\\\/2025\\\/02\\\/kinnitusaas-keevitatav.jpg\",\"datePublished\":\"2019-11-03T16:55:35+00:00\",\"dateModified\":\"2026-04-28T10:56:47+00:00\",\"description\":\"Kinnitusaas keevitatav - Peamiselt keevitatakse laevatekile. Nii tekitatakse v\u00f5imalus veoste v\u00f5i masinate kinnitamiseks koormakettide v\u00f5i..\",\"breadcrumb\":{\"@id\":\"https:\\\/\\\/www.mazam.eu\\\/tooted\\\/kinnitusaas-keevitatav\\\/#breadcrumb\"},\"inLanguage\":\"ru-RU\",\"potentialAction\":[{\"@type\":\"ReadAction\",\"target\":[\"https:\\\/\\\/www.mazam.eu\\\/tooted\\\/kinnitusaas-keevitatav\\\/\"]}]},{\"@type\":\"ImageObject\",\"inLanguage\":\"ru-RU\",\"@id\":\"https:\\\/\\\/www.mazam.eu\\\/tooted\\\/kinnitusaas-keevitatav\\\/#primaryimage\",\"url\":\"https:\\\/\\\/www.mazam.eu\\\/wp-content\\\/uploads\\\/2025\\\/02\\\/kinnitusaas-keevitatav.jpg\",\"contentUrl\":\"https:\\\/\\\/www.mazam.eu\\\/wp-content\\\/uploads\\\/2025\\\/02\\\/kinnitusaas-keevitatav.jpg\"},{\"@type\":\"BreadcrumbList\",\"@id\":\"https:\\\/\\\/www.mazam.eu\\\/tooted\\\/kinnitusaas-keevitatav\\\/#breadcrumb\",\"itemListElement\":[{\"@type\":\"ListItem\",\"position\":1,\"name\":\"Home\",\"item\":\"https:\\\/\\\/www.mazam.eu\\\/\"},{\"@type\":\"ListItem\",\"position\":2,\"name\":\"Tooted\",\"item\":\"https:\\\/\\\/www.mazam.eu\\\/tooted\\\/\"},{\"@type\":\"ListItem\",\"position\":3,\"name\":\"Kinnitusaas keevitatav\"}]},{\"@type\":\"WebSite\",\"@id\":\"https:\\\/\\\/www.mazam.eu\\\/#website\",\"url\":\"https:\\\/\\\/www.mazam.eu\\\/\",\"name\":\"Mazam O&Uuml; | T&otilde;ste- ja koormakinnitusvahendite tootmine ja m&uuml;&uuml;k (2014 - 2026) - linttropp &bull; koormarihm &bull; ringt&otilde;stev&ouml;&ouml; &bull; terastross &bull; kett-tropp &bull; vints &bull; t&otilde;stemagnet jpm.\",\"description\":\"T&otilde;ste- ja kinnituslahendused | Lifting- and lashing solutions\",\"publisher\":{\"@id\":\"https:\\\/\\\/www.mazam.eu\\\/#organization\"},\"potentialAction\":[{\"@type\":\"SearchAction\",\"target\":{\"@type\":\"EntryPoint\",\"urlTemplate\":\"https:\\\/\\\/www.mazam.eu\\\/?s={search_term_string}\"},\"query-input\":{\"@type\":\"PropertyValueSpecification\",\"valueRequired\":true,\"valueName\":\"search_term_string\"}}],\"inLanguage\":\"ru-RU\"},{\"@type\":\"Organization\",\"@id\":\"https:\\\/\\\/www.mazam.eu\\\/#organization\",\"name\":\"Mazam O\u00dc\",\"url\":\"https:\\\/\\\/www.mazam.eu\\\/\",\"logo\":{\"@type\":\"ImageObject\",\"inLanguage\":\"ru-RU\",\"@id\":\"https:\\\/\\\/www.mazam.eu\\\/#\\\/schema\\\/logo\\\/image\\\/\",\"url\":\"https:\\\/\\\/www.mazam.eu\\\/wp-content\\\/uploads\\\/2015\\\/10\\\/mazam-logo-linttropp-koormarihm-t\u00f5stev\u00f6\u00f6.png\",\"contentUrl\":\"https:\\\/\\\/www.mazam.eu\\\/wp-content\\\/uploads\\\/2015\\\/10\\\/mazam-logo-linttropp-koormarihm-t\u00f5stev\u00f6\u00f6.png\",\"width\":190,\"height\":70,\"caption\":\"Mazam O\u00dc\"},\"image\":{\"@id\":\"https:\\\/\\\/www.mazam.eu\\\/#\\\/schema\\\/logo\\\/image\\\/\"}}]}<\/script>\n<!-- \/ Yoast SEO plugin. -->","yoast_head_json":{"title":"\u041a\u0440\u0435\u043f\u0435\u0436\u043d\u044b\u0435 \u0438\u0437\u0434\u0435\u043b\u0438\u044f - Mazam O\u00dc - \u043f\u0440\u043e\u0438\u0437\u0432\u043e\u0434\u0441\u0442\u0432\u043e \u0438 \u043f\u0440\u043e\u0434\u0430\u0436\u0430","description":"\u0421\u0432\u0430\u0440\u043d\u043e\u0435 \u043a\u0440\u0435\u043f\u043b\u0435\u043d\u0438\u0435 - \u0432 \u043e\u0441\u043d\u043e\u0432\u043d\u043e\u043c \u043f\u0440\u0438\u0432\u0430\u0440\u0438\u0432\u0430\u0435\u0442\u0441\u044f \u043a \u043f\u0430\u043b\u0443\u0431\u0435 \u0441\u0443\u0434\u043d\u0430. \u041e\u0431\u0435\u0441\u043f\u0435\u0447\u0438\u0432\u0430\u0435\u0442 \u043a\u0440\u0435\u043f\u043b\u0435\u043d\u0438\u0435 \u0433\u0440\u0443\u0437\u043e\u0432 \u0438\u043b\u0438 \u043c\u0435\u0445\u0430\u043d\u0438\u0437\u043c\u043e\u0432 \u043a \u0433\u0440\u0443\u0437\u043e\u0432\u044b\u043c \u0446\u0435\u043f\u044f\u043c \u0438\u043b\u0438...","robots":{"index":"index","follow":"follow","max-snippet":"max-snippet:-1","max-image-preview":"max-image-preview:large","max-video-preview":"max-video-preview:-1"},"canonical":"https:\/\/www.mazam.eu\/ru\/produkty\/\u043f\u0440\u0438\u0432\u0430\u0440\u0438\u0432\u0430\u0435\u043c\u044b\u0439-\u043a\u0440\u0435\u043f\u0435\u0436\u043d\u044b\u0439-\u043d\u0430\u043a\u043e\u043d\u0435\u0447\u043d\u0438\u043a\/","og_locale":"ru_RU","og_type":"article","og_title":"KINNITUSAAS KEEVITATAV - Mazam O\u00dc - tootmine ja m\u00fc\u00fck","og_description":"Kinnitusaas keevitatav - Peamiselt keevitatakse laevatekile. Nii tekitatakse v\u00f5imalus veoste v\u00f5i masinate kinnitamiseks koormakettide v\u00f5i..","og_url":"https:\/\/www.mazam.eu\/ru\/produkty\/\u043f\u0440\u0438\u0432\u0430\u0440\u0438\u0432\u0430\u0435\u043c\u044b\u0439-\u043a\u0440\u0435\u043f\u0435\u0436\u043d\u044b\u0439-\u043d\u0430\u043a\u043e\u043d\u0435\u0447\u043d\u0438\u043a\/","og_site_name":"Mazam O&Uuml; | T&otilde;ste- ja koormakinnitusvahendite tootmine ja m&uuml;&uuml;k (2014 - 2026) - linttropp &bull; koormarihm &bull; ringt&otilde;stev&ouml;&ouml; &bull; terastross &bull; kett-tropp &bull; vints &bull; t&otilde;stemagnet jpm.","article_modified_time":"2026-04-28T10:56:47+00:00","og_image":[{"width":381,"height":150,"url":"https:\/\/www.mazam.eu\/wp-content\/uploads\/2025\/02\/kinnitusaas-keevitatav.jpg","type":"image\/jpeg"}],"twitter_card":"summary_large_image","twitter_misc":{"\u041f\u0440\u0438\u043c\u0435\u0440\u043d\u043e\u0435 \u0432\u0440\u0435\u043c\u044f \u0434\u043b\u044f \u0447\u0442\u0435\u043d\u0438\u044f":"1 \u043c\u0438\u043d\u0443\u0442\u0430"},"schema":{"@context":"https:\/\/schema.org","@graph":[{"@type":"WebPage","@id":"https:\/\/www.mazam.eu\/tooted\/kinnitusaas-keevitatav\/","url":"https:\/\/www.mazam.eu\/tooted\/kinnitusaas-keevitatav\/","name":"\u041a\u0440\u0435\u043f\u0435\u0436\u043d\u044b\u0435 \u0438\u0437\u0434\u0435\u043b\u0438\u044f - Mazam O\u00dc - \u043f\u0440\u043e\u0438\u0437\u0432\u043e\u0434\u0441\u0442\u0432\u043e \u0438 \u043f\u0440\u043e\u0434\u0430\u0436\u0430","isPartOf":{"@id":"https:\/\/www.mazam.eu\/#website"},"primaryImageOfPage":{"@id":"https:\/\/www.mazam.eu\/tooted\/kinnitusaas-keevitatav\/#primaryimage"},"image":{"@id":"https:\/\/www.mazam.eu\/tooted\/kinnitusaas-keevitatav\/#primaryimage"},"thumbnailUrl":"https:\/\/www.mazam.eu\/wp-content\/uploads\/2025\/02\/kinnitusaas-keevitatav.jpg","datePublished":"2019-11-03T16:55:35+00:00","dateModified":"2026-04-28T10:56:47+00:00","description":"\u0421\u0432\u0430\u0440\u043d\u043e\u0435 \u043a\u0440\u0435\u043f\u043b\u0435\u043d\u0438\u0435 - \u0432 \u043e\u0441\u043d\u043e\u0432\u043d\u043e\u043c \u043f\u0440\u0438\u0432\u0430\u0440\u0438\u0432\u0430\u0435\u0442\u0441\u044f \u043a \u043f\u0430\u043b\u0443\u0431\u0435 \u0441\u0443\u0434\u043d\u0430. \u041e\u0431\u0435\u0441\u043f\u0435\u0447\u0438\u0432\u0430\u0435\u0442 \u043a\u0440\u0435\u043f\u043b\u0435\u043d\u0438\u0435 \u0433\u0440\u0443\u0437\u043e\u0432 \u0438\u043b\u0438 \u043c\u0435\u0445\u0430\u043d\u0438\u0437\u043c\u043e\u0432 \u043a \u0433\u0440\u0443\u0437\u043e\u0432\u044b\u043c \u0446\u0435\u043f\u044f\u043c \u0438\u043b\u0438...","breadcrumb":{"@id":"https:\/\/www.mazam.eu\/tooted\/kinnitusaas-keevitatav\/#breadcrumb"},"inLanguage":"ru-RU","potentialAction":[{"@type":"ReadAction","target":["https:\/\/www.mazam.eu\/tooted\/kinnitusaas-keevitatav\/"]}]},{"@type":"ImageObject","inLanguage":"ru-RU","@id":"https:\/\/www.mazam.eu\/tooted\/kinnitusaas-keevitatav\/#primaryimage","url":"https:\/\/www.mazam.eu\/wp-content\/uploads\/2025\/02\/kinnitusaas-keevitatav.jpg","contentUrl":"https:\/\/www.mazam.eu\/wp-content\/uploads\/2025\/02\/kinnitusaas-keevitatav.jpg"},{"@type":"BreadcrumbList","@id":"https:\/\/www.mazam.eu\/tooted\/kinnitusaas-keevitatav\/#breadcrumb","itemListElement":[{"@type":"ListItem","position":1,"name":"Home","item":"https:\/\/www.mazam.eu\/"},{"@type":"ListItem","position":2,"name":"Tooted","item":"https:\/\/www.mazam.eu\/tooted\/"},{"@type":"ListItem","position":3,"name":"Kinnitusaas keevitatav"}]},{"@type":"WebSite","@id":"https:\/\/www.mazam.eu\/#website","url":"https:\/\/www.mazam.eu\/","name":"Mazam O\u00dc | \u041f\u0440\u043e\u0438\u0437\u0432\u043e\u0434\u0441\u0442\u0432\u043e \u0438 \u043f\u0440\u043e\u0434\u0430\u0436\u0430 \u043f\u043e\u0434\u044a\u0435\u043c\u043d\u043e-\u0442\u0440\u0430\u043d\u0441\u043f\u043e\u0440\u0442\u043d\u043e\u0433\u043e \u043e\u0431\u043e\u0440\u0443\u0434\u043e\u0432\u0430\u043d\u0438\u044f (2014 - 2026) - \u043b\u0438\u043d\u0442\u0440\u0443\u043f\u0430 - \u0433\u0440\u0443\u0437\u043e\u0432\u043e\u0439 \u0440\u0435\u043c\u0435\u043d\u044c - \u0442\u0430\u043b\u0435\u0432\u044b\u0439 \u0440\u0435\u043c\u0435\u043d\u044c - \u0441\u0442\u0430\u043b\u044c\u043d\u043e\u0439 \u043a\u0430\u043d\u0430\u0442 - \u0446\u0435\u043f\u043d\u043e\u0439 \u0442\u0430\u043b\u0440\u0435\u043f - \u043b\u0435\u0431\u0435\u0434\u043a\u0430 - \u043f\u043e\u0434\u044a\u0435\u043c\u043d\u044b\u0439 \u043c\u0430\u0433\u043d\u0438\u0442 \u0438 \u0442.\u0434.","description":"\u0420\u0435\u0448\u0435\u043d\u0438\u044f \u0434\u043b\u044f \u043f\u043e\u0434\u044a\u0435\u043c\u0430 \u0438 \u043a\u0440\u0435\u043f\u043b\u0435\u043d\u0438\u044f | \u0420\u0435\u0448\u0435\u043d\u0438\u044f \u0434\u043b\u044f \u043f\u043e\u0434\u044a\u0435\u043c\u0430 \u0438 \u043a\u0440\u0435\u043f\u043b\u0435\u043d\u0438\u044f","publisher":{"@id":"https:\/\/www.mazam.eu\/#organization"},"potentialAction":[{"@type":"SearchAction","target":{"@type":"EntryPoint","urlTemplate":"https:\/\/www.mazam.eu\/?s={search_term_string}"},"query-input":{"@type":"PropertyValueSpecification","valueRequired":true,"valueName":"search_term_string"}}],"inLanguage":"ru-RU"},{"@type":"Organization","@id":"https:\/\/www.mazam.eu\/#organization","name":"Mazam O\u00dc","url":"https:\/\/www.mazam.eu\/","logo":{"@type":"ImageObject","inLanguage":"ru-RU","@id":"https:\/\/www.mazam.eu\/#\/schema\/logo\/image\/","url":"https:\/\/www.mazam.eu\/wp-content\/uploads\/2015\/10\/mazam-logo-linttropp-koormarihm-t\u00f5stev\u00f6\u00f6.png","contentUrl":"https:\/\/www.mazam.eu\/wp-content\/uploads\/2015\/10\/mazam-logo-linttropp-koormarihm-t\u00f5stev\u00f6\u00f6.png","width":190,"height":70,"caption":"Mazam O\u00dc"},"image":{"@id":"https:\/\/www.mazam.eu\/#\/schema\/logo\/image\/"}}]}},"_links":{"self":[{"href":"https:\/\/www.mazam.eu\/ru\/wp-json\/wp\/v2\/pages\/4404","targetHints":{"allow":["GET"]}}],"collection":[{"href":"https:\/\/www.mazam.eu\/ru\/wp-json\/wp\/v2\/pages"}],"about":[{"href":"https:\/\/www.mazam.eu\/ru\/wp-json\/wp\/v2\/types\/page"}],"author":[{"embeddable":true,"href":"https:\/\/www.mazam.eu\/ru\/wp-json\/wp\/v2\/users\/1"}],"replies":[{"embeddable":true,"href":"https:\/\/www.mazam.eu\/ru\/wp-json\/wp\/v2\/comments?post=4404"}],"version-history":[{"count":16,"href":"https:\/\/www.mazam.eu\/ru\/wp-json\/wp\/v2\/pages\/4404\/revisions"}],"predecessor-version":[{"id":12345,"href":"https:\/\/www.mazam.eu\/ru\/wp-json\/wp\/v2\/pages\/4404\/revisions\/12345"}],"up":[{"embeddable":true,"href":"https:\/\/www.mazam.eu\/ru\/wp-json\/wp\/v2\/pages\/5"}],"wp:attachment":[{"href":"https:\/\/www.mazam.eu\/ru\/wp-json\/wp\/v2\/media?parent=4404"}],"curies":[{"name":"wp","href":"https:\/\/api.w.org\/{rel}","templated":true}]}}