{"id":4487,"date":"2019-12-02T09:46:54","date_gmt":"2019-12-02T09:46:54","guid":{"rendered":"https:\/\/www.mazam.eu\/?page_id=4487"},"modified":"2025-01-21T09:27:05","modified_gmt":"2025-01-21T09:27:05","slug":"%d1%81%d0%bd%d0%b5%d0%b3%d0%be%d0%be%d1%87%d0%b8%d1%81%d1%82%d0%b8%d1%82%d0%b5%d0%bb%d1%8c-%d0%b2%d0%b8%d0%bb%d0%be%d1%87%d0%bd%d1%8b%d0%b9-%d0%bf%d0%be%d0%b3%d1%80%d1%83%d0%b7%d1%87%d0%b8%d0%ba","status":"publish","type":"page","link":"https:\/\/www.mazam.eu\/ru\/tooted\/lumesahk-tostukikahvlitele\/","title":{"rendered":"\u0421\u043d\u0435\u0433\u043e\u043e\u0447\u0438\u0441\u0442\u0438\u0442\u0435\u043b\u044c \u043d\u0430 \u0432\u0438\u043b\u043e\u0447\u043d\u044b\u0439 \u043f\u043e\u0433\u0440\u0443\u0437\u0447\u0438\u043a"},"content":{"rendered":"<div class='epvc-post-count'><span class='epvc-eye'><\/span>  <span class=\"epvc-count\"> 3&nbsp;326<\/span><span class='epvc-label'> \u043f\u0440\u043e\u0441\u043c\u043e\u0442\u0440<\/span><\/div><p><span style=\"color: #ffffff;\">\u0421\u043d\u0435\u0433\u043e\u043e\u0447\u0438\u0441\u0442\u0438\u0442\u0435\u043b\u044c \u0434\u043b\u044f \u0430\u0432\u0442\u043e\u043f\u043e\u0433\u0440\u0443\u0437\u0447\u0438\u043a\u0430<br \/>\n<span style=\"color: #333333;\"><strong>\u041b\u0435\u0433\u043a\u043e \u0443\u0441\u0442\u0430\u043d\u0430\u0432\u043b\u0438\u0432\u0430\u0435\u0442\u0441\u044f \u0438 \u0441\u043d\u0438\u043c\u0430\u0435\u0442\u0441\u044f. \u0418\u0437\u0433\u043e\u0442\u043e\u0432\u043b\u0435\u043d \u0438\u0437 5 \u043c\u043c \u043b\u0438\u0441\u0442\u043e\u0432\u043e\u0433\u043e \u043c\u0435\u0442\u0430\u043b\u043b\u0430.<br \/>\n\u0420\u0430\u0431\u043e\u0447\u0438\u0435 \u043f\u043e\u043b\u043e\u0436\u0435\u043d\u0438\u044f: \u043f\u0440\u044f\u043c\u043e\u0435 \u043d\u0430\u043f\u0440\u0430\u0432\u043b\u0435\u043d\u0438\u0435, \u043b\u0435\u0432\u043e\u0435 \u043d\u0430\u043f\u0440\u0430\u0432\u043b\u0435\u043d\u0438\u0435, \u043f\u0440\u0430\u0432\u043e\u0435 \u043d\u0430\u043f\u0440\u0430\u0432\u043b\u0435\u043d\u0438\u0435. \u041f\u043e\u043b\u043e\u0436\u0435\u043d\u0438\u0435 \u0444\u0438\u043a\u0441\u0438\u0440\u0443\u0435\u0442\u0441\u044f \u0441 \u043f\u043e\u043c\u043e\u0449\u044c\u044e \u0431\u043e\u043b\u0442\u0430.<br \/>\n\u0426\u0432\u0435\u0442: \u0441\u0438\u043d\u0438\u0439<br \/>\n\u2014<br \/>\n<\/strong><\/span><\/span><strong><em>\u041d\u0430\u0436\u043c\u0438\u0442\u0435 \u043d\u0430 \u0438\u0437\u043e\u0431\u0440\u0430\u0436\u0435\u043d\u0438\u0435, \u0447\u0442\u043e\u0431\u044b \u0443\u0432\u0438\u0434\u0435\u0442\u044c \u0442\u043e\u0432\u0430\u0440 \u0432 \u0443\u0432\u0435\u043b\u0438\u0447\u0435\u043d\u043d\u043e\u043c \u0440\u0430\u0437\u043c\u0435\u0440\u0435.<\/em><\/strong><\/p>\n<table style=\"width: 100%; border-collapse: collapse; border-style: hidden;\">\n<tbody>\n<tr>\n<td style=\"width: 50%; text-align: center;\">\n<p><figure id=\"attachment_6923\" aria-describedby=\"caption-attachment-6923\" style=\"width: 200px\" class=\"wp-caption aligncenter\"><a href=\"https:\/\/www.mazam.eu\/wp-content\/uploads\/2022\/03\/lumesahk-tostukikahvlitele-1800mm-suur.png\" target=\"_blank\" rel=\"noopener\"><img loading=\"lazy\" decoding=\"async\" class=\"wp-image-6923 size-full\" src=\"https:\/\/www.mazam.eu\/wp-content\/uploads\/2022\/03\/lumesahk-tostukikahvlitele-1800mm-avatar.png\" alt=\"\u0421\u043d\u0435\u0433\u043e\u043e\u0447\u0438\u0441\u0442\u0438\u0442\u0435\u043b\u044c \u043d\u0430 \u0432\u0438\u043b\u043e\u0447\u043d\u044b\u0439 \u043f\u043e\u0433\u0440\u0443\u0437\u0447\u0438\u043a 1800\u043c\u043c\" width=\"200\" height=\"150\" data-id=\"6923\" \/><\/a><figcaption id=\"caption-attachment-6923\" class=\"wp-caption-text\">\u0421\u043d\u0435\u0433\u043e\u043e\u0447\u0438\u0441\u0442\u0438\u0442\u0435\u043b\u044c \u043d\u0430 \u0432\u0438\u043b\u043e\u0447\u043d\u044b\u0439 \u043f\u043e\u0433\u0440\u0443\u0437\u0447\u0438\u043a 1800\u043c\u043c<\/figcaption><\/figure><\/td>\n<td style=\"width: 50%; text-align: center;\">\n<p><figure id=\"attachment_6925\" aria-describedby=\"caption-attachment-6925\" style=\"width: 200px\" class=\"wp-caption aligncenter\"><a href=\"https:\/\/www.mazam.eu\/wp-content\/uploads\/2022\/03\/lumesahk-tostukikahvlitele-kummiga-2000mm-suur.png\" target=\"_blank\" rel=\"noopener\"><img loading=\"lazy\" decoding=\"async\" class=\"wp-image-6925 size-full\" src=\"https:\/\/www.mazam.eu\/wp-content\/uploads\/2022\/03\/lumesahk-tostukikahvlitele-kummiga-2000mm-avatar.png\" alt=\"\u0421\u043d\u0435\u0433\u043e\u043e\u0447\u0438\u0441\u0442\u0438\u0442\u0435\u043b\u044c \u043d\u0430 \u0432\u0438\u043b\u043e\u0447\u043d\u044b\u0439 \u043f\u043e\u0433\u0440\u0443\u0437\u0447\u0438\u043a 2000\u043c\u043c (\u0441 \u0440\u0435\u0437\u0438\u043d\u043e\u0432\u043e\u0439 \u043a\u0440\u043e\u043c\u043a\u043e\u0439)\" width=\"200\" height=\"150\" data-id=\"6925\" \/><\/a><figcaption id=\"caption-attachment-6925\" class=\"wp-caption-text\">\u0421\u043d\u0435\u0433\u043e\u043e\u0447\u0438\u0441\u0442\u0438\u0442\u0435\u043b\u044c \u043d\u0430 \u0432\u0438\u043b\u043e\u0447\u043d\u044b\u0439 \u043f\u043e\u0433\u0440\u0443\u0437\u0447\u0438\u043a 2000\u043c\u043c (\u0441 \u0440\u0435\u0437\u0438\u043d\u043e\u0432\u043e\u0439 \u043a\u0440\u043e\u043c\u043a\u043e\u0439)<\/figcaption><\/figure><\/td>\n<\/tr>\n<\/tbody>\n<\/table>\n<p><span style=\"text-decoration: underline; color: #ff6600;\"><strong>\u0414\u0430\u043d\u043d\u044b\u0435:<\/strong><\/span><\/p>\n<table style=\"border-collapse: collapse; width: 100%;\">\n<tbody>\n<tr>\n<td style=\"width: 20%; text-align: center;\"><strong>\u0428\u0438\u0440\u0438\u043d\u0430<\/strong><\/td>\n<td style=\"width: 20%; text-align: center;\">1800\u043c\u043c<\/td>\n<td style=\"width: 20%; text-align: center;\">2000\u043c\u043c<\/td>\n<\/tr>\n<tr>\n<td style=\"width: 20%; text-align: center;\"><strong>\u0412\u044b\u0441\u043e\u0442\u0430<\/strong><\/td>\n<td style=\"width: 20%; text-align: center;\">400\u043c\u043c<\/td>\n<td style=\"width: 20%; text-align: center;\">450\u043c\u043c<\/td>\n<\/tr>\n<tr>\n<td style=\"width: 20%; text-align: center;\"><strong>\u0420\u0430\u0437\u043c\u0435\u0440\u044b \u0432\u043d\u0443\u0442\u0440\u0435\u043d\u043d\u0435\u0433\u043e \u043e\u0442\u0432\u0435\u0440\u0441\u0442\u0438\u044f<\/strong><\/td>\n<td style=\"width: 20%; text-align: center;\">170\u043c\u043c x 75\u043c\u043c<\/td>\n<td style=\"width: 20%; text-align: center;\">160\u043c\u043c x 80\u043c\u043c<\/td>\n<\/tr>\n<tr>\n<td style=\"width: 20%; text-align: center;\"><strong>\u0412\u0435\u0441<\/strong><\/td>\n<td style=\"width: 20%; text-align: center;\">95\u043a\u0433<\/td>\n<td style=\"width: 20%; text-align: center;\">72\u043a\u0433<\/td>\n<\/tr>\n<\/tbody>\n<\/table>\n<p>&nbsp;<\/p>","protected":false},"excerpt":{"rendered":"<p>3&nbsp;326 vaatamistlumesahk t\u00f5stukile Lihtne paigaldada ja \u00e4ra v\u00f5tta. Toodetud 5mm-st lehtmetallist. T\u00f6\u00f6asendid: otse suund, vasakule suund, paremale suund. Asendi fikseerimine k\u00e4ib poldiga. V\u00e4rvus: sinine &#8212; Vajuta pildile, et toodet suuremalt n\u00e4ha.. Andmed: Laius 1800mm 2000mm K\u00f5rgus 400mm 450mm T\u00f5stukik\u00e4ppade siseava m\u00f5\u00f5dud 170mm x 75mm 160mm x 80mm Kaal 95kg 72kg &nbsp;<\/p>","protected":false},"author":1,"featured_media":0,"parent":5,"menu_order":0,"comment_status":"closed","ping_status":"closed","template":"","meta":{"_uf_show_specific_survey":0,"_uf_disable_surveys":false,"iawp_total_views":68,"footnotes":""},"class_list":["post-4487","page","type-page","status-publish","hentry"],"yoast_head":"<!-- This site is optimized with the Yoast SEO plugin v27.5 - https:\/\/yoast.com\/product\/yoast-seo-wordpress\/ -->\n<title>LUMESAHK T\u00d5STUKIKAHVLITELE - Mazam O\u00dc<\/title>\n<meta name=\"description\" content=\"Lumesahk t\u00f5stukikahvlitele - Lihtne paigaldada ja \u00e4ra v\u00f5tta. Toodetud 5mm-st lehtmetallist. T\u00f6\u00f6asendid: otse suund, vasakule suund..\" \/>\n<meta name=\"robots\" content=\"index, follow, max-snippet:-1, max-image-preview:large, max-video-preview:-1\" \/>\n<link rel=\"canonical\" href=\"https:\/\/www.mazam.eu\/ru\/produkty\/\u0441\u043d\u0435\u0433\u043e\u043e\u0447\u0438\u0441\u0442\u0438\u0442\u0435\u043b\u044c-\u0432\u0438\u043b\u043e\u0447\u043d\u044b\u0439-\u043f\u043e\u0433\u0440\u0443\u0437\u0447\u0438\u043a\/\" \/>\n<meta property=\"og:locale\" content=\"ru_RU\" \/>\n<meta property=\"og:type\" content=\"article\" \/>\n<meta property=\"og:title\" content=\"LUMESAHK T\u00d5STUKIKAHVLITELE - Mazam O\u00dc\" \/>\n<meta property=\"og:description\" content=\"Lumesahk t\u00f5stukikahvlitele - Lihtne paigaldada ja \u00e4ra v\u00f5tta. Toodetud 5mm-st lehtmetallist. T\u00f6\u00f6asendid: otse suund, vasakule suund..\" \/>\n<meta property=\"og:url\" content=\"https:\/\/www.mazam.eu\/ru\/produkty\/\u0441\u043d\u0435\u0433\u043e\u043e\u0447\u0438\u0441\u0442\u0438\u0442\u0435\u043b\u044c-\u0432\u0438\u043b\u043e\u0447\u043d\u044b\u0439-\u043f\u043e\u0433\u0440\u0443\u0437\u0447\u0438\u043a\/\" \/>\n<meta property=\"og:site_name\" content=\"Mazam O&Uuml; | T&otilde;ste- ja koormakinnitusvahendite tootmine ja m&uuml;&uuml;k (2014 - 2026) - linttropp &bull; koormarihm &bull; ringt&otilde;stev&ouml;&ouml; &bull; terastross &bull; kett-tropp &bull; vints &bull; t&otilde;stemagnet jpm.\" \/>\n<meta property=\"article:modified_time\" content=\"2025-01-21T09:27:05+00:00\" \/>\n<meta property=\"og:image\" content=\"https:\/\/www.mazam.eu\/wp-content\/uploads\/2022\/03\/lumesahk-tostukikahvlitele-1800mm-avatar.png\" \/>\n<meta name=\"twitter:card\" content=\"summary_large_image\" \/>\n<meta name=\"twitter:label1\" content=\"\u041f\u0440\u0438\u043c\u0435\u0440\u043d\u043e\u0435 \u0432\u0440\u0435\u043c\u044f \u0434\u043b\u044f \u0447\u0442\u0435\u043d\u0438\u044f\" \/>\n\t<meta name=\"twitter:data1\" content=\"1 \u043c\u0438\u043d\u0443\u0442\u0430\" \/>\n<script type=\"application\/ld+json\" class=\"yoast-schema-graph\">{\"@context\":\"https:\\\/\\\/schema.org\",\"@graph\":[{\"@type\":\"WebPage\",\"@id\":\"https:\\\/\\\/www.mazam.eu\\\/tooted\\\/lumesahk-tostukikahvlitele\\\/\",\"url\":\"https:\\\/\\\/www.mazam.eu\\\/tooted\\\/lumesahk-tostukikahvlitele\\\/\",\"name\":\"LUMESAHK T\u00d5STUKIKAHVLITELE - Mazam O\u00dc\",\"isPartOf\":{\"@id\":\"https:\\\/\\\/www.mazam.eu\\\/#website\"},\"primaryImageOfPage\":{\"@id\":\"https:\\\/\\\/www.mazam.eu\\\/tooted\\\/lumesahk-tostukikahvlitele\\\/#primaryimage\"},\"image\":{\"@id\":\"https:\\\/\\\/www.mazam.eu\\\/tooted\\\/lumesahk-tostukikahvlitele\\\/#primaryimage\"},\"thumbnailUrl\":\"https:\\\/\\\/www.mazam.eu\\\/wp-content\\\/uploads\\\/2022\\\/03\\\/lumesahk-tostukikahvlitele-1800mm-avatar.png\",\"datePublished\":\"2019-12-02T09:46:54+00:00\",\"dateModified\":\"2025-01-21T09:27:05+00:00\",\"description\":\"Lumesahk t\u00f5stukikahvlitele - Lihtne paigaldada ja \u00e4ra v\u00f5tta. Toodetud 5mm-st lehtmetallist. T\u00f6\u00f6asendid: otse suund, vasakule suund..\",\"breadcrumb\":{\"@id\":\"https:\\\/\\\/www.mazam.eu\\\/tooted\\\/lumesahk-tostukikahvlitele\\\/#breadcrumb\"},\"inLanguage\":\"ru-RU\",\"potentialAction\":[{\"@type\":\"ReadAction\",\"target\":[\"https:\\\/\\\/www.mazam.eu\\\/tooted\\\/lumesahk-tostukikahvlitele\\\/\"]}]},{\"@type\":\"ImageObject\",\"inLanguage\":\"ru-RU\",\"@id\":\"https:\\\/\\\/www.mazam.eu\\\/tooted\\\/lumesahk-tostukikahvlitele\\\/#primaryimage\",\"url\":\"https:\\\/\\\/www.mazam.eu\\\/wp-content\\\/uploads\\\/2022\\\/03\\\/lumesahk-tostukikahvlitele-1800mm-avatar.png\",\"contentUrl\":\"https:\\\/\\\/www.mazam.eu\\\/wp-content\\\/uploads\\\/2022\\\/03\\\/lumesahk-tostukikahvlitele-1800mm-avatar.png\"},{\"@type\":\"BreadcrumbList\",\"@id\":\"https:\\\/\\\/www.mazam.eu\\\/tooted\\\/lumesahk-tostukikahvlitele\\\/#breadcrumb\",\"itemListElement\":[{\"@type\":\"ListItem\",\"position\":1,\"name\":\"Home\",\"item\":\"https:\\\/\\\/www.mazam.eu\\\/\"},{\"@type\":\"ListItem\",\"position\":2,\"name\":\"Tooted\",\"item\":\"https:\\\/\\\/www.mazam.eu\\\/tooted\\\/\"},{\"@type\":\"ListItem\",\"position\":3,\"name\":\"Lumesahk t\u00f5stukikahvlitele\"}]},{\"@type\":\"WebSite\",\"@id\":\"https:\\\/\\\/www.mazam.eu\\\/#website\",\"url\":\"https:\\\/\\\/www.mazam.eu\\\/\",\"name\":\"Mazam O&Uuml; | T&otilde;ste- ja koormakinnitusvahendite tootmine ja m&uuml;&uuml;k (2014 - 2026) - linttropp &bull; koormarihm &bull; ringt&otilde;stev&ouml;&ouml; &bull; terastross &bull; kett-tropp &bull; vints &bull; t&otilde;stemagnet jpm.\",\"description\":\"T&otilde;ste- ja kinnituslahendused | Lifting- and lashing solutions\",\"publisher\":{\"@id\":\"https:\\\/\\\/www.mazam.eu\\\/#organization\"},\"potentialAction\":[{\"@type\":\"SearchAction\",\"target\":{\"@type\":\"EntryPoint\",\"urlTemplate\":\"https:\\\/\\\/www.mazam.eu\\\/?s={search_term_string}\"},\"query-input\":{\"@type\":\"PropertyValueSpecification\",\"valueRequired\":true,\"valueName\":\"search_term_string\"}}],\"inLanguage\":\"ru-RU\"},{\"@type\":\"Organization\",\"@id\":\"https:\\\/\\\/www.mazam.eu\\\/#organization\",\"name\":\"Mazam O\u00dc\",\"url\":\"https:\\\/\\\/www.mazam.eu\\\/\",\"logo\":{\"@type\":\"ImageObject\",\"inLanguage\":\"ru-RU\",\"@id\":\"https:\\\/\\\/www.mazam.eu\\\/#\\\/schema\\\/logo\\\/image\\\/\",\"url\":\"https:\\\/\\\/www.mazam.eu\\\/wp-content\\\/uploads\\\/2015\\\/10\\\/mazam-logo-linttropp-koormarihm-t\u00f5stev\u00f6\u00f6.png\",\"contentUrl\":\"https:\\\/\\\/www.mazam.eu\\\/wp-content\\\/uploads\\\/2015\\\/10\\\/mazam-logo-linttropp-koormarihm-t\u00f5stev\u00f6\u00f6.png\",\"width\":190,\"height\":70,\"caption\":\"Mazam O\u00dc\"},\"image\":{\"@id\":\"https:\\\/\\\/www.mazam.eu\\\/#\\\/schema\\\/logo\\\/image\\\/\"}}]}<\/script>\n<!-- \/ Yoast SEO plugin. -->","yoast_head_json":{"title":"\u0421\u043d\u0435\u0433\u043e\u043e\u0447\u0438\u0441\u0442\u0438\u0442\u0435\u043b\u044c \u043d\u0430 \u0432\u0438\u043b\u043e\u0447\u043d\u044b\u0439 \u043f\u043e\u0433\u0440\u0443\u0437\u0447\u0438\u043a - Mazam O\u00dc","description":"\u0421\u043d\u0435\u0433\u043e\u043e\u0447\u0438\u0441\u0442\u0438\u0442\u0435\u043b\u044c \u043d\u0430 \u0432\u0438\u043b\u043e\u0447\u043d\u044b\u0439 \u043f\u043e\u0433\u0440\u0443\u0437\u0447\u0438\u043a - \u041b\u0435\u0433\u043a\u043e \u0443\u0441\u0442\u0430\u043d\u0430\u0432\u043b\u0438\u0432\u0430\u0435\u0442\u0441\u044f \u0438 \u0441\u043d\u0438\u043c\u0430\u0435\u0442\u0441\u044f. \u0418\u0437\u0433\u043e\u0442\u043e\u0432\u043b\u0435\u043d \u0438\u0437 5 \u043c\u043c \u043b\u0438\u0441\u0442\u043e\u0432\u043e\u0433\u043e \u043c\u0435\u0442\u0430\u043b\u043b\u0430. \u0420\u0430\u0431\u043e\u0447\u0438\u0435 \u043f\u043e\u043b\u043e\u0436\u0435\u043d\u0438\u044f: \u043f\u0440\u044f\u043c\u043e\u0435 \u043d\u0430\u043f\u0440\u0430\u0432\u043b\u0435\u043d\u0438\u0435, \u043b\u0435\u0432\u043e\u0435 \u043d\u0430\u043f\u0440\u0430\u0432\u043b\u0435\u043d\u0438\u0435...","robots":{"index":"index","follow":"follow","max-snippet":"max-snippet:-1","max-image-preview":"max-image-preview:large","max-video-preview":"max-video-preview:-1"},"canonical":"https:\/\/www.mazam.eu\/ru\/produkty\/\u0441\u043d\u0435\u0433\u043e\u043e\u0447\u0438\u0441\u0442\u0438\u0442\u0435\u043b\u044c-\u0432\u0438\u043b\u043e\u0447\u043d\u044b\u0439-\u043f\u043e\u0433\u0440\u0443\u0437\u0447\u0438\u043a\/","og_locale":"ru_RU","og_type":"article","og_title":"LUMESAHK T\u00d5STUKIKAHVLITELE - Mazam O\u00dc","og_description":"Lumesahk t\u00f5stukikahvlitele - Lihtne paigaldada ja \u00e4ra v\u00f5tta. Toodetud 5mm-st lehtmetallist. T\u00f6\u00f6asendid: otse suund, vasakule suund..","og_url":"https:\/\/www.mazam.eu\/ru\/produkty\/\u0441\u043d\u0435\u0433\u043e\u043e\u0447\u0438\u0441\u0442\u0438\u0442\u0435\u043b\u044c-\u0432\u0438\u043b\u043e\u0447\u043d\u044b\u0439-\u043f\u043e\u0433\u0440\u0443\u0437\u0447\u0438\u043a\/","og_site_name":"Mazam O&Uuml; | T&otilde;ste- ja koormakinnitusvahendite tootmine ja m&uuml;&uuml;k (2014 - 2026) - linttropp &bull; koormarihm &bull; ringt&otilde;stev&ouml;&ouml; &bull; terastross &bull; kett-tropp &bull; vints &bull; t&otilde;stemagnet jpm.","article_modified_time":"2025-01-21T09:27:05+00:00","og_image":[{"url":"https:\/\/www.mazam.eu\/wp-content\/uploads\/2022\/03\/lumesahk-tostukikahvlitele-1800mm-avatar.png","type":"","width":"","height":""}],"twitter_card":"summary_large_image","twitter_misc":{"\u041f\u0440\u0438\u043c\u0435\u0440\u043d\u043e\u0435 \u0432\u0440\u0435\u043c\u044f \u0434\u043b\u044f \u0447\u0442\u0435\u043d\u0438\u044f":"1 \u043c\u0438\u043d\u0443\u0442\u0430"},"schema":{"@context":"https:\/\/schema.org","@graph":[{"@type":"WebPage","@id":"https:\/\/www.mazam.eu\/tooted\/lumesahk-tostukikahvlitele\/","url":"https:\/\/www.mazam.eu\/tooted\/lumesahk-tostukikahvlitele\/","name":"\u0421\u043d\u0435\u0433\u043e\u043e\u0447\u0438\u0441\u0442\u0438\u0442\u0435\u043b\u044c \u043d\u0430 \u0432\u0438\u043b\u043e\u0447\u043d\u044b\u0439 \u043f\u043e\u0433\u0440\u0443\u0437\u0447\u0438\u043a - Mazam O\u00dc","isPartOf":{"@id":"https:\/\/www.mazam.eu\/#website"},"primaryImageOfPage":{"@id":"https:\/\/www.mazam.eu\/tooted\/lumesahk-tostukikahvlitele\/#primaryimage"},"image":{"@id":"https:\/\/www.mazam.eu\/tooted\/lumesahk-tostukikahvlitele\/#primaryimage"},"thumbnailUrl":"https:\/\/www.mazam.eu\/wp-content\/uploads\/2022\/03\/lumesahk-tostukikahvlitele-1800mm-avatar.png","datePublished":"2019-12-02T09:46:54+00:00","dateModified":"2025-01-21T09:27:05+00:00","description":"\u0421\u043d\u0435\u0433\u043e\u043e\u0447\u0438\u0441\u0442\u0438\u0442\u0435\u043b\u044c \u043d\u0430 \u0432\u0438\u043b\u043e\u0447\u043d\u044b\u0439 \u043f\u043e\u0433\u0440\u0443\u0437\u0447\u0438\u043a - \u041b\u0435\u0433\u043a\u043e \u0443\u0441\u0442\u0430\u043d\u0430\u0432\u043b\u0438\u0432\u0430\u0435\u0442\u0441\u044f \u0438 \u0441\u043d\u0438\u043c\u0430\u0435\u0442\u0441\u044f. \u0418\u0437\u0433\u043e\u0442\u043e\u0432\u043b\u0435\u043d \u0438\u0437 5 \u043c\u043c \u043b\u0438\u0441\u0442\u043e\u0432\u043e\u0433\u043e \u043c\u0435\u0442\u0430\u043b\u043b\u0430. \u0420\u0430\u0431\u043e\u0447\u0438\u0435 \u043f\u043e\u043b\u043e\u0436\u0435\u043d\u0438\u044f: \u043f\u0440\u044f\u043c\u043e\u0435 \u043d\u0430\u043f\u0440\u0430\u0432\u043b\u0435\u043d\u0438\u0435, \u043b\u0435\u0432\u043e\u0435 \u043d\u0430\u043f\u0440\u0430\u0432\u043b\u0435\u043d\u0438\u0435...","breadcrumb":{"@id":"https:\/\/www.mazam.eu\/tooted\/lumesahk-tostukikahvlitele\/#breadcrumb"},"inLanguage":"ru-RU","potentialAction":[{"@type":"ReadAction","target":["https:\/\/www.mazam.eu\/tooted\/lumesahk-tostukikahvlitele\/"]}]},{"@type":"ImageObject","inLanguage":"ru-RU","@id":"https:\/\/www.mazam.eu\/tooted\/lumesahk-tostukikahvlitele\/#primaryimage","url":"https:\/\/www.mazam.eu\/wp-content\/uploads\/2022\/03\/lumesahk-tostukikahvlitele-1800mm-avatar.png","contentUrl":"https:\/\/www.mazam.eu\/wp-content\/uploads\/2022\/03\/lumesahk-tostukikahvlitele-1800mm-avatar.png"},{"@type":"BreadcrumbList","@id":"https:\/\/www.mazam.eu\/tooted\/lumesahk-tostukikahvlitele\/#breadcrumb","itemListElement":[{"@type":"ListItem","position":1,"name":"Home","item":"https:\/\/www.mazam.eu\/"},{"@type":"ListItem","position":2,"name":"Tooted","item":"https:\/\/www.mazam.eu\/tooted\/"},{"@type":"ListItem","position":3,"name":"Lumesahk t\u00f5stukikahvlitele"}]},{"@type":"WebSite","@id":"https:\/\/www.mazam.eu\/#website","url":"https:\/\/www.mazam.eu\/","name":"Mazam O\u00dc | \u041f\u0440\u043e\u0438\u0437\u0432\u043e\u0434\u0441\u0442\u0432\u043e \u0438 \u043f\u0440\u043e\u0434\u0430\u0436\u0430 \u043f\u043e\u0434\u044a\u0435\u043c\u043d\u043e-\u0442\u0440\u0430\u043d\u0441\u043f\u043e\u0440\u0442\u043d\u043e\u0433\u043e \u043e\u0431\u043e\u0440\u0443\u0434\u043e\u0432\u0430\u043d\u0438\u044f (2014 - 2026) - \u043b\u0438\u043d\u0442\u0440\u0443\u043f\u0430 - \u0433\u0440\u0443\u0437\u043e\u0432\u043e\u0439 \u0440\u0435\u043c\u0435\u043d\u044c - \u0442\u0430\u043b\u0435\u0432\u044b\u0439 \u0440\u0435\u043c\u0435\u043d\u044c - \u0441\u0442\u0430\u043b\u044c\u043d\u043e\u0439 \u043a\u0430\u043d\u0430\u0442 - \u0446\u0435\u043f\u043d\u043e\u0439 \u0442\u0430\u043b\u0440\u0435\u043f - \u043b\u0435\u0431\u0435\u0434\u043a\u0430 - \u043f\u043e\u0434\u044a\u0435\u043c\u043d\u044b\u0439 \u043c\u0430\u0433\u043d\u0438\u0442 \u0438 \u0442.\u0434.","description":"\u0420\u0435\u0448\u0435\u043d\u0438\u044f \u0434\u043b\u044f \u043f\u043e\u0434\u044a\u0435\u043c\u0430 \u0438 \u043a\u0440\u0435\u043f\u043b\u0435\u043d\u0438\u044f | \u0420\u0435\u0448\u0435\u043d\u0438\u044f \u0434\u043b\u044f \u043f\u043e\u0434\u044a\u0435\u043c\u0430 \u0438 \u043a\u0440\u0435\u043f\u043b\u0435\u043d\u0438\u044f","publisher":{"@id":"https:\/\/www.mazam.eu\/#organization"},"potentialAction":[{"@type":"SearchAction","target":{"@type":"EntryPoint","urlTemplate":"https:\/\/www.mazam.eu\/?s={search_term_string}"},"query-input":{"@type":"PropertyValueSpecification","valueRequired":true,"valueName":"search_term_string"}}],"inLanguage":"ru-RU"},{"@type":"Organization","@id":"https:\/\/www.mazam.eu\/#organization","name":"Mazam O\u00dc","url":"https:\/\/www.mazam.eu\/","logo":{"@type":"ImageObject","inLanguage":"ru-RU","@id":"https:\/\/www.mazam.eu\/#\/schema\/logo\/image\/","url":"https:\/\/www.mazam.eu\/wp-content\/uploads\/2015\/10\/mazam-logo-linttropp-koormarihm-t\u00f5stev\u00f6\u00f6.png","contentUrl":"https:\/\/www.mazam.eu\/wp-content\/uploads\/2015\/10\/mazam-logo-linttropp-koormarihm-t\u00f5stev\u00f6\u00f6.png","width":190,"height":70,"caption":"Mazam O\u00dc"},"image":{"@id":"https:\/\/www.mazam.eu\/#\/schema\/logo\/image\/"}}]}},"_links":{"self":[{"href":"https:\/\/www.mazam.eu\/ru\/wp-json\/wp\/v2\/pages\/4487","targetHints":{"allow":["GET"]}}],"collection":[{"href":"https:\/\/www.mazam.eu\/ru\/wp-json\/wp\/v2\/pages"}],"about":[{"href":"https:\/\/www.mazam.eu\/ru\/wp-json\/wp\/v2\/types\/page"}],"author":[{"embeddable":true,"href":"https:\/\/www.mazam.eu\/ru\/wp-json\/wp\/v2\/users\/1"}],"replies":[{"embeddable":true,"href":"https:\/\/www.mazam.eu\/ru\/wp-json\/wp\/v2\/comments?post=4487"}],"version-history":[{"count":20,"href":"https:\/\/www.mazam.eu\/ru\/wp-json\/wp\/v2\/pages\/4487\/revisions"}],"predecessor-version":[{"id":8830,"href":"https:\/\/www.mazam.eu\/ru\/wp-json\/wp\/v2\/pages\/4487\/revisions\/8830"}],"up":[{"embeddable":true,"href":"https:\/\/www.mazam.eu\/ru\/wp-json\/wp\/v2\/pages\/5"}],"wp:attachment":[{"href":"https:\/\/www.mazam.eu\/ru\/wp-json\/wp\/v2\/media?parent=4487"}],"curies":[{"name":"wp","href":"https:\/\/api.w.org\/{rel}","templated":true}]}}