{"id":4810,"date":"2020-03-01T12:29:06","date_gmt":"2020-03-01T12:29:06","guid":{"rendered":"https:\/\/www.mazam.eu\/?page_id=4810"},"modified":"2025-03-26T08:26:44","modified_gmt":"2025-03-26T08:26:44","slug":"%d1%86%d0%b5%d0%bf%d1%8c-%d1%81-%d1%88%d0%b8%d0%bf%d0%b0%d0%bc%d0%b8-%d0%b8%d0%b7-%d0%bd%d0%b5%d1%80%d0%b6%d0%b0%d0%b2%d0%b5%d1%8e%d1%89%d0%b5%d0%b9-%d1%81%d1%82%d0%b0%d0%bb%d0%b8","status":"publish","type":"page","link":"https:\/\/www.mazam.eu\/ru\/tooted\/happekindlad-roostevabad-tooted\/pikaluliline-kett-roostevaba\/","title":{"rendered":"\u043f\u0440\u043e\u0434\u043e\u043b\u044c\u043d\u0430\u044f \u0446\u0435\u043f\u044c \u0438\u0437 \u043d\u0435\u0440\u0436\u0430\u0432\u0435\u044e\u0449\u0435\u0439 \u0441\u0442\u0430\u043b\u0438"},"content":{"rendered":"<div class='epvc-post-count'><span class='epvc-eye'><\/span>  <span class=\"epvc-count\"> 2&nbsp;021<\/span><span class='epvc-label'> \u043f\u0440\u043e\u0441\u043c\u043e\u0442\u0440<\/span><\/div><p><img loading=\"lazy\" decoding=\"async\" class=\"alignnone size-full wp-image-4811\" src=\"https:\/\/www.mazam.eu\/wp-content\/uploads\/2020\/03\/pikal\u00fcliline-kett-roostevaba-AISI-316-joonis.png\" alt=\"\" width=\"343\" height=\"89\" data-id=\"4811\" srcset=\"https:\/\/www.mazam.eu\/wp-content\/uploads\/2020\/03\/pikal\u00fcliline-kett-roostevaba-AISI-316-joonis.png 343w, https:\/\/www.mazam.eu\/wp-content\/uploads\/2020\/03\/pikal\u00fcliline-kett-roostevaba-AISI-316-joonis-300x78.png 300w\" sizes=\"auto, (max-width: 343px) 100vw, 343px\" \/><\/p>\n<table width=\"640\">\n<tbody>\n<tr>\n<td style=\"text-align: center;\" colspan=\"2\" width=\"128\"><strong>\u2205 \u0446\u0435\u043f\u0438<\/strong><\/td>\n<td style=\"text-align: center;\" colspan=\"2\" width=\"128\"><strong>A\u00a0<\/strong><\/td>\n<td style=\"text-align: center;\" colspan=\"2\" width=\"128\"><strong>B\u00a0<\/strong><\/td>\n<td style=\"text-align: center;\" colspan=\"2\" width=\"128\"><strong>C\u00a0<\/strong><\/td>\n<td style=\"text-align: center;\" colspan=\"2\" width=\"128\"><strong>\u0432\u0435\u0441 1 \u043c<\/strong><\/td>\n<\/tr>\n<tr>\n<td style=\"text-align: center;\" colspan=\"2\" width=\"128\">3\u043c\u043c<\/td>\n<td style=\"text-align: center;\" colspan=\"2\" width=\"128\">26\u043c\u043c<\/td>\n<td style=\"text-align: center;\" colspan=\"2\" width=\"128\">3\u043c\u043c<\/td>\n<td style=\"text-align: center;\" colspan=\"2\" width=\"128\">5\u043c\u043c<\/td>\n<td style=\"text-align: center;\" colspan=\"2\" width=\"128\">0,16\u043a\u0433<\/td>\n<\/tr>\n<tr>\n<td style=\"text-align: center;\" colspan=\"2\" width=\"128\">4\u043c\u043c<\/td>\n<td style=\"text-align: center;\" colspan=\"2\" width=\"128\">32\u043c\u043c<\/td>\n<td style=\"text-align: center;\" colspan=\"2\" width=\"128\">4\u043c\u043c<\/td>\n<td style=\"text-align: center;\" colspan=\"2\" width=\"128\">8\u043c\u043c<\/td>\n<td style=\"text-align: center;\" colspan=\"2\" width=\"128\">0,27 \u043a\u0433<\/td>\n<\/tr>\n<tr>\n<td style=\"text-align: center;\" colspan=\"2\" width=\"128\">5\u043c\u043c<\/td>\n<td style=\"text-align: center;\" colspan=\"2\" width=\"128\">36\u043c\u043c<\/td>\n<td style=\"text-align: center;\" colspan=\"2\" width=\"128\">5\u043c\u043c<\/td>\n<td style=\"text-align: center;\" colspan=\"2\" width=\"128\">10\u043c\u043c<\/td>\n<td style=\"text-align: center;\" colspan=\"2\" width=\"128\">0,43 \u043a\u0433<\/td>\n<\/tr>\n<tr>\n<td style=\"text-align: center;\" colspan=\"2\" width=\"128\">6\u043c\u043c<\/td>\n<td style=\"text-align: center;\" colspan=\"2\" width=\"128\">42\u043c\u043c<\/td>\n<td style=\"text-align: center;\" colspan=\"2\" width=\"128\">6\u043c\u043c<\/td>\n<td style=\"text-align: center;\" colspan=\"2\" width=\"128\">12\u043c\u043c<\/td>\n<td style=\"text-align: center;\" colspan=\"2\" width=\"128\">0,63 \u043a\u0433<\/td>\n<\/tr>\n<tr>\n<td style=\"text-align: center;\" colspan=\"2\" width=\"128\">8\u043c\u043c<\/td>\n<td style=\"text-align: center;\" colspan=\"2\" width=\"128\">52\u043c\u043c<\/td>\n<td style=\"text-align: center;\" colspan=\"2\" width=\"128\">8\u043c\u043c<\/td>\n<td style=\"text-align: center;\" colspan=\"2\" width=\"128\">16\u043c\u043c<\/td>\n<td style=\"text-align: center;\" colspan=\"2\" width=\"128\">1,1 \u043a\u0433<\/td>\n<\/tr>\n<tr>\n<td style=\"text-align: center;\" colspan=\"2\" width=\"128\">10\u043c\u043c<\/td>\n<td style=\"text-align: center;\" colspan=\"2\" width=\"128\">66\u043c\u043c<\/td>\n<td style=\"text-align: center;\" colspan=\"2\" width=\"128\">10\u043c\u043c<\/td>\n<td style=\"text-align: center;\" colspan=\"2\" width=\"128\">21\u043c\u043c<\/td>\n<td style=\"text-align: center;\" colspan=\"2\" width=\"128\">1,75 \u043a\u0433<\/td>\n<\/tr>\n<tr>\n<td style=\"text-align: center;\" colspan=\"2\" width=\"128\">12\u043c\u043c<\/td>\n<td style=\"text-align: center;\" colspan=\"2\" width=\"128\">82 \u043c\u043c<\/td>\n<td style=\"text-align: center;\" colspan=\"2\" width=\"128\">12\u043c\u043c<\/td>\n<td style=\"text-align: center;\" colspan=\"2\" width=\"128\">24\u043c\u043c<\/td>\n<td style=\"text-align: center;\" colspan=\"2\" width=\"128\">2,45 \u043a\u0433<\/td>\n<\/tr>\n<tr>\n<td style=\"text-align: center;\" colspan=\"2\" width=\"128\">13\u043c\u043c<\/td>\n<td style=\"text-align: center;\" colspan=\"2\" width=\"128\">82 \u043c\u043c<\/td>\n<td style=\"text-align: center;\" colspan=\"2\" width=\"128\">13\u043c\u043c<\/td>\n<td style=\"text-align: center;\" colspan=\"2\" width=\"128\">24\u043c\u043c<\/td>\n<td style=\"text-align: center;\" colspan=\"2\" width=\"128\">2,95 \u043a\u0433<\/td>\n<\/tr>\n<\/tbody>\n<\/table>","protected":false},"excerpt":{"rendered":"<p>2&nbsp;021 vaatamist Keti \u2205 A\u00a0 B\u00a0 C\u00a0 1m kaal 3mm 26mm 3mm 5mm 0,16kg 4mm 32mm 4mm 8mm 0,27kg 5mm 36mm 5mm 10mm 0,43kg 6mm 42mm 6mm 12mm 0,63kg 8mm 52mm 8mm 16mm 1,1kg 10mm 66mm 10mm 21mm 1,75kg 12mm 82mm 12mm 24mm 2,45kg 13mm 82mm 13mm 24mm 2,95kg<\/p>","protected":false},"author":1,"featured_media":0,"parent":651,"menu_order":0,"comment_status":"closed","ping_status":"closed","template":"","meta":{"_uf_show_specific_survey":0,"_uf_disable_surveys":false,"iawp_total_views":47,"footnotes":""},"class_list":["post-4810","page","type-page","status-publish","hentry"],"yoast_head":"<!-- This site is optimized with the Yoast SEO plugin v27.5 - https:\/\/yoast.com\/product\/yoast-seo-wordpress\/ -->\n<title>Pikal\u00fcliline kett roostevaba - Mazam O\u00dc - tootmine ja m\u00fc\u00fck<\/title>\n<meta name=\"description\" content=\"Pikal\u00fcliline kett roostevaba.\" \/>\n<meta name=\"robots\" content=\"index, follow, max-snippet:-1, max-image-preview:large, max-video-preview:-1\" \/>\n<link rel=\"canonical\" href=\"https:\/\/www.mazam.eu\/ru\/produkty\/\u043f\u0440\u043e\u0434\u0443\u043a\u0442\u044b-\u0438\u0437-\u043d\u0435\u0440\u0436\u0430\u0432\u0435\u044e\u0449\u0435\u0439-\u0441\u0442\u0430\u043b\u0438\/\u0446\u0435\u043f\u044c-\u0441-\u0448\u0438\u043f\u0430\u043c\u0438-\u0438\u0437-\u043d\u0435\u0440\u0436\u0430\u0432\u0435\u044e\u0449\u0435\u0439-\u0441\u0442\u0430\u043b\u0438\/\" \/>\n<meta property=\"og:locale\" content=\"ru_RU\" \/>\n<meta property=\"og:type\" content=\"article\" \/>\n<meta property=\"og:title\" content=\"Pikal\u00fcliline kett roostevaba - Mazam O\u00dc - tootmine ja m\u00fc\u00fck\" \/>\n<meta property=\"og:description\" content=\"Pikal\u00fcliline kett roostevaba.\" \/>\n<meta property=\"og:url\" content=\"https:\/\/www.mazam.eu\/ru\/produkty\/\u043f\u0440\u043e\u0434\u0443\u043a\u0442\u044b-\u0438\u0437-\u043d\u0435\u0440\u0436\u0430\u0432\u0435\u044e\u0449\u0435\u0439-\u0441\u0442\u0430\u043b\u0438\/\u0446\u0435\u043f\u044c-\u0441-\u0448\u0438\u043f\u0430\u043c\u0438-\u0438\u0437-\u043d\u0435\u0440\u0436\u0430\u0432\u0435\u044e\u0449\u0435\u0439-\u0441\u0442\u0430\u043b\u0438\/\" \/>\n<meta property=\"og:site_name\" content=\"Mazam O&Uuml; | T&otilde;ste- ja koormakinnitusvahendite tootmine ja m&uuml;&uuml;k (2014 - 2026) - linttropp &bull; koormarihm &bull; ringt&otilde;stev&ouml;&ouml; &bull; terastross &bull; kett-tropp &bull; vints &bull; t&otilde;stemagnet jpm.\" \/>\n<meta property=\"article:modified_time\" content=\"2025-03-26T08:26:44+00:00\" \/>\n<meta name=\"twitter:card\" content=\"summary_large_image\" \/>\n<meta name=\"twitter:label1\" content=\"\u041f\u0440\u0438\u043c\u0435\u0440\u043d\u043e\u0435 \u0432\u0440\u0435\u043c\u044f \u0434\u043b\u044f \u0447\u0442\u0435\u043d\u0438\u044f\" \/>\n\t<meta name=\"twitter:data1\" content=\"1 \u043c\u0438\u043d\u0443\u0442\u0430\" \/>\n<script type=\"application\/ld+json\" class=\"yoast-schema-graph\">{\"@context\":\"https:\\\/\\\/schema.org\",\"@graph\":[{\"@type\":\"WebPage\",\"@id\":\"https:\\\/\\\/www.mazam.eu\\\/tooted\\\/happekindlad-roostevabad-tooted\\\/pikaluliline-kett-roostevaba\\\/\",\"url\":\"https:\\\/\\\/www.mazam.eu\\\/tooted\\\/happekindlad-roostevabad-tooted\\\/pikaluliline-kett-roostevaba\\\/\",\"name\":\"Pikal\u00fcliline kett roostevaba - Mazam O\u00dc - tootmine ja m\u00fc\u00fck\",\"isPartOf\":{\"@id\":\"https:\\\/\\\/www.mazam.eu\\\/#website\"},\"datePublished\":\"2020-03-01T12:29:06+00:00\",\"dateModified\":\"2025-03-26T08:26:44+00:00\",\"description\":\"Pikal\u00fcliline kett roostevaba.\",\"breadcrumb\":{\"@id\":\"https:\\\/\\\/www.mazam.eu\\\/tooted\\\/happekindlad-roostevabad-tooted\\\/pikaluliline-kett-roostevaba\\\/#breadcrumb\"},\"inLanguage\":\"ru-RU\",\"potentialAction\":[{\"@type\":\"ReadAction\",\"target\":[\"https:\\\/\\\/www.mazam.eu\\\/tooted\\\/happekindlad-roostevabad-tooted\\\/pikaluliline-kett-roostevaba\\\/\"]}]},{\"@type\":\"BreadcrumbList\",\"@id\":\"https:\\\/\\\/www.mazam.eu\\\/tooted\\\/happekindlad-roostevabad-tooted\\\/pikaluliline-kett-roostevaba\\\/#breadcrumb\",\"itemListElement\":[{\"@type\":\"ListItem\",\"position\":1,\"name\":\"Home\",\"item\":\"https:\\\/\\\/www.mazam.eu\\\/\"},{\"@type\":\"ListItem\",\"position\":2,\"name\":\"Tooted\",\"item\":\"https:\\\/\\\/www.mazam.eu\\\/tooted\\\/\"},{\"@type\":\"ListItem\",\"position\":3,\"name\":\"happekindlad roostevabad tooted\",\"item\":\"https:\\\/\\\/www.mazam.eu\\\/tooted\\\/happekindlad-roostevabad-tooted\\\/\"},{\"@type\":\"ListItem\",\"position\":4,\"name\":\"pikal\u00fcliline kett roostevaba\"}]},{\"@type\":\"WebSite\",\"@id\":\"https:\\\/\\\/www.mazam.eu\\\/#website\",\"url\":\"https:\\\/\\\/www.mazam.eu\\\/\",\"name\":\"Mazam O&Uuml; | T&otilde;ste- ja koormakinnitusvahendite tootmine ja m&uuml;&uuml;k (2014 - 2026) - linttropp &bull; koormarihm &bull; ringt&otilde;stev&ouml;&ouml; &bull; terastross &bull; kett-tropp &bull; vints &bull; t&otilde;stemagnet jpm.\",\"description\":\"T&otilde;ste- ja kinnituslahendused | Lifting- and lashing solutions\",\"publisher\":{\"@id\":\"https:\\\/\\\/www.mazam.eu\\\/#organization\"},\"potentialAction\":[{\"@type\":\"SearchAction\",\"target\":{\"@type\":\"EntryPoint\",\"urlTemplate\":\"https:\\\/\\\/www.mazam.eu\\\/?s={search_term_string}\"},\"query-input\":{\"@type\":\"PropertyValueSpecification\",\"valueRequired\":true,\"valueName\":\"search_term_string\"}}],\"inLanguage\":\"ru-RU\"},{\"@type\":\"Organization\",\"@id\":\"https:\\\/\\\/www.mazam.eu\\\/#organization\",\"name\":\"Mazam O\u00dc\",\"url\":\"https:\\\/\\\/www.mazam.eu\\\/\",\"logo\":{\"@type\":\"ImageObject\",\"inLanguage\":\"ru-RU\",\"@id\":\"https:\\\/\\\/www.mazam.eu\\\/#\\\/schema\\\/logo\\\/image\\\/\",\"url\":\"https:\\\/\\\/www.mazam.eu\\\/wp-content\\\/uploads\\\/2015\\\/10\\\/mazam-logo-linttropp-koormarihm-t\u00f5stev\u00f6\u00f6.png\",\"contentUrl\":\"https:\\\/\\\/www.mazam.eu\\\/wp-content\\\/uploads\\\/2015\\\/10\\\/mazam-logo-linttropp-koormarihm-t\u00f5stev\u00f6\u00f6.png\",\"width\":190,\"height\":70,\"caption\":\"Mazam O\u00dc\"},\"image\":{\"@id\":\"https:\\\/\\\/www.mazam.eu\\\/#\\\/schema\\\/logo\\\/image\\\/\"}}]}<\/script>\n<!-- \/ Yoast SEO plugin. -->","yoast_head_json":{"title":"\u0426\u0435\u043f\u044c \u0438\u0437 \u043d\u0435\u0440\u0436\u0430\u0432\u0435\u044e\u0449\u0435\u0439 \u0441\u0442\u0430\u043b\u0438 - Mazam O\u00dc - \u041f\u0440\u043e\u0438\u0437\u0432\u043e\u0434\u0441\u0442\u0432\u043e \u0438 \u043f\u0440\u043e\u0434\u0430\u0436\u0430","description":"\u0414\u043b\u0438\u043d\u043d\u0430\u044f \u0446\u0435\u043f\u044c \u0438\u0437 \u043d\u0435\u0440\u0436\u0430\u0432\u0435\u044e\u0449\u0435\u0439 \u0441\u0442\u0430\u043b\u0438.","robots":{"index":"index","follow":"follow","max-snippet":"max-snippet:-1","max-image-preview":"max-image-preview:large","max-video-preview":"max-video-preview:-1"},"canonical":"https:\/\/www.mazam.eu\/ru\/produkty\/\u043f\u0440\u043e\u0434\u0443\u043a\u0442\u044b-\u0438\u0437-\u043d\u0435\u0440\u0436\u0430\u0432\u0435\u044e\u0449\u0435\u0439-\u0441\u0442\u0430\u043b\u0438\/\u0446\u0435\u043f\u044c-\u0441-\u0448\u0438\u043f\u0430\u043c\u0438-\u0438\u0437-\u043d\u0435\u0440\u0436\u0430\u0432\u0435\u044e\u0449\u0435\u0439-\u0441\u0442\u0430\u043b\u0438\/","og_locale":"ru_RU","og_type":"article","og_title":"Pikal\u00fcliline kett roostevaba - Mazam O\u00dc - tootmine ja m\u00fc\u00fck","og_description":"Pikal\u00fcliline kett roostevaba.","og_url":"https:\/\/www.mazam.eu\/ru\/produkty\/\u043f\u0440\u043e\u0434\u0443\u043a\u0442\u044b-\u0438\u0437-\u043d\u0435\u0440\u0436\u0430\u0432\u0435\u044e\u0449\u0435\u0439-\u0441\u0442\u0430\u043b\u0438\/\u0446\u0435\u043f\u044c-\u0441-\u0448\u0438\u043f\u0430\u043c\u0438-\u0438\u0437-\u043d\u0435\u0440\u0436\u0430\u0432\u0435\u044e\u0449\u0435\u0439-\u0441\u0442\u0430\u043b\u0438\/","og_site_name":"Mazam O&Uuml; | T&otilde;ste- ja koormakinnitusvahendite tootmine ja m&uuml;&uuml;k (2014 - 2026) - linttropp &bull; koormarihm &bull; ringt&otilde;stev&ouml;&ouml; &bull; terastross &bull; kett-tropp &bull; vints &bull; t&otilde;stemagnet jpm.","article_modified_time":"2025-03-26T08:26:44+00:00","twitter_card":"summary_large_image","twitter_misc":{"\u041f\u0440\u0438\u043c\u0435\u0440\u043d\u043e\u0435 \u0432\u0440\u0435\u043c\u044f \u0434\u043b\u044f \u0447\u0442\u0435\u043d\u0438\u044f":"1 \u043c\u0438\u043d\u0443\u0442\u0430"},"schema":{"@context":"https:\/\/schema.org","@graph":[{"@type":"WebPage","@id":"https:\/\/www.mazam.eu\/tooted\/happekindlad-roostevabad-tooted\/pikaluliline-kett-roostevaba\/","url":"https:\/\/www.mazam.eu\/tooted\/happekindlad-roostevabad-tooted\/pikaluliline-kett-roostevaba\/","name":"\u0426\u0435\u043f\u044c \u0438\u0437 \u043d\u0435\u0440\u0436\u0430\u0432\u0435\u044e\u0449\u0435\u0439 \u0441\u0442\u0430\u043b\u0438 - Mazam O\u00dc - \u041f\u0440\u043e\u0438\u0437\u0432\u043e\u0434\u0441\u0442\u0432\u043e \u0438 \u043f\u0440\u043e\u0434\u0430\u0436\u0430","isPartOf":{"@id":"https:\/\/www.mazam.eu\/#website"},"datePublished":"2020-03-01T12:29:06+00:00","dateModified":"2025-03-26T08:26:44+00:00","description":"\u0414\u043b\u0438\u043d\u043d\u0430\u044f \u0446\u0435\u043f\u044c \u0438\u0437 \u043d\u0435\u0440\u0436\u0430\u0432\u0435\u044e\u0449\u0435\u0439 \u0441\u0442\u0430\u043b\u0438.","breadcrumb":{"@id":"https:\/\/www.mazam.eu\/tooted\/happekindlad-roostevabad-tooted\/pikaluliline-kett-roostevaba\/#breadcrumb"},"inLanguage":"ru-RU","potentialAction":[{"@type":"ReadAction","target":["https:\/\/www.mazam.eu\/tooted\/happekindlad-roostevabad-tooted\/pikaluliline-kett-roostevaba\/"]}]},{"@type":"BreadcrumbList","@id":"https:\/\/www.mazam.eu\/tooted\/happekindlad-roostevabad-tooted\/pikaluliline-kett-roostevaba\/#breadcrumb","itemListElement":[{"@type":"ListItem","position":1,"name":"Home","item":"https:\/\/www.mazam.eu\/"},{"@type":"ListItem","position":2,"name":"Tooted","item":"https:\/\/www.mazam.eu\/tooted\/"},{"@type":"ListItem","position":3,"name":"happekindlad roostevabad tooted","item":"https:\/\/www.mazam.eu\/tooted\/happekindlad-roostevabad-tooted\/"},{"@type":"ListItem","position":4,"name":"pikal\u00fcliline kett roostevaba"}]},{"@type":"WebSite","@id":"https:\/\/www.mazam.eu\/#website","url":"https:\/\/www.mazam.eu\/","name":"Mazam O\u00dc | \u041f\u0440\u043e\u0438\u0437\u0432\u043e\u0434\u0441\u0442\u0432\u043e \u0438 \u043f\u0440\u043e\u0434\u0430\u0436\u0430 \u043f\u043e\u0434\u044a\u0435\u043c\u043d\u043e-\u0442\u0440\u0430\u043d\u0441\u043f\u043e\u0440\u0442\u043d\u043e\u0433\u043e \u043e\u0431\u043e\u0440\u0443\u0434\u043e\u0432\u0430\u043d\u0438\u044f (2014 - 2026) - \u043b\u0438\u043d\u0442\u0440\u0443\u043f\u0430 - \u0433\u0440\u0443\u0437\u043e\u0432\u043e\u0439 \u0440\u0435\u043c\u0435\u043d\u044c - \u0442\u0430\u043b\u0435\u0432\u044b\u0439 \u0440\u0435\u043c\u0435\u043d\u044c - \u0441\u0442\u0430\u043b\u044c\u043d\u043e\u0439 \u043a\u0430\u043d\u0430\u0442 - \u0446\u0435\u043f\u043d\u043e\u0439 \u0442\u0430\u043b\u0440\u0435\u043f - \u043b\u0435\u0431\u0435\u0434\u043a\u0430 - \u043f\u043e\u0434\u044a\u0435\u043c\u043d\u044b\u0439 \u043c\u0430\u0433\u043d\u0438\u0442 \u0438 \u0442.\u0434.","description":"\u0420\u0435\u0448\u0435\u043d\u0438\u044f \u0434\u043b\u044f \u043f\u043e\u0434\u044a\u0435\u043c\u0430 \u0438 \u043a\u0440\u0435\u043f\u043b\u0435\u043d\u0438\u044f | \u0420\u0435\u0448\u0435\u043d\u0438\u044f \u0434\u043b\u044f \u043f\u043e\u0434\u044a\u0435\u043c\u0430 \u0438 \u043a\u0440\u0435\u043f\u043b\u0435\u043d\u0438\u044f","publisher":{"@id":"https:\/\/www.mazam.eu\/#organization"},"potentialAction":[{"@type":"SearchAction","target":{"@type":"EntryPoint","urlTemplate":"https:\/\/www.mazam.eu\/?s={search_term_string}"},"query-input":{"@type":"PropertyValueSpecification","valueRequired":true,"valueName":"search_term_string"}}],"inLanguage":"ru-RU"},{"@type":"Organization","@id":"https:\/\/www.mazam.eu\/#organization","name":"Mazam O\u00dc","url":"https:\/\/www.mazam.eu\/","logo":{"@type":"ImageObject","inLanguage":"ru-RU","@id":"https:\/\/www.mazam.eu\/#\/schema\/logo\/image\/","url":"https:\/\/www.mazam.eu\/wp-content\/uploads\/2015\/10\/mazam-logo-linttropp-koormarihm-t\u00f5stev\u00f6\u00f6.png","contentUrl":"https:\/\/www.mazam.eu\/wp-content\/uploads\/2015\/10\/mazam-logo-linttropp-koormarihm-t\u00f5stev\u00f6\u00f6.png","width":190,"height":70,"caption":"Mazam O\u00dc"},"image":{"@id":"https:\/\/www.mazam.eu\/#\/schema\/logo\/image\/"}}]}},"_links":{"self":[{"href":"https:\/\/www.mazam.eu\/ru\/wp-json\/wp\/v2\/pages\/4810","targetHints":{"allow":["GET"]}}],"collection":[{"href":"https:\/\/www.mazam.eu\/ru\/wp-json\/wp\/v2\/pages"}],"about":[{"href":"https:\/\/www.mazam.eu\/ru\/wp-json\/wp\/v2\/types\/page"}],"author":[{"embeddable":true,"href":"https:\/\/www.mazam.eu\/ru\/wp-json\/wp\/v2\/users\/1"}],"replies":[{"embeddable":true,"href":"https:\/\/www.mazam.eu\/ru\/wp-json\/wp\/v2\/comments?post=4810"}],"version-history":[{"count":3,"href":"https:\/\/www.mazam.eu\/ru\/wp-json\/wp\/v2\/pages\/4810\/revisions"}],"predecessor-version":[{"id":11472,"href":"https:\/\/www.mazam.eu\/ru\/wp-json\/wp\/v2\/pages\/4810\/revisions\/11472"}],"up":[{"embeddable":true,"href":"https:\/\/www.mazam.eu\/ru\/wp-json\/wp\/v2\/pages\/651"}],"wp:attachment":[{"href":"https:\/\/www.mazam.eu\/ru\/wp-json\/wp\/v2\/media?parent=4810"}],"curies":[{"name":"wp","href":"https:\/\/api.w.org\/{rel}","templated":true}]}}