{"id":4815,"date":"2020-03-01T12:40:01","date_gmt":"2020-03-01T12:40:01","guid":{"rendered":"https:\/\/www.mazam.eu\/?page_id=4815"},"modified":"2023-08-22T07:02:47","modified_gmt":"2023-08-22T07:02:47","slug":"%d1%82%d1%80%d0%be%d1%81-%d0%b8%d0%b7-%d0%bd%d0%b5%d1%80%d0%b6%d0%b0%d0%b2%d0%b5%d1%8e%d1%89%d0%b5%d0%b9-%d1%81%d1%82%d0%b0%d0%bb%d0%b8-1-x-19-aisi316","status":"publish","type":"page","link":"https:\/\/www.mazam.eu\/ru\/tooted\/happekindlad-roostevabad-tooted\/roostevaba-terastross-1-x-19-aisi316\/","title":{"rendered":"\u041a\u0430\u043d\u0430\u0442 \u0438\u0437 \u043d\u0435\u0440\u0436\u0430\u0432\u0435\u044e\u0449\u0435\u0439 \u0441\u0442\u0430\u043b\u0438 1 x 19 AISI316"},"content":{"rendered":"<div class='epvc-post-count'><span class='epvc-eye'><\/span>  <span class=\"epvc-count\"> 2&nbsp;221<\/span><span class='epvc-label'> \u043f\u0440\u043e\u0441\u043c\u043e\u0442\u0440<\/span><\/div><p><span style=\"color: #ffffff;\">\u043a\u0430\u043d\u0430\u0442 \u0438\u0437 \u043d\u0435\u0440\u0436\u0430\u0432\u0435\u044e\u0449\u0435\u0439 \u0441\u0442\u0430\u043b\u0438<\/span><\/p>\n<figure id=\"attachment_4816\" aria-describedby=\"caption-attachment-4816\" style=\"width: 201px\" class=\"wp-caption alignnone\"><img loading=\"lazy\" decoding=\"async\" class=\"wp-image-4816 size-full\" src=\"https:\/\/www.mazam.eu\/wp-content\/uploads\/2020\/03\/terastross-roostevaba-AISI-316-profiil.png\" alt=\"\u041a\u0430\u043d\u0430\u0442 \u0438\u0437 \u043d\u0435\u0440\u0436\u0430\u0432\u0435\u044e\u0449\u0435\u0439 \u0441\u0442\u0430\u043b\u0438 1 x 19 AISI316\" width=\"201\" height=\"201\" data-id=\"4816\" srcset=\"https:\/\/www.mazam.eu\/wp-content\/uploads\/2020\/03\/terastross-roostevaba-AISI-316-profiil.png 201w, https:\/\/www.mazam.eu\/wp-content\/uploads\/2020\/03\/terastross-roostevaba-AISI-316-profiil-150x150.png 150w, https:\/\/www.mazam.eu\/wp-content\/uploads\/2020\/03\/terastross-roostevaba-AISI-316-profiil-125x125.png 125w\" sizes=\"auto, (max-width: 201px) 100vw, 201px\" \/><figcaption id=\"caption-attachment-4816\" class=\"wp-caption-text\">\u041a\u0430\u043d\u0430\u0442 \u0438\u0437 \u043d\u0435\u0440\u0436\u0430\u0432\u0435\u044e\u0449\u0435\u0439 \u0441\u0442\u0430\u043b\u0438 1 x 19 AISI316<\/figcaption><\/figure>\n<table width=\"384\">\n<tbody>\n<tr>\n<td style=\"text-align: center;\" colspan=\"2\" width=\"128\"><strong>\u0414\u0438\u0430\u043c\u0435\u0442\u0440 \u043a\u0430\u043d\u0430\u0442\u0430.<\/strong><\/td>\n<td style=\"text-align: center;\" colspan=\"2\" width=\"128\"><strong>\u041c\u0438\u043d. \u0440\u0430\u0437\u0440\u0443\u0448\u0430\u044e\u0449\u0430\u044f \u043d\u0430\u0433\u0440\u0443\u0437\u043a\u0430<\/strong><br \/>\n<strong>1 770 \u041d\/\u043c\u043c2<\/strong><\/td>\n<td style=\"text-align: center;\" colspan=\"2\" width=\"128\"><strong>\u0412\u0435\u0441\/1\u043c<\/strong><\/td>\n<\/tr>\n<tr>\n<td style=\"text-align: center;\" colspan=\"2\" width=\"128\">0,6 \u043c\u043c<\/td>\n<td style=\"text-align: center;\" colspan=\"2\" width=\"128\">0,33 \u043a\u041d<\/td>\n<td style=\"text-align: center;\" colspan=\"2\" width=\"128\">0,17 \u043a\u0433<\/td>\n<\/tr>\n<tr>\n<td style=\"text-align: center;\" colspan=\"2\" width=\"128\">0,8 \u043c\u043c<\/td>\n<td style=\"text-align: center;\" colspan=\"2\" width=\"128\">0,6 \u043a\u041d<\/td>\n<td style=\"text-align: center;\" colspan=\"2\" width=\"128\">0,33 \u043a\u0433<\/td>\n<\/tr>\n<tr>\n<td style=\"text-align: center;\" colspan=\"2\" width=\"128\">1 \u043c\u043c<\/td>\n<td style=\"text-align: center;\" colspan=\"2\" width=\"128\">0,93 \u043a\u041d<\/td>\n<td style=\"text-align: center;\" colspan=\"2\" width=\"128\">0,49 \u043a\u0433<\/td>\n<\/tr>\n<tr>\n<td style=\"text-align: center;\" colspan=\"2\" width=\"128\">1,5 \u043c\u043c<\/td>\n<td style=\"text-align: center;\" colspan=\"2\" width=\"128\">2,11 \u043a\u041d<\/td>\n<td style=\"text-align: center;\" colspan=\"2\" width=\"128\">1,11 \u043a\u0433<\/td>\n<\/tr>\n<tr>\n<td style=\"text-align: center;\" colspan=\"2\" width=\"128\">2 \u043c\u043c<\/td>\n<td style=\"text-align: center;\" colspan=\"2\" width=\"128\">3,75 \u043a\u041d<\/td>\n<td style=\"text-align: center;\" colspan=\"2\" width=\"128\">1,98 \u043a\u0433<\/td>\n<\/tr>\n<tr>\n<td style=\"text-align: center;\" colspan=\"2\" width=\"128\">3 \u043c\u043c<\/td>\n<td style=\"text-align: center;\" colspan=\"2\" width=\"128\">8,43 \u043a\u041d<\/td>\n<td style=\"text-align: center;\" colspan=\"2\" width=\"128\">4,46 \u043a\u0433<\/td>\n<\/tr>\n<tr>\n<td style=\"text-align: center;\" colspan=\"2\" width=\"128\">4 \u043c\u043c<\/td>\n<td style=\"text-align: center;\" colspan=\"2\" width=\"128\">15 \u043a\u041d<\/td>\n<td style=\"text-align: center;\" colspan=\"2\" width=\"128\">7,93 \u043a\u0433<\/td>\n<\/tr>\n<tr>\n<td style=\"text-align: center;\" colspan=\"2\" width=\"128\">6 \u043c\u043c<\/td>\n<td style=\"text-align: center;\" colspan=\"2\" width=\"128\">33,7 \u043a\u041d<\/td>\n<td style=\"text-align: center;\" colspan=\"2\" width=\"128\">17,8 \u043a\u0433<\/td>\n<\/tr>\n<tr>\n<td style=\"text-align: center;\" colspan=\"2\" width=\"128\">7 \u043c\u043c<\/td>\n<td style=\"text-align: center;\" colspan=\"2\" width=\"128\">45,9 \u043a\u041d<\/td>\n<td style=\"text-align: center;\" colspan=\"2\" width=\"128\">24,3 \u043a\u0433<\/td>\n<\/tr>\n<tr>\n<td style=\"text-align: center;\" colspan=\"2\" width=\"128\">8 \u043c\u043c<\/td>\n<td style=\"text-align: center;\" colspan=\"2\" width=\"128\">60 \u043a\u041d<\/td>\n<td style=\"text-align: center;\" colspan=\"2\" width=\"128\">31,7 \u043a\u0433<\/td>\n<\/tr>\n<\/tbody>\n<\/table>","protected":false},"excerpt":{"rendered":"<p>2&nbsp;221 vaatamistroostevaba terastross Trossi diam. Min. katkemiskoormus 1,770 N\/mm2 Kaal\/1m 0,6 mm 0,33 kN 0,17 kg 0,8 mm 0,6 kN 0,33 kg 1 mm 0,93 kN 0,49\u00a0kg 1,5 mm 2,11 kN 1,11 kg 2 mm 3,75 kN 1,98 kg 3 mm 8,43 kN 4,46 kg 4 mm 15 kN 7,93 kg 6 mm 33,7 kN&#8230;<\/p>","protected":false},"author":1,"featured_media":0,"parent":651,"menu_order":0,"comment_status":"closed","ping_status":"closed","template":"","meta":{"_uf_show_specific_survey":0,"_uf_disable_surveys":false,"iawp_total_views":25,"footnotes":""},"class_list":["post-4815","page","type-page","status-publish","hentry"],"yoast_head":"<!-- This site is optimized with the Yoast SEO plugin v27.4 - https:\/\/yoast.com\/product\/yoast-seo-wordpress\/ -->\n<title>Roostevaba terastross - Mazam O\u00dc - tootmine ja m\u00fc\u00fck<\/title>\n<meta name=\"description\" content=\"Terastross roostevaba.\" \/>\n<meta name=\"robots\" content=\"index, follow, max-snippet:-1, max-image-preview:large, max-video-preview:-1\" \/>\n<link rel=\"canonical\" href=\"https:\/\/www.mazam.eu\/ru\/produkty\/\u043f\u0440\u043e\u0434\u0443\u043a\u0442\u044b-\u0438\u0437-\u043d\u0435\u0440\u0436\u0430\u0432\u0435\u044e\u0449\u0435\u0439-\u0441\u0442\u0430\u043b\u0438\/\u0442\u0440\u043e\u0441-\u0438\u0437-\u043d\u0435\u0440\u0436\u0430\u0432\u0435\u044e\u0449\u0435\u0439-\u0441\u0442\u0430\u043b\u0438-1-x-19-aisi316\/\" \/>\n<meta property=\"og:locale\" content=\"ru_RU\" \/>\n<meta property=\"og:type\" content=\"article\" \/>\n<meta property=\"og:title\" content=\"Roostevaba terastross - Mazam O\u00dc - tootmine ja m\u00fc\u00fck\" \/>\n<meta property=\"og:description\" content=\"Terastross roostevaba.\" \/>\n<meta property=\"og:url\" content=\"https:\/\/www.mazam.eu\/ru\/produkty\/\u043f\u0440\u043e\u0434\u0443\u043a\u0442\u044b-\u0438\u0437-\u043d\u0435\u0440\u0436\u0430\u0432\u0435\u044e\u0449\u0435\u0439-\u0441\u0442\u0430\u043b\u0438\/\u0442\u0440\u043e\u0441-\u0438\u0437-\u043d\u0435\u0440\u0436\u0430\u0432\u0435\u044e\u0449\u0435\u0439-\u0441\u0442\u0430\u043b\u0438-1-x-19-aisi316\/\" \/>\n<meta property=\"og:site_name\" content=\"Mazam O&Uuml; | T&otilde;ste- ja koormakinnitusvahendite tootmine ja m&uuml;&uuml;k (2014 - 2026) - linttropp &bull; koormarihm &bull; ringt&otilde;stev&ouml;&ouml; &bull; terastross &bull; kett-tropp &bull; vints &bull; t&otilde;stemagnet jpm.\" \/>\n<meta property=\"article:modified_time\" content=\"2023-08-22T07:02:47+00:00\" \/>\n<meta property=\"og:image\" content=\"https:\/\/www.mazam.eu\/wp-content\/uploads\/2020\/03\/terastross-roostevaba-AISI-316-profiil.png\" \/>\n<meta name=\"twitter:card\" content=\"summary_large_image\" \/>\n<meta name=\"twitter:label1\" content=\"\u041f\u0440\u0438\u043c\u0435\u0440\u043d\u043e\u0435 \u0432\u0440\u0435\u043c\u044f \u0434\u043b\u044f \u0447\u0442\u0435\u043d\u0438\u044f\" \/>\n\t<meta name=\"twitter:data1\" content=\"1 \u043c\u0438\u043d\u0443\u0442\u0430\" \/>\n<script type=\"application\/ld+json\" class=\"yoast-schema-graph\">{\"@context\":\"https:\\\/\\\/schema.org\",\"@graph\":[{\"@type\":\"WebPage\",\"@id\":\"https:\\\/\\\/www.mazam.eu\\\/tooted\\\/happekindlad-roostevabad-tooted\\\/roostevaba-terastross-1-x-19-aisi316\\\/\",\"url\":\"https:\\\/\\\/www.mazam.eu\\\/tooted\\\/happekindlad-roostevabad-tooted\\\/roostevaba-terastross-1-x-19-aisi316\\\/\",\"name\":\"Roostevaba terastross - Mazam O\u00dc - tootmine ja m\u00fc\u00fck\",\"isPartOf\":{\"@id\":\"https:\\\/\\\/www.mazam.eu\\\/#website\"},\"primaryImageOfPage\":{\"@id\":\"https:\\\/\\\/www.mazam.eu\\\/tooted\\\/happekindlad-roostevabad-tooted\\\/roostevaba-terastross-1-x-19-aisi316\\\/#primaryimage\"},\"image\":{\"@id\":\"https:\\\/\\\/www.mazam.eu\\\/tooted\\\/happekindlad-roostevabad-tooted\\\/roostevaba-terastross-1-x-19-aisi316\\\/#primaryimage\"},\"thumbnailUrl\":\"https:\\\/\\\/www.mazam.eu\\\/wp-content\\\/uploads\\\/2020\\\/03\\\/terastross-roostevaba-AISI-316-profiil.png\",\"datePublished\":\"2020-03-01T12:40:01+00:00\",\"dateModified\":\"2023-08-22T07:02:47+00:00\",\"description\":\"Terastross roostevaba.\",\"breadcrumb\":{\"@id\":\"https:\\\/\\\/www.mazam.eu\\\/tooted\\\/happekindlad-roostevabad-tooted\\\/roostevaba-terastross-1-x-19-aisi316\\\/#breadcrumb\"},\"inLanguage\":\"ru-RU\",\"potentialAction\":[{\"@type\":\"ReadAction\",\"target\":[\"https:\\\/\\\/www.mazam.eu\\\/tooted\\\/happekindlad-roostevabad-tooted\\\/roostevaba-terastross-1-x-19-aisi316\\\/\"]}]},{\"@type\":\"ImageObject\",\"inLanguage\":\"ru-RU\",\"@id\":\"https:\\\/\\\/www.mazam.eu\\\/tooted\\\/happekindlad-roostevabad-tooted\\\/roostevaba-terastross-1-x-19-aisi316\\\/#primaryimage\",\"url\":\"https:\\\/\\\/www.mazam.eu\\\/wp-content\\\/uploads\\\/2020\\\/03\\\/terastross-roostevaba-AISI-316-profiil.png\",\"contentUrl\":\"https:\\\/\\\/www.mazam.eu\\\/wp-content\\\/uploads\\\/2020\\\/03\\\/terastross-roostevaba-AISI-316-profiil.png\"},{\"@type\":\"BreadcrumbList\",\"@id\":\"https:\\\/\\\/www.mazam.eu\\\/tooted\\\/happekindlad-roostevabad-tooted\\\/roostevaba-terastross-1-x-19-aisi316\\\/#breadcrumb\",\"itemListElement\":[{\"@type\":\"ListItem\",\"position\":1,\"name\":\"Home\",\"item\":\"https:\\\/\\\/www.mazam.eu\\\/\"},{\"@type\":\"ListItem\",\"position\":2,\"name\":\"Tooted\",\"item\":\"https:\\\/\\\/www.mazam.eu\\\/tooted\\\/\"},{\"@type\":\"ListItem\",\"position\":3,\"name\":\"happekindlad roostevabad tooted\",\"item\":\"https:\\\/\\\/www.mazam.eu\\\/tooted\\\/happekindlad-roostevabad-tooted\\\/\"},{\"@type\":\"ListItem\",\"position\":4,\"name\":\"Roostevaba terastross 1 x 19 AISI316\"}]},{\"@type\":\"WebSite\",\"@id\":\"https:\\\/\\\/www.mazam.eu\\\/#website\",\"url\":\"https:\\\/\\\/www.mazam.eu\\\/\",\"name\":\"Mazam O&Uuml; | T&otilde;ste- ja koormakinnitusvahendite tootmine ja m&uuml;&uuml;k (2014 - 2026) - linttropp &bull; koormarihm &bull; ringt&otilde;stev&ouml;&ouml; &bull; terastross &bull; kett-tropp &bull; vints &bull; t&otilde;stemagnet jpm.\",\"description\":\"T&otilde;ste- ja kinnituslahendused | Lifting- and lashing solutions\",\"publisher\":{\"@id\":\"https:\\\/\\\/www.mazam.eu\\\/#organization\"},\"potentialAction\":[{\"@type\":\"SearchAction\",\"target\":{\"@type\":\"EntryPoint\",\"urlTemplate\":\"https:\\\/\\\/www.mazam.eu\\\/?s={search_term_string}\"},\"query-input\":{\"@type\":\"PropertyValueSpecification\",\"valueRequired\":true,\"valueName\":\"search_term_string\"}}],\"inLanguage\":\"ru-RU\"},{\"@type\":\"Organization\",\"@id\":\"https:\\\/\\\/www.mazam.eu\\\/#organization\",\"name\":\"Mazam O\u00dc\",\"url\":\"https:\\\/\\\/www.mazam.eu\\\/\",\"logo\":{\"@type\":\"ImageObject\",\"inLanguage\":\"ru-RU\",\"@id\":\"https:\\\/\\\/www.mazam.eu\\\/#\\\/schema\\\/logo\\\/image\\\/\",\"url\":\"https:\\\/\\\/www.mazam.eu\\\/wp-content\\\/uploads\\\/2015\\\/10\\\/mazam-logo-linttropp-koormarihm-t\u00f5stev\u00f6\u00f6.png\",\"contentUrl\":\"https:\\\/\\\/www.mazam.eu\\\/wp-content\\\/uploads\\\/2015\\\/10\\\/mazam-logo-linttropp-koormarihm-t\u00f5stev\u00f6\u00f6.png\",\"width\":190,\"height\":70,\"caption\":\"Mazam O\u00dc\"},\"image\":{\"@id\":\"https:\\\/\\\/www.mazam.eu\\\/#\\\/schema\\\/logo\\\/image\\\/\"}}]}<\/script>\n<!-- \/ Yoast SEO plugin. -->","yoast_head_json":{"title":"\u041a\u0430\u043d\u0430\u0442 \u0438\u0437 \u043d\u0435\u0440\u0436\u0430\u0432\u0435\u044e\u0449\u0435\u0439 \u0441\u0442\u0430\u043b\u0438 - Mazam O\u00dc - \u041f\u0440\u043e\u0438\u0437\u0432\u043e\u0434\u0441\u0442\u0432\u043e \u0438 \u043f\u0440\u043e\u0434\u0430\u0436\u0430","description":"\u041a\u0430\u043d\u0430\u0442 \u0438\u0437 \u043d\u0435\u0440\u0436\u0430\u0432\u0435\u044e\u0449\u0435\u0439 \u0441\u0442\u0430\u043b\u0438.","robots":{"index":"index","follow":"follow","max-snippet":"max-snippet:-1","max-image-preview":"max-image-preview:large","max-video-preview":"max-video-preview:-1"},"canonical":"https:\/\/www.mazam.eu\/ru\/produkty\/\u043f\u0440\u043e\u0434\u0443\u043a\u0442\u044b-\u0438\u0437-\u043d\u0435\u0440\u0436\u0430\u0432\u0435\u044e\u0449\u0435\u0439-\u0441\u0442\u0430\u043b\u0438\/\u0442\u0440\u043e\u0441-\u0438\u0437-\u043d\u0435\u0440\u0436\u0430\u0432\u0435\u044e\u0449\u0435\u0439-\u0441\u0442\u0430\u043b\u0438-1-x-19-aisi316\/","og_locale":"ru_RU","og_type":"article","og_title":"Roostevaba terastross - Mazam O\u00dc - tootmine ja m\u00fc\u00fck","og_description":"Terastross roostevaba.","og_url":"https:\/\/www.mazam.eu\/ru\/produkty\/\u043f\u0440\u043e\u0434\u0443\u043a\u0442\u044b-\u0438\u0437-\u043d\u0435\u0440\u0436\u0430\u0432\u0435\u044e\u0449\u0435\u0439-\u0441\u0442\u0430\u043b\u0438\/\u0442\u0440\u043e\u0441-\u0438\u0437-\u043d\u0435\u0440\u0436\u0430\u0432\u0435\u044e\u0449\u0435\u0439-\u0441\u0442\u0430\u043b\u0438-1-x-19-aisi316\/","og_site_name":"Mazam O&Uuml; | T&otilde;ste- ja koormakinnitusvahendite tootmine ja m&uuml;&uuml;k (2014 - 2026) - linttropp &bull; koormarihm &bull; ringt&otilde;stev&ouml;&ouml; &bull; terastross &bull; kett-tropp &bull; vints &bull; t&otilde;stemagnet jpm.","article_modified_time":"2023-08-22T07:02:47+00:00","og_image":[{"url":"https:\/\/www.mazam.eu\/wp-content\/uploads\/2020\/03\/terastross-roostevaba-AISI-316-profiil.png","type":"","width":"","height":""}],"twitter_card":"summary_large_image","twitter_misc":{"\u041f\u0440\u0438\u043c\u0435\u0440\u043d\u043e\u0435 \u0432\u0440\u0435\u043c\u044f \u0434\u043b\u044f \u0447\u0442\u0435\u043d\u0438\u044f":"1 \u043c\u0438\u043d\u0443\u0442\u0430"},"schema":{"@context":"https:\/\/schema.org","@graph":[{"@type":"WebPage","@id":"https:\/\/www.mazam.eu\/tooted\/happekindlad-roostevabad-tooted\/roostevaba-terastross-1-x-19-aisi316\/","url":"https:\/\/www.mazam.eu\/tooted\/happekindlad-roostevabad-tooted\/roostevaba-terastross-1-x-19-aisi316\/","name":"\u041a\u0430\u043d\u0430\u0442 \u0438\u0437 \u043d\u0435\u0440\u0436\u0430\u0432\u0435\u044e\u0449\u0435\u0439 \u0441\u0442\u0430\u043b\u0438 - Mazam O\u00dc - \u041f\u0440\u043e\u0438\u0437\u0432\u043e\u0434\u0441\u0442\u0432\u043e \u0438 \u043f\u0440\u043e\u0434\u0430\u0436\u0430","isPartOf":{"@id":"https:\/\/www.mazam.eu\/#website"},"primaryImageOfPage":{"@id":"https:\/\/www.mazam.eu\/tooted\/happekindlad-roostevabad-tooted\/roostevaba-terastross-1-x-19-aisi316\/#primaryimage"},"image":{"@id":"https:\/\/www.mazam.eu\/tooted\/happekindlad-roostevabad-tooted\/roostevaba-terastross-1-x-19-aisi316\/#primaryimage"},"thumbnailUrl":"https:\/\/www.mazam.eu\/wp-content\/uploads\/2020\/03\/terastross-roostevaba-AISI-316-profiil.png","datePublished":"2020-03-01T12:40:01+00:00","dateModified":"2023-08-22T07:02:47+00:00","description":"\u041a\u0430\u043d\u0430\u0442 \u0438\u0437 \u043d\u0435\u0440\u0436\u0430\u0432\u0435\u044e\u0449\u0435\u0439 \u0441\u0442\u0430\u043b\u0438.","breadcrumb":{"@id":"https:\/\/www.mazam.eu\/tooted\/happekindlad-roostevabad-tooted\/roostevaba-terastross-1-x-19-aisi316\/#breadcrumb"},"inLanguage":"ru-RU","potentialAction":[{"@type":"ReadAction","target":["https:\/\/www.mazam.eu\/tooted\/happekindlad-roostevabad-tooted\/roostevaba-terastross-1-x-19-aisi316\/"]}]},{"@type":"ImageObject","inLanguage":"ru-RU","@id":"https:\/\/www.mazam.eu\/tooted\/happekindlad-roostevabad-tooted\/roostevaba-terastross-1-x-19-aisi316\/#primaryimage","url":"https:\/\/www.mazam.eu\/wp-content\/uploads\/2020\/03\/terastross-roostevaba-AISI-316-profiil.png","contentUrl":"https:\/\/www.mazam.eu\/wp-content\/uploads\/2020\/03\/terastross-roostevaba-AISI-316-profiil.png"},{"@type":"BreadcrumbList","@id":"https:\/\/www.mazam.eu\/tooted\/happekindlad-roostevabad-tooted\/roostevaba-terastross-1-x-19-aisi316\/#breadcrumb","itemListElement":[{"@type":"ListItem","position":1,"name":"Home","item":"https:\/\/www.mazam.eu\/"},{"@type":"ListItem","position":2,"name":"Tooted","item":"https:\/\/www.mazam.eu\/tooted\/"},{"@type":"ListItem","position":3,"name":"happekindlad roostevabad tooted","item":"https:\/\/www.mazam.eu\/tooted\/happekindlad-roostevabad-tooted\/"},{"@type":"ListItem","position":4,"name":"Roostevaba terastross 1 x 19 AISI316"}]},{"@type":"WebSite","@id":"https:\/\/www.mazam.eu\/#website","url":"https:\/\/www.mazam.eu\/","name":"Mazam O\u00dc | \u041f\u0440\u043e\u0438\u0437\u0432\u043e\u0434\u0441\u0442\u0432\u043e \u0438 \u043f\u0440\u043e\u0434\u0430\u0436\u0430 \u043f\u043e\u0434\u044a\u0435\u043c\u043d\u043e-\u0442\u0440\u0430\u043d\u0441\u043f\u043e\u0440\u0442\u043d\u043e\u0433\u043e \u043e\u0431\u043e\u0440\u0443\u0434\u043e\u0432\u0430\u043d\u0438\u044f (2014 - 2026) - \u043b\u0438\u043d\u0442\u0440\u0443\u043f\u0430 - \u0433\u0440\u0443\u0437\u043e\u0432\u043e\u0439 \u0440\u0435\u043c\u0435\u043d\u044c - \u0442\u0430\u043b\u0435\u0432\u044b\u0439 \u0440\u0435\u043c\u0435\u043d\u044c - \u0441\u0442\u0430\u043b\u044c\u043d\u043e\u0439 \u043a\u0430\u043d\u0430\u0442 - \u0446\u0435\u043f\u043d\u043e\u0439 \u0442\u0430\u043b\u0440\u0435\u043f - \u043b\u0435\u0431\u0435\u0434\u043a\u0430 - \u043f\u043e\u0434\u044a\u0435\u043c\u043d\u044b\u0439 \u043c\u0430\u0433\u043d\u0438\u0442 \u0438 \u0442.\u0434.","description":"\u0420\u0435\u0448\u0435\u043d\u0438\u044f \u0434\u043b\u044f \u043f\u043e\u0434\u044a\u0435\u043c\u0430 \u0438 \u043a\u0440\u0435\u043f\u043b\u0435\u043d\u0438\u044f | \u0420\u0435\u0448\u0435\u043d\u0438\u044f \u0434\u043b\u044f \u043f\u043e\u0434\u044a\u0435\u043c\u0430 \u0438 \u043a\u0440\u0435\u043f\u043b\u0435\u043d\u0438\u044f","publisher":{"@id":"https:\/\/www.mazam.eu\/#organization"},"potentialAction":[{"@type":"SearchAction","target":{"@type":"EntryPoint","urlTemplate":"https:\/\/www.mazam.eu\/?s={search_term_string}"},"query-input":{"@type":"PropertyValueSpecification","valueRequired":true,"valueName":"search_term_string"}}],"inLanguage":"ru-RU"},{"@type":"Organization","@id":"https:\/\/www.mazam.eu\/#organization","name":"Mazam O\u00dc","url":"https:\/\/www.mazam.eu\/","logo":{"@type":"ImageObject","inLanguage":"ru-RU","@id":"https:\/\/www.mazam.eu\/#\/schema\/logo\/image\/","url":"https:\/\/www.mazam.eu\/wp-content\/uploads\/2015\/10\/mazam-logo-linttropp-koormarihm-t\u00f5stev\u00f6\u00f6.png","contentUrl":"https:\/\/www.mazam.eu\/wp-content\/uploads\/2015\/10\/mazam-logo-linttropp-koormarihm-t\u00f5stev\u00f6\u00f6.png","width":190,"height":70,"caption":"Mazam O\u00dc"},"image":{"@id":"https:\/\/www.mazam.eu\/#\/schema\/logo\/image\/"}}]}},"_links":{"self":[{"href":"https:\/\/www.mazam.eu\/ru\/wp-json\/wp\/v2\/pages\/4815","targetHints":{"allow":["GET"]}}],"collection":[{"href":"https:\/\/www.mazam.eu\/ru\/wp-json\/wp\/v2\/pages"}],"about":[{"href":"https:\/\/www.mazam.eu\/ru\/wp-json\/wp\/v2\/types\/page"}],"author":[{"embeddable":true,"href":"https:\/\/www.mazam.eu\/ru\/wp-json\/wp\/v2\/users\/1"}],"replies":[{"embeddable":true,"href":"https:\/\/www.mazam.eu\/ru\/wp-json\/wp\/v2\/comments?post=4815"}],"version-history":[{"count":5,"href":"https:\/\/www.mazam.eu\/ru\/wp-json\/wp\/v2\/pages\/4815\/revisions"}],"predecessor-version":[{"id":7952,"href":"https:\/\/www.mazam.eu\/ru\/wp-json\/wp\/v2\/pages\/4815\/revisions\/7952"}],"up":[{"embeddable":true,"href":"https:\/\/www.mazam.eu\/ru\/wp-json\/wp\/v2\/pages\/651"}],"wp:attachment":[{"href":"https:\/\/www.mazam.eu\/ru\/wp-json\/wp\/v2\/media?parent=4815"}],"curies":[{"name":"wp","href":"https:\/\/api.w.org\/{rel}","templated":true}]}}