{"id":4844,"date":"2020-03-01T13:18:42","date_gmt":"2020-03-01T13:18:42","guid":{"rendered":"https:\/\/www.mazam.eu\/?page_id=4844"},"modified":"2020-03-01T13:18:42","modified_gmt":"2020-03-01T13:18:42","slug":"%d0%ba%d1%83%d1%81%d1%81-%d0%bd%d0%b5%d1%80%d0%b6%d0%b0%d0%b2%d0%b5%d1%8e%d1%89%d0%b8%d0%b9","status":"publish","type":"page","link":"https:\/\/www.mazam.eu\/ru\/tooted\/happekindlad-roostevabad-tooted\/kouss-roostevaba\/","title":{"rendered":"\u041d\u0435\u0440\u0436\u0430\u0432\u0435\u044e\u0449\u0430\u044f \u0441\u0442\u0430\u043b\u044c Kouss"},"content":{"rendered":"<div class='epvc-post-count'><span class='epvc-eye'><\/span>  <span class=\"epvc-count\"> 4&nbsp;291<\/span><span class='epvc-label'> \u043f\u0440\u043e\u0441\u043c\u043e\u0442\u0440<\/span><\/div><p><img loading=\"lazy\" decoding=\"async\" class=\"alignnone size-full wp-image-4845\" src=\"https:\/\/www.mazam.eu\/wp-content\/uploads\/2020\/03\/kouss-roostevaba-AISI-316-joonis.png\" alt=\"\" width=\"219\" height=\"225\" data-id=\"4845\" \/><\/p>\n<table width=\"512\">\n<tbody>\n<tr>\n<td style=\"text-align: center;\" colspan=\"2\" width=\"128\"><strong>\u0414\u043b\u044f \u044f\u043a\u043e\u0440\u043d\u043e\u0433\u043e \u0442\u0440\u043e\u0441\u0430<\/strong><\/td>\n<td style=\"text-align: center;\" colspan=\"2\" width=\"128\"><strong>L\u00a0<\/strong><\/td>\n<td style=\"text-align: center;\" colspan=\"2\" width=\"128\"><strong>H\u00a0<\/strong><\/td>\n<td style=\"text-align: center;\" colspan=\"2\" width=\"128\"><strong>\u0412\u0435\u0441<\/strong><\/td>\n<\/tr>\n<tr>\n<td style=\"text-align: center;\" colspan=\"2\" width=\"128\">3 \u043c\u043c<\/td>\n<td style=\"text-align: center;\" colspan=\"2\" width=\"128\">11 \u043c\u043c<\/td>\n<td style=\"text-align: center;\" colspan=\"2\" width=\"128\">22 \u043c\u043c<\/td>\n<td style=\"text-align: center;\" colspan=\"2\" width=\"128\">0,002<\/td>\n<\/tr>\n<tr>\n<td style=\"text-align: center;\" colspan=\"2\" width=\"128\">4 \u043c\u043c<\/td>\n<td style=\"text-align: center;\" colspan=\"2\" width=\"128\">13\u043c\u043c<\/td>\n<td style=\"text-align: center;\" colspan=\"2\" width=\"128\">27 \u043c\u043c<\/td>\n<td style=\"text-align: center;\" colspan=\"2\" width=\"128\">0,005<\/td>\n<\/tr>\n<tr>\n<td style=\"text-align: center;\" colspan=\"2\" width=\"128\">5 \u043c\u043c<\/td>\n<td style=\"text-align: center;\" colspan=\"2\" width=\"128\">14 \u043c\u043c<\/td>\n<td style=\"text-align: center;\" colspan=\"2\" width=\"128\">27 \u043c\u043c<\/td>\n<td style=\"text-align: center;\" colspan=\"2\" width=\"128\">0,005<\/td>\n<\/tr>\n<tr>\n<td style=\"text-align: center;\" colspan=\"2\" width=\"128\">6 \u043c\u043c<\/td>\n<td style=\"text-align: center;\" colspan=\"2\" width=\"128\">16 \u043c\u043c<\/td>\n<td style=\"text-align: center;\" colspan=\"2\" width=\"128\">31 \u043c\u043c<\/td>\n<td style=\"text-align: center;\" colspan=\"2\" width=\"128\">0,007<\/td>\n<\/tr>\n<tr>\n<td style=\"text-align: center;\" colspan=\"2\" width=\"128\">8 \u043c\u043c<\/td>\n<td style=\"text-align: center;\" colspan=\"2\" width=\"128\">18 \u043c\u043c<\/td>\n<td style=\"text-align: center;\" colspan=\"2\" width=\"128\">37 \u043c\u043c<\/td>\n<td style=\"text-align: center;\" colspan=\"2\" width=\"128\">0,013<\/td>\n<\/tr>\n<tr>\n<td style=\"text-align: center;\" colspan=\"2\" width=\"128\">10 \u043c\u043c<\/td>\n<td style=\"text-align: center;\" colspan=\"2\" width=\"128\">22 \u043c\u043c<\/td>\n<td style=\"text-align: center;\" colspan=\"2\" width=\"128\">46 \u043c\u043c<\/td>\n<td style=\"text-align: center;\" colspan=\"2\" width=\"128\">0,026<\/td>\n<\/tr>\n<tr>\n<td style=\"text-align: center;\" colspan=\"2\" width=\"128\">12\u043c\u043c<\/td>\n<td style=\"text-align: center;\" colspan=\"2\" width=\"128\">27 \u043c\u043c<\/td>\n<td style=\"text-align: center;\" colspan=\"2\" width=\"128\">54 \u043c\u043c<\/td>\n<td style=\"text-align: center;\" colspan=\"2\" width=\"128\">0,035<\/td>\n<\/tr>\n<tr>\n<td style=\"text-align: center;\" colspan=\"2\" width=\"128\">14 \u043c\u043c<\/td>\n<td style=\"text-align: center;\" colspan=\"2\" width=\"128\">34 \u043c\u043c<\/td>\n<td style=\"text-align: center;\" colspan=\"2\" width=\"128\">56 \u043c\u043c<\/td>\n<td style=\"text-align: center;\" colspan=\"2\" width=\"128\">0,085<\/td>\n<\/tr>\n<tr>\n<td style=\"text-align: center;\" colspan=\"2\" width=\"128\">16 \u043c\u043c<\/td>\n<td style=\"text-align: center;\" colspan=\"2\" width=\"128\">36 \u043c\u043c<\/td>\n<td style=\"text-align: center;\" colspan=\"2\" width=\"128\">72 \u043c\u043c<\/td>\n<td style=\"text-align: center;\" colspan=\"2\" width=\"128\">0,114<\/td>\n<\/tr>\n<\/tbody>\n<\/table>","protected":false},"excerpt":{"rendered":"<p>4&nbsp;291 vaatamist Trossile L\u00a0 H\u00a0 Kaal 3 mm 11 mm 22 mm 0,002 4 mm 13 mm 27 mm 0,005 5 mm 14 mm 27 mm 0,005 6 mm 16 mm 31 mm 0,007 8 mm 18 mm 37 mm 0,013 10 mm 22 mm 46 mm 0,026 12 mm 27 mm 54 mm 0,035&#8230;<\/p>","protected":false},"author":1,"featured_media":0,"parent":651,"menu_order":0,"comment_status":"closed","ping_status":"closed","template":"","meta":{"_uf_show_specific_survey":0,"_uf_disable_surveys":false,"iawp_total_views":4,"footnotes":""},"class_list":["post-4844","page","type-page","status-publish","hentry"],"yoast_head":"<!-- This site is optimized with the Yoast SEO plugin v27.4 - https:\/\/yoast.com\/product\/yoast-seo-wordpress\/ -->\n<title>Kouss roostevaba - Mazam O\u00dc - tootmine ja m\u00fc\u00fck<\/title>\n<meta name=\"description\" content=\"Kouss roostevaba.\" \/>\n<meta name=\"robots\" content=\"index, follow, max-snippet:-1, max-image-preview:large, max-video-preview:-1\" \/>\n<link rel=\"canonical\" href=\"https:\/\/www.mazam.eu\/ru\/produkty\/\u043f\u0440\u043e\u0434\u0443\u043a\u0442\u044b-\u0438\u0437-\u043d\u0435\u0440\u0436\u0430\u0432\u0435\u044e\u0449\u0435\u0439-\u0441\u0442\u0430\u043b\u0438\/\u043a\u0443\u0441\u0441-\u043d\u0435\u0440\u0436\u0430\u0432\u0435\u044e\u0449\u0438\u0439\/\" \/>\n<meta property=\"og:locale\" content=\"ru_RU\" \/>\n<meta property=\"og:type\" content=\"article\" \/>\n<meta property=\"og:title\" content=\"Kouss roostevaba - Mazam O\u00dc - tootmine ja m\u00fc\u00fck\" \/>\n<meta property=\"og:description\" content=\"Kouss roostevaba.\" \/>\n<meta property=\"og:url\" content=\"https:\/\/www.mazam.eu\/ru\/produkty\/\u043f\u0440\u043e\u0434\u0443\u043a\u0442\u044b-\u0438\u0437-\u043d\u0435\u0440\u0436\u0430\u0432\u0435\u044e\u0449\u0435\u0439-\u0441\u0442\u0430\u043b\u0438\/\u043a\u0443\u0441\u0441-\u043d\u0435\u0440\u0436\u0430\u0432\u0435\u044e\u0449\u0438\u0439\/\" \/>\n<meta property=\"og:site_name\" content=\"Mazam O&Uuml; | T&otilde;ste- ja koormakinnitusvahendite tootmine ja m&uuml;&uuml;k (2014 - 2026) - linttropp &bull; koormarihm &bull; ringt&otilde;stev&ouml;&ouml; &bull; terastross &bull; kett-tropp &bull; vints &bull; t&otilde;stemagnet jpm.\" \/>\n<meta property=\"og:image\" content=\"https:\/\/www.mazam.eu\/wp-content\/uploads\/2020\/03\/kouss-roostevaba-AISI-316-joonis.png\" \/>\n<meta name=\"twitter:card\" content=\"summary_large_image\" \/>\n<script type=\"application\/ld+json\" class=\"yoast-schema-graph\">{\"@context\":\"https:\\\/\\\/schema.org\",\"@graph\":[{\"@type\":\"WebPage\",\"@id\":\"https:\\\/\\\/www.mazam.eu\\\/tooted\\\/happekindlad-roostevabad-tooted\\\/kouss-roostevaba\\\/\",\"url\":\"https:\\\/\\\/www.mazam.eu\\\/tooted\\\/happekindlad-roostevabad-tooted\\\/kouss-roostevaba\\\/\",\"name\":\"Kouss roostevaba - Mazam O\u00dc - tootmine ja m\u00fc\u00fck\",\"isPartOf\":{\"@id\":\"https:\\\/\\\/www.mazam.eu\\\/#website\"},\"primaryImageOfPage\":{\"@id\":\"https:\\\/\\\/www.mazam.eu\\\/tooted\\\/happekindlad-roostevabad-tooted\\\/kouss-roostevaba\\\/#primaryimage\"},\"image\":{\"@id\":\"https:\\\/\\\/www.mazam.eu\\\/tooted\\\/happekindlad-roostevabad-tooted\\\/kouss-roostevaba\\\/#primaryimage\"},\"thumbnailUrl\":\"https:\\\/\\\/www.mazam.eu\\\/wp-content\\\/uploads\\\/2020\\\/03\\\/kouss-roostevaba-AISI-316-joonis.png\",\"datePublished\":\"2020-03-01T13:18:42+00:00\",\"description\":\"Kouss roostevaba.\",\"breadcrumb\":{\"@id\":\"https:\\\/\\\/www.mazam.eu\\\/tooted\\\/happekindlad-roostevabad-tooted\\\/kouss-roostevaba\\\/#breadcrumb\"},\"inLanguage\":\"ru-RU\",\"potentialAction\":[{\"@type\":\"ReadAction\",\"target\":[\"https:\\\/\\\/www.mazam.eu\\\/tooted\\\/happekindlad-roostevabad-tooted\\\/kouss-roostevaba\\\/\"]}]},{\"@type\":\"ImageObject\",\"inLanguage\":\"ru-RU\",\"@id\":\"https:\\\/\\\/www.mazam.eu\\\/tooted\\\/happekindlad-roostevabad-tooted\\\/kouss-roostevaba\\\/#primaryimage\",\"url\":\"https:\\\/\\\/www.mazam.eu\\\/wp-content\\\/uploads\\\/2020\\\/03\\\/kouss-roostevaba-AISI-316-joonis.png\",\"contentUrl\":\"https:\\\/\\\/www.mazam.eu\\\/wp-content\\\/uploads\\\/2020\\\/03\\\/kouss-roostevaba-AISI-316-joonis.png\"},{\"@type\":\"BreadcrumbList\",\"@id\":\"https:\\\/\\\/www.mazam.eu\\\/tooted\\\/happekindlad-roostevabad-tooted\\\/kouss-roostevaba\\\/#breadcrumb\",\"itemListElement\":[{\"@type\":\"ListItem\",\"position\":1,\"name\":\"Home\",\"item\":\"https:\\\/\\\/www.mazam.eu\\\/\"},{\"@type\":\"ListItem\",\"position\":2,\"name\":\"Tooted\",\"item\":\"https:\\\/\\\/www.mazam.eu\\\/tooted\\\/\"},{\"@type\":\"ListItem\",\"position\":3,\"name\":\"happekindlad roostevabad tooted\",\"item\":\"https:\\\/\\\/www.mazam.eu\\\/tooted\\\/happekindlad-roostevabad-tooted\\\/\"},{\"@type\":\"ListItem\",\"position\":4,\"name\":\"Kouss roostevaba\"}]},{\"@type\":\"WebSite\",\"@id\":\"https:\\\/\\\/www.mazam.eu\\\/#website\",\"url\":\"https:\\\/\\\/www.mazam.eu\\\/\",\"name\":\"Mazam O&Uuml; | T&otilde;ste- ja koormakinnitusvahendite tootmine ja m&uuml;&uuml;k (2014 - 2026) - linttropp &bull; koormarihm &bull; ringt&otilde;stev&ouml;&ouml; &bull; terastross &bull; kett-tropp &bull; vints &bull; t&otilde;stemagnet jpm.\",\"description\":\"T&otilde;ste- ja kinnituslahendused | Lifting- and lashing solutions\",\"publisher\":{\"@id\":\"https:\\\/\\\/www.mazam.eu\\\/#organization\"},\"potentialAction\":[{\"@type\":\"SearchAction\",\"target\":{\"@type\":\"EntryPoint\",\"urlTemplate\":\"https:\\\/\\\/www.mazam.eu\\\/?s={search_term_string}\"},\"query-input\":{\"@type\":\"PropertyValueSpecification\",\"valueRequired\":true,\"valueName\":\"search_term_string\"}}],\"inLanguage\":\"ru-RU\"},{\"@type\":\"Organization\",\"@id\":\"https:\\\/\\\/www.mazam.eu\\\/#organization\",\"name\":\"Mazam O\u00dc\",\"url\":\"https:\\\/\\\/www.mazam.eu\\\/\",\"logo\":{\"@type\":\"ImageObject\",\"inLanguage\":\"ru-RU\",\"@id\":\"https:\\\/\\\/www.mazam.eu\\\/#\\\/schema\\\/logo\\\/image\\\/\",\"url\":\"https:\\\/\\\/www.mazam.eu\\\/wp-content\\\/uploads\\\/2015\\\/10\\\/mazam-logo-linttropp-koormarihm-t\u00f5stev\u00f6\u00f6.png\",\"contentUrl\":\"https:\\\/\\\/www.mazam.eu\\\/wp-content\\\/uploads\\\/2015\\\/10\\\/mazam-logo-linttropp-koormarihm-t\u00f5stev\u00f6\u00f6.png\",\"width\":190,\"height\":70,\"caption\":\"Mazam O\u00dc\"},\"image\":{\"@id\":\"https:\\\/\\\/www.mazam.eu\\\/#\\\/schema\\\/logo\\\/image\\\/\"}}]}<\/script>\n<!-- \/ Yoast SEO plugin. -->","yoast_head_json":{"title":"\u041d\u0435\u0440\u0436\u0430\u0432\u0435\u044e\u0449\u0430\u044f \u0441\u0442\u0430\u043b\u044c Kouss - Mazam O\u00dc - \u041f\u0440\u043e\u0438\u0437\u0432\u043e\u0434\u0441\u0442\u0432\u043e \u0438 \u043f\u0440\u043e\u0434\u0430\u0436\u0430","description":"\u041d\u0435\u0440\u0436\u0430\u0432\u0435\u044e\u0449\u0430\u044f \u0441\u0442\u0430\u043b\u044c.","robots":{"index":"index","follow":"follow","max-snippet":"max-snippet:-1","max-image-preview":"max-image-preview:large","max-video-preview":"max-video-preview:-1"},"canonical":"https:\/\/www.mazam.eu\/ru\/produkty\/\u043f\u0440\u043e\u0434\u0443\u043a\u0442\u044b-\u0438\u0437-\u043d\u0435\u0440\u0436\u0430\u0432\u0435\u044e\u0449\u0435\u0439-\u0441\u0442\u0430\u043b\u0438\/\u043a\u0443\u0441\u0441-\u043d\u0435\u0440\u0436\u0430\u0432\u0435\u044e\u0449\u0438\u0439\/","og_locale":"ru_RU","og_type":"article","og_title":"Kouss roostevaba - Mazam O\u00dc - tootmine ja m\u00fc\u00fck","og_description":"Kouss roostevaba.","og_url":"https:\/\/www.mazam.eu\/ru\/produkty\/\u043f\u0440\u043e\u0434\u0443\u043a\u0442\u044b-\u0438\u0437-\u043d\u0435\u0440\u0436\u0430\u0432\u0435\u044e\u0449\u0435\u0439-\u0441\u0442\u0430\u043b\u0438\/\u043a\u0443\u0441\u0441-\u043d\u0435\u0440\u0436\u0430\u0432\u0435\u044e\u0449\u0438\u0439\/","og_site_name":"Mazam O&Uuml; | T&otilde;ste- ja koormakinnitusvahendite tootmine ja m&uuml;&uuml;k (2014 - 2026) - linttropp &bull; koormarihm &bull; ringt&otilde;stev&ouml;&ouml; &bull; terastross &bull; kett-tropp &bull; vints &bull; t&otilde;stemagnet jpm.","og_image":[{"url":"https:\/\/www.mazam.eu\/wp-content\/uploads\/2020\/03\/kouss-roostevaba-AISI-316-joonis.png","type":"","width":"","height":""}],"twitter_card":"summary_large_image","schema":{"@context":"https:\/\/schema.org","@graph":[{"@type":"WebPage","@id":"https:\/\/www.mazam.eu\/tooted\/happekindlad-roostevabad-tooted\/kouss-roostevaba\/","url":"https:\/\/www.mazam.eu\/tooted\/happekindlad-roostevabad-tooted\/kouss-roostevaba\/","name":"\u041d\u0435\u0440\u0436\u0430\u0432\u0435\u044e\u0449\u0430\u044f \u0441\u0442\u0430\u043b\u044c Kouss - Mazam O\u00dc - \u041f\u0440\u043e\u0438\u0437\u0432\u043e\u0434\u0441\u0442\u0432\u043e \u0438 \u043f\u0440\u043e\u0434\u0430\u0436\u0430","isPartOf":{"@id":"https:\/\/www.mazam.eu\/#website"},"primaryImageOfPage":{"@id":"https:\/\/www.mazam.eu\/tooted\/happekindlad-roostevabad-tooted\/kouss-roostevaba\/#primaryimage"},"image":{"@id":"https:\/\/www.mazam.eu\/tooted\/happekindlad-roostevabad-tooted\/kouss-roostevaba\/#primaryimage"},"thumbnailUrl":"https:\/\/www.mazam.eu\/wp-content\/uploads\/2020\/03\/kouss-roostevaba-AISI-316-joonis.png","datePublished":"2020-03-01T13:18:42+00:00","description":"\u041d\u0435\u0440\u0436\u0430\u0432\u0435\u044e\u0449\u0430\u044f \u0441\u0442\u0430\u043b\u044c.","breadcrumb":{"@id":"https:\/\/www.mazam.eu\/tooted\/happekindlad-roostevabad-tooted\/kouss-roostevaba\/#breadcrumb"},"inLanguage":"ru-RU","potentialAction":[{"@type":"ReadAction","target":["https:\/\/www.mazam.eu\/tooted\/happekindlad-roostevabad-tooted\/kouss-roostevaba\/"]}]},{"@type":"ImageObject","inLanguage":"ru-RU","@id":"https:\/\/www.mazam.eu\/tooted\/happekindlad-roostevabad-tooted\/kouss-roostevaba\/#primaryimage","url":"https:\/\/www.mazam.eu\/wp-content\/uploads\/2020\/03\/kouss-roostevaba-AISI-316-joonis.png","contentUrl":"https:\/\/www.mazam.eu\/wp-content\/uploads\/2020\/03\/kouss-roostevaba-AISI-316-joonis.png"},{"@type":"BreadcrumbList","@id":"https:\/\/www.mazam.eu\/tooted\/happekindlad-roostevabad-tooted\/kouss-roostevaba\/#breadcrumb","itemListElement":[{"@type":"ListItem","position":1,"name":"Home","item":"https:\/\/www.mazam.eu\/"},{"@type":"ListItem","position":2,"name":"Tooted","item":"https:\/\/www.mazam.eu\/tooted\/"},{"@type":"ListItem","position":3,"name":"happekindlad roostevabad tooted","item":"https:\/\/www.mazam.eu\/tooted\/happekindlad-roostevabad-tooted\/"},{"@type":"ListItem","position":4,"name":"Kouss roostevaba"}]},{"@type":"WebSite","@id":"https:\/\/www.mazam.eu\/#website","url":"https:\/\/www.mazam.eu\/","name":"Mazam O\u00dc | \u041f\u0440\u043e\u0438\u0437\u0432\u043e\u0434\u0441\u0442\u0432\u043e \u0438 \u043f\u0440\u043e\u0434\u0430\u0436\u0430 \u043f\u043e\u0434\u044a\u0435\u043c\u043d\u043e-\u0442\u0440\u0430\u043d\u0441\u043f\u043e\u0440\u0442\u043d\u043e\u0433\u043e \u043e\u0431\u043e\u0440\u0443\u0434\u043e\u0432\u0430\u043d\u0438\u044f (2014 - 2026) - \u043b\u0438\u043d\u0442\u0440\u0443\u043f\u0430 - \u0433\u0440\u0443\u0437\u043e\u0432\u043e\u0439 \u0440\u0435\u043c\u0435\u043d\u044c - \u0442\u0430\u043b\u0435\u0432\u044b\u0439 \u0440\u0435\u043c\u0435\u043d\u044c - \u0441\u0442\u0430\u043b\u044c\u043d\u043e\u0439 \u043a\u0430\u043d\u0430\u0442 - \u0446\u0435\u043f\u043d\u043e\u0439 \u0442\u0430\u043b\u0440\u0435\u043f - \u043b\u0435\u0431\u0435\u0434\u043a\u0430 - \u043f\u043e\u0434\u044a\u0435\u043c\u043d\u044b\u0439 \u043c\u0430\u0433\u043d\u0438\u0442 \u0438 \u0442.\u0434.","description":"\u0420\u0435\u0448\u0435\u043d\u0438\u044f \u0434\u043b\u044f \u043f\u043e\u0434\u044a\u0435\u043c\u0430 \u0438 \u043a\u0440\u0435\u043f\u043b\u0435\u043d\u0438\u044f | \u0420\u0435\u0448\u0435\u043d\u0438\u044f \u0434\u043b\u044f \u043f\u043e\u0434\u044a\u0435\u043c\u0430 \u0438 \u043a\u0440\u0435\u043f\u043b\u0435\u043d\u0438\u044f","publisher":{"@id":"https:\/\/www.mazam.eu\/#organization"},"potentialAction":[{"@type":"SearchAction","target":{"@type":"EntryPoint","urlTemplate":"https:\/\/www.mazam.eu\/?s={search_term_string}"},"query-input":{"@type":"PropertyValueSpecification","valueRequired":true,"valueName":"search_term_string"}}],"inLanguage":"ru-RU"},{"@type":"Organization","@id":"https:\/\/www.mazam.eu\/#organization","name":"Mazam O\u00dc","url":"https:\/\/www.mazam.eu\/","logo":{"@type":"ImageObject","inLanguage":"ru-RU","@id":"https:\/\/www.mazam.eu\/#\/schema\/logo\/image\/","url":"https:\/\/www.mazam.eu\/wp-content\/uploads\/2015\/10\/mazam-logo-linttropp-koormarihm-t\u00f5stev\u00f6\u00f6.png","contentUrl":"https:\/\/www.mazam.eu\/wp-content\/uploads\/2015\/10\/mazam-logo-linttropp-koormarihm-t\u00f5stev\u00f6\u00f6.png","width":190,"height":70,"caption":"Mazam O\u00dc"},"image":{"@id":"https:\/\/www.mazam.eu\/#\/schema\/logo\/image\/"}}]}},"_links":{"self":[{"href":"https:\/\/www.mazam.eu\/ru\/wp-json\/wp\/v2\/pages\/4844","targetHints":{"allow":["GET"]}}],"collection":[{"href":"https:\/\/www.mazam.eu\/ru\/wp-json\/wp\/v2\/pages"}],"about":[{"href":"https:\/\/www.mazam.eu\/ru\/wp-json\/wp\/v2\/types\/page"}],"author":[{"embeddable":true,"href":"https:\/\/www.mazam.eu\/ru\/wp-json\/wp\/v2\/users\/1"}],"replies":[{"embeddable":true,"href":"https:\/\/www.mazam.eu\/ru\/wp-json\/wp\/v2\/comments?post=4844"}],"version-history":[{"count":1,"href":"https:\/\/www.mazam.eu\/ru\/wp-json\/wp\/v2\/pages\/4844\/revisions"}],"predecessor-version":[{"id":4846,"href":"https:\/\/www.mazam.eu\/ru\/wp-json\/wp\/v2\/pages\/4844\/revisions\/4846"}],"up":[{"embeddable":true,"href":"https:\/\/www.mazam.eu\/ru\/wp-json\/wp\/v2\/pages\/651"}],"wp:attachment":[{"href":"https:\/\/www.mazam.eu\/ru\/wp-json\/wp\/v2\/media?parent=4844"}],"curies":[{"name":"wp","href":"https:\/\/api.w.org\/{rel}","templated":true}]}}