{"id":4848,"date":"2020-03-01T13:30:17","date_gmt":"2020-03-01T13:30:17","guid":{"rendered":"https:\/\/www.mazam.eu\/?page_id=4848"},"modified":"2020-03-01T13:35:38","modified_gmt":"2020-03-01T13:35:38","slug":"%d0%ba%d0%b0%d1%80%d0%b0%d0%b1%d0%b8%d0%bd-%d0%b8%d0%b7-%d0%bd%d0%b5%d1%80%d0%b6%d0%b0%d0%b2%d0%b5%d1%8e%d1%89%d0%b5%d0%b9-%d1%81%d1%82%d0%b0%d0%bb%d0%b8","status":"publish","type":"page","link":"https:\/\/www.mazam.eu\/ru\/tooted\/happekindlad-roostevabad-tooted\/karabiin-roostevaba\/","title":{"rendered":"\u041a\u0430\u0440\u0430\u0431\u0438\u043d \u0438\u0437 \u043d\u0435\u0440\u0436\u0430\u0432\u0435\u044e\u0449\u0435\u0439 \u0441\u0442\u0430\u043b\u0438"},"content":{"rendered":"<div class='epvc-post-count'><span class='epvc-eye'><\/span>  <span class=\"epvc-count\"> 4 489<\/span><span class='epvc-label'> \u043f\u0440\u043e\u0441\u043c\u043e\u0442\u0440<\/span><\/div><p><img loading=\"lazy\" decoding=\"async\" class=\"alignnone size-full wp-image-4849\" src=\"https:\/\/www.mazam.eu\/wp-content\/uploads\/2020\/03\/karabiin-roostevaba-AISI-316-joonis.png\" alt=\"\" width=\"106\" height=\"197\" data-id=\"4849\" \/><\/p>\n<table style=\"width: 93.1687%; height: 263px;\" width=\"475\">\n<tbody>\n<tr>\n<td style=\"text-align: center;\" width=\"91\"><strong>\u0420\u0430\u0437\u043c\u0435\u0440<\/strong><\/td>\n<td style=\"text-align: center;\" width=\"64\"><strong>A<\/strong><\/td>\n<td style=\"text-align: center;\" width=\"64\"><strong>D<\/strong><\/td>\n<td style=\"text-align: center;\" width=\"64\"><strong>H<\/strong><\/td>\n<td style=\"text-align: center;\" width=\"64\"><strong>S<\/strong><\/td>\n<td style=\"text-align: center;\" width=\"64\"><strong>T<\/strong><\/td>\n<td style=\"text-align: center;\" width=\"64\"><strong>\u0412\u0435\u0441<\/strong><\/td>\n<\/tr>\n<tr>\n<td style=\"text-align: center;\" width=\"91\">4\u00d740 \u043c\u043c<\/td>\n<td style=\"text-align: center;\" width=\"64\">6 \u043c\u043c<\/td>\n<td style=\"text-align: center;\" width=\"64\">4 \u043c\u043c<\/td>\n<td style=\"text-align: center;\" width=\"64\">40 \u043c\u043c<\/td>\n<td style=\"text-align: center;\" width=\"64\">7 \u043c\u043c<\/td>\n<td style=\"text-align: center;\" width=\"64\">5 \u043c\u043c<\/td>\n<td style=\"text-align: center;\" width=\"64\">0,008 \u043a\u0433<\/td>\n<\/tr>\n<tr>\n<td style=\"text-align: center;\" width=\"91\">5\u00d750 \u043c\u043c<\/td>\n<td style=\"text-align: center;\" width=\"64\">8 \u043c\u043c<\/td>\n<td style=\"text-align: center;\" width=\"64\">5 \u043c\u043c<\/td>\n<td style=\"text-align: center;\" width=\"64\">50 \u043c\u043c<\/td>\n<td style=\"text-align: center;\" width=\"64\">7 \u043c\u043c<\/td>\n<td style=\"text-align: center;\" width=\"64\">7 \u043c\u043c<\/td>\n<td style=\"text-align: center;\" width=\"64\">0,015 \u043a\u0433<\/td>\n<\/tr>\n<tr>\n<td style=\"text-align: center;\" width=\"91\">6\u00d760 \u043c\u043c<\/td>\n<td style=\"text-align: center;\" width=\"64\">9 \u043c\u043c<\/td>\n<td style=\"text-align: center;\" width=\"64\">6 \u043c\u043c<\/td>\n<td style=\"text-align: center;\" width=\"64\">60 \u043c\u043c<\/td>\n<td style=\"text-align: center;\" width=\"64\">8 \u043c\u043c<\/td>\n<td style=\"text-align: center;\" width=\"64\">8 \u043c\u043c<\/td>\n<td style=\"text-align: center;\" width=\"64\">0,027 \u043a\u0433<\/td>\n<\/tr>\n<tr>\n<td style=\"text-align: center;\" width=\"91\">7\u00d770 \u043c\u043c<\/td>\n<td style=\"text-align: center;\" width=\"64\">10 \u043c\u043c<\/td>\n<td style=\"text-align: center;\" width=\"64\">7 \u043c\u043c<\/td>\n<td style=\"text-align: center;\" width=\"64\">70 \u043c\u043c<\/td>\n<td style=\"text-align: center;\" width=\"64\">9 \u043c\u043c<\/td>\n<td style=\"text-align: center;\" width=\"64\">8 \u043c\u043c<\/td>\n<td style=\"text-align: center;\" width=\"64\">0,042 \u043a\u0433<\/td>\n<\/tr>\n<tr>\n<td style=\"text-align: center;\" width=\"91\">8\u00d780 \u043c\u043c<\/td>\n<td style=\"text-align: center;\" width=\"64\">12\u043c\u043c<\/td>\n<td style=\"text-align: center;\" width=\"64\">8 \u043c\u043c<\/td>\n<td style=\"text-align: center;\" width=\"64\">80 \u043c\u043c<\/td>\n<td style=\"text-align: center;\" width=\"64\">11 \u043c\u043c<\/td>\n<td style=\"text-align: center;\" width=\"64\">11 \u043c\u043c<\/td>\n<td style=\"text-align: center;\" width=\"64\">0,062 \u043a\u0433<\/td>\n<\/tr>\n<tr>\n<td style=\"text-align: center;\" width=\"91\">10\u00d7100 \u043c\u043c<\/td>\n<td style=\"text-align: center;\" width=\"64\">15 \u043c\u043c<\/td>\n<td style=\"text-align: center;\" width=\"64\">10 \u043c\u043c<\/td>\n<td style=\"text-align: center;\" width=\"64\">100 \u043c\u043c<\/td>\n<td style=\"text-align: center;\" width=\"64\">14 \u043c\u043c<\/td>\n<td style=\"text-align: center;\" width=\"64\">16 \u043c\u043c<\/td>\n<td style=\"text-align: center;\" width=\"64\">0,122 \u043a\u0433<\/td>\n<\/tr>\n<tr>\n<td style=\"text-align: center;\" width=\"91\">11\u00d7120 \u043c\u043c<\/td>\n<td style=\"text-align: center;\" width=\"64\">19 \u043c\u043c<\/td>\n<td style=\"text-align: center;\" width=\"64\">11 \u043c\u043c<\/td>\n<td style=\"text-align: center;\" width=\"64\">120 \u043c\u043c<\/td>\n<td style=\"text-align: center;\" width=\"64\">21 \u043c\u043c<\/td>\n<td style=\"text-align: center;\" width=\"64\">12\u043c\u043c<\/td>\n<td style=\"text-align: center;\" width=\"64\">0,181 \u043a\u0433<\/td>\n<\/tr>\n<tr>\n<td style=\"text-align: center;\" width=\"91\">12\u00d7140 \u043c\u043c<\/td>\n<td style=\"text-align: center;\" width=\"64\">20 \u043c\u043c<\/td>\n<td style=\"text-align: center;\" width=\"64\">12\u043c\u043c<\/td>\n<td style=\"text-align: center;\" width=\"64\">140 \u043c\u043c<\/td>\n<td style=\"text-align: center;\" width=\"64\">22 \u043c\u043c<\/td>\n<td style=\"text-align: center;\" width=\"64\">18 \u043c\u043c<\/td>\n<td style=\"text-align: center;\" width=\"64\">0,257 \u043a\u0433<\/td>\n<\/tr>\n<tr>\n<td style=\"text-align: center;\" width=\"91\">13\u00d7160 \u043c\u043c<\/td>\n<td style=\"text-align: center;\" width=\"64\">23 \u043c\u043c<\/td>\n<td style=\"text-align: center;\" width=\"64\">13\u043c\u043c<\/td>\n<td style=\"text-align: center;\" width=\"64\">160 \u043c\u043c<\/td>\n<td style=\"text-align: center;\" width=\"64\">30 \u043c\u043c<\/td>\n<td style=\"text-align: center;\" width=\"64\">20 \u043c\u043c<\/td>\n<td style=\"text-align: center;\" width=\"64\">0,341 \u043a\u0433<\/td>\n<\/tr>\n<\/tbody>\n<\/table>","protected":false},"excerpt":{"rendered":"<p>4&nbsp;489 vaatamist Suurus A D H S T Kaal 4&#215;40 mm 6 mm 4 mm 40 mm 7 mm 5 mm 0,008 kg 5&#215;50 mm 8 mm 5 mm 50 mm 7 mm 7 mm 0,015 kg 6&#215;60 mm 9 mm 6 mm 60 mm 8 mm 8 mm 0,027 kg 7&#215;70 mm 10 mm&#8230;<\/p>","protected":false},"author":1,"featured_media":0,"parent":651,"menu_order":0,"comment_status":"closed","ping_status":"closed","template":"","meta":{"_uf_show_specific_survey":0,"_uf_disable_surveys":false,"iawp_total_views":41,"footnotes":""},"class_list":["post-4848","page","type-page","status-publish","hentry"],"yoast_head":"<!-- This site is optimized with the Yoast SEO plugin v27.4 - https:\/\/yoast.com\/product\/yoast-seo-wordpress\/ -->\n<title>Karabiin roostevaba - Mazam O\u00dc - tootmine ja m\u00fc\u00fck<\/title>\n<meta name=\"description\" content=\"Karabiin roostevaba.\" \/>\n<meta name=\"robots\" content=\"index, follow, max-snippet:-1, max-image-preview:large, max-video-preview:-1\" \/>\n<link rel=\"canonical\" href=\"https:\/\/www.mazam.eu\/ru\/produkty\/\u043f\u0440\u043e\u0434\u0443\u043a\u0442\u044b-\u0438\u0437-\u043d\u0435\u0440\u0436\u0430\u0432\u0435\u044e\u0449\u0435\u0439-\u0441\u0442\u0430\u043b\u0438\/\u043a\u0430\u0440\u0430\u0431\u0438\u043d-\u0438\u0437-\u043d\u0435\u0440\u0436\u0430\u0432\u0435\u044e\u0449\u0435\u0439-\u0441\u0442\u0430\u043b\u0438\/\" \/>\n<meta property=\"og:locale\" content=\"ru_RU\" \/>\n<meta property=\"og:type\" content=\"article\" \/>\n<meta property=\"og:title\" content=\"Karabiin roostevaba - Mazam O\u00dc - tootmine ja m\u00fc\u00fck\" \/>\n<meta property=\"og:description\" content=\"Karabiin roostevaba.\" \/>\n<meta property=\"og:url\" content=\"https:\/\/www.mazam.eu\/ru\/produkty\/\u043f\u0440\u043e\u0434\u0443\u043a\u0442\u044b-\u0438\u0437-\u043d\u0435\u0440\u0436\u0430\u0432\u0435\u044e\u0449\u0435\u0439-\u0441\u0442\u0430\u043b\u0438\/\u043a\u0430\u0440\u0430\u0431\u0438\u043d-\u0438\u0437-\u043d\u0435\u0440\u0436\u0430\u0432\u0435\u044e\u0449\u0435\u0439-\u0441\u0442\u0430\u043b\u0438\/\" \/>\n<meta property=\"og:site_name\" content=\"Mazam O&Uuml; | T&otilde;ste- ja koormakinnitusvahendite tootmine ja m&uuml;&uuml;k (2014 - 2026) - linttropp &bull; koormarihm &bull; ringt&otilde;stev&ouml;&ouml; &bull; terastross &bull; kett-tropp &bull; vints &bull; t&otilde;stemagnet jpm.\" \/>\n<meta property=\"article:modified_time\" content=\"2020-03-01T13:35:38+00:00\" \/>\n<meta property=\"og:image\" content=\"https:\/\/www.mazam.eu\/wp-content\/uploads\/2020\/03\/karabiin-roostevaba-AISI-316-joonis.png\" \/>\n<meta name=\"twitter:card\" content=\"summary_large_image\" \/>\n<script type=\"application\/ld+json\" class=\"yoast-schema-graph\">{\"@context\":\"https:\\\/\\\/schema.org\",\"@graph\":[{\"@type\":\"WebPage\",\"@id\":\"https:\\\/\\\/www.mazam.eu\\\/tooted\\\/happekindlad-roostevabad-tooted\\\/karabiin-roostevaba\\\/\",\"url\":\"https:\\\/\\\/www.mazam.eu\\\/tooted\\\/happekindlad-roostevabad-tooted\\\/karabiin-roostevaba\\\/\",\"name\":\"Karabiin roostevaba - Mazam O\u00dc - tootmine ja m\u00fc\u00fck\",\"isPartOf\":{\"@id\":\"https:\\\/\\\/www.mazam.eu\\\/#website\"},\"primaryImageOfPage\":{\"@id\":\"https:\\\/\\\/www.mazam.eu\\\/tooted\\\/happekindlad-roostevabad-tooted\\\/karabiin-roostevaba\\\/#primaryimage\"},\"image\":{\"@id\":\"https:\\\/\\\/www.mazam.eu\\\/tooted\\\/happekindlad-roostevabad-tooted\\\/karabiin-roostevaba\\\/#primaryimage\"},\"thumbnailUrl\":\"https:\\\/\\\/www.mazam.eu\\\/wp-content\\\/uploads\\\/2020\\\/03\\\/karabiin-roostevaba-AISI-316-joonis.png\",\"datePublished\":\"2020-03-01T13:30:17+00:00\",\"dateModified\":\"2020-03-01T13:35:38+00:00\",\"description\":\"Karabiin roostevaba.\",\"breadcrumb\":{\"@id\":\"https:\\\/\\\/www.mazam.eu\\\/tooted\\\/happekindlad-roostevabad-tooted\\\/karabiin-roostevaba\\\/#breadcrumb\"},\"inLanguage\":\"ru-RU\",\"potentialAction\":[{\"@type\":\"ReadAction\",\"target\":[\"https:\\\/\\\/www.mazam.eu\\\/tooted\\\/happekindlad-roostevabad-tooted\\\/karabiin-roostevaba\\\/\"]}]},{\"@type\":\"ImageObject\",\"inLanguage\":\"ru-RU\",\"@id\":\"https:\\\/\\\/www.mazam.eu\\\/tooted\\\/happekindlad-roostevabad-tooted\\\/karabiin-roostevaba\\\/#primaryimage\",\"url\":\"https:\\\/\\\/www.mazam.eu\\\/wp-content\\\/uploads\\\/2020\\\/03\\\/karabiin-roostevaba-AISI-316-joonis.png\",\"contentUrl\":\"https:\\\/\\\/www.mazam.eu\\\/wp-content\\\/uploads\\\/2020\\\/03\\\/karabiin-roostevaba-AISI-316-joonis.png\"},{\"@type\":\"BreadcrumbList\",\"@id\":\"https:\\\/\\\/www.mazam.eu\\\/tooted\\\/happekindlad-roostevabad-tooted\\\/karabiin-roostevaba\\\/#breadcrumb\",\"itemListElement\":[{\"@type\":\"ListItem\",\"position\":1,\"name\":\"Home\",\"item\":\"https:\\\/\\\/www.mazam.eu\\\/\"},{\"@type\":\"ListItem\",\"position\":2,\"name\":\"Tooted\",\"item\":\"https:\\\/\\\/www.mazam.eu\\\/tooted\\\/\"},{\"@type\":\"ListItem\",\"position\":3,\"name\":\"happekindlad roostevabad tooted\",\"item\":\"https:\\\/\\\/www.mazam.eu\\\/tooted\\\/happekindlad-roostevabad-tooted\\\/\"},{\"@type\":\"ListItem\",\"position\":4,\"name\":\"Karabiin roostevaba\"}]},{\"@type\":\"WebSite\",\"@id\":\"https:\\\/\\\/www.mazam.eu\\\/#website\",\"url\":\"https:\\\/\\\/www.mazam.eu\\\/\",\"name\":\"Mazam O&Uuml; | T&otilde;ste- ja koormakinnitusvahendite tootmine ja m&uuml;&uuml;k (2014 - 2026) - linttropp &bull; koormarihm &bull; ringt&otilde;stev&ouml;&ouml; &bull; terastross &bull; kett-tropp &bull; vints &bull; t&otilde;stemagnet jpm.\",\"description\":\"T&otilde;ste- ja kinnituslahendused | Lifting- and lashing solutions\",\"publisher\":{\"@id\":\"https:\\\/\\\/www.mazam.eu\\\/#organization\"},\"potentialAction\":[{\"@type\":\"SearchAction\",\"target\":{\"@type\":\"EntryPoint\",\"urlTemplate\":\"https:\\\/\\\/www.mazam.eu\\\/?s={search_term_string}\"},\"query-input\":{\"@type\":\"PropertyValueSpecification\",\"valueRequired\":true,\"valueName\":\"search_term_string\"}}],\"inLanguage\":\"ru-RU\"},{\"@type\":\"Organization\",\"@id\":\"https:\\\/\\\/www.mazam.eu\\\/#organization\",\"name\":\"Mazam O\u00dc\",\"url\":\"https:\\\/\\\/www.mazam.eu\\\/\",\"logo\":{\"@type\":\"ImageObject\",\"inLanguage\":\"ru-RU\",\"@id\":\"https:\\\/\\\/www.mazam.eu\\\/#\\\/schema\\\/logo\\\/image\\\/\",\"url\":\"https:\\\/\\\/www.mazam.eu\\\/wp-content\\\/uploads\\\/2015\\\/10\\\/mazam-logo-linttropp-koormarihm-t\u00f5stev\u00f6\u00f6.png\",\"contentUrl\":\"https:\\\/\\\/www.mazam.eu\\\/wp-content\\\/uploads\\\/2015\\\/10\\\/mazam-logo-linttropp-koormarihm-t\u00f5stev\u00f6\u00f6.png\",\"width\":190,\"height\":70,\"caption\":\"Mazam O\u00dc\"},\"image\":{\"@id\":\"https:\\\/\\\/www.mazam.eu\\\/#\\\/schema\\\/logo\\\/image\\\/\"}}]}<\/script>\n<!-- \/ Yoast SEO plugin. -->","yoast_head_json":{"title":"\u041a\u0430\u0440\u0430\u0431\u0438\u043d\u044b \u0438\u0437 \u043d\u0435\u0440\u0436\u0430\u0432\u0435\u044e\u0449\u0435\u0439 \u0441\u0442\u0430\u043b\u0438 - Mazam O\u00dc - \u041f\u0440\u043e\u0438\u0437\u0432\u043e\u0434\u0441\u0442\u0432\u043e \u0438 \u043f\u0440\u043e\u0434\u0430\u0436\u0430","description":"\u041a\u0430\u0440\u0430\u0431\u0438\u043d \u0438\u0437 \u043d\u0435\u0440\u0436\u0430\u0432\u0435\u044e\u0449\u0435\u0439 \u0441\u0442\u0430\u043b\u0438.","robots":{"index":"index","follow":"follow","max-snippet":"max-snippet:-1","max-image-preview":"max-image-preview:large","max-video-preview":"max-video-preview:-1"},"canonical":"https:\/\/www.mazam.eu\/ru\/produkty\/\u043f\u0440\u043e\u0434\u0443\u043a\u0442\u044b-\u0438\u0437-\u043d\u0435\u0440\u0436\u0430\u0432\u0435\u044e\u0449\u0435\u0439-\u0441\u0442\u0430\u043b\u0438\/\u043a\u0430\u0440\u0430\u0431\u0438\u043d-\u0438\u0437-\u043d\u0435\u0440\u0436\u0430\u0432\u0435\u044e\u0449\u0435\u0439-\u0441\u0442\u0430\u043b\u0438\/","og_locale":"ru_RU","og_type":"article","og_title":"Karabiin roostevaba - Mazam O\u00dc - tootmine ja m\u00fc\u00fck","og_description":"Karabiin roostevaba.","og_url":"https:\/\/www.mazam.eu\/ru\/produkty\/\u043f\u0440\u043e\u0434\u0443\u043a\u0442\u044b-\u0438\u0437-\u043d\u0435\u0440\u0436\u0430\u0432\u0435\u044e\u0449\u0435\u0439-\u0441\u0442\u0430\u043b\u0438\/\u043a\u0430\u0440\u0430\u0431\u0438\u043d-\u0438\u0437-\u043d\u0435\u0440\u0436\u0430\u0432\u0435\u044e\u0449\u0435\u0439-\u0441\u0442\u0430\u043b\u0438\/","og_site_name":"Mazam O&Uuml; | T&otilde;ste- ja koormakinnitusvahendite tootmine ja m&uuml;&uuml;k (2014 - 2026) - linttropp &bull; koormarihm &bull; ringt&otilde;stev&ouml;&ouml; &bull; terastross &bull; kett-tropp &bull; vints &bull; t&otilde;stemagnet jpm.","article_modified_time":"2020-03-01T13:35:38+00:00","og_image":[{"url":"https:\/\/www.mazam.eu\/wp-content\/uploads\/2020\/03\/karabiin-roostevaba-AISI-316-joonis.png","type":"","width":"","height":""}],"twitter_card":"summary_large_image","schema":{"@context":"https:\/\/schema.org","@graph":[{"@type":"WebPage","@id":"https:\/\/www.mazam.eu\/tooted\/happekindlad-roostevabad-tooted\/karabiin-roostevaba\/","url":"https:\/\/www.mazam.eu\/tooted\/happekindlad-roostevabad-tooted\/karabiin-roostevaba\/","name":"\u041a\u0430\u0440\u0430\u0431\u0438\u043d\u044b \u0438\u0437 \u043d\u0435\u0440\u0436\u0430\u0432\u0435\u044e\u0449\u0435\u0439 \u0441\u0442\u0430\u043b\u0438 - Mazam O\u00dc - \u041f\u0440\u043e\u0438\u0437\u0432\u043e\u0434\u0441\u0442\u0432\u043e \u0438 \u043f\u0440\u043e\u0434\u0430\u0436\u0430","isPartOf":{"@id":"https:\/\/www.mazam.eu\/#website"},"primaryImageOfPage":{"@id":"https:\/\/www.mazam.eu\/tooted\/happekindlad-roostevabad-tooted\/karabiin-roostevaba\/#primaryimage"},"image":{"@id":"https:\/\/www.mazam.eu\/tooted\/happekindlad-roostevabad-tooted\/karabiin-roostevaba\/#primaryimage"},"thumbnailUrl":"https:\/\/www.mazam.eu\/wp-content\/uploads\/2020\/03\/karabiin-roostevaba-AISI-316-joonis.png","datePublished":"2020-03-01T13:30:17+00:00","dateModified":"2020-03-01T13:35:38+00:00","description":"\u041a\u0430\u0440\u0430\u0431\u0438\u043d \u0438\u0437 \u043d\u0435\u0440\u0436\u0430\u0432\u0435\u044e\u0449\u0435\u0439 \u0441\u0442\u0430\u043b\u0438.","breadcrumb":{"@id":"https:\/\/www.mazam.eu\/tooted\/happekindlad-roostevabad-tooted\/karabiin-roostevaba\/#breadcrumb"},"inLanguage":"ru-RU","potentialAction":[{"@type":"ReadAction","target":["https:\/\/www.mazam.eu\/tooted\/happekindlad-roostevabad-tooted\/karabiin-roostevaba\/"]}]},{"@type":"ImageObject","inLanguage":"ru-RU","@id":"https:\/\/www.mazam.eu\/tooted\/happekindlad-roostevabad-tooted\/karabiin-roostevaba\/#primaryimage","url":"https:\/\/www.mazam.eu\/wp-content\/uploads\/2020\/03\/karabiin-roostevaba-AISI-316-joonis.png","contentUrl":"https:\/\/www.mazam.eu\/wp-content\/uploads\/2020\/03\/karabiin-roostevaba-AISI-316-joonis.png"},{"@type":"BreadcrumbList","@id":"https:\/\/www.mazam.eu\/tooted\/happekindlad-roostevabad-tooted\/karabiin-roostevaba\/#breadcrumb","itemListElement":[{"@type":"ListItem","position":1,"name":"Home","item":"https:\/\/www.mazam.eu\/"},{"@type":"ListItem","position":2,"name":"Tooted","item":"https:\/\/www.mazam.eu\/tooted\/"},{"@type":"ListItem","position":3,"name":"happekindlad roostevabad tooted","item":"https:\/\/www.mazam.eu\/tooted\/happekindlad-roostevabad-tooted\/"},{"@type":"ListItem","position":4,"name":"Karabiin roostevaba"}]},{"@type":"WebSite","@id":"https:\/\/www.mazam.eu\/#website","url":"https:\/\/www.mazam.eu\/","name":"Mazam O\u00dc | \u041f\u0440\u043e\u0438\u0437\u0432\u043e\u0434\u0441\u0442\u0432\u043e \u0438 \u043f\u0440\u043e\u0434\u0430\u0436\u0430 \u043f\u043e\u0434\u044a\u0435\u043c\u043d\u043e-\u0442\u0440\u0430\u043d\u0441\u043f\u043e\u0440\u0442\u043d\u043e\u0433\u043e \u043e\u0431\u043e\u0440\u0443\u0434\u043e\u0432\u0430\u043d\u0438\u044f (2014 - 2026) - \u043b\u0438\u043d\u0442\u0440\u0443\u043f\u0430 - \u0433\u0440\u0443\u0437\u043e\u0432\u043e\u0439 \u0440\u0435\u043c\u0435\u043d\u044c - \u0442\u0430\u043b\u0435\u0432\u044b\u0439 \u0440\u0435\u043c\u0435\u043d\u044c - \u0441\u0442\u0430\u043b\u044c\u043d\u043e\u0439 \u043a\u0430\u043d\u0430\u0442 - \u0446\u0435\u043f\u043d\u043e\u0439 \u0442\u0430\u043b\u0440\u0435\u043f - \u043b\u0435\u0431\u0435\u0434\u043a\u0430 - \u043f\u043e\u0434\u044a\u0435\u043c\u043d\u044b\u0439 \u043c\u0430\u0433\u043d\u0438\u0442 \u0438 \u0442.\u0434.","description":"\u0420\u0435\u0448\u0435\u043d\u0438\u044f \u0434\u043b\u044f \u043f\u043e\u0434\u044a\u0435\u043c\u0430 \u0438 \u043a\u0440\u0435\u043f\u043b\u0435\u043d\u0438\u044f | \u0420\u0435\u0448\u0435\u043d\u0438\u044f \u0434\u043b\u044f \u043f\u043e\u0434\u044a\u0435\u043c\u0430 \u0438 \u043a\u0440\u0435\u043f\u043b\u0435\u043d\u0438\u044f","publisher":{"@id":"https:\/\/www.mazam.eu\/#organization"},"potentialAction":[{"@type":"SearchAction","target":{"@type":"EntryPoint","urlTemplate":"https:\/\/www.mazam.eu\/?s={search_term_string}"},"query-input":{"@type":"PropertyValueSpecification","valueRequired":true,"valueName":"search_term_string"}}],"inLanguage":"ru-RU"},{"@type":"Organization","@id":"https:\/\/www.mazam.eu\/#organization","name":"Mazam O\u00dc","url":"https:\/\/www.mazam.eu\/","logo":{"@type":"ImageObject","inLanguage":"ru-RU","@id":"https:\/\/www.mazam.eu\/#\/schema\/logo\/image\/","url":"https:\/\/www.mazam.eu\/wp-content\/uploads\/2015\/10\/mazam-logo-linttropp-koormarihm-t\u00f5stev\u00f6\u00f6.png","contentUrl":"https:\/\/www.mazam.eu\/wp-content\/uploads\/2015\/10\/mazam-logo-linttropp-koormarihm-t\u00f5stev\u00f6\u00f6.png","width":190,"height":70,"caption":"Mazam O\u00dc"},"image":{"@id":"https:\/\/www.mazam.eu\/#\/schema\/logo\/image\/"}}]}},"_links":{"self":[{"href":"https:\/\/www.mazam.eu\/ru\/wp-json\/wp\/v2\/pages\/4848","targetHints":{"allow":["GET"]}}],"collection":[{"href":"https:\/\/www.mazam.eu\/ru\/wp-json\/wp\/v2\/pages"}],"about":[{"href":"https:\/\/www.mazam.eu\/ru\/wp-json\/wp\/v2\/types\/page"}],"author":[{"embeddable":true,"href":"https:\/\/www.mazam.eu\/ru\/wp-json\/wp\/v2\/users\/1"}],"replies":[{"embeddable":true,"href":"https:\/\/www.mazam.eu\/ru\/wp-json\/wp\/v2\/comments?post=4848"}],"version-history":[{"count":9,"href":"https:\/\/www.mazam.eu\/ru\/wp-json\/wp\/v2\/pages\/4848\/revisions"}],"predecessor-version":[{"id":4858,"href":"https:\/\/www.mazam.eu\/ru\/wp-json\/wp\/v2\/pages\/4848\/revisions\/4858"}],"up":[{"embeddable":true,"href":"https:\/\/www.mazam.eu\/ru\/wp-json\/wp\/v2\/pages\/651"}],"wp:attachment":[{"href":"https:\/\/www.mazam.eu\/ru\/wp-json\/wp\/v2\/media?parent=4848"}],"curies":[{"name":"wp","href":"https:\/\/api.w.org\/{rel}","templated":true}]}}