{"id":4870,"date":"2020-03-11T19:56:35","date_gmt":"2020-03-11T19:56:35","guid":{"rendered":"https:\/\/www.mazam.eu\/?page_id=4870"},"modified":"2020-03-11T20:40:28","modified_gmt":"2020-03-11T20:40:28","slug":"stuudiovalgu-komplekt","status":"publish","type":"page","link":"https:\/\/www.mazam.eu\/ru\/stuudiovalgu-komplekt\/","title":{"rendered":"Stuudiov\u00e4lgu komplekt"},"content":{"rendered":"<div class='epvc-post-count'><span class='epvc-eye'><\/span>  <span class=\"epvc-count\"> 456<\/span><span class='epvc-label'> \u043f\u0440\u043e\u0441\u043c\u043e\u0442\u0440<\/span><\/div><figure id=\"attachment_4875\" aria-describedby=\"caption-attachment-4875\" style=\"width: 1000px\" class=\"wp-caption alignnone\"><img loading=\"lazy\" decoding=\"async\" class=\"wp-image-4875 size-full\" src=\"https:\/\/www.mazam.eu\/wp-content\/uploads\/2020\/03\/Quantuum-DP-300-flash.jpg\" alt=\"Quantuum DP-300 flash\" width=\"1000\" height=\"575\" data-id=\"4875\" srcset=\"https:\/\/www.mazam.eu\/wp-content\/uploads\/2020\/03\/Quantuum-DP-300-flash.jpg 1000w, https:\/\/www.mazam.eu\/wp-content\/uploads\/2020\/03\/Quantuum-DP-300-flash-300x173.jpg 300w, https:\/\/www.mazam.eu\/wp-content\/uploads\/2020\/03\/Quantuum-DP-300-flash-768x442.jpg 768w\" sizes=\"auto, (max-width: 1000px) 100vw, 1000px\" \/><figcaption id=\"caption-attachment-4875\" class=\"wp-caption-text\">Quantuum DP-300 flash<\/figcaption><\/figure>\n<figure id=\"attachment_4882\" aria-describedby=\"caption-attachment-4882\" style=\"width: 562px\" class=\"wp-caption alignnone\"><img loading=\"lazy\" decoding=\"async\" class=\"wp-image-4882 size-full\" src=\"https:\/\/www.mazam.eu\/wp-content\/uploads\/2020\/03\/Quadralite-Softbox-Octagonal-80cm-with-net-1.jpg\" alt=\"Quadralite Softbox Octagonal 80cm with net\" width=\"562\" height=\"600\" data-id=\"4874\" srcset=\"https:\/\/www.mazam.eu\/wp-content\/uploads\/2020\/03\/Quadralite-Softbox-Octagonal-80cm-with-net-1.jpg 562w, https:\/\/www.mazam.eu\/wp-content\/uploads\/2020\/03\/Quadralite-Softbox-Octagonal-80cm-with-net-1-281x300.jpg 281w\" sizes=\"auto, (max-width: 562px) 100vw, 562px\" \/><figcaption id=\"caption-attachment-4882\" class=\"wp-caption-text\">Quadralite Softbox Octagonal 80cm with net<\/figcaption><\/figure>\n<figure id=\"attachment_4871\" aria-describedby=\"caption-attachment-4871\" style=\"width: 304px\" class=\"wp-caption alignnone\"><img loading=\"lazy\" decoding=\"async\" class=\"wp-image-4871 size-full\" src=\"https:\/\/www.mazam.eu\/wp-content\/uploads\/2020\/03\/Linkstar-studiostativ-L-30L-103-300cm.jpg\" alt=\"Linkstar studiostativ L-30L 103-300cm\" width=\"304\" height=\"480\" data-id=\"4871\" srcset=\"https:\/\/www.mazam.eu\/wp-content\/uploads\/2020\/03\/Linkstar-studiostativ-L-30L-103-300cm.jpg 304w, https:\/\/www.mazam.eu\/wp-content\/uploads\/2020\/03\/Linkstar-studiostativ-L-30L-103-300cm-190x300.jpg 190w\" sizes=\"auto, (max-width: 304px) 100vw, 304px\" \/><figcaption id=\"caption-attachment-4871\" class=\"wp-caption-text\">Linkstar studiostativ L-30L 103-300cm<\/figcaption><\/figure>\n<figure id=\"attachment_4872\" aria-describedby=\"caption-attachment-4872\" style=\"width: 645px\" class=\"wp-caption alignnone\"><img loading=\"lazy\" decoding=\"async\" class=\"wp-image-4872 size-full\" src=\"https:\/\/www.mazam.eu\/wp-content\/uploads\/2020\/03\/Phottix-Strato-II-Multi-Flach-transmitter-Receiver-for-Canon.jpg\" alt=\"Phottix Strato II Multi Flach Transmitter Receiver for Canon\" width=\"645\" height=\"500\" data-id=\"4872\" srcset=\"https:\/\/www.mazam.eu\/wp-content\/uploads\/2020\/03\/Phottix-Strato-II-Multi-Flach-transmitter-Receiver-for-Canon.jpg 645w, https:\/\/www.mazam.eu\/wp-content\/uploads\/2020\/03\/Phottix-Strato-II-Multi-Flach-transmitter-Receiver-for-Canon-300x233.jpg 300w\" sizes=\"auto, (max-width: 645px) 100vw, 645px\" \/><figcaption id=\"caption-attachment-4872\" class=\"wp-caption-text\">Phottix Strato II Multi Flach Transmitter Receiver for Canon<\/figcaption><\/figure>\n<figure id=\"attachment_4873\" aria-describedby=\"caption-attachment-4873\" style=\"width: 765px\" class=\"wp-caption alignnone\"><img loading=\"lazy\" decoding=\"async\" class=\"wp-image-4873 size-full\" src=\"https:\/\/www.mazam.eu\/wp-content\/uploads\/2020\/03\/Quadralite-DP-6-batterypack-for-DP-300-DP-600.jpg\" alt=\"Quadralite DP-6 batterypack for DP-300, DP-600\" width=\"765\" height=\"627\" data-id=\"4873\" srcset=\"https:\/\/www.mazam.eu\/wp-content\/uploads\/2020\/03\/Quadralite-DP-6-batterypack-for-DP-300-DP-600.jpg 765w, https:\/\/www.mazam.eu\/wp-content\/uploads\/2020\/03\/Quadralite-DP-6-batterypack-for-DP-300-DP-600-300x246.jpg 300w\" sizes=\"auto, (max-width: 765px) 100vw, 765px\" \/><figcaption id=\"caption-attachment-4873\" class=\"wp-caption-text\">Quadralite DP-6 batterypack for DP-300, DP-600<\/figcaption><\/figure>","protected":false},"excerpt":{"rendered":"<p>456 vaatamist<\/p>","protected":false},"author":1,"featured_media":0,"parent":0,"menu_order":0,"comment_status":"closed","ping_status":"closed","template":"","meta":{"_uf_show_specific_survey":0,"_uf_disable_surveys":false,"iawp_total_views":1,"footnotes":""},"class_list":["post-4870","page","type-page","status-publish","hentry"],"yoast_head":"<!-- This site is optimized with the Yoast SEO plugin v27.5 - https:\/\/yoast.com\/product\/yoast-seo-wordpress\/ -->\n<title>Stuudiov\u00e4lgu komplekt - Mazam O&Uuml; | T&otilde;ste- ja koormakinnitusvahendite tootmine ja m&uuml;&uuml;k (2014 - 2026) - linttropp &bull; koormarihm &bull; ringt&otilde;stev&ouml;&ouml; &bull; terastross &bull; kett-tropp &bull; vints &bull; t&otilde;stemagnet jpm.<\/title>\n<meta name=\"robots\" content=\"index, follow, max-snippet:-1, max-image-preview:large, max-video-preview:-1\" \/>\n<link rel=\"canonical\" href=\"https:\/\/www.mazam.eu\/ru\/stuudiovalgu-komplekt\/\" \/>\n<meta property=\"og:locale\" content=\"ru_RU\" \/>\n<meta property=\"og:type\" content=\"article\" \/>\n<meta property=\"og:title\" content=\"Stuudiov\u00e4lgu komplekt - Mazam O&Uuml; | T&otilde;ste- ja koormakinnitusvahendite tootmine ja m&uuml;&uuml;k (2014 - 2026) - linttropp &bull; koormarihm &bull; ringt&otilde;stev&ouml;&ouml; &bull; terastross &bull; kett-tropp &bull; vints &bull; t&otilde;stemagnet jpm.\" \/>\n<meta property=\"og:description\" content=\"456 vaatamist\" \/>\n<meta property=\"og:url\" content=\"https:\/\/www.mazam.eu\/ru\/stuudiovalgu-komplekt\/\" \/>\n<meta property=\"og:site_name\" content=\"Mazam O&Uuml; | T&otilde;ste- ja koormakinnitusvahendite tootmine ja m&uuml;&uuml;k (2014 - 2026) - linttropp &bull; koormarihm &bull; ringt&otilde;stev&ouml;&ouml; &bull; terastross &bull; kett-tropp &bull; vints &bull; t&otilde;stemagnet jpm.\" \/>\n<meta property=\"article:modified_time\" content=\"2020-03-11T20:40:28+00:00\" \/>\n<meta property=\"og:image\" content=\"https:\/\/www.mazam.eu\/wp-content\/uploads\/2020\/03\/Quantuum-DP-300-flash.jpg\" \/>\n<meta name=\"twitter:card\" content=\"summary_large_image\" \/>\n<script type=\"application\/ld+json\" class=\"yoast-schema-graph\">{\"@context\":\"https:\\\/\\\/schema.org\",\"@graph\":[{\"@type\":\"WebPage\",\"@id\":\"https:\\\/\\\/www.mazam.eu\\\/stuudiovalgu-komplekt\\\/\",\"url\":\"https:\\\/\\\/www.mazam.eu\\\/stuudiovalgu-komplekt\\\/\",\"name\":\"Stuudiov\u00e4lgu komplekt - Mazam O&Uuml; | T&otilde;ste- ja koormakinnitusvahendite tootmine ja m&uuml;&uuml;k (2014 - 2026) - linttropp &bull; koormarihm &bull; ringt&otilde;stev&ouml;&ouml; &bull; terastross &bull; kett-tropp &bull; vints &bull; t&otilde;stemagnet jpm.\",\"isPartOf\":{\"@id\":\"https:\\\/\\\/www.mazam.eu\\\/#website\"},\"primaryImageOfPage\":{\"@id\":\"https:\\\/\\\/www.mazam.eu\\\/stuudiovalgu-komplekt\\\/#primaryimage\"},\"image\":{\"@id\":\"https:\\\/\\\/www.mazam.eu\\\/stuudiovalgu-komplekt\\\/#primaryimage\"},\"thumbnailUrl\":\"https:\\\/\\\/www.mazam.eu\\\/wp-content\\\/uploads\\\/2020\\\/03\\\/Quantuum-DP-300-flash.jpg\",\"datePublished\":\"2020-03-11T19:56:35+00:00\",\"dateModified\":\"2020-03-11T20:40:28+00:00\",\"breadcrumb\":{\"@id\":\"https:\\\/\\\/www.mazam.eu\\\/stuudiovalgu-komplekt\\\/#breadcrumb\"},\"inLanguage\":\"ru-RU\",\"potentialAction\":[{\"@type\":\"ReadAction\",\"target\":[\"https:\\\/\\\/www.mazam.eu\\\/stuudiovalgu-komplekt\\\/\"]}]},{\"@type\":\"ImageObject\",\"inLanguage\":\"ru-RU\",\"@id\":\"https:\\\/\\\/www.mazam.eu\\\/stuudiovalgu-komplekt\\\/#primaryimage\",\"url\":\"https:\\\/\\\/www.mazam.eu\\\/wp-content\\\/uploads\\\/2020\\\/03\\\/Quantuum-DP-300-flash.jpg\",\"contentUrl\":\"https:\\\/\\\/www.mazam.eu\\\/wp-content\\\/uploads\\\/2020\\\/03\\\/Quantuum-DP-300-flash.jpg\"},{\"@type\":\"BreadcrumbList\",\"@id\":\"https:\\\/\\\/www.mazam.eu\\\/stuudiovalgu-komplekt\\\/#breadcrumb\",\"itemListElement\":[{\"@type\":\"ListItem\",\"position\":1,\"name\":\"Home\",\"item\":\"https:\\\/\\\/www.mazam.eu\\\/\"},{\"@type\":\"ListItem\",\"position\":2,\"name\":\"Stuudiov\u00e4lgu komplekt\"}]},{\"@type\":\"WebSite\",\"@id\":\"https:\\\/\\\/www.mazam.eu\\\/#website\",\"url\":\"https:\\\/\\\/www.mazam.eu\\\/\",\"name\":\"Mazam O&Uuml; | T&otilde;ste- ja koormakinnitusvahendite tootmine ja m&uuml;&uuml;k (2014 - 2026) - linttropp &bull; koormarihm &bull; ringt&otilde;stev&ouml;&ouml; &bull; terastross &bull; kett-tropp &bull; vints &bull; t&otilde;stemagnet jpm.\",\"description\":\"T&otilde;ste- ja kinnituslahendused | Lifting- and lashing solutions\",\"publisher\":{\"@id\":\"https:\\\/\\\/www.mazam.eu\\\/#organization\"},\"potentialAction\":[{\"@type\":\"SearchAction\",\"target\":{\"@type\":\"EntryPoint\",\"urlTemplate\":\"https:\\\/\\\/www.mazam.eu\\\/?s={search_term_string}\"},\"query-input\":{\"@type\":\"PropertyValueSpecification\",\"valueRequired\":true,\"valueName\":\"search_term_string\"}}],\"inLanguage\":\"ru-RU\"},{\"@type\":\"Organization\",\"@id\":\"https:\\\/\\\/www.mazam.eu\\\/#organization\",\"name\":\"Mazam O\u00dc\",\"url\":\"https:\\\/\\\/www.mazam.eu\\\/\",\"logo\":{\"@type\":\"ImageObject\",\"inLanguage\":\"ru-RU\",\"@id\":\"https:\\\/\\\/www.mazam.eu\\\/#\\\/schema\\\/logo\\\/image\\\/\",\"url\":\"https:\\\/\\\/www.mazam.eu\\\/wp-content\\\/uploads\\\/2015\\\/10\\\/mazam-logo-linttropp-koormarihm-t\u00f5stev\u00f6\u00f6.png\",\"contentUrl\":\"https:\\\/\\\/www.mazam.eu\\\/wp-content\\\/uploads\\\/2015\\\/10\\\/mazam-logo-linttropp-koormarihm-t\u00f5stev\u00f6\u00f6.png\",\"width\":190,\"height\":70,\"caption\":\"Mazam O\u00dc\"},\"image\":{\"@id\":\"https:\\\/\\\/www.mazam.eu\\\/#\\\/schema\\\/logo\\\/image\\\/\"}}]}<\/script>\n<!-- \/ Yoast SEO plugin. -->","yoast_head_json":{"title":"Stuudiov\u00e4lgu komplekt - Mazam O&Uuml; | T&otilde;ste- ja koormakinnitusvahendite tootmine ja m&uuml;&uuml;k (2014 - 2026) - linttropp &bull; koormarihm &bull; ringt&otilde;stev&ouml;&ouml; &bull; terastross &bull; kett-tropp &bull; vints &bull; t&otilde;stemagnet jpm.","robots":{"index":"index","follow":"follow","max-snippet":"max-snippet:-1","max-image-preview":"max-image-preview:large","max-video-preview":"max-video-preview:-1"},"canonical":"https:\/\/www.mazam.eu\/ru\/stuudiovalgu-komplekt\/","og_locale":"ru_RU","og_type":"article","og_title":"Stuudiov\u00e4lgu komplekt - Mazam O&Uuml; | T&otilde;ste- ja koormakinnitusvahendite tootmine ja m&uuml;&uuml;k (2014 - 2026) - linttropp &bull; koormarihm &bull; ringt&otilde;stev&ouml;&ouml; &bull; terastross &bull; kett-tropp &bull; vints &bull; t&otilde;stemagnet jpm.","og_description":"456 vaatamist","og_url":"https:\/\/www.mazam.eu\/ru\/stuudiovalgu-komplekt\/","og_site_name":"Mazam O&Uuml; | T&otilde;ste- ja koormakinnitusvahendite tootmine ja m&uuml;&uuml;k (2014 - 2026) - linttropp &bull; koormarihm &bull; ringt&otilde;stev&ouml;&ouml; &bull; terastross &bull; kett-tropp &bull; vints &bull; t&otilde;stemagnet jpm.","article_modified_time":"2020-03-11T20:40:28+00:00","og_image":[{"url":"https:\/\/www.mazam.eu\/wp-content\/uploads\/2020\/03\/Quantuum-DP-300-flash.jpg","type":"","width":"","height":""}],"twitter_card":"summary_large_image","schema":{"@context":"https:\/\/schema.org","@graph":[{"@type":"WebPage","@id":"https:\/\/www.mazam.eu\/stuudiovalgu-komplekt\/","url":"https:\/\/www.mazam.eu\/stuudiovalgu-komplekt\/","name":"Stuudiov\u00e4lgu komplekt - Mazam O&Uuml; | T&otilde;ste- ja koormakinnitusvahendite tootmine ja m&uuml;&uuml;k (2014 - 2026) - linttropp &bull; koormarihm &bull; ringt&otilde;stev&ouml;&ouml; &bull; terastross &bull; kett-tropp &bull; vints &bull; t&otilde;stemagnet jpm.","isPartOf":{"@id":"https:\/\/www.mazam.eu\/#website"},"primaryImageOfPage":{"@id":"https:\/\/www.mazam.eu\/stuudiovalgu-komplekt\/#primaryimage"},"image":{"@id":"https:\/\/www.mazam.eu\/stuudiovalgu-komplekt\/#primaryimage"},"thumbnailUrl":"https:\/\/www.mazam.eu\/wp-content\/uploads\/2020\/03\/Quantuum-DP-300-flash.jpg","datePublished":"2020-03-11T19:56:35+00:00","dateModified":"2020-03-11T20:40:28+00:00","breadcrumb":{"@id":"https:\/\/www.mazam.eu\/stuudiovalgu-komplekt\/#breadcrumb"},"inLanguage":"ru-RU","potentialAction":[{"@type":"ReadAction","target":["https:\/\/www.mazam.eu\/stuudiovalgu-komplekt\/"]}]},{"@type":"ImageObject","inLanguage":"ru-RU","@id":"https:\/\/www.mazam.eu\/stuudiovalgu-komplekt\/#primaryimage","url":"https:\/\/www.mazam.eu\/wp-content\/uploads\/2020\/03\/Quantuum-DP-300-flash.jpg","contentUrl":"https:\/\/www.mazam.eu\/wp-content\/uploads\/2020\/03\/Quantuum-DP-300-flash.jpg"},{"@type":"BreadcrumbList","@id":"https:\/\/www.mazam.eu\/stuudiovalgu-komplekt\/#breadcrumb","itemListElement":[{"@type":"ListItem","position":1,"name":"Home","item":"https:\/\/www.mazam.eu\/"},{"@type":"ListItem","position":2,"name":"Stuudiov\u00e4lgu komplekt"}]},{"@type":"WebSite","@id":"https:\/\/www.mazam.eu\/#website","url":"https:\/\/www.mazam.eu\/","name":"Mazam O\u00dc | \u041f\u0440\u043e\u0438\u0437\u0432\u043e\u0434\u0441\u0442\u0432\u043e \u0438 \u043f\u0440\u043e\u0434\u0430\u0436\u0430 \u043f\u043e\u0434\u044a\u0435\u043c\u043d\u043e-\u0442\u0440\u0430\u043d\u0441\u043f\u043e\u0440\u0442\u043d\u043e\u0433\u043e \u043e\u0431\u043e\u0440\u0443\u0434\u043e\u0432\u0430\u043d\u0438\u044f (2014 - 2026) - \u043b\u0438\u043d\u0442\u0440\u0443\u043f\u0430 - \u0433\u0440\u0443\u0437\u043e\u0432\u043e\u0439 \u0440\u0435\u043c\u0435\u043d\u044c - \u0442\u0430\u043b\u0435\u0432\u044b\u0439 \u0440\u0435\u043c\u0435\u043d\u044c - \u0441\u0442\u0430\u043b\u044c\u043d\u043e\u0439 \u043a\u0430\u043d\u0430\u0442 - \u0446\u0435\u043f\u043d\u043e\u0439 \u0442\u0430\u043b\u0440\u0435\u043f - \u043b\u0435\u0431\u0435\u0434\u043a\u0430 - \u043f\u043e\u0434\u044a\u0435\u043c\u043d\u044b\u0439 \u043c\u0430\u0433\u043d\u0438\u0442 \u0438 \u0442.\u0434.","description":"\u0420\u0435\u0448\u0435\u043d\u0438\u044f \u0434\u043b\u044f \u043f\u043e\u0434\u044a\u0435\u043c\u0430 \u0438 \u043a\u0440\u0435\u043f\u043b\u0435\u043d\u0438\u044f | \u0420\u0435\u0448\u0435\u043d\u0438\u044f \u0434\u043b\u044f \u043f\u043e\u0434\u044a\u0435\u043c\u0430 \u0438 \u043a\u0440\u0435\u043f\u043b\u0435\u043d\u0438\u044f","publisher":{"@id":"https:\/\/www.mazam.eu\/#organization"},"potentialAction":[{"@type":"SearchAction","target":{"@type":"EntryPoint","urlTemplate":"https:\/\/www.mazam.eu\/?s={search_term_string}"},"query-input":{"@type":"PropertyValueSpecification","valueRequired":true,"valueName":"search_term_string"}}],"inLanguage":"ru-RU"},{"@type":"Organization","@id":"https:\/\/www.mazam.eu\/#organization","name":"Mazam O\u00dc","url":"https:\/\/www.mazam.eu\/","logo":{"@type":"ImageObject","inLanguage":"ru-RU","@id":"https:\/\/www.mazam.eu\/#\/schema\/logo\/image\/","url":"https:\/\/www.mazam.eu\/wp-content\/uploads\/2015\/10\/mazam-logo-linttropp-koormarihm-t\u00f5stev\u00f6\u00f6.png","contentUrl":"https:\/\/www.mazam.eu\/wp-content\/uploads\/2015\/10\/mazam-logo-linttropp-koormarihm-t\u00f5stev\u00f6\u00f6.png","width":190,"height":70,"caption":"Mazam O\u00dc"},"image":{"@id":"https:\/\/www.mazam.eu\/#\/schema\/logo\/image\/"}}]}},"_links":{"self":[{"href":"https:\/\/www.mazam.eu\/ru\/wp-json\/wp\/v2\/pages\/4870","targetHints":{"allow":["GET"]}}],"collection":[{"href":"https:\/\/www.mazam.eu\/ru\/wp-json\/wp\/v2\/pages"}],"about":[{"href":"https:\/\/www.mazam.eu\/ru\/wp-json\/wp\/v2\/types\/page"}],"author":[{"embeddable":true,"href":"https:\/\/www.mazam.eu\/ru\/wp-json\/wp\/v2\/users\/1"}],"replies":[{"embeddable":true,"href":"https:\/\/www.mazam.eu\/ru\/wp-json\/wp\/v2\/comments?post=4870"}],"version-history":[{"count":6,"href":"https:\/\/www.mazam.eu\/ru\/wp-json\/wp\/v2\/pages\/4870\/revisions"}],"predecessor-version":[{"id":4883,"href":"https:\/\/www.mazam.eu\/ru\/wp-json\/wp\/v2\/pages\/4870\/revisions\/4883"}],"wp:attachment":[{"href":"https:\/\/www.mazam.eu\/ru\/wp-json\/wp\/v2\/media?parent=4870"}],"curies":[{"name":"wp","href":"https:\/\/api.w.org\/{rel}","templated":true}]}}