{"id":4981,"date":"2020-03-27T10:13:29","date_gmt":"2020-03-27T10:13:29","guid":{"rendered":"https:\/\/www.mazam.eu\/?page_id=4981"},"modified":"2025-04-09T18:42:01","modified_gmt":"2025-04-09T18:42:01","slug":"%d0%b0%d0%ba%d1%81%d0%b5%d1%81%d1%81%d1%83%d0%b0%d1%80%d1%8b-%d0%b4%d0%bb%d1%8f-%d0%b3%d1%80%d1%83%d0%b7%d0%be%d0%b2%d1%8b%d1%85-%d1%80%d0%b5%d0%bc%d0%bd%d0%b5%d0%b9","status":"publish","type":"page","link":"https:\/\/www.mazam.eu\/ru\/tooted\/koormarihma-tarvikud\/","title":{"rendered":"\u0430\u043a\u0441\u0435\u0441\u0441\u0443\u0430\u0440\u044b \u0434\u043b\u044f \u0433\u0440\u0443\u0437\u043e\u0432\u044b\u0445 \u0440\u0435\u043c\u043d\u0435\u0439"},"content":{"rendered":"<div class='epvc-post-count'><span class='epvc-eye'><\/span>  <span class=\"epvc-count\"> 4&nbsp;538<\/span><span class='epvc-label'> \u043f\u0440\u043e\u0441\u043c\u043e\u0442\u0440<\/span><\/div><p><span style=\"color: #ffffff;\">\u0430\u043a\u0441\u0435\u0441\u0441\u0443\u0430\u0440\u044b \u0434\u043b\u044f \u0433\u0440\u0443\u0437\u043e\u0432\u044b\u0445 \u0440\u0435\u043c\u043d\u0435\u0439<\/span><strong><br \/>\n\u0418\u0441\u043f\u043e\u043b\u044c\u0437\u043e\u0432\u0430\u043d\u0438\u0435 - \u0420\u0430\u0437\u043b\u0438\u0447\u043d\u044b\u0435 \u044d\u043b\u0435\u043a\u0442\u0440\u0438\u0447\u0435\u0441\u043a\u0438\u0435 \u0438 \u0440\u0443\u0447\u043d\u044b\u0435 \u0430\u043a\u0441\u0435\u0441\u0441\u0443\u0430\u0440\u044b \u0434\u043b\u044f \u0431\u044b\u0441\u0442\u0440\u043e\u0433\u043e \u0438 \u0443\u0434\u043e\u0431\u043d\u043e\u0433\u043e \u0438\u0441\u043f\u043e\u043b\u044c\u0437\u043e\u0432\u0430\u043d\u0438\u044f \u0434\u043b\u0438\u043d\u043d\u043e\u0439 \u0441\u0442\u043e\u0440\u043e\u043d\u044b \u0433\u0440\u0443\u0437\u043e\u0432\u043e\u0433\u043e \u0440\u0435\u043c\u043d\u044f.<br \/>\n\u0434\u043b\u044f \u0441\u043a\u043b\u0430\u0434\u044b\u0432\u0430\u043d\u0438\u044f, \u0444\u0438\u043a\u0441\u0430\u0446\u0438\u0438 \u0438 \u0437\u0430\u0449\u0438\u0442\u044b \u0442\u0435\u043a\u0441\u0442\u0438\u043b\u044f<span style=\"color: #333333;\"><a style=\"color: #333333;\" href=\"https:\/\/en.wikipedia.org\/wiki\/Tie_down_strap\">.<\/a><\/span><br \/>\n\u2014<br \/>\n<em>\u041d\u0430\u0436\u043c\u0438\u0442\u0435 \u043d\u0430 \u043a\u0430\u0440\u0442\u0438\u043d\u043a\u0443, \u0447\u0442\u043e\u0431\u044b \u0443\u0432\u0438\u0434\u0435\u0442\u044c \u0431\u043e\u043b\u044c\u0448\u0435 \u0438\u043d\u0444\u043e\u0440\u043c\u0430\u0446\u0438\u0438 \u043e \u043f\u0440\u043e\u0434\u0443\u043a\u0442\u0430\u0445.<\/em><\/strong><\/p>\n<table style=\"width: 100%; border-collapse: collapse; border-style: hidden;\">\n<tbody>\n<tr>\n<td style=\"width: 33.3333%; text-align: center;\">\n<p><figure id=\"attachment_4983\" aria-describedby=\"caption-attachment-4983\" style=\"width: 200px\" class=\"wp-caption aligncenter\"><a href=\"https:\/\/www.mazam.eu\/ru\/%d1%8d%d0%bb%d0%b5%d0%ba%d1%82%d1%80%d0%b8%d1%87%d0%b5%d1%81%d0%ba%d0%b0%d1%8f-%d0%ba%d0%b0%d1%82%d1%83%d1%88%d0%ba%d0%b0-%d0%b4%d0%bb%d1%8f-%d0%b3%d1%80%d1%83%d0%b7%d0%be%d0%b2%d1%8b%d1%85-%d1%80\/\"><img loading=\"lazy\" decoding=\"async\" class=\"wp-image-4983 size-full\" src=\"https:\/\/www.mazam.eu\/wp-content\/uploads\/2020\/03\/elektriline-koormarihma-kerija-koormarihmakerija.png\" alt=\"\u042d\u043b\u0435\u043a\u0442\u0440\u0438\u0447\u0435\u0441\u043a\u0430\u044f \u043a\u0430\u0442\u0443\u0448\u043a\u0430 \u0434\u043b\u044f \u0433\u0440\u0443\u0437\u043e\u0432\u044b\u0445 \u0440\u0435\u043c\u043d\u0435\u0439\" width=\"200\" height=\"150\" data-id=\"4983\" \/><\/a><figcaption id=\"caption-attachment-4983\" class=\"wp-caption-text\">\u042d\u043b\u0435\u043a\u0442\u0440\u0438\u0447\u0435\u0441\u043a\u0430\u044f \u043a\u0430\u0442\u0443\u0448\u043a\u0430 \u0434\u043b\u044f \u0433\u0440\u0443\u0437\u043e\u0432\u044b\u0445 \u0440\u0435\u043c\u043d\u0435\u0439<\/figcaption><\/figure><\/td>\n<td style=\"width: 33.3333%; text-align: center;\">\n<p><figure id=\"attachment_7921\" aria-describedby=\"caption-attachment-7921\" style=\"width: 200px\" class=\"wp-caption aligncenter\"><a href=\"https:\/\/www.mazam.eu\/ru\/%d0%bf%d1%80%d0%b8%d1%81%d0%bf%d0%be%d1%81%d0%be%d0%b1%d0%bb%d0%b5%d0%bd%d0%b8%d0%b5-%d0%b4%d0%bb%d1%8f-%d0%bf%d0%b5%d1%80%d0%b5%d0%bc%d0%be%d1%82%d0%ba%d0%b8-%d0%b3%d1%80%d1%83%d0%b7%d0%b0-%d0%b4\/\"><img loading=\"lazy\" decoding=\"async\" class=\"wp-image-7921 size-full\" src=\"https:\/\/www.mazam.eu\/wp-content\/uploads\/2023\/08\/koormarihma-kerimise-abiseade-akutrellile-avatar.jpg\" alt=\"\u041f\u043e\u043c\u043e\u0449\u044c \u0432 \u043f\u0435\u0440\u0435\u043c\u043e\u0442\u043a\u0435 \u0448\u043a\u0438\u0432\u0430 \u0434\u043b\u044f \u0437\u0430\u0440\u044f\u0434\u043d\u043e\u0433\u043e \u0443\u0441\u0442\u0440\u043e\u0439\u0441\u0442\u0432\u0430\" width=\"200\" height=\"150\" data-id=\"4998\" \/><\/a><figcaption id=\"caption-attachment-7921\" class=\"wp-caption-text\">\u041f\u043e\u043c\u043e\u0449\u044c \u0432 \u043f\u0435\u0440\u0435\u043c\u043e\u0442\u043a\u0435 \u0448\u043a\u0438\u0432\u0430 \u0434\u043b\u044f \u0437\u0430\u0440\u044f\u0434\u043d\u043e\u0433\u043e \u0443\u0441\u0442\u0440\u043e\u0439\u0441\u0442\u0432\u0430<\/figcaption><\/figure><\/td>\n<td style=\"width: 33.3333%; text-align: center;\">\n<p><figure id=\"attachment_11744\" aria-describedby=\"caption-attachment-11744\" style=\"width: 200px\" class=\"wp-caption aligncenter\"><a href=\"https:\/\/www.mazam.eu\/ru\/%d1%80%d1%83%d1%87%d0%bd%d0%be%d0%b5-%d1%83%d1%81%d1%82%d1%80%d0%be%d0%b9%d1%81%d1%82%d0%b2%d0%be-%d0%b4%d0%bb%d1%8f-%d0%bf%d0%b5%d1%80%d0%b5%d0%bc%d0%be%d1%82%d0%ba%d0%b8-%d0%b3%d1%80%d1%83%d0%b7\/\"><img loading=\"lazy\" decoding=\"async\" class=\"wp-image-11744 size-full\" src=\"https:\/\/www.mazam.eu\/wp-content\/uploads\/2025\/04\/manuaalne-koormarihma-kerija-\u0423\u0441\u0442\u0440\u043e\u0439\u0441\u0442\u0432\u043e-\u043d\u0430\u043c\u043e\u0442\u043a\u0438-\u0440\u0435\u043c\u043d\u0435\u0439-\u043a\u0440\u0435\u043f\u043b\u0435\u043d\u0438\u044f-manual-ratchet-strap-winder-avatar.jpg\" alt=\"\u0420\u0443\u0447\u043d\u043e\u0439 \u043f\u0435\u0440\u0435\u043c\u043e\u0442\u0447\u0438\u043a \u0433\u0440\u0443\u0437\u043e\u0432\u044b\u0445 \u043b\u0435\u043d\u0442\" width=\"200\" height=\"150\" data-id=\"11744\" \/><\/a><figcaption id=\"caption-attachment-11744\" class=\"wp-caption-text\">\u0420\u0443\u0447\u043d\u043e\u0439 \u043f\u0435\u0440\u0435\u043c\u043e\u0442\u0447\u0438\u043a \u0433\u0440\u0443\u0437\u043e\u0432\u044b\u0445 \u043b\u0435\u043d\u0442<\/figcaption><\/figure><\/td>\n<\/tr>\n<tr>\n<td style=\"width: 33.3333%; text-align: center;\">\n<p><figure id=\"attachment_4987\" aria-describedby=\"caption-attachment-4987\" style=\"width: 200px\" class=\"wp-caption aligncenter\"><a href=\"https:\/\/www.mazam.eu\/ru\/%d0%b3%d1%80%d1%83%d0%b7%d0%be%d0%b2%d0%be%d0%b9-%d1%80%d0%b5%d0%bc%d0%b5%d0%bd%d1%8c-%d0%b4%d0%bb%d0%b8%d0%bd%d0%bd%d1%8b%d0%b9-%d1%82%d1%80%d1%83%d0%b1%d0%bd%d1%8b%d0%b9-%d0%b7%d0%b0%d0%b6%d0%b8\/\"><img loading=\"lazy\" decoding=\"async\" class=\"wp-image-4987 size-full\" src=\"https:\/\/www.mazam.eu\/wp-content\/uploads\/2020\/03\/koormarihma-pika-t\u00f6\u00f6osa-klamber-koormarihma-klamber.png\" alt=\"\u0414\u043b\u0438\u043d\u043d\u0430\u044f \u0440\u0430\u0431\u043e\u0447\u0430\u044f \u0447\u0430\u0441\u0442\u044c \u0437\u0430\u0436\u0438\u043c\u0430 \u0434\u043b\u044f \u0440\u0435\u043c\u043d\u0435\u0439 \u0431\u0435\u0437\u043e\u043f\u0430\u0441\u043d\u043e\u0441\u0442\u0438\" width=\"200\" height=\"150\" data-id=\"4987\" \/><\/a><figcaption id=\"caption-attachment-4987\" class=\"wp-caption-text\">\u0414\u043b\u0438\u043d\u043d\u0430\u044f \u0440\u0430\u0431\u043e\u0447\u0430\u044f \u0447\u0430\u0441\u0442\u044c \u0437\u0430\u0436\u0438\u043c\u0430 \u0434\u043b\u044f \u0440\u0435\u043c\u043d\u0435\u0439 \u0431\u0435\u0437\u043e\u043f\u0430\u0441\u043d\u043e\u0441\u0442\u0438<\/figcaption><\/figure><\/td>\n<td style=\"width: 33.3333%; text-align: center;\">\n<p><figure id=\"attachment_7928\" aria-describedby=\"caption-attachment-7928\" style=\"width: 200px\" class=\"wp-caption aligncenter\"><a href=\"https:\/\/www.mazam.eu\/ru\/%d0%b7%d0%b0%d0%b6%d0%b8%d0%bc-%d0%b8%d0%b7-%d0%bd%d0%b5%d1%80%d0%b6%d0%b0%d0%b2%d0%b5%d1%8e%d1%89%d0%b5%d0%b9-%d1%81%d1%82%d0%b0%d0%bb%d0%b8-%d0%b4%d0%bb%d1%8f-%d0%b4%d0%bb%d0%b8%d0%bd%d0%bd%d1%8b\/\"><img loading=\"lazy\" decoding=\"async\" class=\"wp-image-7928 size-full\" src=\"https:\/\/www.mazam.eu\/wp-content\/uploads\/2023\/08\/koormarihma-pika-tooosa-roostevaba-klamber-avatar.jpg\" alt=\"\u0417\u0430\u0436\u0438\u043c \u0438\u0437 \u043d\u0435\u0440\u0436\u0430\u0432\u0435\u044e\u0449\u0435\u0439 \u0441\u0442\u0430\u043b\u0438 \u0434\u043b\u044f \u0434\u043b\u0438\u043d\u043d\u043e\u0439 \u0440\u0430\u0431\u043e\u0447\u0435\u0439 \u0447\u0430\u0441\u0442\u0438 \u0440\u0435\u043c\u043d\u044f \u0431\u0435\u0437\u043e\u043f\u0430\u0441\u043d\u043e\u0441\u0442\u0438\" width=\"200\" height=\"150\" data-id=\"4989\" \/><\/a><figcaption id=\"caption-attachment-7928\" class=\"wp-caption-text\">\u0417\u0430\u0436\u0438\u043c \u0438\u0437 \u043d\u0435\u0440\u0436\u0430\u0432\u0435\u044e\u0449\u0435\u0439 \u0441\u0442\u0430\u043b\u0438 \u0434\u043b\u044f \u0434\u043b\u0438\u043d\u043d\u043e\u0439 \u0440\u0430\u0431\u043e\u0447\u0435\u0439 \u0447\u0430\u0441\u0442\u0438 \u0440\u0435\u043c\u043d\u044f \u0431\u0435\u0437\u043e\u043f\u0430\u0441\u043d\u043e\u0441\u0442\u0438<\/figcaption><\/figure><\/td>\n<td style=\"width: 33.3333%; text-align: center;\">\n<p><figure id=\"attachment_11741\" aria-describedby=\"caption-attachment-11741\" style=\"width: 200px\" class=\"wp-caption aligncenter\"><a href=\"https:\/\/www.mazam.eu\/ru\/koormarihma-plastik-nurgakaitse\/\"><img loading=\"lazy\" decoding=\"async\" class=\"wp-image-11741 size-full\" src=\"https:\/\/www.mazam.eu\/wp-content\/uploads\/2025\/04\/koormarihma-plastik-nurgakaitse-\u0423\u0433\u043e\u043b\u043e\u043a-\u0437\u0430\u0449\u0438\u0442\u043d\u044b\u0439-\u043f\u043b\u0430\u0441\u0442\u0438\u043a\u043e\u0432\u044b\u0439-plastic-corner-protector-avatar.jpg\" alt=\"\u041f\u043b\u0430\u0441\u0442\u0438\u043a\u043e\u0432\u044b\u0435 \u0443\u0433\u043b\u043e\u0432\u044b\u0435 \u0437\u0430\u0449\u0438\u0442\u043d\u044b\u0435 \u043d\u0430\u043a\u043b\u0430\u0434\u043a\u0438 \u043d\u0430 \u0436\u0433\u0443\u0442\u044b\" width=\"200\" height=\"150\" data-id=\"11741\" \/><\/a><figcaption id=\"caption-attachment-11741\" class=\"wp-caption-text\">\u041f\u043b\u0430\u0441\u0442\u0438\u043a\u043e\u0432\u044b\u0435 \u0443\u0433\u043b\u043e\u0432\u044b\u0435 \u0437\u0430\u0449\u0438\u0442\u043d\u044b\u0435 \u043d\u0430\u043a\u043b\u0430\u0434\u043a\u0438 \u043d\u0430 \u0436\u0433\u0443\u0442\u044b<\/figcaption><\/figure><\/td>\n<\/tr>\n<\/tbody>\n<\/table>","protected":false},"excerpt":{"rendered":"<p>4&nbsp;538 vaatamistkoormarihma tarvikud Kasutus &#8211; Erinevad elektrilised ja manuaalsed tarvikud koormarihma pika poole kiireks kokkukerimiseks, fikseerimiseks ja tekstiili kaitseks. &#8212; Vajuta pildile, et n\u00e4ha rohkem infot toodete kohta..<\/p>","protected":false},"author":1,"featured_media":0,"parent":5,"menu_order":0,"comment_status":"closed","ping_status":"closed","template":"","meta":{"_uf_show_specific_survey":0,"_uf_disable_surveys":false,"iawp_total_views":407,"footnotes":""},"class_list":["post-4981","page","type-page","status-publish","hentry"],"yoast_head":"<!-- This site is optimized with the Yoast SEO plugin v27.5 - https:\/\/yoast.com\/product\/yoast-seo-wordpress\/ -->\n<title>KOORMARIHMA TARVIKUD - Mazam O\u00dc - tootmine ja m\u00fc\u00fck<\/title>\n<meta name=\"description\" content=\"Koormarihma tarvikud - Erinevad elektrilised ja manuaalsed tarvikud koormarihma pika poole kiireks kokkukerimiseks ja fikserimiseks...\" \/>\n<meta name=\"robots\" content=\"index, follow, max-snippet:-1, max-image-preview:large, max-video-preview:-1\" \/>\n<link rel=\"canonical\" href=\"https:\/\/www.mazam.eu\/ru\/produkty\/\u0430\u043a\u0441\u0435\u0441\u0441\u0443\u0430\u0440\u044b-\u0434\u043b\u044f-\u0433\u0440\u0443\u0437\u043e\u0432\u044b\u0445-\u0440\u0435\u043c\u043d\u0435\u0439\/\" \/>\n<meta property=\"og:locale\" content=\"ru_RU\" \/>\n<meta property=\"og:type\" content=\"article\" \/>\n<meta property=\"og:title\" content=\"KOORMARIHMA TARVIKUD - Mazam O\u00dc - tootmine ja m\u00fc\u00fck\" \/>\n<meta property=\"og:description\" content=\"Koormarihma tarvikud - Erinevad elektrilised ja manuaalsed tarvikud koormarihma pika poole kiireks kokkukerimiseks ja fikserimiseks...\" \/>\n<meta property=\"og:url\" content=\"https:\/\/www.mazam.eu\/ru\/produkty\/\u0430\u043a\u0441\u0435\u0441\u0441\u0443\u0430\u0440\u044b-\u0434\u043b\u044f-\u0433\u0440\u0443\u0437\u043e\u0432\u044b\u0445-\u0440\u0435\u043c\u043d\u0435\u0439\/\" \/>\n<meta property=\"og:site_name\" content=\"Mazam O&Uuml; | T&otilde;ste- ja koormakinnitusvahendite tootmine ja m&uuml;&uuml;k (2014 - 2026) - linttropp &bull; koormarihm &bull; ringt&otilde;stev&ouml;&ouml; &bull; terastross &bull; kett-tropp &bull; vints &bull; t&otilde;stemagnet jpm.\" \/>\n<meta property=\"article:modified_time\" content=\"2025-04-09T18:42:01+00:00\" \/>\n<meta property=\"og:image\" content=\"https:\/\/www.mazam.eu\/wp-content\/uploads\/2020\/03\/elektriline-koormarihma-kerija-koormarihmakerija.png\" \/>\n<meta name=\"twitter:card\" content=\"summary_large_image\" \/>\n<meta name=\"twitter:label1\" content=\"\u041f\u0440\u0438\u043c\u0435\u0440\u043d\u043e\u0435 \u0432\u0440\u0435\u043c\u044f \u0434\u043b\u044f \u0447\u0442\u0435\u043d\u0438\u044f\" \/>\n\t<meta name=\"twitter:data1\" content=\"2 \u043c\u0438\u043d\u0443\u0442\u044b\" \/>\n<script type=\"application\/ld+json\" class=\"yoast-schema-graph\">{\"@context\":\"https:\\\/\\\/schema.org\",\"@graph\":[{\"@type\":\"WebPage\",\"@id\":\"https:\\\/\\\/www.mazam.eu\\\/tooted\\\/koormarihma-tarvikud\\\/\",\"url\":\"https:\\\/\\\/www.mazam.eu\\\/tooted\\\/koormarihma-tarvikud\\\/\",\"name\":\"KOORMARIHMA TARVIKUD - Mazam O\u00dc - tootmine ja m\u00fc\u00fck\",\"isPartOf\":{\"@id\":\"https:\\\/\\\/www.mazam.eu\\\/#website\"},\"primaryImageOfPage\":{\"@id\":\"https:\\\/\\\/www.mazam.eu\\\/tooted\\\/koormarihma-tarvikud\\\/#primaryimage\"},\"image\":{\"@id\":\"https:\\\/\\\/www.mazam.eu\\\/tooted\\\/koormarihma-tarvikud\\\/#primaryimage\"},\"thumbnailUrl\":\"https:\\\/\\\/www.mazam.eu\\\/wp-content\\\/uploads\\\/2020\\\/03\\\/elektriline-koormarihma-kerija-koormarihmakerija.png\",\"datePublished\":\"2020-03-27T10:13:29+00:00\",\"dateModified\":\"2025-04-09T18:42:01+00:00\",\"description\":\"Koormarihma tarvikud - Erinevad elektrilised ja manuaalsed tarvikud koormarihma pika poole kiireks kokkukerimiseks ja fikserimiseks...\",\"breadcrumb\":{\"@id\":\"https:\\\/\\\/www.mazam.eu\\\/tooted\\\/koormarihma-tarvikud\\\/#breadcrumb\"},\"inLanguage\":\"ru-RU\",\"potentialAction\":[{\"@type\":\"ReadAction\",\"target\":[\"https:\\\/\\\/www.mazam.eu\\\/tooted\\\/koormarihma-tarvikud\\\/\"]}]},{\"@type\":\"ImageObject\",\"inLanguage\":\"ru-RU\",\"@id\":\"https:\\\/\\\/www.mazam.eu\\\/tooted\\\/koormarihma-tarvikud\\\/#primaryimage\",\"url\":\"https:\\\/\\\/www.mazam.eu\\\/wp-content\\\/uploads\\\/2020\\\/03\\\/elektriline-koormarihma-kerija-koormarihmakerija.png\",\"contentUrl\":\"https:\\\/\\\/www.mazam.eu\\\/wp-content\\\/uploads\\\/2020\\\/03\\\/elektriline-koormarihma-kerija-koormarihmakerija.png\"},{\"@type\":\"BreadcrumbList\",\"@id\":\"https:\\\/\\\/www.mazam.eu\\\/tooted\\\/koormarihma-tarvikud\\\/#breadcrumb\",\"itemListElement\":[{\"@type\":\"ListItem\",\"position\":1,\"name\":\"Home\",\"item\":\"https:\\\/\\\/www.mazam.eu\\\/\"},{\"@type\":\"ListItem\",\"position\":2,\"name\":\"Tooted\",\"item\":\"https:\\\/\\\/www.mazam.eu\\\/tooted\\\/\"},{\"@type\":\"ListItem\",\"position\":3,\"name\":\"koormarihma tarvikud\"}]},{\"@type\":\"WebSite\",\"@id\":\"https:\\\/\\\/www.mazam.eu\\\/#website\",\"url\":\"https:\\\/\\\/www.mazam.eu\\\/\",\"name\":\"Mazam O&Uuml; | T&otilde;ste- ja koormakinnitusvahendite tootmine ja m&uuml;&uuml;k (2014 - 2026) - linttropp &bull; koormarihm &bull; ringt&otilde;stev&ouml;&ouml; &bull; terastross &bull; kett-tropp &bull; vints &bull; t&otilde;stemagnet jpm.\",\"description\":\"T&otilde;ste- ja kinnituslahendused | Lifting- and lashing solutions\",\"publisher\":{\"@id\":\"https:\\\/\\\/www.mazam.eu\\\/#organization\"},\"potentialAction\":[{\"@type\":\"SearchAction\",\"target\":{\"@type\":\"EntryPoint\",\"urlTemplate\":\"https:\\\/\\\/www.mazam.eu\\\/?s={search_term_string}\"},\"query-input\":{\"@type\":\"PropertyValueSpecification\",\"valueRequired\":true,\"valueName\":\"search_term_string\"}}],\"inLanguage\":\"ru-RU\"},{\"@type\":\"Organization\",\"@id\":\"https:\\\/\\\/www.mazam.eu\\\/#organization\",\"name\":\"Mazam O\u00dc\",\"url\":\"https:\\\/\\\/www.mazam.eu\\\/\",\"logo\":{\"@type\":\"ImageObject\",\"inLanguage\":\"ru-RU\",\"@id\":\"https:\\\/\\\/www.mazam.eu\\\/#\\\/schema\\\/logo\\\/image\\\/\",\"url\":\"https:\\\/\\\/www.mazam.eu\\\/wp-content\\\/uploads\\\/2015\\\/10\\\/mazam-logo-linttropp-koormarihm-t\u00f5stev\u00f6\u00f6.png\",\"contentUrl\":\"https:\\\/\\\/www.mazam.eu\\\/wp-content\\\/uploads\\\/2015\\\/10\\\/mazam-logo-linttropp-koormarihm-t\u00f5stev\u00f6\u00f6.png\",\"width\":190,\"height\":70,\"caption\":\"Mazam O\u00dc\"},\"image\":{\"@id\":\"https:\\\/\\\/www.mazam.eu\\\/#\\\/schema\\\/logo\\\/image\\\/\"}}]}<\/script>\n<!-- \/ Yoast SEO plugin. -->","yoast_head_json":{"title":"\u0410\u041f\u041f\u0410\u0420\u0410\u0422\u042b \u041a\u041e\u0420\u041c\u0410\u0420\u0418\u0425\u041c\u0410 - Mazam O\u00dc - \u043f\u0440\u043e\u0438\u0437\u0432\u043e\u0434\u0441\u0442\u0432\u043e \u0438 \u043f\u0440\u043e\u0434\u0430\u0436\u0430","description":"\u0410\u043a\u0441\u0435\u0441\u0441\u0443\u0430\u0440\u044b \u0434\u043b\u044f \u0433\u0440\u0443\u0437\u043e\u0432\u044b\u0445 \u0440\u0435\u043c\u043d\u0435\u0439 - \u0420\u0430\u0437\u043d\u043e\u043e\u0431\u0440\u0430\u0437\u043d\u044b\u0435 \u044d\u043b\u0435\u043a\u0442\u0440\u0438\u0447\u0435\u0441\u043a\u0438\u0435 \u0438 \u0440\u0443\u0447\u043d\u044b\u0435 \u0430\u043a\u0441\u0435\u0441\u0441\u0443\u0430\u0440\u044b \u0434\u043b\u044f \u0431\u044b\u0441\u0442\u0440\u043e\u0433\u043e \u0441\u043a\u043b\u0430\u0434\u044b\u0432\u0430\u043d\u0438\u044f \u0438 \u0441\u043a\u043b\u0430\u0434\u044b\u0432\u0430\u043d\u0438\u044f \u0434\u043b\u0438\u043d\u043d\u043e\u0439 \u0441\u0442\u043e\u0440\u043e\u043d\u044b \u0433\u0440\u0443\u0437\u043e\u0432\u043e\u0433\u043e \u0440\u0435\u043c\u043d\u044f....","robots":{"index":"index","follow":"follow","max-snippet":"max-snippet:-1","max-image-preview":"max-image-preview:large","max-video-preview":"max-video-preview:-1"},"canonical":"https:\/\/www.mazam.eu\/ru\/produkty\/\u0430\u043a\u0441\u0435\u0441\u0441\u0443\u0430\u0440\u044b-\u0434\u043b\u044f-\u0433\u0440\u0443\u0437\u043e\u0432\u044b\u0445-\u0440\u0435\u043c\u043d\u0435\u0439\/","og_locale":"ru_RU","og_type":"article","og_title":"KOORMARIHMA TARVIKUD - Mazam O\u00dc - tootmine ja m\u00fc\u00fck","og_description":"Koormarihma tarvikud - Erinevad elektrilised ja manuaalsed tarvikud koormarihma pika poole kiireks kokkukerimiseks ja fikserimiseks...","og_url":"https:\/\/www.mazam.eu\/ru\/produkty\/\u0430\u043a\u0441\u0435\u0441\u0441\u0443\u0430\u0440\u044b-\u0434\u043b\u044f-\u0433\u0440\u0443\u0437\u043e\u0432\u044b\u0445-\u0440\u0435\u043c\u043d\u0435\u0439\/","og_site_name":"Mazam O&Uuml; | T&otilde;ste- ja koormakinnitusvahendite tootmine ja m&uuml;&uuml;k (2014 - 2026) - linttropp &bull; koormarihm &bull; ringt&otilde;stev&ouml;&ouml; &bull; terastross &bull; kett-tropp &bull; vints &bull; t&otilde;stemagnet jpm.","article_modified_time":"2025-04-09T18:42:01+00:00","og_image":[{"url":"https:\/\/www.mazam.eu\/wp-content\/uploads\/2020\/03\/elektriline-koormarihma-kerija-koormarihmakerija.png","type":"","width":"","height":""}],"twitter_card":"summary_large_image","twitter_misc":{"\u041f\u0440\u0438\u043c\u0435\u0440\u043d\u043e\u0435 \u0432\u0440\u0435\u043c\u044f \u0434\u043b\u044f \u0447\u0442\u0435\u043d\u0438\u044f":"2 \u043c\u0438\u043d\u0443\u0442\u044b"},"schema":{"@context":"https:\/\/schema.org","@graph":[{"@type":"WebPage","@id":"https:\/\/www.mazam.eu\/tooted\/koormarihma-tarvikud\/","url":"https:\/\/www.mazam.eu\/tooted\/koormarihma-tarvikud\/","name":"\u0410\u041f\u041f\u0410\u0420\u0410\u0422\u042b \u041a\u041e\u0420\u041c\u0410\u0420\u0418\u0425\u041c\u0410 - Mazam O\u00dc - \u043f\u0440\u043e\u0438\u0437\u0432\u043e\u0434\u0441\u0442\u0432\u043e \u0438 \u043f\u0440\u043e\u0434\u0430\u0436\u0430","isPartOf":{"@id":"https:\/\/www.mazam.eu\/#website"},"primaryImageOfPage":{"@id":"https:\/\/www.mazam.eu\/tooted\/koormarihma-tarvikud\/#primaryimage"},"image":{"@id":"https:\/\/www.mazam.eu\/tooted\/koormarihma-tarvikud\/#primaryimage"},"thumbnailUrl":"https:\/\/www.mazam.eu\/wp-content\/uploads\/2020\/03\/elektriline-koormarihma-kerija-koormarihmakerija.png","datePublished":"2020-03-27T10:13:29+00:00","dateModified":"2025-04-09T18:42:01+00:00","description":"\u0410\u043a\u0441\u0435\u0441\u0441\u0443\u0430\u0440\u044b \u0434\u043b\u044f \u0433\u0440\u0443\u0437\u043e\u0432\u044b\u0445 \u0440\u0435\u043c\u043d\u0435\u0439 - \u0420\u0430\u0437\u043d\u043e\u043e\u0431\u0440\u0430\u0437\u043d\u044b\u0435 \u044d\u043b\u0435\u043a\u0442\u0440\u0438\u0447\u0435\u0441\u043a\u0438\u0435 \u0438 \u0440\u0443\u0447\u043d\u044b\u0435 \u0430\u043a\u0441\u0435\u0441\u0441\u0443\u0430\u0440\u044b \u0434\u043b\u044f \u0431\u044b\u0441\u0442\u0440\u043e\u0433\u043e \u0441\u043a\u043b\u0430\u0434\u044b\u0432\u0430\u043d\u0438\u044f \u0438 \u0441\u043a\u043b\u0430\u0434\u044b\u0432\u0430\u043d\u0438\u044f \u0434\u043b\u0438\u043d\u043d\u043e\u0439 \u0441\u0442\u043e\u0440\u043e\u043d\u044b \u0433\u0440\u0443\u0437\u043e\u0432\u043e\u0433\u043e \u0440\u0435\u043c\u043d\u044f....","breadcrumb":{"@id":"https:\/\/www.mazam.eu\/tooted\/koormarihma-tarvikud\/#breadcrumb"},"inLanguage":"ru-RU","potentialAction":[{"@type":"ReadAction","target":["https:\/\/www.mazam.eu\/tooted\/koormarihma-tarvikud\/"]}]},{"@type":"ImageObject","inLanguage":"ru-RU","@id":"https:\/\/www.mazam.eu\/tooted\/koormarihma-tarvikud\/#primaryimage","url":"https:\/\/www.mazam.eu\/wp-content\/uploads\/2020\/03\/elektriline-koormarihma-kerija-koormarihmakerija.png","contentUrl":"https:\/\/www.mazam.eu\/wp-content\/uploads\/2020\/03\/elektriline-koormarihma-kerija-koormarihmakerija.png"},{"@type":"BreadcrumbList","@id":"https:\/\/www.mazam.eu\/tooted\/koormarihma-tarvikud\/#breadcrumb","itemListElement":[{"@type":"ListItem","position":1,"name":"Home","item":"https:\/\/www.mazam.eu\/"},{"@type":"ListItem","position":2,"name":"Tooted","item":"https:\/\/www.mazam.eu\/tooted\/"},{"@type":"ListItem","position":3,"name":"koormarihma tarvikud"}]},{"@type":"WebSite","@id":"https:\/\/www.mazam.eu\/#website","url":"https:\/\/www.mazam.eu\/","name":"Mazam O\u00dc | \u041f\u0440\u043e\u0438\u0437\u0432\u043e\u0434\u0441\u0442\u0432\u043e \u0438 \u043f\u0440\u043e\u0434\u0430\u0436\u0430 \u043f\u043e\u0434\u044a\u0435\u043c\u043d\u043e-\u0442\u0440\u0430\u043d\u0441\u043f\u043e\u0440\u0442\u043d\u043e\u0433\u043e \u043e\u0431\u043e\u0440\u0443\u0434\u043e\u0432\u0430\u043d\u0438\u044f (2014 - 2026) - \u043b\u0438\u043d\u0442\u0440\u0443\u043f\u0430 - \u0433\u0440\u0443\u0437\u043e\u0432\u043e\u0439 \u0440\u0435\u043c\u0435\u043d\u044c - \u0442\u0430\u043b\u0435\u0432\u044b\u0439 \u0440\u0435\u043c\u0435\u043d\u044c - \u0441\u0442\u0430\u043b\u044c\u043d\u043e\u0439 \u043a\u0430\u043d\u0430\u0442 - \u0446\u0435\u043f\u043d\u043e\u0439 \u0442\u0430\u043b\u0440\u0435\u043f - \u043b\u0435\u0431\u0435\u0434\u043a\u0430 - \u043f\u043e\u0434\u044a\u0435\u043c\u043d\u044b\u0439 \u043c\u0430\u0433\u043d\u0438\u0442 \u0438 \u0442.\u0434.","description":"\u0420\u0435\u0448\u0435\u043d\u0438\u044f \u0434\u043b\u044f \u043f\u043e\u0434\u044a\u0435\u043c\u0430 \u0438 \u043a\u0440\u0435\u043f\u043b\u0435\u043d\u0438\u044f | \u0420\u0435\u0448\u0435\u043d\u0438\u044f \u0434\u043b\u044f \u043f\u043e\u0434\u044a\u0435\u043c\u0430 \u0438 \u043a\u0440\u0435\u043f\u043b\u0435\u043d\u0438\u044f","publisher":{"@id":"https:\/\/www.mazam.eu\/#organization"},"potentialAction":[{"@type":"SearchAction","target":{"@type":"EntryPoint","urlTemplate":"https:\/\/www.mazam.eu\/?s={search_term_string}"},"query-input":{"@type":"PropertyValueSpecification","valueRequired":true,"valueName":"search_term_string"}}],"inLanguage":"ru-RU"},{"@type":"Organization","@id":"https:\/\/www.mazam.eu\/#organization","name":"Mazam O\u00dc","url":"https:\/\/www.mazam.eu\/","logo":{"@type":"ImageObject","inLanguage":"ru-RU","@id":"https:\/\/www.mazam.eu\/#\/schema\/logo\/image\/","url":"https:\/\/www.mazam.eu\/wp-content\/uploads\/2015\/10\/mazam-logo-linttropp-koormarihm-t\u00f5stev\u00f6\u00f6.png","contentUrl":"https:\/\/www.mazam.eu\/wp-content\/uploads\/2015\/10\/mazam-logo-linttropp-koormarihm-t\u00f5stev\u00f6\u00f6.png","width":190,"height":70,"caption":"Mazam O\u00dc"},"image":{"@id":"https:\/\/www.mazam.eu\/#\/schema\/logo\/image\/"}}]}},"_links":{"self":[{"href":"https:\/\/www.mazam.eu\/ru\/wp-json\/wp\/v2\/pages\/4981","targetHints":{"allow":["GET"]}}],"collection":[{"href":"https:\/\/www.mazam.eu\/ru\/wp-json\/wp\/v2\/pages"}],"about":[{"href":"https:\/\/www.mazam.eu\/ru\/wp-json\/wp\/v2\/types\/page"}],"author":[{"embeddable":true,"href":"https:\/\/www.mazam.eu\/ru\/wp-json\/wp\/v2\/users\/1"}],"replies":[{"embeddable":true,"href":"https:\/\/www.mazam.eu\/ru\/wp-json\/wp\/v2\/comments?post=4981"}],"version-history":[{"count":20,"href":"https:\/\/www.mazam.eu\/ru\/wp-json\/wp\/v2\/pages\/4981\/revisions"}],"predecessor-version":[{"id":11750,"href":"https:\/\/www.mazam.eu\/ru\/wp-json\/wp\/v2\/pages\/4981\/revisions\/11750"}],"up":[{"embeddable":true,"href":"https:\/\/www.mazam.eu\/ru\/wp-json\/wp\/v2\/pages\/5"}],"wp:attachment":[{"href":"https:\/\/www.mazam.eu\/ru\/wp-json\/wp\/v2\/media?parent=4981"}],"curies":[{"name":"wp","href":"https:\/\/api.w.org\/{rel}","templated":true}]}}