{"id":5004,"date":"2020-03-27T12:35:04","date_gmt":"2020-03-27T12:35:04","guid":{"rendered":"https:\/\/www.mazam.eu\/?page_id=5004"},"modified":"2025-04-09T18:47:31","modified_gmt":"2025-04-09T18:47:31","slug":"%d1%8d%d0%bb%d0%b5%d0%ba%d1%82%d1%80%d0%b8%d1%87%d0%b5%d1%81%d0%ba%d0%b0%d1%8f-%d0%ba%d0%b0%d1%82%d1%83%d1%88%d0%ba%d0%b0-%d0%b4%d0%bb%d1%8f-%d0%b3%d1%80%d1%83%d0%b7%d0%be%d0%b2%d1%8b%d1%85-%d1%80","status":"publish","type":"page","link":"https:\/\/www.mazam.eu\/ru\/elektriline-koormarihma-kerija\/","title":{"rendered":"\u044d\u043b\u0435\u043a\u0442\u0440\u0438\u0447\u0435\u0441\u043a\u0430\u044f \u043a\u0430\u0442\u0443\u0448\u043a\u0430 \u0434\u043b\u044f \u0433\u0440\u0443\u0437\u043e\u0432\u044b\u0445 \u0440\u0435\u043c\u043d\u0435\u0439"},"content":{"rendered":"<div class='epvc-post-count'><span class='epvc-eye'><\/span>  <span class=\"epvc-count\"> 3&nbsp;644<\/span><span class='epvc-label'> \u043f\u0440\u043e\u0441\u043c\u043e\u0442\u0440<\/span><\/div><p><span style=\"color: #ffffff;\">\u044d\u043b\u0435\u043a\u0442\u0440\u0438\u0447\u0435\u0441\u043a\u0430\u044f \u043a\u0430\u0442\u0443\u0448\u043a\u0430 \u0434\u043b\u044f \u0433\u0440\u0443\u0437\u043e\u0432\u044b\u0445 \u0440\u0435\u043c\u043d\u0435\u0439<\/span><br \/>\n<span style=\"color: #333333;\"><strong>\u041f\u0440\u0438\u043c\u0435\u043d\u0435\u043d\u0438\u0435 - \u041f\u0440\u043e\u0444\u0435\u0441\u0441\u0438\u043e\u043d\u0430\u043b\u044c\u043d\u044b\u0439 \u044d\u043b\u0435\u043a\u0442\u0440\u043e\u0438\u043d\u0441\u0442\u0440\u0443\u043c\u0435\u043d\u0442 \u0434\u043b\u044f \u0431\u044b\u0441\u0442\u0440\u043e\u0439 \u0438 \u043b\u0435\u0433\u043a\u043e\u0439 \u043f\u0435\u0440\u0435\u043c\u043e\u0442\u043a\u0438 \u0434\u043b\u0438\u043d\u043d\u043e\u0433\u043e \u0433\u0440\u0443\u0437\u043e\u0432\u043e\u0433\u043e \u0440\u0435\u043c\u043d\u044f \u043c\u0435\u043d\u0435\u0435 \u0447\u0435\u043c \u0437\u0430 10 \u0441\u0435\u043a\u0443\u043d\u0434!<\/strong><\/span><br \/>\n<span style=\"color: #333333;\"><strong>\u0412 \u043a\u043e\u043c\u043f\u043b\u0435\u043a\u0442 \u043f\u043e\u0441\u0442\u0430\u0432\u043a\u0438 \u0432\u0445\u043e\u0434\u044f\u0442: \u0437\u0430\u0440\u044f\u0434\u043d\u043e\u0435 \u0443\u0441\u0442\u0440\u043e\u0439\u0441\u0442\u0432\u043e 230 \u0412, \u0430\u043a\u043a\u0443\u043c\u0443\u043b\u044f\u0442\u043e\u0440 12 \u0412 Li-Ion 1,3 \u0410\u0447, \u0430\u0432\u0442\u043e\u043c\u043e\u0431\u0438\u043b\u044c\u043d\u043e\u0435 \u0437\u0430\u0440\u044f\u0434\u043d\u043e\u0435 \u0443\u0441\u0442\u0440\u043e\u0439\u0441\u0442\u0432\u043e 12\/24 \u0412, \u0437\u0430\u0436\u0438\u043c \u0434\u043b\u044f \u0434\u043b\u0438\u043d\u043d\u043e\u0439 \u0440\u0430\u0431\u043e\u0447\u0435\u0439 \u0447\u0430\u0441\u0442\u0438 \u0433\u0440\u0443\u0437\u043e\u0432\u043e\u0433\u043e \u0440\u0435\u043c\u043d\u044f, \u0440\u0443\u043a\u043e\u0432\u043e\u0434\u0441\u0442\u0432\u043e \u043f\u043e\u043b\u044c\u0437\u043e\u0432\u0430\u0442\u0435\u043b\u044f.<a style=\"color: #333333;\" href=\"https:\/\/en.wikipedia.org\/wiki\/Tie_down_strap\">.<\/a><\/strong><\/span><br \/>\n<span style=\"color: #333333;\"><strong>\u2014<\/strong><\/span><br \/>\n<span style=\"color: #333333;\"><strong><em>\u041d\u0430\u0436\u043c\u0438\u0442\u0435 \u043d\u0430 \u0438\u0437\u043e\u0431\u0440\u0430\u0436\u0435\u043d\u0438\u0435, \u0447\u0442\u043e\u0431\u044b \u0443\u0432\u0438\u0434\u0435\u0442\u044c \u0442\u043e\u0432\u0430\u0440 \u0432 \u0443\u0432\u0435\u043b\u0438\u0447\u0435\u043d\u043d\u043e\u043c \u0440\u0430\u0437\u043c\u0435\u0440\u0435.<\/em><\/strong><\/span><\/p>\n<figure id=\"attachment_4983\" aria-describedby=\"caption-attachment-4983\" style=\"width: 200px\" class=\"wp-caption alignnone\"><a href=\"https:\/\/www.mazam.eu\/wp-content\/uploads\/2020\/03\/elektriline-koormarihma-kerija-suur.png\" target=\"_blank\" rel=\"noopener noreferrer\"><img loading=\"lazy\" decoding=\"async\" class=\"wp-image-4983 size-full\" src=\"https:\/\/www.mazam.eu\/wp-content\/uploads\/2020\/03\/elektriline-koormarihma-kerija-koormarihmakerija.png\" alt=\"\u044d\u043b\u0435\u043a\u0442\u0440\u0438\u0447\u0435\u0441\u043a\u0430\u044f \u043a\u0430\u0442\u0443\u0448\u043a\u0430 \u0434\u043b\u044f \u0433\u0440\u0443\u0437\u043e\u0432\u044b\u0445 \u0440\u0435\u043c\u043d\u0435\u0439\" width=\"200\" height=\"150\" data-id=\"4983\" \/><\/a><figcaption id=\"caption-attachment-4983\" class=\"wp-caption-text\">\u044d\u043b\u0435\u043a\u0442\u0440\u0438\u0447\u0435\u0441\u043a\u0430\u044f \u043a\u0430\u0442\u0443\u0448\u043a\u0430 \u0434\u043b\u044f \u0433\u0440\u0443\u0437\u043e\u0432\u044b\u0445 \u0440\u0435\u043c\u043d\u0435\u0439<\/figcaption><\/figure>\n<hr \/>\n<p><strong>\u0421\u043c\u043e\u0442\u0440\u0438\u0442\u0435 \u0432\u0438\u0434\u0435\u043e:<\/strong><\/p>\n<p><iframe loading=\"lazy\" title=\"\u042d\u043b\u0435\u043a\u0442\u0440\u0438\u0447\u0435\u0441\u043a\u0430\u044f \u043c\u0430\u0448\u0438\u043d\u043a\u0430 \u0434\u043b\u044f \u043d\u0430\u043c\u043e\u0442\u043a\u0438 \u0440\u0435\u043c\u043d\u0435\u0439 | Dynello Rewinder 2\" width=\"640\" height=\"360\" src=\"https:\/\/www.youtube.com\/embed\/bV07fi7xbTw?feature=oembed\" frameborder=\"0\" allow=\"accelerometer; autoplay; clipboard-write; encrypted-media; gyroscope; picture-in-picture; web-share\" referrerpolicy=\"strict-origin-when-cross-origin\" allowfullscreen><\/iframe><\/p>","protected":false},"excerpt":{"rendered":"<p>3&nbsp;644 vaatamistelektriline koormarihma kerija Kasutus &#8211; Professionaalne elektrit\u00f6\u00f6riist koormarihma pika t\u00f6\u00f6osa kiireks ja lihtsaks kerimiseks v\u00e4hem kui 10 sekundiga! Toote juurde kuuluvad: laadija 230V, aku 12V Li-Ion 1.3Ah, autolaadija 12\/24V, koormarihma pika t\u00f6\u00f6osa klamber, kasutusjuhend. &#8212; Vajuta pildile, et toodet suuremalt n\u00e4ha.. Vaata videot:<\/p>","protected":false},"author":1,"featured_media":0,"parent":0,"menu_order":0,"comment_status":"closed","ping_status":"closed","template":"","meta":{"_uf_show_specific_survey":0,"_uf_disable_surveys":false,"iawp_total_views":149,"footnotes":""},"class_list":["post-5004","page","type-page","status-publish","hentry"],"yoast_head":"<!-- This site is optimized with the Yoast SEO plugin v27.5 - https:\/\/yoast.com\/product\/yoast-seo-wordpress\/ -->\n<title>ELEKTRILINE KOORMARIHMA KERIJA - Mazam O\u00dc<\/title>\n<meta name=\"description\" content=\"Elektriline koormarihma kerija - Professionaalne elektrit\u00f6\u00f6riist koormarihmade kiireks ja lihtsaks kerimiseks v\u00e4hem kui 10 sekundiga!\" \/>\n<meta name=\"robots\" content=\"index, follow, max-snippet:-1, max-image-preview:large, max-video-preview:-1\" \/>\n<link rel=\"canonical\" href=\"https:\/\/www.mazam.eu\/ru\/\u044d\u043b\u0435\u043a\u0442\u0440\u0438\u0447\u0435\u0441\u043a\u0430\u044f-\u043a\u0430\u0442\u0443\u0448\u043a\u0430-\u0434\u043b\u044f-\u0433\u0440\u0443\u0437\u043e\u0432\u044b\u0445-\u0440\/\" \/>\n<meta property=\"og:locale\" content=\"ru_RU\" \/>\n<meta property=\"og:type\" content=\"article\" \/>\n<meta property=\"og:title\" content=\"ELEKTRILINE KOORMARIHMA KERIJA - Mazam O\u00dc\" \/>\n<meta property=\"og:description\" content=\"Elektriline koormarihma kerija - Professionaalne elektrit\u00f6\u00f6riist koormarihmade kiireks ja lihtsaks kerimiseks v\u00e4hem kui 10 sekundiga!\" \/>\n<meta property=\"og:url\" content=\"https:\/\/www.mazam.eu\/ru\/\u044d\u043b\u0435\u043a\u0442\u0440\u0438\u0447\u0435\u0441\u043a\u0430\u044f-\u043a\u0430\u0442\u0443\u0448\u043a\u0430-\u0434\u043b\u044f-\u0433\u0440\u0443\u0437\u043e\u0432\u044b\u0445-\u0440\/\" \/>\n<meta property=\"og:site_name\" content=\"Mazam O&Uuml; | T&otilde;ste- ja koormakinnitusvahendite tootmine ja m&uuml;&uuml;k (2014 - 2026) - linttropp &bull; koormarihm &bull; ringt&otilde;stev&ouml;&ouml; &bull; terastross &bull; kett-tropp &bull; vints &bull; t&otilde;stemagnet jpm.\" \/>\n<meta property=\"article:modified_time\" content=\"2025-04-09T18:47:31+00:00\" \/>\n<meta property=\"og:image\" content=\"https:\/\/www.mazam.eu\/wp-content\/uploads\/2020\/03\/elektriline-koormarihma-kerija-koormarihmakerija.png\" \/>\n<meta name=\"twitter:card\" content=\"summary_large_image\" \/>\n<meta name=\"twitter:label1\" content=\"\u041f\u0440\u0438\u043c\u0435\u0440\u043d\u043e\u0435 \u0432\u0440\u0435\u043c\u044f \u0434\u043b\u044f \u0447\u0442\u0435\u043d\u0438\u044f\" \/>\n\t<meta name=\"twitter:data1\" content=\"1 \u043c\u0438\u043d\u0443\u0442\u0430\" \/>\n<script type=\"application\/ld+json\" class=\"yoast-schema-graph\">{\"@context\":\"https:\\\/\\\/schema.org\",\"@graph\":[{\"@type\":\"WebPage\",\"@id\":\"https:\\\/\\\/www.mazam.eu\\\/elektriline-koormarihma-kerija\\\/\",\"url\":\"https:\\\/\\\/www.mazam.eu\\\/elektriline-koormarihma-kerija\\\/\",\"name\":\"ELEKTRILINE KOORMARIHMA KERIJA - Mazam O\u00dc\",\"isPartOf\":{\"@id\":\"https:\\\/\\\/www.mazam.eu\\\/#website\"},\"primaryImageOfPage\":{\"@id\":\"https:\\\/\\\/www.mazam.eu\\\/elektriline-koormarihma-kerija\\\/#primaryimage\"},\"image\":{\"@id\":\"https:\\\/\\\/www.mazam.eu\\\/elektriline-koormarihma-kerija\\\/#primaryimage\"},\"thumbnailUrl\":\"https:\\\/\\\/www.mazam.eu\\\/wp-content\\\/uploads\\\/2020\\\/03\\\/elektriline-koormarihma-kerija-koormarihmakerija.png\",\"datePublished\":\"2020-03-27T12:35:04+00:00\",\"dateModified\":\"2025-04-09T18:47:31+00:00\",\"description\":\"Elektriline koormarihma kerija - Professionaalne elektrit\u00f6\u00f6riist koormarihmade kiireks ja lihtsaks kerimiseks v\u00e4hem kui 10 sekundiga!\",\"breadcrumb\":{\"@id\":\"https:\\\/\\\/www.mazam.eu\\\/elektriline-koormarihma-kerija\\\/#breadcrumb\"},\"inLanguage\":\"ru-RU\",\"potentialAction\":[{\"@type\":\"ReadAction\",\"target\":[\"https:\\\/\\\/www.mazam.eu\\\/elektriline-koormarihma-kerija\\\/\"]}]},{\"@type\":\"ImageObject\",\"inLanguage\":\"ru-RU\",\"@id\":\"https:\\\/\\\/www.mazam.eu\\\/elektriline-koormarihma-kerija\\\/#primaryimage\",\"url\":\"https:\\\/\\\/www.mazam.eu\\\/wp-content\\\/uploads\\\/2020\\\/03\\\/elektriline-koormarihma-kerija-koormarihmakerija.png\",\"contentUrl\":\"https:\\\/\\\/www.mazam.eu\\\/wp-content\\\/uploads\\\/2020\\\/03\\\/elektriline-koormarihma-kerija-koormarihmakerija.png\"},{\"@type\":\"BreadcrumbList\",\"@id\":\"https:\\\/\\\/www.mazam.eu\\\/elektriline-koormarihma-kerija\\\/#breadcrumb\",\"itemListElement\":[{\"@type\":\"ListItem\",\"position\":1,\"name\":\"Home\",\"item\":\"https:\\\/\\\/www.mazam.eu\\\/\"},{\"@type\":\"ListItem\",\"position\":2,\"name\":\"elektriline koormarihma kerija\"}]},{\"@type\":\"WebSite\",\"@id\":\"https:\\\/\\\/www.mazam.eu\\\/#website\",\"url\":\"https:\\\/\\\/www.mazam.eu\\\/\",\"name\":\"Mazam O&Uuml; | T&otilde;ste- ja koormakinnitusvahendite tootmine ja m&uuml;&uuml;k (2014 - 2026) - linttropp &bull; koormarihm &bull; ringt&otilde;stev&ouml;&ouml; &bull; terastross &bull; kett-tropp &bull; vints &bull; t&otilde;stemagnet jpm.\",\"description\":\"T&otilde;ste- ja kinnituslahendused | Lifting- and lashing solutions\",\"publisher\":{\"@id\":\"https:\\\/\\\/www.mazam.eu\\\/#organization\"},\"potentialAction\":[{\"@type\":\"SearchAction\",\"target\":{\"@type\":\"EntryPoint\",\"urlTemplate\":\"https:\\\/\\\/www.mazam.eu\\\/?s={search_term_string}\"},\"query-input\":{\"@type\":\"PropertyValueSpecification\",\"valueRequired\":true,\"valueName\":\"search_term_string\"}}],\"inLanguage\":\"ru-RU\"},{\"@type\":\"Organization\",\"@id\":\"https:\\\/\\\/www.mazam.eu\\\/#organization\",\"name\":\"Mazam O\u00dc\",\"url\":\"https:\\\/\\\/www.mazam.eu\\\/\",\"logo\":{\"@type\":\"ImageObject\",\"inLanguage\":\"ru-RU\",\"@id\":\"https:\\\/\\\/www.mazam.eu\\\/#\\\/schema\\\/logo\\\/image\\\/\",\"url\":\"https:\\\/\\\/www.mazam.eu\\\/wp-content\\\/uploads\\\/2015\\\/10\\\/mazam-logo-linttropp-koormarihm-t\u00f5stev\u00f6\u00f6.png\",\"contentUrl\":\"https:\\\/\\\/www.mazam.eu\\\/wp-content\\\/uploads\\\/2015\\\/10\\\/mazam-logo-linttropp-koormarihm-t\u00f5stev\u00f6\u00f6.png\",\"width\":190,\"height\":70,\"caption\":\"Mazam O\u00dc\"},\"image\":{\"@id\":\"https:\\\/\\\/www.mazam.eu\\\/#\\\/schema\\\/logo\\\/image\\\/\"}}]}<\/script>\n<!-- \/ Yoast SEO plugin. -->","yoast_head_json":{"title":"\u042d\u041b\u0415\u041a\u0422\u0420\u0418\u0427\u0415\u0421\u041a\u0418\u0419 \u041a\u041e\u041e\u0420\u041c\u0410\u0420\u0418\u0423\u041c\u041d\u042b\u0419 \u041c\u0418\u041a\u0421\u0415\u0420 - Mazam O\u00dc","description":"\u042d\u043b\u0435\u043a\u0442\u0440\u0438\u0447\u0435\u0441\u043a\u0438\u0439 \u0441\u0442\u0430\u043d\u043e\u043a \u0434\u043b\u044f \u043f\u0435\u0440\u0435\u043c\u043e\u0442\u043a\u0438 \u0433\u0440\u0443\u0437\u043e\u0432 - \u043f\u0440\u043e\u0444\u0435\u0441\u0441\u0438\u043e\u043d\u0430\u043b\u044c\u043d\u044b\u0439 \u044d\u043b\u0435\u043a\u0442\u0440\u043e\u0438\u043d\u0441\u0442\u0440\u0443\u043c\u0435\u043d\u0442 \u0434\u043b\u044f \u0431\u044b\u0441\u0442\u0440\u043e\u0439 \u0438 \u043b\u0435\u0433\u043a\u043e\u0439 \u043f\u0435\u0440\u0435\u043c\u043e\u0442\u043a\u0438 \u0433\u0440\u0443\u0437\u043e\u0432\u044b\u0445 \u0440\u0435\u043c\u043d\u0435\u0439 \u043c\u0435\u043d\u0435\u0435 \u0447\u0435\u043c \u0437\u0430 10 \u0441\u0435\u043a\u0443\u043d\u0434!","robots":{"index":"index","follow":"follow","max-snippet":"max-snippet:-1","max-image-preview":"max-image-preview:large","max-video-preview":"max-video-preview:-1"},"canonical":"https:\/\/www.mazam.eu\/ru\/\u044d\u043b\u0435\u043a\u0442\u0440\u0438\u0447\u0435\u0441\u043a\u0430\u044f-\u043a\u0430\u0442\u0443\u0448\u043a\u0430-\u0434\u043b\u044f-\u0433\u0440\u0443\u0437\u043e\u0432\u044b\u0445-\u0440\/","og_locale":"ru_RU","og_type":"article","og_title":"ELEKTRILINE KOORMARIHMA KERIJA - Mazam O\u00dc","og_description":"Elektriline koormarihma kerija - Professionaalne elektrit\u00f6\u00f6riist koormarihmade kiireks ja lihtsaks kerimiseks v\u00e4hem kui 10 sekundiga!","og_url":"https:\/\/www.mazam.eu\/ru\/\u044d\u043b\u0435\u043a\u0442\u0440\u0438\u0447\u0435\u0441\u043a\u0430\u044f-\u043a\u0430\u0442\u0443\u0448\u043a\u0430-\u0434\u043b\u044f-\u0433\u0440\u0443\u0437\u043e\u0432\u044b\u0445-\u0440\/","og_site_name":"Mazam O&Uuml; | T&otilde;ste- ja koormakinnitusvahendite tootmine ja m&uuml;&uuml;k (2014 - 2026) - linttropp &bull; koormarihm &bull; ringt&otilde;stev&ouml;&ouml; &bull; terastross &bull; kett-tropp &bull; vints &bull; t&otilde;stemagnet jpm.","article_modified_time":"2025-04-09T18:47:31+00:00","og_image":[{"url":"https:\/\/www.mazam.eu\/wp-content\/uploads\/2020\/03\/elektriline-koormarihma-kerija-koormarihmakerija.png","type":"","width":"","height":""}],"twitter_card":"summary_large_image","twitter_misc":{"\u041f\u0440\u0438\u043c\u0435\u0440\u043d\u043e\u0435 \u0432\u0440\u0435\u043c\u044f \u0434\u043b\u044f \u0447\u0442\u0435\u043d\u0438\u044f":"1 \u043c\u0438\u043d\u0443\u0442\u0430"},"schema":{"@context":"https:\/\/schema.org","@graph":[{"@type":"WebPage","@id":"https:\/\/www.mazam.eu\/elektriline-koormarihma-kerija\/","url":"https:\/\/www.mazam.eu\/elektriline-koormarihma-kerija\/","name":"\u042d\u041b\u0415\u041a\u0422\u0420\u0418\u0427\u0415\u0421\u041a\u0418\u0419 \u041a\u041e\u041e\u0420\u041c\u0410\u0420\u0418\u0423\u041c\u041d\u042b\u0419 \u041c\u0418\u041a\u0421\u0415\u0420 - Mazam O\u00dc","isPartOf":{"@id":"https:\/\/www.mazam.eu\/#website"},"primaryImageOfPage":{"@id":"https:\/\/www.mazam.eu\/elektriline-koormarihma-kerija\/#primaryimage"},"image":{"@id":"https:\/\/www.mazam.eu\/elektriline-koormarihma-kerija\/#primaryimage"},"thumbnailUrl":"https:\/\/www.mazam.eu\/wp-content\/uploads\/2020\/03\/elektriline-koormarihma-kerija-koormarihmakerija.png","datePublished":"2020-03-27T12:35:04+00:00","dateModified":"2025-04-09T18:47:31+00:00","description":"\u042d\u043b\u0435\u043a\u0442\u0440\u0438\u0447\u0435\u0441\u043a\u0438\u0439 \u0441\u0442\u0430\u043d\u043e\u043a \u0434\u043b\u044f \u043f\u0435\u0440\u0435\u043c\u043e\u0442\u043a\u0438 \u0433\u0440\u0443\u0437\u043e\u0432 - \u043f\u0440\u043e\u0444\u0435\u0441\u0441\u0438\u043e\u043d\u0430\u043b\u044c\u043d\u044b\u0439 \u044d\u043b\u0435\u043a\u0442\u0440\u043e\u0438\u043d\u0441\u0442\u0440\u0443\u043c\u0435\u043d\u0442 \u0434\u043b\u044f \u0431\u044b\u0441\u0442\u0440\u043e\u0439 \u0438 \u043b\u0435\u0433\u043a\u043e\u0439 \u043f\u0435\u0440\u0435\u043c\u043e\u0442\u043a\u0438 \u0433\u0440\u0443\u0437\u043e\u0432\u044b\u0445 \u0440\u0435\u043c\u043d\u0435\u0439 \u043c\u0435\u043d\u0435\u0435 \u0447\u0435\u043c \u0437\u0430 10 \u0441\u0435\u043a\u0443\u043d\u0434!","breadcrumb":{"@id":"https:\/\/www.mazam.eu\/elektriline-koormarihma-kerija\/#breadcrumb"},"inLanguage":"ru-RU","potentialAction":[{"@type":"ReadAction","target":["https:\/\/www.mazam.eu\/elektriline-koormarihma-kerija\/"]}]},{"@type":"ImageObject","inLanguage":"ru-RU","@id":"https:\/\/www.mazam.eu\/elektriline-koormarihma-kerija\/#primaryimage","url":"https:\/\/www.mazam.eu\/wp-content\/uploads\/2020\/03\/elektriline-koormarihma-kerija-koormarihmakerija.png","contentUrl":"https:\/\/www.mazam.eu\/wp-content\/uploads\/2020\/03\/elektriline-koormarihma-kerija-koormarihmakerija.png"},{"@type":"BreadcrumbList","@id":"https:\/\/www.mazam.eu\/elektriline-koormarihma-kerija\/#breadcrumb","itemListElement":[{"@type":"ListItem","position":1,"name":"Home","item":"https:\/\/www.mazam.eu\/"},{"@type":"ListItem","position":2,"name":"elektriline koormarihma kerija"}]},{"@type":"WebSite","@id":"https:\/\/www.mazam.eu\/#website","url":"https:\/\/www.mazam.eu\/","name":"Mazam O\u00dc | \u041f\u0440\u043e\u0438\u0437\u0432\u043e\u0434\u0441\u0442\u0432\u043e \u0438 \u043f\u0440\u043e\u0434\u0430\u0436\u0430 \u043f\u043e\u0434\u044a\u0435\u043c\u043d\u043e-\u0442\u0440\u0430\u043d\u0441\u043f\u043e\u0440\u0442\u043d\u043e\u0433\u043e \u043e\u0431\u043e\u0440\u0443\u0434\u043e\u0432\u0430\u043d\u0438\u044f (2014 - 2026) - \u043b\u0438\u043d\u0442\u0440\u0443\u043f\u0430 - \u0433\u0440\u0443\u0437\u043e\u0432\u043e\u0439 \u0440\u0435\u043c\u0435\u043d\u044c - \u0442\u0430\u043b\u0435\u0432\u044b\u0439 \u0440\u0435\u043c\u0435\u043d\u044c - \u0441\u0442\u0430\u043b\u044c\u043d\u043e\u0439 \u043a\u0430\u043d\u0430\u0442 - \u0446\u0435\u043f\u043d\u043e\u0439 \u0442\u0430\u043b\u0440\u0435\u043f - \u043b\u0435\u0431\u0435\u0434\u043a\u0430 - \u043f\u043e\u0434\u044a\u0435\u043c\u043d\u044b\u0439 \u043c\u0430\u0433\u043d\u0438\u0442 \u0438 \u0442.\u0434.","description":"\u0420\u0435\u0448\u0435\u043d\u0438\u044f \u0434\u043b\u044f \u043f\u043e\u0434\u044a\u0435\u043c\u0430 \u0438 \u043a\u0440\u0435\u043f\u043b\u0435\u043d\u0438\u044f | \u0420\u0435\u0448\u0435\u043d\u0438\u044f \u0434\u043b\u044f \u043f\u043e\u0434\u044a\u0435\u043c\u0430 \u0438 \u043a\u0440\u0435\u043f\u043b\u0435\u043d\u0438\u044f","publisher":{"@id":"https:\/\/www.mazam.eu\/#organization"},"potentialAction":[{"@type":"SearchAction","target":{"@type":"EntryPoint","urlTemplate":"https:\/\/www.mazam.eu\/?s={search_term_string}"},"query-input":{"@type":"PropertyValueSpecification","valueRequired":true,"valueName":"search_term_string"}}],"inLanguage":"ru-RU"},{"@type":"Organization","@id":"https:\/\/www.mazam.eu\/#organization","name":"Mazam O\u00dc","url":"https:\/\/www.mazam.eu\/","logo":{"@type":"ImageObject","inLanguage":"ru-RU","@id":"https:\/\/www.mazam.eu\/#\/schema\/logo\/image\/","url":"https:\/\/www.mazam.eu\/wp-content\/uploads\/2015\/10\/mazam-logo-linttropp-koormarihm-t\u00f5stev\u00f6\u00f6.png","contentUrl":"https:\/\/www.mazam.eu\/wp-content\/uploads\/2015\/10\/mazam-logo-linttropp-koormarihm-t\u00f5stev\u00f6\u00f6.png","width":190,"height":70,"caption":"Mazam O\u00dc"},"image":{"@id":"https:\/\/www.mazam.eu\/#\/schema\/logo\/image\/"}}]}},"_links":{"self":[{"href":"https:\/\/www.mazam.eu\/ru\/wp-json\/wp\/v2\/pages\/5004","targetHints":{"allow":["GET"]}}],"collection":[{"href":"https:\/\/www.mazam.eu\/ru\/wp-json\/wp\/v2\/pages"}],"about":[{"href":"https:\/\/www.mazam.eu\/ru\/wp-json\/wp\/v2\/types\/page"}],"author":[{"embeddable":true,"href":"https:\/\/www.mazam.eu\/ru\/wp-json\/wp\/v2\/users\/1"}],"replies":[{"embeddable":true,"href":"https:\/\/www.mazam.eu\/ru\/wp-json\/wp\/v2\/comments?post=5004"}],"version-history":[{"count":8,"href":"https:\/\/www.mazam.eu\/ru\/wp-json\/wp\/v2\/pages\/5004\/revisions"}],"predecessor-version":[{"id":11751,"href":"https:\/\/www.mazam.eu\/ru\/wp-json\/wp\/v2\/pages\/5004\/revisions\/11751"}],"wp:attachment":[{"href":"https:\/\/www.mazam.eu\/ru\/wp-json\/wp\/v2\/media?parent=5004"}],"curies":[{"name":"wp","href":"https:\/\/api.w.org\/{rel}","templated":true}]}}