{"id":5111,"date":"2020-04-05T09:49:38","date_gmt":"2020-04-05T09:49:38","guid":{"rendered":"https:\/\/www.mazam.eu\/?page_id=5111"},"modified":"2025-03-06T08:31:32","modified_gmt":"2025-03-06T08:31:32","slug":"%d1%80%d0%b0%d1%81%d1%82%d1%8f%d0%b3%d0%b8%d0%b2%d0%b0%d1%8e%d1%89%d0%b8%d0%b9%d1%81%d1%8f-%d0%b1%d1%83%d0%ba%d1%81%d0%b8%d1%80%d0%be%d0%b2%d0%be%d1%87%d0%bd%d1%8b%d0%b9-%d0%b1%d1%80%d1%83%d1%81","status":"publish","type":"page","link":"https:\/\/www.mazam.eu\/ru\/tooted\/offroadi-tarvikud\/veniv-puksiirkois\/","title":{"rendered":"\u0411\u0443\u043a\u0441\u0438\u0440\u043e\u0432\u043e\u0447\u043d\u044b\u0435 \u043a\u0430\u043d\u0430\u0442\u044b"},"content":{"rendered":"<div class='epvc-post-count'><span class='epvc-eye'><\/span>  <span class=\"epvc-count\"> 2&nbsp;646<\/span><span class='epvc-label'> \u043f\u0440\u043e\u0441\u043c\u043e\u0442\u0440<\/span><\/div><p><span style=\"color: #ffffff;\">\u0431\u0443\u043a\u0441\u0438\u0440\u043e\u0432\u043e\u0447\u043d\u044b\u0439 \u0431\u0440\u0443\u0441<\/span><strong><br \/>\n\u0418\u0441\u043f\u043e\u043b\u044c\u0437\u043e\u0432\u0430\u043d\u0438\u0435 - \u0414\u043b\u044f \u0431\u0443\u043a\u0441\u0438\u0440\u043e\u0432\u043a\u0438 \u0438\u043b\u0438 \u0431\u0443\u043a\u0441\u0438\u0440\u043e\u0432\u043a\u0438 \u0432\u043d\u0435\u0434\u043e\u0440\u043e\u0436\u043d\u0438\u043a\u043e\u0432.<br \/>\n\u041f\u0435\u0442\u043b\u0438 \u043d\u0430 \u043a\u043e\u043d\u0446\u0430\u0445 \u0441\u043b\u043e\u0436\u0435\u043d\u044b \u0432\u0440\u0443\u0447\u043d\u0443\u044e \u0441\u043a\u043b\u0430\u0434\u043a\u0430\u043c\u0438. \u041a\u0438\u043d\u0435\u0442\u0438\u0447\u0435\u0441\u043a\u0430\u044f \u044d\u043d\u0435\u0440\u0433\u0438\u044f \u043f\u043e\u0437\u0432\u043e\u043b\u044f\u0435\u0442 \u043c\u0435\u043d\u044c\u0448\u0435\u0439 \u043c\u0430\u0448\u0438\u043d\u0435 \u0442\u044f\u043d\u0443\u0442\u044c \u0431\u043e\u043b\u044c\u0448\u0443\u044e.<br \/>\n\u041f\u0435\u0440\u0435\u0434 \u0442\u0435\u043c \u043a\u0430\u043a \u0437\u0430\u0435\u0445\u0430\u0442\u044c \u0432 \u043b\u0435\u0441, \u0443\u0431\u0435\u0434\u0438\u0442\u0435\u0441\u044c, \u0447\u0442\u043e \u043f\u043e\u0434 \u043a\u043e\u043b\u0435\u0441\u0430\u043c\u0438 \u0430\u0432\u0442\u043e\u043c\u043e\u0431\u0438\u043b\u044f (\u0432 \u0433\u0440\u044f\u0437\u0438 \u0438\u043b\u0438 \u0441\u043d\u0435\u0433\u0443) \u043d\u0435\u0442 \u043a\u0430\u043c\u043d\u0435\u0439 \u0438\u043b\u0438 \u043f\u043d\u0435\u0439, \u043a\u043e\u0442\u043e\u0440\u044b\u0435 \u043c\u043e\u0433\u0443\u0442 \u043f\u043e\u043c\u0435\u0448\u0430\u0442\u044c \u0432\u044b\u0435\u0437\u0434\u0443.<br \/>\n\u0412 \u043f\u0440\u043e\u0442\u0438\u0432\u043d\u043e\u043c \u0441\u043b\u0443\u0447\u0430\u0435 \u0432\u044b \u0441\u043b\u043e\u043c\u0430\u0435\u0442\u0435 \u0432\u0435\u0440\u0435\u0432\u043a\u0443 \u0438\u043b\u0438, \u0447\u0442\u043e \u0435\u0449\u0435 \u0445\u0443\u0436\u0435, \u0442\u0440\u0430\u043d\u0441\u043f\u043e\u0440\u0442\u043d\u043e\u0435 \u0441\u0440\u0435\u0434\u0441\u0442\u0432\u043e.<br \/>\n\u0422\u0435\u043c\u043f\u0435\u0440\u0430\u0442\u0443\u0440\u0430 \u043f\u043b\u0430\u0432\u043b\u0435\u043d\u0438\u044f +215\u00b0\u0421<br \/>\n\u041c\u043e\u0436\u043d\u043e \u0431\u044b\u0441\u0442\u0440\u043e \u0441\u043d\u044f\u0442\u044c!<br \/>\n\u0423\u0442\u043e\u043f\u043b\u0435\u043d\u0438\u0435 \u0432 \u0432\u043e\u0434\u0435.<br \/>\n\u2014<br \/>\n<em>\u041d\u0430\u0436\u043c\u0438\u0442\u0435 \u043d\u0430 \u0438\u0437\u043e\u0431\u0440\u0430\u0436\u0435\u043d\u0438\u0435, \u0447\u0442\u043e\u0431\u044b \u0443\u0432\u0438\u0434\u0435\u0442\u044c \u0442\u043e\u0432\u0430\u0440 \u0432 \u0443\u0432\u0435\u043b\u0438\u0447\u0435\u043d\u043d\u043e\u043c \u0440\u0430\u0437\u043c\u0435\u0440\u0435.<\/em><br \/>\n<\/strong><\/p>\n<figure id=\"attachment_9748\" aria-describedby=\"caption-attachment-9748\" style=\"width: 200px\" class=\"wp-caption alignnone\"><a href=\"https:\/\/www.mazam.eu\/wp-content\/uploads\/2025\/02\/veniv-puksiirkois-\u0411\u0443\u043a\u0441\u0438\u0440\u043e\u0432\u043e\u0447\u043d\u044b\u0439-\u043a\u0430\u043d\u0430\u0442-\u0442\u044f\u043d\u0443\u0449\u0438\u0439\u0441\u044f-\u043a\u0430\u043f\u0440\u043e\u043d-towing-rope-with-loops-suur.jpg\" target=\"_blank\" rel=\"noopener\"><img loading=\"lazy\" decoding=\"async\" class=\"wp-image-9748 size-full\" src=\"https:\/\/www.mazam.eu\/wp-content\/uploads\/2025\/02\/veniv-puksiirkois-\u0411\u0443\u043a\u0441\u0438\u0440\u043e\u0432\u043e\u0447\u043d\u044b\u0439-\u043a\u0430\u043d\u0430\u0442-\u0442\u044f\u043d\u0443\u0449\u0438\u0439\u0441\u044f-\u043a\u0430\u043f\u0440\u043e\u043d-towing-rope-with-loops-avatar.jpg\" alt=\"\u0411\u0443\u043a\u0441\u0438\u0440\u043e\u0432\u043e\u0447\u043d\u044b\u0435 \u043a\u0430\u043d\u0430\u0442\u044b\" width=\"200\" height=\"150\" data-id=\"5078\" \/><\/a><figcaption id=\"caption-attachment-9748\" class=\"wp-caption-text\">\u0411\u0443\u043a\u0441\u0438\u0440\u043e\u0432\u043e\u0447\u043d\u044b\u0435 \u043a\u0430\u043d\u0430\u0442\u044b<\/figcaption><\/figure>\n<p><span style=\"text-decoration: underline; color: #ff6600;\"><strong>\u0414\u0430\u043d\u043d\u044b\u0435:<br \/>\n<\/strong><\/span><\/p>\n<table width=\"990\">\n<tbody>\n<tr>\n<td style=\"text-align: center;\" width=\"139\"><strong>\u2205 \u043a\u0430\u043d\u0430\u0442\u0430<\/strong><\/td>\n<td style=\"text-align: center;\" width=\"156\"><strong>\u0420\u0430\u0437\u0440\u044b\u0432\u043d\u0430\u044f \u043d\u0430\u0433\u0440\u0443\u0437\u043a\u0430<\/strong><\/td>\n<td style=\"text-align: center;\" width=\"139\"><strong>\u0414\u043b\u0438\u043d\u0430 \u043a\u0430\u043d\u0430\u0442\u0430<\/strong><\/td>\n<td style=\"text-align: center;\" width=\"139\"><strong>\u0414\u043b\u0438\u043d\u0430 \u043f\u0435\u0442\u043b\u0438<\/strong><\/td>\n<td style=\"text-align: center;\" width=\"139\"><strong>\u041c\u0430\u0442\u0435\u0440\u0438\u0430\u043b<\/strong><\/td>\n<td style=\"text-align: center;\" width=\"139\"><strong>\u042d\u043b\u0430\u0441\u0442\u0438\u0447\u043d\u043e\u0441\u0442\u044c<\/strong><\/td>\n<td style=\"text-align: center;\" width=\"139\"><strong>\u0426\u0432\u0435\u0442<\/strong><\/td>\n<\/tr>\n<tr>\n<td style=\"text-align: center;\" width=\"139\">22\u043c\u043c<\/td>\n<td style=\"text-align: center;\" width=\"156\">10000\u043a\u0433<\/td>\n<td style=\"text-align: center;\" width=\"139\">6m<\/td>\n<td style=\"text-align: center;\" width=\"139\">30 \u0441\u043c - 35 \u0441\u043c<\/td>\n<td style=\"text-align: center;\" width=\"139\">\u043f\u043e\u043b\u0438\u0430\u043c\u0438\u0434<\/td>\n<td style=\"text-align: center;\" width=\"139\">26%<\/td>\n<td style=\"text-align: center;\" width=\"139\">\u0431\u0435\u043b\u044b\u0439<\/td>\n<\/tr>\n<\/tbody>\n<\/table>\n<p><span style=\"color: #0000ff;\"><strong>\u041f\u0440\u0438 \u043e\u0442\u043f\u0440\u0430\u0432\u043a\u0435 \u0437\u0430\u043f\u0440\u043e\u0441\u0430, \u043f\u043e\u0436\u0430\u043b\u0443\u0439\u0441\u0442\u0430, \u0443\u043a\u0430\u0436\u0438\u0442\u0435 \u043a\u043e\u043b\u0438\u0447\u0435\u0441\u0442\u0432\u043e \u0431\u0443\u043a\u0441\u0438\u0440\u043e\u0432\u043e\u0447\u043d\u044b\u0445 \u0442\u0440\u043e\u0441\u043e\u0432.<\/strong><\/span><\/p>","protected":false},"excerpt":{"rendered":"<p>2&nbsp;646 vaatamistpuksiirk\u00f6is Kasutus \u2013 Offroad s\u00f5idukite pukseerimiseks v\u00f5i v\u00e4ljat\u00f5mbamiseks. K\u00e4sipleisitud silmused otstes. Kineetiline energia v\u00f5imaldab v\u00e4iksema masinaga t\u00f5mmata suuremat masinat. Metsas enne t\u00f5mbamist veenduge, et s\u00f5iduki ratta all (mudas v\u00f5i lumes) poleks kivi v\u00f5i k\u00e4ndu, mis takistab t\u00f5mbamist. Muidu l\u00f5hute k\u00f6ie- v\u00f5i halvemal juhul s\u00f5iduki \u00e4ra. Sulamistemperatuur +215\u00b0\u0421 V\u00f5ib hooga t\u00f5mmata! Vees upub. \u2014 Vajuta&#8230;<\/p>","protected":false},"author":1,"featured_media":0,"parent":747,"menu_order":0,"comment_status":"closed","ping_status":"closed","template":"","meta":{"_uf_show_specific_survey":0,"_uf_disable_surveys":false,"iawp_total_views":51,"footnotes":""},"class_list":["post-5111","page","type-page","status-publish","hentry"],"yoast_head":"<!-- This site is optimized with the Yoast SEO plugin v27.5 - https:\/\/yoast.com\/product\/yoast-seo-wordpress\/ -->\n<title>VENIV PUKSIIRK\u00d6IS OFFROAD - Mazam O\u00dc - tootmine ja m\u00fc\u00fck<\/title>\n<meta name=\"description\" content=\"Veniv puksiirk\u00f6is - Offroad s\u00f5idukite pukseerimiseks v\u00f5i v\u00e4ljat\u00f5mbamiseks. Kineetiline energia v\u00f5imaldab v\u00e4iksema masinaga t\u00f5mmata suuremat..\" \/>\n<meta name=\"robots\" content=\"index, follow, max-snippet:-1, max-image-preview:large, max-video-preview:-1\" \/>\n<link rel=\"canonical\" href=\"https:\/\/www.mazam.eu\/ru\/produkty\/\u0432\u043d\u0435\u0434\u043e\u0440\u043e\u0436\u043d\u044b\u0435-\u0430\u043a\u0441\u0435\u0441\u0441\u0443\u0430\u0440\u044b\/\u0440\u0430\u0441\u0442\u044f\u0433\u0438\u0432\u0430\u044e\u0449\u0438\u0439\u0441\u044f-\u0431\u0443\u043a\u0441\u0438\u0440\u043e\u0432\u043e\u0447\u043d\u044b\u0439-\u0431\u0440\u0443\u0441\/\" \/>\n<meta property=\"og:locale\" content=\"ru_RU\" \/>\n<meta property=\"og:type\" content=\"article\" \/>\n<meta property=\"og:title\" content=\"VENIV PUKSIIRK\u00d6IS OFFROAD - Mazam O\u00dc - tootmine ja m\u00fc\u00fck\" \/>\n<meta property=\"og:description\" content=\"Veniv puksiirk\u00f6is - Offroad s\u00f5idukite pukseerimiseks v\u00f5i v\u00e4ljat\u00f5mbamiseks. Kineetiline energia v\u00f5imaldab v\u00e4iksema masinaga t\u00f5mmata suuremat..\" \/>\n<meta property=\"og:url\" content=\"https:\/\/www.mazam.eu\/ru\/produkty\/\u0432\u043d\u0435\u0434\u043e\u0440\u043e\u0436\u043d\u044b\u0435-\u0430\u043a\u0441\u0435\u0441\u0441\u0443\u0430\u0440\u044b\/\u0440\u0430\u0441\u0442\u044f\u0433\u0438\u0432\u0430\u044e\u0449\u0438\u0439\u0441\u044f-\u0431\u0443\u043a\u0441\u0438\u0440\u043e\u0432\u043e\u0447\u043d\u044b\u0439-\u0431\u0440\u0443\u0441\/\" \/>\n<meta property=\"og:site_name\" content=\"Mazam O&Uuml; | T&otilde;ste- ja koormakinnitusvahendite tootmine ja m&uuml;&uuml;k (2014 - 2026) - linttropp &bull; koormarihm &bull; ringt&otilde;stev&ouml;&ouml; &bull; terastross &bull; kett-tropp &bull; vints &bull; t&otilde;stemagnet jpm.\" \/>\n<meta property=\"article:modified_time\" content=\"2025-03-06T08:31:32+00:00\" \/>\n<meta name=\"twitter:card\" content=\"summary_large_image\" \/>\n<meta name=\"twitter:label1\" content=\"\u041f\u0440\u0438\u043c\u0435\u0440\u043d\u043e\u0435 \u0432\u0440\u0435\u043c\u044f \u0434\u043b\u044f \u0447\u0442\u0435\u043d\u0438\u044f\" \/>\n\t<meta name=\"twitter:data1\" content=\"1 \u043c\u0438\u043d\u0443\u0442\u0430\" \/>\n<script type=\"application\/ld+json\" class=\"yoast-schema-graph\">{\"@context\":\"https:\\\/\\\/schema.org\",\"@graph\":[{\"@type\":\"WebPage\",\"@id\":\"https:\\\/\\\/www.mazam.eu\\\/tooted\\\/offroadi-tarvikud\\\/veniv-puksiirkois\\\/\",\"url\":\"https:\\\/\\\/www.mazam.eu\\\/tooted\\\/offroadi-tarvikud\\\/veniv-puksiirkois\\\/\",\"name\":\"VENIV PUKSIIRK\u00d6IS OFFROAD - Mazam O\u00dc - tootmine ja m\u00fc\u00fck\",\"isPartOf\":{\"@id\":\"https:\\\/\\\/www.mazam.eu\\\/#website\"},\"datePublished\":\"2020-04-05T09:49:38+00:00\",\"dateModified\":\"2025-03-06T08:31:32+00:00\",\"description\":\"Veniv puksiirk\u00f6is - Offroad s\u00f5idukite pukseerimiseks v\u00f5i v\u00e4ljat\u00f5mbamiseks. Kineetiline energia v\u00f5imaldab v\u00e4iksema masinaga t\u00f5mmata suuremat..\",\"breadcrumb\":{\"@id\":\"https:\\\/\\\/www.mazam.eu\\\/tooted\\\/offroadi-tarvikud\\\/veniv-puksiirkois\\\/#breadcrumb\"},\"inLanguage\":\"ru-RU\",\"potentialAction\":[{\"@type\":\"ReadAction\",\"target\":[\"https:\\\/\\\/www.mazam.eu\\\/tooted\\\/offroadi-tarvikud\\\/veniv-puksiirkois\\\/\"]}]},{\"@type\":\"BreadcrumbList\",\"@id\":\"https:\\\/\\\/www.mazam.eu\\\/tooted\\\/offroadi-tarvikud\\\/veniv-puksiirkois\\\/#breadcrumb\",\"itemListElement\":[{\"@type\":\"ListItem\",\"position\":1,\"name\":\"Home\",\"item\":\"https:\\\/\\\/www.mazam.eu\\\/\"},{\"@type\":\"ListItem\",\"position\":2,\"name\":\"Tooted\",\"item\":\"https:\\\/\\\/www.mazam.eu\\\/tooted\\\/\"},{\"@type\":\"ListItem\",\"position\":3,\"name\":\"OFFROADI TARVIKUD\",\"item\":\"https:\\\/\\\/www.mazam.eu\\\/tooted\\\/offroadi-tarvikud\\\/\"},{\"@type\":\"ListItem\",\"position\":4,\"name\":\"Veniv puksiirk\u00f6is\"}]},{\"@type\":\"WebSite\",\"@id\":\"https:\\\/\\\/www.mazam.eu\\\/#website\",\"url\":\"https:\\\/\\\/www.mazam.eu\\\/\",\"name\":\"Mazam O&Uuml; | T&otilde;ste- ja koormakinnitusvahendite tootmine ja m&uuml;&uuml;k (2014 - 2026) - linttropp &bull; koormarihm &bull; ringt&otilde;stev&ouml;&ouml; &bull; terastross &bull; kett-tropp &bull; vints &bull; t&otilde;stemagnet jpm.\",\"description\":\"T&otilde;ste- ja kinnituslahendused | Lifting- and lashing solutions\",\"publisher\":{\"@id\":\"https:\\\/\\\/www.mazam.eu\\\/#organization\"},\"potentialAction\":[{\"@type\":\"SearchAction\",\"target\":{\"@type\":\"EntryPoint\",\"urlTemplate\":\"https:\\\/\\\/www.mazam.eu\\\/?s={search_term_string}\"},\"query-input\":{\"@type\":\"PropertyValueSpecification\",\"valueRequired\":true,\"valueName\":\"search_term_string\"}}],\"inLanguage\":\"ru-RU\"},{\"@type\":\"Organization\",\"@id\":\"https:\\\/\\\/www.mazam.eu\\\/#organization\",\"name\":\"Mazam O\u00dc\",\"url\":\"https:\\\/\\\/www.mazam.eu\\\/\",\"logo\":{\"@type\":\"ImageObject\",\"inLanguage\":\"ru-RU\",\"@id\":\"https:\\\/\\\/www.mazam.eu\\\/#\\\/schema\\\/logo\\\/image\\\/\",\"url\":\"https:\\\/\\\/www.mazam.eu\\\/wp-content\\\/uploads\\\/2015\\\/10\\\/mazam-logo-linttropp-koormarihm-t\u00f5stev\u00f6\u00f6.png\",\"contentUrl\":\"https:\\\/\\\/www.mazam.eu\\\/wp-content\\\/uploads\\\/2015\\\/10\\\/mazam-logo-linttropp-koormarihm-t\u00f5stev\u00f6\u00f6.png\",\"width\":190,\"height\":70,\"caption\":\"Mazam O\u00dc\"},\"image\":{\"@id\":\"https:\\\/\\\/www.mazam.eu\\\/#\\\/schema\\\/logo\\\/image\\\/\"}}]}<\/script>\n<!-- \/ Yoast SEO plugin. -->","yoast_head_json":{"title":"VENIV PUKSIIRK\u00d6IS OFFROAD - Mazam O\u00dc - \u041f\u0440\u043e\u0438\u0437\u0432\u043e\u0434\u0441\u0442\u0432\u043e \u0438 \u043f\u0440\u043e\u0434\u0430\u0436\u0430","description":"\u0411\u0443\u043a\u0441\u0438\u0440\u043e\u0432\u043e\u0447\u043d\u044b\u0439 \u0442\u0440\u043e\u0441 - \u0414\u043b\u044f \u0431\u0443\u043a\u0441\u0438\u0440\u043e\u0432\u043a\u0438 \u0438\u043b\u0438 \u0431\u0443\u043a\u0441\u0438\u0440\u043e\u0432\u043a\u0438 \u0432\u043d\u0435\u0434\u043e\u0440\u043e\u0436\u043d\u0438\u043a\u043e\u0432. \u041a\u0438\u043d\u0435\u0442\u0438\u0447\u0435\u0441\u043a\u0430\u044f \u044d\u043d\u0435\u0440\u0433\u0438\u044f \u043f\u043e\u0437\u0432\u043e\u043b\u044f\u0435\u0442 \u043c\u0435\u043d\u044c\u0448\u0435\u0439 \u043c\u0430\u0448\u0438\u043d\u0435 \u0442\u044f\u043d\u0443\u0442\u044c \u0431\u043e\u043b\u044c\u0448\u0443\u044e...","robots":{"index":"index","follow":"follow","max-snippet":"max-snippet:-1","max-image-preview":"max-image-preview:large","max-video-preview":"max-video-preview:-1"},"canonical":"https:\/\/www.mazam.eu\/ru\/produkty\/\u0432\u043d\u0435\u0434\u043e\u0440\u043e\u0436\u043d\u044b\u0435-\u0430\u043a\u0441\u0435\u0441\u0441\u0443\u0430\u0440\u044b\/\u0440\u0430\u0441\u0442\u044f\u0433\u0438\u0432\u0430\u044e\u0449\u0438\u0439\u0441\u044f-\u0431\u0443\u043a\u0441\u0438\u0440\u043e\u0432\u043e\u0447\u043d\u044b\u0439-\u0431\u0440\u0443\u0441\/","og_locale":"ru_RU","og_type":"article","og_title":"VENIV PUKSIIRK\u00d6IS OFFROAD - Mazam O\u00dc - tootmine ja m\u00fc\u00fck","og_description":"Veniv puksiirk\u00f6is - Offroad s\u00f5idukite pukseerimiseks v\u00f5i v\u00e4ljat\u00f5mbamiseks. Kineetiline energia v\u00f5imaldab v\u00e4iksema masinaga t\u00f5mmata suuremat..","og_url":"https:\/\/www.mazam.eu\/ru\/produkty\/\u0432\u043d\u0435\u0434\u043e\u0440\u043e\u0436\u043d\u044b\u0435-\u0430\u043a\u0441\u0435\u0441\u0441\u0443\u0430\u0440\u044b\/\u0440\u0430\u0441\u0442\u044f\u0433\u0438\u0432\u0430\u044e\u0449\u0438\u0439\u0441\u044f-\u0431\u0443\u043a\u0441\u0438\u0440\u043e\u0432\u043e\u0447\u043d\u044b\u0439-\u0431\u0440\u0443\u0441\/","og_site_name":"Mazam O&Uuml; | T&otilde;ste- ja koormakinnitusvahendite tootmine ja m&uuml;&uuml;k (2014 - 2026) - linttropp &bull; koormarihm &bull; ringt&otilde;stev&ouml;&ouml; &bull; terastross &bull; kett-tropp &bull; vints &bull; t&otilde;stemagnet jpm.","article_modified_time":"2025-03-06T08:31:32+00:00","twitter_card":"summary_large_image","twitter_misc":{"\u041f\u0440\u0438\u043c\u0435\u0440\u043d\u043e\u0435 \u0432\u0440\u0435\u043c\u044f \u0434\u043b\u044f \u0447\u0442\u0435\u043d\u0438\u044f":"1 \u043c\u0438\u043d\u0443\u0442\u0430"},"schema":{"@context":"https:\/\/schema.org","@graph":[{"@type":"WebPage","@id":"https:\/\/www.mazam.eu\/tooted\/offroadi-tarvikud\/veniv-puksiirkois\/","url":"https:\/\/www.mazam.eu\/tooted\/offroadi-tarvikud\/veniv-puksiirkois\/","name":"VENIV PUKSIIRK\u00d6IS OFFROAD - Mazam O\u00dc - \u041f\u0440\u043e\u0438\u0437\u0432\u043e\u0434\u0441\u0442\u0432\u043e \u0438 \u043f\u0440\u043e\u0434\u0430\u0436\u0430","isPartOf":{"@id":"https:\/\/www.mazam.eu\/#website"},"datePublished":"2020-04-05T09:49:38+00:00","dateModified":"2025-03-06T08:31:32+00:00","description":"\u0411\u0443\u043a\u0441\u0438\u0440\u043e\u0432\u043e\u0447\u043d\u044b\u0439 \u0442\u0440\u043e\u0441 - \u0414\u043b\u044f \u0431\u0443\u043a\u0441\u0438\u0440\u043e\u0432\u043a\u0438 \u0438\u043b\u0438 \u0431\u0443\u043a\u0441\u0438\u0440\u043e\u0432\u043a\u0438 \u0432\u043d\u0435\u0434\u043e\u0440\u043e\u0436\u043d\u0438\u043a\u043e\u0432. \u041a\u0438\u043d\u0435\u0442\u0438\u0447\u0435\u0441\u043a\u0430\u044f \u044d\u043d\u0435\u0440\u0433\u0438\u044f \u043f\u043e\u0437\u0432\u043e\u043b\u044f\u0435\u0442 \u043c\u0435\u043d\u044c\u0448\u0435\u0439 \u043c\u0430\u0448\u0438\u043d\u0435 \u0442\u044f\u043d\u0443\u0442\u044c \u0431\u043e\u043b\u044c\u0448\u0443\u044e...","breadcrumb":{"@id":"https:\/\/www.mazam.eu\/tooted\/offroadi-tarvikud\/veniv-puksiirkois\/#breadcrumb"},"inLanguage":"ru-RU","potentialAction":[{"@type":"ReadAction","target":["https:\/\/www.mazam.eu\/tooted\/offroadi-tarvikud\/veniv-puksiirkois\/"]}]},{"@type":"BreadcrumbList","@id":"https:\/\/www.mazam.eu\/tooted\/offroadi-tarvikud\/veniv-puksiirkois\/#breadcrumb","itemListElement":[{"@type":"ListItem","position":1,"name":"Home","item":"https:\/\/www.mazam.eu\/"},{"@type":"ListItem","position":2,"name":"Tooted","item":"https:\/\/www.mazam.eu\/tooted\/"},{"@type":"ListItem","position":3,"name":"OFFROADI TARVIKUD","item":"https:\/\/www.mazam.eu\/tooted\/offroadi-tarvikud\/"},{"@type":"ListItem","position":4,"name":"Veniv puksiirk\u00f6is"}]},{"@type":"WebSite","@id":"https:\/\/www.mazam.eu\/#website","url":"https:\/\/www.mazam.eu\/","name":"Mazam O\u00dc | \u041f\u0440\u043e\u0438\u0437\u0432\u043e\u0434\u0441\u0442\u0432\u043e \u0438 \u043f\u0440\u043e\u0434\u0430\u0436\u0430 \u043f\u043e\u0434\u044a\u0435\u043c\u043d\u043e-\u0442\u0440\u0430\u043d\u0441\u043f\u043e\u0440\u0442\u043d\u043e\u0433\u043e \u043e\u0431\u043e\u0440\u0443\u0434\u043e\u0432\u0430\u043d\u0438\u044f (2014 - 2026) - \u043b\u0438\u043d\u0442\u0440\u0443\u043f\u0430 - \u0433\u0440\u0443\u0437\u043e\u0432\u043e\u0439 \u0440\u0435\u043c\u0435\u043d\u044c - \u0442\u0430\u043b\u0435\u0432\u044b\u0439 \u0440\u0435\u043c\u0435\u043d\u044c - \u0441\u0442\u0430\u043b\u044c\u043d\u043e\u0439 \u043a\u0430\u043d\u0430\u0442 - \u0446\u0435\u043f\u043d\u043e\u0439 \u0442\u0430\u043b\u0440\u0435\u043f - \u043b\u0435\u0431\u0435\u0434\u043a\u0430 - \u043f\u043e\u0434\u044a\u0435\u043c\u043d\u044b\u0439 \u043c\u0430\u0433\u043d\u0438\u0442 \u0438 \u0442.\u0434.","description":"\u0420\u0435\u0448\u0435\u043d\u0438\u044f \u0434\u043b\u044f \u043f\u043e\u0434\u044a\u0435\u043c\u0430 \u0438 \u043a\u0440\u0435\u043f\u043b\u0435\u043d\u0438\u044f | \u0420\u0435\u0448\u0435\u043d\u0438\u044f \u0434\u043b\u044f \u043f\u043e\u0434\u044a\u0435\u043c\u0430 \u0438 \u043a\u0440\u0435\u043f\u043b\u0435\u043d\u0438\u044f","publisher":{"@id":"https:\/\/www.mazam.eu\/#organization"},"potentialAction":[{"@type":"SearchAction","target":{"@type":"EntryPoint","urlTemplate":"https:\/\/www.mazam.eu\/?s={search_term_string}"},"query-input":{"@type":"PropertyValueSpecification","valueRequired":true,"valueName":"search_term_string"}}],"inLanguage":"ru-RU"},{"@type":"Organization","@id":"https:\/\/www.mazam.eu\/#organization","name":"Mazam O\u00dc","url":"https:\/\/www.mazam.eu\/","logo":{"@type":"ImageObject","inLanguage":"ru-RU","@id":"https:\/\/www.mazam.eu\/#\/schema\/logo\/image\/","url":"https:\/\/www.mazam.eu\/wp-content\/uploads\/2015\/10\/mazam-logo-linttropp-koormarihm-t\u00f5stev\u00f6\u00f6.png","contentUrl":"https:\/\/www.mazam.eu\/wp-content\/uploads\/2015\/10\/mazam-logo-linttropp-koormarihm-t\u00f5stev\u00f6\u00f6.png","width":190,"height":70,"caption":"Mazam O\u00dc"},"image":{"@id":"https:\/\/www.mazam.eu\/#\/schema\/logo\/image\/"}}]}},"_links":{"self":[{"href":"https:\/\/www.mazam.eu\/ru\/wp-json\/wp\/v2\/pages\/5111","targetHints":{"allow":["GET"]}}],"collection":[{"href":"https:\/\/www.mazam.eu\/ru\/wp-json\/wp\/v2\/pages"}],"about":[{"href":"https:\/\/www.mazam.eu\/ru\/wp-json\/wp\/v2\/types\/page"}],"author":[{"embeddable":true,"href":"https:\/\/www.mazam.eu\/ru\/wp-json\/wp\/v2\/users\/1"}],"replies":[{"embeddable":true,"href":"https:\/\/www.mazam.eu\/ru\/wp-json\/wp\/v2\/comments?post=5111"}],"version-history":[{"count":6,"href":"https:\/\/www.mazam.eu\/ru\/wp-json\/wp\/v2\/pages\/5111\/revisions"}],"predecessor-version":[{"id":10782,"href":"https:\/\/www.mazam.eu\/ru\/wp-json\/wp\/v2\/pages\/5111\/revisions\/10782"}],"up":[{"embeddable":true,"href":"https:\/\/www.mazam.eu\/ru\/wp-json\/wp\/v2\/pages\/747"}],"wp:attachment":[{"href":"https:\/\/www.mazam.eu\/ru\/wp-json\/wp\/v2\/media?parent=5111"}],"curies":[{"name":"wp","href":"https:\/\/api.w.org\/{rel}","templated":true}]}}