{"id":5114,"date":"2020-04-05T10:02:10","date_gmt":"2020-04-05T10:02:10","guid":{"rendered":"https:\/\/www.mazam.eu\/?page_id=5114"},"modified":"2025-03-06T08:39:18","modified_gmt":"2025-03-06T08:39:18","slug":"%d0%b1%d0%bb%d0%be%d0%ba-%d0%bb%d0%b5%d0%b1%d0%b5%d0%b4%d0%ba%d0%b8-%d0%b4%d0%bb%d1%8f-%d0%b1%d0%b5%d0%b7%d0%b4%d0%be%d1%80%d0%be%d0%b6%d1%8c%d1%8f","status":"publish","type":"page","link":"https:\/\/www.mazam.eu\/ru\/tooted\/offroadi-tarvikud\/vintsiplokk-offroad\/","title":{"rendered":"\u0431\u043b\u043e\u043a \u043b\u0435\u0431\u0435\u0434\u043a\u0438 \u0434\u043b\u044f \u0431\u0435\u0437\u0434\u043e\u0440\u043e\u0436\u044c\u044f"},"content":{"rendered":"<div class='epvc-post-count'><span class='epvc-eye'><\/span>  <span class=\"epvc-count\"> 2&nbsp;937<\/span><span class='epvc-label'> \u043f\u0440\u043e\u0441\u043c\u043e\u0442\u0440<\/span><\/div><p><span style=\"color: #ffffff;\">\u0431\u043b\u043e\u043a \u043b\u0435\u0431\u0435\u0434\u043a\u0438 \u0434\u043b\u044f \u0431\u0435\u0437\u0434\u043e\u0440\u043e\u0436\u044c\u044f<\/span><br \/>\n<strong>\u0411\u043b\u043e\u043a \u043b\u0435\u0431\u0435\u0434\u043a\u0438 \u043e\u0431\u0435\u0441\u043f\u0435\u0447\u0438\u0432\u0430\u0435\u0442 \u0443\u0434\u0432\u043e\u0435\u043d\u043d\u0443\u044e \u043c\u043e\u0449\u043d\u043e\u0441\u0442\u044c \u043f\u0440\u0438 \u043b\u0435\u0431\u0435\u0434\u043a\u0435 \u0434\u043b\u044f \u0432\u044b\u0442\u0430\u0441\u043a\u0438\u0432\u0430\u043d\u0438\u044f \u0430\u0432\u0442\u043e\u043c\u043e\u0431\u0438\u043b\u044f \u043d\u0430 \u0431\u0435\u0437\u0434\u043e\u0440\u043e\u0436\u044c\u0435.<\/strong><br \/>\n<strong>\u2014<br \/>\n<em>\u041d\u0430\u0436\u043c\u0438\u0442\u0435 \u043d\u0430 \u0438\u0437\u043e\u0431\u0440\u0430\u0436\u0435\u043d\u0438\u0435, \u0447\u0442\u043e\u0431\u044b \u0443\u0432\u0438\u0434\u0435\u0442\u044c \u0443\u0432\u0435\u043b\u0438\u0447\u0435\u043d\u043d\u0443\u044e \u0432\u0435\u0440\u0441\u0438\u044e \u043f\u0440\u043e\u0434\u0443\u043a\u0442\u0430.<\/em><\/strong><\/p>\n<table style=\"width: 100%; border-collapse: collapse; border-style: hidden;\">\n<tbody>\n<tr>\n<td style=\"width: 50%; text-align: center;\">\n<p><figure id=\"attachment_5083\" aria-describedby=\"caption-attachment-5083\" style=\"width: 200px\" class=\"wp-caption aligncenter\"><a href=\"https:\/\/www.mazam.eu\/wp-content\/uploads\/2020\/04\/Vintsi-plokk-vinstiplokk-plokiratas-veoplokk-4T-kuni-8mm-terastrossile-v\u00f5i-n\u00f6\u00f6rile-suur.png\" target=\"_blank\" rel=\"noopener noreferrer\"><img loading=\"lazy\" decoding=\"async\" class=\"wp-image-5083 size-full\" src=\"https:\/\/www.mazam.eu\/wp-content\/uploads\/2020\/04\/Vintsi-plokk-vinstiplokk-plokiratas-veoplokk-4T-kuni-8mm-terastrossile-v\u00f5i-n\u00f6\u00f6rile.png\" alt=\"\u0431\u043b\u043e\u043a \u043b\u0435\u0431\u0435\u0434\u043a\u0438 4T\" width=\"200\" height=\"150\" data-id=\"5083\" \/><\/a><figcaption id=\"caption-attachment-5083\" class=\"wp-caption-text\">\u0431\u043b\u043e\u043a \u043b\u0435\u0431\u0435\u0434\u043a\u0438 4000 \u043a\u0433<\/figcaption><\/figure><\/td>\n<td style=\"width: 50%; text-align: center;\">\n<p><figure id=\"attachment_5085\" aria-describedby=\"caption-attachment-5085\" style=\"width: 200px\" class=\"wp-caption aligncenter\"><a href=\"https:\/\/www.mazam.eu\/wp-content\/uploads\/2020\/04\/Vintsi-plokk-vintsiplokk-plokiratas-veoplokk-10T-kuni-12mm-terastrossile-v\u00f5i-n\u00f6\u00f6rile-suur.png\" target=\"_blank\" rel=\"noopener noreferrer\"><img loading=\"lazy\" decoding=\"async\" class=\"wp-image-5085 size-full\" src=\"https:\/\/www.mazam.eu\/wp-content\/uploads\/2020\/04\/Vintsi-plokk-vintsiplokk-plokiratas-veoplokk-10T-kuni-12mm-terastrossile-v\u00f5i-n\u00f6\u00f6rile.png\" alt=\"\u0431\u043b\u043e\u043a \u043b\u0435\u0431\u0435\u0434\u043a\u0438 4T\" width=\"200\" height=\"150\" data-id=\"5085\" \/><\/a><figcaption id=\"caption-attachment-5085\" class=\"wp-caption-text\">\u0431\u043b\u043e\u043a \u043b\u0435\u0431\u0435\u0434\u043a\u0438 10000 \u043a\u0433<\/figcaption><\/figure><\/td>\n<\/tr>\n<\/tbody>\n<\/table>\n<p><span style=\"text-decoration: underline; color: #ff6600;\"><strong>\u0414\u0430\u043d\u043d\u044b\u0435:<br \/>\n<\/strong><\/span><\/p>\n<table width=\"523\">\n<tbody>\n<tr>\n<td style=\"text-align: center;\" width=\"201\"><strong>\u0420\u0430\u0431\u043e\u0447\u0430\u044f \u043d\u0430\u0433\u0440\u0443\u0437\u043a\u0430<\/strong><\/td>\n<td style=\"text-align: center;\" width=\"161\">4000\u043a\u0433<\/td>\n<td style=\"text-align: center;\" width=\"161\">10000\u043a\u0433<\/td>\n<\/tr>\n<tr>\n<td style=\"text-align: center;\" width=\"201\"><strong>\u041f\u043e\u0434\u0445\u043e\u0434\u044f\u0449\u0430\u044f \u0432\u0435\u0440\u0435\u0432\u043a\u0430 \u0438\u043b\u0438 \u0448\u043d\u0443\u0440 \u2205<\/strong><\/td>\n<td style=\"text-align: center;\" width=\"161\">\u0434\u043e 8\u043c\u043c<\/td>\n<td style=\"text-align: center;\" width=\"161\">\u0434\u043e 12\u043c\u043c<\/td>\n<\/tr>\n<tr>\n<td style=\"text-align: center;\" width=\"201\"><strong>\u041f\u043e\u043a\u0440\u044b\u0442\u0438\u0435 \u043f\u043e\u0432\u0435\u0440\u0445\u043d\u043e\u0441\u0442\u0438<\/strong><\/td>\n<td style=\"text-align: center;\" width=\"161\">\u041e\u0446\u0438\u043d\u043a\u043e\u0432\u0430\u043d\u043d\u044b\u0439<\/td>\n<td style=\"text-align: center;\" width=\"161\">\u041e\u0446\u0438\u043d\u043a\u043e\u0432\u0430\u043d\u043d\u044b\u0439<\/td>\n<\/tr>\n<tr>\n<td style=\"text-align: center;\" width=\"201\"><strong>\u0412\u0435\u0441<\/strong><\/td>\n<td style=\"text-align: center;\" width=\"161\">2\u043a\u0433<\/td>\n<td style=\"text-align: center;\" width=\"161\">3,5 \u043a\u0433<\/td>\n<\/tr>\n<\/tbody>\n<\/table>\n<p><strong style=\"color: #0000ff;\">\u041f\u0440\u0438 \u043e\u0442\u043f\u0440\u0430\u0432\u043a\u0435 \u0437\u0430\u043f\u0440\u043e\u0441\u0430, \u043f\u043e\u0436\u0430\u043b\u0443\u0439\u0441\u0442\u0430, \u0443\u043a\u0430\u0436\u0438\u0442\u0435 \u043e\u0431\u044a\u0435\u043c \u0438 \u043a\u043e\u043b\u0438\u0447\u0435\u0441\u0442\u0432\u043e \u043b\u0435\u0431\u0435\u0434\u043e\u0447\u043d\u043e\u0433\u043e \u0431\u043b\u043e\u043a\u0430, \u043a\u043e\u0442\u043e\u0440\u044b\u0439 \u0432\u0430\u043c \u043d\u0443\u0436\u0435\u043d.<\/strong><\/p>\n<p>&nbsp;<\/p>","protected":false},"excerpt":{"rendered":"<p>2&nbsp;937 vaatamistvintsiplokk offroad Vintsiplokk annab vintsimisel topelt j\u00f5u offroad s\u00f5iduki v\u00e4ljat\u00f5mbamiseks. &#8212; Vajuta pildile, et n\u00e4ha toodet suuremalt.. Andmed: T\u00f6\u00f6koormus 4000kg 10000kg Sobiva trossi v\u00f5i n\u00f6\u00f6ri \u2205 kuni 8mm kuni 12mm Pinnakate tsingitud tsingitud Kaal 2kg 3,5kg P\u00e4ringut esitades kirjutage soovitud vintsiploki t\u00f6\u00f6koormus ja kogus. &nbsp;<\/p>","protected":false},"author":1,"featured_media":0,"parent":747,"menu_order":0,"comment_status":"closed","ping_status":"closed","template":"","meta":{"_uf_show_specific_survey":0,"_uf_disable_surveys":false,"iawp_total_views":139,"footnotes":""},"class_list":["post-5114","page","type-page","status-publish","hentry"],"yoast_head":"<!-- This site is optimized with the Yoast SEO plugin v27.5 - https:\/\/yoast.com\/product\/yoast-seo-wordpress\/ -->\n<title>VINTSIPLOKK OFFROAD - Mazam O\u00dc - tootmine ja m\u00fc\u00fck<\/title>\n<meta name=\"description\" content=\"Vintsiplokk offroad - annab topeltj\u00f5u v\u00e4ljat\u00f5mbamisel.\" \/>\n<meta name=\"robots\" content=\"index, follow, max-snippet:-1, max-image-preview:large, max-video-preview:-1\" \/>\n<link rel=\"canonical\" href=\"https:\/\/www.mazam.eu\/ru\/produkty\/\u0432\u043d\u0435\u0434\u043e\u0440\u043e\u0436\u043d\u044b\u0435-\u0430\u043a\u0441\u0435\u0441\u0441\u0443\u0430\u0440\u044b\/\u0431\u043b\u043e\u043a-\u043b\u0435\u0431\u0435\u0434\u043a\u0438-\u0434\u043b\u044f-\u0431\u0435\u0437\u0434\u043e\u0440\u043e\u0436\u044c\u044f\/\" \/>\n<meta property=\"og:locale\" content=\"ru_RU\" \/>\n<meta property=\"og:type\" content=\"article\" \/>\n<meta property=\"og:title\" content=\"VINTSIPLOKK OFFROAD - Mazam O\u00dc - tootmine ja m\u00fc\u00fck\" \/>\n<meta property=\"og:description\" content=\"Vintsiplokk offroad - annab topeltj\u00f5u v\u00e4ljat\u00f5mbamisel.\" \/>\n<meta property=\"og:url\" content=\"https:\/\/www.mazam.eu\/ru\/produkty\/\u0432\u043d\u0435\u0434\u043e\u0440\u043e\u0436\u043d\u044b\u0435-\u0430\u043a\u0441\u0435\u0441\u0441\u0443\u0430\u0440\u044b\/\u0431\u043b\u043e\u043a-\u043b\u0435\u0431\u0435\u0434\u043a\u0438-\u0434\u043b\u044f-\u0431\u0435\u0437\u0434\u043e\u0440\u043e\u0436\u044c\u044f\/\" \/>\n<meta property=\"og:site_name\" content=\"Mazam O&Uuml; | T&otilde;ste- ja koormakinnitusvahendite tootmine ja m&uuml;&uuml;k (2014 - 2026) - linttropp &bull; koormarihm &bull; ringt&otilde;stev&ouml;&ouml; &bull; terastross &bull; kett-tropp &bull; vints &bull; t&otilde;stemagnet jpm.\" \/>\n<meta property=\"article:modified_time\" content=\"2025-03-06T08:39:18+00:00\" \/>\n<meta name=\"twitter:card\" content=\"summary_large_image\" \/>\n<meta name=\"twitter:label1\" content=\"\u041f\u0440\u0438\u043c\u0435\u0440\u043d\u043e\u0435 \u0432\u0440\u0435\u043c\u044f \u0434\u043b\u044f \u0447\u0442\u0435\u043d\u0438\u044f\" \/>\n\t<meta name=\"twitter:data1\" content=\"1 \u043c\u0438\u043d\u0443\u0442\u0430\" \/>\n<script type=\"application\/ld+json\" class=\"yoast-schema-graph\">{\"@context\":\"https:\\\/\\\/schema.org\",\"@graph\":[{\"@type\":\"WebPage\",\"@id\":\"https:\\\/\\\/www.mazam.eu\\\/tooted\\\/offroadi-tarvikud\\\/vintsiplokk-offroad\\\/\",\"url\":\"https:\\\/\\\/www.mazam.eu\\\/tooted\\\/offroadi-tarvikud\\\/vintsiplokk-offroad\\\/\",\"name\":\"VINTSIPLOKK OFFROAD - Mazam O\u00dc - tootmine ja m\u00fc\u00fck\",\"isPartOf\":{\"@id\":\"https:\\\/\\\/www.mazam.eu\\\/#website\"},\"datePublished\":\"2020-04-05T10:02:10+00:00\",\"dateModified\":\"2025-03-06T08:39:18+00:00\",\"description\":\"Vintsiplokk offroad - annab topeltj\u00f5u v\u00e4ljat\u00f5mbamisel.\",\"breadcrumb\":{\"@id\":\"https:\\\/\\\/www.mazam.eu\\\/tooted\\\/offroadi-tarvikud\\\/vintsiplokk-offroad\\\/#breadcrumb\"},\"inLanguage\":\"ru-RU\",\"potentialAction\":[{\"@type\":\"ReadAction\",\"target\":[\"https:\\\/\\\/www.mazam.eu\\\/tooted\\\/offroadi-tarvikud\\\/vintsiplokk-offroad\\\/\"]}]},{\"@type\":\"BreadcrumbList\",\"@id\":\"https:\\\/\\\/www.mazam.eu\\\/tooted\\\/offroadi-tarvikud\\\/vintsiplokk-offroad\\\/#breadcrumb\",\"itemListElement\":[{\"@type\":\"ListItem\",\"position\":1,\"name\":\"Home\",\"item\":\"https:\\\/\\\/www.mazam.eu\\\/\"},{\"@type\":\"ListItem\",\"position\":2,\"name\":\"Tooted\",\"item\":\"https:\\\/\\\/www.mazam.eu\\\/tooted\\\/\"},{\"@type\":\"ListItem\",\"position\":3,\"name\":\"OFFROADI TARVIKUD\",\"item\":\"https:\\\/\\\/www.mazam.eu\\\/tooted\\\/offroadi-tarvikud\\\/\"},{\"@type\":\"ListItem\",\"position\":4,\"name\":\"vintsiplokk offroad\"}]},{\"@type\":\"WebSite\",\"@id\":\"https:\\\/\\\/www.mazam.eu\\\/#website\",\"url\":\"https:\\\/\\\/www.mazam.eu\\\/\",\"name\":\"Mazam O&Uuml; | T&otilde;ste- ja koormakinnitusvahendite tootmine ja m&uuml;&uuml;k (2014 - 2026) - linttropp &bull; koormarihm &bull; ringt&otilde;stev&ouml;&ouml; &bull; terastross &bull; kett-tropp &bull; vints &bull; t&otilde;stemagnet jpm.\",\"description\":\"T&otilde;ste- ja kinnituslahendused | Lifting- and lashing solutions\",\"publisher\":{\"@id\":\"https:\\\/\\\/www.mazam.eu\\\/#organization\"},\"potentialAction\":[{\"@type\":\"SearchAction\",\"target\":{\"@type\":\"EntryPoint\",\"urlTemplate\":\"https:\\\/\\\/www.mazam.eu\\\/?s={search_term_string}\"},\"query-input\":{\"@type\":\"PropertyValueSpecification\",\"valueRequired\":true,\"valueName\":\"search_term_string\"}}],\"inLanguage\":\"ru-RU\"},{\"@type\":\"Organization\",\"@id\":\"https:\\\/\\\/www.mazam.eu\\\/#organization\",\"name\":\"Mazam O\u00dc\",\"url\":\"https:\\\/\\\/www.mazam.eu\\\/\",\"logo\":{\"@type\":\"ImageObject\",\"inLanguage\":\"ru-RU\",\"@id\":\"https:\\\/\\\/www.mazam.eu\\\/#\\\/schema\\\/logo\\\/image\\\/\",\"url\":\"https:\\\/\\\/www.mazam.eu\\\/wp-content\\\/uploads\\\/2015\\\/10\\\/mazam-logo-linttropp-koormarihm-t\u00f5stev\u00f6\u00f6.png\",\"contentUrl\":\"https:\\\/\\\/www.mazam.eu\\\/wp-content\\\/uploads\\\/2015\\\/10\\\/mazam-logo-linttropp-koormarihm-t\u00f5stev\u00f6\u00f6.png\",\"width\":190,\"height\":70,\"caption\":\"Mazam O\u00dc\"},\"image\":{\"@id\":\"https:\\\/\\\/www.mazam.eu\\\/#\\\/schema\\\/logo\\\/image\\\/\"}}]}<\/script>\n<!-- \/ Yoast SEO plugin. -->","yoast_head_json":{"title":"VINTSIPLOKK OFFROAD - Mazam O\u00dc - \u043f\u0440\u043e\u0438\u0437\u0432\u043e\u0434\u0441\u0442\u0432\u043e \u0438 \u043f\u0440\u043e\u0434\u0430\u0436\u0430","description":"\u0411\u043b\u043e\u043a \u043b\u0435\u0431\u0435\u0434\u043a\u0438 \u0434\u043b\u044f \u0431\u0435\u0437\u0434\u043e\u0440\u043e\u0436\u044c\u044f - \u043e\u0431\u0435\u0441\u043f\u0435\u0447\u0438\u0432\u0430\u0435\u0442 \u0434\u0432\u043e\u0439\u043d\u043e\u0435 \u0442\u044f\u0433\u043e\u0432\u043e\u0435 \u0443\u0441\u0438\u043b\u0438\u0435.","robots":{"index":"index","follow":"follow","max-snippet":"max-snippet:-1","max-image-preview":"max-image-preview:large","max-video-preview":"max-video-preview:-1"},"canonical":"https:\/\/www.mazam.eu\/ru\/produkty\/\u0432\u043d\u0435\u0434\u043e\u0440\u043e\u0436\u043d\u044b\u0435-\u0430\u043a\u0441\u0435\u0441\u0441\u0443\u0430\u0440\u044b\/\u0431\u043b\u043e\u043a-\u043b\u0435\u0431\u0435\u0434\u043a\u0438-\u0434\u043b\u044f-\u0431\u0435\u0437\u0434\u043e\u0440\u043e\u0436\u044c\u044f\/","og_locale":"ru_RU","og_type":"article","og_title":"VINTSIPLOKK OFFROAD - Mazam O\u00dc - tootmine ja m\u00fc\u00fck","og_description":"Vintsiplokk offroad - annab topeltj\u00f5u v\u00e4ljat\u00f5mbamisel.","og_url":"https:\/\/www.mazam.eu\/ru\/produkty\/\u0432\u043d\u0435\u0434\u043e\u0440\u043e\u0436\u043d\u044b\u0435-\u0430\u043a\u0441\u0435\u0441\u0441\u0443\u0430\u0440\u044b\/\u0431\u043b\u043e\u043a-\u043b\u0435\u0431\u0435\u0434\u043a\u0438-\u0434\u043b\u044f-\u0431\u0435\u0437\u0434\u043e\u0440\u043e\u0436\u044c\u044f\/","og_site_name":"Mazam O&Uuml; | T&otilde;ste- ja koormakinnitusvahendite tootmine ja m&uuml;&uuml;k (2014 - 2026) - linttropp &bull; koormarihm &bull; ringt&otilde;stev&ouml;&ouml; &bull; terastross &bull; kett-tropp &bull; vints &bull; t&otilde;stemagnet jpm.","article_modified_time":"2025-03-06T08:39:18+00:00","twitter_card":"summary_large_image","twitter_misc":{"\u041f\u0440\u0438\u043c\u0435\u0440\u043d\u043e\u0435 \u0432\u0440\u0435\u043c\u044f \u0434\u043b\u044f \u0447\u0442\u0435\u043d\u0438\u044f":"1 \u043c\u0438\u043d\u0443\u0442\u0430"},"schema":{"@context":"https:\/\/schema.org","@graph":[{"@type":"WebPage","@id":"https:\/\/www.mazam.eu\/tooted\/offroadi-tarvikud\/vintsiplokk-offroad\/","url":"https:\/\/www.mazam.eu\/tooted\/offroadi-tarvikud\/vintsiplokk-offroad\/","name":"VINTSIPLOKK OFFROAD - Mazam O\u00dc - \u043f\u0440\u043e\u0438\u0437\u0432\u043e\u0434\u0441\u0442\u0432\u043e \u0438 \u043f\u0440\u043e\u0434\u0430\u0436\u0430","isPartOf":{"@id":"https:\/\/www.mazam.eu\/#website"},"datePublished":"2020-04-05T10:02:10+00:00","dateModified":"2025-03-06T08:39:18+00:00","description":"\u0411\u043b\u043e\u043a \u043b\u0435\u0431\u0435\u0434\u043a\u0438 \u0434\u043b\u044f \u0431\u0435\u0437\u0434\u043e\u0440\u043e\u0436\u044c\u044f - \u043e\u0431\u0435\u0441\u043f\u0435\u0447\u0438\u0432\u0430\u0435\u0442 \u0434\u0432\u043e\u0439\u043d\u043e\u0435 \u0442\u044f\u0433\u043e\u0432\u043e\u0435 \u0443\u0441\u0438\u043b\u0438\u0435.","breadcrumb":{"@id":"https:\/\/www.mazam.eu\/tooted\/offroadi-tarvikud\/vintsiplokk-offroad\/#breadcrumb"},"inLanguage":"ru-RU","potentialAction":[{"@type":"ReadAction","target":["https:\/\/www.mazam.eu\/tooted\/offroadi-tarvikud\/vintsiplokk-offroad\/"]}]},{"@type":"BreadcrumbList","@id":"https:\/\/www.mazam.eu\/tooted\/offroadi-tarvikud\/vintsiplokk-offroad\/#breadcrumb","itemListElement":[{"@type":"ListItem","position":1,"name":"Home","item":"https:\/\/www.mazam.eu\/"},{"@type":"ListItem","position":2,"name":"Tooted","item":"https:\/\/www.mazam.eu\/tooted\/"},{"@type":"ListItem","position":3,"name":"OFFROADI TARVIKUD","item":"https:\/\/www.mazam.eu\/tooted\/offroadi-tarvikud\/"},{"@type":"ListItem","position":4,"name":"vintsiplokk offroad"}]},{"@type":"WebSite","@id":"https:\/\/www.mazam.eu\/#website","url":"https:\/\/www.mazam.eu\/","name":"Mazam O\u00dc | \u041f\u0440\u043e\u0438\u0437\u0432\u043e\u0434\u0441\u0442\u0432\u043e \u0438 \u043f\u0440\u043e\u0434\u0430\u0436\u0430 \u043f\u043e\u0434\u044a\u0435\u043c\u043d\u043e-\u0442\u0440\u0430\u043d\u0441\u043f\u043e\u0440\u0442\u043d\u043e\u0433\u043e \u043e\u0431\u043e\u0440\u0443\u0434\u043e\u0432\u0430\u043d\u0438\u044f (2014 - 2026) - \u043b\u0438\u043d\u0442\u0440\u0443\u043f\u0430 - \u0433\u0440\u0443\u0437\u043e\u0432\u043e\u0439 \u0440\u0435\u043c\u0435\u043d\u044c - \u0442\u0430\u043b\u0435\u0432\u044b\u0439 \u0440\u0435\u043c\u0435\u043d\u044c - \u0441\u0442\u0430\u043b\u044c\u043d\u043e\u0439 \u043a\u0430\u043d\u0430\u0442 - \u0446\u0435\u043f\u043d\u043e\u0439 \u0442\u0430\u043b\u0440\u0435\u043f - \u043b\u0435\u0431\u0435\u0434\u043a\u0430 - \u043f\u043e\u0434\u044a\u0435\u043c\u043d\u044b\u0439 \u043c\u0430\u0433\u043d\u0438\u0442 \u0438 \u0442.\u0434.","description":"\u0420\u0435\u0448\u0435\u043d\u0438\u044f \u0434\u043b\u044f \u043f\u043e\u0434\u044a\u0435\u043c\u0430 \u0438 \u043a\u0440\u0435\u043f\u043b\u0435\u043d\u0438\u044f | \u0420\u0435\u0448\u0435\u043d\u0438\u044f \u0434\u043b\u044f \u043f\u043e\u0434\u044a\u0435\u043c\u0430 \u0438 \u043a\u0440\u0435\u043f\u043b\u0435\u043d\u0438\u044f","publisher":{"@id":"https:\/\/www.mazam.eu\/#organization"},"potentialAction":[{"@type":"SearchAction","target":{"@type":"EntryPoint","urlTemplate":"https:\/\/www.mazam.eu\/?s={search_term_string}"},"query-input":{"@type":"PropertyValueSpecification","valueRequired":true,"valueName":"search_term_string"}}],"inLanguage":"ru-RU"},{"@type":"Organization","@id":"https:\/\/www.mazam.eu\/#organization","name":"Mazam O\u00dc","url":"https:\/\/www.mazam.eu\/","logo":{"@type":"ImageObject","inLanguage":"ru-RU","@id":"https:\/\/www.mazam.eu\/#\/schema\/logo\/image\/","url":"https:\/\/www.mazam.eu\/wp-content\/uploads\/2015\/10\/mazam-logo-linttropp-koormarihm-t\u00f5stev\u00f6\u00f6.png","contentUrl":"https:\/\/www.mazam.eu\/wp-content\/uploads\/2015\/10\/mazam-logo-linttropp-koormarihm-t\u00f5stev\u00f6\u00f6.png","width":190,"height":70,"caption":"Mazam O\u00dc"},"image":{"@id":"https:\/\/www.mazam.eu\/#\/schema\/logo\/image\/"}}]}},"_links":{"self":[{"href":"https:\/\/www.mazam.eu\/ru\/wp-json\/wp\/v2\/pages\/5114","targetHints":{"allow":["GET"]}}],"collection":[{"href":"https:\/\/www.mazam.eu\/ru\/wp-json\/wp\/v2\/pages"}],"about":[{"href":"https:\/\/www.mazam.eu\/ru\/wp-json\/wp\/v2\/types\/page"}],"author":[{"embeddable":true,"href":"https:\/\/www.mazam.eu\/ru\/wp-json\/wp\/v2\/users\/1"}],"replies":[{"embeddable":true,"href":"https:\/\/www.mazam.eu\/ru\/wp-json\/wp\/v2\/comments?post=5114"}],"version-history":[{"count":15,"href":"https:\/\/www.mazam.eu\/ru\/wp-json\/wp\/v2\/pages\/5114\/revisions"}],"predecessor-version":[{"id":10784,"href":"https:\/\/www.mazam.eu\/ru\/wp-json\/wp\/v2\/pages\/5114\/revisions\/10784"}],"up":[{"embeddable":true,"href":"https:\/\/www.mazam.eu\/ru\/wp-json\/wp\/v2\/pages\/747"}],"wp:attachment":[{"href":"https:\/\/www.mazam.eu\/ru\/wp-json\/wp\/v2\/media?parent=5114"}],"curies":[{"name":"wp","href":"https:\/\/api.w.org\/{rel}","templated":true}]}}