{"id":5129,"date":"2020-04-05T10:20:21","date_gmt":"2020-04-05T10:20:21","guid":{"rendered":"https:\/\/www.mazam.eu\/?page_id=5129"},"modified":"2025-03-06T08:40:48","modified_gmt":"2025-03-06T08:40:48","slug":"%d0%b1%d0%b5%d0%b7%d0%b4%d0%be%d1%80%d0%be%d0%b6%d1%8c%d0%b5-%d1%82%d0%be%d1%81%d1%82%d0%b5%d1%81%d0%b5%d0%ba%d0%b5%d0%bb","status":"publish","type":"page","link":"https:\/\/www.mazam.eu\/ru\/tooted\/offroadi-tarvikud\/tosteseekel-offroad\/","title":{"rendered":"\u0431\u0435\u0437\u0434\u043e\u0440\u043e\u0436\u044c\u0435 \u0442\u043e\u0441\u0442\u0435\u0441\u0435\u043a\u0435\u043b"},"content":{"rendered":"<div class='epvc-post-count'><span class='epvc-eye'><\/span>  <span class=\"epvc-count\"> 2&nbsp;039<\/span><span class='epvc-label'> \u043f\u0440\u043e\u0441\u043c\u043e\u0442\u0440<\/span><\/div><p><span style=\"color: #ffffff;\">\u0431\u0435\u0437\u0434\u043e\u0440\u043e\u0436\u044c\u0435 \u0442\u043e\u0441\u0442\u0435\u0441\u0435\u043a\u0435\u043b<\/span><br \/>\n<strong>\u041f\u0440\u0438\u043c\u0435\u043d\u0435\u043d\u0438\u0435 - \u0414\u043b\u044f \u0441\u043e\u0435\u0434\u0438\u043d\u0435\u043d\u0438\u044f \u043a\u0440\u044e\u043a\u0430 \u043b\u0435\u0431\u0435\u0434\u043a\u0438 \u0438 \u043f\u0435\u0442\u0435\u043b\u044c \u043b\u0435\u0441\u043d\u044b\u0445 \u0440\u0435\u043c\u043d\u0435\u0439.<br \/>\n\u0411\u044b\u0441\u0442\u0440\u043e\u0435 \u043f\u043e\u0434\u043a\u043b\u044e\u0447\u0435\u043d\u0438\u0435 \u0438 \u043e\u0442\u043a\u043b\u044e\u0447\u0435\u043d\u0438\u0435.<br \/>\n\u0414\u0438\u0430\u043f\u0430\u0437\u043e\u043d \u0442\u0435\u043c\u043f\u0435\u0440\u0430\u0442\u0443\u0440 -40\u00b0C \u0434\u043e +204\u00b0C<br \/>\n\u041f\u0440\u043e\u0434\u0443\u043a\u0442\u044b \u0438\u043c\u0435\u0435\u0442 \u0441\u0435\u0440\u0442\u0438\u0444\u0438\u043a\u0430\u0442\u044b.<br \/>\n\u0417\u0430\u043f\u0430\u0441 \u043f\u0440\u043e\u0447\u043d\u043e\u0441\u0442\u0438 6:1<br \/>\n\u2014<br \/>\n<em>\u041d\u0430\u0436\u043c\u0438\u0442\u0435 \u043d\u0430 \u0438\u0437\u043e\u0431\u0440\u0430\u0436\u0435\u043d\u0438\u0435, \u0447\u0442\u043e\u0431\u044b \u0443\u0432\u0438\u0434\u0435\u0442\u044c \u0442\u043e\u0432\u0430\u0440 \u0432 \u0443\u0432\u0435\u043b\u0438\u0447\u0435\u043d\u043d\u043e\u043c \u0440\u0430\u0437\u043c\u0435\u0440\u0435.<\/em><\/strong><\/p>\n<figure id=\"attachment_5154\" aria-describedby=\"caption-attachment-5154\" style=\"width: 200px\" class=\"wp-caption alignnone\"><a href=\"https:\/\/www.mazam.eu\/wp-content\/uploads\/2020\/04\/omega-t\u00f5steseekel-seekel-suur.png\" target=\"_blank\" rel=\"noopener noreferrer\"><img loading=\"lazy\" decoding=\"async\" class=\"wp-image-5154 size-full\" src=\"https:\/\/www.mazam.eu\/wp-content\/uploads\/2020\/04\/omega-t\u00f5steseekel-seekel-suur.png\" alt=\"\u0431\u0435\u0437\u0434\u043e\u0440\u043e\u0436\u044c\u0435 \u0442\u043e\u0441\u0442\u0435\u0441\u0435\u043a\u0435\u043b\" width=\"200\" height=\"150\" data-id=\"5154\" \/><\/a><figcaption id=\"caption-attachment-5154\" class=\"wp-caption-text\">\u0431\u0435\u0437\u0434\u043e\u0440\u043e\u0436\u044c\u0435 \u0442\u043e\u0441\u0442\u0435\u0441\u0435\u043a\u0435\u043b<\/figcaption><\/figure>\n<p><img loading=\"lazy\" decoding=\"async\" class=\"alignnone size-full wp-image-1412\" src=\"https:\/\/www.mazam.eu\/wp-content\/uploads\/2017\/04\/t\u00f5steseekel-omega-\u041f\u043e\u0434\u044a\u0435\u043c\u043d\u0430\u044f-\u0441\u043a\u043e\u0431\u0430-m\u00f5\u00f5dud.png\" alt=\"\" width=\"237\" height=\"150\" data-id=\"1412\" \/><\/p>\n<table>\n<tbody>\n<tr style=\"height: 24px;\">\n<td style=\"text-align: center; width: 146px; height: 24px;\"><strong>\u0420\u0430\u0431\u043e\u0447\u0430\u044f \u043d\u0430\u0433\u0440\u0443\u0437\u043a\u0430<\/strong><\/td>\n<td style=\"text-align: center; width: 89px; height: 24px;\"><strong>A<\/strong><\/td>\n<td style=\"text-align: center; width: 96px; height: 24px;\"><strong>B<\/strong><\/td>\n<td style=\"text-align: center; width: 94px; height: 24px;\"><strong>C<\/strong><\/td>\n<td style=\"text-align: center; width: 98px; height: 24px;\"><strong>D<\/strong><\/td>\n<td style=\"text-align: center; width: 129px; height: 24px;\"><strong>E<\/strong><\/td>\n<td style=\"text-align: center; width: 116px; height: 24px;\"><strong>\u0412\u0435\u0441<\/strong><\/td>\n<\/tr>\n<tr style=\"height: 24px;\">\n<td style=\"text-align: center; height: 24px; width: 146px;\">3,25t<\/td>\n<td style=\"text-align: center; height: 24px; width: 89px;\">27\u043c\u043c<\/td>\n<td style=\"text-align: center; height: 24px; width: 96px;\">18,5 \u043c\u043c<\/td>\n<td style=\"text-align: center; height: 24px; width: 94px;\">60\u043c\u043c<\/td>\n<td style=\"text-align: center; height: 24px; width: 98px;\">16\u043c\u043c<\/td>\n<td style=\"text-align: center; height: 24px; width: 129px;\">42,5 \u043c\u043c<\/td>\n<td style=\"text-align: center; width: 116px; height: 24px;\">0,62 \u043a\u0433<\/td>\n<\/tr>\n<tr style=\"height: 24px;\">\n<td style=\"text-align: center; height: 24px; width: 146px;\">4,75t<\/td>\n<td style=\"text-align: center; height: 24px; width: 89px;\">32,5 \u043c\u043c<\/td>\n<td style=\"text-align: center; height: 24px; width: 96px;\">21,5 \u043c\u043c<\/td>\n<td style=\"text-align: center; height: 24px; width: 94px;\">70,5 \u043c\u043c<\/td>\n<td style=\"text-align: center; height: 24px; width: 98px;\">19,5\u043c\u043c<\/td>\n<td style=\"text-align: center; height: 24px; width: 129px;\">49,5 \u043c\u043c<\/td>\n<td style=\"text-align: center; width: 116px; height: 24px;\">1,07 \u043a\u0433<\/td>\n<\/tr>\n<tr style=\"height: 24px;\">\n<td style=\"text-align: center; height: 24px; width: 146px;\">6,5t<\/td>\n<td style=\"text-align: center; height: 24px; width: 89px;\">37,5 \u043c\u043c<\/td>\n<td style=\"text-align: center; height: 24px; width: 96px;\">24,5\u043c\u043c<\/td>\n<td style=\"text-align: center; height: 24px; width: 94px;\">84,5 \u043c\u043c<\/td>\n<td style=\"text-align: center; height: 24px; width: 98px;\">23\u043c\u043c<\/td>\n<td style=\"text-align: center; height: 24px; width: 129px;\">57,5 \u043c\u043c<\/td>\n<td style=\"text-align: center; width: 116px; height: 24px;\">1,64 \u043a\u0433<\/td>\n<\/tr>\n<\/tbody>\n<\/table>\n<p><span style=\"color: #0000ff;\"><strong>\u041f\u0440\u0438 \u043e\u0442\u043f\u0440\u0430\u0432\u043a\u0435 \u0437\u0430\u043f\u0440\u043e\u0441\u0430, \u043f\u043e\u0436\u0430\u043b\u0443\u0439\u0441\u0442\u0430, \u0443\u043a\u0430\u0436\u0438\u0442\u0435 \u043e\u0431\u044a\u0435\u043c \u0438 \u043a\u043e\u043b\u0438\u0447\u0435\u0441\u0442\u0432\u043e \u043d\u0435\u043e\u0431\u0445\u043e\u0434\u0438\u043c\u043e\u0433\u043e \u0432\u0430\u043c \u043f\u043e\u0434\u044a\u0435\u043c\u043d\u043e\u0433\u043e \u043e\u0431\u043e\u0440\u0443\u0434\u043e\u0432\u0430\u043d\u0438\u044f.<\/strong><\/span><\/p>","protected":false},"excerpt":{"rendered":"<p>2&nbsp;039 vaatamisttosteseekel offroad Kasutus \u2013 Vintsin\u00f6\u00f6ri konksu ja puukaitsev\u00f6\u00f6de silmuste \u00fchendamiseks. Kiire \u00fchendamine ja lahti\u00fchendamine. Lubatud temperatuur -40\u00b0C kuni +204\u00b0C Toodetel on sertifikaat. Varutegur 6:1 \u2014 Vajuta pildile, et toodet suuremalt n\u00e4ha.. T\u00f6\u00f6koormus A B C D E Kaal 3,25t 27mm 18,5mm 60mm 16mm 42,5mm 0,62kg 4,75t 32,5mm 21,5mm 70,5mm 19,5mm 49,5mm 1,07kg 6,5t 37,5mm&#8230;<\/p>","protected":false},"author":1,"featured_media":0,"parent":747,"menu_order":0,"comment_status":"closed","ping_status":"closed","template":"","meta":{"_uf_show_specific_survey":0,"_uf_disable_surveys":false,"iawp_total_views":38,"footnotes":""},"class_list":["post-5129","page","type-page","status-publish","hentry"],"yoast_head":"<!-- This site is optimized with the Yoast SEO plugin v27.6 - https:\/\/yoast.com\/product\/yoast-seo-wordpress\/ -->\n<title>T\u00d5STESEEKEL OFFROAD - Mazam O\u00dc - tootmine ja m\u00fc\u00fck<\/title>\n<meta name=\"description\" content=\"Tosteseekel offroad - Vintsin\u00f6\u00f6ri konksu ja puukaitsev\u00f6\u00f6de silmuste \u00fchendamiseks. Kiire \u00fchendamine ja lahti\u00fchendamine.\" \/>\n<meta name=\"robots\" content=\"index, follow, max-snippet:-1, max-image-preview:large, max-video-preview:-1\" \/>\n<link rel=\"canonical\" href=\"https:\/\/www.mazam.eu\/ru\/produkty\/\u0432\u043d\u0435\u0434\u043e\u0440\u043e\u0436\u043d\u044b\u0435-\u0430\u043a\u0441\u0435\u0441\u0441\u0443\u0430\u0440\u044b-off-road\/\u0431\u0435\u0437\u0434\u043e\u0440\u043e\u0436\u044c\u0435-\u0442\u043e\u0441\u0442\u0435\u0441\u0435\u043a\u0435\u043b\/\" \/>\n<meta property=\"og:locale\" content=\"ru_RU\" \/>\n<meta property=\"og:type\" content=\"article\" \/>\n<meta property=\"og:title\" content=\"T\u00d5STESEEKEL OFFROAD - Mazam O\u00dc - tootmine ja m\u00fc\u00fck\" \/>\n<meta property=\"og:description\" content=\"Tosteseekel offroad - Vintsin\u00f6\u00f6ri konksu ja puukaitsev\u00f6\u00f6de silmuste \u00fchendamiseks. Kiire \u00fchendamine ja lahti\u00fchendamine.\" \/>\n<meta property=\"og:url\" content=\"https:\/\/www.mazam.eu\/ru\/produkty\/\u0432\u043d\u0435\u0434\u043e\u0440\u043e\u0436\u043d\u044b\u0435-\u0430\u043a\u0441\u0435\u0441\u0441\u0443\u0430\u0440\u044b-off-road\/\u0431\u0435\u0437\u0434\u043e\u0440\u043e\u0436\u044c\u0435-\u0442\u043e\u0441\u0442\u0435\u0441\u0435\u043a\u0435\u043b\/\" \/>\n<meta property=\"og:site_name\" content=\"Mazam O&Uuml; | T&otilde;ste- ja koormakinnitusvahendite tootmine ja m&uuml;&uuml;k (2014 - 2026) - linttropp &bull; koormarihm &bull; ringt&otilde;stev&ouml;&ouml; &bull; terastross &bull; kett-tropp &bull; vints &bull; t&otilde;stemagnet jpm.\" \/>\n<meta property=\"article:modified_time\" content=\"2025-03-06T08:40:48+00:00\" \/>\n<meta name=\"twitter:card\" content=\"summary_large_image\" \/>\n<meta name=\"twitter:label1\" content=\"\u041f\u0440\u0438\u043c\u0435\u0440\u043d\u043e\u0435 \u0432\u0440\u0435\u043c\u044f \u0434\u043b\u044f \u0447\u0442\u0435\u043d\u0438\u044f\" \/>\n\t<meta name=\"twitter:data1\" content=\"1 \u043c\u0438\u043d\u0443\u0442\u0430\" \/>\n<script type=\"application\/ld+json\" class=\"yoast-schema-graph\">{\"@context\":\"https:\\\/\\\/schema.org\",\"@graph\":[{\"@type\":\"WebPage\",\"@id\":\"https:\\\/\\\/www.mazam.eu\\\/tooted\\\/offroadi-tarvikud\\\/tosteseekel-offroad\\\/\",\"url\":\"https:\\\/\\\/www.mazam.eu\\\/tooted\\\/offroadi-tarvikud\\\/tosteseekel-offroad\\\/\",\"name\":\"T\u00d5STESEEKEL OFFROAD - Mazam O\u00dc - tootmine ja m\u00fc\u00fck\",\"isPartOf\":{\"@id\":\"https:\\\/\\\/www.mazam.eu\\\/#website\"},\"datePublished\":\"2020-04-05T10:20:21+00:00\",\"dateModified\":\"2025-03-06T08:40:48+00:00\",\"description\":\"Tosteseekel offroad - Vintsin\u00f6\u00f6ri konksu ja puukaitsev\u00f6\u00f6de silmuste \u00fchendamiseks. Kiire \u00fchendamine ja lahti\u00fchendamine.\",\"breadcrumb\":{\"@id\":\"https:\\\/\\\/www.mazam.eu\\\/tooted\\\/offroadi-tarvikud\\\/tosteseekel-offroad\\\/#breadcrumb\"},\"inLanguage\":\"ru-RU\",\"potentialAction\":[{\"@type\":\"ReadAction\",\"target\":[\"https:\\\/\\\/www.mazam.eu\\\/tooted\\\/offroadi-tarvikud\\\/tosteseekel-offroad\\\/\"]}]},{\"@type\":\"BreadcrumbList\",\"@id\":\"https:\\\/\\\/www.mazam.eu\\\/tooted\\\/offroadi-tarvikud\\\/tosteseekel-offroad\\\/#breadcrumb\",\"itemListElement\":[{\"@type\":\"ListItem\",\"position\":1,\"name\":\"Home\",\"item\":\"https:\\\/\\\/www.mazam.eu\\\/\"},{\"@type\":\"ListItem\",\"position\":2,\"name\":\"Tooted\",\"item\":\"https:\\\/\\\/www.mazam.eu\\\/tooted\\\/\"},{\"@type\":\"ListItem\",\"position\":3,\"name\":\"OFFROADI TARVIKUD\",\"item\":\"https:\\\/\\\/www.mazam.eu\\\/tooted\\\/offroadi-tarvikud\\\/\"},{\"@type\":\"ListItem\",\"position\":4,\"name\":\"tosteseekel offroad\"}]},{\"@type\":\"WebSite\",\"@id\":\"https:\\\/\\\/www.mazam.eu\\\/#website\",\"url\":\"https:\\\/\\\/www.mazam.eu\\\/\",\"name\":\"Mazam O&Uuml; | T&otilde;ste- ja koormakinnitusvahendite tootmine ja m&uuml;&uuml;k (2014 - 2026) - linttropp &bull; koormarihm &bull; ringt&otilde;stev&ouml;&ouml; &bull; terastross &bull; kett-tropp &bull; vints &bull; t&otilde;stemagnet jpm.\",\"description\":\"T&otilde;ste- ja kinnituslahendused | Lifting- and lashing solutions\",\"publisher\":{\"@id\":\"https:\\\/\\\/www.mazam.eu\\\/#organization\"},\"potentialAction\":[{\"@type\":\"SearchAction\",\"target\":{\"@type\":\"EntryPoint\",\"urlTemplate\":\"https:\\\/\\\/www.mazam.eu\\\/?s={search_term_string}\"},\"query-input\":{\"@type\":\"PropertyValueSpecification\",\"valueRequired\":true,\"valueName\":\"search_term_string\"}}],\"inLanguage\":\"ru-RU\"},{\"@type\":\"Organization\",\"@id\":\"https:\\\/\\\/www.mazam.eu\\\/#organization\",\"name\":\"Mazam O\u00dc\",\"url\":\"https:\\\/\\\/www.mazam.eu\\\/\",\"logo\":{\"@type\":\"ImageObject\",\"inLanguage\":\"ru-RU\",\"@id\":\"https:\\\/\\\/www.mazam.eu\\\/#\\\/schema\\\/logo\\\/image\\\/\",\"url\":\"https:\\\/\\\/www.mazam.eu\\\/wp-content\\\/uploads\\\/2015\\\/10\\\/mazam-logo-linttropp-koormarihm-t\u00f5stev\u00f6\u00f6.png\",\"contentUrl\":\"https:\\\/\\\/www.mazam.eu\\\/wp-content\\\/uploads\\\/2015\\\/10\\\/mazam-logo-linttropp-koormarihm-t\u00f5stev\u00f6\u00f6.png\",\"width\":190,\"height\":70,\"caption\":\"Mazam O\u00dc\"},\"image\":{\"@id\":\"https:\\\/\\\/www.mazam.eu\\\/#\\\/schema\\\/logo\\\/image\\\/\"}}]}<\/script>\n<!-- \/ Yoast SEO plugin. -->","yoast_head_json":{"title":"OFFROAD - Mazam O\u00dc - \u043f\u0440\u043e\u0438\u0437\u0432\u043e\u0434\u0441\u0442\u0432\u043e \u0438 \u043f\u0440\u043e\u0434\u0430\u0436\u0430","description":"\u0422\u0440\u043e\u0441 \u0438\u0437 \u043d\u0435\u0440\u0436\u0430\u0432\u0435\u044e\u0449\u0435\u0439 \u0441\u0442\u0430\u043b\u0438 \u0434\u043b\u044f \u0432\u043d\u0435\u0434\u043e\u0440\u043e\u0436\u043d\u0438\u043a\u043e\u0432 - \u0414\u043b\u044f \u0441\u043e\u0435\u0434\u0438\u043d\u0435\u043d\u0438\u044f \u043a\u0440\u044e\u043a\u0430 \u043b\u0435\u0431\u0435\u0434\u043a\u0438 \u0438 \u043f\u0435\u0442\u0435\u043b\u044c \u0440\u0435\u043c\u043d\u0435\u0439 \u0431\u0435\u0437\u043e\u043f\u0430\u0441\u043d\u043e\u0441\u0442\u0438. \u0411\u044b\u0441\u0442\u0440\u043e\u0435 \u0441\u043e\u0435\u0434\u0438\u043d\u0435\u043d\u0438\u0435 \u0438 \u0440\u0430\u0437\u044a\u0435\u0434\u0438\u043d\u0435\u043d\u0438\u0435.","robots":{"index":"index","follow":"follow","max-snippet":"max-snippet:-1","max-image-preview":"max-image-preview:large","max-video-preview":"max-video-preview:-1"},"canonical":"https:\/\/www.mazam.eu\/ru\/produkty\/\u0432\u043d\u0435\u0434\u043e\u0440\u043e\u0436\u043d\u044b\u0435-\u0430\u043a\u0441\u0435\u0441\u0441\u0443\u0430\u0440\u044b-off-road\/\u0431\u0435\u0437\u0434\u043e\u0440\u043e\u0436\u044c\u0435-\u0442\u043e\u0441\u0442\u0435\u0441\u0435\u043a\u0435\u043b\/","og_locale":"ru_RU","og_type":"article","og_title":"T\u00d5STESEEKEL OFFROAD - Mazam O\u00dc - tootmine ja m\u00fc\u00fck","og_description":"Tosteseekel offroad - Vintsin\u00f6\u00f6ri konksu ja puukaitsev\u00f6\u00f6de silmuste \u00fchendamiseks. Kiire \u00fchendamine ja lahti\u00fchendamine.","og_url":"https:\/\/www.mazam.eu\/ru\/produkty\/\u0432\u043d\u0435\u0434\u043e\u0440\u043e\u0436\u043d\u044b\u0435-\u0430\u043a\u0441\u0435\u0441\u0441\u0443\u0430\u0440\u044b-off-road\/\u0431\u0435\u0437\u0434\u043e\u0440\u043e\u0436\u044c\u0435-\u0442\u043e\u0441\u0442\u0435\u0441\u0435\u043a\u0435\u043b\/","og_site_name":"Mazam O&Uuml; | T&otilde;ste- ja koormakinnitusvahendite tootmine ja m&uuml;&uuml;k (2014 - 2026) - linttropp &bull; koormarihm &bull; ringt&otilde;stev&ouml;&ouml; &bull; terastross &bull; kett-tropp &bull; vints &bull; t&otilde;stemagnet jpm.","article_modified_time":"2025-03-06T08:40:48+00:00","twitter_card":"summary_large_image","twitter_misc":{"\u041f\u0440\u0438\u043c\u0435\u0440\u043d\u043e\u0435 \u0432\u0440\u0435\u043c\u044f \u0434\u043b\u044f \u0447\u0442\u0435\u043d\u0438\u044f":"1 \u043c\u0438\u043d\u0443\u0442\u0430"},"schema":{"@context":"https:\/\/schema.org","@graph":[{"@type":"WebPage","@id":"https:\/\/www.mazam.eu\/tooted\/offroadi-tarvikud\/tosteseekel-offroad\/","url":"https:\/\/www.mazam.eu\/tooted\/offroadi-tarvikud\/tosteseekel-offroad\/","name":"OFFROAD - Mazam O\u00dc - \u043f\u0440\u043e\u0438\u0437\u0432\u043e\u0434\u0441\u0442\u0432\u043e \u0438 \u043f\u0440\u043e\u0434\u0430\u0436\u0430","isPartOf":{"@id":"https:\/\/www.mazam.eu\/#website"},"datePublished":"2020-04-05T10:20:21+00:00","dateModified":"2025-03-06T08:40:48+00:00","description":"\u0422\u0440\u043e\u0441 \u0438\u0437 \u043d\u0435\u0440\u0436\u0430\u0432\u0435\u044e\u0449\u0435\u0439 \u0441\u0442\u0430\u043b\u0438 \u0434\u043b\u044f \u0432\u043d\u0435\u0434\u043e\u0440\u043e\u0436\u043d\u0438\u043a\u043e\u0432 - \u0414\u043b\u044f \u0441\u043e\u0435\u0434\u0438\u043d\u0435\u043d\u0438\u044f \u043a\u0440\u044e\u043a\u0430 \u043b\u0435\u0431\u0435\u0434\u043a\u0438 \u0438 \u043f\u0435\u0442\u0435\u043b\u044c \u0440\u0435\u043c\u043d\u0435\u0439 \u0431\u0435\u0437\u043e\u043f\u0430\u0441\u043d\u043e\u0441\u0442\u0438. \u0411\u044b\u0441\u0442\u0440\u043e\u0435 \u0441\u043e\u0435\u0434\u0438\u043d\u0435\u043d\u0438\u0435 \u0438 \u0440\u0430\u0437\u044a\u0435\u0434\u0438\u043d\u0435\u043d\u0438\u0435.","breadcrumb":{"@id":"https:\/\/www.mazam.eu\/tooted\/offroadi-tarvikud\/tosteseekel-offroad\/#breadcrumb"},"inLanguage":"ru-RU","potentialAction":[{"@type":"ReadAction","target":["https:\/\/www.mazam.eu\/tooted\/offroadi-tarvikud\/tosteseekel-offroad\/"]}]},{"@type":"BreadcrumbList","@id":"https:\/\/www.mazam.eu\/tooted\/offroadi-tarvikud\/tosteseekel-offroad\/#breadcrumb","itemListElement":[{"@type":"ListItem","position":1,"name":"Home","item":"https:\/\/www.mazam.eu\/"},{"@type":"ListItem","position":2,"name":"Tooted","item":"https:\/\/www.mazam.eu\/tooted\/"},{"@type":"ListItem","position":3,"name":"OFFROADI TARVIKUD","item":"https:\/\/www.mazam.eu\/tooted\/offroadi-tarvikud\/"},{"@type":"ListItem","position":4,"name":"tosteseekel offroad"}]},{"@type":"WebSite","@id":"https:\/\/www.mazam.eu\/#website","url":"https:\/\/www.mazam.eu\/","name":"Mazam O\u00dc | \u041f\u0440\u043e\u0438\u0437\u0432\u043e\u0434\u0441\u0442\u0432\u043e \u0438 \u043f\u0440\u043e\u0434\u0430\u0436\u0430 \u043f\u043e\u0434\u044a\u0435\u043c\u043d\u043e-\u0442\u0440\u0430\u043d\u0441\u043f\u043e\u0440\u0442\u043d\u043e\u0433\u043e \u043e\u0431\u043e\u0440\u0443\u0434\u043e\u0432\u0430\u043d\u0438\u044f (2014 - 2026) - \u043b\u0438\u043d\u0442\u0440\u0443\u043f\u0430 - \u0433\u0440\u0443\u0437\u043e\u0432\u043e\u0439 \u0440\u0435\u043c\u0435\u043d\u044c - \u0442\u0430\u043b\u0435\u0432\u044b\u0439 \u0440\u0435\u043c\u0435\u043d\u044c - \u0441\u0442\u0430\u043b\u044c\u043d\u043e\u0439 \u043a\u0430\u043d\u0430\u0442 - \u0446\u0435\u043f\u043d\u043e\u0439 \u0442\u0430\u043b\u0440\u0435\u043f - \u043b\u0435\u0431\u0435\u0434\u043a\u0430 - \u043f\u043e\u0434\u044a\u0435\u043c\u043d\u044b\u0439 \u043c\u0430\u0433\u043d\u0438\u0442 \u0438 \u0442.\u0434.","description":"\u0420\u0435\u0448\u0435\u043d\u0438\u044f \u0434\u043b\u044f \u043f\u043e\u0434\u044a\u0435\u043c\u0430 \u0438 \u043a\u0440\u0435\u043f\u043b\u0435\u043d\u0438\u044f | \u0420\u0435\u0448\u0435\u043d\u0438\u044f \u0434\u043b\u044f \u043f\u043e\u0434\u044a\u0435\u043c\u0430 \u0438 \u043a\u0440\u0435\u043f\u043b\u0435\u043d\u0438\u044f","publisher":{"@id":"https:\/\/www.mazam.eu\/#organization"},"potentialAction":[{"@type":"SearchAction","target":{"@type":"EntryPoint","urlTemplate":"https:\/\/www.mazam.eu\/?s={search_term_string}"},"query-input":{"@type":"PropertyValueSpecification","valueRequired":true,"valueName":"search_term_string"}}],"inLanguage":"ru-RU"},{"@type":"Organization","@id":"https:\/\/www.mazam.eu\/#organization","name":"Mazam O\u00dc","url":"https:\/\/www.mazam.eu\/","logo":{"@type":"ImageObject","inLanguage":"ru-RU","@id":"https:\/\/www.mazam.eu\/#\/schema\/logo\/image\/","url":"https:\/\/www.mazam.eu\/wp-content\/uploads\/2015\/10\/mazam-logo-linttropp-koormarihm-t\u00f5stev\u00f6\u00f6.png","contentUrl":"https:\/\/www.mazam.eu\/wp-content\/uploads\/2015\/10\/mazam-logo-linttropp-koormarihm-t\u00f5stev\u00f6\u00f6.png","width":190,"height":70,"caption":"Mazam O\u00dc"},"image":{"@id":"https:\/\/www.mazam.eu\/#\/schema\/logo\/image\/"}}]}},"_links":{"self":[{"href":"https:\/\/www.mazam.eu\/ru\/wp-json\/wp\/v2\/pages\/5129","targetHints":{"allow":["GET"]}}],"collection":[{"href":"https:\/\/www.mazam.eu\/ru\/wp-json\/wp\/v2\/pages"}],"about":[{"href":"https:\/\/www.mazam.eu\/ru\/wp-json\/wp\/v2\/types\/page"}],"author":[{"embeddable":true,"href":"https:\/\/www.mazam.eu\/ru\/wp-json\/wp\/v2\/users\/1"}],"replies":[{"embeddable":true,"href":"https:\/\/www.mazam.eu\/ru\/wp-json\/wp\/v2\/comments?post=5129"}],"version-history":[{"count":5,"href":"https:\/\/www.mazam.eu\/ru\/wp-json\/wp\/v2\/pages\/5129\/revisions"}],"predecessor-version":[{"id":10785,"href":"https:\/\/www.mazam.eu\/ru\/wp-json\/wp\/v2\/pages\/5129\/revisions\/10785"}],"up":[{"embeddable":true,"href":"https:\/\/www.mazam.eu\/ru\/wp-json\/wp\/v2\/pages\/747"}],"wp:attachment":[{"href":"https:\/\/www.mazam.eu\/ru\/wp-json\/wp\/v2\/media?parent=5129"}],"curies":[{"name":"wp","href":"https:\/\/api.w.org\/{rel}","templated":true}]}}