{"id":533,"date":"2015-10-15T14:31:23","date_gmt":"2015-10-15T14:31:23","guid":{"rendered":"http:\/\/www.mazam.eu\/?page_id=533"},"modified":"2025-04-16T08:31:09","modified_gmt":"2025-04-16T08:31:09","slug":"domkrat-gidravlicheskiy-s-nizkim-podkhvatom","status":"publish","type":"page","link":"https:\/\/www.mazam.eu\/ru\/tooted\/hudrauliline-nokk-tungraud\/","title":{"rendered":"\u0414\u043e\u043c\u043a\u0440\u0430\u0442 \u0433\u0438\u0434\u0440\u0430\u0432\u043b\u0438\u0447\u0435\u0441\u043a\u0438\u0439 \u0441 \u043d\u0438\u0437\u043a\u0438\u043c \u043f\u043e\u0434\u0445\u0432\u0430\u0442\u043e\u043c"},"content":{"rendered":"<div class='epvc-post-count'><span class='epvc-eye'><\/span>  <span class=\"epvc-count\"> 4 116<\/span><span class='epvc-label'> \u043f\u0440\u043e\u0441\u043c\u043e\u0442\u0440<\/span><\/div><p><span style=\"color: #ffffff;\">\u0414\u043e\u043c\u043a\u0440\u0430\u0442 \u0433\u0438\u0434\u0440\u0430\u0432\u043b\u0438\u0447\u0435\u0441\u043a\u0438\u0439 \u0441 \u043d\u0438\u0437\u043a\u0438\u043c \u043f\u043e\u0434\u0445\u0432\u0430\u0442\u043e\u043c<br \/>\n<span style=\"color: #333333;\"><strong>\u041f\u0440\u0438\u043c\u0435\u043d\u0435\u043d\u0438\u0435 - \u0414\u043b\u044f \u043f\u043e\u0434\u044a\u0435\u043c\u0430 \u0442\u044f\u0436\u0435\u043b\u043e\u0439 \u0442\u0435\u0445\u043d\u0438\u043a\u0438 \u0438\u043b\u0438 \u0438\u0437\u0434\u0435\u043b\u0438\u0439. \u0422\u0430\u043a\u0436\u0435 \u0438\u0441\u043f\u043e\u043b\u044c\u0437\u0443\u0435\u0442\u0441\u044f \u0434\u043b\u044f \u043f\u043e\u0434\u044a\u0435\u043c\u0430 \u0444\u0443\u043d\u0434\u0430\u043c\u0435\u043d\u0442\u043e\u0432.<br \/>\n\u041c\u043e\u0436\u0435\u0442 \u0438\u0441\u043f\u043e\u043b\u044c\u0437\u043e\u0432\u0430\u0442\u044c\u0441\u044f \u0432 \u043b\u044e\u0431\u043e\u043c \u043f\u043e\u043b\u043e\u0436\u0435\u043d\u0438\u0438. \u0421\u043a\u043e\u0440\u043e\u0441\u0442\u044c \u043e\u043f\u0443\u0441\u043a\u0430\u043d\u0438\u044f \u043c\u043e\u0436\u0435\u0442 \u0431\u044b\u0442\u044c \u0442\u043e\u0447\u043d\u043e \u043e\u0442\u0440\u0435\u0433\u0443\u043b\u0438\u0440\u043e\u0432\u0430\u043d\u0430. \u041f\u043e\u0434\u043d\u0438\u043c\u0430\u0435\u0442 \u043e\u0447\u0435\u043d\u044c \u043d\u0438\u0437\u043a\u043e.<br \/>\n\u0421\u044a\u0435\u043c\u043d\u044b\u0439 \u0440\u044b\u0447\u0430\u0433. \u0421 \u0437\u0430\u0449\u0438\u0442\u043e\u0439 \u043e\u0442 \u043f\u0435\u0440\u0435\u0433\u0440\u0443\u0437\u043a\u0438.<br \/>\n\u041d\u0435\u0441\u0443\u0449\u0430\u044f \u0441\u043f\u043e\u0441\u043e\u0431\u043d\u043e\u0441\u0442\u044c \u0441\u043e\u0441\u0442\u0430\u0432\u043b\u044f\u0435\u0442 100%.<br \/>\n\u0414\u0438\u0430\u043f\u0430\u0437\u043e\u043d \u0442\u0435\u043c\u043f\u0435\u0440\u0430\u0442\u0443\u0440: \u043e\u0442 -10\u00b0C \u0434\u043e +55\u00b0C<br \/>\n\u0421\u043e\u043e\u0442\u0432\u0435\u0442\u0441\u0442\u0432\u0443\u0435\u0442 \u0414\u0438\u0440\u0435\u043a\u0442\u0438\u0432\u0435 \u043f\u043e \u043c\u0430\u0448\u0438\u043d\u043d\u043e\u043c\u0443 \u043e\u0431\u043e\u0440\u0443\u0434\u043e\u0432\u0430\u043d\u0438\u044e 2006\/42\/EC.<br \/>\n\u041f\u0440\u043e\u0434\u0443\u043a\u0442\u044b \u0438\u043c\u0435\u0435\u0442 \u0441\u0435\u0440\u0442\u0438\u0444\u0438\u043a\u0430\u0442\u044b.<br \/>\n\u2014<br \/>\n<\/strong><em><strong>\u041d\u0430\u0436\u043c\u0438\u0442\u0435 \u043d\u0430 \u0438\u0437\u043e\u0431\u0440\u0430\u0436\u0435\u043d\u0438\u0435, \u0447\u0442\u043e\u0431\u044b \u0443\u0432\u0438\u0434\u0435\u0442\u044c \u0442\u043e\u0432\u0430\u0440 \u0432 \u0443\u0432\u0435\u043b\u0438\u0447\u0435\u043d\u043d\u043e\u043c \u0440\u0430\u0437\u043c\u0435\u0440\u0435.<\/strong><\/em><\/span><br \/>\n<\/span><\/p>\n<figure id=\"attachment_9912\" aria-describedby=\"caption-attachment-9912\" style=\"width: 200px\" class=\"wp-caption alignnone\"><a href=\"https:\/\/www.mazam.eu\/wp-content\/uploads\/2025\/02\/hudrauliline-nokk-tungraud-\u0414\u043e\u043c\u043a\u0440\u0430\u0442-\u0433\u0438\u0434\u0440\u0430\u0432\u043b\u0438\u0447\u0435\u0441\u043a\u0438\u0439-\u043d\u0438\u0437\u043a\u043e\u043f\u043e\u0434\u0445\u0432\u0430\u0442\u043d\u044b\u0439-hydraulic-toe-jack-suur.jpg\" target=\"_blank\" rel=\"noopener\"><img loading=\"lazy\" decoding=\"async\" class=\"wp-image-9912 size-full\" src=\"https:\/\/www.mazam.eu\/wp-content\/uploads\/2025\/02\/hudrauliline-nokk-tungraud-\u0414\u043e\u043c\u043a\u0440\u0430\u0442-\u0433\u0438\u0434\u0440\u0430\u0432\u043b\u0438\u0447\u0435\u0441\u043a\u0438\u0439-\u043d\u0438\u0437\u043a\u043e\u043f\u043e\u0434\u0445\u0432\u0430\u0442\u043d\u044b\u0439-hydraulic-toe-jack-avatar.jpg\" alt=\"\u0414\u043e\u043c\u043a\u0440\u0430\u0442 \u0433\u0438\u0434\u0440\u0430\u0432\u043b\u0438\u0447\u0435\u0441\u043a\u0438\u0439 \u0441 \u043d\u0438\u0437\u043a\u0438\u043c \u043f\u043e\u0434\u0445\u0432\u0430\u0442\u043e\u043c\" width=\"200\" height=\"150\" data-id=\"9912\" \/><\/a><figcaption id=\"caption-attachment-9912\" class=\"wp-caption-text\">\u0414\u043e\u043c\u043a\u0440\u0430\u0442 \u0433\u0438\u0434\u0440\u0430\u0432\u043b\u0438\u0447\u0435\u0441\u043a\u0438\u0439 \u0441 \u043d\u0438\u0437\u043a\u0438\u043c \u043f\u043e\u0434\u0445\u0432\u0430\u0442\u043e\u043c<\/figcaption><\/figure>\n<p><span style=\"text-decoration: underline; color: #ff6600;\"><strong>\u0414\u0430\u043d\u043d\u044b\u0435:<br \/>\n<\/strong><\/span><\/p>\n<table width=\"680\">\n<tbody>\n<tr>\n<td style=\"text-align: center;\" width=\"127\"><strong>\u0420\u0430\u0431\u043e\u0447\u0430\u044f \u043d\u0430\u0433\u0440\u0443\u0437\u043a\u0430<\/strong><\/td>\n<td style=\"text-align: center;\" width=\"227\"><strong>\u041f\u043e\u043b\u043e\u0436\u0435\u043d\u0438\u0435 \u043f\u043e\u0434\u044a\u0435\u043c\u0430 \u0441\u043d\u0438\u0437\u0443 (\u043c\u0438\u043d. - \u043c\u0430\u043a\u0441.)<\/strong><\/td>\n<td style=\"text-align: center;\" width=\"258\"><strong>\u041f\u043e\u043b\u043e\u0436\u0435\u043d\u0438\u0435 \u043f\u043e\u0434\u044a\u0435\u043c\u0430 \u0441\u0432\u0435\u0440\u0445\u0443 (\u043c\u0438\u043d. - \u043c\u0430\u043a\u0441.)<\/strong><\/td>\n<td style=\"text-align: center;\" width=\"68\"><strong>\u0412\u0435\u0441<\/strong><\/td>\n<\/tr>\n<tr>\n<td style=\"text-align: center;\" width=\"127\">5000\u043a\u0433<\/td>\n<td style=\"text-align: center;\" width=\"227\">\u00a025\u043c\u043c - 205\u043c\u043c<\/td>\n<td style=\"text-align: center;\" width=\"258\">368\u043c\u043c - 573\u043c\u043c<\/td>\n<td style=\"text-align: center;\" width=\"68\">25\u043a\u0433<\/td>\n<\/tr>\n<tr>\n<td style=\"text-align: center;\" width=\"127\">10000\u043a\u0433<\/td>\n<td style=\"text-align: center;\" width=\"227\">30\u043c\u043c - 230\u043c\u043c<\/td>\n<td style=\"text-align: center;\" width=\"258\">420\u043c\u043c - 650\u043c\u043c<\/td>\n<td style=\"text-align: center;\" width=\"68\">35\u043a\u0433<\/td>\n<\/tr>\n<tr>\n<td style=\"text-align: center;\" width=\"127\">25000\u043a\u0433<\/td>\n<td style=\"text-align: center;\" width=\"227\">58\u043c\u043c - 215\u043c\u043c<\/td>\n<td style=\"text-align: center;\" width=\"258\">505\u043c\u043c - 720\u043c\u043c<\/td>\n<td style=\"text-align: center;\" width=\"68\">109\u043a\u0433<\/td>\n<\/tr>\n<\/tbody>\n<\/table>\n<p><span style=\"color: #0000ff;\"><strong>\u0417\u0430\u043f\u0440\u043e\u0441 <span style=\"color: #ff6600;\"><strong style=\"color: #0000ff;\">\u043e\u0442\u043f\u0440\u0430\u0432\u0438\u0432<\/strong><\/span> \u043d\u0430\u043f\u0438\u0448\u0438\u0442\u0435 \u0436\u0435\u043b\u0430\u0435\u043c\u0443\u044e \u0440\u0430\u0431\u043e\u0447\u0443\u044e \u043d\u0430\u0433\u0440\u0443\u0437\u043a\u0443 (5000 \u043a\u0433 - 25000 \u043a\u0433) \u0438 \u043a\u043e\u043b\u0438\u0447\u0435\u0441\u0442\u0432\u043e \u0434\u043e\u043c\u043a\u0440\u0430\u0442\u043e\u0432.<span style=\"color: #0000ff;\"><a style=\"color: #0000ff;\" href=\"https:\/\/en.wikipedia.org\/wiki\/Jack_(device)\">.<\/a><\/span><\/strong><\/span><\/p>\n<hr \/>\n<p style=\"text-align: center;\"><span style=\"text-decoration: underline; color: #ff6600;\"><strong>\u0420\u0430\u0431\u043e\u0447\u0438\u0435 \u043f\u043e\u043b\u043e\u0436\u0435\u043d\u0438\u044f \u0444\u0440\u0435\u0437\u044b:<\/strong><\/span><\/p>\n<p><img loading=\"lazy\" decoding=\"async\" class=\"size-full wp-image-9954 aligncenter\" src=\"https:\/\/www.mazam.eu\/wp-content\/uploads\/2025\/02\/hudrauliline-nokk-tungraud-\u0414\u043e\u043c\u043a\u0440\u0430\u0442-\u0433\u0438\u0434\u0440\u0430\u0432\u043b\u0438\u0447\u0435\u0441\u043a\u0438\u0439-\u043d\u0438\u0437\u043a\u043e\u043f\u043e\u0434\u0445\u0432\u0430\u0442\u043d\u044b\u0439-hydraulic-toe-jack-tooasendid.jpg\" alt=\"\" width=\"648\" height=\"150\" data-id=\"9954\" srcset=\"https:\/\/www.mazam.eu\/wp-content\/uploads\/2025\/02\/hudrauliline-nokk-tungraud-\u0414\u043e\u043c\u043a\u0440\u0430\u0442-\u0433\u0438\u0434\u0440\u0430\u0432\u043b\u0438\u0447\u0435\u0441\u043a\u0438\u0439-\u043d\u0438\u0437\u043a\u043e\u043f\u043e\u0434\u0445\u0432\u0430\u0442\u043d\u044b\u0439-hydraulic-toe-jack-tooasendid.jpg 648w, https:\/\/www.mazam.eu\/wp-content\/uploads\/2025\/02\/hudrauliline-nokk-tungraud-\u0414\u043e\u043c\u043a\u0440\u0430\u0442-\u0433\u0438\u0434\u0440\u0430\u0432\u043b\u0438\u0447\u0435\u0441\u043a\u0438\u0439-\u043d\u0438\u0437\u043a\u043e\u043f\u043e\u0434\u0445\u0432\u0430\u0442\u043d\u044b\u0439-hydraulic-toe-jack-tooasendid-300x69.jpg 300w\" sizes=\"auto, (max-width: 648px) 100vw, 648px\" \/><\/p>","protected":false},"excerpt":{"rendered":"<p>4&nbsp;116 vaatamisth\u00fcdrauliline nokk tungraud Kasutus &#8211; Raskete masinate v\u00f5i toodete t\u00f5stmiseks. Kasutatakse ka vundamendi t\u00f5stmiseks. V\u00f5ib kasutada igas asendis. Langetamiskiirust saab t\u00e4pselt reguleerida. T\u00f5stab v\u00e4ga madalalt. Eemaldatav hoob. \u00dclekoormuskaitsega. Noka kandev\u00f5ime on 100%. Lubatud temperatuur: -10\u00b0C kuni +55\u00b0C Vastavad masinadirektiivi 2006\/42\/EC n\u00f5uetele. Toodetel on sertifikaat. &#8212; Vajuta pildile, et toodet suuremalt n\u00e4ha.. Andmed: T\u00f6\u00f6koormus T\u00f5steasend&#8230;<\/p>","protected":false},"author":1,"featured_media":0,"parent":5,"menu_order":0,"comment_status":"closed","ping_status":"closed","template":"","meta":{"_uf_show_specific_survey":0,"_uf_disable_surveys":false,"iawp_total_views":237,"footnotes":""},"class_list":["post-533","page","type-page","status-publish","hentry"],"yoast_head":"<!-- This site is optimized with the Yoast SEO plugin v27.5 - https:\/\/yoast.com\/product\/yoast-seo-wordpress\/ -->\n<title>H\u00dcDRAULILINE NOKK TUNGRAUD - Mazam O\u00dc<\/title>\n<meta name=\"description\" content=\"H\u00fcdrauliline nokk tungraud - Raskete masinate v\u00f5i toodete t\u00f5stmiseks. Kasutatakse ka vundamedi t\u00f5stmiseks. V\u00f5ib kasutada igas asendis..\" \/>\n<meta name=\"robots\" content=\"index, follow, max-snippet:-1, max-image-preview:large, max-video-preview:-1\" \/>\n<link rel=\"canonical\" href=\"https:\/\/www.mazam.eu\/ru\/produkty\/domkrat-gidravlicheskiy-s-nizkim-podkhvatom\/\" \/>\n<meta property=\"og:locale\" content=\"ru_RU\" \/>\n<meta property=\"og:type\" content=\"article\" \/>\n<meta property=\"og:title\" content=\"H\u00dcDRAULILINE NOKK TUNGRAUD - Mazam O\u00dc\" \/>\n<meta property=\"og:description\" content=\"H\u00fcdrauliline nokk tungraud - Raskete masinate v\u00f5i toodete t\u00f5stmiseks. Kasutatakse ka vundamedi t\u00f5stmiseks. V\u00f5ib kasutada igas asendis..\" \/>\n<meta property=\"og:url\" content=\"https:\/\/www.mazam.eu\/ru\/produkty\/domkrat-gidravlicheskiy-s-nizkim-podkhvatom\/\" \/>\n<meta property=\"og:site_name\" content=\"Mazam O&Uuml; | T&otilde;ste- ja koormakinnitusvahendite tootmine ja m&uuml;&uuml;k (2014 - 2026) - linttropp &bull; koormarihm &bull; ringt&otilde;stev&ouml;&ouml; &bull; terastross &bull; kett-tropp &bull; vints &bull; t&otilde;stemagnet jpm.\" \/>\n<meta property=\"article:modified_time\" content=\"2025-04-16T08:31:09+00:00\" \/>\n<meta name=\"twitter:card\" content=\"summary_large_image\" \/>\n<meta name=\"twitter:label1\" content=\"\u041f\u0440\u0438\u043c\u0435\u0440\u043d\u043e\u0435 \u0432\u0440\u0435\u043c\u044f \u0434\u043b\u044f \u0447\u0442\u0435\u043d\u0438\u044f\" \/>\n\t<meta name=\"twitter:data1\" content=\"1 \u043c\u0438\u043d\u0443\u0442\u0430\" \/>\n<script type=\"application\/ld+json\" class=\"yoast-schema-graph\">{\"@context\":\"https:\\\/\\\/schema.org\",\"@graph\":[{\"@type\":\"WebPage\",\"@id\":\"https:\\\/\\\/www.mazam.eu\\\/tooted\\\/hudrauliline-nokk-tungraud\\\/\",\"url\":\"https:\\\/\\\/www.mazam.eu\\\/tooted\\\/hudrauliline-nokk-tungraud\\\/\",\"name\":\"H\u00dcDRAULILINE NOKK TUNGRAUD - Mazam O\u00dc\",\"isPartOf\":{\"@id\":\"https:\\\/\\\/www.mazam.eu\\\/#website\"},\"datePublished\":\"2015-10-15T14:31:23+00:00\",\"dateModified\":\"2025-04-16T08:31:09+00:00\",\"description\":\"H\u00fcdrauliline nokk tungraud - Raskete masinate v\u00f5i toodete t\u00f5stmiseks. Kasutatakse ka vundamedi t\u00f5stmiseks. V\u00f5ib kasutada igas asendis..\",\"breadcrumb\":{\"@id\":\"https:\\\/\\\/www.mazam.eu\\\/tooted\\\/hudrauliline-nokk-tungraud\\\/#breadcrumb\"},\"inLanguage\":\"ru-RU\",\"potentialAction\":[{\"@type\":\"ReadAction\",\"target\":[\"https:\\\/\\\/www.mazam.eu\\\/tooted\\\/hudrauliline-nokk-tungraud\\\/\"]}]},{\"@type\":\"BreadcrumbList\",\"@id\":\"https:\\\/\\\/www.mazam.eu\\\/tooted\\\/hudrauliline-nokk-tungraud\\\/#breadcrumb\",\"itemListElement\":[{\"@type\":\"ListItem\",\"position\":1,\"name\":\"Home\",\"item\":\"https:\\\/\\\/www.mazam.eu\\\/\"},{\"@type\":\"ListItem\",\"position\":2,\"name\":\"Tooted\",\"item\":\"https:\\\/\\\/www.mazam.eu\\\/tooted\\\/\"},{\"@type\":\"ListItem\",\"position\":3,\"name\":\"H\u00fcdrauliline nokk tungraud\"}]},{\"@type\":\"WebSite\",\"@id\":\"https:\\\/\\\/www.mazam.eu\\\/#website\",\"url\":\"https:\\\/\\\/www.mazam.eu\\\/\",\"name\":\"Mazam O&Uuml; | T&otilde;ste- ja koormakinnitusvahendite tootmine ja m&uuml;&uuml;k (2014 - 2026) - linttropp &bull; koormarihm &bull; ringt&otilde;stev&ouml;&ouml; &bull; terastross &bull; kett-tropp &bull; vints &bull; t&otilde;stemagnet jpm.\",\"description\":\"T&otilde;ste- ja kinnituslahendused | Lifting- and lashing solutions\",\"publisher\":{\"@id\":\"https:\\\/\\\/www.mazam.eu\\\/#organization\"},\"potentialAction\":[{\"@type\":\"SearchAction\",\"target\":{\"@type\":\"EntryPoint\",\"urlTemplate\":\"https:\\\/\\\/www.mazam.eu\\\/?s={search_term_string}\"},\"query-input\":{\"@type\":\"PropertyValueSpecification\",\"valueRequired\":true,\"valueName\":\"search_term_string\"}}],\"inLanguage\":\"ru-RU\"},{\"@type\":\"Organization\",\"@id\":\"https:\\\/\\\/www.mazam.eu\\\/#organization\",\"name\":\"Mazam O\u00dc\",\"url\":\"https:\\\/\\\/www.mazam.eu\\\/\",\"logo\":{\"@type\":\"ImageObject\",\"inLanguage\":\"ru-RU\",\"@id\":\"https:\\\/\\\/www.mazam.eu\\\/#\\\/schema\\\/logo\\\/image\\\/\",\"url\":\"https:\\\/\\\/www.mazam.eu\\\/wp-content\\\/uploads\\\/2015\\\/10\\\/mazam-logo-linttropp-koormarihm-t\u00f5stev\u00f6\u00f6.png\",\"contentUrl\":\"https:\\\/\\\/www.mazam.eu\\\/wp-content\\\/uploads\\\/2015\\\/10\\\/mazam-logo-linttropp-koormarihm-t\u00f5stev\u00f6\u00f6.png\",\"width\":190,\"height\":70,\"caption\":\"Mazam O\u00dc\"},\"image\":{\"@id\":\"https:\\\/\\\/www.mazam.eu\\\/#\\\/schema\\\/logo\\\/image\\\/\"}}]}<\/script>\n<!-- \/ Yoast SEO plugin. -->","yoast_head_json":{"title":"\u0414\u043e\u043c\u043a\u0440\u0430\u0442 \u0433\u0438\u0434\u0440\u0430\u0432\u043b\u0438\u0447\u0435\u0441\u043a\u0438\u0439 \u0441 \u043d\u0438\u0437\u043a\u0438\u043c \u043f\u043e\u0434\u0445\u0432\u0430\u0442\u043e\u043c - Mazam O\u00dc","description":"\u0414\u043e\u043c\u043a\u0440\u0430\u0442 \u0433\u0438\u0434\u0440\u0430\u0432\u043b\u0438\u0447\u0435\u0441\u043a\u0438\u0439 \u0441 \u043d\u0438\u0437\u043a\u0438\u043c \u043f\u043e\u0434\u0445\u0432\u0430\u0442\u043e\u043c - \u0434\u043b\u044f \u043f\u043e\u0434\u044a\u0435\u043c\u0430 \u0442\u044f\u0436\u0435\u043b\u044b\u0445 \u043c\u0430\u0448\u0438\u043d \u0438\u043b\u0438 \u0438\u0437\u0434\u0435\u043b\u0438\u0439. \u0422\u0430\u043a\u0436\u0435 \u0438\u0441\u043f\u043e\u043b\u044c\u0437\u0443\u044e\u0442\u0441\u044f \u0434\u043b\u044f \u043f\u043e\u0434\u044a\u0435\u043c\u0430 \u0444\u0443\u043d\u0434\u0430\u043c\u0435\u043d\u0442\u043e\u0432. \u041c\u043e\u0433\u0443\u0442 \u0438\u0441\u043f\u043e\u043b\u044c\u0437\u043e\u0432\u0430\u0442\u044c\u0441\u044f \u0432 \u043b\u044e\u0431\u043e\u043c \u043f\u043e\u043b\u043e\u0436\u0435\u043d\u0438\u0438...","robots":{"index":"index","follow":"follow","max-snippet":"max-snippet:-1","max-image-preview":"max-image-preview:large","max-video-preview":"max-video-preview:-1"},"canonical":"https:\/\/www.mazam.eu\/ru\/produkty\/domkrat-gidravlicheskiy-s-nizkim-podkhvatom\/","og_locale":"ru_RU","og_type":"article","og_title":"H\u00dcDRAULILINE NOKK TUNGRAUD - Mazam O\u00dc","og_description":"H\u00fcdrauliline nokk tungraud - Raskete masinate v\u00f5i toodete t\u00f5stmiseks. Kasutatakse ka vundamedi t\u00f5stmiseks. V\u00f5ib kasutada igas asendis..","og_url":"https:\/\/www.mazam.eu\/ru\/produkty\/domkrat-gidravlicheskiy-s-nizkim-podkhvatom\/","og_site_name":"Mazam O&Uuml; | T&otilde;ste- ja koormakinnitusvahendite tootmine ja m&uuml;&uuml;k (2014 - 2026) - linttropp &bull; koormarihm &bull; ringt&otilde;stev&ouml;&ouml; &bull; terastross &bull; kett-tropp &bull; vints &bull; t&otilde;stemagnet jpm.","article_modified_time":"2025-04-16T08:31:09+00:00","twitter_card":"summary_large_image","twitter_misc":{"\u041f\u0440\u0438\u043c\u0435\u0440\u043d\u043e\u0435 \u0432\u0440\u0435\u043c\u044f \u0434\u043b\u044f \u0447\u0442\u0435\u043d\u0438\u044f":"1 \u043c\u0438\u043d\u0443\u0442\u0430"},"schema":{"@context":"https:\/\/schema.org","@graph":[{"@type":"WebPage","@id":"https:\/\/www.mazam.eu\/tooted\/hudrauliline-nokk-tungraud\/","url":"https:\/\/www.mazam.eu\/tooted\/hudrauliline-nokk-tungraud\/","name":"\u0414\u043e\u043c\u043a\u0440\u0430\u0442 \u0433\u0438\u0434\u0440\u0430\u0432\u043b\u0438\u0447\u0435\u0441\u043a\u0438\u0439 \u0441 \u043d\u0438\u0437\u043a\u0438\u043c \u043f\u043e\u0434\u0445\u0432\u0430\u0442\u043e\u043c - Mazam O\u00dc","isPartOf":{"@id":"https:\/\/www.mazam.eu\/#website"},"datePublished":"2015-10-15T14:31:23+00:00","dateModified":"2025-04-16T08:31:09+00:00","description":"\u0414\u043e\u043c\u043a\u0440\u0430\u0442 \u0433\u0438\u0434\u0440\u0430\u0432\u043b\u0438\u0447\u0435\u0441\u043a\u0438\u0439 \u0441 \u043d\u0438\u0437\u043a\u0438\u043c \u043f\u043e\u0434\u0445\u0432\u0430\u0442\u043e\u043c - \u0434\u043b\u044f \u043f\u043e\u0434\u044a\u0435\u043c\u0430 \u0442\u044f\u0436\u0435\u043b\u044b\u0445 \u043c\u0430\u0448\u0438\u043d \u0438\u043b\u0438 \u0438\u0437\u0434\u0435\u043b\u0438\u0439. \u0422\u0430\u043a\u0436\u0435 \u0438\u0441\u043f\u043e\u043b\u044c\u0437\u0443\u044e\u0442\u0441\u044f \u0434\u043b\u044f \u043f\u043e\u0434\u044a\u0435\u043c\u0430 \u0444\u0443\u043d\u0434\u0430\u043c\u0435\u043d\u0442\u043e\u0432. \u041c\u043e\u0433\u0443\u0442 \u0438\u0441\u043f\u043e\u043b\u044c\u0437\u043e\u0432\u0430\u0442\u044c\u0441\u044f \u0432 \u043b\u044e\u0431\u043e\u043c \u043f\u043e\u043b\u043e\u0436\u0435\u043d\u0438\u0438...","breadcrumb":{"@id":"https:\/\/www.mazam.eu\/tooted\/hudrauliline-nokk-tungraud\/#breadcrumb"},"inLanguage":"ru-RU","potentialAction":[{"@type":"ReadAction","target":["https:\/\/www.mazam.eu\/tooted\/hudrauliline-nokk-tungraud\/"]}]},{"@type":"BreadcrumbList","@id":"https:\/\/www.mazam.eu\/tooted\/hudrauliline-nokk-tungraud\/#breadcrumb","itemListElement":[{"@type":"ListItem","position":1,"name":"Home","item":"https:\/\/www.mazam.eu\/"},{"@type":"ListItem","position":2,"name":"Tooted","item":"https:\/\/www.mazam.eu\/tooted\/"},{"@type":"ListItem","position":3,"name":"H\u00fcdrauliline nokk tungraud"}]},{"@type":"WebSite","@id":"https:\/\/www.mazam.eu\/#website","url":"https:\/\/www.mazam.eu\/","name":"Mazam O\u00dc | \u041f\u0440\u043e\u0438\u0437\u0432\u043e\u0434\u0441\u0442\u0432\u043e \u0438 \u043f\u0440\u043e\u0434\u0430\u0436\u0430 \u043f\u043e\u0434\u044a\u0435\u043c\u043d\u043e-\u0442\u0440\u0430\u043d\u0441\u043f\u043e\u0440\u0442\u043d\u043e\u0433\u043e \u043e\u0431\u043e\u0440\u0443\u0434\u043e\u0432\u0430\u043d\u0438\u044f (2014 - 2026) - \u043b\u0438\u043d\u0442\u0440\u0443\u043f\u0430 - \u0433\u0440\u0443\u0437\u043e\u0432\u043e\u0439 \u0440\u0435\u043c\u0435\u043d\u044c - \u0442\u0430\u043b\u0435\u0432\u044b\u0439 \u0440\u0435\u043c\u0435\u043d\u044c - \u0441\u0442\u0430\u043b\u044c\u043d\u043e\u0439 \u043a\u0430\u043d\u0430\u0442 - \u0446\u0435\u043f\u043d\u043e\u0439 \u0442\u0430\u043b\u0440\u0435\u043f - \u043b\u0435\u0431\u0435\u0434\u043a\u0430 - \u043f\u043e\u0434\u044a\u0435\u043c\u043d\u044b\u0439 \u043c\u0430\u0433\u043d\u0438\u0442 \u0438 \u0442.\u0434.","description":"\u0420\u0435\u0448\u0435\u043d\u0438\u044f \u0434\u043b\u044f \u043f\u043e\u0434\u044a\u0435\u043c\u0430 \u0438 \u043a\u0440\u0435\u043f\u043b\u0435\u043d\u0438\u044f | \u0420\u0435\u0448\u0435\u043d\u0438\u044f \u0434\u043b\u044f \u043f\u043e\u0434\u044a\u0435\u043c\u0430 \u0438 \u043a\u0440\u0435\u043f\u043b\u0435\u043d\u0438\u044f","publisher":{"@id":"https:\/\/www.mazam.eu\/#organization"},"potentialAction":[{"@type":"SearchAction","target":{"@type":"EntryPoint","urlTemplate":"https:\/\/www.mazam.eu\/?s={search_term_string}"},"query-input":{"@type":"PropertyValueSpecification","valueRequired":true,"valueName":"search_term_string"}}],"inLanguage":"ru-RU"},{"@type":"Organization","@id":"https:\/\/www.mazam.eu\/#organization","name":"Mazam O\u00dc","url":"https:\/\/www.mazam.eu\/","logo":{"@type":"ImageObject","inLanguage":"ru-RU","@id":"https:\/\/www.mazam.eu\/#\/schema\/logo\/image\/","url":"https:\/\/www.mazam.eu\/wp-content\/uploads\/2015\/10\/mazam-logo-linttropp-koormarihm-t\u00f5stev\u00f6\u00f6.png","contentUrl":"https:\/\/www.mazam.eu\/wp-content\/uploads\/2015\/10\/mazam-logo-linttropp-koormarihm-t\u00f5stev\u00f6\u00f6.png","width":190,"height":70,"caption":"Mazam O\u00dc"},"image":{"@id":"https:\/\/www.mazam.eu\/#\/schema\/logo\/image\/"}}]}},"_links":{"self":[{"href":"https:\/\/www.mazam.eu\/ru\/wp-json\/wp\/v2\/pages\/533","targetHints":{"allow":["GET"]}}],"collection":[{"href":"https:\/\/www.mazam.eu\/ru\/wp-json\/wp\/v2\/pages"}],"about":[{"href":"https:\/\/www.mazam.eu\/ru\/wp-json\/wp\/v2\/types\/page"}],"author":[{"embeddable":true,"href":"https:\/\/www.mazam.eu\/ru\/wp-json\/wp\/v2\/users\/1"}],"replies":[{"embeddable":true,"href":"https:\/\/www.mazam.eu\/ru\/wp-json\/wp\/v2\/comments?post=533"}],"version-history":[{"count":36,"href":"https:\/\/www.mazam.eu\/ru\/wp-json\/wp\/v2\/pages\/533\/revisions"}],"predecessor-version":[{"id":11845,"href":"https:\/\/www.mazam.eu\/ru\/wp-json\/wp\/v2\/pages\/533\/revisions\/11845"}],"up":[{"embeddable":true,"href":"https:\/\/www.mazam.eu\/ru\/wp-json\/wp\/v2\/pages\/5"}],"wp:attachment":[{"href":"https:\/\/www.mazam.eu\/ru\/wp-json\/wp\/v2\/media?parent=533"}],"curies":[{"name":"wp","href":"https:\/\/api.w.org\/{rel}","templated":true}]}}