{"id":5368,"date":"2020-05-19T07:33:44","date_gmt":"2020-05-19T07:33:44","guid":{"rendered":"https:\/\/www.mazam.eu\/?page_id=5368"},"modified":"2020-05-19T07:34:10","modified_gmt":"2020-05-19T07:34:10","slug":"%d0%bb%d0%b5%d0%b1%d0%b5%d0%b4%d0%ba%d0%b0-%d0%b4%d0%bb%d1%8f-%d0%ba%d0%b2%d0%b0%d0%b4%d1%80%d0%be%d1%86%d0%b8%d0%ba%d0%bb%d0%b0-%d0%b2-%d0%b2%d0%b8%d0%bd%d1%87%d0%b8%d0%ba%d0%be%d0%b8%d1%81%d0%b5","status":"publish","type":"page","link":"https:\/\/www.mazam.eu\/ru\/tooted\/offroadi-tarvikud\/atv-vintsinoor-vintsikois\/","title":{"rendered":"\u041b\u0435\u0431\u0435\u0434\u043a\u0430 \u0434\u043b\u044f \u043a\u0432\u0430\u0434\u0440\u043e\u0446\u0438\u043a\u043b\u0430"},"content":{"rendered":"<div class='epvc-post-count'><span class='epvc-eye'><\/span>  <span class=\"epvc-count\"> 2&nbsp;240<\/span><span class='epvc-label'> \u043f\u0440\u043e\u0441\u043c\u043e\u0442\u0440<\/span><\/div><p><span style=\"color: #ffffff;\">\u043b\u0435\u0431\u0435\u0434\u043a\u0430 \u0434\u043b\u044f \u0432\u043d\u0435\u0434\u043e\u0440\u043e\u0436\u043d\u0438\u043a\u043e\u0432<\/span><strong><br \/>\n\u041d\u0430\u0436\u043c\u0438\u0442\u0435 \u043d\u0430 \u043a\u0430\u0440\u0442\u0438\u043d\u043a\u0443, \u0447\u0442\u043e\u0431\u044b \u0443\u0432\u0438\u0434\u0435\u0442\u044c \u0443\u0432\u0435\u043b\u0438\u0447\u0435\u043d\u043d\u0443\u044e \u0432\u0435\u0440\u0441\u0438\u044e.<\/strong><\/p>\n<figure id=\"attachment_5367\" aria-describedby=\"caption-attachment-5367\" style=\"width: 200px\" class=\"wp-caption alignnone\"><a href=\"https:\/\/www.mazam.eu\/wp-content\/uploads\/2020\/05\/atv-vintsin\u00f6\u00f6r-vintsik\u00f6is-suur.png\" target=\"_blank\" rel=\"noopener noreferrer\"><img loading=\"lazy\" decoding=\"async\" class=\"wp-image-5367 size-full\" src=\"https:\/\/www.mazam.eu\/wp-content\/uploads\/2020\/05\/atv-vintsin\u00f6\u00f6r-vintsik\u00f6is-avatar.png\" alt=\"\u043b\u0435\u0431\u0435\u0434\u043a\u0430 \u0434\u043b\u044f \u0432\u043d\u0435\u0434\u043e\u0440\u043e\u0436\u043d\u0438\u043a\u043e\u0432\" width=\"200\" height=\"150\" data-id=\"5367\" \/><\/a><figcaption id=\"caption-attachment-5367\" class=\"wp-caption-text\">\u043b\u0435\u0431\u0435\u0434\u043a\u0430 \u0434\u043b\u044f \u0432\u043d\u0435\u0434\u043e\u0440\u043e\u0436\u043d\u0438\u043a\u043e\u0432<\/figcaption><\/figure>\n<table>\n<tbody>\n<tr style=\"height: 29.4375px;\">\n<td style=\"width: 46.6198%; height: 29px; text-align: center;\"><strong>\u041d\u0430\u0438\u043c\u0435\u043d\u043e\u0432\u0430\u043d\u0438\u0435 \u0442\u043e\u0432\u0430\u0440\u0430: \u0434\u0438\u0430\u043c. \u2205\/\u0434\u043b\u0438\u043d\u0430\/\u0440\u0430\u0437\u0440\u044b\u0432\u043d\u0430\u044f \u043d\u0430\u0433\u0440\u0443\u0437\u043a\u0430.<\/strong><\/td>\n<td style=\"width: 14.8109%; height: 29px; text-align: center;\"><strong>\u0426\u0432\u0435\u0442<\/strong><\/td>\n<\/tr>\n<tr style=\"height: 24px;\">\n<td style=\"width: 46.6198%; text-align: center; height: 24px;\">\u0422\u0440\u043e\u0441 \u043b\u0435\u0431\u0435\u0434\u043a\u0438 6 \u043c\u043c L= 15 \u043c (\u043e\u0434\u0438\u043d \u043a\u043e\u043d\u0435\u0446 \u0441 \u043f\u0440\u0438\u043a\u043b\u0435\u043f\u0430\u043d\u043d\u044b\u043c \u043a\u0440\u044e\u043a\u043e\u043c) MBL: 4,21T - <span style=\"color: #3366ff;\">\u043c\u0430\u0433\u0430\u0437\u0438\u043d \u0432<\/span><\/td>\n<td style=\"width: 14.8109%; text-align: center; height: 24px;\">\u0441\u0435\u0440\u044b\u0439<\/td>\n<\/tr>\n<\/tbody>\n<\/table>","protected":false},"excerpt":{"rendered":"<p>2&nbsp;240 vaatamistatv vintsin\u00f6\u00f6r Vajuta pildile, et toodet suuremana n\u00e4ha.. Toote nimi: diam. \u2205 \/ pikkus \/ katkemiskoormus V\u00e4rvus Vintsin\u00f6\u00f6r 6mm L= 15m (\u00fchte otsa konks pleisitud) MBL: 4,21T &#8211; laokaup hall<\/p>","protected":false},"author":1,"featured_media":0,"parent":747,"menu_order":0,"comment_status":"closed","ping_status":"closed","template":"","meta":{"_uf_show_specific_survey":0,"_uf_disable_surveys":false,"iawp_total_views":45,"footnotes":""},"class_list":["post-5368","page","type-page","status-publish","hentry"],"yoast_head":"<!-- This site is optimized with the Yoast SEO plugin v27.4 - https:\/\/yoast.com\/product\/yoast-seo-wordpress\/ -->\n<title>ATV VINTSIN\u00d6\u00d6R - Mazam O\u00dc - tootmine ja m\u00fc\u00fck<\/title>\n<meta name=\"description\" content=\"ATV vintsin\u00f6\u00f6r - tugevam kui terastross. Halli v\u00e4rvi. Konks \u00fchte otsa pleisitud. Kohe valmis kasutamiseks.\" \/>\n<meta name=\"robots\" content=\"index, follow, max-snippet:-1, max-image-preview:large, max-video-preview:-1\" \/>\n<link rel=\"canonical\" href=\"https:\/\/www.mazam.eu\/ru\/produkty\/\u0432\u043d\u0435\u0434\u043e\u0440\u043e\u0436\u043d\u044b\u0435-\u0430\u043a\u0441\u0435\u0441\u0441\u0443\u0430\u0440\u044b\/\u043b\u0435\u0431\u0435\u0434\u043a\u0430-\u0434\u043b\u044f-\u043a\u0432\u0430\u0434\u0440\u043e\u0446\u0438\u043a\u043b\u0430-\u0432-\u0432\u0438\u043d\u0447\u0438\u043a\u043e\u0438\u0441\u0435\/\" \/>\n<meta property=\"og:locale\" content=\"ru_RU\" \/>\n<meta property=\"og:type\" content=\"article\" \/>\n<meta property=\"og:title\" content=\"ATV VINTSIN\u00d6\u00d6R - Mazam O\u00dc - tootmine ja m\u00fc\u00fck\" \/>\n<meta property=\"og:description\" content=\"ATV vintsin\u00f6\u00f6r - tugevam kui terastross. Halli v\u00e4rvi. Konks \u00fchte otsa pleisitud. Kohe valmis kasutamiseks.\" \/>\n<meta property=\"og:url\" content=\"https:\/\/www.mazam.eu\/ru\/produkty\/\u0432\u043d\u0435\u0434\u043e\u0440\u043e\u0436\u043d\u044b\u0435-\u0430\u043a\u0441\u0435\u0441\u0441\u0443\u0430\u0440\u044b\/\u043b\u0435\u0431\u0435\u0434\u043a\u0430-\u0434\u043b\u044f-\u043a\u0432\u0430\u0434\u0440\u043e\u0446\u0438\u043a\u043b\u0430-\u0432-\u0432\u0438\u043d\u0447\u0438\u043a\u043e\u0438\u0441\u0435\/\" \/>\n<meta property=\"og:site_name\" content=\"Mazam O&Uuml; | T&otilde;ste- ja koormakinnitusvahendite tootmine ja m&uuml;&uuml;k (2014 - 2026) - linttropp &bull; koormarihm &bull; ringt&otilde;stev&ouml;&ouml; &bull; terastross &bull; kett-tropp &bull; vints &bull; t&otilde;stemagnet jpm.\" \/>\n<meta property=\"article:modified_time\" content=\"2020-05-19T07:34:10+00:00\" \/>\n<meta name=\"twitter:card\" content=\"summary_large_image\" \/>\n<script type=\"application\/ld+json\" class=\"yoast-schema-graph\">{\"@context\":\"https:\\\/\\\/schema.org\",\"@graph\":[{\"@type\":\"WebPage\",\"@id\":\"https:\\\/\\\/www.mazam.eu\\\/tooted\\\/offroadi-tarvikud\\\/atv-vintsinoor-vintsikois\\\/\",\"url\":\"https:\\\/\\\/www.mazam.eu\\\/tooted\\\/offroadi-tarvikud\\\/atv-vintsinoor-vintsikois\\\/\",\"name\":\"ATV VINTSIN\u00d6\u00d6R - Mazam O\u00dc - tootmine ja m\u00fc\u00fck\",\"isPartOf\":{\"@id\":\"https:\\\/\\\/www.mazam.eu\\\/#website\"},\"datePublished\":\"2020-05-19T07:33:44+00:00\",\"dateModified\":\"2020-05-19T07:34:10+00:00\",\"description\":\"ATV vintsin\u00f6\u00f6r - tugevam kui terastross. Halli v\u00e4rvi. Konks \u00fchte otsa pleisitud. Kohe valmis kasutamiseks.\",\"breadcrumb\":{\"@id\":\"https:\\\/\\\/www.mazam.eu\\\/tooted\\\/offroadi-tarvikud\\\/atv-vintsinoor-vintsikois\\\/#breadcrumb\"},\"inLanguage\":\"ru-RU\",\"potentialAction\":[{\"@type\":\"ReadAction\",\"target\":[\"https:\\\/\\\/www.mazam.eu\\\/tooted\\\/offroadi-tarvikud\\\/atv-vintsinoor-vintsikois\\\/\"]}]},{\"@type\":\"BreadcrumbList\",\"@id\":\"https:\\\/\\\/www.mazam.eu\\\/tooted\\\/offroadi-tarvikud\\\/atv-vintsinoor-vintsikois\\\/#breadcrumb\",\"itemListElement\":[{\"@type\":\"ListItem\",\"position\":1,\"name\":\"Home\",\"item\":\"https:\\\/\\\/www.mazam.eu\\\/\"},{\"@type\":\"ListItem\",\"position\":2,\"name\":\"Tooted\",\"item\":\"https:\\\/\\\/www.mazam.eu\\\/tooted\\\/\"},{\"@type\":\"ListItem\",\"position\":3,\"name\":\"OFFROADI TARVIKUD\",\"item\":\"https:\\\/\\\/www.mazam.eu\\\/tooted\\\/offroadi-tarvikud\\\/\"},{\"@type\":\"ListItem\",\"position\":4,\"name\":\"ATV vintsin\u00f6\u00f6r\"}]},{\"@type\":\"WebSite\",\"@id\":\"https:\\\/\\\/www.mazam.eu\\\/#website\",\"url\":\"https:\\\/\\\/www.mazam.eu\\\/\",\"name\":\"Mazam O&Uuml; | T&otilde;ste- ja koormakinnitusvahendite tootmine ja m&uuml;&uuml;k (2014 - 2026) - linttropp &bull; koormarihm &bull; ringt&otilde;stev&ouml;&ouml; &bull; terastross &bull; kett-tropp &bull; vints &bull; t&otilde;stemagnet jpm.\",\"description\":\"T&otilde;ste- ja kinnituslahendused | Lifting- and lashing solutions\",\"publisher\":{\"@id\":\"https:\\\/\\\/www.mazam.eu\\\/#organization\"},\"potentialAction\":[{\"@type\":\"SearchAction\",\"target\":{\"@type\":\"EntryPoint\",\"urlTemplate\":\"https:\\\/\\\/www.mazam.eu\\\/?s={search_term_string}\"},\"query-input\":{\"@type\":\"PropertyValueSpecification\",\"valueRequired\":true,\"valueName\":\"search_term_string\"}}],\"inLanguage\":\"ru-RU\"},{\"@type\":\"Organization\",\"@id\":\"https:\\\/\\\/www.mazam.eu\\\/#organization\",\"name\":\"Mazam O\u00dc\",\"url\":\"https:\\\/\\\/www.mazam.eu\\\/\",\"logo\":{\"@type\":\"ImageObject\",\"inLanguage\":\"ru-RU\",\"@id\":\"https:\\\/\\\/www.mazam.eu\\\/#\\\/schema\\\/logo\\\/image\\\/\",\"url\":\"https:\\\/\\\/www.mazam.eu\\\/wp-content\\\/uploads\\\/2015\\\/10\\\/mazam-logo-linttropp-koormarihm-t\u00f5stev\u00f6\u00f6.png\",\"contentUrl\":\"https:\\\/\\\/www.mazam.eu\\\/wp-content\\\/uploads\\\/2015\\\/10\\\/mazam-logo-linttropp-koormarihm-t\u00f5stev\u00f6\u00f6.png\",\"width\":190,\"height\":70,\"caption\":\"Mazam O\u00dc\"},\"image\":{\"@id\":\"https:\\\/\\\/www.mazam.eu\\\/#\\\/schema\\\/logo\\\/image\\\/\"}}]}<\/script>\n<!-- \/ Yoast SEO plugin. -->","yoast_head_json":{"title":"\u041a\u0432\u0430\u0434\u0440\u043e\u0446\u0438\u043a\u043b VINTSIN\u00d6R - Mazam O\u00dc - \u043f\u0440\u043e\u0438\u0437\u0432\u043e\u0434\u0441\u0442\u0432\u043e \u0438 \u043f\u0440\u043e\u0434\u0430\u0436\u0430","description":"\u0422\u0440\u043e\u0441 \u043b\u0435\u0431\u0435\u0434\u043a\u0438 \u0434\u043b\u044f \u043a\u0432\u0430\u0434\u0440\u043e\u0446\u0438\u043a\u043b\u0430 - \u043f\u0440\u043e\u0447\u043d\u0435\u0435 \u0441\u0442\u0430\u043b\u044c\u043d\u043e\u0433\u043e \u0442\u0440\u043e\u0441\u0430. \u0421\u0435\u0440\u044b\u0439 \u0446\u0432\u0435\u0442. \u041e\u0434\u0438\u043d \u043a\u043e\u043d\u0435\u0446 \u043a\u0440\u044e\u043a\u0430 \u043e\u0442\u0431\u0435\u043b\u0435\u043d. \u0413\u043e\u0442\u043e\u0432 \u043a \u0438\u0441\u043f\u043e\u043b\u044c\u0437\u043e\u0432\u0430\u043d\u0438\u044e.","robots":{"index":"index","follow":"follow","max-snippet":"max-snippet:-1","max-image-preview":"max-image-preview:large","max-video-preview":"max-video-preview:-1"},"canonical":"https:\/\/www.mazam.eu\/ru\/produkty\/\u0432\u043d\u0435\u0434\u043e\u0440\u043e\u0436\u043d\u044b\u0435-\u0430\u043a\u0441\u0435\u0441\u0441\u0443\u0430\u0440\u044b\/\u043b\u0435\u0431\u0435\u0434\u043a\u0430-\u0434\u043b\u044f-\u043a\u0432\u0430\u0434\u0440\u043e\u0446\u0438\u043a\u043b\u0430-\u0432-\u0432\u0438\u043d\u0447\u0438\u043a\u043e\u0438\u0441\u0435\/","og_locale":"ru_RU","og_type":"article","og_title":"ATV VINTSIN\u00d6\u00d6R - Mazam O\u00dc - tootmine ja m\u00fc\u00fck","og_description":"ATV vintsin\u00f6\u00f6r - tugevam kui terastross. Halli v\u00e4rvi. Konks \u00fchte otsa pleisitud. Kohe valmis kasutamiseks.","og_url":"https:\/\/www.mazam.eu\/ru\/produkty\/\u0432\u043d\u0435\u0434\u043e\u0440\u043e\u0436\u043d\u044b\u0435-\u0430\u043a\u0441\u0435\u0441\u0441\u0443\u0430\u0440\u044b\/\u043b\u0435\u0431\u0435\u0434\u043a\u0430-\u0434\u043b\u044f-\u043a\u0432\u0430\u0434\u0440\u043e\u0446\u0438\u043a\u043b\u0430-\u0432-\u0432\u0438\u043d\u0447\u0438\u043a\u043e\u0438\u0441\u0435\/","og_site_name":"Mazam O&Uuml; | T&otilde;ste- ja koormakinnitusvahendite tootmine ja m&uuml;&uuml;k (2014 - 2026) - linttropp &bull; koormarihm &bull; ringt&otilde;stev&ouml;&ouml; &bull; terastross &bull; kett-tropp &bull; vints &bull; t&otilde;stemagnet jpm.","article_modified_time":"2020-05-19T07:34:10+00:00","twitter_card":"summary_large_image","schema":{"@context":"https:\/\/schema.org","@graph":[{"@type":"WebPage","@id":"https:\/\/www.mazam.eu\/tooted\/offroadi-tarvikud\/atv-vintsinoor-vintsikois\/","url":"https:\/\/www.mazam.eu\/tooted\/offroadi-tarvikud\/atv-vintsinoor-vintsikois\/","name":"\u041a\u0432\u0430\u0434\u0440\u043e\u0446\u0438\u043a\u043b VINTSIN\u00d6R - Mazam O\u00dc - \u043f\u0440\u043e\u0438\u0437\u0432\u043e\u0434\u0441\u0442\u0432\u043e \u0438 \u043f\u0440\u043e\u0434\u0430\u0436\u0430","isPartOf":{"@id":"https:\/\/www.mazam.eu\/#website"},"datePublished":"2020-05-19T07:33:44+00:00","dateModified":"2020-05-19T07:34:10+00:00","description":"\u0422\u0440\u043e\u0441 \u043b\u0435\u0431\u0435\u0434\u043a\u0438 \u0434\u043b\u044f \u043a\u0432\u0430\u0434\u0440\u043e\u0446\u0438\u043a\u043b\u0430 - \u043f\u0440\u043e\u0447\u043d\u0435\u0435 \u0441\u0442\u0430\u043b\u044c\u043d\u043e\u0433\u043e \u0442\u0440\u043e\u0441\u0430. \u0421\u0435\u0440\u044b\u0439 \u0446\u0432\u0435\u0442. \u041e\u0434\u0438\u043d \u043a\u043e\u043d\u0435\u0446 \u043a\u0440\u044e\u043a\u0430 \u043e\u0442\u0431\u0435\u043b\u0435\u043d. \u0413\u043e\u0442\u043e\u0432 \u043a \u0438\u0441\u043f\u043e\u043b\u044c\u0437\u043e\u0432\u0430\u043d\u0438\u044e.","breadcrumb":{"@id":"https:\/\/www.mazam.eu\/tooted\/offroadi-tarvikud\/atv-vintsinoor-vintsikois\/#breadcrumb"},"inLanguage":"ru-RU","potentialAction":[{"@type":"ReadAction","target":["https:\/\/www.mazam.eu\/tooted\/offroadi-tarvikud\/atv-vintsinoor-vintsikois\/"]}]},{"@type":"BreadcrumbList","@id":"https:\/\/www.mazam.eu\/tooted\/offroadi-tarvikud\/atv-vintsinoor-vintsikois\/#breadcrumb","itemListElement":[{"@type":"ListItem","position":1,"name":"Home","item":"https:\/\/www.mazam.eu\/"},{"@type":"ListItem","position":2,"name":"Tooted","item":"https:\/\/www.mazam.eu\/tooted\/"},{"@type":"ListItem","position":3,"name":"OFFROADI TARVIKUD","item":"https:\/\/www.mazam.eu\/tooted\/offroadi-tarvikud\/"},{"@type":"ListItem","position":4,"name":"ATV vintsin\u00f6\u00f6r"}]},{"@type":"WebSite","@id":"https:\/\/www.mazam.eu\/#website","url":"https:\/\/www.mazam.eu\/","name":"Mazam O\u00dc | \u041f\u0440\u043e\u0438\u0437\u0432\u043e\u0434\u0441\u0442\u0432\u043e \u0438 \u043f\u0440\u043e\u0434\u0430\u0436\u0430 \u043f\u043e\u0434\u044a\u0435\u043c\u043d\u043e-\u0442\u0440\u0430\u043d\u0441\u043f\u043e\u0440\u0442\u043d\u043e\u0433\u043e \u043e\u0431\u043e\u0440\u0443\u0434\u043e\u0432\u0430\u043d\u0438\u044f (2014 - 2026) - \u043b\u0438\u043d\u0442\u0440\u0443\u043f\u0430 - \u0433\u0440\u0443\u0437\u043e\u0432\u043e\u0439 \u0440\u0435\u043c\u0435\u043d\u044c - \u0442\u0430\u043b\u0435\u0432\u044b\u0439 \u0440\u0435\u043c\u0435\u043d\u044c - \u0441\u0442\u0430\u043b\u044c\u043d\u043e\u0439 \u043a\u0430\u043d\u0430\u0442 - \u0446\u0435\u043f\u043d\u043e\u0439 \u0442\u0430\u043b\u0440\u0435\u043f - \u043b\u0435\u0431\u0435\u0434\u043a\u0430 - \u043f\u043e\u0434\u044a\u0435\u043c\u043d\u044b\u0439 \u043c\u0430\u0433\u043d\u0438\u0442 \u0438 \u0442.\u0434.","description":"\u0420\u0435\u0448\u0435\u043d\u0438\u044f \u0434\u043b\u044f \u043f\u043e\u0434\u044a\u0435\u043c\u0430 \u0438 \u043a\u0440\u0435\u043f\u043b\u0435\u043d\u0438\u044f | \u0420\u0435\u0448\u0435\u043d\u0438\u044f \u0434\u043b\u044f \u043f\u043e\u0434\u044a\u0435\u043c\u0430 \u0438 \u043a\u0440\u0435\u043f\u043b\u0435\u043d\u0438\u044f","publisher":{"@id":"https:\/\/www.mazam.eu\/#organization"},"potentialAction":[{"@type":"SearchAction","target":{"@type":"EntryPoint","urlTemplate":"https:\/\/www.mazam.eu\/?s={search_term_string}"},"query-input":{"@type":"PropertyValueSpecification","valueRequired":true,"valueName":"search_term_string"}}],"inLanguage":"ru-RU"},{"@type":"Organization","@id":"https:\/\/www.mazam.eu\/#organization","name":"Mazam O\u00dc","url":"https:\/\/www.mazam.eu\/","logo":{"@type":"ImageObject","inLanguage":"ru-RU","@id":"https:\/\/www.mazam.eu\/#\/schema\/logo\/image\/","url":"https:\/\/www.mazam.eu\/wp-content\/uploads\/2015\/10\/mazam-logo-linttropp-koormarihm-t\u00f5stev\u00f6\u00f6.png","contentUrl":"https:\/\/www.mazam.eu\/wp-content\/uploads\/2015\/10\/mazam-logo-linttropp-koormarihm-t\u00f5stev\u00f6\u00f6.png","width":190,"height":70,"caption":"Mazam O\u00dc"},"image":{"@id":"https:\/\/www.mazam.eu\/#\/schema\/logo\/image\/"}}]}},"_links":{"self":[{"href":"https:\/\/www.mazam.eu\/ru\/wp-json\/wp\/v2\/pages\/5368","targetHints":{"allow":["GET"]}}],"collection":[{"href":"https:\/\/www.mazam.eu\/ru\/wp-json\/wp\/v2\/pages"}],"about":[{"href":"https:\/\/www.mazam.eu\/ru\/wp-json\/wp\/v2\/types\/page"}],"author":[{"embeddable":true,"href":"https:\/\/www.mazam.eu\/ru\/wp-json\/wp\/v2\/users\/1"}],"replies":[{"embeddable":true,"href":"https:\/\/www.mazam.eu\/ru\/wp-json\/wp\/v2\/comments?post=5368"}],"version-history":[{"count":2,"href":"https:\/\/www.mazam.eu\/ru\/wp-json\/wp\/v2\/pages\/5368\/revisions"}],"predecessor-version":[{"id":5371,"href":"https:\/\/www.mazam.eu\/ru\/wp-json\/wp\/v2\/pages\/5368\/revisions\/5371"}],"up":[{"embeddable":true,"href":"https:\/\/www.mazam.eu\/ru\/wp-json\/wp\/v2\/pages\/747"}],"wp:attachment":[{"href":"https:\/\/www.mazam.eu\/ru\/wp-json\/wp\/v2\/media?parent=5368"}],"curies":[{"name":"wp","href":"https:\/\/api.w.org\/{rel}","templated":true}]}}