{"id":5614,"date":"2020-08-13T07:22:57","date_gmt":"2020-08-13T07:22:57","guid":{"rendered":"https:\/\/www.mazam.eu\/?page_id=5614"},"modified":"2022-07-04T07:23:49","modified_gmt":"2022-07-04T07:23:49","slug":"%d1%80%d0%b5%d0%bc%d0%bd%d0%b8-%d0%b1%d0%b5%d0%b7%d0%be%d0%bf%d0%b0%d1%81%d0%bd%d0%be%d1%81%d1%82%d0%b8-%d0%b4%d0%bb%d1%8f-%d1%80%d0%b5%d0%b1%d0%b5%d0%bd%d0%ba%d0%b0","status":"publish","type":"page","link":"https:\/\/www.mazam.eu\/ru\/tooted\/trosslaskumise-rada-koduaia-seikluspark-trosstee-ahvirada\/turvatraksid-lapsele\/","title":{"rendered":"\u0411\u0435\u0437\u043e\u043f\u0430\u0441\u043d\u044b\u0435 \u0431\u0440\u0435\u043a\u0435\u0442\u044b \u0434\u043b\u044f \u0440\u0435\u0431\u0435\u043d\u043a\u0430"},"content":{"rendered":"<div class='epvc-post-count'><span class='epvc-eye'><\/span>  <span class=\"epvc-count\"> 2&nbsp;468<\/span><span class='epvc-label'> \u043f\u0440\u043e\u0441\u043c\u043e\u0442\u0440<\/span><\/div><p><strong>\u041d\u0430\u0436\u043c\u0438\u0442\u0435 \u043d\u0430 \u0438\u0437\u043e\u0431\u0440\u0430\u0436\u0435\u043d\u0438\u0435, \u0447\u0442\u043e\u0431\u044b \u0443\u0432\u0438\u0434\u0435\u0442\u044c \u0442\u043e\u0432\u0430\u0440 \u0432 \u0443\u0432\u0435\u043b\u0438\u0447\u0435\u043d\u043d\u043e\u043c \u0440\u0430\u0437\u043c\u0435\u0440\u0435.<\/strong><\/p>\n<figure id=\"attachment_7263\" aria-describedby=\"caption-attachment-7263\" style=\"width: 200px\" class=\"wp-caption alignnone\"><a href=\"https:\/\/www.mazam.eu\/wp-content\/uploads\/2022\/06\/turvatraksid-lapsele-suur.jpg\" target=\"_blank\" rel=\"noopener\"><img loading=\"lazy\" decoding=\"async\" class=\"wp-image-7263 size-full\" src=\"https:\/\/www.mazam.eu\/wp-content\/uploads\/2022\/06\/turvatraksid-lapsele-avatar.jpg\" alt=\"\u0440\u0435\u043c\u043d\u0438 \u0431\u0435\u0437\u043e\u043f\u0430\u0441\u043d\u043e\u0441\u0442\u0438 \u0434\u043b\u044f \u0440\u0435\u0431\u0435\u043d\u043a\u0430\" width=\"200\" height=\"150\" data-id=\"5616\" \/><\/a><figcaption id=\"caption-attachment-7263\" class=\"wp-caption-text\">\u0440\u0435\u043c\u043d\u0438 \u0431\u0435\u0437\u043e\u043f\u0430\u0441\u043d\u043e\u0441\u0442\u0438 \u0434\u043b\u044f \u0440\u0435\u0431\u0435\u043d\u043a\u0430<\/figcaption><\/figure>\n<p>\u0422\u043e\u0447\u043a\u0430 \u043f\u043e\u0434\u043a\u043b\u044e\u0447\u0435\u043d\u0438\u044f: \u0441\u043f\u0435\u0440\u0435\u0434\u0438 \u0438 \u0441\u0437\u0430\u0434\u0438<br \/>\n\u0420\u0430\u0437\u043c\u0435\u0440: \u043e\u043a\u043e\u043b\u043e 130 \u0441\u043c<br \/>\n\u0413\u0440\u0443\u0437\u043e\u043f\u043e\u0434\u044a\u0435\u043c\u043d\u043e\u0441\u0442\u044c: \u0434\u043e 40 \u043a\u0433<\/p>","protected":false},"excerpt":{"rendered":"<p>2&nbsp;468 vaatamistVajuta pildile, et toodet suuremalt n\u00e4ha.. \u00dchenduspunkt: ees ja taga Suurus: pikkusele u. 130cm Kandev\u00f5ime: kuni 40kg<\/p>","protected":false},"author":1,"featured_media":0,"parent":3940,"menu_order":0,"comment_status":"closed","ping_status":"closed","template":"","meta":{"_uf_show_specific_survey":0,"_uf_disable_surveys":false,"iawp_total_views":96,"footnotes":""},"class_list":["post-5614","page","type-page","status-publish","hentry"],"yoast_head":"<!-- This site is optimized with the Yoast SEO plugin v27.4 - https:\/\/yoast.com\/product\/yoast-seo-wordpress\/ -->\n<title>TURVATRAKSID LAPSELE - Mazam O\u00dc - tootmine ja m\u00fc\u00fck<\/title>\n<meta name=\"description\" content=\"Turvatraksid lapsele\" \/>\n<meta name=\"robots\" content=\"index, follow, max-snippet:-1, max-image-preview:large, max-video-preview:-1\" \/>\n<link rel=\"canonical\" href=\"https:\/\/www.mazam.eu\/ru\/produkty\/\u0432\u0435\u0440\u0435\u0432\u043e\u0447\u043d\u0430\u044f-\u043b\u044b\u0436\u043d\u0430\u044f-\u0442\u0440\u0430\u0441\u0441\u0430-\u043f\u0430\u0440\u043a-\u043f\u0440\u0438\u043a\u043b\u044e\/\u0440\u0435\u043c\u043d\u0438-\u0431\u0435\u0437\u043e\u043f\u0430\u0441\u043d\u043e\u0441\u0442\u0438-\u0434\u043b\u044f-\u0440\u0435\u0431\u0435\u043d\u043a\u0430\/\" \/>\n<meta property=\"og:locale\" content=\"ru_RU\" \/>\n<meta property=\"og:type\" content=\"article\" \/>\n<meta property=\"og:title\" content=\"TURVATRAKSID LAPSELE - Mazam O\u00dc - tootmine ja m\u00fc\u00fck\" \/>\n<meta property=\"og:description\" content=\"Turvatraksid lapsele\" \/>\n<meta property=\"og:url\" content=\"https:\/\/www.mazam.eu\/ru\/produkty\/\u0432\u0435\u0440\u0435\u0432\u043e\u0447\u043d\u0430\u044f-\u043b\u044b\u0436\u043d\u0430\u044f-\u0442\u0440\u0430\u0441\u0441\u0430-\u043f\u0430\u0440\u043a-\u043f\u0440\u0438\u043a\u043b\u044e\/\u0440\u0435\u043c\u043d\u0438-\u0431\u0435\u0437\u043e\u043f\u0430\u0441\u043d\u043e\u0441\u0442\u0438-\u0434\u043b\u044f-\u0440\u0435\u0431\u0435\u043d\u043a\u0430\/\" \/>\n<meta property=\"og:site_name\" content=\"Mazam O&Uuml; | T&otilde;ste- ja koormakinnitusvahendite tootmine ja m&uuml;&uuml;k (2014 - 2026) - linttropp &bull; koormarihm &bull; ringt&otilde;stev&ouml;&ouml; &bull; terastross &bull; kett-tropp &bull; vints &bull; t&otilde;stemagnet jpm.\" \/>\n<meta property=\"article:modified_time\" content=\"2022-07-04T07:23:49+00:00\" \/>\n<meta property=\"og:image\" content=\"https:\/\/www.mazam.eu\/wp-content\/uploads\/2022\/06\/turvatraksid-lapsele-avatar.jpg\" \/>\n<meta name=\"twitter:card\" content=\"summary_large_image\" \/>\n<meta name=\"twitter:label1\" content=\"\u041f\u0440\u0438\u043c\u0435\u0440\u043d\u043e\u0435 \u0432\u0440\u0435\u043c\u044f \u0434\u043b\u044f \u0447\u0442\u0435\u043d\u0438\u044f\" \/>\n\t<meta name=\"twitter:data1\" content=\"1 \u043c\u0438\u043d\u0443\u0442\u0430\" \/>\n<script type=\"application\/ld+json\" class=\"yoast-schema-graph\">{\"@context\":\"https:\\\/\\\/schema.org\",\"@graph\":[{\"@type\":\"WebPage\",\"@id\":\"https:\\\/\\\/www.mazam.eu\\\/tooted\\\/trosslaskumise-rada-koduaia-seikluspark-trosstee-ahvirada\\\/turvatraksid-lapsele\\\/\",\"url\":\"https:\\\/\\\/www.mazam.eu\\\/tooted\\\/trosslaskumise-rada-koduaia-seikluspark-trosstee-ahvirada\\\/turvatraksid-lapsele\\\/\",\"name\":\"TURVATRAKSID LAPSELE - Mazam O\u00dc - tootmine ja m\u00fc\u00fck\",\"isPartOf\":{\"@id\":\"https:\\\/\\\/www.mazam.eu\\\/#website\"},\"primaryImageOfPage\":{\"@id\":\"https:\\\/\\\/www.mazam.eu\\\/tooted\\\/trosslaskumise-rada-koduaia-seikluspark-trosstee-ahvirada\\\/turvatraksid-lapsele\\\/#primaryimage\"},\"image\":{\"@id\":\"https:\\\/\\\/www.mazam.eu\\\/tooted\\\/trosslaskumise-rada-koduaia-seikluspark-trosstee-ahvirada\\\/turvatraksid-lapsele\\\/#primaryimage\"},\"thumbnailUrl\":\"https:\\\/\\\/www.mazam.eu\\\/wp-content\\\/uploads\\\/2022\\\/06\\\/turvatraksid-lapsele-avatar.jpg\",\"datePublished\":\"2020-08-13T07:22:57+00:00\",\"dateModified\":\"2022-07-04T07:23:49+00:00\",\"description\":\"Turvatraksid lapsele\",\"breadcrumb\":{\"@id\":\"https:\\\/\\\/www.mazam.eu\\\/tooted\\\/trosslaskumise-rada-koduaia-seikluspark-trosstee-ahvirada\\\/turvatraksid-lapsele\\\/#breadcrumb\"},\"inLanguage\":\"ru-RU\",\"potentialAction\":[{\"@type\":\"ReadAction\",\"target\":[\"https:\\\/\\\/www.mazam.eu\\\/tooted\\\/trosslaskumise-rada-koduaia-seikluspark-trosstee-ahvirada\\\/turvatraksid-lapsele\\\/\"]}]},{\"@type\":\"ImageObject\",\"inLanguage\":\"ru-RU\",\"@id\":\"https:\\\/\\\/www.mazam.eu\\\/tooted\\\/trosslaskumise-rada-koduaia-seikluspark-trosstee-ahvirada\\\/turvatraksid-lapsele\\\/#primaryimage\",\"url\":\"https:\\\/\\\/www.mazam.eu\\\/wp-content\\\/uploads\\\/2022\\\/06\\\/turvatraksid-lapsele-avatar.jpg\",\"contentUrl\":\"https:\\\/\\\/www.mazam.eu\\\/wp-content\\\/uploads\\\/2022\\\/06\\\/turvatraksid-lapsele-avatar.jpg\"},{\"@type\":\"BreadcrumbList\",\"@id\":\"https:\\\/\\\/www.mazam.eu\\\/tooted\\\/trosslaskumise-rada-koduaia-seikluspark-trosstee-ahvirada\\\/turvatraksid-lapsele\\\/#breadcrumb\",\"itemListElement\":[{\"@type\":\"ListItem\",\"position\":1,\"name\":\"Home\",\"item\":\"https:\\\/\\\/www.mazam.eu\\\/\"},{\"@type\":\"ListItem\",\"position\":2,\"name\":\"Tooted\",\"item\":\"https:\\\/\\\/www.mazam.eu\\\/tooted\\\/\"},{\"@type\":\"ListItem\",\"position\":3,\"name\":\"TROSSLASKUMISE RADA | Koduaia seikluspark\",\"item\":\"https:\\\/\\\/www.mazam.eu\\\/tooted\\\/trosslaskumise-rada-koduaia-seikluspark-trosstee-ahvirada\\\/\"},{\"@type\":\"ListItem\",\"position\":4,\"name\":\"Turvatraksid lapsele\"}]},{\"@type\":\"WebSite\",\"@id\":\"https:\\\/\\\/www.mazam.eu\\\/#website\",\"url\":\"https:\\\/\\\/www.mazam.eu\\\/\",\"name\":\"Mazam O&Uuml; | T&otilde;ste- ja koormakinnitusvahendite tootmine ja m&uuml;&uuml;k (2014 - 2026) - linttropp &bull; koormarihm &bull; ringt&otilde;stev&ouml;&ouml; &bull; terastross &bull; kett-tropp &bull; vints &bull; t&otilde;stemagnet jpm.\",\"description\":\"T&otilde;ste- ja kinnituslahendused | Lifting- and lashing solutions\",\"publisher\":{\"@id\":\"https:\\\/\\\/www.mazam.eu\\\/#organization\"},\"potentialAction\":[{\"@type\":\"SearchAction\",\"target\":{\"@type\":\"EntryPoint\",\"urlTemplate\":\"https:\\\/\\\/www.mazam.eu\\\/?s={search_term_string}\"},\"query-input\":{\"@type\":\"PropertyValueSpecification\",\"valueRequired\":true,\"valueName\":\"search_term_string\"}}],\"inLanguage\":\"ru-RU\"},{\"@type\":\"Organization\",\"@id\":\"https:\\\/\\\/www.mazam.eu\\\/#organization\",\"name\":\"Mazam O\u00dc\",\"url\":\"https:\\\/\\\/www.mazam.eu\\\/\",\"logo\":{\"@type\":\"ImageObject\",\"inLanguage\":\"ru-RU\",\"@id\":\"https:\\\/\\\/www.mazam.eu\\\/#\\\/schema\\\/logo\\\/image\\\/\",\"url\":\"https:\\\/\\\/www.mazam.eu\\\/wp-content\\\/uploads\\\/2015\\\/10\\\/mazam-logo-linttropp-koormarihm-t\u00f5stev\u00f6\u00f6.png\",\"contentUrl\":\"https:\\\/\\\/www.mazam.eu\\\/wp-content\\\/uploads\\\/2015\\\/10\\\/mazam-logo-linttropp-koormarihm-t\u00f5stev\u00f6\u00f6.png\",\"width\":190,\"height\":70,\"caption\":\"Mazam O\u00dc\"},\"image\":{\"@id\":\"https:\\\/\\\/www.mazam.eu\\\/#\\\/schema\\\/logo\\\/image\\\/\"}}]}<\/script>\n<!-- \/ Yoast SEO plugin. -->","yoast_head_json":{"title":"\u0414\u0435\u0442\u0441\u043a\u0438\u0435 \u0431\u0435\u0437\u043e\u043f\u0430\u0441\u043d\u044b\u0435 \u0448\u0438\u043d\u044b - Mazam O\u00dc - \u043f\u0440\u043e\u0438\u0437\u0432\u043e\u0434\u0441\u0442\u0432\u043e \u0438 \u043f\u0440\u043e\u0434\u0430\u0436\u0430","description":"\u0411\u0435\u0437\u043e\u043f\u0430\u0441\u043d\u044b\u0435 \u0431\u0440\u0435\u043a\u0435\u0442\u044b \u0434\u043b\u044f \u0440\u0435\u0431\u0435\u043d\u043a\u0430","robots":{"index":"index","follow":"follow","max-snippet":"max-snippet:-1","max-image-preview":"max-image-preview:large","max-video-preview":"max-video-preview:-1"},"canonical":"https:\/\/www.mazam.eu\/ru\/produkty\/\u0432\u0435\u0440\u0435\u0432\u043e\u0447\u043d\u0430\u044f-\u043b\u044b\u0436\u043d\u0430\u044f-\u0442\u0440\u0430\u0441\u0441\u0430-\u043f\u0430\u0440\u043a-\u043f\u0440\u0438\u043a\u043b\u044e\/\u0440\u0435\u043c\u043d\u0438-\u0431\u0435\u0437\u043e\u043f\u0430\u0441\u043d\u043e\u0441\u0442\u0438-\u0434\u043b\u044f-\u0440\u0435\u0431\u0435\u043d\u043a\u0430\/","og_locale":"ru_RU","og_type":"article","og_title":"TURVATRAKSID LAPSELE - Mazam O\u00dc - tootmine ja m\u00fc\u00fck","og_description":"Turvatraksid lapsele","og_url":"https:\/\/www.mazam.eu\/ru\/produkty\/\u0432\u0435\u0440\u0435\u0432\u043e\u0447\u043d\u0430\u044f-\u043b\u044b\u0436\u043d\u0430\u044f-\u0442\u0440\u0430\u0441\u0441\u0430-\u043f\u0430\u0440\u043a-\u043f\u0440\u0438\u043a\u043b\u044e\/\u0440\u0435\u043c\u043d\u0438-\u0431\u0435\u0437\u043e\u043f\u0430\u0441\u043d\u043e\u0441\u0442\u0438-\u0434\u043b\u044f-\u0440\u0435\u0431\u0435\u043d\u043a\u0430\/","og_site_name":"Mazam O&Uuml; | T&otilde;ste- ja koormakinnitusvahendite tootmine ja m&uuml;&uuml;k (2014 - 2026) - linttropp &bull; koormarihm &bull; ringt&otilde;stev&ouml;&ouml; &bull; terastross &bull; kett-tropp &bull; vints &bull; t&otilde;stemagnet jpm.","article_modified_time":"2022-07-04T07:23:49+00:00","og_image":[{"url":"https:\/\/www.mazam.eu\/wp-content\/uploads\/2022\/06\/turvatraksid-lapsele-avatar.jpg","type":"","width":"","height":""}],"twitter_card":"summary_large_image","twitter_misc":{"\u041f\u0440\u0438\u043c\u0435\u0440\u043d\u043e\u0435 \u0432\u0440\u0435\u043c\u044f \u0434\u043b\u044f \u0447\u0442\u0435\u043d\u0438\u044f":"1 \u043c\u0438\u043d\u0443\u0442\u0430"},"schema":{"@context":"https:\/\/schema.org","@graph":[{"@type":"WebPage","@id":"https:\/\/www.mazam.eu\/tooted\/trosslaskumise-rada-koduaia-seikluspark-trosstee-ahvirada\/turvatraksid-lapsele\/","url":"https:\/\/www.mazam.eu\/tooted\/trosslaskumise-rada-koduaia-seikluspark-trosstee-ahvirada\/turvatraksid-lapsele\/","name":"\u0414\u0435\u0442\u0441\u043a\u0438\u0435 \u0431\u0435\u0437\u043e\u043f\u0430\u0441\u043d\u044b\u0435 \u0448\u0438\u043d\u044b - Mazam O\u00dc - \u043f\u0440\u043e\u0438\u0437\u0432\u043e\u0434\u0441\u0442\u0432\u043e \u0438 \u043f\u0440\u043e\u0434\u0430\u0436\u0430","isPartOf":{"@id":"https:\/\/www.mazam.eu\/#website"},"primaryImageOfPage":{"@id":"https:\/\/www.mazam.eu\/tooted\/trosslaskumise-rada-koduaia-seikluspark-trosstee-ahvirada\/turvatraksid-lapsele\/#primaryimage"},"image":{"@id":"https:\/\/www.mazam.eu\/tooted\/trosslaskumise-rada-koduaia-seikluspark-trosstee-ahvirada\/turvatraksid-lapsele\/#primaryimage"},"thumbnailUrl":"https:\/\/www.mazam.eu\/wp-content\/uploads\/2022\/06\/turvatraksid-lapsele-avatar.jpg","datePublished":"2020-08-13T07:22:57+00:00","dateModified":"2022-07-04T07:23:49+00:00","description":"\u0411\u0435\u0437\u043e\u043f\u0430\u0441\u043d\u044b\u0435 \u0431\u0440\u0435\u043a\u0435\u0442\u044b \u0434\u043b\u044f \u0440\u0435\u0431\u0435\u043d\u043a\u0430","breadcrumb":{"@id":"https:\/\/www.mazam.eu\/tooted\/trosslaskumise-rada-koduaia-seikluspark-trosstee-ahvirada\/turvatraksid-lapsele\/#breadcrumb"},"inLanguage":"ru-RU","potentialAction":[{"@type":"ReadAction","target":["https:\/\/www.mazam.eu\/tooted\/trosslaskumise-rada-koduaia-seikluspark-trosstee-ahvirada\/turvatraksid-lapsele\/"]}]},{"@type":"ImageObject","inLanguage":"ru-RU","@id":"https:\/\/www.mazam.eu\/tooted\/trosslaskumise-rada-koduaia-seikluspark-trosstee-ahvirada\/turvatraksid-lapsele\/#primaryimage","url":"https:\/\/www.mazam.eu\/wp-content\/uploads\/2022\/06\/turvatraksid-lapsele-avatar.jpg","contentUrl":"https:\/\/www.mazam.eu\/wp-content\/uploads\/2022\/06\/turvatraksid-lapsele-avatar.jpg"},{"@type":"BreadcrumbList","@id":"https:\/\/www.mazam.eu\/tooted\/trosslaskumise-rada-koduaia-seikluspark-trosstee-ahvirada\/turvatraksid-lapsele\/#breadcrumb","itemListElement":[{"@type":"ListItem","position":1,"name":"Home","item":"https:\/\/www.mazam.eu\/"},{"@type":"ListItem","position":2,"name":"Tooted","item":"https:\/\/www.mazam.eu\/tooted\/"},{"@type":"ListItem","position":3,"name":"TROSSLASKUMISE RADA | Koduaia seikluspark","item":"https:\/\/www.mazam.eu\/tooted\/trosslaskumise-rada-koduaia-seikluspark-trosstee-ahvirada\/"},{"@type":"ListItem","position":4,"name":"Turvatraksid lapsele"}]},{"@type":"WebSite","@id":"https:\/\/www.mazam.eu\/#website","url":"https:\/\/www.mazam.eu\/","name":"Mazam O\u00dc | \u041f\u0440\u043e\u0438\u0437\u0432\u043e\u0434\u0441\u0442\u0432\u043e \u0438 \u043f\u0440\u043e\u0434\u0430\u0436\u0430 \u043f\u043e\u0434\u044a\u0435\u043c\u043d\u043e-\u0442\u0440\u0430\u043d\u0441\u043f\u043e\u0440\u0442\u043d\u043e\u0433\u043e \u043e\u0431\u043e\u0440\u0443\u0434\u043e\u0432\u0430\u043d\u0438\u044f (2014 - 2026) - \u043b\u0438\u043d\u0442\u0440\u0443\u043f\u0430 - \u0433\u0440\u0443\u0437\u043e\u0432\u043e\u0439 \u0440\u0435\u043c\u0435\u043d\u044c - \u0442\u0430\u043b\u0435\u0432\u044b\u0439 \u0440\u0435\u043c\u0435\u043d\u044c - \u0441\u0442\u0430\u043b\u044c\u043d\u043e\u0439 \u043a\u0430\u043d\u0430\u0442 - \u0446\u0435\u043f\u043d\u043e\u0439 \u0442\u0430\u043b\u0440\u0435\u043f - \u043b\u0435\u0431\u0435\u0434\u043a\u0430 - \u043f\u043e\u0434\u044a\u0435\u043c\u043d\u044b\u0439 \u043c\u0430\u0433\u043d\u0438\u0442 \u0438 \u0442.\u0434.","description":"\u0420\u0435\u0448\u0435\u043d\u0438\u044f \u0434\u043b\u044f \u043f\u043e\u0434\u044a\u0435\u043c\u0430 \u0438 \u043a\u0440\u0435\u043f\u043b\u0435\u043d\u0438\u044f | \u0420\u0435\u0448\u0435\u043d\u0438\u044f \u0434\u043b\u044f \u043f\u043e\u0434\u044a\u0435\u043c\u0430 \u0438 \u043a\u0440\u0435\u043f\u043b\u0435\u043d\u0438\u044f","publisher":{"@id":"https:\/\/www.mazam.eu\/#organization"},"potentialAction":[{"@type":"SearchAction","target":{"@type":"EntryPoint","urlTemplate":"https:\/\/www.mazam.eu\/?s={search_term_string}"},"query-input":{"@type":"PropertyValueSpecification","valueRequired":true,"valueName":"search_term_string"}}],"inLanguage":"ru-RU"},{"@type":"Organization","@id":"https:\/\/www.mazam.eu\/#organization","name":"Mazam O\u00dc","url":"https:\/\/www.mazam.eu\/","logo":{"@type":"ImageObject","inLanguage":"ru-RU","@id":"https:\/\/www.mazam.eu\/#\/schema\/logo\/image\/","url":"https:\/\/www.mazam.eu\/wp-content\/uploads\/2015\/10\/mazam-logo-linttropp-koormarihm-t\u00f5stev\u00f6\u00f6.png","contentUrl":"https:\/\/www.mazam.eu\/wp-content\/uploads\/2015\/10\/mazam-logo-linttropp-koormarihm-t\u00f5stev\u00f6\u00f6.png","width":190,"height":70,"caption":"Mazam O\u00dc"},"image":{"@id":"https:\/\/www.mazam.eu\/#\/schema\/logo\/image\/"}}]}},"_links":{"self":[{"href":"https:\/\/www.mazam.eu\/ru\/wp-json\/wp\/v2\/pages\/5614","targetHints":{"allow":["GET"]}}],"collection":[{"href":"https:\/\/www.mazam.eu\/ru\/wp-json\/wp\/v2\/pages"}],"about":[{"href":"https:\/\/www.mazam.eu\/ru\/wp-json\/wp\/v2\/types\/page"}],"author":[{"embeddable":true,"href":"https:\/\/www.mazam.eu\/ru\/wp-json\/wp\/v2\/users\/1"}],"replies":[{"embeddable":true,"href":"https:\/\/www.mazam.eu\/ru\/wp-json\/wp\/v2\/comments?post=5614"}],"version-history":[{"count":6,"href":"https:\/\/www.mazam.eu\/ru\/wp-json\/wp\/v2\/pages\/5614\/revisions"}],"predecessor-version":[{"id":7281,"href":"https:\/\/www.mazam.eu\/ru\/wp-json\/wp\/v2\/pages\/5614\/revisions\/7281"}],"up":[{"embeddable":true,"href":"https:\/\/www.mazam.eu\/ru\/wp-json\/wp\/v2\/pages\/3940"}],"wp:attachment":[{"href":"https:\/\/www.mazam.eu\/ru\/wp-json\/wp\/v2\/media?parent=5614"}],"curies":[{"name":"wp","href":"https:\/\/api.w.org\/{rel}","templated":true}]}}