{"id":6283,"date":"2021-05-19T06:00:43","date_gmt":"2021-05-19T06:00:43","guid":{"rendered":"https:\/\/www.mazam.eu\/?page_id=6283"},"modified":"2025-05-24T20:01:48","modified_gmt":"2025-05-24T20:01:48","slug":"zakhvat-vertikalnaya-universalnaya-eseu-a","status":"publish","type":"page","link":"https:\/\/www.mazam.eu\/ru\/tooted\/tostehaarats-vertikaalne-universaalne-eseu-a-reguleeritav\/","title":{"rendered":"\u0417\u0430\u0445\u0432\u0430\u0442 \u0432\u0435\u0440\u0442\u0438\u043a\u0430\u043b\u044c\u043d\u0430\u044f\/\u0443\u043d\u0438\u0432\u0435\u0440\u0441\u0430\u043b\u044c\u043d\u0430\u044f ESEU-A (\u0440\u0435\u0433\u0443\u043b\u0438\u0440\u0443\u0435\u043c\u044b\u0439)"},"content":{"rendered":"<div class='epvc-post-count'><span class='epvc-eye'><\/span>  <span class=\"epvc-count\"> 1 211<\/span><span class='epvc-label'> \u043f\u0440\u043e\u0441\u043c\u043e\u0442\u0440<\/span><\/div><p><span style=\"color: #ffffff;\">\u0417\u0430\u0445\u0432\u0430\u0442 \u0432\u0435\u0440\u0442\u0438\u043a\u0430\u043b\u044c\u043d\u0430\u044f\/\u0443\u043d\u0438\u0432\u0435\u0440\u0441\u0430\u043b\u044c\u043d\u0430\u044f ESEU-A (\u0440\u0435\u0433\u0443\u043b\u0438\u0440\u0443\u0435\u043c\u044b\u0439)<\/span><br \/>\n<strong>\u041f\u0440\u0438\u043c\u0435\u043d\u0435\u043d\u0438\u0435 - \u0414\u043b\u044f \u0432\u0435\u0440\u0442\u0438\u043a\u0430\u043b\u044c\u043d\u043e\u0433\u043e \u043f\u043e\u0434\u044a\u0435\u043c\u0430, \u0442\u0440\u0430\u043d\u0441\u043f\u043e\u0440\u0442\u0438\u0440\u043e\u0432\u043a\u0438 \u0438 \u043f\u043e\u0432\u043e\u0440\u043e\u0442\u0430 \u043b\u0438\u0441\u0442\u043e\u0432\u043e\u0433\u043e \u043c\u0435\u0442\u0430\u043b\u043b\u0430 \u0438 \u043a\u043e\u043d\u0441\u0442\u0440\u0443\u043a\u0446\u0438\u0439 \u0432\u043e \u0432\u0441\u0435\u0445 \u043f\u043e\u043b\u043e\u0436\u0435\u043d\u0438\u044f\u0445.<\/strong><br \/>\n<strong>\u0414\u043b\u044f \u044d\u0442\u0438\u0445 \u043f\u043e\u0434\u044a\u0435\u043c\u043d\u044b\u0445 \u0432\u0438\u043b \u0442\u0430\u043a\u0436\u0435 \u0434\u043e\u0441\u0442\u0443\u043f\u043d\u044b \u0437\u0430\u043f\u0430\u0441\u043d\u044b\u0435 \u0447\u0430\u0441\u0442\u0438. \u0411\u0435\u0437\u043e\u043f\u0430\u0441\u043d\u044b\u0435 \u0443\u0433\u043b\u044b \u043f\u043e\u0434\u044a\u0435\u043c\u0430, \u043f\u043e\u043b\u043e\u0436\u0435\u043d\u0438\u044f \u0438 \u043d\u043e\u043c\u0435\u0440\u0430 \u0434\u0435\u0442\u0430\u043b\u0435\u0439 \u043f\u0440\u0438\u0432\u0435\u0434\u0435\u043d\u044b \u0432 \u043a\u043e\u043d\u0446\u0435 \u0442\u0430\u0431\u043b\u0438\u0446\u044b.<br \/>\n\u0417\u0430\u0437\u043e\u0440 \u043c\u0435\u0436\u0434\u0443 \u0433\u0443\u0431\u043a\u0430\u043c\u0438 \u0432\u0430\u0440\u044c\u0438\u0440\u0443\u0435\u0442\u0441\u044f \u043e\u0442 0 \u0434\u043e 95 \u043c\u043c (\u0448\u0430\u0433 \u0440\u0435\u0433\u0443\u043b\u0438\u0440\u043e\u0432\u043a\u0438: 30 \u043c\u043c). <\/strong><strong>\u0414\u0430\u043d\u043d\u044b\u0435 \u043e \u0433\u0440\u0443\u0437\u043e\u043f\u043e\u0434\u044a\u0435\u043c\u043d\u043e\u0441\u0442\u0438 \u0433\u0440\u0435\u0439\u0444\u0435\u0440\u0430 \u0438 \u0440\u0430\u0441\u043a\u0440\u044b\u0442\u0438\u0438 \u0447\u0435\u043b\u044e\u0441\u0442\u0435\u0439<br \/>\n\u0420\u0430\u0437\u043c\u0435\u0440\u044b \u0443\u043a\u0430\u0437\u0430\u043d\u044b \u043d\u0430 \u0438\u0437\u0434\u0435\u043b\u0438\u044f\u0445. <\/strong><strong>\u041c\u0438\u043d\u0438\u043c\u0430\u043b\u044c\u043d\u0430\u044f \u0440\u0430\u0431\u043e\u0447\u0430\u044f \u043d\u0430\u0433\u0440\u0443\u0437\u043a\u0430 \u0441\u043e\u0441\u0442\u0430\u0432\u043b\u044f\u0435\u0442 10% \u043e\u0442 \u043c\u0430\u043a\u0441\u0438\u043c\u0430\u043b\u044c\u043d\u043e \u0434\u043e\u043f\u0443\u0441\u0442\u0438\u043c\u043e\u0439 \u0440\u0430\u0431\u043e\u0447\u0435\u0439 \u043d\u0430\u0433\u0440\u0443\u0437\u043a\u0438.<br \/>\n(\u041f\u0440\u0438\u043c\u0435\u0440: \u0434\u043b\u044f \u0440\u0430\u0431\u043e\u0447\u0435\u0439 \u043d\u0430\u0433\u0440\u0443\u0437\u043a\u0438 \u0432\u0438\u043b\u043e\u0447\u043d\u043e\u0433\u043e \u043f\u043e\u0433\u0440\u0443\u0437\u0447\u0438\u043a\u0430 2000 \u043a\u0433 \u044d\u0442\u043e 200 \u043a\u0433). \u041c\u044b \u0442\u0430\u043a\u0436\u0435 \u043f\u0440\u0435\u0434\u043b\u0430\u0433\u0430\u0435\u043c \u043f\u043e\u0434\u044a\u0435\u043c\u043d\u044b\u0435 \u0432\u0438\u043b\u044b. <span style=\"text-decoration: underline; color: #0000ff;\"><a style=\"color: #0000ff; text-decoration: underline;\" href=\"https:\/\/www.mazam.eu\/ru\/produkty\/tsepnyye-stropy\/\" target=\"_blank\" rel=\"noopener\">\u0446\u0435\u043f\u043d\u044b\u0435 \u0441\u0442\u0440\u043e\u043f\u044b 8 \u043a\u043b\u0430\u0441\u0441<\/a><\/span>.<br \/>\n<span style=\"color: #ff0000;\"><span style=\"color: #333333;\">\u041f\u0435\u0440\u0435\u0434 \u043f\u043e\u0434\u044a\u0435\u043c\u043e\u043c \u0443\u0434\u0430\u043b\u0438\u0442\u0435 \u0432\u0441\u044e \u0441\u043c\u0430\u0437\u043a\u0443, \u043c\u0430\u0441\u043b\u043e, \u0433\u0440\u044f\u0437\u044c, \u043a\u043e\u0440\u0440\u043e\u0437\u0438\u044e \u0438 \u043e\u043a\u0430\u043b\u0438\u043d\u0443 \u0441 \u043c\u0435\u0442\u0430\u043b\u043b\u0438\u0447\u0435\u0441\u043a\u043e\u0433\u043e \u043b\u0438\u0441\u0442\u0430, \u043d\u0430 \u043a\u043e\u0442\u043e\u0440\u043e\u043c \u0437\u0430\u043a\u0440\u0435\u043f\u043b\u0435\u043d \u0437\u0430\u0436\u0438\u043c.<\/span><\/span><br \/>\n\u0412\u043d\u0438\u043c\u0430\u043d\u0438\u0435! <span style=\"color: #ff0000;\"><em>\u041d\u0435 \u043f\u043e\u0434\u043d\u0438\u043c\u0430\u0439\u0442\u0435 \u0431\u043e\u043b\u0435\u0435 \u043e\u0434\u043d\u043e\u0433\u043e \u043b\u0438\u0441\u0442\u0430 \u043c\u0435\u0442\u0430\u043b\u043b\u0430 \u043e\u0434\u043d\u043e\u0432\u0440\u0435\u043c\u0435\u043d\u043d\u043e!<\/em><\/span><br \/>\n\u0414\u043e\u043f\u0443\u0441\u0442\u0438\u043c\u0430\u044f \u0442\u0435\u043c\u043f\u0435\u0440\u0430\u0442\u0443\u0440\u0430 \u043e\u0442 -40\u00b0C \u0434\u043e +100\u00b0C<br \/>\n\u0421\u0442\u0430\u043d\u0434\u0430\u0440\u0442: NEN 13155<br \/>\n\u041f\u0440\u043e\u0434\u0443\u043a\u0442 \u0438\u043c\u0435\u0435\u0442 \u0441\u0435\u0440\u0442\u0438\u0444\u0438\u043a\u0430\u0442.<br \/>\n\u0417\u0430\u043f\u0430\u0441 \u043f\u0440\u043e\u0447\u043d\u043e\u0441\u0442\u0438 2:1<\/strong><\/p>\n<figure id=\"attachment_11779\" aria-describedby=\"caption-attachment-11779\" style=\"width: 252px\" class=\"wp-caption alignnone\"><img loading=\"lazy\" decoding=\"async\" class=\"wp-image-11779 size-full\" src=\"https:\/\/www.mazam.eu\/wp-content\/uploads\/2025\/04\/tostehaarats-vertikaalne-universaalne-ESEU-A-reguleeritav-\u0417\u0430\u0445\u0432\u0430\u0442-\u0432\u0435\u0440\u0442\u0438\u043a\u0430\u043b\u044c\u043d\u044b\u0439-ESEU-A-\u0440\u0435\u0433\u0443\u043b\u0438\u0440\u0443\u0435\u043c\u044b\u0439-adjustable-vertical-lifting-clamp-ESEU-A.jpg\" alt=\"\u0417\u0430\u0445\u0432\u0430\u0442 \u0432\u0435\u0440\u0442\u0438\u043a\u0430\u043b\u044c\u043d\u0430\u044f\/\u0443\u043d\u0438\u0432\u0435\u0440\u0441\u0430\u043b\u044c\u043d\u0430\u044f ESEU-A (\u0440\u0435\u0433\u0443\u043b\u0438\u0440\u0443\u0435\u043c\u044b\u0439)\" width=\"252\" height=\"275\" data-id=\"11779\" \/><figcaption id=\"caption-attachment-11779\" class=\"wp-caption-text\">\u0417\u0430\u0445\u0432\u0430\u0442 \u0432\u0435\u0440\u0442\u0438\u043a\u0430\u043b\u044c\u043d\u0430\u044f\/\u0443\u043d\u0438\u0432\u0435\u0440\u0441\u0430\u043b\u044c\u043d\u0430\u044f ESEU-A (\u0440\u0435\u0433\u0443\u043b\u0438\u0440\u0443\u0435\u043c\u044b\u0439)<\/figcaption><\/figure>\n<p><span style=\"text-decoration: underline; color: #ff6600;\"><strong>\u0414\u0430\u043d\u043d\u044b\u0435:<br \/>\n<\/strong><\/span><\/p>\n<table width=\"1036\" data-striping=\"1\">\n<tbody>\n<tr>\n<td style=\"text-align: center;\" rowspan=\"2\" width=\"97\"><strong><br \/>\n\u041a\u043e\u0434<\/strong><\/td>\n<td style=\"text-align: center;\" rowspan=\"2\" width=\"156\"><strong><br \/>\n\u0420\u0430\u0431\u043e\u0447\u0430\u044f \u043d\u0430\u0433\u0440\u0443\u0437\u043a\u0430 <\/strong>(\u043a\u0433)<\/td>\n<td style=\"text-align: center;\" rowspan=\"2\" width=\"183\"><strong><br \/>\n\u0417\u0430\u0437\u043e\u0440 \u043c\u0435\u0436\u0434\u0443 \u0447\u0435\u043b\u044e\u0441\u0442\u044f\u043c\u0438 <\/strong>R (\u043c\u043c)<\/td>\n<td style=\"text-align: center;\" colspan=\"7\" width=\"456\"><strong>\u0420\u0430\u0437\u043c\u0435\u0440\u044b <\/strong>(\u043c\u043c)<\/td>\n<td style=\"text-align: center;\" rowspan=\"2\" width=\"144\"><strong><br \/>\n\u0412\u0435\u0441 <\/strong>(\u043a\u0433\/\u0448\u0442.)<\/td>\n<\/tr>\n<tr>\n<td style=\"text-align: center;\" width=\"56\">S<\/td>\n<td style=\"text-align: center;\" width=\"56\">T<\/td>\n<td style=\"text-align: center;\" width=\"56\">U<\/td>\n<td style=\"text-align: center;\" width=\"120\">V<\/td>\n<td style=\"text-align: center;\" width=\"56\">W<\/td>\n<td style=\"text-align: center;\" width=\"56\">X<\/td>\n<td style=\"text-align: center;\" width=\"56\">Y<\/td>\n<\/tr>\n<tr>\n<td style=\"text-align: center;\" width=\"97\">3 ESEU-A<\/td>\n<td style=\"text-align: center;\" width=\"156\">3000<\/td>\n<td style=\"text-align: center;\" width=\"183\">0 - 95 (\u0440\u0435\u0433. \u0448\u0430\u0433: 30)<\/td>\n<td style=\"text-align: center;\" width=\"56\">79<\/td>\n<td style=\"text-align: center;\" width=\"56\">70<\/td>\n<td style=\"text-align: center;\" width=\"56\">373<\/td>\n<td style=\"text-align: center;\" width=\"120\">183-243<\/td>\n<td style=\"text-align: center;\" width=\"56\">51<\/td>\n<td style=\"text-align: center;\" width=\"56\">77<\/td>\n<td style=\"text-align: center;\" width=\"56\">16<\/td>\n<td style=\"text-align: center;\" width=\"144\">10<\/td>\n<\/tr>\n<\/tbody>\n<\/table>\n<p><strong style=\"color: #0000ff;\">\u041f\u0440\u0438 \u043e\u0442\u043f\u0440\u0430\u0432\u043a\u0435 \u0437\u0430\u043f\u0440\u043e\u0441\u0430 \u0443\u043a\u0430\u0436\u0438\u0442\u0435 \u043a\u043e\u0434 \u0438 \u043a\u043e\u043b\u0438\u0447\u0435\u0441\u0442\u0432\u043e \u0436\u0435\u043b\u0430\u0435\u043c\u043e\u0433\u043e \u0437\u0430\u0445\u0432\u0430\u0442\u0430<a style=\"color: #0000ff;\" href=\"https:\/\/terrierclamps.com\/tsu-tseu-stsu-vertical-lifting-clamp\">.<\/a><\/strong><\/p>\n<hr \/>\n<p style=\"text-align: center;\"><span style=\"color: #ffffff;\"><span style=\"color: #333333;\"><strong><em>\u0411\u0435\u0437\u043e\u043f\u0430\u0441\u043d\u044b\u0435 \u0443\u0433\u043b\u044b \u043f\u043e\u0434\u044a\u0435\u043c\u0430, \u043f\u043e\u043b\u043e\u0436\u0435\u043d\u0438\u044f \u0438 \u043d\u043e\u043c\u0435\u0440\u0430 \u0437\u0430\u043f\u0430\u0441\u043d\u044b\u0445 \u0447\u0430\u0441\u0442\u0435\u0439.<br \/>\n<img loading=\"lazy\" decoding=\"async\" class=\"alignnone size-full wp-image-11778\" src=\"https:\/\/www.mazam.eu\/wp-content\/uploads\/2025\/04\/tostehaarats-vertikaalne-universaalne-ESEU-A-reguleeritav-\u0417\u0430\u0445\u0432\u0430\u0442-\u0432\u0435\u0440\u0442\u0438\u043a\u0430\u043b\u044c\u043d\u044b\u0439-ESEU-A-\u0440\u0435\u0433\u0443\u043b\u0438\u0440\u0443\u0435\u043c\u044b\u0439-adjustable-vertical-lifting-clamp-ESEU-A-ohutu-tostmise-nurgad-asendeid-ja-varuosa-numbrid.jpg\" alt=\"\" width=\"677\" height=\"350\" data-id=\"11778\" srcset=\"https:\/\/www.mazam.eu\/wp-content\/uploads\/2025\/04\/tostehaarats-vertikaalne-universaalne-ESEU-A-reguleeritav-\u0417\u0430\u0445\u0432\u0430\u0442-\u0432\u0435\u0440\u0442\u0438\u043a\u0430\u043b\u044c\u043d\u044b\u0439-ESEU-A-\u0440\u0435\u0433\u0443\u043b\u0438\u0440\u0443\u0435\u043c\u044b\u0439-adjustable-vertical-lifting-clamp-ESEU-A-ohutu-tostmise-nurgad-asendeid-ja-varuosa-numbrid.jpg 677w, https:\/\/www.mazam.eu\/wp-content\/uploads\/2025\/04\/tostehaarats-vertikaalne-universaalne-ESEU-A-reguleeritav-\u0417\u0430\u0445\u0432\u0430\u0442-\u0432\u0435\u0440\u0442\u0438\u043a\u0430\u043b\u044c\u043d\u044b\u0439-ESEU-A-\u0440\u0435\u0433\u0443\u043b\u0438\u0440\u0443\u0435\u043c\u044b\u0439-adjustable-vertical-lifting-clamp-ESEU-A-ohutu-tostmise-nurgad-asendeid-ja-varuosa-numbrid-300x155.jpg 300w\" sizes=\"auto, (max-width: 677px) 100vw, 677px\" \/><\/em><\/strong><\/span><\/span><\/p>\n<hr \/>\n<p style=\"text-align: center;\"><span style=\"color: #ffffff;\"><img loading=\"lazy\" decoding=\"async\" class=\"alignnone size-full wp-image-2456\" src=\"https:\/\/www.mazam.eu\/wp-content\/uploads\/2017\/11\/vertikaalsete-haaratsite-\u00f5iged-t\u00f5steviisid.jpg\" alt=\"\" width=\"600\" height=\"920\" data-id=\"2456\" srcset=\"https:\/\/www.mazam.eu\/wp-content\/uploads\/2017\/11\/vertikaalsete-haaratsite-\u00f5iged-t\u00f5steviisid.jpg 600w, https:\/\/www.mazam.eu\/wp-content\/uploads\/2017\/11\/vertikaalsete-haaratsite-\u00f5iged-t\u00f5steviisid-196x300.jpg 196w\" sizes=\"auto, (max-width: 600px) 100vw, 600px\" \/><\/span><\/p>\n<p><span style=\"color: #ffffff;\">\u043f\u043e\u0434\u044a\u0435\u043c\u043d\u044b\u0435 \u0433\u0440\u0435\u0439\u0444\u0435\u0440\u044b \u0432\u0435\u0440\u0442\u0438\u043a\u0430\u043b\u044c\u043d\u044b\u0435 \u043f\u043e\u0434\u044a\u0435\u043c\u043d\u044b\u0435 \u0433\u0440\u0435\u0439\u0444\u0435\u0440\u044b<\/span><\/p>","protected":false},"excerpt":{"rendered":"<p>1&nbsp;211 vaatamistt\u00f5stehaarats vertikaalne universaalne ESEU-A reguleeritav Kasutus &#8211; Lehtmetallide- ja konstruktsioonide vertikaalseks t\u00f5stmiseks, transportimiseks ja p\u00f6\u00f6ramiseks k\u00f5ikides asendites. Neil t\u00f5stehaaratsitel on varuosad ka saadaval. Ohutu t\u00f5stmise nurki, asendeid ja varuosa numbreid n\u00e4eb tabeli l\u00f5pus. L\u00f5ugade vahe on saadaval vahemikus: 0 kuni 95mm (reguleerimise sammuga: 30mm). Andmed haaratsi t\u00f5stekoormuse ja l\u00f5ua ava m\u00f5\u00f5tude kohta on m\u00e4rgitud&#8230;<\/p>","protected":false},"author":1,"featured_media":0,"parent":5,"menu_order":0,"comment_status":"closed","ping_status":"closed","template":"","meta":{"_uf_show_specific_survey":0,"_uf_disable_surveys":false,"iawp_total_views":31,"footnotes":""},"class_list":["post-6283","page","type-page","status-publish","hentry"],"yoast_head":"<!-- This site is optimized with the Yoast SEO plugin v27.5 - https:\/\/yoast.com\/product\/yoast-seo-wordpress\/ -->\n<title>T\u00f5stehaarats vertikaalne universaalne ESEU-A reguleeritav Mazam<\/title>\n<meta name=\"description\" content=\"T\u00f5stehaarats vertikaalne universaalne ESEU-A reguleeritav - Lehtmetallide- ja konstruktsioonide vertikaalseks t\u00f5stmiseks, transportimiseks..\" \/>\n<meta name=\"robots\" content=\"index, follow, max-snippet:-1, max-image-preview:large, max-video-preview:-1\" \/>\n<link rel=\"canonical\" href=\"https:\/\/www.mazam.eu\/ru\/produkty\/zakhvat-vertikalnaya-universalnaya-eseu-a\/\" \/>\n<meta property=\"og:locale\" content=\"ru_RU\" \/>\n<meta property=\"og:type\" content=\"article\" \/>\n<meta property=\"og:title\" content=\"T\u00f5stehaarats vertikaalne universaalne ESEU-A reguleeritav Mazam\" \/>\n<meta property=\"og:description\" content=\"T\u00f5stehaarats vertikaalne universaalne ESEU-A reguleeritav - Lehtmetallide- ja konstruktsioonide vertikaalseks t\u00f5stmiseks, transportimiseks..\" \/>\n<meta property=\"og:url\" content=\"https:\/\/www.mazam.eu\/ru\/produkty\/zakhvat-vertikalnaya-universalnaya-eseu-a\/\" \/>\n<meta property=\"og:site_name\" content=\"Mazam O&Uuml; | T&otilde;ste- ja koormakinnitusvahendite tootmine ja m&uuml;&uuml;k (2014 - 2026) - linttropp &bull; koormarihm &bull; ringt&otilde;stev&ouml;&ouml; &bull; terastross &bull; kett-tropp &bull; vints &bull; t&otilde;stemagnet jpm.\" \/>\n<meta property=\"article:modified_time\" content=\"2025-05-24T20:01:48+00:00\" \/>\n<meta name=\"twitter:card\" content=\"summary_large_image\" \/>\n<meta name=\"twitter:label1\" content=\"\u041f\u0440\u0438\u043c\u0435\u0440\u043d\u043e\u0435 \u0432\u0440\u0435\u043c\u044f \u0434\u043b\u044f \u0447\u0442\u0435\u043d\u0438\u044f\" \/>\n\t<meta name=\"twitter:data1\" content=\"2 \u043c\u0438\u043d\u0443\u0442\u044b\" \/>\n<script type=\"application\/ld+json\" class=\"yoast-schema-graph\">{\"@context\":\"https:\\\/\\\/schema.org\",\"@graph\":[{\"@type\":\"WebPage\",\"@id\":\"https:\\\/\\\/www.mazam.eu\\\/tooted\\\/tostehaarats-vertikaalne-universaalne-eseu-a-reguleeritav\\\/\",\"url\":\"https:\\\/\\\/www.mazam.eu\\\/tooted\\\/tostehaarats-vertikaalne-universaalne-eseu-a-reguleeritav\\\/\",\"name\":\"T\u00f5stehaarats vertikaalne universaalne ESEU-A reguleeritav Mazam\",\"isPartOf\":{\"@id\":\"https:\\\/\\\/www.mazam.eu\\\/#website\"},\"datePublished\":\"2021-05-19T06:00:43+00:00\",\"dateModified\":\"2025-05-24T20:01:48+00:00\",\"description\":\"T\u00f5stehaarats vertikaalne universaalne ESEU-A reguleeritav - Lehtmetallide- ja konstruktsioonide vertikaalseks t\u00f5stmiseks, transportimiseks..\",\"breadcrumb\":{\"@id\":\"https:\\\/\\\/www.mazam.eu\\\/tooted\\\/tostehaarats-vertikaalne-universaalne-eseu-a-reguleeritav\\\/#breadcrumb\"},\"inLanguage\":\"ru-RU\",\"potentialAction\":[{\"@type\":\"ReadAction\",\"target\":[\"https:\\\/\\\/www.mazam.eu\\\/tooted\\\/tostehaarats-vertikaalne-universaalne-eseu-a-reguleeritav\\\/\"]}]},{\"@type\":\"BreadcrumbList\",\"@id\":\"https:\\\/\\\/www.mazam.eu\\\/tooted\\\/tostehaarats-vertikaalne-universaalne-eseu-a-reguleeritav\\\/#breadcrumb\",\"itemListElement\":[{\"@type\":\"ListItem\",\"position\":1,\"name\":\"Home\",\"item\":\"https:\\\/\\\/www.mazam.eu\\\/\"},{\"@type\":\"ListItem\",\"position\":2,\"name\":\"Tooted\",\"item\":\"https:\\\/\\\/www.mazam.eu\\\/tooted\\\/\"},{\"@type\":\"ListItem\",\"position\":3,\"name\":\"t\u00f5stehaarats vertikaalne universaalne ESEU-A reguleeritav\"}]},{\"@type\":\"WebSite\",\"@id\":\"https:\\\/\\\/www.mazam.eu\\\/#website\",\"url\":\"https:\\\/\\\/www.mazam.eu\\\/\",\"name\":\"Mazam O&Uuml; | T&otilde;ste- ja koormakinnitusvahendite tootmine ja m&uuml;&uuml;k (2014 - 2026) - linttropp &bull; koormarihm &bull; ringt&otilde;stev&ouml;&ouml; &bull; terastross &bull; kett-tropp &bull; vints &bull; t&otilde;stemagnet jpm.\",\"description\":\"T&otilde;ste- ja kinnituslahendused | Lifting- and lashing solutions\",\"publisher\":{\"@id\":\"https:\\\/\\\/www.mazam.eu\\\/#organization\"},\"potentialAction\":[{\"@type\":\"SearchAction\",\"target\":{\"@type\":\"EntryPoint\",\"urlTemplate\":\"https:\\\/\\\/www.mazam.eu\\\/?s={search_term_string}\"},\"query-input\":{\"@type\":\"PropertyValueSpecification\",\"valueRequired\":true,\"valueName\":\"search_term_string\"}}],\"inLanguage\":\"ru-RU\"},{\"@type\":\"Organization\",\"@id\":\"https:\\\/\\\/www.mazam.eu\\\/#organization\",\"name\":\"Mazam O\u00dc\",\"url\":\"https:\\\/\\\/www.mazam.eu\\\/\",\"logo\":{\"@type\":\"ImageObject\",\"inLanguage\":\"ru-RU\",\"@id\":\"https:\\\/\\\/www.mazam.eu\\\/#\\\/schema\\\/logo\\\/image\\\/\",\"url\":\"https:\\\/\\\/www.mazam.eu\\\/wp-content\\\/uploads\\\/2015\\\/10\\\/mazam-logo-linttropp-koormarihm-t\u00f5stev\u00f6\u00f6.png\",\"contentUrl\":\"https:\\\/\\\/www.mazam.eu\\\/wp-content\\\/uploads\\\/2015\\\/10\\\/mazam-logo-linttropp-koormarihm-t\u00f5stev\u00f6\u00f6.png\",\"width\":190,\"height\":70,\"caption\":\"Mazam O\u00dc\"},\"image\":{\"@id\":\"https:\\\/\\\/www.mazam.eu\\\/#\\\/schema\\\/logo\\\/image\\\/\"}}]}<\/script>\n<!-- \/ Yoast SEO plugin. -->","yoast_head_json":{"title":"\u0417\u0430\u0445\u0432\u0430\u0442 \u0432\u0435\u0440\u0442\u0438\u043a\u0430\u043b\u044c\u043d\u0430\u044f\/\u0443\u043d\u0438\u0432\u0435\u0440\u0441\u0430\u043b\u044c\u043d\u0430\u044f ESEU-A (\u0440\u0435\u0433\u0443\u043b\u0438\u0440\u0443\u0435\u043c\u044b\u0439) - Mazam","description":"\u0417\u0430\u0445\u0432\u0430\u0442 \u0432\u0435\u0440\u0442\u0438\u043a\u0430\u043b\u044c\u043d\u0430\u044f\/\u0443\u043d\u0438\u0432\u0435\u0440\u0441\u0430\u043b\u044c\u043d\u0430\u044f ESEU-A (\u0440\u0435\u0433\u0443\u043b\u0438\u0440\u0443\u0435\u043c\u044b\u0439) - \u0414\u043b\u044f \u0432\u0435\u0440\u0442\u0438\u043a\u0430\u043b\u044c\u043d\u043e\u0433\u043e \u043f\u043e\u0434\u044a\u0435\u043c\u0430 \u043b\u0438\u0441\u0442\u043e\u0432\u043e\u0433\u043e \u043c\u0435\u0442\u0430\u043b\u043b\u0430 \u0438 \u043a\u043e\u043d\u0441\u0442\u0440\u0443\u043a\u0446\u0438\u0439, \u0442\u0440\u0430\u043d\u0441\u043f\u043e\u0440\u0442\u0438\u0440\u043e\u0432\u043a\u0438...","robots":{"index":"index","follow":"follow","max-snippet":"max-snippet:-1","max-image-preview":"max-image-preview:large","max-video-preview":"max-video-preview:-1"},"canonical":"https:\/\/www.mazam.eu\/ru\/produkty\/zakhvat-vertikalnaya-universalnaya-eseu-a\/","og_locale":"ru_RU","og_type":"article","og_title":"T\u00f5stehaarats vertikaalne universaalne ESEU-A reguleeritav Mazam","og_description":"T\u00f5stehaarats vertikaalne universaalne ESEU-A reguleeritav - Lehtmetallide- ja konstruktsioonide vertikaalseks t\u00f5stmiseks, transportimiseks..","og_url":"https:\/\/www.mazam.eu\/ru\/produkty\/zakhvat-vertikalnaya-universalnaya-eseu-a\/","og_site_name":"Mazam O&Uuml; | T&otilde;ste- ja koormakinnitusvahendite tootmine ja m&uuml;&uuml;k (2014 - 2026) - linttropp &bull; koormarihm &bull; ringt&otilde;stev&ouml;&ouml; &bull; terastross &bull; kett-tropp &bull; vints &bull; t&otilde;stemagnet jpm.","article_modified_time":"2025-05-24T20:01:48+00:00","twitter_card":"summary_large_image","twitter_misc":{"\u041f\u0440\u0438\u043c\u0435\u0440\u043d\u043e\u0435 \u0432\u0440\u0435\u043c\u044f \u0434\u043b\u044f \u0447\u0442\u0435\u043d\u0438\u044f":"2 \u043c\u0438\u043d\u0443\u0442\u044b"},"schema":{"@context":"https:\/\/schema.org","@graph":[{"@type":"WebPage","@id":"https:\/\/www.mazam.eu\/tooted\/tostehaarats-vertikaalne-universaalne-eseu-a-reguleeritav\/","url":"https:\/\/www.mazam.eu\/tooted\/tostehaarats-vertikaalne-universaalne-eseu-a-reguleeritav\/","name":"\u0417\u0430\u0445\u0432\u0430\u0442 \u0432\u0435\u0440\u0442\u0438\u043a\u0430\u043b\u044c\u043d\u0430\u044f\/\u0443\u043d\u0438\u0432\u0435\u0440\u0441\u0430\u043b\u044c\u043d\u0430\u044f ESEU-A (\u0440\u0435\u0433\u0443\u043b\u0438\u0440\u0443\u0435\u043c\u044b\u0439) - Mazam","isPartOf":{"@id":"https:\/\/www.mazam.eu\/#website"},"datePublished":"2021-05-19T06:00:43+00:00","dateModified":"2025-05-24T20:01:48+00:00","description":"\u0417\u0430\u0445\u0432\u0430\u0442 \u0432\u0435\u0440\u0442\u0438\u043a\u0430\u043b\u044c\u043d\u0430\u044f\/\u0443\u043d\u0438\u0432\u0435\u0440\u0441\u0430\u043b\u044c\u043d\u0430\u044f ESEU-A (\u0440\u0435\u0433\u0443\u043b\u0438\u0440\u0443\u0435\u043c\u044b\u0439) - \u0414\u043b\u044f \u0432\u0435\u0440\u0442\u0438\u043a\u0430\u043b\u044c\u043d\u043e\u0433\u043e \u043f\u043e\u0434\u044a\u0435\u043c\u0430 \u043b\u0438\u0441\u0442\u043e\u0432\u043e\u0433\u043e \u043c\u0435\u0442\u0430\u043b\u043b\u0430 \u0438 \u043a\u043e\u043d\u0441\u0442\u0440\u0443\u043a\u0446\u0438\u0439, \u0442\u0440\u0430\u043d\u0441\u043f\u043e\u0440\u0442\u0438\u0440\u043e\u0432\u043a\u0438...","breadcrumb":{"@id":"https:\/\/www.mazam.eu\/tooted\/tostehaarats-vertikaalne-universaalne-eseu-a-reguleeritav\/#breadcrumb"},"inLanguage":"ru-RU","potentialAction":[{"@type":"ReadAction","target":["https:\/\/www.mazam.eu\/tooted\/tostehaarats-vertikaalne-universaalne-eseu-a-reguleeritav\/"]}]},{"@type":"BreadcrumbList","@id":"https:\/\/www.mazam.eu\/tooted\/tostehaarats-vertikaalne-universaalne-eseu-a-reguleeritav\/#breadcrumb","itemListElement":[{"@type":"ListItem","position":1,"name":"Home","item":"https:\/\/www.mazam.eu\/"},{"@type":"ListItem","position":2,"name":"Tooted","item":"https:\/\/www.mazam.eu\/tooted\/"},{"@type":"ListItem","position":3,"name":"t\u00f5stehaarats vertikaalne universaalne ESEU-A reguleeritav"}]},{"@type":"WebSite","@id":"https:\/\/www.mazam.eu\/#website","url":"https:\/\/www.mazam.eu\/","name":"Mazam O\u00dc | \u041f\u0440\u043e\u0438\u0437\u0432\u043e\u0434\u0441\u0442\u0432\u043e \u0438 \u043f\u0440\u043e\u0434\u0430\u0436\u0430 \u043f\u043e\u0434\u044a\u0435\u043c\u043d\u043e-\u0442\u0440\u0430\u043d\u0441\u043f\u043e\u0440\u0442\u043d\u043e\u0433\u043e \u043e\u0431\u043e\u0440\u0443\u0434\u043e\u0432\u0430\u043d\u0438\u044f (2014 - 2026) - \u043b\u0438\u043d\u0442\u0440\u0443\u043f\u0430 - \u0433\u0440\u0443\u0437\u043e\u0432\u043e\u0439 \u0440\u0435\u043c\u0435\u043d\u044c - \u0442\u0430\u043b\u0435\u0432\u044b\u0439 \u0440\u0435\u043c\u0435\u043d\u044c - \u0441\u0442\u0430\u043b\u044c\u043d\u043e\u0439 \u043a\u0430\u043d\u0430\u0442 - \u0446\u0435\u043f\u043d\u043e\u0439 \u0442\u0430\u043b\u0440\u0435\u043f - \u043b\u0435\u0431\u0435\u0434\u043a\u0430 - \u043f\u043e\u0434\u044a\u0435\u043c\u043d\u044b\u0439 \u043c\u0430\u0433\u043d\u0438\u0442 \u0438 \u0442.\u0434.","description":"\u0420\u0435\u0448\u0435\u043d\u0438\u044f \u0434\u043b\u044f \u043f\u043e\u0434\u044a\u0435\u043c\u0430 \u0438 \u043a\u0440\u0435\u043f\u043b\u0435\u043d\u0438\u044f | \u0420\u0435\u0448\u0435\u043d\u0438\u044f \u0434\u043b\u044f \u043f\u043e\u0434\u044a\u0435\u043c\u0430 \u0438 \u043a\u0440\u0435\u043f\u043b\u0435\u043d\u0438\u044f","publisher":{"@id":"https:\/\/www.mazam.eu\/#organization"},"potentialAction":[{"@type":"SearchAction","target":{"@type":"EntryPoint","urlTemplate":"https:\/\/www.mazam.eu\/?s={search_term_string}"},"query-input":{"@type":"PropertyValueSpecification","valueRequired":true,"valueName":"search_term_string"}}],"inLanguage":"ru-RU"},{"@type":"Organization","@id":"https:\/\/www.mazam.eu\/#organization","name":"Mazam O\u00dc","url":"https:\/\/www.mazam.eu\/","logo":{"@type":"ImageObject","inLanguage":"ru-RU","@id":"https:\/\/www.mazam.eu\/#\/schema\/logo\/image\/","url":"https:\/\/www.mazam.eu\/wp-content\/uploads\/2015\/10\/mazam-logo-linttropp-koormarihm-t\u00f5stev\u00f6\u00f6.png","contentUrl":"https:\/\/www.mazam.eu\/wp-content\/uploads\/2015\/10\/mazam-logo-linttropp-koormarihm-t\u00f5stev\u00f6\u00f6.png","width":190,"height":70,"caption":"Mazam O\u00dc"},"image":{"@id":"https:\/\/www.mazam.eu\/#\/schema\/logo\/image\/"}}]}},"_links":{"self":[{"href":"https:\/\/www.mazam.eu\/ru\/wp-json\/wp\/v2\/pages\/6283","targetHints":{"allow":["GET"]}}],"collection":[{"href":"https:\/\/www.mazam.eu\/ru\/wp-json\/wp\/v2\/pages"}],"about":[{"href":"https:\/\/www.mazam.eu\/ru\/wp-json\/wp\/v2\/types\/page"}],"author":[{"embeddable":true,"href":"https:\/\/www.mazam.eu\/ru\/wp-json\/wp\/v2\/users\/1"}],"replies":[{"embeddable":true,"href":"https:\/\/www.mazam.eu\/ru\/wp-json\/wp\/v2\/comments?post=6283"}],"version-history":[{"count":18,"href":"https:\/\/www.mazam.eu\/ru\/wp-json\/wp\/v2\/pages\/6283\/revisions"}],"predecessor-version":[{"id":12076,"href":"https:\/\/www.mazam.eu\/ru\/wp-json\/wp\/v2\/pages\/6283\/revisions\/12076"}],"up":[{"embeddable":true,"href":"https:\/\/www.mazam.eu\/ru\/wp-json\/wp\/v2\/pages\/5"}],"wp:attachment":[{"href":"https:\/\/www.mazam.eu\/ru\/wp-json\/wp\/v2\/media?parent=6283"}],"curies":[{"name":"wp","href":"https:\/\/api.w.org\/{rel}","templated":true}]}}