{"id":6367,"date":"2021-05-25T05:34:55","date_gmt":"2021-05-25T05:34:55","guid":{"rendered":"https:\/\/www.mazam.eu\/?page_id=6367"},"modified":"2026-04-23T06:35:54","modified_gmt":"2026-04-23T06:35:54","slug":"vintovoy-zakhvat","status":"publish","type":"page","link":"https:\/\/www.mazam.eu\/ru\/tooted\/kruvihaarats\/","title":{"rendered":"\u0412\u0438\u043d\u0442\u043e\u0432\u043e\u0439 \u0437\u0430\u0445\u0432\u0430\u0442"},"content":{"rendered":"<div class='epvc-post-count'><span class='epvc-eye'><\/span>  <span class=\"epvc-count\"> 1&nbsp;151<\/span><span class='epvc-label'> \u043f\u0440\u043e\u0441\u043c\u043e\u0442\u0440<\/span><\/div><p><span style=\"color: #ffffff;\">\u0412\u0438\u043d\u0442\u043e\u0432\u043e\u0439 \u0437\u0430\u0445\u0432\u0430\u0442<\/span><strong><br \/>\n\u041f\u0440\u0438\u043c\u0435\u043d\u0435\u043d\u0438\u0435 - \u0414\u043b\u044f \u0432\u0435\u0440\u0442\u0438\u043a\u0430\u043b\u044c\u043d\u043e\u0433\u043e \u0438 \u0433\u043e\u0440\u0438\u0437\u043e\u043d\u0442\u0430\u043b\u044c\u043d\u043e\u0433\u043e \u043f\u043e\u0434\u044a\u0435\u043c\u0430 \u0438 \u0442\u0440\u0430\u043d\u0441\u043f\u043e\u0440\u0442\u0438\u0440\u043e\u0432\u043a\u0438 \u0440\u0430\u0437\u043b\u0438\u0447\u043d\u044b\u0445 \u0441\u0442\u0430\u043b\u044c\u043d\u044b\u0445 \u043a\u043e\u043d\u0441\u0442\u0440\u0443\u043a\u0446\u0438\u0439.\u00a0<\/strong><br \/>\n<strong>\u0414\u043b\u044f \u044d\u0442\u0438\u0445 \u043f\u043e\u0434\u044a\u0435\u043c\u043d\u044b\u0445 \u0432\u0438\u043b \u043d\u0435 \u0441\u0443\u0449\u0435\u0441\u0442\u0432\u0443\u0435\u0442 \u0437\u0430\u043f\u0430\u0441\u043d\u044b\u0445 \u0447\u0430\u0441\u0442\u0435\u0439.  \u0420\u0430\u0441\u0441\u0442\u043e\u044f\u043d\u0438\u0435 \u043c\u0435\u0436\u0434\u0443 \u0447\u0435\u043b\u044e\u0441\u0442\u044f\u043c\u0438 \u0432\u0430\u0440\u044c\u0438\u0440\u0443\u0435\u0442\u0441\u044f \u043e\u0442 0 \u0434\u043e 75 \u043c\u043c.<br \/>\n<\/strong><strong>\u041d\u0430 \u0438\u0437\u0434\u0435\u043b\u0438\u044f\u0445 \u0443\u043a\u0430\u0437\u044b\u0432\u0430\u0435\u0442\u0441\u044f \u0433\u0440\u0443\u0437\u043e\u043f\u043e\u0434\u044a\u0435\u043c\u043d\u043e\u0441\u0442\u044c \u0432\u0438\u043b\u043e\u0447\u043d\u043e\u0433\u043e \u043f\u043e\u0433\u0440\u0443\u0437\u0447\u0438\u043a\u0430 \u0438 \u0440\u0430\u0441\u0441\u0442\u043e\u044f\u043d\u0438\u0435 \u043c\u0435\u0436\u0434\u0443 \u0447\u0435\u043b\u044e\u0441\u0442\u044f\u043c\u0438.<\/strong><strong><br \/>\n\u041c\u044b \u0442\u0430\u043a\u0436\u0435 \u043f\u0440\u0435\u0434\u043b\u0430\u0433\u0430\u0435\u043c \u0441\u043b\u0435\u0434\u0443\u044e\u0449\u0435\u0435 \u0432 \u043a\u043e\u043c\u043f\u043b\u0435\u043a\u0442\u0435 \u0441 \u043f\u043e\u0434\u044a\u0435\u043c\u043d\u044b\u043c\u0438 \u0437\u0430\u0445\u0432\u0430\u0442\u0430\u043c\u0438 <span style=\"text-decoration: underline; color: #0000ff;\"><a style=\"color: #0000ff; text-decoration: underline;\" href=\"https:\/\/www.mazam.eu\/ru\/produkty\/tsepnyye-stropy\/\" target=\"_blank\" rel=\"noopener\">\u0446\u0435\u043f\u043d\u044b\u0435 \u0441\u0442\u0440\u043e\u043f\u044b 8 \u043a\u043b\u0430\u0441\u0441<\/a><\/span>. \u0412\u043d\u0438\u043c\u0430\u043d\u0438\u0435! <span style=\"color: #ff0000;\"><em>\u041d\u0435 \u043f\u043e\u0434\u043d\u0438\u043c\u0430\u0439\u0442\u0435 \u0431\u043e\u043b\u0435\u0435 \u043e\u0434\u043d\u043e\u0433\u043e \u043b\u0438\u0441\u0442\u0430 \u043c\u0435\u0442\u0430\u043b\u043b\u0430 \u043e\u0434\u043d\u043e\u0432\u0440\u0435\u043c\u0435\u043d\u043d\u043e!<br \/>\n<\/em><\/span><span style=\"color: #ff0000;\"><span style=\"color: #333333;\">\u041f\u0435\u0440\u0435\u0434 \u043f\u043e\u0434\u044a\u0435\u043c\u043e\u043c \u0443\u0434\u0430\u043b\u0438\u0442\u0435 \u0432\u0441\u044e \u0441\u043c\u0430\u0437\u043a\u0443, \u043c\u0430\u0441\u043b\u043e, \u0433\u0440\u044f\u0437\u044c, \u043a\u043e\u0440\u0440\u043e\u0437\u0438\u044e \u0438 \u043e\u043a\u0430\u043b\u0438\u043d\u0443 \u0441 \u043c\u0435\u0442\u0430\u043b\u043b\u0438\u0447\u0435\u0441\u043a\u043e\u0433\u043e \u043b\u0438\u0441\u0442\u0430, \u043d\u0430 \u043a\u043e\u0442\u043e\u0440\u043e\u043c \u0437\u0430\u043a\u0440\u0435\u043f\u043b\u0435\u043d \u0437\u0430\u0436\u0438\u043c.<\/span><\/span><br \/>\n\u0414\u043e\u043f\u0443\u0441\u0442\u0438\u043c\u0430\u044f \u0442\u0435\u043c\u043f\u0435\u0440\u0430\u0442\u0443\u0440\u0430 \u043e\u0442 -40\u00b0C \u0434\u043e +100\u00b0C<br \/>\n\u0421\u043e\u043e\u0442\u0432\u0435\u0442\u0441\u0442\u0432\u0443\u0435\u0442 \u0442\u0440\u0435\u0431\u043e\u0432\u0430\u043d\u0438\u044f\u043c \u0414\u0438\u0440\u0435\u043a\u0442\u0438\u0432\u044b \u043f\u043e \u043c\u0430\u0448\u0438\u043d\u043d\u043e\u043c\u0443 \u043e\u0431\u043e\u0440\u0443\u0434\u043e\u0432\u0430\u043d\u0438\u044e 2006\/42\/EC.<br \/>\n\u041f\u0440\u043e\u0434\u0443\u043a\u0442\u044b \u0438\u043c\u0435\u0435\u0442 \u0441\u0435\u0440\u0442\u0438\u0444\u0438\u043a\u0430\u0442\u044b.<br \/>\n\u0417\u0430\u043f\u0430\u0441 \u043f\u0440\u043e\u0447\u043d\u043e\u0441\u0442\u0438 2:1<br \/>\n\u2014<br \/>\n<em>\u041d\u0430\u0436\u043c\u0438\u0442\u0435 \u043d\u0430 \u0438\u0437\u043e\u0431\u0440\u0430\u0436\u0435\u043d\u0438\u0435, \u0447\u0442\u043e\u0431\u044b \u0443\u0432\u0438\u0434\u0435\u0442\u044c \u0442\u043e\u0432\u0430\u0440 \u0432 \u0443\u0432\u0435\u043b\u0438\u0447\u0435\u043d\u043d\u043e\u043c \u0440\u0430\u0437\u043c\u0435\u0440\u0435.<\/em><\/strong><\/p>\n<figure id=\"attachment_12061\" aria-describedby=\"caption-attachment-12061\" style=\"width: 200px\" class=\"wp-caption alignnone\"><a href=\"https:\/\/www.mazam.eu\/wp-content\/uploads\/2025\/05\/kruvihaarats-tostehaarats-Delta-\u0412\u0438\u043d\u0442\u043e\u0432\u043e\u0439-\u0437\u0430\u0445\u0432\u0430\u0442-Delta-screw-clamp-Delta-suur.jpg\" target=\"_blank\" rel=\"noopener\"><img loading=\"lazy\" decoding=\"async\" class=\"wp-image-12061 size-full\" src=\"https:\/\/www.mazam.eu\/wp-content\/uploads\/2025\/05\/kruvihaarats-tostehaarats-Delta-\u0412\u0438\u043d\u0442\u043e\u0432\u043e\u0439-\u0437\u0430\u0445\u0432\u0430\u0442-Delta-screw-clamp-Delta-avatar.jpg\" alt=\"\u0412\u0438\u043d\u0442\u043e\u0432\u043e\u0439 \u0437\u0430\u0445\u0432\u0430\u0442\" width=\"200\" height=\"150\" data-id=\"12061\" \/><\/a><figcaption id=\"caption-attachment-12061\" class=\"wp-caption-text\">\u0412\u0438\u043d\u0442\u043e\u0432\u043e\u0439 \u0437\u0430\u0445\u0432\u0430\u0442<\/figcaption><\/figure>\n<p><span style=\"text-decoration: underline; color: #ff6600;\"><strong>\u0414\u0430\u043d\u043d\u044b\u0435:<\/strong><\/span><\/p>\n<table>\n<tbody>\n<tr>\n<td style=\"text-align: center;\" width=\"164\"><strong>\u0420\u0430\u0431\u043e\u0447\u0430\u044f \u043d\u0430\u0433\u0440\u0443\u0437\u043a\u0430<\/strong><\/td>\n<td style=\"text-align: center;\" width=\"156\"><strong>\u0417\u0430\u0437\u043e\u0440 \u043c\u0435\u0436\u0434\u0443 \u0447\u0435\u043b\u044e\u0441\u0442\u044f\u043c\u0438<\/strong><\/td>\n<td style=\"text-align: center;\" width=\"147\"><strong>\u0412\u0435\u0441<\/strong><\/td>\n<\/tr>\n<tr>\n<td style=\"text-align: center;\" width=\"164\">500\u043a\u0433<\/td>\n<td style=\"text-align: center;\" width=\"156\">0 - 28\u043c\u043c<\/td>\n<td style=\"text-align: center;\" width=\"147\">0,8\u043a\u0433<\/td>\n<\/tr>\n<tr>\n<td style=\"text-align: center;\" width=\"164\">750\u043a\u0433<\/td>\n<td style=\"text-align: center;\" width=\"156\">0 - 22\u043c\u043c<\/td>\n<td style=\"text-align: center;\" width=\"147\">3\u043a\u0433<\/td>\n<\/tr>\n<tr>\n<td style=\"text-align: center;\" width=\"164\">1500\u043a\u0433<\/td>\n<td style=\"text-align: center;\" width=\"156\">0 - 32\u043c\u043c<\/td>\n<td style=\"text-align: center;\" width=\"147\">4\u043a\u0433<\/td>\n<\/tr>\n<tr>\n<td style=\"text-align: center;\">3000\u043a\u0433<\/td>\n<td style=\"text-align: center;\">0 - 50\u043c\u043c<\/td>\n<td style=\"text-align: center;\">6\u043a\u0433<\/td>\n<\/tr>\n<tr>\n<td style=\"text-align: center;\">6000\u043a\u0433<\/td>\n<td style=\"text-align: center;\">0 - 75\u043c\u043c<\/td>\n<td style=\"text-align: center;\">18\u043a\u0433<\/td>\n<\/tr>\n<\/tbody>\n<\/table>\n<p><span style=\"color: #333333;\"><span style=\"color: #ff6600;\"><strong style=\"color: #0000ff;\">\u041f\u0440\u0438 \u043e\u0442\u043f\u0440\u0430\u0432\u043a\u0435 \u0437\u0430\u043f\u0440\u043e\u0441\u0430 \u043f\u043e\u0436\u0430\u043b\u0443\u0439\u0441\u0442\u0430 \u0443\u043a\u0430\u0436\u0438\u0442\u0435 \u0440\u0430\u0431\u043e\u0447\u0443\u044e \u043d\u0430\u0433\u0440\u0443\u0437\u043a\u0443 \u0438 \u043a\u043e\u043b\u0438\u0447\u0435\u0441\u0442\u0432\u043e \u0432\u0438\u043d\u0442\u043e\u0432\u0430 \u0437\u0430\u0445\u0432\u0430\u0442\u0430<a style=\"color: #0000ff;\" href=\"https:\/\/terrierclamps.com\/tsu-tseu-stsu-vertical-lifting-clamp\">.<\/a><br \/>\n<\/strong><\/span><\/span><span style=\"color: #333333;\"><span style=\"color: #ffffff;\">\u043f\u043e\u0434\u044a\u0451\u043c\u043d\u044b\u0439 \u0440\u044b\u0447\u0430\u0433<\/span><\/span><span style=\"color: #ffffff;\"> \u0412\u0435\u0440\u0442\u0438\u043a\u0430\u043b\u044c\u043d\u044b\u0435 \u043f\u043e\u0434\u044a\u0435\u043c\u043d\u044b\u0435 \u0433\u0440\u0435\u0439\u0444\u0435\u0440\u044b<\/span><\/p>","protected":false},"excerpt":{"rendered":"<p>1&nbsp;151 vaatamistkruvihaarats Kasutus &#8211; Erinevate teraskonstruktsioonide vertikaalseks ja horisontaalseks t\u00f5stmiseks ja transportimiseks.\u00a0 Neil t\u00f5stehaaratsitel varuosad puuduvad.\u00a0 L\u00f5ugade vahed on saadaval vahemikus: 0 kuni 75mm. Andmed haaratsi t\u00f5stekoormuse ja l\u00f5ugade vahe m\u00f5\u00f5tude kohta on m\u00e4rgitud toodetele. T\u00f5stehaaratsite juurde pakume ka klass 8 kett-troppe. T\u00e4helepanu! \u00c4rge t\u00f5stke mitut lehtmetalli lehte korraga! Eemaldage enne t\u00f5stmist lehtmetallilt kogu rasv,&#8230;<\/p>","protected":false},"author":1,"featured_media":0,"parent":5,"menu_order":0,"comment_status":"closed","ping_status":"closed","template":"","meta":{"_uf_show_specific_survey":0,"_uf_disable_surveys":false,"iawp_total_views":32,"footnotes":""},"class_list":["post-6367","page","type-page","status-publish","hentry"],"yoast_head":"<!-- This site is optimized with the Yoast SEO plugin v27.5 - https:\/\/yoast.com\/product\/yoast-seo-wordpress\/ -->\n<title>Kruvihaarats - Mazam O\u00dc<\/title>\n<meta name=\"description\" content=\"Kruvihaarats - Erinevate teraskonstruktsioonide vertikaalseks ja horisontaalseks t\u00f5stmiseks ja transportimiseks.\u00a0\" \/>\n<meta name=\"robots\" content=\"index, follow, max-snippet:-1, max-image-preview:large, max-video-preview:-1\" \/>\n<link rel=\"canonical\" href=\"https:\/\/www.mazam.eu\/ru\/produkty\/vintovoy-zakhvat\/\" \/>\n<meta property=\"og:locale\" content=\"ru_RU\" \/>\n<meta property=\"og:type\" content=\"article\" \/>\n<meta property=\"og:title\" content=\"Kruvihaarats - Mazam O\u00dc\" \/>\n<meta property=\"og:description\" content=\"Kruvihaarats - Erinevate teraskonstruktsioonide vertikaalseks ja horisontaalseks t\u00f5stmiseks ja transportimiseks.\u00a0\" \/>\n<meta property=\"og:url\" content=\"https:\/\/www.mazam.eu\/ru\/produkty\/vintovoy-zakhvat\/\" \/>\n<meta property=\"og:site_name\" content=\"Mazam O&Uuml; | T&otilde;ste- ja koormakinnitusvahendite tootmine ja m&uuml;&uuml;k (2014 - 2026) - linttropp &bull; koormarihm &bull; ringt&otilde;stev&ouml;&ouml; &bull; terastross &bull; kett-tropp &bull; vints &bull; t&otilde;stemagnet jpm.\" \/>\n<meta property=\"article:modified_time\" content=\"2026-04-23T06:35:54+00:00\" \/>\n<meta name=\"twitter:card\" content=\"summary_large_image\" \/>\n<meta name=\"twitter:label1\" content=\"\u041f\u0440\u0438\u043c\u0435\u0440\u043d\u043e\u0435 \u0432\u0440\u0435\u043c\u044f \u0434\u043b\u044f \u0447\u0442\u0435\u043d\u0438\u044f\" \/>\n\t<meta name=\"twitter:data1\" content=\"1 \u043c\u0438\u043d\u0443\u0442\u0430\" \/>\n<script type=\"application\/ld+json\" class=\"yoast-schema-graph\">{\"@context\":\"https:\\\/\\\/schema.org\",\"@graph\":[{\"@type\":\"WebPage\",\"@id\":\"https:\\\/\\\/www.mazam.eu\\\/tooted\\\/kruvihaarats\\\/\",\"url\":\"https:\\\/\\\/www.mazam.eu\\\/tooted\\\/kruvihaarats\\\/\",\"name\":\"Kruvihaarats - Mazam O\u00dc\",\"isPartOf\":{\"@id\":\"https:\\\/\\\/www.mazam.eu\\\/#website\"},\"datePublished\":\"2021-05-25T05:34:55+00:00\",\"dateModified\":\"2026-04-23T06:35:54+00:00\",\"description\":\"Kruvihaarats - Erinevate teraskonstruktsioonide vertikaalseks ja horisontaalseks t\u00f5stmiseks ja transportimiseks.\u00a0\",\"breadcrumb\":{\"@id\":\"https:\\\/\\\/www.mazam.eu\\\/tooted\\\/kruvihaarats\\\/#breadcrumb\"},\"inLanguage\":\"ru-RU\",\"potentialAction\":[{\"@type\":\"ReadAction\",\"target\":[\"https:\\\/\\\/www.mazam.eu\\\/tooted\\\/kruvihaarats\\\/\"]}]},{\"@type\":\"BreadcrumbList\",\"@id\":\"https:\\\/\\\/www.mazam.eu\\\/tooted\\\/kruvihaarats\\\/#breadcrumb\",\"itemListElement\":[{\"@type\":\"ListItem\",\"position\":1,\"name\":\"Home\",\"item\":\"https:\\\/\\\/www.mazam.eu\\\/\"},{\"@type\":\"ListItem\",\"position\":2,\"name\":\"Tooted\",\"item\":\"https:\\\/\\\/www.mazam.eu\\\/tooted\\\/\"},{\"@type\":\"ListItem\",\"position\":3,\"name\":\"kruvihaarats\"}]},{\"@type\":\"WebSite\",\"@id\":\"https:\\\/\\\/www.mazam.eu\\\/#website\",\"url\":\"https:\\\/\\\/www.mazam.eu\\\/\",\"name\":\"Mazam O&Uuml; | T&otilde;ste- ja koormakinnitusvahendite tootmine ja m&uuml;&uuml;k (2014 - 2026) - linttropp &bull; koormarihm &bull; ringt&otilde;stev&ouml;&ouml; &bull; terastross &bull; kett-tropp &bull; vints &bull; t&otilde;stemagnet jpm.\",\"description\":\"T&otilde;ste- ja kinnituslahendused | Lifting- and lashing solutions\",\"publisher\":{\"@id\":\"https:\\\/\\\/www.mazam.eu\\\/#organization\"},\"potentialAction\":[{\"@type\":\"SearchAction\",\"target\":{\"@type\":\"EntryPoint\",\"urlTemplate\":\"https:\\\/\\\/www.mazam.eu\\\/?s={search_term_string}\"},\"query-input\":{\"@type\":\"PropertyValueSpecification\",\"valueRequired\":true,\"valueName\":\"search_term_string\"}}],\"inLanguage\":\"ru-RU\"},{\"@type\":\"Organization\",\"@id\":\"https:\\\/\\\/www.mazam.eu\\\/#organization\",\"name\":\"Mazam O\u00dc\",\"url\":\"https:\\\/\\\/www.mazam.eu\\\/\",\"logo\":{\"@type\":\"ImageObject\",\"inLanguage\":\"ru-RU\",\"@id\":\"https:\\\/\\\/www.mazam.eu\\\/#\\\/schema\\\/logo\\\/image\\\/\",\"url\":\"https:\\\/\\\/www.mazam.eu\\\/wp-content\\\/uploads\\\/2015\\\/10\\\/mazam-logo-linttropp-koormarihm-t\u00f5stev\u00f6\u00f6.png\",\"contentUrl\":\"https:\\\/\\\/www.mazam.eu\\\/wp-content\\\/uploads\\\/2015\\\/10\\\/mazam-logo-linttropp-koormarihm-t\u00f5stev\u00f6\u00f6.png\",\"width\":190,\"height\":70,\"caption\":\"Mazam O\u00dc\"},\"image\":{\"@id\":\"https:\\\/\\\/www.mazam.eu\\\/#\\\/schema\\\/logo\\\/image\\\/\"}}]}<\/script>\n<!-- \/ Yoast SEO plugin. -->","yoast_head_json":{"title":"\u0412\u0438\u043d\u0442\u043e\u0432\u043e\u0439 \u0437\u0430\u0445\u0432\u0430\u0442 - Mazam O\u00dc","description":"\u0412\u0438\u043d\u0442\u043e\u0432\u043e\u0439 \u0437\u0430\u0445\u0432\u0430\u0442 - \u0434\u043b\u044f \u0432\u0435\u0440\u0442\u0438\u043a\u0430\u043b\u044c\u043d\u043e\u0433\u043e \u0438 \u0433\u043e\u0440\u0438\u0437\u043e\u043d\u0442\u0430\u043b\u044c\u043d\u043e\u0433\u043e \u043f\u043e\u0434\u044a\u0435\u043c\u0430 \u0438 \u0442\u0440\u0430\u043d\u0441\u043f\u043e\u0440\u0442\u0438\u0440\u043e\u0432\u043a\u0438 \u0440\u0430\u0437\u043b\u0438\u0447\u043d\u044b\u0445 \u0441\u0442\u0430\u043b\u044c\u043d\u044b\u0445 \u043a\u043e\u043d\u0441\u0442\u0440\u0443\u043a\u0446\u0438\u0439.\u00a0","robots":{"index":"index","follow":"follow","max-snippet":"max-snippet:-1","max-image-preview":"max-image-preview:large","max-video-preview":"max-video-preview:-1"},"canonical":"https:\/\/www.mazam.eu\/ru\/produkty\/vintovoy-zakhvat\/","og_locale":"ru_RU","og_type":"article","og_title":"Kruvihaarats - Mazam O\u00dc","og_description":"Kruvihaarats - Erinevate teraskonstruktsioonide vertikaalseks ja horisontaalseks t\u00f5stmiseks ja transportimiseks.\u00a0","og_url":"https:\/\/www.mazam.eu\/ru\/produkty\/vintovoy-zakhvat\/","og_site_name":"Mazam O&Uuml; | T&otilde;ste- ja koormakinnitusvahendite tootmine ja m&uuml;&uuml;k (2014 - 2026) - linttropp &bull; koormarihm &bull; ringt&otilde;stev&ouml;&ouml; &bull; terastross &bull; kett-tropp &bull; vints &bull; t&otilde;stemagnet jpm.","article_modified_time":"2026-04-23T06:35:54+00:00","twitter_card":"summary_large_image","twitter_misc":{"\u041f\u0440\u0438\u043c\u0435\u0440\u043d\u043e\u0435 \u0432\u0440\u0435\u043c\u044f \u0434\u043b\u044f \u0447\u0442\u0435\u043d\u0438\u044f":"1 \u043c\u0438\u043d\u0443\u0442\u0430"},"schema":{"@context":"https:\/\/schema.org","@graph":[{"@type":"WebPage","@id":"https:\/\/www.mazam.eu\/tooted\/kruvihaarats\/","url":"https:\/\/www.mazam.eu\/tooted\/kruvihaarats\/","name":"\u0412\u0438\u043d\u0442\u043e\u0432\u043e\u0439 \u0437\u0430\u0445\u0432\u0430\u0442 - Mazam O\u00dc","isPartOf":{"@id":"https:\/\/www.mazam.eu\/#website"},"datePublished":"2021-05-25T05:34:55+00:00","dateModified":"2026-04-23T06:35:54+00:00","description":"\u0412\u0438\u043d\u0442\u043e\u0432\u043e\u0439 \u0437\u0430\u0445\u0432\u0430\u0442 - \u0434\u043b\u044f \u0432\u0435\u0440\u0442\u0438\u043a\u0430\u043b\u044c\u043d\u043e\u0433\u043e \u0438 \u0433\u043e\u0440\u0438\u0437\u043e\u043d\u0442\u0430\u043b\u044c\u043d\u043e\u0433\u043e \u043f\u043e\u0434\u044a\u0435\u043c\u0430 \u0438 \u0442\u0440\u0430\u043d\u0441\u043f\u043e\u0440\u0442\u0438\u0440\u043e\u0432\u043a\u0438 \u0440\u0430\u0437\u043b\u0438\u0447\u043d\u044b\u0445 \u0441\u0442\u0430\u043b\u044c\u043d\u044b\u0445 \u043a\u043e\u043d\u0441\u0442\u0440\u0443\u043a\u0446\u0438\u0439.\u00a0","breadcrumb":{"@id":"https:\/\/www.mazam.eu\/tooted\/kruvihaarats\/#breadcrumb"},"inLanguage":"ru-RU","potentialAction":[{"@type":"ReadAction","target":["https:\/\/www.mazam.eu\/tooted\/kruvihaarats\/"]}]},{"@type":"BreadcrumbList","@id":"https:\/\/www.mazam.eu\/tooted\/kruvihaarats\/#breadcrumb","itemListElement":[{"@type":"ListItem","position":1,"name":"Home","item":"https:\/\/www.mazam.eu\/"},{"@type":"ListItem","position":2,"name":"Tooted","item":"https:\/\/www.mazam.eu\/tooted\/"},{"@type":"ListItem","position":3,"name":"kruvihaarats"}]},{"@type":"WebSite","@id":"https:\/\/www.mazam.eu\/#website","url":"https:\/\/www.mazam.eu\/","name":"Mazam O\u00dc | \u041f\u0440\u043e\u0438\u0437\u0432\u043e\u0434\u0441\u0442\u0432\u043e \u0438 \u043f\u0440\u043e\u0434\u0430\u0436\u0430 \u043f\u043e\u0434\u044a\u0435\u043c\u043d\u043e-\u0442\u0440\u0430\u043d\u0441\u043f\u043e\u0440\u0442\u043d\u043e\u0433\u043e \u043e\u0431\u043e\u0440\u0443\u0434\u043e\u0432\u0430\u043d\u0438\u044f (2014 - 2026) - \u043b\u0438\u043d\u0442\u0440\u0443\u043f\u0430 - \u0433\u0440\u0443\u0437\u043e\u0432\u043e\u0439 \u0440\u0435\u043c\u0435\u043d\u044c - \u0442\u0430\u043b\u0435\u0432\u044b\u0439 \u0440\u0435\u043c\u0435\u043d\u044c - \u0441\u0442\u0430\u043b\u044c\u043d\u043e\u0439 \u043a\u0430\u043d\u0430\u0442 - \u0446\u0435\u043f\u043d\u043e\u0439 \u0442\u0430\u043b\u0440\u0435\u043f - \u043b\u0435\u0431\u0435\u0434\u043a\u0430 - \u043f\u043e\u0434\u044a\u0435\u043c\u043d\u044b\u0439 \u043c\u0430\u0433\u043d\u0438\u0442 \u0438 \u0442.\u0434.","description":"\u0420\u0435\u0448\u0435\u043d\u0438\u044f \u0434\u043b\u044f \u043f\u043e\u0434\u044a\u0435\u043c\u0430 \u0438 \u043a\u0440\u0435\u043f\u043b\u0435\u043d\u0438\u044f | \u0420\u0435\u0448\u0435\u043d\u0438\u044f \u0434\u043b\u044f \u043f\u043e\u0434\u044a\u0435\u043c\u0430 \u0438 \u043a\u0440\u0435\u043f\u043b\u0435\u043d\u0438\u044f","publisher":{"@id":"https:\/\/www.mazam.eu\/#organization"},"potentialAction":[{"@type":"SearchAction","target":{"@type":"EntryPoint","urlTemplate":"https:\/\/www.mazam.eu\/?s={search_term_string}"},"query-input":{"@type":"PropertyValueSpecification","valueRequired":true,"valueName":"search_term_string"}}],"inLanguage":"ru-RU"},{"@type":"Organization","@id":"https:\/\/www.mazam.eu\/#organization","name":"Mazam O\u00dc","url":"https:\/\/www.mazam.eu\/","logo":{"@type":"ImageObject","inLanguage":"ru-RU","@id":"https:\/\/www.mazam.eu\/#\/schema\/logo\/image\/","url":"https:\/\/www.mazam.eu\/wp-content\/uploads\/2015\/10\/mazam-logo-linttropp-koormarihm-t\u00f5stev\u00f6\u00f6.png","contentUrl":"https:\/\/www.mazam.eu\/wp-content\/uploads\/2015\/10\/mazam-logo-linttropp-koormarihm-t\u00f5stev\u00f6\u00f6.png","width":190,"height":70,"caption":"Mazam O\u00dc"},"image":{"@id":"https:\/\/www.mazam.eu\/#\/schema\/logo\/image\/"}}]}},"_links":{"self":[{"href":"https:\/\/www.mazam.eu\/ru\/wp-json\/wp\/v2\/pages\/6367","targetHints":{"allow":["GET"]}}],"collection":[{"href":"https:\/\/www.mazam.eu\/ru\/wp-json\/wp\/v2\/pages"}],"about":[{"href":"https:\/\/www.mazam.eu\/ru\/wp-json\/wp\/v2\/types\/page"}],"author":[{"embeddable":true,"href":"https:\/\/www.mazam.eu\/ru\/wp-json\/wp\/v2\/users\/1"}],"replies":[{"embeddable":true,"href":"https:\/\/www.mazam.eu\/ru\/wp-json\/wp\/v2\/comments?post=6367"}],"version-history":[{"count":9,"href":"https:\/\/www.mazam.eu\/ru\/wp-json\/wp\/v2\/pages\/6367\/revisions"}],"predecessor-version":[{"id":12578,"href":"https:\/\/www.mazam.eu\/ru\/wp-json\/wp\/v2\/pages\/6367\/revisions\/12578"}],"up":[{"embeddable":true,"href":"https:\/\/www.mazam.eu\/ru\/wp-json\/wp\/v2\/pages\/5"}],"wp:attachment":[{"href":"https:\/\/www.mazam.eu\/ru\/wp-json\/wp\/v2\/media?parent=6367"}],"curies":[{"name":"wp","href":"https:\/\/api.w.org\/{rel}","templated":true}]}}