{"id":7365,"date":"2022-10-10T08:30:46","date_gmt":"2022-10-10T08:30:46","guid":{"rendered":"https:\/\/www.mazam.eu\/?page_id=7365"},"modified":"2025-02-20T08:05:12","modified_gmt":"2025-02-20T08:05:12","slug":"%d1%82%d1%8f%d0%b3%d0%be%d0%b2%d1%8b%d0%b9-%d0%b1%d0%bb%d0%be%d0%ba-%d1%81-%d1%88%d0%b0%d1%80%d0%b8%d0%ba%d0%be%d0%bf%d0%be%d0%b4%d1%88%d0%b8%d0%bf%d0%bd%d0%b8%d0%ba%d0%b0%d0%bc%d0%b8","status":"publish","type":"page","link":"https:\/\/www.mazam.eu\/ru\/tooted\/veorullik-kuullaagritega-plokk\/","title":{"rendered":"\u041f\u0440\u0438\u0432\u043e\u0434\u043d\u043e\u0439 \u0440\u043e\u043b\u0438\u043a"},"content":{"rendered":"<div class='epvc-post-count'><span class='epvc-eye'><\/span>  <span class=\"epvc-count\"> 1&nbsp;483<\/span><span class='epvc-label'> \u043f\u0440\u043e\u0441\u043c\u043e\u0442\u0440<\/span><\/div><p><span style=\"color: #000000;\"><span style=\"color: #ffffff;\">\u0420\u043e\u043b\u0438\u043a \u0441 \u0448\u0430\u0440\u0438\u043a\u043e\u043f\u043e\u0434\u0448\u0438\u043f\u043d\u0438\u043a\u0430\u043c\u0438<br \/>\n<\/span><\/span><strong>\u0420\u043e\u043b\u0438\u043a \u0441 \u043f\u043b\u0430\u0441\u0442\u0438\u043a\u043e\u0432\u044b\u043c \u043e\u0442\u0432\u0435\u0440\u0441\u0442\u0438\u0435\u043c 0,81T (50 \u043c\u043c x 115 \u043c\u043c)<br \/>\n\u0418\u0441\u043f\u043e\u043b\u044c\u0437\u0443\u0435\u0442\u0441\u044f \u0432\u043c\u0435\u0441\u0442\u0435 \u0441 <span style=\"text-decoration: underline;\"><span style=\"color: #0000ff; text-decoration: underline;\"><a style=\"color: #0000ff; text-decoration: underline;\" href=\"https:\/\/www.mazam.eu\/ru\/produkty\/%d0%be%d1%85%d0%be%d1%82%d0%bd%d0%b8%d1%87%d1%8c%d1%8f-%d0%bb%d0%b5%d0%bd%d1%82%d0%b0-%d0%b4%d0%bb%d1%8f-%d1%82%d1%80%d0%b0%d0%bd%d1%81%d0%bf%d0%be%d1%80%d1%82%d0%b8%d1%80%d0%be%d0%b2%d0%ba%d0%b8\/\" target=\"_blank\" rel=\"noopener\">\u0441 \u043e\u0445\u043e\u0442\u043d\u0438\u0447\u044c\u0435\u0439 \u043b\u0435\u043d\u0442\u043e\u0439<\/a><\/span><\/span> \u0447\u0442\u043e\u0431\u044b \u043d\u0430\u043f\u0440\u0430\u0432\u043b\u044f\u0442\u044c \u0438\u0433\u0440\u0443 \u043c\u0435\u0436\u0434\u0443 \u0434\u0435\u0440\u0435\u0432\u044c\u044f\u043c\u0438.<\/strong><br \/>\n<strong>\u0414\u043b\u044f \u043b\u0435\u043d\u0442\u044b \u0434\u043e 50 \u043c\u043c.<\/strong><br \/>\n<strong>\u0420\u043e\u043b\u0438\u043a \u2205 115 \u043c\u043c<\/strong><br \/>\n<strong>\u0412\u0435\u0441: 1,45 \u043a\u0433<\/strong><br \/>\n<strong><em><span style=\"color: #333333;\">\u2014<br \/>\n\u041d\u0430\u0436\u043c\u0438\u0442\u0435 \u043d\u0430 \u0438\u0437\u043e\u0431\u0440\u0430\u0436\u0435\u043d\u0438\u0435, \u0447\u0442\u043e\u0431\u044b \u0443\u0432\u0438\u0434\u0435\u0442\u044c \u0442\u043e\u0432\u0430\u0440 \u0432 \u0443\u0432\u0435\u043b\u0438\u0447\u0435\u043d\u043d\u043e\u043c \u0440\u0430\u0437\u043c\u0435\u0440\u0435.<\/span><\/em><\/strong><\/p>\n<figure id=\"attachment_7964\" aria-describedby=\"caption-attachment-7964\" style=\"width: 200px\" class=\"wp-caption alignnone\"><a href=\"https:\/\/www.mazam.eu\/wp-content\/uploads\/2023\/10\/veorullik-avatav-081T-plastik-suur.jpg\" target=\"_blank\" rel=\"noopener\"><img loading=\"lazy\" decoding=\"async\" class=\"wp-image-7964 size-full\" src=\"https:\/\/www.mazam.eu\/wp-content\/uploads\/2023\/10\/veorullik-avatav-081T-plastik-avatar.jpg\" alt=\"\u041e\u0442\u0432\u0435\u0440\u0441\u0442\u0438\u0435 \u0434\u043b\u044f \u0440\u043e\u043b\u0438\u043a\u0430 0,81T \u043f\u043b\u0430\u0441\u0442\u0438\u043a\" width=\"200\" height=\"150\" data-id=\"7366\" \/><\/a><figcaption id=\"caption-attachment-7964\" class=\"wp-caption-text\">\u041e\u0442\u0432\u0435\u0440\u0441\u0442\u0438\u0435 \u0434\u043b\u044f \u0440\u043e\u043b\u0438\u043a\u0430 0,81T \u043f\u043b\u0430\u0441\u0442\u0438\u043a<\/figcaption><\/figure>\n<p>&nbsp;<\/p>","protected":false},"excerpt":{"rendered":"<p>1&nbsp;483 vaatamistveorullik kuullaagritega Veorullik avatav 0,81T plastik (50mm x 115mm) Kasutatakse koos jahilindiga uluku suunamiseks puude vahel. Kuni 50mm lindi jaoks. Rulliku \u2205 115mm Kaal: 1,45kg &#8212; Vajuta pildile, et toodet suuremalt n\u00e4ha.. &nbsp;<\/p>","protected":false},"author":1,"featured_media":0,"parent":5,"menu_order":0,"comment_status":"closed","ping_status":"closed","template":"","meta":{"_uf_show_specific_survey":0,"_uf_disable_surveys":false,"iawp_total_views":91,"footnotes":""},"class_list":["post-7365","page","type-page","status-publish","hentry"],"yoast_head":"<!-- This site is optimized with the Yoast SEO plugin v27.5 - https:\/\/yoast.com\/product\/yoast-seo-wordpress\/ -->\n<title>Veorullik kuullaagritega - Mazam O\u00dc<\/title>\n<meta name=\"description\" content=\"Veorullik kuullaagritega - Veorullik avatav 0,81T plastik (50mm x 115mm). Kasutatakse koos jahilindiga uluku suunamiseks puude vahel.\" \/>\n<meta name=\"robots\" content=\"index, follow, max-snippet:-1, max-image-preview:large, max-video-preview:-1\" \/>\n<link rel=\"canonical\" href=\"https:\/\/www.mazam.eu\/ru\/produkty\/\u0442\u044f\u0433\u043e\u0432\u044b\u0439-\u0431\u043b\u043e\u043a-\u0441-\u0448\u0430\u0440\u0438\u043a\u043e\u043f\u043e\u0434\u0448\u0438\u043f\u043d\u0438\u043a\u0430\u043c\u0438\/\" \/>\n<meta property=\"og:locale\" content=\"ru_RU\" \/>\n<meta property=\"og:type\" content=\"article\" \/>\n<meta property=\"og:title\" content=\"Veorullik kuullaagritega - Mazam O\u00dc\" \/>\n<meta property=\"og:description\" content=\"Veorullik kuullaagritega - Veorullik avatav 0,81T plastik (50mm x 115mm). Kasutatakse koos jahilindiga uluku suunamiseks puude vahel.\" \/>\n<meta property=\"og:url\" content=\"https:\/\/www.mazam.eu\/ru\/produkty\/\u0442\u044f\u0433\u043e\u0432\u044b\u0439-\u0431\u043b\u043e\u043a-\u0441-\u0448\u0430\u0440\u0438\u043a\u043e\u043f\u043e\u0434\u0448\u0438\u043f\u043d\u0438\u043a\u0430\u043c\u0438\/\" \/>\n<meta property=\"og:site_name\" content=\"Mazam O&Uuml; | T&otilde;ste- ja koormakinnitusvahendite tootmine ja m&uuml;&uuml;k (2014 - 2026) - linttropp &bull; koormarihm &bull; ringt&otilde;stev&ouml;&ouml; &bull; terastross &bull; kett-tropp &bull; vints &bull; t&otilde;stemagnet jpm.\" \/>\n<meta property=\"article:modified_time\" content=\"2025-02-20T08:05:12+00:00\" \/>\n<meta property=\"og:image\" content=\"https:\/\/www.mazam.eu\/wp-content\/uploads\/2023\/10\/veorullik-avatav-081T-plastik-avatar.jpg\" \/>\n<meta name=\"twitter:card\" content=\"summary_large_image\" \/>\n<meta name=\"twitter:label1\" content=\"\u041f\u0440\u0438\u043c\u0435\u0440\u043d\u043e\u0435 \u0432\u0440\u0435\u043c\u044f \u0434\u043b\u044f \u0447\u0442\u0435\u043d\u0438\u044f\" \/>\n\t<meta name=\"twitter:data1\" content=\"1 \u043c\u0438\u043d\u0443\u0442\u0430\" \/>\n<script type=\"application\/ld+json\" class=\"yoast-schema-graph\">{\"@context\":\"https:\\\/\\\/schema.org\",\"@graph\":[{\"@type\":\"WebPage\",\"@id\":\"https:\\\/\\\/www.mazam.eu\\\/tooted\\\/veorullik-kuullaagritega-plokk\\\/\",\"url\":\"https:\\\/\\\/www.mazam.eu\\\/tooted\\\/veorullik-kuullaagritega-plokk\\\/\",\"name\":\"Veorullik kuullaagritega - Mazam O\u00dc\",\"isPartOf\":{\"@id\":\"https:\\\/\\\/www.mazam.eu\\\/#website\"},\"primaryImageOfPage\":{\"@id\":\"https:\\\/\\\/www.mazam.eu\\\/tooted\\\/veorullik-kuullaagritega-plokk\\\/#primaryimage\"},\"image\":{\"@id\":\"https:\\\/\\\/www.mazam.eu\\\/tooted\\\/veorullik-kuullaagritega-plokk\\\/#primaryimage\"},\"thumbnailUrl\":\"https:\\\/\\\/www.mazam.eu\\\/wp-content\\\/uploads\\\/2023\\\/10\\\/veorullik-avatav-081T-plastik-avatar.jpg\",\"datePublished\":\"2022-10-10T08:30:46+00:00\",\"dateModified\":\"2025-02-20T08:05:12+00:00\",\"description\":\"Veorullik kuullaagritega - Veorullik avatav 0,81T plastik (50mm x 115mm). Kasutatakse koos jahilindiga uluku suunamiseks puude vahel.\",\"breadcrumb\":{\"@id\":\"https:\\\/\\\/www.mazam.eu\\\/tooted\\\/veorullik-kuullaagritega-plokk\\\/#breadcrumb\"},\"inLanguage\":\"ru-RU\",\"potentialAction\":[{\"@type\":\"ReadAction\",\"target\":[\"https:\\\/\\\/www.mazam.eu\\\/tooted\\\/veorullik-kuullaagritega-plokk\\\/\"]}]},{\"@type\":\"ImageObject\",\"inLanguage\":\"ru-RU\",\"@id\":\"https:\\\/\\\/www.mazam.eu\\\/tooted\\\/veorullik-kuullaagritega-plokk\\\/#primaryimage\",\"url\":\"https:\\\/\\\/www.mazam.eu\\\/wp-content\\\/uploads\\\/2023\\\/10\\\/veorullik-avatav-081T-plastik-avatar.jpg\",\"contentUrl\":\"https:\\\/\\\/www.mazam.eu\\\/wp-content\\\/uploads\\\/2023\\\/10\\\/veorullik-avatav-081T-plastik-avatar.jpg\"},{\"@type\":\"BreadcrumbList\",\"@id\":\"https:\\\/\\\/www.mazam.eu\\\/tooted\\\/veorullik-kuullaagritega-plokk\\\/#breadcrumb\",\"itemListElement\":[{\"@type\":\"ListItem\",\"position\":1,\"name\":\"Home\",\"item\":\"https:\\\/\\\/www.mazam.eu\\\/\"},{\"@type\":\"ListItem\",\"position\":2,\"name\":\"Tooted\",\"item\":\"https:\\\/\\\/www.mazam.eu\\\/tooted\\\/\"},{\"@type\":\"ListItem\",\"position\":3,\"name\":\"Veorullik kuullaagritega\"}]},{\"@type\":\"WebSite\",\"@id\":\"https:\\\/\\\/www.mazam.eu\\\/#website\",\"url\":\"https:\\\/\\\/www.mazam.eu\\\/\",\"name\":\"Mazam O&Uuml; | T&otilde;ste- ja koormakinnitusvahendite tootmine ja m&uuml;&uuml;k (2014 - 2026) - linttropp &bull; koormarihm &bull; ringt&otilde;stev&ouml;&ouml; &bull; terastross &bull; kett-tropp &bull; vints &bull; t&otilde;stemagnet jpm.\",\"description\":\"T&otilde;ste- ja kinnituslahendused | Lifting- and lashing solutions\",\"publisher\":{\"@id\":\"https:\\\/\\\/www.mazam.eu\\\/#organization\"},\"potentialAction\":[{\"@type\":\"SearchAction\",\"target\":{\"@type\":\"EntryPoint\",\"urlTemplate\":\"https:\\\/\\\/www.mazam.eu\\\/?s={search_term_string}\"},\"query-input\":{\"@type\":\"PropertyValueSpecification\",\"valueRequired\":true,\"valueName\":\"search_term_string\"}}],\"inLanguage\":\"ru-RU\"},{\"@type\":\"Organization\",\"@id\":\"https:\\\/\\\/www.mazam.eu\\\/#organization\",\"name\":\"Mazam O\u00dc\",\"url\":\"https:\\\/\\\/www.mazam.eu\\\/\",\"logo\":{\"@type\":\"ImageObject\",\"inLanguage\":\"ru-RU\",\"@id\":\"https:\\\/\\\/www.mazam.eu\\\/#\\\/schema\\\/logo\\\/image\\\/\",\"url\":\"https:\\\/\\\/www.mazam.eu\\\/wp-content\\\/uploads\\\/2015\\\/10\\\/mazam-logo-linttropp-koormarihm-t\u00f5stev\u00f6\u00f6.png\",\"contentUrl\":\"https:\\\/\\\/www.mazam.eu\\\/wp-content\\\/uploads\\\/2015\\\/10\\\/mazam-logo-linttropp-koormarihm-t\u00f5stev\u00f6\u00f6.png\",\"width\":190,\"height\":70,\"caption\":\"Mazam O\u00dc\"},\"image\":{\"@id\":\"https:\\\/\\\/www.mazam.eu\\\/#\\\/schema\\\/logo\\\/image\\\/\"}}]}<\/script>\n<!-- \/ Yoast SEO plugin. -->","yoast_head_json":{"title":"\u041f\u043e\u0434\u0448\u0438\u043f\u043d\u0438\u043a \u043a\u0430\u0447\u0435\u043d\u0438\u044f \u0441 \u0448\u0430\u0440\u0438\u043a\u043e\u043f\u043e\u0434\u0448\u0438\u043f\u043d\u0438\u043a\u0430\u043c\u0438 - Mazam O\u00dc","description":"\u0420\u043e\u043b\u0438\u043a \u0441 \u0448\u0430\u0440\u0438\u043a\u043e\u043f\u043e\u0434\u0448\u0438\u043f\u043d\u0438\u043a\u0430\u043c\u0438 - \u0420\u043e\u043b\u0438\u043a \u043e\u0442\u043a\u0440\u044b\u0442\u044b\u0439 0,81T \u043f\u043b\u0430\u0441\u0442\u0438\u043a\u043e\u0432\u044b\u0439 (50\u043c\u043c \u0445 115\u043c\u043c). \u0418\u0441\u043f\u043e\u043b\u044c\u0437\u0443\u0435\u0442\u0441\u044f \u0432 \u0441\u043e\u0447\u0435\u0442\u0430\u043d\u0438\u0438 \u0441 \u043e\u0445\u043e\u0442\u043d\u0438\u0447\u044c\u0435\u0439 \u0448\u0442\u043e\u0440\u043e\u0439 \u0434\u043b\u044f \u043d\u0430\u043f\u0440\u0430\u0432\u043b\u0435\u043d\u0438\u044f \u0434\u0438\u0447\u0438 \u043c\u0435\u0436\u0434\u0443 \u0434\u0435\u0440\u0435\u0432\u044c\u044f\u043c\u0438.","robots":{"index":"index","follow":"follow","max-snippet":"max-snippet:-1","max-image-preview":"max-image-preview:large","max-video-preview":"max-video-preview:-1"},"canonical":"https:\/\/www.mazam.eu\/ru\/produkty\/\u0442\u044f\u0433\u043e\u0432\u044b\u0439-\u0431\u043b\u043e\u043a-\u0441-\u0448\u0430\u0440\u0438\u043a\u043e\u043f\u043e\u0434\u0448\u0438\u043f\u043d\u0438\u043a\u0430\u043c\u0438\/","og_locale":"ru_RU","og_type":"article","og_title":"Veorullik kuullaagritega - Mazam O\u00dc","og_description":"Veorullik kuullaagritega - Veorullik avatav 0,81T plastik (50mm x 115mm). Kasutatakse koos jahilindiga uluku suunamiseks puude vahel.","og_url":"https:\/\/www.mazam.eu\/ru\/produkty\/\u0442\u044f\u0433\u043e\u0432\u044b\u0439-\u0431\u043b\u043e\u043a-\u0441-\u0448\u0430\u0440\u0438\u043a\u043e\u043f\u043e\u0434\u0448\u0438\u043f\u043d\u0438\u043a\u0430\u043c\u0438\/","og_site_name":"Mazam O&Uuml; | T&otilde;ste- ja koormakinnitusvahendite tootmine ja m&uuml;&uuml;k (2014 - 2026) - linttropp &bull; koormarihm &bull; ringt&otilde;stev&ouml;&ouml; &bull; terastross &bull; kett-tropp &bull; vints &bull; t&otilde;stemagnet jpm.","article_modified_time":"2025-02-20T08:05:12+00:00","og_image":[{"url":"https:\/\/www.mazam.eu\/wp-content\/uploads\/2023\/10\/veorullik-avatav-081T-plastik-avatar.jpg","type":"","width":"","height":""}],"twitter_card":"summary_large_image","twitter_misc":{"\u041f\u0440\u0438\u043c\u0435\u0440\u043d\u043e\u0435 \u0432\u0440\u0435\u043c\u044f \u0434\u043b\u044f \u0447\u0442\u0435\u043d\u0438\u044f":"1 \u043c\u0438\u043d\u0443\u0442\u0430"},"schema":{"@context":"https:\/\/schema.org","@graph":[{"@type":"WebPage","@id":"https:\/\/www.mazam.eu\/tooted\/veorullik-kuullaagritega-plokk\/","url":"https:\/\/www.mazam.eu\/tooted\/veorullik-kuullaagritega-plokk\/","name":"\u041f\u043e\u0434\u0448\u0438\u043f\u043d\u0438\u043a \u043a\u0430\u0447\u0435\u043d\u0438\u044f \u0441 \u0448\u0430\u0440\u0438\u043a\u043e\u043f\u043e\u0434\u0448\u0438\u043f\u043d\u0438\u043a\u0430\u043c\u0438 - Mazam O\u00dc","isPartOf":{"@id":"https:\/\/www.mazam.eu\/#website"},"primaryImageOfPage":{"@id":"https:\/\/www.mazam.eu\/tooted\/veorullik-kuullaagritega-plokk\/#primaryimage"},"image":{"@id":"https:\/\/www.mazam.eu\/tooted\/veorullik-kuullaagritega-plokk\/#primaryimage"},"thumbnailUrl":"https:\/\/www.mazam.eu\/wp-content\/uploads\/2023\/10\/veorullik-avatav-081T-plastik-avatar.jpg","datePublished":"2022-10-10T08:30:46+00:00","dateModified":"2025-02-20T08:05:12+00:00","description":"\u0420\u043e\u043b\u0438\u043a \u0441 \u0448\u0430\u0440\u0438\u043a\u043e\u043f\u043e\u0434\u0448\u0438\u043f\u043d\u0438\u043a\u0430\u043c\u0438 - \u0420\u043e\u043b\u0438\u043a \u043e\u0442\u043a\u0440\u044b\u0442\u044b\u0439 0,81T \u043f\u043b\u0430\u0441\u0442\u0438\u043a\u043e\u0432\u044b\u0439 (50\u043c\u043c \u0445 115\u043c\u043c). \u0418\u0441\u043f\u043e\u043b\u044c\u0437\u0443\u0435\u0442\u0441\u044f \u0432 \u0441\u043e\u0447\u0435\u0442\u0430\u043d\u0438\u0438 \u0441 \u043e\u0445\u043e\u0442\u043d\u0438\u0447\u044c\u0435\u0439 \u0448\u0442\u043e\u0440\u043e\u0439 \u0434\u043b\u044f \u043d\u0430\u043f\u0440\u0430\u0432\u043b\u0435\u043d\u0438\u044f \u0434\u0438\u0447\u0438 \u043c\u0435\u0436\u0434\u0443 \u0434\u0435\u0440\u0435\u0432\u044c\u044f\u043c\u0438.","breadcrumb":{"@id":"https:\/\/www.mazam.eu\/tooted\/veorullik-kuullaagritega-plokk\/#breadcrumb"},"inLanguage":"ru-RU","potentialAction":[{"@type":"ReadAction","target":["https:\/\/www.mazam.eu\/tooted\/veorullik-kuullaagritega-plokk\/"]}]},{"@type":"ImageObject","inLanguage":"ru-RU","@id":"https:\/\/www.mazam.eu\/tooted\/veorullik-kuullaagritega-plokk\/#primaryimage","url":"https:\/\/www.mazam.eu\/wp-content\/uploads\/2023\/10\/veorullik-avatav-081T-plastik-avatar.jpg","contentUrl":"https:\/\/www.mazam.eu\/wp-content\/uploads\/2023\/10\/veorullik-avatav-081T-plastik-avatar.jpg"},{"@type":"BreadcrumbList","@id":"https:\/\/www.mazam.eu\/tooted\/veorullik-kuullaagritega-plokk\/#breadcrumb","itemListElement":[{"@type":"ListItem","position":1,"name":"Home","item":"https:\/\/www.mazam.eu\/"},{"@type":"ListItem","position":2,"name":"Tooted","item":"https:\/\/www.mazam.eu\/tooted\/"},{"@type":"ListItem","position":3,"name":"Veorullik kuullaagritega"}]},{"@type":"WebSite","@id":"https:\/\/www.mazam.eu\/#website","url":"https:\/\/www.mazam.eu\/","name":"Mazam O\u00dc | \u041f\u0440\u043e\u0438\u0437\u0432\u043e\u0434\u0441\u0442\u0432\u043e \u0438 \u043f\u0440\u043e\u0434\u0430\u0436\u0430 \u043f\u043e\u0434\u044a\u0435\u043c\u043d\u043e-\u0442\u0440\u0430\u043d\u0441\u043f\u043e\u0440\u0442\u043d\u043e\u0433\u043e \u043e\u0431\u043e\u0440\u0443\u0434\u043e\u0432\u0430\u043d\u0438\u044f (2014 - 2026) - \u043b\u0438\u043d\u0442\u0440\u0443\u043f\u0430 - \u0433\u0440\u0443\u0437\u043e\u0432\u043e\u0439 \u0440\u0435\u043c\u0435\u043d\u044c - \u0442\u0430\u043b\u0435\u0432\u044b\u0439 \u0440\u0435\u043c\u0435\u043d\u044c - \u0441\u0442\u0430\u043b\u044c\u043d\u043e\u0439 \u043a\u0430\u043d\u0430\u0442 - \u0446\u0435\u043f\u043d\u043e\u0439 \u0442\u0430\u043b\u0440\u0435\u043f - \u043b\u0435\u0431\u0435\u0434\u043a\u0430 - \u043f\u043e\u0434\u044a\u0435\u043c\u043d\u044b\u0439 \u043c\u0430\u0433\u043d\u0438\u0442 \u0438 \u0442.\u0434.","description":"\u0420\u0435\u0448\u0435\u043d\u0438\u044f \u0434\u043b\u044f \u043f\u043e\u0434\u044a\u0435\u043c\u0430 \u0438 \u043a\u0440\u0435\u043f\u043b\u0435\u043d\u0438\u044f | \u0420\u0435\u0448\u0435\u043d\u0438\u044f \u0434\u043b\u044f \u043f\u043e\u0434\u044a\u0435\u043c\u0430 \u0438 \u043a\u0440\u0435\u043f\u043b\u0435\u043d\u0438\u044f","publisher":{"@id":"https:\/\/www.mazam.eu\/#organization"},"potentialAction":[{"@type":"SearchAction","target":{"@type":"EntryPoint","urlTemplate":"https:\/\/www.mazam.eu\/?s={search_term_string}"},"query-input":{"@type":"PropertyValueSpecification","valueRequired":true,"valueName":"search_term_string"}}],"inLanguage":"ru-RU"},{"@type":"Organization","@id":"https:\/\/www.mazam.eu\/#organization","name":"Mazam O\u00dc","url":"https:\/\/www.mazam.eu\/","logo":{"@type":"ImageObject","inLanguage":"ru-RU","@id":"https:\/\/www.mazam.eu\/#\/schema\/logo\/image\/","url":"https:\/\/www.mazam.eu\/wp-content\/uploads\/2015\/10\/mazam-logo-linttropp-koormarihm-t\u00f5stev\u00f6\u00f6.png","contentUrl":"https:\/\/www.mazam.eu\/wp-content\/uploads\/2015\/10\/mazam-logo-linttropp-koormarihm-t\u00f5stev\u00f6\u00f6.png","width":190,"height":70,"caption":"Mazam O\u00dc"},"image":{"@id":"https:\/\/www.mazam.eu\/#\/schema\/logo\/image\/"}}]}},"_links":{"self":[{"href":"https:\/\/www.mazam.eu\/ru\/wp-json\/wp\/v2\/pages\/7365","targetHints":{"allow":["GET"]}}],"collection":[{"href":"https:\/\/www.mazam.eu\/ru\/wp-json\/wp\/v2\/pages"}],"about":[{"href":"https:\/\/www.mazam.eu\/ru\/wp-json\/wp\/v2\/types\/page"}],"author":[{"embeddable":true,"href":"https:\/\/www.mazam.eu\/ru\/wp-json\/wp\/v2\/users\/1"}],"replies":[{"embeddable":true,"href":"https:\/\/www.mazam.eu\/ru\/wp-json\/wp\/v2\/comments?post=7365"}],"version-history":[{"count":11,"href":"https:\/\/www.mazam.eu\/ru\/wp-json\/wp\/v2\/pages\/7365\/revisions"}],"predecessor-version":[{"id":9962,"href":"https:\/\/www.mazam.eu\/ru\/wp-json\/wp\/v2\/pages\/7365\/revisions\/9962"}],"up":[{"embeddable":true,"href":"https:\/\/www.mazam.eu\/ru\/wp-json\/wp\/v2\/pages\/5"}],"wp:attachment":[{"href":"https:\/\/www.mazam.eu\/ru\/wp-json\/wp\/v2\/media?parent=7365"}],"curies":[{"name":"wp","href":"https:\/\/api.w.org\/{rel}","templated":true}]}}