{"id":7525,"date":"2023-02-05T09:43:46","date_gmt":"2023-02-05T09:43:46","guid":{"rendered":"https:\/\/www.mazam.eu\/?page_id=7525"},"modified":"2025-04-08T06:40:35","modified_gmt":"2025-04-08T06:40:35","slug":"%d0%bf%d1%83%d0%bb%d1%8c%d1%82-%d1%80%d0%b0%d0%b4%d0%b8%d0%be%d1%83%d0%bf%d1%80%d0%b0%d0%b2%d0%bb%d0%b5%d0%bd%d0%b8%d1%8f-230%d0%b2","status":"publish","type":"page","link":"https:\/\/www.mazam.eu\/ru\/tooted\/raadio-teel-juhitav-juhtpult-230v\/","title":{"rendered":"\u041f\u0443\u043b\u044c\u0442 \u0440\u0430\u0434\u0438\u043e\u0443\u043f\u0440\u0430\u0432\u043b\u0435\u043d\u0438\u044f 230\u0412"},"content":{"rendered":"<div class='epvc-post-count'><span class='epvc-eye'><\/span>  <span class=\"epvc-count\"> 916<\/span><span class='epvc-label'> \u043f\u0440\u043e\u0441\u043c\u043e\u0442\u0440<\/span><\/div><p><span style=\"color: #ffffff;\">\u041f\u0443\u043b\u044c\u0442 \u0440\u0430\u0434\u0438\u043e\u0443\u043f\u0440\u0430\u0432\u043b\u0435\u043d\u0438\u044f 230\u0412<\/span><strong><br \/>\n\u041f\u0430\u043d\u0435\u043b\u044c \u0443\u043f\u0440\u0430\u0432\u043b\u0435\u043d\u0438\u044f \u0440\u0430\u0431\u043e\u0442\u0430\u0435\u0442 230 \u0412 <span style=\"text-decoration: underline;\"><span style=\"color: #0000ff; text-decoration: underline;\"><a style=\"color: #0000ff; text-decoration: underline;\" href=\"https:\/\/www.mazam.eu\/ru\/produkty\/%d1%82%d0%b0%d0%bb%d1%8c-%d1%8d%d0%bb%d0%b5%d0%ba%d1%82%d1%80%d0%b8%d1%87%d0%b5%d1%81%d0%ba%d0%b0%d1%8f-%d1%86%d0%b5%d0%bf%d0%bd%d0%b0%d1%8f-230b\/\" target=\"_blank\" rel=\"noopener\">\u0441 \u044d\u043b\u0435\u043a\u0442\u0440\u0438\u0447\u0435\u0441\u043a\u0438\u043c\u0438 \u0446\u0435\u043f\u043d\u044b\u043c\u0438 \u0437\u0430\u043c\u043a\u0430\u043c\u0438<\/a><\/span><\/span>, <span style=\"text-decoration: underline;\"><span style=\"color: #0000ff;\"><a style=\"color: #0000ff; text-decoration: underline;\" href=\"https:\/\/www.mazam.eu\/ru\/produkty\/%d0%bb%d0%b5%d0%b1%d0%b5%d0%b4%d0%ba%d0%b0-%d1%8d%d0%bb%d0%b5%d0%ba%d1%82%d1%80%d0%b8%d1%87%d0%b5%d1%81%d0%ba%d0%b0%d1%8f-230%d0%b2\/\" target=\"_blank\" rel=\"noopener\">\u0441 \u044d\u043b\u0435\u043a\u0442\u0440\u0438\u0447\u0435\u0441\u043a\u0438\u043c\u0438 \u043b\u0435\u0431\u0435\u0434\u043a\u0430\u043c\u0438<\/a><\/span><\/span> \u0438 <span style=\"color: #0000ff;\"><a style=\"color: #0000ff;\" href=\"https:\/\/www.mazam.eu\/ru\/produkty\/%d0%bb%d0%b5%d0%b1%d0%b5%d0%b4%d0%ba%d0%b0-%d1%8d%d0%bb%d0%b5%d0%ba%d1%82%d1%80%d0%b8%d1%87%d0%b5%d1%81%d0%ba%d0%b0%d1%8f-%d0%bf%d0%be%d0%b4%d0%b2%d0%b5%d1%81%d0%bd%d0%b0%d1%8f-230b\/\" target=\"_blank\" rel=\"noopener\"><span style=\"text-decoration: underline;\">\u0441 \u044d\u043b\u0435\u043a\u0442\u0440\u0438\u0447\u0435\u0441\u043a\u0438\u043c\u0438 \u043a\u0430\u043d\u0430\u0442\u0430\u043c\u0438<\/span><\/a><\/span>.<br \/>\n\u041b\u0435\u0433\u043a\u043e \u0443\u043f\u0440\u0430\u0432\u043b\u044f\u0442\u044c \u044d\u043b\u0435\u043a\u0442\u0440\u0438\u0447\u0435\u0441\u043a\u043e\u0439 \u0446\u0435\u043f\u043d\u043e\u0439 \u0441\u043d\u0430\u0441\u0442\u044c\u044e, \u043b\u0435\u0431\u0435\u0434\u043a\u043e\u0439 \u0438\u043b\u0438 \u0442\u0435\u043b\u0435\u0436\u043a\u043e\u0439 \u043f\u043e \u0440\u0430\u0434\u0438\u043e.<br \/>\n\u0412\u043c\u0435\u0441\u0442\u043e \u043a\u043d\u043e\u043f\u043e\u0447\u043d\u043e\u0433\u043e \u043f\u0443\u043b\u044c\u0442\u0430 \u0443\u043f\u0440\u0430\u0432\u043b\u0435\u043d\u0438\u044f \u043f\u043e\u0434\u043a\u043b\u044e\u0447\u0430\u0435\u0442\u0441\u044f \u043f\u0435\u0440\u0435\u0434\u0430\u0442\u0447\u0438\u043a, \u0438 \u043c\u043e\u0436\u043d\u043e \u043d\u0430\u0447\u0438\u043d\u0430\u0442\u044c \u043f\u043e\u0434\u044a\u0435\u043c.<br \/>\n\u0422\u043e\u043a \u043f\u0435\u0440\u0435\u0434\u0430\u0442\u0447\u0438\u043a\u0430: 6 \u0412 (4x AA)<br \/>\n\u0420\u0430\u0437\u043c\u0435\u0440\u044b \u043f\u0435\u0440\u0435\u0434\u0430\u0442\u0447\u0438\u043a\u0430 (\u0434\u043b\u0438\u043d\u0430\/\u0448\u0438\u0440\u0438\u043d\u0430\/\u0432\u044b\u0441\u043e\u0442\u0430): 190 \u043c\u043c x 70 \u043c\u043c x 50 \u043c\u043c<br \/>\n\u0420\u0430\u0437\u043c\u0435\u0440\u044b \u043f\u0440\u0438\u0435\u043c\u043d\u0438\u043a\u0430 (\u0434\u043b\u0438\u043d\u0430\/\u0448\u0438\u0440\u0438\u043d\u0430\/\u0432\u044b\u0441\u043e\u0442\u0430): 175 \u043c\u043c x 125 \u043c\u043c x 75 \u043c\u043c<br \/>\n\u0414\u043e\u043f\u0443\u0441\u0442\u0438\u043c\u0430\u044f \u0442\u0435\u043c\u043f\u0435\u0440\u0430\u0442\u0443\u0440\u0430: \u043e\u0442 -10\u00b0C \u0434\u043e +40\u00b0C<br \/>\n\u0421\u043e\u043e\u0442\u0432\u0435\u0442\u0441\u0442\u0432\u0443\u0435\u0442 \u0442\u0440\u0435\u0431\u043e\u0432\u0430\u043d\u0438\u044f\u043c \u0414\u0438\u0440\u0435\u043a\u0442\u0438\u0432\u044b \u043f\u043e \u043c\u0430\u0448\u0438\u043d\u043d\u043e\u043c\u0443 \u043e\u0431\u043e\u0440\u0443\u0434\u043e\u0432\u0430\u043d\u0438\u044e 2006\/42\/EC<span style=\"color: #333333;\"><a style=\"color: #333333;\" href=\"https:\/\/en.wikipedia.org\/wiki\/Radio_control\" target=\"_blank\" rel=\"noopener\">.<\/a><\/span><br \/>\n\u2014<br \/>\n<em>\u041d\u0430\u0436\u043c\u0438\u0442\u0435 \u043d\u0430 \u0438\u0437\u043e\u0431\u0440\u0430\u0436\u0435\u043d\u0438\u0435, \u0447\u0442\u043e\u0431\u044b \u0443\u0432\u0438\u0434\u0435\u0442\u044c \u0442\u043e\u0432\u0430\u0440 \u0432 \u0443\u0432\u0435\u043b\u0438\u0447\u0435\u043d\u043d\u043e\u043c \u0440\u0430\u0437\u043c\u0435\u0440\u0435.<\/em><\/strong><\/p>\n<figure id=\"attachment_11348\" aria-describedby=\"caption-attachment-11348\" style=\"width: 200px\" class=\"wp-caption alignnone\"><a href=\"https:\/\/www.mazam.eu\/wp-content\/uploads\/2025\/03\/raadio-teel-juhitav-juhtpult-230V-\u0420\u0430\u0434\u0438\u043e\u043f\u0443\u043b\u044c\u0442-\u0434\u0438\u0441\u0442\u0430\u043d\u0446\u0438\u043e\u043d\u043d\u043e\u0433\u043e-\u0443\u043f\u0440\u0430\u0432\u043b\u0435\u043d\u0438\u044f-230\u0412-radio-remote-control-230V-suur.jpg\" target=\"_blank\" rel=\"noopener\"><img loading=\"lazy\" decoding=\"async\" class=\"wp-image-11348 size-full\" src=\"https:\/\/www.mazam.eu\/wp-content\/uploads\/2025\/03\/raadio-teel-juhitav-juhtpult-230V-\u0420\u0430\u0434\u0438\u043e\u043f\u0443\u043b\u044c\u0442-\u0434\u0438\u0441\u0442\u0430\u043d\u0446\u0438\u043e\u043d\u043d\u043e\u0433\u043e-\u0443\u043f\u0440\u0430\u0432\u043b\u0435\u043d\u0438\u044f-230\u0412-radio-remote-control-230V-avatar.jpg\" alt=\"\u041f\u0443\u043b\u044c\u0442 \u0440\u0430\u0434\u0438\u043e\u0443\u043f\u0440\u0430\u0432\u043b\u0435\u043d\u0438\u044f 230\u0412\" width=\"200\" height=\"150\" data-id=\"11348\" \/><\/a><figcaption id=\"caption-attachment-11348\" class=\"wp-caption-text\">\u041f\u0443\u043b\u044c\u0442 \u0440\u0430\u0434\u0438\u043e\u0443\u043f\u0440\u0430\u0432\u043b\u0435\u043d\u0438\u044f 230\u0412<\/figcaption><\/figure>\n<p><span style=\"text-decoration: underline;\"><strong style=\"color: #ff6600; text-decoration: underline;\">\u0414\u0430\u043d\u043d\u044b\u0435:<\/strong><\/span><\/p>\n<table style=\"border-collapse: collapse; width: 100%;\">\n<tbody>\n<tr>\n<td style=\"width: 50%; text-align: center;\"><strong>\u0421\u043a\u043e\u0440\u043e\u0441\u0442\u044c \u043f\u043e\u0434\u044a\u0435\u043c\u0430<\/strong><\/td>\n<td style=\"width: 50%; text-align: center;\">1 \u043f\u043e\u0434\u044a\u0435\u043c \u0438\u043b\u0438 \u0441\u043a\u043e\u0440\u043e\u0441\u0442\u044c \u043f\u0435\u0440\u0435\u0434\u0432\u0438\u0436\u0435\u043d\u0438\u044f<\/td>\n<\/tr>\n<tr>\n<td style=\"width: 50%; text-align: center;\"><strong>\u041a\u043e\u043b\u0438\u0447\u0435\u0441\u0442\u0432\u043e \u043a\u043d\u043e\u043f\u043e\u043a<\/strong><\/td>\n<td style=\"width: 50%; text-align: center;\">2 \u043a\u043d\u043e\u043f\u043a\u0438<\/td>\n<\/tr>\n<tr>\n<td style=\"width: 50%; text-align: center;\"><strong>\u041f\u043e\u0434\u044a\u0435\u043c\u043d\u044b\u0435 \u0438\u043b\u0438 \u043f\u0435\u0440\u0435\u0434\u0432\u0438\u0436\u043d\u044b\u0435 \u043f\u043e\u0437\u0438\u0446\u0438\u0438<\/strong><\/td>\n<td style=\"width: 50%; text-align: center;\">\u25b2 \u25bc \u0438\u043b\u0438 \u25c4 \u25ba<\/td>\n<\/tr>\n<tr>\n<td style=\"width: 50%; text-align: center;\"><strong>\u0420\u0430\u0431\u043e\u0447\u0435\u0435 \u0440\u0430\u0441\u0441\u0442\u043e\u044f\u043d\u0438\u0435 \u043d\u0430 \u043e\u0442\u043a\u0440\u044b\u0442\u043e\u043c \u043f\u0440\u043e\u0441\u0442\u0440\u0430\u043d\u0441\u0442\u0432\u0435<\/strong><\/td>\n<td style=\"width: 50%; text-align: center;\">100m<\/td>\n<\/tr>\n<tr>\n<td style=\"width: 50%; text-align: center;\"><strong>IP (\u043a\u043b\u0430\u0441\u0441 \u043f\u044b\u043b\u0435- \u0438 \u0432\u043b\u0430\u0433\u043e\u0437\u0430\u0449\u0438\u0442\u044b)<\/strong><\/td>\n<td style=\"width: 50%; text-align: center;\">65<\/td>\n<\/tr>\n<tr>\n<td style=\"width: 50%; text-align: center;\"><strong>\u0412\u0435\u0441: \u043f\u0435\u0440\u0435\u0434\u0430\u0442\u0447\u0438\u043a\/\u043f\u0440\u0438\u0435\u043c\u043d\u0438\u043a<\/strong><\/td>\n<td style=\"width: 50%; text-align: center;\">0,4 \u043a\u0433 \/ 1,9 \u043a\u0433<\/td>\n<\/tr>\n<\/tbody>\n<\/table>\n<p>&nbsp;<\/p>","protected":false},"excerpt":{"rendered":"<p>916 vaatamistraadio teel juhitav juhtpult 230V Juhtpult t\u00f6\u00f6tab 230V elektriliste kett-talidega, elektriliste vintsidega ja elektriliste trosstalidega. Elektrilise kett-tali, vintsi v\u00f5i trosstali raadioteel juhitavaks muutmine on lihtne. Nuppudega juhtpuldi asemele \u00fchendatakse saatja ja t\u00f5stmine v\u00f5ib alata. Saatja vool: 6V (4x AA) Saatja m\u00f5\u00f5tmed (pikkus \/ laius \/ k\u00f5rgus): 190mm x 70mm x 50mm Vastuv\u00f5tja m\u00f5\u00f5tmed (pikkus&#8230;<\/p>","protected":false},"author":1,"featured_media":0,"parent":5,"menu_order":0,"comment_status":"closed","ping_status":"closed","template":"","meta":{"_uf_show_specific_survey":0,"_uf_disable_surveys":false,"iawp_total_views":140,"footnotes":""},"class_list":["post-7525","page","type-page","status-publish","hentry"],"yoast_head":"<!-- This site is optimized with the Yoast SEO plugin v27.5 - https:\/\/yoast.com\/product\/yoast-seo-wordpress\/ -->\n<title>RAADIO TEEL JUHITAV JUHTPULT 230V - Mazam O\u00dc<\/title>\n<meta name=\"description\" content=\"Raadio teel juhitav juhtpult 230V - Juhtpult t\u00f6\u00f6tab 230V elektriliste kett-talidega, elektriliste vintsidega ja elektriliste trosstalidega.\" \/>\n<meta name=\"robots\" content=\"index, follow, max-snippet:-1, max-image-preview:large, max-video-preview:-1\" \/>\n<link rel=\"canonical\" href=\"https:\/\/www.mazam.eu\/ru\/produkty\/\u043f\u0443\u043b\u044c\u0442-\u0440\u0430\u0434\u0438\u043e\u0443\u043f\u0440\u0430\u0432\u043b\u0435\u043d\u0438\u044f-230\u0432\/\" \/>\n<meta property=\"og:locale\" content=\"ru_RU\" \/>\n<meta property=\"og:type\" content=\"article\" \/>\n<meta property=\"og:title\" content=\"RAADIO TEEL JUHITAV JUHTPULT 230V - Mazam O\u00dc\" \/>\n<meta property=\"og:description\" content=\"Raadio teel juhitav juhtpult 230V - Juhtpult t\u00f6\u00f6tab 230V elektriliste kett-talidega, elektriliste vintsidega ja elektriliste trosstalidega.\" \/>\n<meta property=\"og:url\" content=\"https:\/\/www.mazam.eu\/ru\/produkty\/\u043f\u0443\u043b\u044c\u0442-\u0440\u0430\u0434\u0438\u043e\u0443\u043f\u0440\u0430\u0432\u043b\u0435\u043d\u0438\u044f-230\u0432\/\" \/>\n<meta property=\"og:site_name\" content=\"Mazam O&Uuml; | T&otilde;ste- ja koormakinnitusvahendite tootmine ja m&uuml;&uuml;k (2014 - 2026) - linttropp &bull; koormarihm &bull; ringt&otilde;stev&ouml;&ouml; &bull; terastross &bull; kett-tropp &bull; vints &bull; t&otilde;stemagnet jpm.\" \/>\n<meta property=\"article:modified_time\" content=\"2025-04-08T06:40:35+00:00\" \/>\n<meta name=\"twitter:card\" content=\"summary_large_image\" \/>\n<meta name=\"twitter:label1\" content=\"\u041f\u0440\u0438\u043c\u0435\u0440\u043d\u043e\u0435 \u0432\u0440\u0435\u043c\u044f \u0434\u043b\u044f \u0447\u0442\u0435\u043d\u0438\u044f\" \/>\n\t<meta name=\"twitter:data1\" content=\"1 \u043c\u0438\u043d\u0443\u0442\u0430\" \/>\n<script type=\"application\/ld+json\" class=\"yoast-schema-graph\">{\"@context\":\"https:\\\/\\\/schema.org\",\"@graph\":[{\"@type\":\"WebPage\",\"@id\":\"https:\\\/\\\/www.mazam.eu\\\/tooted\\\/raadio-teel-juhitav-juhtpult-230v\\\/\",\"url\":\"https:\\\/\\\/www.mazam.eu\\\/tooted\\\/raadio-teel-juhitav-juhtpult-230v\\\/\",\"name\":\"RAADIO TEEL JUHITAV JUHTPULT 230V - Mazam O\u00dc\",\"isPartOf\":{\"@id\":\"https:\\\/\\\/www.mazam.eu\\\/#website\"},\"datePublished\":\"2023-02-05T09:43:46+00:00\",\"dateModified\":\"2025-04-08T06:40:35+00:00\",\"description\":\"Raadio teel juhitav juhtpult 230V - Juhtpult t\u00f6\u00f6tab 230V elektriliste kett-talidega, elektriliste vintsidega ja elektriliste trosstalidega.\",\"breadcrumb\":{\"@id\":\"https:\\\/\\\/www.mazam.eu\\\/tooted\\\/raadio-teel-juhitav-juhtpult-230v\\\/#breadcrumb\"},\"inLanguage\":\"ru-RU\",\"potentialAction\":[{\"@type\":\"ReadAction\",\"target\":[\"https:\\\/\\\/www.mazam.eu\\\/tooted\\\/raadio-teel-juhitav-juhtpult-230v\\\/\"]}]},{\"@type\":\"BreadcrumbList\",\"@id\":\"https:\\\/\\\/www.mazam.eu\\\/tooted\\\/raadio-teel-juhitav-juhtpult-230v\\\/#breadcrumb\",\"itemListElement\":[{\"@type\":\"ListItem\",\"position\":1,\"name\":\"Home\",\"item\":\"https:\\\/\\\/www.mazam.eu\\\/\"},{\"@type\":\"ListItem\",\"position\":2,\"name\":\"Tooted\",\"item\":\"https:\\\/\\\/www.mazam.eu\\\/tooted\\\/\"},{\"@type\":\"ListItem\",\"position\":3,\"name\":\"raadio teel juhitav juhtpult 230V\"}]},{\"@type\":\"WebSite\",\"@id\":\"https:\\\/\\\/www.mazam.eu\\\/#website\",\"url\":\"https:\\\/\\\/www.mazam.eu\\\/\",\"name\":\"Mazam O&Uuml; | T&otilde;ste- ja koormakinnitusvahendite tootmine ja m&uuml;&uuml;k (2014 - 2026) - linttropp &bull; koormarihm &bull; ringt&otilde;stev&ouml;&ouml; &bull; terastross &bull; kett-tropp &bull; vints &bull; t&otilde;stemagnet jpm.\",\"description\":\"T&otilde;ste- ja kinnituslahendused | Lifting- and lashing solutions\",\"publisher\":{\"@id\":\"https:\\\/\\\/www.mazam.eu\\\/#organization\"},\"potentialAction\":[{\"@type\":\"SearchAction\",\"target\":{\"@type\":\"EntryPoint\",\"urlTemplate\":\"https:\\\/\\\/www.mazam.eu\\\/?s={search_term_string}\"},\"query-input\":{\"@type\":\"PropertyValueSpecification\",\"valueRequired\":true,\"valueName\":\"search_term_string\"}}],\"inLanguage\":\"ru-RU\"},{\"@type\":\"Organization\",\"@id\":\"https:\\\/\\\/www.mazam.eu\\\/#organization\",\"name\":\"Mazam O\u00dc\",\"url\":\"https:\\\/\\\/www.mazam.eu\\\/\",\"logo\":{\"@type\":\"ImageObject\",\"inLanguage\":\"ru-RU\",\"@id\":\"https:\\\/\\\/www.mazam.eu\\\/#\\\/schema\\\/logo\\\/image\\\/\",\"url\":\"https:\\\/\\\/www.mazam.eu\\\/wp-content\\\/uploads\\\/2015\\\/10\\\/mazam-logo-linttropp-koormarihm-t\u00f5stev\u00f6\u00f6.png\",\"contentUrl\":\"https:\\\/\\\/www.mazam.eu\\\/wp-content\\\/uploads\\\/2015\\\/10\\\/mazam-logo-linttropp-koormarihm-t\u00f5stev\u00f6\u00f6.png\",\"width\":190,\"height\":70,\"caption\":\"Mazam O\u00dc\"},\"image\":{\"@id\":\"https:\\\/\\\/www.mazam.eu\\\/#\\\/schema\\\/logo\\\/image\\\/\"}}]}<\/script>\n<!-- \/ Yoast SEO plugin. -->","yoast_head_json":{"title":"\u041f\u0443\u043b\u044c\u0442 \u0440\u0430\u0434\u0438\u043e\u0443\u043f\u0440\u0430\u0432\u043b\u0435\u043d\u0438\u044f 230\u0412 - Mazam O\u00dc","description":"\u041f\u0443\u043b\u044c\u0442 \u0440\u0430\u0434\u0438\u043e\u0443\u043f\u0440\u0430\u0432\u043b\u0435\u043d\u0438\u044f 230\u0412 - \u043f\u0443\u043b\u044c\u0442 \u0443\u043f\u0440\u0430\u0432\u043b\u0435\u043d\u0438\u044f \u0440\u0430\u0431\u043e\u0442\u0430\u0435\u0442 \u0441 \u044d\u043b\u0435\u043a\u0442\u0440\u0438\u0447\u0435\u0441\u043a\u0438\u043c\u0438 \u0446\u0435\u043f\u043d\u044b\u043c\u0438 \u0448\u0438\u043d\u0430\u043c\u0438, \u044d\u043b\u0435\u043a\u0442\u0440\u0438\u0447\u0435\u0441\u043a\u0438\u043c\u0438 \u043b\u0435\u0431\u0435\u0434\u043a\u0430\u043c\u0438 \u0438 \u044d\u043b\u0435\u043a\u0442\u0440\u0438\u0447\u0435\u0441\u043a\u0438\u043c\u0438 \u0442\u0440\u043e\u0441\u0430\u043c\u0438 230 \u0412.","robots":{"index":"index","follow":"follow","max-snippet":"max-snippet:-1","max-image-preview":"max-image-preview:large","max-video-preview":"max-video-preview:-1"},"canonical":"https:\/\/www.mazam.eu\/ru\/produkty\/\u043f\u0443\u043b\u044c\u0442-\u0440\u0430\u0434\u0438\u043e\u0443\u043f\u0440\u0430\u0432\u043b\u0435\u043d\u0438\u044f-230\u0432\/","og_locale":"ru_RU","og_type":"article","og_title":"RAADIO TEEL JUHITAV JUHTPULT 230V - Mazam O\u00dc","og_description":"Raadio teel juhitav juhtpult 230V - Juhtpult t\u00f6\u00f6tab 230V elektriliste kett-talidega, elektriliste vintsidega ja elektriliste trosstalidega.","og_url":"https:\/\/www.mazam.eu\/ru\/produkty\/\u043f\u0443\u043b\u044c\u0442-\u0440\u0430\u0434\u0438\u043e\u0443\u043f\u0440\u0430\u0432\u043b\u0435\u043d\u0438\u044f-230\u0432\/","og_site_name":"Mazam O&Uuml; | T&otilde;ste- ja koormakinnitusvahendite tootmine ja m&uuml;&uuml;k (2014 - 2026) - linttropp &bull; koormarihm &bull; ringt&otilde;stev&ouml;&ouml; &bull; terastross &bull; kett-tropp &bull; vints &bull; t&otilde;stemagnet jpm.","article_modified_time":"2025-04-08T06:40:35+00:00","twitter_card":"summary_large_image","twitter_misc":{"\u041f\u0440\u0438\u043c\u0435\u0440\u043d\u043e\u0435 \u0432\u0440\u0435\u043c\u044f \u0434\u043b\u044f \u0447\u0442\u0435\u043d\u0438\u044f":"1 \u043c\u0438\u043d\u0443\u0442\u0430"},"schema":{"@context":"https:\/\/schema.org","@graph":[{"@type":"WebPage","@id":"https:\/\/www.mazam.eu\/tooted\/raadio-teel-juhitav-juhtpult-230v\/","url":"https:\/\/www.mazam.eu\/tooted\/raadio-teel-juhitav-juhtpult-230v\/","name":"\u041f\u0443\u043b\u044c\u0442 \u0440\u0430\u0434\u0438\u043e\u0443\u043f\u0440\u0430\u0432\u043b\u0435\u043d\u0438\u044f 230\u0412 - Mazam O\u00dc","isPartOf":{"@id":"https:\/\/www.mazam.eu\/#website"},"datePublished":"2023-02-05T09:43:46+00:00","dateModified":"2025-04-08T06:40:35+00:00","description":"\u041f\u0443\u043b\u044c\u0442 \u0440\u0430\u0434\u0438\u043e\u0443\u043f\u0440\u0430\u0432\u043b\u0435\u043d\u0438\u044f 230\u0412 - \u043f\u0443\u043b\u044c\u0442 \u0443\u043f\u0440\u0430\u0432\u043b\u0435\u043d\u0438\u044f \u0440\u0430\u0431\u043e\u0442\u0430\u0435\u0442 \u0441 \u044d\u043b\u0435\u043a\u0442\u0440\u0438\u0447\u0435\u0441\u043a\u0438\u043c\u0438 \u0446\u0435\u043f\u043d\u044b\u043c\u0438 \u0448\u0438\u043d\u0430\u043c\u0438, \u044d\u043b\u0435\u043a\u0442\u0440\u0438\u0447\u0435\u0441\u043a\u0438\u043c\u0438 \u043b\u0435\u0431\u0435\u0434\u043a\u0430\u043c\u0438 \u0438 \u044d\u043b\u0435\u043a\u0442\u0440\u0438\u0447\u0435\u0441\u043a\u0438\u043c\u0438 \u0442\u0440\u043e\u0441\u0430\u043c\u0438 230 \u0412.","breadcrumb":{"@id":"https:\/\/www.mazam.eu\/tooted\/raadio-teel-juhitav-juhtpult-230v\/#breadcrumb"},"inLanguage":"ru-RU","potentialAction":[{"@type":"ReadAction","target":["https:\/\/www.mazam.eu\/tooted\/raadio-teel-juhitav-juhtpult-230v\/"]}]},{"@type":"BreadcrumbList","@id":"https:\/\/www.mazam.eu\/tooted\/raadio-teel-juhitav-juhtpult-230v\/#breadcrumb","itemListElement":[{"@type":"ListItem","position":1,"name":"Home","item":"https:\/\/www.mazam.eu\/"},{"@type":"ListItem","position":2,"name":"Tooted","item":"https:\/\/www.mazam.eu\/tooted\/"},{"@type":"ListItem","position":3,"name":"raadio teel juhitav juhtpult 230V"}]},{"@type":"WebSite","@id":"https:\/\/www.mazam.eu\/#website","url":"https:\/\/www.mazam.eu\/","name":"Mazam O\u00dc | \u041f\u0440\u043e\u0438\u0437\u0432\u043e\u0434\u0441\u0442\u0432\u043e \u0438 \u043f\u0440\u043e\u0434\u0430\u0436\u0430 \u043f\u043e\u0434\u044a\u0435\u043c\u043d\u043e-\u0442\u0440\u0430\u043d\u0441\u043f\u043e\u0440\u0442\u043d\u043e\u0433\u043e \u043e\u0431\u043e\u0440\u0443\u0434\u043e\u0432\u0430\u043d\u0438\u044f (2014 - 2026) - \u043b\u0438\u043d\u0442\u0440\u0443\u043f\u0430 - \u0433\u0440\u0443\u0437\u043e\u0432\u043e\u0439 \u0440\u0435\u043c\u0435\u043d\u044c - \u0442\u0430\u043b\u0435\u0432\u044b\u0439 \u0440\u0435\u043c\u0435\u043d\u044c - \u0441\u0442\u0430\u043b\u044c\u043d\u043e\u0439 \u043a\u0430\u043d\u0430\u0442 - \u0446\u0435\u043f\u043d\u043e\u0439 \u0442\u0430\u043b\u0440\u0435\u043f - \u043b\u0435\u0431\u0435\u0434\u043a\u0430 - \u043f\u043e\u0434\u044a\u0435\u043c\u043d\u044b\u0439 \u043c\u0430\u0433\u043d\u0438\u0442 \u0438 \u0442.\u0434.","description":"\u0420\u0435\u0448\u0435\u043d\u0438\u044f \u0434\u043b\u044f \u043f\u043e\u0434\u044a\u0435\u043c\u0430 \u0438 \u043a\u0440\u0435\u043f\u043b\u0435\u043d\u0438\u044f | \u0420\u0435\u0448\u0435\u043d\u0438\u044f \u0434\u043b\u044f \u043f\u043e\u0434\u044a\u0435\u043c\u0430 \u0438 \u043a\u0440\u0435\u043f\u043b\u0435\u043d\u0438\u044f","publisher":{"@id":"https:\/\/www.mazam.eu\/#organization"},"potentialAction":[{"@type":"SearchAction","target":{"@type":"EntryPoint","urlTemplate":"https:\/\/www.mazam.eu\/?s={search_term_string}"},"query-input":{"@type":"PropertyValueSpecification","valueRequired":true,"valueName":"search_term_string"}}],"inLanguage":"ru-RU"},{"@type":"Organization","@id":"https:\/\/www.mazam.eu\/#organization","name":"Mazam O\u00dc","url":"https:\/\/www.mazam.eu\/","logo":{"@type":"ImageObject","inLanguage":"ru-RU","@id":"https:\/\/www.mazam.eu\/#\/schema\/logo\/image\/","url":"https:\/\/www.mazam.eu\/wp-content\/uploads\/2015\/10\/mazam-logo-linttropp-koormarihm-t\u00f5stev\u00f6\u00f6.png","contentUrl":"https:\/\/www.mazam.eu\/wp-content\/uploads\/2015\/10\/mazam-logo-linttropp-koormarihm-t\u00f5stev\u00f6\u00f6.png","width":190,"height":70,"caption":"Mazam O\u00dc"},"image":{"@id":"https:\/\/www.mazam.eu\/#\/schema\/logo\/image\/"}}]}},"_links":{"self":[{"href":"https:\/\/www.mazam.eu\/ru\/wp-json\/wp\/v2\/pages\/7525","targetHints":{"allow":["GET"]}}],"collection":[{"href":"https:\/\/www.mazam.eu\/ru\/wp-json\/wp\/v2\/pages"}],"about":[{"href":"https:\/\/www.mazam.eu\/ru\/wp-json\/wp\/v2\/types\/page"}],"author":[{"embeddable":true,"href":"https:\/\/www.mazam.eu\/ru\/wp-json\/wp\/v2\/users\/1"}],"replies":[{"embeddable":true,"href":"https:\/\/www.mazam.eu\/ru\/wp-json\/wp\/v2\/comments?post=7525"}],"version-history":[{"count":24,"href":"https:\/\/www.mazam.eu\/ru\/wp-json\/wp\/v2\/pages\/7525\/revisions"}],"predecessor-version":[{"id":11702,"href":"https:\/\/www.mazam.eu\/ru\/wp-json\/wp\/v2\/pages\/7525\/revisions\/11702"}],"up":[{"embeddable":true,"href":"https:\/\/www.mazam.eu\/ru\/wp-json\/wp\/v2\/pages\/5"}],"wp:attachment":[{"href":"https:\/\/www.mazam.eu\/ru\/wp-json\/wp\/v2\/media?parent=7525"}],"curies":[{"name":"wp","href":"https:\/\/api.w.org\/{rel}","templated":true}]}}