{"id":7945,"date":"2023-08-20T07:25:19","date_gmt":"2023-08-20T07:25:19","guid":{"rendered":"https:\/\/www.mazam.eu\/?page_id=7945"},"modified":"2025-05-05T09:04:11","modified_gmt":"2025-05-05T09:04:11","slug":"%d1%81%d0%ba%d1%80%d0%b5%d0%b1%d0%be%d0%ba","status":"publish","type":"page","link":"https:\/\/www.mazam.eu\/ru\/tooted\/kaablihaarats\/","title":{"rendered":"\u041a\u0440\u044b\u0441\u0430 \u0441 \u043a\u0430\u0431\u0435\u043b\u044c\u043d\u044b\u043c \u0432\u043e\u043b\u043e\u0441\u043e\u043c"},"content":{"rendered":"<div class='epvc-post-count'><span class='epvc-eye'><\/span>  <span class=\"epvc-count\"> 479<\/span><span class='epvc-label'> \u043f\u0440\u043e\u0441\u043c\u043e\u0442\u0440<\/span><\/div><p><span style=\"color: #ffffff;\">\u0441\u043a\u0440\u0435\u0431\u043e\u043a<br \/>\n<span style=\"color: #333333;\"><strong>\u041d\u0430\u0436\u043c\u0438\u0442\u0435 \u043d\u0430 \u043a\u0430\u0440\u0442\u0438\u043d\u043a\u0443, \u0447\u0442\u043e\u0431\u044b \u0443\u0432\u0438\u0434\u0435\u0442\u044c \u0443\u0432\u0435\u043b\u0438\u0447\u0435\u043d\u043d\u0443\u044e \u0432\u0435\u0440\u0441\u0438\u044e.<\/strong><\/span><br \/>\n<\/span><\/p>\n<figure id=\"attachment_7946\" aria-describedby=\"caption-attachment-7946\" style=\"width: 200px\" class=\"wp-caption alignnone\"><a href=\"https:\/\/www.mazam.eu\/wp-content\/uploads\/2023\/08\/kaablihaarats-kaabi-haarats-suur.jpg\" target=\"_blank\" rel=\"noopener\"><img loading=\"lazy\" decoding=\"async\" class=\"wp-image-7946 size-full\" src=\"https:\/\/www.mazam.eu\/wp-content\/uploads\/2023\/08\/kaablihaarats-kaabi-haarats-avatar.jpg\" alt=\"\u0441\u043a\u0440\u0435\u0431\u043e\u043a\" width=\"200\" height=\"150\" data-id=\"6724\" \/><\/a><figcaption id=\"caption-attachment-7946\" class=\"wp-caption-text\">\u0441\u043a\u0440\u0435\u0431\u043e\u043a<\/figcaption><\/figure>\n<p>\u0414\u043b\u044f \u043f\u0440\u043e\u0442\u044f\u0433\u0438\u0432\u0430\u043d\u0438\u044f \u043a\u0430\u0431\u0435\u043b\u0435\u0439.<\/p>\n<table style=\"border-collapse: collapse; width: 100%; height: 72px;\">\n<tbody>\n<tr style=\"height: 24px;\">\n<td style=\"width: 16.6667%; text-align: center; height: 24px;\"><strong>\u0420\u0430\u0431\u043e\u0447\u0430\u044f \u043d\u0430\u0433\u0440\u0443\u0437\u043a\u0430<\/strong><\/td>\n<td style=\"width: 10.8654%; text-align: center; height: 24px;\"><strong>\u0414\u043b\u044f \u043a\u0430\u0431\u0435\u043b\u0435\u0439<\/strong><\/td>\n<td style=\"width: 22.468%; text-align: center; height: 24px;\"><strong>\u041c\u0438\u043d - \u041c\u0430\u043a\u0441. \u0440\u0430\u0437\u043c\u0435\u0440 \u043a\u0430\u0431\u0435\u043b\u044f<\/strong><\/td>\n<td style=\"width: 16.6667%; text-align: center; height: 24px;\"><strong>\u0414\u043b\u0438\u043d\u0430 \u0447\u0435\u043b\u044e\u0441\u0442\u0438<\/strong><\/td>\n<td style=\"width: 16.6667%; text-align: center; height: 24px;\"><strong>\u041e\u0431\u0440\u0430\u0431\u043e\u0442\u043a\u0430 \u043f\u043e\u0432\u0435\u0440\u0445\u043d\u043e\u0441\u0442\u0438<\/strong><\/td>\n<td style=\"width: 16.6667%; text-align: center; height: 24px;\"><strong>\u0412\u0435\u0441<\/strong><\/td>\n<\/tr>\n<tr style=\"height: 24px;\">\n<td style=\"width: 16.6667%; text-align: center; height: 24px;\">1000\u043a\u0433<\/td>\n<td style=\"width: 10.8654%; text-align: center; height: 24px;\">\u0410\u0417\u0411\u0423\u041a\u0410-\u041c<\/td>\n<td style=\"width: 22.468%; text-align: center; height: 24px;\">4x25 \u043c\u043c2 - 4x95 \u043c\u043c2<\/td>\n<td style=\"width: 16.6667%; text-align: center; height: 24px;\">160\u043c\u043c<\/td>\n<td style=\"width: 16.6667%; text-align: center; height: 24px;\">\u0436\u0451\u043b\u0442\u044b\u0439 \u0445\u0440\u043e\u043c<\/td>\n<td style=\"width: 16.6667%; text-align: center; height: 24px;\">2,4\u043a\u0433<\/td>\n<\/tr>\n<tr style=\"height: 24px;\">\n<td style=\"width: 16.6667%; text-align: center; height: 24px;\">2000\u043a\u0433<\/td>\n<td style=\"width: 10.8654%; text-align: center; height: 24px;\">AL<\/td>\n<td style=\"width: 22.468%; text-align: center; height: 24px;\">5 \u043c\u043c - 28 \u043c\u043c<\/td>\n<td style=\"width: 16.6667%; text-align: center; height: 24px;\">120\u043c\u043c<\/td>\n<td style=\"width: 16.6667%; text-align: center; height: 24px;\">\u0436\u0451\u043b\u0442\u044b\u0439 \u0445\u0440\u043e\u043c<\/td>\n<td style=\"width: 16.6667%; text-align: center; height: 24px;\">1,9\u043a\u0433<\/td>\n<\/tr>\n<\/tbody>\n<\/table>\n<p>1000 \u043a\u0433 \u0445\u0430\u0440\u0430\u0446\u0430 - \u044d\u0442\u043e <span style=\"color: #0000ff;\">\u0441 \u0437\u0443\u0431\u0430\u043c\u0438<\/span>. \/ 2000 \u043a\u0433 \u0445\u0430\u0440\u0430\u0442\u043e\u0432 <span style=\"color: #ff0000;\">\u0431\u0435\u0437\u0437\u0443\u0431\u044b\u0439<\/span>.<\/p>","protected":false},"excerpt":{"rendered":"<p>479 vaatamistkaablihaarats Vajuta pildile, et toodet suuremana n\u00e4ha.. Kaablite t\u00f5mbamiseks. T\u00f6\u00f6koormus Kaablitele Min. &#8211; Max. kaabli m\u00f5\u00f5t L\u00f5ua pikkus Pinnat\u00f6\u00f6tlus Kaal 1000kg ABC-M 4x25mm2 &#8211; 4x95mm2 160mm kollane kroom 2,4kg 2000kg AL 5mm &#8211; 28mm 120mm kollane kroom 1,9kg 1000kg haarats on hammastega. \/ 2000kg haarats on hammasteta.<\/p>","protected":false},"author":1,"featured_media":0,"parent":5,"menu_order":0,"comment_status":"closed","ping_status":"closed","template":"","meta":{"_uf_show_specific_survey":0,"_uf_disable_surveys":false,"iawp_total_views":44,"footnotes":""},"class_list":["post-7945","page","type-page","status-publish","hentry"],"yoast_head":"<!-- This site is optimized with the Yoast SEO plugin v27.5 - https:\/\/yoast.com\/product\/yoast-seo-wordpress\/ -->\n<title>Kaablihaarats - Mazam O\u00dc - m\u00fc\u00fck ja tootmine<\/title>\n<meta name=\"description\" content=\"Kaablihaarats - kaablite t\u00f5mbamiseks.\" \/>\n<meta name=\"robots\" content=\"index, follow, max-snippet:-1, max-image-preview:large, max-video-preview:-1\" \/>\n<link rel=\"canonical\" href=\"https:\/\/www.mazam.eu\/ru\/produkty\/\u0441\u043a\u0440\u0435\u0431\u043e\u043a\/\" \/>\n<meta property=\"og:locale\" content=\"ru_RU\" \/>\n<meta property=\"og:type\" content=\"article\" \/>\n<meta property=\"og:title\" content=\"Kaablihaarats - Mazam O\u00dc - m\u00fc\u00fck ja tootmine\" \/>\n<meta property=\"og:description\" content=\"Kaablihaarats - kaablite t\u00f5mbamiseks.\" \/>\n<meta property=\"og:url\" content=\"https:\/\/www.mazam.eu\/ru\/produkty\/\u0441\u043a\u0440\u0435\u0431\u043e\u043a\/\" \/>\n<meta property=\"og:site_name\" content=\"Mazam O&Uuml; | T&otilde;ste- ja koormakinnitusvahendite tootmine ja m&uuml;&uuml;k (2014 - 2026) - linttropp &bull; koormarihm &bull; ringt&otilde;stev&ouml;&ouml; &bull; terastross &bull; kett-tropp &bull; vints &bull; t&otilde;stemagnet jpm.\" \/>\n<meta property=\"article:modified_time\" content=\"2025-05-05T09:04:11+00:00\" \/>\n<meta property=\"og:image\" content=\"https:\/\/www.mazam.eu\/wp-content\/uploads\/2023\/08\/kaablihaarats-kaabi-haarats-avatar.jpg\" \/>\n<meta name=\"twitter:card\" content=\"summary_large_image\" \/>\n<meta name=\"twitter:label1\" content=\"\u041f\u0440\u0438\u043c\u0435\u0440\u043d\u043e\u0435 \u0432\u0440\u0435\u043c\u044f \u0434\u043b\u044f \u0447\u0442\u0435\u043d\u0438\u044f\" \/>\n\t<meta name=\"twitter:data1\" content=\"1 \u043c\u0438\u043d\u0443\u0442\u0430\" \/>\n<script type=\"application\/ld+json\" class=\"yoast-schema-graph\">{\"@context\":\"https:\\\/\\\/schema.org\",\"@graph\":[{\"@type\":\"WebPage\",\"@id\":\"https:\\\/\\\/www.mazam.eu\\\/tooted\\\/kaablihaarats\\\/\",\"url\":\"https:\\\/\\\/www.mazam.eu\\\/tooted\\\/kaablihaarats\\\/\",\"name\":\"Kaablihaarats - Mazam O\u00dc - m\u00fc\u00fck ja tootmine\",\"isPartOf\":{\"@id\":\"https:\\\/\\\/www.mazam.eu\\\/#website\"},\"primaryImageOfPage\":{\"@id\":\"https:\\\/\\\/www.mazam.eu\\\/tooted\\\/kaablihaarats\\\/#primaryimage\"},\"image\":{\"@id\":\"https:\\\/\\\/www.mazam.eu\\\/tooted\\\/kaablihaarats\\\/#primaryimage\"},\"thumbnailUrl\":\"https:\\\/\\\/www.mazam.eu\\\/wp-content\\\/uploads\\\/2023\\\/08\\\/kaablihaarats-kaabi-haarats-avatar.jpg\",\"datePublished\":\"2023-08-20T07:25:19+00:00\",\"dateModified\":\"2025-05-05T09:04:11+00:00\",\"description\":\"Kaablihaarats - kaablite t\u00f5mbamiseks.\",\"breadcrumb\":{\"@id\":\"https:\\\/\\\/www.mazam.eu\\\/tooted\\\/kaablihaarats\\\/#breadcrumb\"},\"inLanguage\":\"ru-RU\",\"potentialAction\":[{\"@type\":\"ReadAction\",\"target\":[\"https:\\\/\\\/www.mazam.eu\\\/tooted\\\/kaablihaarats\\\/\"]}]},{\"@type\":\"ImageObject\",\"inLanguage\":\"ru-RU\",\"@id\":\"https:\\\/\\\/www.mazam.eu\\\/tooted\\\/kaablihaarats\\\/#primaryimage\",\"url\":\"https:\\\/\\\/www.mazam.eu\\\/wp-content\\\/uploads\\\/2023\\\/08\\\/kaablihaarats-kaabi-haarats-avatar.jpg\",\"contentUrl\":\"https:\\\/\\\/www.mazam.eu\\\/wp-content\\\/uploads\\\/2023\\\/08\\\/kaablihaarats-kaabi-haarats-avatar.jpg\"},{\"@type\":\"BreadcrumbList\",\"@id\":\"https:\\\/\\\/www.mazam.eu\\\/tooted\\\/kaablihaarats\\\/#breadcrumb\",\"itemListElement\":[{\"@type\":\"ListItem\",\"position\":1,\"name\":\"Home\",\"item\":\"https:\\\/\\\/www.mazam.eu\\\/\"},{\"@type\":\"ListItem\",\"position\":2,\"name\":\"Tooted\",\"item\":\"https:\\\/\\\/www.mazam.eu\\\/tooted\\\/\"},{\"@type\":\"ListItem\",\"position\":3,\"name\":\"Kaablihaarats\"}]},{\"@type\":\"WebSite\",\"@id\":\"https:\\\/\\\/www.mazam.eu\\\/#website\",\"url\":\"https:\\\/\\\/www.mazam.eu\\\/\",\"name\":\"Mazam O&Uuml; | T&otilde;ste- ja koormakinnitusvahendite tootmine ja m&uuml;&uuml;k (2014 - 2026) - linttropp &bull; koormarihm &bull; ringt&otilde;stev&ouml;&ouml; &bull; terastross &bull; kett-tropp &bull; vints &bull; t&otilde;stemagnet jpm.\",\"description\":\"T&otilde;ste- ja kinnituslahendused | Lifting- and lashing solutions\",\"publisher\":{\"@id\":\"https:\\\/\\\/www.mazam.eu\\\/#organization\"},\"potentialAction\":[{\"@type\":\"SearchAction\",\"target\":{\"@type\":\"EntryPoint\",\"urlTemplate\":\"https:\\\/\\\/www.mazam.eu\\\/?s={search_term_string}\"},\"query-input\":{\"@type\":\"PropertyValueSpecification\",\"valueRequired\":true,\"valueName\":\"search_term_string\"}}],\"inLanguage\":\"ru-RU\"},{\"@type\":\"Organization\",\"@id\":\"https:\\\/\\\/www.mazam.eu\\\/#organization\",\"name\":\"Mazam O\u00dc\",\"url\":\"https:\\\/\\\/www.mazam.eu\\\/\",\"logo\":{\"@type\":\"ImageObject\",\"inLanguage\":\"ru-RU\",\"@id\":\"https:\\\/\\\/www.mazam.eu\\\/#\\\/schema\\\/logo\\\/image\\\/\",\"url\":\"https:\\\/\\\/www.mazam.eu\\\/wp-content\\\/uploads\\\/2015\\\/10\\\/mazam-logo-linttropp-koormarihm-t\u00f5stev\u00f6\u00f6.png\",\"contentUrl\":\"https:\\\/\\\/www.mazam.eu\\\/wp-content\\\/uploads\\\/2015\\\/10\\\/mazam-logo-linttropp-koormarihm-t\u00f5stev\u00f6\u00f6.png\",\"width\":190,\"height\":70,\"caption\":\"Mazam O\u00dc\"},\"image\":{\"@id\":\"https:\\\/\\\/www.mazam.eu\\\/#\\\/schema\\\/logo\\\/image\\\/\"}}]}<\/script>\n<!-- \/ Yoast SEO plugin. -->","yoast_head_json":{"title":"\u041a\u0430\u0431\u0435\u043b\u044c \u0434\u043b\u044f \u0432\u043e\u043b\u043e\u0441 - Mazam O\u00dc - \u043f\u0440\u043e\u0434\u0430\u0436\u0430 \u0438 \u043f\u0440\u043e\u0438\u0437\u0432\u043e\u0434\u0441\u0442\u0432\u043e","description":"\u041a\u0430\u0431\u0435\u043b\u044c\u043d\u044b\u0439 \u0437\u0430\u0436\u0438\u043c - \u0434\u043b\u044f \u043f\u0440\u043e\u0442\u044f\u0436\u043a\u0438 \u043a\u0430\u0431\u0435\u043b\u0435\u0439.","robots":{"index":"index","follow":"follow","max-snippet":"max-snippet:-1","max-image-preview":"max-image-preview:large","max-video-preview":"max-video-preview:-1"},"canonical":"https:\/\/www.mazam.eu\/ru\/produkty\/\u0441\u043a\u0440\u0435\u0431\u043e\u043a\/","og_locale":"ru_RU","og_type":"article","og_title":"Kaablihaarats - Mazam O\u00dc - m\u00fc\u00fck ja tootmine","og_description":"Kaablihaarats - kaablite t\u00f5mbamiseks.","og_url":"https:\/\/www.mazam.eu\/ru\/produkty\/\u0441\u043a\u0440\u0435\u0431\u043e\u043a\/","og_site_name":"Mazam O&Uuml; | T&otilde;ste- ja koormakinnitusvahendite tootmine ja m&uuml;&uuml;k (2014 - 2026) - linttropp &bull; koormarihm &bull; ringt&otilde;stev&ouml;&ouml; &bull; terastross &bull; kett-tropp &bull; vints &bull; t&otilde;stemagnet jpm.","article_modified_time":"2025-05-05T09:04:11+00:00","og_image":[{"url":"https:\/\/www.mazam.eu\/wp-content\/uploads\/2023\/08\/kaablihaarats-kaabi-haarats-avatar.jpg","type":"","width":"","height":""}],"twitter_card":"summary_large_image","twitter_misc":{"\u041f\u0440\u0438\u043c\u0435\u0440\u043d\u043e\u0435 \u0432\u0440\u0435\u043c\u044f \u0434\u043b\u044f \u0447\u0442\u0435\u043d\u0438\u044f":"1 \u043c\u0438\u043d\u0443\u0442\u0430"},"schema":{"@context":"https:\/\/schema.org","@graph":[{"@type":"WebPage","@id":"https:\/\/www.mazam.eu\/tooted\/kaablihaarats\/","url":"https:\/\/www.mazam.eu\/tooted\/kaablihaarats\/","name":"\u041a\u0430\u0431\u0435\u043b\u044c \u0434\u043b\u044f \u0432\u043e\u043b\u043e\u0441 - Mazam O\u00dc - \u043f\u0440\u043e\u0434\u0430\u0436\u0430 \u0438 \u043f\u0440\u043e\u0438\u0437\u0432\u043e\u0434\u0441\u0442\u0432\u043e","isPartOf":{"@id":"https:\/\/www.mazam.eu\/#website"},"primaryImageOfPage":{"@id":"https:\/\/www.mazam.eu\/tooted\/kaablihaarats\/#primaryimage"},"image":{"@id":"https:\/\/www.mazam.eu\/tooted\/kaablihaarats\/#primaryimage"},"thumbnailUrl":"https:\/\/www.mazam.eu\/wp-content\/uploads\/2023\/08\/kaablihaarats-kaabi-haarats-avatar.jpg","datePublished":"2023-08-20T07:25:19+00:00","dateModified":"2025-05-05T09:04:11+00:00","description":"\u041a\u0430\u0431\u0435\u043b\u044c\u043d\u044b\u0439 \u0437\u0430\u0436\u0438\u043c - \u0434\u043b\u044f \u043f\u0440\u043e\u0442\u044f\u0436\u043a\u0438 \u043a\u0430\u0431\u0435\u043b\u0435\u0439.","breadcrumb":{"@id":"https:\/\/www.mazam.eu\/tooted\/kaablihaarats\/#breadcrumb"},"inLanguage":"ru-RU","potentialAction":[{"@type":"ReadAction","target":["https:\/\/www.mazam.eu\/tooted\/kaablihaarats\/"]}]},{"@type":"ImageObject","inLanguage":"ru-RU","@id":"https:\/\/www.mazam.eu\/tooted\/kaablihaarats\/#primaryimage","url":"https:\/\/www.mazam.eu\/wp-content\/uploads\/2023\/08\/kaablihaarats-kaabi-haarats-avatar.jpg","contentUrl":"https:\/\/www.mazam.eu\/wp-content\/uploads\/2023\/08\/kaablihaarats-kaabi-haarats-avatar.jpg"},{"@type":"BreadcrumbList","@id":"https:\/\/www.mazam.eu\/tooted\/kaablihaarats\/#breadcrumb","itemListElement":[{"@type":"ListItem","position":1,"name":"Home","item":"https:\/\/www.mazam.eu\/"},{"@type":"ListItem","position":2,"name":"Tooted","item":"https:\/\/www.mazam.eu\/tooted\/"},{"@type":"ListItem","position":3,"name":"Kaablihaarats"}]},{"@type":"WebSite","@id":"https:\/\/www.mazam.eu\/#website","url":"https:\/\/www.mazam.eu\/","name":"Mazam O\u00dc | \u041f\u0440\u043e\u0438\u0437\u0432\u043e\u0434\u0441\u0442\u0432\u043e \u0438 \u043f\u0440\u043e\u0434\u0430\u0436\u0430 \u043f\u043e\u0434\u044a\u0435\u043c\u043d\u043e-\u0442\u0440\u0430\u043d\u0441\u043f\u043e\u0440\u0442\u043d\u043e\u0433\u043e \u043e\u0431\u043e\u0440\u0443\u0434\u043e\u0432\u0430\u043d\u0438\u044f (2014 - 2026) - \u043b\u0438\u043d\u0442\u0440\u0443\u043f\u0430 - \u0433\u0440\u0443\u0437\u043e\u0432\u043e\u0439 \u0440\u0435\u043c\u0435\u043d\u044c - \u0442\u0430\u043b\u0435\u0432\u044b\u0439 \u0440\u0435\u043c\u0435\u043d\u044c - \u0441\u0442\u0430\u043b\u044c\u043d\u043e\u0439 \u043a\u0430\u043d\u0430\u0442 - \u0446\u0435\u043f\u043d\u043e\u0439 \u0442\u0430\u043b\u0440\u0435\u043f - \u043b\u0435\u0431\u0435\u0434\u043a\u0430 - \u043f\u043e\u0434\u044a\u0435\u043c\u043d\u044b\u0439 \u043c\u0430\u0433\u043d\u0438\u0442 \u0438 \u0442.\u0434.","description":"\u0420\u0435\u0448\u0435\u043d\u0438\u044f \u0434\u043b\u044f \u043f\u043e\u0434\u044a\u0435\u043c\u0430 \u0438 \u043a\u0440\u0435\u043f\u043b\u0435\u043d\u0438\u044f | \u0420\u0435\u0448\u0435\u043d\u0438\u044f \u0434\u043b\u044f \u043f\u043e\u0434\u044a\u0435\u043c\u0430 \u0438 \u043a\u0440\u0435\u043f\u043b\u0435\u043d\u0438\u044f","publisher":{"@id":"https:\/\/www.mazam.eu\/#organization"},"potentialAction":[{"@type":"SearchAction","target":{"@type":"EntryPoint","urlTemplate":"https:\/\/www.mazam.eu\/?s={search_term_string}"},"query-input":{"@type":"PropertyValueSpecification","valueRequired":true,"valueName":"search_term_string"}}],"inLanguage":"ru-RU"},{"@type":"Organization","@id":"https:\/\/www.mazam.eu\/#organization","name":"Mazam O\u00dc","url":"https:\/\/www.mazam.eu\/","logo":{"@type":"ImageObject","inLanguage":"ru-RU","@id":"https:\/\/www.mazam.eu\/#\/schema\/logo\/image\/","url":"https:\/\/www.mazam.eu\/wp-content\/uploads\/2015\/10\/mazam-logo-linttropp-koormarihm-t\u00f5stev\u00f6\u00f6.png","contentUrl":"https:\/\/www.mazam.eu\/wp-content\/uploads\/2015\/10\/mazam-logo-linttropp-koormarihm-t\u00f5stev\u00f6\u00f6.png","width":190,"height":70,"caption":"Mazam O\u00dc"},"image":{"@id":"https:\/\/www.mazam.eu\/#\/schema\/logo\/image\/"}}]}},"_links":{"self":[{"href":"https:\/\/www.mazam.eu\/ru\/wp-json\/wp\/v2\/pages\/7945","targetHints":{"allow":["GET"]}}],"collection":[{"href":"https:\/\/www.mazam.eu\/ru\/wp-json\/wp\/v2\/pages"}],"about":[{"href":"https:\/\/www.mazam.eu\/ru\/wp-json\/wp\/v2\/types\/page"}],"author":[{"embeddable":true,"href":"https:\/\/www.mazam.eu\/ru\/wp-json\/wp\/v2\/users\/1"}],"replies":[{"embeddable":true,"href":"https:\/\/www.mazam.eu\/ru\/wp-json\/wp\/v2\/comments?post=7945"}],"version-history":[{"count":2,"href":"https:\/\/www.mazam.eu\/ru\/wp-json\/wp\/v2\/pages\/7945\/revisions"}],"predecessor-version":[{"id":7950,"href":"https:\/\/www.mazam.eu\/ru\/wp-json\/wp\/v2\/pages\/7945\/revisions\/7950"}],"up":[{"embeddable":true,"href":"https:\/\/www.mazam.eu\/ru\/wp-json\/wp\/v2\/pages\/5"}],"wp:attachment":[{"href":"https:\/\/www.mazam.eu\/ru\/wp-json\/wp\/v2\/media?parent=7945"}],"curies":[{"name":"wp","href":"https:\/\/api.w.org\/{rel}","templated":true}]}}