{"id":795,"date":"2015-11-24T07:55:34","date_gmt":"2015-11-24T07:55:34","guid":{"rendered":"http:\/\/www.mazam.eu\/?page_id=795"},"modified":"2026-01-06T09:28:21","modified_gmt":"2026-01-06T09:28:21","slug":"kurs-podyoma","status":"publish","type":"page","link":"https:\/\/www.mazam.eu\/ru\/troppija-kursus\/","title":{"rendered":"\u041a\u0423\u0420\u0421 \u041f\u041e\u0414\u042a\u0415\u041c\u0410"},"content":{"rendered":"<div class='epvc-post-count'><span class='epvc-eye'><\/span>  <span class=\"epvc-count\"> 10&nbsp;390<\/span><span class='epvc-label'> \u043f\u0440\u043e\u0441\u043c\u043e\u0442\u0440<\/span><\/div><figure id=\"attachment_2008\" aria-describedby=\"caption-attachment-2008\" style=\"width: 300px\" class=\"wp-caption alignright\"><a href=\"https:\/\/www.mazam.eu\/ru\/produkty\/%d1%86%d0%b5%d0%bf%d1%8c-%d1%81-4-%d0%b7%d1%83%d0%b1%d1%86%d0%b0%d0%bc%d0%b8-%d0%ba%d1%80%d1%8e%d1%87%d0%ba%d0%b0%d0%bc%d0%b8-%d0%b4%d0%bb%d1%8f-%d1%81%d0%b1%d1%80%d0%be%d1%81%d0%b0-%d0%b8-%d1%81\/\" target=\"_blank\" rel=\"noopener\"><img loading=\"lazy\" decoding=\"async\" class=\"wp-image-2008 size-full\" src=\"http:\/\/www.e-katedraal.ee\/wp-content\/uploads\/2011\/07\/Troppija-9.jpg\" alt=\"\u041a\u0430\u043f\u043b\u044f \u0441 \u0446\u0435\u043f\u044c\u044e \u043d\u0430 4 \u043f\u043b\u0435\u0447\u0430\" width=\"300\" height=\"300\" \/><\/a><figcaption id=\"caption-attachment-2008\" class=\"wp-caption-text\">\u041a\u0430\u043f\u043b\u044f \u0441 \u0446\u0435\u043f\u044c\u044e \u043d\u0430 4 \u043f\u043b\u0435\u0447\u0430<\/figcaption><\/figure>\n<p><span style=\"color: #ffffff;\">\u043a\u0443\u0440\u0441 \u0442\u0440\u043e\u043f\u043f\u0438\u043d\u0433\u0430<\/span><strong><br \/>\n\u041a\u0443\u0440\u0441\u044b, \u043f\u0440\u043e\u0432\u043e\u0434\u0438\u043c\u044b\u0435 E-Cathedral Training Centre O\u00dc<br \/>\n\u0421\u0441\u044b\u043b\u043a\u0430 \u043d\u0430 \u0443\u0447\u0435\u0431\u043d\u044b\u0439 \u0441\u0430\u0439\u0442 <span style=\"text-decoration: underline;\"><span style=\"color: #0000ff;\"><a style=\"color: #0000ff; text-decoration: underline;\" href=\"http:\/\/www.e-katedraal.ee\/?page_id=142\" target=\"_blank\" rel=\"noopener noreferrer\">\u0437\u0434\u0435\u0441\u044c<\/a><\/span><\/span><\/strong><\/p>\n<hr \/>\n<p>\u0422\u0415\u041e\u0420\u0415\u0422\u0418\u0427\u0415\u0421\u041a\u0418\u0419 \u041a\u0423\u0420\u0421<br \/>\n\u0426\u0415\u041d\u0410: 97 \u20ac + \u043a\u043c<br \/>\n\u0414\u041b\u0418\u0422\u0415\u041b\u042c\u041d\u041e\u0421\u0422\u042c: \u0422\u0435\u043e\u0440\u0435\u0442\u0438\u0447\u0435\u0441\u043a\u0430\u044f \u043f\u043e\u0434\u0433\u043e\u0442\u043e\u0432\u043a\u0430 8 \u0447\u0430\u0441\u043e\u0432 + \u0447\u0430\u0441\u044b +<br \/>\n\u0441\u0442\u0430\u0436\u0438\u0440\u043e\u0432\u043a\u0430 64 \u0447\u0430\u0441\u0430 \u0432 \u0441\u043e\u0431\u0441\u0442\u0432\u0435\u043d\u043d\u043e\u0439 \u043a\u043e\u043c\u043f\u0430\u043d\u0438\u0438<br \/>\n\u0414\u043b\u044f \u043f\u043e\u043b\u0443\u0447\u0435\u043d\u0438\u044f \u0441\u0435\u0440\u0442\u0438\u0444\u0438\u043a\u0430\u0442\u0430 \u043d\u0435\u043e\u0431\u0445\u043e\u0434\u0438\u043c\u043e \u0438\u043c\u0435\u0442\u044c \u043d\u0435 \u043c\u0435\u043d\u0435\u0435 64 \u0447\u0430\u0441\u043e\u0432 \u043f\u0440\u0430\u043a\u0442\u0438\u0447\u0435\u0441\u043a\u043e\u0433\u043e \u043e\u043f\u044b\u0442\u0430. \u0447\u0430\u0441\u043e\u0432 \u0432 \u0441\u043e\u0431\u0441\u0442\u0432\u0435\u043d\u043d\u043e\u0439 \u043a\u043e\u043c\u043f\u0430\u043d\u0438\u0438<\/p>\n<p>\u0422\u0415\u041e\u0420\u0418\u042f + \u041f\u0420\u0410\u041a\u0422\u0418\u0427\u0415\u0421\u041a\u0418\u0419 \u041a\u0423\u0420\u0421<br \/>\n\u0426\u0415\u041d\u0410: 1060 \u20ac + \u043a\u043c<br \/>\n(\u0441\u0442\u043e\u0438\u043c\u043e\u0441\u0442\u044c \u043a\u0443\u0440\u0441\u0430 \u0432\u043a\u043b\u044e\u0447\u0430\u0435\u0442 \u043f\u0438\u0442\u0430\u043d\u0438\u0435)<br \/>\n\u0414\u041b\u0418\u0422\u0415\u041b\u042c\u041d\u041e\u0421\u0422\u042c: \u0422\u0435\u043e\u0440\u0435\u0442\u0438\u0447\u0435\u0441\u043a\u0430\u044f \u043f\u043e\u0434\u0433\u043e\u0442\u043e\u0432\u043a\u0430 8 \u0447\u0430\u0441\u043e\u0432 + \u0447\u0430\u0441\u044b +<br \/>\n\u0441\u0442\u0430\u0436\u0438\u0440\u043e\u0432\u043a\u0430 \u0432 \u0442\u0435\u0447\u0435\u043d\u0438\u0435 64 \u0447\u0430\u0441\u043e\u0432 \u0432 \u0443\u0447\u0435\u0431\u043d\u043e\u043c \u0446\u0435\u043d\u0442\u0440\u0435<br \/>\n\u0421\u0442\u0430\u0436\u0438\u0440\u043e\u0432\u043a\u0443 \u043e\u0431\u0435\u0441\u043f\u0435\u0447\u0438\u0432\u0430\u0435\u0442 \u0443\u0447\u0435\u0431\u043d\u044b\u0439 \u0446\u0435\u043d\u0442\u0440.<\/p>\n<div>\n<p>\u041a\u043e\u0434 ISCO: 7 215<\/p>\n<p>\u041e\u041f\u0418\u0421\u0410\u041d\u0418\u0415 \u0421\u041e\u0414\u0415\u0420\u0416\u0410\u041d\u0418\u042f:<br \/>\n\u0422\u0435\u043e\u0440\u0438\u044f (1 \u0434\u0435\u043d\u044c)<br \/>\n\u0422\u0438\u043f\u044b \u043a\u0440\u0430\u043d\u043e\u0432 \u0438 \u0442\u0440\u0435\u0431\u043e\u0432\u0430\u043d\u0438\u044f \u043a \u0438\u0445 \u044d\u043a\u0441\u043f\u043b\u0443\u0430\u0442\u0430\u0446\u0438\u0438. \u0413\u0440\u0443\u0437\u043e\u043f\u043e\u0434\u044a\u0435\u043c\u043d\u043e\u0435 \u043e\u0431\u043e\u0440\u0443\u0434\u043e\u0432\u0430\u043d\u0438\u0435. \u041f\u043e\u0434\u044a\u0435\u043c\u043d\u044b\u0435 \u043e\u043f\u0435\u0440\u0430\u0446\u0438\u0438 \u0441 \u0438\u0441\u043f\u043e\u043b\u044c\u0437\u043e\u0432\u0430\u043d\u0438\u0435\u043c \u043a\u0440\u0430\u043d\u043e\u0432.<br \/>\n\u041c\u0435\u0440\u044b \u0431\u0435\u0437\u043e\u043f\u0430\u0441\u043d\u043e\u0441\u0442\u0438. \u0417\u0430\u043a\u043e\u043d\u043e\u0434\u0430\u0442\u0435\u043b\u044c\u0441\u0442\u0432\u043e \u043f\u043e \u043e\u0445\u0440\u0430\u043d\u0435 \u0442\u0440\u0443\u0434\u0430. \u042d\u043a\u043e\u043b\u043e\u0433\u0438\u0447\u0435\u0441\u043a\u0438\u0439 \u043c\u0435\u043d\u0435\u0434\u0436\u043c\u0435\u043d\u0442. \u041f\u0435\u0440\u0432\u0430\u044f \u043f\u043e\u043c\u043e\u0449\u044c.<br \/>\n\u041f\u0440\u043e\u0438\u0437\u0432\u043e\u0434\u0441\u0442\u0432\u0435\u043d\u043d\u0430\u044f \u043f\u0440\u0430\u043a\u0442\u0438\u043a\u0430 \u0432 \u0441\u043e\u0431\u0441\u0442\u0432\u0435\u043d\u043d\u043e\u0439 \u043a\u043e\u043c\u043f\u0430\u043d\u0438\u0438 (8 \u0434\u043d\u0435\u0439)<br \/>\n\u0418\u0437\u0443\u0447\u0435\u043d\u0438\u0435 \u0440\u0443\u043a\u043e\u0432\u043e\u0434\u0441\u0442\u0432\u0430 \u043f\u043e \u044d\u043a\u0441\u043f\u043b\u0443\u0430\u0442\u0430\u0446\u0438\u0438 \u0442\u0440\u0430\u0443\u043b\u0435\u0440\u0430 \u043a\u043e\u043c\u043f\u0430\u043d\u0438\u0438. \u0418\u0437\u0443\u0447\u0435\u043d\u0438\u0435 \u0438 \u043e\u0442\u0440\u0430\u0431\u043e\u0442\u043a\u0430 \u0442\u0435\u0445\u043d\u0438\u043a\u0438 \u0432\u043c\u0435\u0441\u0442\u0435 \u0441 \u0440\u0443\u043a\u043e\u0432\u043e\u0434\u0438\u0442\u0435\u043b\u0435\u043c. \u0412\u044b\u043f\u043e\u043b\u043d\u0435\u043d\u0438\u0435 \u043f\u0440\u043e\u0431\u043d\u044b\u0445 \u0440\u0430\u0431\u043e\u0442.<br \/>\n\u0415\u0441\u043b\u0438 \u0441\u0442\u0430\u0436\u0438\u0440\u043e\u0432\u043a\u0430 \u0431\u044b\u043b\u0430 \u043f\u0440\u043e\u0439\u0434\u0435\u043d\u0430 \u0434\u043e \u0442\u0435\u043e\u0440\u0435\u0442\u0438\u0447\u0435\u0441\u043a\u043e\u0433\u043e \u043e\u0431\u0443\u0447\u0435\u043d\u0438\u044f, \u0441\u0442\u0430\u0436\u0435\u0440 \u0434\u043e\u043b\u0436\u0435\u043d \u043f\u0440\u0435\u0434\u043e\u0441\u0442\u0430\u0432\u0438\u0442\u044c \u0441\u043f\u0440\u0430\u0432\u043a\u0443 \u043e\u0442 \u0440\u0430\u0431\u043e\u0442\u043e\u0434\u0430\u0442\u0435\u043b\u044f.<\/p>\n<p>\u041b\u0415\u041a\u0422\u041e\u0420\u042b:<br \/>\n\u0415\u0432\u0433\u0435\u043d\u0438\u0439 \u0413\u0430\u0440\u0442\u043c\u0430\u043d - \u0438\u043d\u0441\u0442\u0440\u0443\u043a\u0442\u043e\u0440 \u043f\u043e \u0432\u043e\u0436\u0434\u0435\u043d\u0438\u044e \u0430\u0432\u0442\u043e\u0442\u0440\u0430\u043d\u0441\u043f\u043e\u0440\u0442\u0430, \u0441\u043f\u0435\u0446\u0438\u0430\u043b\u0438\u0441\u0442 \u043f\u043e \u0433\u0440\u0443\u0437\u043e\u043f\u043e\u0434\u044a\u0435\u043c\u043d\u043e\u043c\u0443 \u043e\u0431\u043e\u0440\u0443\u0434\u043e\u0432\u0430\u043d\u0438\u044e. \u041e\u043a\u043e\u043d\u0447\u0438\u043b \u0422\u0430\u043b\u043b\u0438\u043d\u043d\u0441\u043a\u0438\u0439 \u043f\u043e\u043b\u0438\u0442\u0435\u0445\u043d\u0438\u0447\u0435\u0441\u043a\u0438\u0439 \u0438\u043d\u0441\u0442\u0438\u0442\u0443\u0442 \u043f\u043e \u0441\u043f\u0435\u0446\u0438\u0430\u043b\u044c\u043d\u043e\u0441\u0442\u0438 \"\u0438\u043d\u0436\u0435\u043d\u0435\u0440-\u043c\u0435\u0445\u0430\u043d\u0438\u043a\".<br \/>\n\u0418\u043c\u0435\u0435\u0442 35-\u043b\u0435\u0442\u043d\u0438\u0439 \u043e\u043f\u044b\u0442 \u0440\u0430\u0431\u043e\u0442\u044b \u0442\u0440\u0435\u043d\u0435\u0440\u043e\u043c.<\/p>\n<p>\u041a\u041e\u041b\u041e\u041a\u041e\u041b\u042c\u0427\u0418\u041a\u0418:<br \/>\n\u0423\u0447\u0435\u0431\u043d\u044b\u0439 \u043a\u043b. 8.30 - 16.00<br \/>\n\u041e\u0431\u0435\u0434\u0435\u043d\u043d\u044b\u0439 \u043f\u0435\u0440\u0435\u0440\u044b\u0432 \u043a\u043b. 11.45 - 12.45<\/p>\n<p>\u041c\u0415\u0421\u0422\u041e \u041f\u0420\u041e\u0412\u0415\u0414\u0415\u041d\u0418\u042f \u041c\u0415\u0420\u041e\u041f\u0420\u0418\u042f\u0422\u0418\u042f:<br \/>\n\u0422\u0430\u043b\u043b\u0438\u043d\u043d, \u041c\u0443\u0441\u0442\u0430\u043c\u044f\u044d \u0442\u0435\u044d 5, III \u044d\u0442\u0430\u0436, \u043a\u043e\u043c\u043d\u0430\u0442\u0430 \u2116 304<br \/>\n\u0410\u0432\u0442\u043e\u0431\u0443\u0441\u043d\u044b\u0435 \u043e\u0441\u0442\u0430\u043d\u043e\u0432\u043a\u0438: \u0412\u044f\u043b\u044c\u044f, \u041f\u0438\u0440\u043d\u0438 \u0438 \u0418\u043f\u043e\u0434\u0440\u0443\u043c\u0438<br \/>\n\u0410\u0432\u0442\u043e\u0431\u0443\u0441\u044b \u2116 16, 21, 21B, 22, 26, 26A, 33, 47 \u0438\u043b\u0438 \u0442\u0440\u043e\u043b\u043b\u0435\u0439\u0431\u0443\u0441\u044b \u2116 1, 5, 6 \u0438 7.<\/p>\n<\/div>\n<hr \/>\n<p><strong>\u041c\u044b \u0442\u0430\u043a\u0436\u0435 \u0440\u0435\u043a\u043e\u043c\u0435\u043d\u0434\u0443\u0435\u043c:<\/strong><\/p>\n<p class=\"pagetitle\"><span style=\"color: #0000ff;\"><a style=\"color: #0000ff;\" href=\"http:\/\/www.e-katedraal.ee\/?page_id=140\" target=\"_blank\" rel=\"noopener noreferrer\">\u041a\u0443\u0440\u0441\u044b \u043c\u0430\u0448\u0438\u043d\u0438\u0441\u0442\u043e\u0432 \u0442\u0440\u0430\u043a\u0442\u043e\u0440\u043e\u0432 \u0438 \u043c\u043e\u0441\u0442\u043e\u0432\u044b\u0445 \u043a\u0440\u0430\u043d\u043e\u0432 \u0433\u0440\u0443\u0437\u043e\u043f\u043e\u0434\u044a\u0435\u043c\u043d\u043e\u0441\u0442\u044c\u044e \u0434\u043e 5 \u0442\u043e\u043d\u043d<br \/>\n<\/a><\/span><span style=\"color: #0000ff;\"><a style=\"color: #0000ff;\" href=\"http:\/\/www.e-katedraal.ee\/?page_id=114\" target=\"_blank\" rel=\"noopener noreferrer\">\u041a\u0443\u0440\u0441\u044b \u043c\u0430\u0448\u0438\u043d\u0438\u0441\u0442\u043e\u0432 \u0442\u0440\u0430\u043a\u0442\u043e\u0440\u0430 \u0438 \u043c\u043e\u0441\u0442\u043e\u0432\u043e\u0433\u043e \u043a\u0440\u0430\u043d\u0430 \u0433\u0440\u0443\u0437\u043e\u043f\u043e\u0434\u044a\u0435\u043c\u043d\u043e\u0441\u0442\u044c\u044e \u043c\u0435\u043d\u0435\u0435 \u0438 \u0431\u043e\u043b\u0435\u0435 5 \u0442\u043e\u043d\u043d<br \/>\n<\/a><\/span><span style=\"color: #0000ff;\"><a style=\"color: #0000ff;\" href=\"http:\/\/www.e-katedraal.ee\/?page_id=1867\" target=\"_blank\" rel=\"noopener noreferrer\">\u041a\u0443\u0440\u0441\u044b \u043e\u043f\u0435\u0440\u0430\u0442\u043e\u0440\u043e\u0432 \u043f\u043e\u0440\u0442\u0430\u043b\u044c\u043d\u044b\u0445, \u043a\u043e\u0437\u043b\u043e\u0432\u044b\u0445 \u0438 \u043a\u043e\u043d\u0441\u043e\u043b\u044c\u043d\u044b\u0445 \u043a\u0440\u0430\u043d\u043e\u0432 \u0441 \u043a\u0430\u0431\u0438\u043d\u043e\u0439<br \/>\n<\/a><\/span><span style=\"color: #0000ff;\"><a style=\"color: #0000ff;\" href=\"http:\/\/www.e-katedraal.ee\/?page_id=95\" target=\"_blank\" rel=\"noopener noreferrer\">\u041a\u0443\u0440\u0441\u044b \u0432\u043e\u0434\u0438\u0442\u0435\u043b\u0435\u0439 \u0432 \u0422\u043e\u0440\u043d\u043a\u0440\u0430\u0430\u043d\u0435<br \/>\n<\/a><\/span><span style=\"color: #0000ff;\"><a style=\"color: #0000ff;\" href=\"http:\/\/www.e-katedraal.ee\/?page_id=130\" target=\"_blank\" rel=\"noopener noreferrer\">\u041a\u0443\u0440\u0441 \u0441\u0443\u043f\u0435\u0440\u0432\u0430\u0439\u0437\u0435\u0440\u0430 \u043f\u043e \u0438\u0441\u043f\u043e\u043b\u044c\u0437\u043e\u0432\u0430\u043d\u0438\u044e \u043c\u043e\u0441\u0442\u043e\u0432\u044b\u0445, \u043a\u043e\u0437\u043b\u043e\u0432\u044b\u0445 \u0438 \u043a\u043e\u043d\u0441\u043e\u043b\u044c\u043d\u044b\u0445 \u043a\u0440\u0430\u043d\u043e\u0432<br \/>\n<\/a><\/span><span style=\"color: #0000ff;\"><a style=\"color: #0000ff;\" href=\"http:\/\/www.e-katedraal.ee\/?page_id=3007\" target=\"_blank\" rel=\"noopener noreferrer\">\u041a\u0443\u0440\u0441 \u0441\u0443\u043f\u0435\u0440\u0432\u0430\u0439\u0437\u0435\u0440\u0430 \u043f\u043e \u0438\u0441\u043f\u043e\u043b\u044c\u0437\u043e\u0432\u0430\u043d\u0438\u044e \u0431\u0430\u0448\u0435\u043d\u043d\u044b\u0445 \u043a\u0440\u0430\u043d\u043e\u0432<br \/>\n<\/a><\/span><span style=\"color: #0000ff;\"><a style=\"color: #0000ff;\" href=\"http:\/\/www.e-katedraal.ee\/?page_id=108\" target=\"_blank\" rel=\"noopener noreferrer\">\u041a\u0443\u0440\u0441 \u043c\u0430\u0448\u0438\u043d\u0438\u0441\u0442\u0430 \u043c\u043e\u0431\u0438\u043b\u044c\u043d\u043e\u0433\u043e \u043a\u0440\u0430\u043d\u0430<br \/>\n<\/a><\/span><span style=\"color: #0000ff;\"><a style=\"color: #0000ff;\" href=\"http:\/\/www.e-katedraal.ee\/?page_id=128\" target=\"_blank\" rel=\"noopener noreferrer\">\u041a\u0443\u0440\u0441 \u0441\u0443\u043f\u0435\u0440\u0432\u0430\u0439\u0437\u0435\u0440\u0430 \u043f\u043e \u0438\u0441\u043f\u043e\u043b\u044c\u0437\u043e\u0432\u0430\u043d\u0438\u044e \u043c\u043e\u0431\u0438\u043b\u044c\u043d\u044b\u0445 \u043a\u0440\u0430\u043d\u043e\u0432<\/a><br \/>\n<span style=\"color: #ffffff;\">\u043a\u0443\u0440\u0441 \u0442\u0440\u043e\u043f\u043f\u0438\u043d\u0433\u0430<\/span><br \/>\n<\/span><\/p>","protected":false},"excerpt":{"rendered":"<p>10&nbsp;390 vaatamisttroppija kursus Kursuseid viib l\u00e4bi E-katedraal Koolituskeskus O\u00dc Link koolituse kodulehele n\u00e4eb siin TEOORIA KURSUS HIND: 97 \u20ac + km KESTUS: teooria\u00f5pe 8 akad tundi\u00a0+ praktika 64 akad tundi omas ettev\u00f5ttes Tunnistuse saamise eelduseks on praktilise kogemuse omamine v\u00e4hemalt 64 akad. tundi omas ettev\u00f5ttes TEOORIA + PRAKTIKA KURSUS HIND: 1060\u00a0\u20ac\u00a0+ km (kursuse hind sisaldab&#8230;<\/p>","protected":false},"author":1,"featured_media":0,"parent":0,"menu_order":0,"comment_status":"closed","ping_status":"closed","template":"","meta":{"_uf_show_specific_survey":0,"_uf_disable_surveys":false,"iawp_total_views":343,"footnotes":""},"class_list":["post-795","page","type-page","status-publish","hentry"],"yoast_head":"<!-- This site is optimized with the Yoast SEO plugin v27.4 - https:\/\/yoast.com\/product\/yoast-seo-wordpress\/ -->\n<title>Troppija kursus - Mazam O\u00dc - tootmine ja m\u00fc\u00fck<\/title>\n<meta name=\"description\" content=\"Troppija kursus asukoht: Tallinn, Mustam\u00e4e tee 5, III korrus, ruum nr 304 Bussipeatused: V\u00e4lja, Pirni ja Hipodroomi. Bussid nr 16, 21, 21B..\" \/>\n<meta name=\"robots\" content=\"index, follow, max-snippet:-1, max-image-preview:large, max-video-preview:-1\" \/>\n<link rel=\"canonical\" href=\"https:\/\/www.mazam.eu\/ru\/kurs-podyoma\/\" \/>\n<meta property=\"og:locale\" content=\"ru_RU\" \/>\n<meta property=\"og:type\" content=\"article\" \/>\n<meta property=\"og:title\" content=\"Troppija kursus - Mazam O\u00dc - tootmine ja m\u00fc\u00fck\" \/>\n<meta property=\"og:description\" content=\"Troppija kursus asukoht: Tallinn, Mustam\u00e4e tee 5, III korrus, ruum nr 304 Bussipeatused: V\u00e4lja, Pirni ja Hipodroomi. Bussid nr 16, 21, 21B..\" \/>\n<meta property=\"og:url\" content=\"https:\/\/www.mazam.eu\/ru\/kurs-podyoma\/\" \/>\n<meta property=\"og:site_name\" content=\"Mazam O&Uuml; | T&otilde;ste- ja koormakinnitusvahendite tootmine ja m&uuml;&uuml;k (2014 - 2026) - linttropp &bull; koormarihm &bull; ringt&otilde;stev&ouml;&ouml; &bull; terastross &bull; kett-tropp &bull; vints &bull; t&otilde;stemagnet jpm.\" \/>\n<meta property=\"article:modified_time\" content=\"2026-01-06T09:28:21+00:00\" \/>\n<meta name=\"twitter:card\" content=\"summary_large_image\" \/>\n<meta name=\"twitter:label1\" content=\"\u041f\u0440\u0438\u043c\u0435\u0440\u043d\u043e\u0435 \u0432\u0440\u0435\u043c\u044f \u0434\u043b\u044f \u0447\u0442\u0435\u043d\u0438\u044f\" \/>\n\t<meta name=\"twitter:data1\" content=\"2 \u043c\u0438\u043d\u0443\u0442\u044b\" \/>\n<script type=\"application\/ld+json\" class=\"yoast-schema-graph\">{\"@context\":\"https:\\\/\\\/schema.org\",\"@graph\":[{\"@type\":\"WebPage\",\"@id\":\"https:\\\/\\\/www.mazam.eu\\\/troppija-kursus\\\/\",\"url\":\"https:\\\/\\\/www.mazam.eu\\\/troppija-kursus\\\/\",\"name\":\"Troppija kursus - Mazam O\u00dc - tootmine ja m\u00fc\u00fck\",\"isPartOf\":{\"@id\":\"https:\\\/\\\/www.mazam.eu\\\/#website\"},\"primaryImageOfPage\":{\"@id\":\"https:\\\/\\\/www.mazam.eu\\\/troppija-kursus\\\/#primaryimage\"},\"image\":{\"@id\":\"https:\\\/\\\/www.mazam.eu\\\/troppija-kursus\\\/#primaryimage\"},\"thumbnailUrl\":\"http:\\\/\\\/www.e-katedraal.ee\\\/wp-content\\\/uploads\\\/2011\\\/07\\\/Troppija-9.jpg\",\"datePublished\":\"2015-11-24T07:55:34+00:00\",\"dateModified\":\"2026-01-06T09:28:21+00:00\",\"description\":\"Troppija kursus asukoht: Tallinn, Mustam\u00e4e tee 5, III korrus, ruum nr 304 Bussipeatused: V\u00e4lja, Pirni ja Hipodroomi. Bussid nr 16, 21, 21B..\",\"breadcrumb\":{\"@id\":\"https:\\\/\\\/www.mazam.eu\\\/troppija-kursus\\\/#breadcrumb\"},\"inLanguage\":\"ru-RU\",\"potentialAction\":[{\"@type\":\"ReadAction\",\"target\":[\"https:\\\/\\\/www.mazam.eu\\\/troppija-kursus\\\/\"]}]},{\"@type\":\"ImageObject\",\"inLanguage\":\"ru-RU\",\"@id\":\"https:\\\/\\\/www.mazam.eu\\\/troppija-kursus\\\/#primaryimage\",\"url\":\"http:\\\/\\\/www.e-katedraal.ee\\\/wp-content\\\/uploads\\\/2011\\\/07\\\/Troppija-9.jpg\",\"contentUrl\":\"http:\\\/\\\/www.e-katedraal.ee\\\/wp-content\\\/uploads\\\/2011\\\/07\\\/Troppija-9.jpg\"},{\"@type\":\"BreadcrumbList\",\"@id\":\"https:\\\/\\\/www.mazam.eu\\\/troppija-kursus\\\/#breadcrumb\",\"itemListElement\":[{\"@type\":\"ListItem\",\"position\":1,\"name\":\"Home\",\"item\":\"https:\\\/\\\/www.mazam.eu\\\/\"},{\"@type\":\"ListItem\",\"position\":2,\"name\":\"Troppija kursus\"}]},{\"@type\":\"WebSite\",\"@id\":\"https:\\\/\\\/www.mazam.eu\\\/#website\",\"url\":\"https:\\\/\\\/www.mazam.eu\\\/\",\"name\":\"Mazam O&Uuml; | T&otilde;ste- ja koormakinnitusvahendite tootmine ja m&uuml;&uuml;k (2014 - 2026) - linttropp &bull; koormarihm &bull; ringt&otilde;stev&ouml;&ouml; &bull; terastross &bull; kett-tropp &bull; vints &bull; t&otilde;stemagnet jpm.\",\"description\":\"T&otilde;ste- ja kinnituslahendused | Lifting- and lashing solutions\",\"publisher\":{\"@id\":\"https:\\\/\\\/www.mazam.eu\\\/#organization\"},\"potentialAction\":[{\"@type\":\"SearchAction\",\"target\":{\"@type\":\"EntryPoint\",\"urlTemplate\":\"https:\\\/\\\/www.mazam.eu\\\/?s={search_term_string}\"},\"query-input\":{\"@type\":\"PropertyValueSpecification\",\"valueRequired\":true,\"valueName\":\"search_term_string\"}}],\"inLanguage\":\"ru-RU\"},{\"@type\":\"Organization\",\"@id\":\"https:\\\/\\\/www.mazam.eu\\\/#organization\",\"name\":\"Mazam O\u00dc\",\"url\":\"https:\\\/\\\/www.mazam.eu\\\/\",\"logo\":{\"@type\":\"ImageObject\",\"inLanguage\":\"ru-RU\",\"@id\":\"https:\\\/\\\/www.mazam.eu\\\/#\\\/schema\\\/logo\\\/image\\\/\",\"url\":\"https:\\\/\\\/www.mazam.eu\\\/wp-content\\\/uploads\\\/2015\\\/10\\\/mazam-logo-linttropp-koormarihm-t\u00f5stev\u00f6\u00f6.png\",\"contentUrl\":\"https:\\\/\\\/www.mazam.eu\\\/wp-content\\\/uploads\\\/2015\\\/10\\\/mazam-logo-linttropp-koormarihm-t\u00f5stev\u00f6\u00f6.png\",\"width\":190,\"height\":70,\"caption\":\"Mazam O\u00dc\"},\"image\":{\"@id\":\"https:\\\/\\\/www.mazam.eu\\\/#\\\/schema\\\/logo\\\/image\\\/\"}}]}<\/script>\n<!-- \/ Yoast SEO plugin. -->","yoast_head_json":{"title":"\u0422\u0440\u043e\u043f\u0438\u0447\u0435\u0441\u043a\u0438\u0439 \u043a\u0443\u0440\u0441 - Mazam O\u00dc - \u041f\u0440\u043e\u0438\u0437\u0432\u043e\u0434\u0441\u0442\u0432\u043e \u0438 \u043f\u0440\u043e\u0434\u0430\u0436\u0430","description":"\u041c\u0435\u0441\u0442\u043e\u043d\u0430\u0445\u043e\u0436\u0434\u0435\u043d\u0438\u0435 \u043a\u0443\u0440\u0441\u043e\u0432 \u0422\u0440\u043e\u043f\u043f\u0435\u0440\u0430: \u0422\u0430\u043b\u043b\u0438\u043d\u043d, \u041c\u0443\u0441\u0442\u0430\u043c\u044f\u044d \u0442\u0435\u044d, 5, III \u044d\u0442\u0430\u0436, \u043a\u043e\u043c\u043d\u0430\u0442\u0430 304 \u0410\u0432\u0442\u043e\u0431\u0443\u0441\u043d\u044b\u0435 \u043e\u0441\u0442\u0430\u043d\u043e\u0432\u043a\u0438: \u0412\u044f\u043b\u044c\u044f, \u041f\u0438\u0440\u043d\u0438 \u0438 \u0425\u0438\u043f\u043e\u0434\u0440\u0443\u043c\u0438. \u0410\u0432\u0442\u043e\u0431\u0443\u0441\u044b \u2116 16, 21, 21B.","robots":{"index":"index","follow":"follow","max-snippet":"max-snippet:-1","max-image-preview":"max-image-preview:large","max-video-preview":"max-video-preview:-1"},"canonical":"https:\/\/www.mazam.eu\/ru\/kurs-podyoma\/","og_locale":"ru_RU","og_type":"article","og_title":"Troppija kursus - Mazam O\u00dc - tootmine ja m\u00fc\u00fck","og_description":"Troppija kursus asukoht: Tallinn, Mustam\u00e4e tee 5, III korrus, ruum nr 304 Bussipeatused: V\u00e4lja, Pirni ja Hipodroomi. Bussid nr 16, 21, 21B..","og_url":"https:\/\/www.mazam.eu\/ru\/kurs-podyoma\/","og_site_name":"Mazam O&Uuml; | T&otilde;ste- ja koormakinnitusvahendite tootmine ja m&uuml;&uuml;k (2014 - 2026) - linttropp &bull; koormarihm &bull; ringt&otilde;stev&ouml;&ouml; &bull; terastross &bull; kett-tropp &bull; vints &bull; t&otilde;stemagnet jpm.","article_modified_time":"2026-01-06T09:28:21+00:00","twitter_card":"summary_large_image","twitter_misc":{"\u041f\u0440\u0438\u043c\u0435\u0440\u043d\u043e\u0435 \u0432\u0440\u0435\u043c\u044f \u0434\u043b\u044f \u0447\u0442\u0435\u043d\u0438\u044f":"2 \u043c\u0438\u043d\u0443\u0442\u044b"},"schema":{"@context":"https:\/\/schema.org","@graph":[{"@type":"WebPage","@id":"https:\/\/www.mazam.eu\/troppija-kursus\/","url":"https:\/\/www.mazam.eu\/troppija-kursus\/","name":"\u0422\u0440\u043e\u043f\u0438\u0447\u0435\u0441\u043a\u0438\u0439 \u043a\u0443\u0440\u0441 - Mazam O\u00dc - \u041f\u0440\u043e\u0438\u0437\u0432\u043e\u0434\u0441\u0442\u0432\u043e \u0438 \u043f\u0440\u043e\u0434\u0430\u0436\u0430","isPartOf":{"@id":"https:\/\/www.mazam.eu\/#website"},"primaryImageOfPage":{"@id":"https:\/\/www.mazam.eu\/troppija-kursus\/#primaryimage"},"image":{"@id":"https:\/\/www.mazam.eu\/troppija-kursus\/#primaryimage"},"thumbnailUrl":"http:\/\/www.e-katedraal.ee\/wp-content\/uploads\/2011\/07\/Troppija-9.jpg","datePublished":"2015-11-24T07:55:34+00:00","dateModified":"2026-01-06T09:28:21+00:00","description":"\u041c\u0435\u0441\u0442\u043e\u043d\u0430\u0445\u043e\u0436\u0434\u0435\u043d\u0438\u0435 \u043a\u0443\u0440\u0441\u043e\u0432 \u0422\u0440\u043e\u043f\u043f\u0435\u0440\u0430: \u0422\u0430\u043b\u043b\u0438\u043d\u043d, \u041c\u0443\u0441\u0442\u0430\u043c\u044f\u044d \u0442\u0435\u044d, 5, III \u044d\u0442\u0430\u0436, \u043a\u043e\u043c\u043d\u0430\u0442\u0430 304 \u0410\u0432\u0442\u043e\u0431\u0443\u0441\u043d\u044b\u0435 \u043e\u0441\u0442\u0430\u043d\u043e\u0432\u043a\u0438: \u0412\u044f\u043b\u044c\u044f, \u041f\u0438\u0440\u043d\u0438 \u0438 \u0425\u0438\u043f\u043e\u0434\u0440\u0443\u043c\u0438. \u0410\u0432\u0442\u043e\u0431\u0443\u0441\u044b \u2116 16, 21, 21B.","breadcrumb":{"@id":"https:\/\/www.mazam.eu\/troppija-kursus\/#breadcrumb"},"inLanguage":"ru-RU","potentialAction":[{"@type":"ReadAction","target":["https:\/\/www.mazam.eu\/troppija-kursus\/"]}]},{"@type":"ImageObject","inLanguage":"ru-RU","@id":"https:\/\/www.mazam.eu\/troppija-kursus\/#primaryimage","url":"http:\/\/www.e-katedraal.ee\/wp-content\/uploads\/2011\/07\/Troppija-9.jpg","contentUrl":"http:\/\/www.e-katedraal.ee\/wp-content\/uploads\/2011\/07\/Troppija-9.jpg"},{"@type":"BreadcrumbList","@id":"https:\/\/www.mazam.eu\/troppija-kursus\/#breadcrumb","itemListElement":[{"@type":"ListItem","position":1,"name":"Home","item":"https:\/\/www.mazam.eu\/"},{"@type":"ListItem","position":2,"name":"Troppija kursus"}]},{"@type":"WebSite","@id":"https:\/\/www.mazam.eu\/#website","url":"https:\/\/www.mazam.eu\/","name":"Mazam O\u00dc | \u041f\u0440\u043e\u0438\u0437\u0432\u043e\u0434\u0441\u0442\u0432\u043e \u0438 \u043f\u0440\u043e\u0434\u0430\u0436\u0430 \u043f\u043e\u0434\u044a\u0435\u043c\u043d\u043e-\u0442\u0440\u0430\u043d\u0441\u043f\u043e\u0440\u0442\u043d\u043e\u0433\u043e \u043e\u0431\u043e\u0440\u0443\u0434\u043e\u0432\u0430\u043d\u0438\u044f (2014 - 2026) - \u043b\u0438\u043d\u0442\u0440\u0443\u043f\u0430 - \u0433\u0440\u0443\u0437\u043e\u0432\u043e\u0439 \u0440\u0435\u043c\u0435\u043d\u044c - \u0442\u0430\u043b\u0435\u0432\u044b\u0439 \u0440\u0435\u043c\u0435\u043d\u044c - \u0441\u0442\u0430\u043b\u044c\u043d\u043e\u0439 \u043a\u0430\u043d\u0430\u0442 - \u0446\u0435\u043f\u043d\u043e\u0439 \u0442\u0430\u043b\u0440\u0435\u043f - \u043b\u0435\u0431\u0435\u0434\u043a\u0430 - \u043f\u043e\u0434\u044a\u0435\u043c\u043d\u044b\u0439 \u043c\u0430\u0433\u043d\u0438\u0442 \u0438 \u0442.\u0434.","description":"\u0420\u0435\u0448\u0435\u043d\u0438\u044f \u0434\u043b\u044f \u043f\u043e\u0434\u044a\u0435\u043c\u0430 \u0438 \u043a\u0440\u0435\u043f\u043b\u0435\u043d\u0438\u044f | \u0420\u0435\u0448\u0435\u043d\u0438\u044f \u0434\u043b\u044f \u043f\u043e\u0434\u044a\u0435\u043c\u0430 \u0438 \u043a\u0440\u0435\u043f\u043b\u0435\u043d\u0438\u044f","publisher":{"@id":"https:\/\/www.mazam.eu\/#organization"},"potentialAction":[{"@type":"SearchAction","target":{"@type":"EntryPoint","urlTemplate":"https:\/\/www.mazam.eu\/?s={search_term_string}"},"query-input":{"@type":"PropertyValueSpecification","valueRequired":true,"valueName":"search_term_string"}}],"inLanguage":"ru-RU"},{"@type":"Organization","@id":"https:\/\/www.mazam.eu\/#organization","name":"Mazam O\u00dc","url":"https:\/\/www.mazam.eu\/","logo":{"@type":"ImageObject","inLanguage":"ru-RU","@id":"https:\/\/www.mazam.eu\/#\/schema\/logo\/image\/","url":"https:\/\/www.mazam.eu\/wp-content\/uploads\/2015\/10\/mazam-logo-linttropp-koormarihm-t\u00f5stev\u00f6\u00f6.png","contentUrl":"https:\/\/www.mazam.eu\/wp-content\/uploads\/2015\/10\/mazam-logo-linttropp-koormarihm-t\u00f5stev\u00f6\u00f6.png","width":190,"height":70,"caption":"Mazam O\u00dc"},"image":{"@id":"https:\/\/www.mazam.eu\/#\/schema\/logo\/image\/"}}]}},"_links":{"self":[{"href":"https:\/\/www.mazam.eu\/ru\/wp-json\/wp\/v2\/pages\/795","targetHints":{"allow":["GET"]}}],"collection":[{"href":"https:\/\/www.mazam.eu\/ru\/wp-json\/wp\/v2\/pages"}],"about":[{"href":"https:\/\/www.mazam.eu\/ru\/wp-json\/wp\/v2\/types\/page"}],"author":[{"embeddable":true,"href":"https:\/\/www.mazam.eu\/ru\/wp-json\/wp\/v2\/users\/1"}],"replies":[{"embeddable":true,"href":"https:\/\/www.mazam.eu\/ru\/wp-json\/wp\/v2\/comments?post=795"}],"version-history":[{"count":32,"href":"https:\/\/www.mazam.eu\/ru\/wp-json\/wp\/v2\/pages\/795\/revisions"}],"predecessor-version":[{"id":12476,"href":"https:\/\/www.mazam.eu\/ru\/wp-json\/wp\/v2\/pages\/795\/revisions\/12476"}],"wp:attachment":[{"href":"https:\/\/www.mazam.eu\/ru\/wp-json\/wp\/v2\/media?parent=795"}],"curies":[{"name":"wp","href":"https:\/\/api.w.org\/{rel}","templated":true}]}}