{"id":8,"date":"2015-08-15T17:17:26","date_gmt":"2015-08-15T17:17:26","guid":{"rendered":"http:\/\/mazam.jfoto.ee\/?page_id=8"},"modified":"2026-03-25T08:47:19","modified_gmt":"2026-03-25T08:47:19","slug":"kontakt-raspolozheniye","status":"publish","type":"page","link":"https:\/\/www.mazam.eu\/ru\/kontakt-asukoht\/","title":{"rendered":"\u041a\u041e\u041d\u0422\u0410\u041a\u0422"},"content":{"rendered":"<div class='epvc-post-count'><span class='epvc-eye'><\/span>  <span class=\"epvc-count\"> 25&nbsp;750<\/span><span class='epvc-label'> \u043f\u0440\u043e\u0441\u043c\u043e\u0442\u0440<\/span><\/div><p><span style=\"color: #333333;\"><span style=\"color: #ffffff;\">\u043a\u043e\u043d\u0442\u0430\u043a\u0442 \/ \u043c\u0435\u0441\u0442\u043e\u043f\u043e\u043b\u043e\u0436\u0435\u043d\u0438\u0435<\/span><br \/>\n<\/span><span style=\"color: #0000ff;\"><b>Mazam O\u00dc<\/b> <\/span>\u2013 <i>\u041f\u0440\u043e\u0438\u0437\u0432\u043e\u0434\u0441\u0442\u0432\u043e \u0438 \u043f\u0440\u043e\u0434\u0430\u0436\u0430 \u043f\u043e\u0434\u044a\u0435\u043c\u043d\u043e\u0433\u043e \u0438 \u0433\u0440\u0443\u0437\u043e\u0432\u043e\u0433\u043e \u043e\u0431\u043e\u0440\u0443\u0434\u043e\u0432\u0430\u043d\u0438\u044f.<br \/>\n<\/i>\u041f\u0435\u0442\u0435\u0440\u0431\u0443\u0440\u0433\u0441\u043a\u043e\u0435 \u0448\u043e\u0441\u0441\u0435 51\u0430 \u0422\u0430\u043b\u043b\u0438\u043d 11415 (\u043a\u043e\u043d\u0435\u0447\u043d\u0430\u044f \u043e\u0441\u0442\u0430\u043d\u043e\u0432\u043a\u0430 \u0442\u0440\u0430\u043c\u0432\u0430\u044f, \u043d\u0430\u043f\u0440\u043e\u0442\u0438\u0432 Stokker). <span style=\"color: #0000ff;\"><em><span style=\"color: #0000ff;\">\u0414\u043e\u0441\u0442\u0443\u043f \u0442\u0430\u043a\u0436\u0435 \u0434\u043b\u044f \u043a\u0440\u0443\u043f\u043d\u043e\u0433\u0430\u0431\u0430\u0440\u0438\u0442\u043d\u044b\u0445 \u0433\u0440\u0443\u0437\u043e\u0432\u0438\u043a\u043e\u0432!<\/span><br \/>\n<\/em><\/span>\u041f\u043e\u043d\u0435\u0434\u0435\u043b\u044c\u043d\u0438\u043a-\u041f\u044f\u0442\u043d\u0438\u0446\u0430: 9.00 - 17.00 \/ \u0421\u0443\u0431\u0431\u043e\u0442\u0430-\u0412\u043e\u0441\u043a\u0440\u0435\u0441\u0435\u043d\u044c\u0435: \u0417\u0430\u043a\u0440\u044b\u0442\u043e<i><br \/>\n<\/i><span style=\"color: #333333;\"><a style=\"color: #333333;\" href=\"https:\/\/www.e-krediidiinfo.ee\/\" target=\"_blank\" rel=\"noopener\">\u0420\u0435\u0433. \u043d\u043e.<\/a><\/span> 12636507<br \/>\n<span style=\"color: #333333;\"><a style=\"color: #333333;\" href=\"https:\/\/www.emta.ee\/\" target=\"_blank\" rel=\"noopener\">\u041d\u043e\u043c\u0435\u0440 \u041d\u0414\u0421<\/a><\/span>: EE101732510<br \/>\n<a href=\"https:\/\/www.swedbank.ee\/business\" target=\"_blank\" rel=\"noopener\"><span style=\"color: #333333;\">Swedbank<\/span><\/a>: EE792200221059402690<br \/>\n<span style=\"color: #0000ff;\"><em>\u0423 \u043d\u0430\u0441 \u043c\u043e\u0436\u043d\u0430  \u043f\u043b\u0430\u0442\u0438\u0442\u044c \u0441 \u043a\u0430\u0440\u0442\u043e\u0439! (\u0422\u043e\u043b\u044c\u043a\u043e \u0431\u0435\u0441\u043a\u043e\u043d\u0442\u0430\u043a\u0442\u043d\u0430\u044f \u043e\u043f\u043b\u0430\u0442\u0430)!<\/em><\/span><\/p>\n<div>\n<hr \/>\n<p style=\"text-align: center;\"><span style=\"color: #333333;\"><strong style=\"text-align: center;\">\u0417\u0432\u043e\u043d\u0438\u0442\u0435 \u0437\u0430\u0440\u0430\u043d\u0435\u0435, \u043f\u0440\u0435\u0436\u0434\u0435 \u0447\u0435\u043c \u0432\u044b \u0437\u0430\u0445\u043e\u0442\u0438\u0442\u0435 \u043f\u0440\u0438\u043e\u0431\u0440\u0435\u0441\u0442\u0438 \u043a\u0430\u043a\u0443\u044e-\u043b\u0438\u0431\u043e \u043f\u0440\u043e\u0434\u0443\u043a\u0446\u0438\u044e.<br \/>\n<\/strong><strong style=\"text-align: center;\">\u041c\u043e\u0436\u0435\u0442 \u0441\u043b\u0443\u0447\u0438\u0442\u044c\u0441\u044f, \u0447\u0442\u043e \u043d\u0443\u0436\u043d\u043e\u0433\u043e \u0442\u043e\u0432\u0430\u0440\u0430 \u043b\u0438\u0431\u043e \u043d\u0435\u0442 \u043d\u0430 \u0441\u043a\u043b\u0430\u0434\u0435, \u043b\u0438\u0431\u043e \u0435\u0433\u043e \u043d\u0435\u0434\u043e\u0441\u0442\u0430\u0442\u043e\u0447\u043d\u043e \u0438 \u043d\u0443\u0436\u043d\u043e \u043f\u0440\u043e\u0438\u0437\u0432\u043e\u0434\u0438\u0442\u044c \u0431\u043e\u043b\u044c\u0448\u0435.<\/strong><\/span><\/p>\n<\/div>\n<hr \/>\n<p style=\"text-align: center;\">\u041c\u0435\u043d\u0435\u0434\u0436\u0435\u0440 \u043f\u043e \u043f\u0440\u043e\u0434\u0430\u0436\u0430\u043c<br \/>\n<strong>\u042f\u0430\u043d\u0443\u0441 \u0412\u0430\u0430\u0440\u043c\u0430\u0430<\/strong><strong><br \/>\n<\/strong>\u0442\u0435\u043b. <span style=\"color: #000000;\">+372<span style=\"color: #0000ff;\"><strong> 56 58 190 <\/strong><\/span><\/span>(Viber <a href=\"https:\/\/www.iconfinder.com\/justui\"><img loading=\"lazy\" decoding=\"async\" class=\"alignnone size-full wp-image-3406\" src=\"http:\/\/www.mazam.eu\/wp-content\/uploads\/2019\/03\/Viber.png\" alt=\"\" width=\"24\" height=\"24\" data-id=\"3406\" \/><\/a> WhatsApp <a href=\"https:\/\/www.iconfinder.com\/justui\"><img loading=\"lazy\" decoding=\"async\" class=\"alignnone size-full wp-image-3407\" src=\"http:\/\/www.mazam.eu\/wp-content\/uploads\/2019\/03\/WhatsApp.png\" alt=\"\" width=\"24\" height=\"24\" data-id=\"3407\" \/><\/a>)<br \/>\n\u044d-\u043f\u043e\u0447\u0442\u0430:<span style=\"color: #0000ff;\"><a style=\"color: #0000ff;\" href=\"mailto:jaanus@mazam.eu\"> jaanus@mazam.eu<\/a><br \/>\n<\/span><span style=\"color: #0000ff;\"><strong><img loading=\"lazy\" decoding=\"async\" class=\"alignnone wp-image-780 size-full\" src=\"https:\/\/www.mazam.eu\/wp-content\/uploads\/2015\/08\/Eesti.png\" alt=\"\u042d\u0441\u0442\u043e\u043d\u0438\u044f\" width=\"23\" height=\"17\" data-id=\"780\" \/><img loading=\"lazy\" decoding=\"async\" class=\"alignnone wp-image-781 size-full\" src=\"https:\/\/www.mazam.eu\/wp-content\/uploads\/2015\/08\/\u0420\u043e\u0441\u0441\u0438\u044f.png\" alt=\"\u0420\u043e\u0441\u0441\u0438\u044f\" width=\"23\" height=\"17\" data-id=\"781\" \/><img loading=\"lazy\" decoding=\"async\" class=\"alignnone wp-image-782 size-full\" src=\"https:\/\/www.mazam.eu\/wp-content\/uploads\/2015\/08\/Suomi.png\" alt=\"\u0424\u0438\u043d\u043b\u044f\u043d\u0434\u0438\u044f\" width=\"23\" height=\"17\" data-id=\"782\" \/><img loading=\"lazy\" decoding=\"async\" class=\"alignnone wp-image-783 size-full\" src=\"https:\/\/www.mazam.eu\/wp-content\/uploads\/2015\/08\/English.png\" alt=\"\u0410\u043d\u0433\u043b\u0438\u0439\u0441\u043a\u0438\u0439 \u044f\u0437\u044b\u043a\" width=\"23\" height=\"17\" data-id=\"783\" \/><br \/>\n<\/strong><em><span style=\"color: #333333;\">\u041e\u043f\u044b\u0442 \u0440\u0430\u0431\u043e\u0442\u044b \u043e\u0442 2005 \u0433\u043e\u0434\u0430<\/span><\/em><\/span><\/p>\n<hr \/>\n<p style=\"text-align: center;\">\u041f\u0440\u0435\u0434\u0441\u0435\u0434\u0430\u0442\u0435\u043b\u044c \/ \u041f\u0440\u043e\u0434\u0430\u0436\u0438<strong><br \/>\n\u041c\u0430\u0440\u0435\u043a \u041d\u0438\u0439\u0442<\/strong><br \/>\n\u0442\u0435\u043b. +372<span style=\"color: #0000ff;\"><strong> 50 27 085<\/strong><\/span> (Viber <a href=\"https:\/\/www.iconfinder.com\/justui\"><img loading=\"lazy\" decoding=\"async\" class=\"alignnone size-full wp-image-3406\" src=\"http:\/\/www.mazam.eu\/wp-content\/uploads\/2019\/03\/Viber.png\" alt=\"\" width=\"24\" height=\"24\" data-id=\"3406\" \/><\/a> WhatsApp <a href=\"https:\/\/www.iconfinder.com\/justui\"><img loading=\"lazy\" decoding=\"async\" class=\"alignnone size-full wp-image-3407\" src=\"http:\/\/www.mazam.eu\/wp-content\/uploads\/2019\/03\/WhatsApp.png\" alt=\"\" width=\"24\" height=\"24\" data-id=\"3407\" \/><\/a>)<br \/>\n\u044d-\u043f\u043e\u0447\u0442\u0430:\u00a0<span style=\"color: #0000ff;\"><a style=\"color: #0000ff;\" href=\"mailto:marek@mazam.eu\">marek@mazam.eu<\/a><br \/>\n<\/span><strong><img loading=\"lazy\" decoding=\"async\" class=\"alignnone wp-image-780 size-full\" src=\"https:\/\/www.mazam.eu\/wp-content\/uploads\/2015\/08\/Eesti.png\" alt=\"\u042d\u0441\u0442\u043e\u043d\u0438\u044f\" width=\"23\" height=\"17\" data-id=\"780\" \/><img loading=\"lazy\" decoding=\"async\" class=\"alignnone wp-image-781 size-full\" src=\"http:\/\/www.mazam.eu\/wp-content\/uploads\/2015\/08\/\u0420\u043e\u0441\u0441\u0438\u044f.png\" alt=\"\u0420\u043e\u0441\u0441\u0438\u044f\" width=\"23\" height=\"17\" data-id=\"781\" \/><img loading=\"lazy\" decoding=\"async\" class=\"alignnone wp-image-782 size-full\" src=\"http:\/\/www.mazam.eu\/wp-content\/uploads\/2015\/08\/Suomi.png\" alt=\"\u0424\u0438\u043d\u043b\u044f\u043d\u0434\u0438\u044f\" width=\"23\" height=\"17\" data-id=\"782\" \/><img loading=\"lazy\" decoding=\"async\" class=\"alignnone wp-image-783 size-full\" src=\"http:\/\/www.mazam.eu\/wp-content\/uploads\/2015\/08\/English.png\" alt=\"\u0410\u043d\u0433\u043b\u0438\u0439\u0441\u043a\u0438\u0439 \u044f\u0437\u044b\u043a\" width=\"23\" height=\"17\" data-id=\"783\" \/><br \/>\n<\/strong><em><span style=\"color: #0000ff;\"><span style=\"color: #333333;\">\u041e\u043f\u044b\u0442 \u0440\u0430\u0431\u043e\u0442\u044b \u043e\u0442 1996 \u0433\u043e\u0434\u0430<\/span><\/span><\/em><\/p>\n<hr \/>\n<p><em><strong>\u041d\u0430\u0436\u043c\u0438\u0442\u0435 \u043d\u0430 \u043c\u0438\u043d\u0438-\u0438\u0437\u043e\u0431\u0440\u0430\u0436\u0435\u043d\u0438\u0435, \u0447\u0442\u043e\u0431\u044b \u0443\u0432\u0438\u0434\u0435\u0442\u044c \u043c\u0435\u0441\u0442\u043e\u043f\u043e\u043b\u043e\u0436\u0435\u043d\u0438\u0435 \u0432 \u0443\u0432\u0435\u043b\u0438\u0447\u0435\u043d\u043d\u043e\u043c \u0432\u0438\u0434\u0435.<\/strong><\/em><\/p>\n<table style=\"width: 100%; border-collapse: collapse; border-style: hidden;\">\n<tbody>\n<tr>\n<td style=\"width: 33.3333%; text-align: center;\">\n<p><figure id=\"attachment_8030\" aria-describedby=\"caption-attachment-8030\" style=\"width: 225px\" class=\"wp-caption aligncenter\"><a href=\"https:\/\/www.mazam.eu\/wp-content\/uploads\/2024\/01\/Mazam-asukoht-1-suur-1.jpg\" target=\"_blank\" rel=\"noopener\"><img loading=\"lazy\" decoding=\"async\" class=\"wp-image-8030 size-full\" src=\"https:\/\/www.mazam.eu\/wp-content\/uploads\/2024\/01\/Mazam-asukoht-1-avatar.jpg\" alt=\"\u041e\u0442 Peterburi \u0448\u043e\u0441\u0441\u0435 \u0442\u044b \u0438\u0434\u0435\u0448\u044c \u043d\u0430 Kantsi \u0448\u043e\u0441\u0441\u0435..\" width=\"225\" height=\"150\" data-id=\"8030\" \/><\/a><figcaption id=\"caption-attachment-8030\" class=\"wp-caption-text\">\u041e\u0442 Peterburi \u0448\u043e\u0441\u0441\u0435 \u0442\u044b \u0438\u0434\u0435\u0448\u044c \u043d\u0430 Kantsi \u0448\u043e\u0441\u0441\u0435..<\/figcaption><\/figure><\/td>\n<td style=\"width: 33.3333%; text-align: center;\">\n<p><figure id=\"attachment_8032\" aria-describedby=\"caption-attachment-8032\" style=\"width: 225px\" class=\"wp-caption aligncenter\"><a href=\"https:\/\/www.mazam.eu\/wp-content\/uploads\/2024\/01\/Mazam-asukoht-2-suur.jpg\" target=\"_blank\" rel=\"noopener\"><img loading=\"lazy\" decoding=\"async\" class=\"wp-image-8032 size-full\" src=\"https:\/\/www.mazam.eu\/wp-content\/uploads\/2024\/01\/Mazam-asukoht-2-avatar.jpg\" alt=\"\u0423 \u0432\u043e\u0440\u043e\u0442 \u043f\u043e\u0432\u043e\u0440\u0430\u0447\u0438\u0432\u0430\u0435\u0448\u044c \u043d\u0430\u043b\u0435\u0432\u043e..\" width=\"225\" height=\"150\" data-id=\"8032\" \/><\/a><figcaption id=\"caption-attachment-8032\" class=\"wp-caption-text\">\u0423 \u0432\u043e\u0440\u043e\u0442 \u043f\u043e\u0432\u043e\u0440\u0430\u0447\u0438\u0432\u0430\u0435\u0448\u044c \u043d\u0430\u043b\u0435\u0432\u043e..<\/figcaption><\/figure><\/td>\n<td style=\"width: 33.3333%; text-align: center;\">\n<p><figure id=\"attachment_8034\" aria-describedby=\"caption-attachment-8034\" style=\"width: 225px\" class=\"wp-caption aligncenter\"><a href=\"https:\/\/www.mazam.eu\/wp-content\/uploads\/2024\/01\/Mazam-asukoht-3-suur.jpg\" target=\"_blank\" rel=\"noopener\"><img loading=\"lazy\" decoding=\"async\" class=\"wp-image-8034 size-full\" src=\"https:\/\/www.mazam.eu\/wp-content\/uploads\/2024\/01\/Mazam-asukoht-3-avatar.jpg\" alt=\"\u041f\u0440\u043e\u0439\u0434\u044f \u0447\u0435\u0440\u0435\u0437 \u0432\u043e\u0440\u043e\u0442\u0430, \u0432\u044b \u0431\u0443\u0434\u0435\u0442\u0435 \u0443 \u043d\u0430\u0441 \u0447\u0435\u0440\u0435\u0437 15 \u043c\u0435\u0442\u0440\u043e\u0432.\" width=\"225\" height=\"150\" data-id=\"8034\" \/><\/a><figcaption id=\"caption-attachment-8034\" class=\"wp-caption-text\">\u041f\u0440\u043e\u0439\u0434\u044f \u0447\u0435\u0440\u0435\u0437 \u0432\u043e\u0440\u043e\u0442\u0430, \u0432\u044b \u0431\u0443\u0434\u0435\u0442\u0435 \u0443 \u043d\u0430\u0441 \u0447\u0435\u0440\u0435\u0437 15 \u043c\u0435\u0442\u0440\u043e\u0432.<\/figcaption><\/figure><\/td>\n<\/tr>\n<\/tbody>\n<\/table>\n<p><iframe loading=\"lazy\" style=\"border: 0;\" src=\"https:\/\/www.google.com\/maps\/embed?pb=!1m14!1m8!1m3!1d2029.3550140285176!2d24.815568505146437!3d59.42715338600886!3m2!1i1024!2i768!4f13.1!3m3!1m2!1s0x4692eb580d3e5f07%3A0x288c1dfee43a04fd!2zTWF6YW0gT8Oc!5e0!3m2!1set!2see!4v1740517300936!5m2!1set!2see\" width=\"1200\" height=\"500\" allowfullscreen=\"allowfullscreen\"><\/iframe><br \/>\n<span style=\"color: #ffffff;\">\u043a\u043e\u043d\u0442\u0430\u043a\u0442 \/ \u043c\u0435\u0441\u0442\u043e\u043f\u043e\u043b\u043e\u0436\u0435\u043d\u0438\u0435<\/span><\/p>","protected":false},"excerpt":{"rendered":"<p>25&nbsp;750 vaatamistkontakt \/ asukoht Mazam O\u00dc &#8211; T\u00f5ste- ja koormakinnitusvahendite tootmine ja m\u00fc\u00fck Peterburi tee 51a Tallinn 11415 (trammi tee l\u00f5pus, Stokkeri vastas). Ligip\u00e4\u00e4s ka suurematele veoautodele! Esmasp\u00e4ev-Reede: 9.00 &#8211; 17.00 \/ Laup\u00e4ev-P\u00fchap\u00e4ev: Suletud Reg. nr. 12636507 KMKR nr:\u00a0EE101732510 Swedbank: EE792200221059402690 Meil saab vajadusel kaardiga maksta (ainult viipemakse)! Palun helistage ette, enne kui m\u00f5nda toodet&#8230;<\/p>","protected":false},"author":1,"featured_media":0,"parent":0,"menu_order":0,"comment_status":"closed","ping_status":"closed","template":"","meta":{"_uf_show_specific_survey":0,"_uf_disable_surveys":false,"iawp_total_views":2258,"footnotes":""},"class_list":["post-8","page","type-page","status-publish","hentry"],"yoast_head":"<!-- This site is optimized with the Yoast SEO plugin v27.4 - https:\/\/yoast.com\/product\/yoast-seo-wordpress\/ -->\n<title>kontakt \/ asukoht - Mazam O\u00dc<\/title>\n<meta name=\"description\" content=\"Kontakt \/ Asukoht - Peterburi tee 51a Tallinn 11415 (trammi tee l\u00f5pus, Stokkeri vastas \u00fcle tee). Telefon. 56 58 190 \/ jaanus@mazam.eu\" \/>\n<meta name=\"robots\" content=\"index, follow, max-snippet:-1, max-image-preview:large, max-video-preview:-1\" \/>\n<link rel=\"canonical\" href=\"https:\/\/www.mazam.eu\/ru\/kontakt-raspolozheniye\/\" \/>\n<meta property=\"og:locale\" content=\"ru_RU\" \/>\n<meta property=\"og:type\" content=\"article\" \/>\n<meta property=\"og:title\" content=\"kontakt \/ asukoht - Mazam O\u00dc\" \/>\n<meta property=\"og:description\" content=\"Kontakt \/ Asukoht - Peterburi tee 51a Tallinn 11415 (trammi tee l\u00f5pus, Stokkeri vastas \u00fcle tee). Telefon. 56 58 190 \/ jaanus@mazam.eu\" \/>\n<meta property=\"og:url\" content=\"https:\/\/www.mazam.eu\/ru\/kontakt-raspolozheniye\/\" \/>\n<meta property=\"og:site_name\" content=\"Mazam O&Uuml; | T&otilde;ste- ja koormakinnitusvahendite tootmine ja m&uuml;&uuml;k (2014 - 2026) - linttropp &bull; koormarihm &bull; ringt&otilde;stev&ouml;&ouml; &bull; terastross &bull; kett-tropp &bull; vints &bull; t&otilde;stemagnet jpm.\" \/>\n<meta property=\"article:modified_time\" content=\"2026-03-25T08:47:19+00:00\" \/>\n<meta property=\"og:image\" content=\"https:\/\/www.mazam.eu\/wp-content\/uploads\/2019\/03\/Viber.png\" \/>\n\t<meta property=\"og:image:width\" content=\"24\" \/>\n\t<meta property=\"og:image:height\" content=\"24\" \/>\n\t<meta property=\"og:image:type\" content=\"image\/png\" \/>\n<meta name=\"twitter:card\" content=\"summary_large_image\" \/>\n<meta name=\"twitter:label1\" content=\"\u041f\u0440\u0438\u043c\u0435\u0440\u043d\u043e\u0435 \u0432\u0440\u0435\u043c\u044f \u0434\u043b\u044f \u0447\u0442\u0435\u043d\u0438\u044f\" \/>\n\t<meta name=\"twitter:data1\" content=\"4 \u043c\u0438\u043d\u0443\u0442\u044b\" \/>\n<script type=\"application\/ld+json\" class=\"yoast-schema-graph\">{\"@context\":\"https:\\\/\\\/schema.org\",\"@graph\":[{\"@type\":\"WebPage\",\"@id\":\"https:\\\/\\\/www.mazam.eu\\\/kontakt-asukoht\\\/\",\"url\":\"https:\\\/\\\/www.mazam.eu\\\/kontakt-asukoht\\\/\",\"name\":\"kontakt \\\/ asukoht - Mazam O\u00dc\",\"isPartOf\":{\"@id\":\"https:\\\/\\\/www.mazam.eu\\\/#website\"},\"primaryImageOfPage\":{\"@id\":\"https:\\\/\\\/www.mazam.eu\\\/kontakt-asukoht\\\/#primaryimage\"},\"image\":{\"@id\":\"https:\\\/\\\/www.mazam.eu\\\/kontakt-asukoht\\\/#primaryimage\"},\"thumbnailUrl\":\"http:\\\/\\\/www.mazam.eu\\\/wp-content\\\/uploads\\\/2019\\\/03\\\/Viber.png\",\"datePublished\":\"2015-08-15T17:17:26+00:00\",\"dateModified\":\"2026-03-25T08:47:19+00:00\",\"description\":\"Kontakt \\\/ Asukoht - Peterburi tee 51a Tallinn 11415 (trammi tee l\u00f5pus, Stokkeri vastas \u00fcle tee). Telefon. 56 58 190 \\\/ jaanus@mazam.eu\",\"breadcrumb\":{\"@id\":\"https:\\\/\\\/www.mazam.eu\\\/kontakt-asukoht\\\/#breadcrumb\"},\"inLanguage\":\"ru-RU\",\"potentialAction\":[{\"@type\":\"ReadAction\",\"target\":[\"https:\\\/\\\/www.mazam.eu\\\/kontakt-asukoht\\\/\"]}]},{\"@type\":\"ImageObject\",\"inLanguage\":\"ru-RU\",\"@id\":\"https:\\\/\\\/www.mazam.eu\\\/kontakt-asukoht\\\/#primaryimage\",\"url\":\"http:\\\/\\\/www.mazam.eu\\\/wp-content\\\/uploads\\\/2019\\\/03\\\/Viber.png\",\"contentUrl\":\"http:\\\/\\\/www.mazam.eu\\\/wp-content\\\/uploads\\\/2019\\\/03\\\/Viber.png\"},{\"@type\":\"BreadcrumbList\",\"@id\":\"https:\\\/\\\/www.mazam.eu\\\/kontakt-asukoht\\\/#breadcrumb\",\"itemListElement\":[{\"@type\":\"ListItem\",\"position\":1,\"name\":\"Home\",\"item\":\"https:\\\/\\\/www.mazam.eu\\\/\"},{\"@type\":\"ListItem\",\"position\":2,\"name\":\"Kontakt \\\/ Asukoht\"}]},{\"@type\":\"WebSite\",\"@id\":\"https:\\\/\\\/www.mazam.eu\\\/#website\",\"url\":\"https:\\\/\\\/www.mazam.eu\\\/\",\"name\":\"Mazam O&Uuml; | T&otilde;ste- ja koormakinnitusvahendite tootmine ja m&uuml;&uuml;k (2014 - 2026) - linttropp &bull; koormarihm &bull; ringt&otilde;stev&ouml;&ouml; &bull; terastross &bull; kett-tropp &bull; vints &bull; t&otilde;stemagnet jpm.\",\"description\":\"T&otilde;ste- ja kinnituslahendused | Lifting- and lashing solutions\",\"publisher\":{\"@id\":\"https:\\\/\\\/www.mazam.eu\\\/#organization\"},\"potentialAction\":[{\"@type\":\"SearchAction\",\"target\":{\"@type\":\"EntryPoint\",\"urlTemplate\":\"https:\\\/\\\/www.mazam.eu\\\/?s={search_term_string}\"},\"query-input\":{\"@type\":\"PropertyValueSpecification\",\"valueRequired\":true,\"valueName\":\"search_term_string\"}}],\"inLanguage\":\"ru-RU\"},{\"@type\":\"Organization\",\"@id\":\"https:\\\/\\\/www.mazam.eu\\\/#organization\",\"name\":\"Mazam O\u00dc\",\"url\":\"https:\\\/\\\/www.mazam.eu\\\/\",\"logo\":{\"@type\":\"ImageObject\",\"inLanguage\":\"ru-RU\",\"@id\":\"https:\\\/\\\/www.mazam.eu\\\/#\\\/schema\\\/logo\\\/image\\\/\",\"url\":\"https:\\\/\\\/www.mazam.eu\\\/wp-content\\\/uploads\\\/2015\\\/10\\\/mazam-logo-linttropp-koormarihm-t\u00f5stev\u00f6\u00f6.png\",\"contentUrl\":\"https:\\\/\\\/www.mazam.eu\\\/wp-content\\\/uploads\\\/2015\\\/10\\\/mazam-logo-linttropp-koormarihm-t\u00f5stev\u00f6\u00f6.png\",\"width\":190,\"height\":70,\"caption\":\"Mazam O\u00dc\"},\"image\":{\"@id\":\"https:\\\/\\\/www.mazam.eu\\\/#\\\/schema\\\/logo\\\/image\\\/\"}}]}<\/script>\n<!-- \/ Yoast SEO plugin. -->","yoast_head_json":{"title":"\u043a\u043e\u043d\u0442\u0430\u043a\u0442 \/ \u043c\u0435\u0441\u0442\u043e\u043f\u043e\u043b\u043e\u0436\u0435\u043d\u0438\u0435 - Mazam O\u00dc","description":"\u041a\u043e\u043d\u0442\u0430\u043a\u0442\u044b \/ \u041c\u0435\u0441\u0442\u043e\u0440\u0430\u0441\u043f\u043e\u043b\u043e\u0436\u0435\u043d\u0438\u0435 - Peterburi tee 51a Tallinn 11415 (\u0432 \u043a\u043e\u043d\u0446\u0435 \u0442\u0440\u0430\u043c\u0432\u0430\u0439\u043d\u043e\u0439 \u0434\u043e\u0440\u043e\u0433\u0438, \u0447\u0435\u0440\u0435\u0437 \u0434\u043e\u0440\u043e\u0433\u0443 \u043e\u0442 Stokkeri). \u0422\u0435\u043b\u0435\u0444\u043e\u043d. 56 58 190 \/ jaanus@mazam.eu","robots":{"index":"index","follow":"follow","max-snippet":"max-snippet:-1","max-image-preview":"max-image-preview:large","max-video-preview":"max-video-preview:-1"},"canonical":"https:\/\/www.mazam.eu\/ru\/kontakt-raspolozheniye\/","og_locale":"ru_RU","og_type":"article","og_title":"kontakt \/ asukoht - Mazam O\u00dc","og_description":"Kontakt \/ Asukoht - Peterburi tee 51a Tallinn 11415 (trammi tee l\u00f5pus, Stokkeri vastas \u00fcle tee). Telefon. 56 58 190 \/ jaanus@mazam.eu","og_url":"https:\/\/www.mazam.eu\/ru\/kontakt-raspolozheniye\/","og_site_name":"Mazam O&Uuml; | T&otilde;ste- ja koormakinnitusvahendite tootmine ja m&uuml;&uuml;k (2014 - 2026) - linttropp &bull; koormarihm &bull; ringt&otilde;stev&ouml;&ouml; &bull; terastross &bull; kett-tropp &bull; vints &bull; t&otilde;stemagnet jpm.","article_modified_time":"2026-03-25T08:47:19+00:00","og_image":[{"width":24,"height":24,"url":"https:\/\/www.mazam.eu\/wp-content\/uploads\/2019\/03\/Viber.png","type":"image\/png"}],"twitter_card":"summary_large_image","twitter_misc":{"\u041f\u0440\u0438\u043c\u0435\u0440\u043d\u043e\u0435 \u0432\u0440\u0435\u043c\u044f \u0434\u043b\u044f \u0447\u0442\u0435\u043d\u0438\u044f":"4 \u043c\u0438\u043d\u0443\u0442\u044b"},"schema":{"@context":"https:\/\/schema.org","@graph":[{"@type":"WebPage","@id":"https:\/\/www.mazam.eu\/kontakt-asukoht\/","url":"https:\/\/www.mazam.eu\/kontakt-asukoht\/","name":"\u043a\u043e\u043d\u0442\u0430\u043a\u0442 \/ \u043c\u0435\u0441\u0442\u043e\u043f\u043e\u043b\u043e\u0436\u0435\u043d\u0438\u0435 - Mazam O\u00dc","isPartOf":{"@id":"https:\/\/www.mazam.eu\/#website"},"primaryImageOfPage":{"@id":"https:\/\/www.mazam.eu\/kontakt-asukoht\/#primaryimage"},"image":{"@id":"https:\/\/www.mazam.eu\/kontakt-asukoht\/#primaryimage"},"thumbnailUrl":"http:\/\/www.mazam.eu\/wp-content\/uploads\/2019\/03\/Viber.png","datePublished":"2015-08-15T17:17:26+00:00","dateModified":"2026-03-25T08:47:19+00:00","description":"\u041a\u043e\u043d\u0442\u0430\u043a\u0442\u044b \/ \u041c\u0435\u0441\u0442\u043e\u0440\u0430\u0441\u043f\u043e\u043b\u043e\u0436\u0435\u043d\u0438\u0435 - Peterburi tee 51a Tallinn 11415 (\u0432 \u043a\u043e\u043d\u0446\u0435 \u0442\u0440\u0430\u043c\u0432\u0430\u0439\u043d\u043e\u0439 \u0434\u043e\u0440\u043e\u0433\u0438, \u0447\u0435\u0440\u0435\u0437 \u0434\u043e\u0440\u043e\u0433\u0443 \u043e\u0442 Stokkeri). \u0422\u0435\u043b\u0435\u0444\u043e\u043d. 56 58 190 \/ jaanus@mazam.eu","breadcrumb":{"@id":"https:\/\/www.mazam.eu\/kontakt-asukoht\/#breadcrumb"},"inLanguage":"ru-RU","potentialAction":[{"@type":"ReadAction","target":["https:\/\/www.mazam.eu\/kontakt-asukoht\/"]}]},{"@type":"ImageObject","inLanguage":"ru-RU","@id":"https:\/\/www.mazam.eu\/kontakt-asukoht\/#primaryimage","url":"http:\/\/www.mazam.eu\/wp-content\/uploads\/2019\/03\/Viber.png","contentUrl":"http:\/\/www.mazam.eu\/wp-content\/uploads\/2019\/03\/Viber.png"},{"@type":"BreadcrumbList","@id":"https:\/\/www.mazam.eu\/kontakt-asukoht\/#breadcrumb","itemListElement":[{"@type":"ListItem","position":1,"name":"Home","item":"https:\/\/www.mazam.eu\/"},{"@type":"ListItem","position":2,"name":"Kontakt \/ Asukoht"}]},{"@type":"WebSite","@id":"https:\/\/www.mazam.eu\/#website","url":"https:\/\/www.mazam.eu\/","name":"Mazam O\u00dc | \u041f\u0440\u043e\u0438\u0437\u0432\u043e\u0434\u0441\u0442\u0432\u043e \u0438 \u043f\u0440\u043e\u0434\u0430\u0436\u0430 \u043f\u043e\u0434\u044a\u0435\u043c\u043d\u043e-\u0442\u0440\u0430\u043d\u0441\u043f\u043e\u0440\u0442\u043d\u043e\u0433\u043e \u043e\u0431\u043e\u0440\u0443\u0434\u043e\u0432\u0430\u043d\u0438\u044f (2014 - 2026) - \u043b\u0438\u043d\u0442\u0440\u0443\u043f\u0430 - \u0433\u0440\u0443\u0437\u043e\u0432\u043e\u0439 \u0440\u0435\u043c\u0435\u043d\u044c - \u0442\u0430\u043b\u0435\u0432\u044b\u0439 \u0440\u0435\u043c\u0435\u043d\u044c - \u0441\u0442\u0430\u043b\u044c\u043d\u043e\u0439 \u043a\u0430\u043d\u0430\u0442 - \u0446\u0435\u043f\u043d\u043e\u0439 \u0442\u0430\u043b\u0440\u0435\u043f - \u043b\u0435\u0431\u0435\u0434\u043a\u0430 - \u043f\u043e\u0434\u044a\u0435\u043c\u043d\u044b\u0439 \u043c\u0430\u0433\u043d\u0438\u0442 \u0438 \u0442.\u0434.","description":"\u0420\u0435\u0448\u0435\u043d\u0438\u044f \u0434\u043b\u044f \u043f\u043e\u0434\u044a\u0435\u043c\u0430 \u0438 \u043a\u0440\u0435\u043f\u043b\u0435\u043d\u0438\u044f | \u0420\u0435\u0448\u0435\u043d\u0438\u044f \u0434\u043b\u044f \u043f\u043e\u0434\u044a\u0435\u043c\u0430 \u0438 \u043a\u0440\u0435\u043f\u043b\u0435\u043d\u0438\u044f","publisher":{"@id":"https:\/\/www.mazam.eu\/#organization"},"potentialAction":[{"@type":"SearchAction","target":{"@type":"EntryPoint","urlTemplate":"https:\/\/www.mazam.eu\/?s={search_term_string}"},"query-input":{"@type":"PropertyValueSpecification","valueRequired":true,"valueName":"search_term_string"}}],"inLanguage":"ru-RU"},{"@type":"Organization","@id":"https:\/\/www.mazam.eu\/#organization","name":"Mazam O\u00dc","url":"https:\/\/www.mazam.eu\/","logo":{"@type":"ImageObject","inLanguage":"ru-RU","@id":"https:\/\/www.mazam.eu\/#\/schema\/logo\/image\/","url":"https:\/\/www.mazam.eu\/wp-content\/uploads\/2015\/10\/mazam-logo-linttropp-koormarihm-t\u00f5stev\u00f6\u00f6.png","contentUrl":"https:\/\/www.mazam.eu\/wp-content\/uploads\/2015\/10\/mazam-logo-linttropp-koormarihm-t\u00f5stev\u00f6\u00f6.png","width":190,"height":70,"caption":"Mazam O\u00dc"},"image":{"@id":"https:\/\/www.mazam.eu\/#\/schema\/logo\/image\/"}}]}},"_links":{"self":[{"href":"https:\/\/www.mazam.eu\/ru\/wp-json\/wp\/v2\/pages\/8","targetHints":{"allow":["GET"]}}],"collection":[{"href":"https:\/\/www.mazam.eu\/ru\/wp-json\/wp\/v2\/pages"}],"about":[{"href":"https:\/\/www.mazam.eu\/ru\/wp-json\/wp\/v2\/types\/page"}],"author":[{"embeddable":true,"href":"https:\/\/www.mazam.eu\/ru\/wp-json\/wp\/v2\/users\/1"}],"replies":[{"embeddable":true,"href":"https:\/\/www.mazam.eu\/ru\/wp-json\/wp\/v2\/comments?post=8"}],"version-history":[{"count":241,"href":"https:\/\/www.mazam.eu\/ru\/wp-json\/wp\/v2\/pages\/8\/revisions"}],"predecessor-version":[{"id":12551,"href":"https:\/\/www.mazam.eu\/ru\/wp-json\/wp\/v2\/pages\/8\/revisions\/12551"}],"wp:attachment":[{"href":"https:\/\/www.mazam.eu\/ru\/wp-json\/wp\/v2\/media?parent=8"}],"curies":[{"name":"wp","href":"https:\/\/api.w.org\/{rel}","templated":true}]}}